{"id":49062,"date":"2021-05-26T14:48:05","date_gmt":"2021-05-26T12:48:05","guid":{"rendered":"https:\/\/teiaeducation.ch\/product\/zwei-kleine-holztabletts-nienhuis-montessori\/"},"modified":"2023-10-05T14:00:55","modified_gmt":"2023-10-05T12:00:55","slug":"zwei-kleine-holztabletts-nienhuis-montessori","status":"publish","type":"product","link":"https:\/\/teiaeducation.ch\/de\/produkt\/zwei-kleine-holztabletts-nienhuis-montessori\/","title":{"rendered":"Zwei kleine Holztabletts &#8211; Nienhuis Montessori"},"content":{"rendered":"<p>Das Nienhuis Montessori-Set aus zwei kleinen Holztabletts ist ein Material, das f\u00fcr eine Vielzahl von <a href=\"https:\/\/teiaeducation.ch\/product-category\/brands\/nienhuis-montessori-educational-materials\/practical-life\/\">lebenspraktischen<\/a> \u00dcbungen geeignet ist. Die Holztabletts k\u00f6nnen zum Beispiel f\u00fcr Polier\u00fcbungen, Falten oder Gie\u00dfen verwendet werden und sind unverzichtbar f\u00fcr den Einsatz in allen anderen Bereichen der vorbereiteten <a href=\"https:\/\/teiaeducation.ch\/product-category\/education-method\/the-montessori-pedagogy-materials-toys\/\">Montessori<\/a> Umgebung. Diese Montessori-Tabletts sind auch in einer <a href=\"https:\/\/teiaeducation.ch\/product\/wooden-tray-large-nienhuis-montessori\/\">gr\u00f6\u00dferen Ausf\u00fchrung<\/a> in unserem Webshop erh\u00e4ltlich.<\/p>\n<p>Die niederl\u00e4ndische Marke <a href=\"https:\/\/teiaeducation.ch\/product-category\/brands\/nienhuis-montessori-educational-materials\/\">Nienhuis Montessori<\/a> ist die weltweit f\u00fchrende Montessori-Marke, die das Erbe von Maria Montessori ehrt und fortf\u00fchrt und das breiteste und innovativste Sortiment an Montessori-Materialien, <a href=\"https:\/\/teiaeducation.ch\/product-category\/classroom-essentials\/montessori-furniture\/\">M\u00f6beln<\/a>, <a href=\"https:\/\/teiaeducation.ch\/product-category\/learning-support\/books-curriculum-support\/montessori-books\/\">B\u00fcchern<\/a> und verwandten Produkten herstellt. Die hochwertigen Nienhuis Montessori Produkte geben den Kindern die Werkzeuge, die sie brauchen, um Unabhangig und kritisch zu denken. Alle Nienhuis Montessori Materialien sind vom Materialkomitee der Association Montessori Internationale (<a href=\"https:\/\/montessori-ami.org\/\">AMI<\/a>) zertifiziert und werden sorgf\u00e4ltig hergestellt, um Schwierigkeiten zu isolieren, so dass die Kinder sich konzentrieren, lernen und sich entwickeln k\u00f6nnen.<\/p>\n<p>Nienhuis Montessori ist eine der Marken des Niederlandischen Unternehmens Heutink International, das weltweit die besten pedagogischen Marken anbietet, die auf spielerisches Lernen ausgerichtet sind.<\/p>\n<p>Jedes Holztablett misst 23 x 17 x 3,5 Zentimeter.<\/p>\n<p>Dieses Montessori Material ist geeignet f\u00fcr Kinder im Alter von 3-12 Jahren.<\/p>\n<p>Inhalt:<\/p>\n<p>2 kleine Holztabletts<\/p>\n","protected":false},"excerpt":{"rendered":"<p>Artikelnummer: 047500<\/p>\n<p>Das Set mit zwei kleine Holztabletts von Nienhuis Montessori ist Material f\u00fcr eine Vielzahl von praktischen \u00dcbungen in der vorbereiteten Umgebung.<\/p>\n","protected":false},"featured_media":49063,"comment_status":"closed","ping_status":"closed","template":"","meta":[],"product_brand":[],"product_cat":[21444,21475,21445,21446,21476,21524,23651,21479,21570,21464,21474,21650,21510,21509,21499,21537,21652,21498,21481,21443,21563,21572,22362,21494,21495,21557,21655,21651,21654,21556,21564],"product_tag":[23473,23120,23119,23470,23549],"class_list":{"0":"post-49062","1":"product","2":"type-product","3":"status-publish","4":"has-post-thumbnail","6":"product_cat-1-3-jahre-kleinkind","7":"product_cat-3-6-jahre-klassenzimmer-pack","8":"product_cat-3-6-jahre-vorschule","9":"product_cat-6-12-jahre-grundschule","10":"product_cat-6-12-jahre-klassenzimmer-pack","11":"product_cat-alphabetisierung-sprache","12":"product_cat-back-to-school-de","13":"product_cat-lernmaterialien-spielzeug-montessori-waldorf-steiner-froebel","14":"product_cat-biologie-nienhuis-montessori","15":"product_cat-herbstkollektion","16":"product_cat-klassenzimmer-essenzien","17":"product_cat-baby-kleinkind-nienhuis-montessori","18":"product_cat-kultur-wissenschaft","19":"product_cat-lernthemen","20":"product_cat-lernunterstuetzung","21":"product_cat-mathematik-rechnen","22":"product_cat-mathematik-nienhuis-montessori","23":"product_cat-montessori-materialien-fuer-zuhause-schulbedarf-fuer-zuhause","24":"product_cat-montessori-paedagogik-material-spielzeug","25":"product_cat-nach-alter","26":"product_cat-neuheiten","27":"product_cat-nienhuis-montessori-schweiz","28":"product_cat-saisonale-kollektionen","29":"product_cat-schulbedarf-fuer-zuhause","30":"product_cat-schulbedarf-fuer-zuhause-3-6-jahre","31":"product_cat-sensorische-motorische-fertigkeiten","32":"product_cat-sinnesmaterial-nienhuis-montessori","33":"product_cat-sprache-nienhuis-montessori","34":"product_cat-uebungen-des-praktischen-lebens-nienhuis-montessori","35":"product_cat-uebungen-des-praktischen-lebens","36":"product_cat-unsere-marken","37":"product_tag-lehrmittel-schweiz","38":"product_tag-montessori-material-schweiz","39":"product_tag-nienhuis-montessori-schweiz-de","40":"product_tag-nienhuis-montessori-schweiz-de-2","41":"product_tag-ubungen-des-praktischen-lebens-montessori","43":"first","44":"instock","45":"taxable","46":"shipping-taxable","47":"purchasable","48":"product-type-simple"},"yoast_head":"<!-- This site is optimized with the Yoast SEO plugin v27.1.1 - https:\/\/yoast.com\/product\/yoast-seo-wordpress\/ -->\n<title>Zwei kleine Holztabletts - Nienhuis Montessori - Teia Education &amp; Play<\/title>\n<meta name=\"description\" content=\"Die Nienhuis Montessori zwei kleinen Holztabletts ist Material, das eine gro\u00dfe Vielfalt von praktischen Leben \u00dcbungen in der vorbereiteten Umgebung dient.\" \/>\n<meta name=\"robots\" content=\"index, follow, max-snippet:-1, max-image-preview:large, max-video-preview:-1\" \/>\n<link rel=\"canonical\" href=\"https:\/\/teiaeducation.ch\/de\/produkt\/zwei-kleine-holztabletts-nienhuis-montessori\/\" \/>\n<meta property=\"og:locale\" content=\"de_DE\" \/>\n<meta property=\"og:type\" content=\"article\" \/>\n<meta property=\"og:title\" content=\"Zwei kleine Holztabletts - Nienhuis Montessori - Teia Education &amp; Play\" \/>\n<meta property=\"og:description\" content=\"Die Nienhuis Montessori zwei kleinen Holztabletts ist Material, das eine gro\u00dfe Vielfalt von praktischen Leben \u00dcbungen in der vorbereiteten Umgebung dient.\" \/>\n<meta property=\"og:url\" content=\"https:\/\/teiaeducation.ch\/de\/produkt\/zwei-kleine-holztabletts-nienhuis-montessori\/\" \/>\n<meta property=\"og:site_name\" content=\"Sustainable Educational Products &amp; Ecological Toys\u00a0\" \/>\n<meta property=\"article:publisher\" content=\"https:\/\/www.facebook.com\/teiaeducation\/\" \/>\n<meta property=\"article:modified_time\" content=\"2023-10-05T12:00:55+00:00\" \/>\n<meta property=\"og:image\" content=\"https:\/\/teiaeducation.ch\/wp-content\/uploads\/2019\/04\/047500.jpg\" \/>\n\t<meta property=\"og:image:width\" content=\"900\" \/>\n\t<meta property=\"og:image:height\" content=\"900\" \/>\n\t<meta property=\"og:image:type\" content=\"image\/jpeg\" \/>\n<script type=\"application\/ld+json\" class=\"yoast-schema-graph\">{\"@context\":\"https:\/\/schema.org\",\"@graph\":[{\"@type\":\"WebPage\",\"@id\":\"https:\/\/teiaeducation.ch\/de\/produkt\/zwei-kleine-holztabletts-nienhuis-montessori\/\",\"url\":\"https:\/\/teiaeducation.ch\/de\/produkt\/zwei-kleine-holztabletts-nienhuis-montessori\/\",\"name\":\"Zwei kleine Holztabletts - Nienhuis Montessori - Teia Education & Play\",\"isPartOf\":{\"@id\":\"https:\/\/teiaeducation.ch\/de\/#website\"},\"primaryImageOfPage\":{\"@id\":\"https:\/\/teiaeducation.ch\/de\/produkt\/zwei-kleine-holztabletts-nienhuis-montessori\/#primaryimage\"},\"image\":{\"@id\":\"https:\/\/teiaeducation.ch\/de\/produkt\/zwei-kleine-holztabletts-nienhuis-montessori\/#primaryimage\"},\"thumbnailUrl\":\"https:\/\/teiaeducation.ch\/wp-content\/uploads\/2019\/04\/047500.jpg\",\"datePublished\":\"2021-05-26T12:48:05+00:00\",\"dateModified\":\"2023-10-05T12:00:55+00:00\",\"description\":\"Die Nienhuis Montessori zwei kleinen Holztabletts ist Material, das eine gro\u00dfe Vielfalt von praktischen Leben \u00dcbungen in der vorbereiteten Umgebung dient.\",\"breadcrumb\":{\"@id\":\"https:\/\/teiaeducation.ch\/de\/produkt\/zwei-kleine-holztabletts-nienhuis-montessori\/#breadcrumb\"},\"inLanguage\":\"de-CH\",\"potentialAction\":[{\"@type\":\"ReadAction\",\"target\":[\"https:\/\/teiaeducation.ch\/de\/produkt\/zwei-kleine-holztabletts-nienhuis-montessori\/\"]}]},{\"@type\":\"ImageObject\",\"inLanguage\":\"de-CH\",\"@id\":\"https:\/\/teiaeducation.ch\/de\/produkt\/zwei-kleine-holztabletts-nienhuis-montessori\/#primaryimage\",\"url\":\"https:\/\/teiaeducation.ch\/wp-content\/uploads\/2019\/04\/047500.jpg\",\"contentUrl\":\"https:\/\/teiaeducation.ch\/wp-content\/uploads\/2019\/04\/047500.jpg\",\"width\":900,\"height\":900,\"caption\":\"Zwei kleine Holztabletts \/ Material \u00dcbungen des praktischen Lebens - Nienhuis Montessori\"},{\"@type\":\"BreadcrumbList\",\"@id\":\"https:\/\/teiaeducation.ch\/de\/produkt\/zwei-kleine-holztabletts-nienhuis-montessori\/#breadcrumb\",\"itemListElement\":[{\"@type\":\"ListItem\",\"position\":1,\"name\":\"Home\",\"item\":\"https:\/\/teiaeducation.ch\/de\/\"},{\"@type\":\"ListItem\",\"position\":2,\"name\":\"Laden\",\"item\":\"https:\/\/teiaeducation.ch\/de\/shop\/\"},{\"@type\":\"ListItem\",\"position\":3,\"name\":\"Unsere Marken\",\"item\":\"https:\/\/teiaeducation.ch\/de\/produkt-kategorie\/unsere-marken\/\"},{\"@type\":\"ListItem\",\"position\":4,\"name\":\"Nienhuis Montessori Schweiz\",\"item\":\"https:\/\/teiaeducation.ch\/de\/produkt-kategorie\/unsere-marken\/nienhuis-montessori-schweiz\/\"},{\"@type\":\"ListItem\",\"position\":5,\"name\":\"Biologie Material\",\"item\":\"https:\/\/teiaeducation.ch\/de\/produkt-kategorie\/unsere-marken\/nienhuis-montessori-schweiz\/biologie-nienhuis-montessori\/\"},{\"@type\":\"ListItem\",\"position\":6,\"name\":\"Zwei kleine Holztabletts &#8211; Nienhuis Montessori\"}]},{\"@type\":\"WebSite\",\"@id\":\"https:\/\/teiaeducation.ch\/de\/#website\",\"url\":\"https:\/\/teiaeducation.ch\/de\/\",\"name\":\"Sustainable Educational Products &amp; Ecological Toys\u00a0\",\"description\":\"Specialised Swiss shop selling sustainable educational toys and games, AMI certified Montessori materials, handmade ecological wooden Waldorf toys and arts &amp; crafts supplies, school supplies, children&#039;s furniture and Montessori reference and parenting books.\",\"publisher\":{\"@id\":\"https:\/\/teiaeducation.ch\/de\/#organization\"},\"alternateName\":\"Teia Education & Play\",\"potentialAction\":[{\"@type\":\"SearchAction\",\"target\":{\"@type\":\"EntryPoint\",\"urlTemplate\":\"https:\/\/teiaeducation.ch\/de\/?s={search_term_string}\"},\"query-input\":{\"@type\":\"PropertyValueSpecification\",\"valueRequired\":true,\"valueName\":\"search_term_string\"}}],\"inLanguage\":\"de-CH\"},{\"@type\":\"Organization\",\"@id\":\"https:\/\/teiaeducation.ch\/de\/#organization\",\"name\":\"Teia Education & Play\",\"url\":\"https:\/\/teiaeducation.ch\/de\/\",\"logo\":{\"@type\":\"ImageObject\",\"inLanguage\":\"de-CH\",\"@id\":\"https:\/\/teiaeducation.ch\/de\/#\/schema\/logo\/image\/\",\"url\":\"https:\/\/teiaeducation.ch\/wp-content\/uploads\/2020\/11\/Teia-Education-Switzerland-e1620156442216.jpg\",\"contentUrl\":\"https:\/\/teiaeducation.ch\/wp-content\/uploads\/2020\/11\/Teia-Education-Switzerland-e1620156442216.jpg\",\"width\":166,\"height\":145,\"caption\":\"Teia Education & Play\"},\"image\":{\"@id\":\"https:\/\/teiaeducation.ch\/de\/#\/schema\/logo\/image\/\"},\"sameAs\":[\"https:\/\/www.facebook.com\/teiaeducation\/\",\"https:\/\/x.com\/EducationTeia\",\"https:\/\/www.instagram.com\/teia.education\/\",\"https:\/\/www.linkedin.com\/company\/35501660\",\"https:\/\/www.pinterest.ch\/TeiaEducation\/\"]}]}<\/script>\n<!-- \/ Yoast SEO plugin. -->","yoast_head_json":{"title":"Zwei kleine Holztabletts - Nienhuis Montessori - Teia Education & Play","description":"Die Nienhuis Montessori zwei kleinen Holztabletts ist Material, das eine gro\u00dfe Vielfalt von praktischen Leben \u00dcbungen in der vorbereiteten Umgebung dient.","robots":{"index":"index","follow":"follow","max-snippet":"max-snippet:-1","max-image-preview":"max-image-preview:large","max-video-preview":"max-video-preview:-1"},"canonical":"https:\/\/teiaeducation.ch\/de\/produkt\/zwei-kleine-holztabletts-nienhuis-montessori\/","og_locale":"de_DE","og_type":"article","og_title":"Zwei kleine Holztabletts - Nienhuis Montessori - Teia Education & Play","og_description":"Die Nienhuis Montessori zwei kleinen Holztabletts ist Material, das eine gro\u00dfe Vielfalt von praktischen Leben \u00dcbungen in der vorbereiteten Umgebung dient.","og_url":"https:\/\/teiaeducation.ch\/de\/produkt\/zwei-kleine-holztabletts-nienhuis-montessori\/","og_site_name":"Sustainable Educational Products &amp; Ecological Toys\u00a0","article_publisher":"https:\/\/www.facebook.com\/teiaeducation\/","article_modified_time":"2023-10-05T12:00:55+00:00","og_image":[{"width":900,"height":900,"url":"https:\/\/teiaeducation.ch\/wp-content\/uploads\/2019\/04\/047500.jpg","type":"image\/jpeg"}],"schema":{"@context":"https:\/\/schema.org","@graph":[{"@type":"WebPage","@id":"https:\/\/teiaeducation.ch\/de\/produkt\/zwei-kleine-holztabletts-nienhuis-montessori\/","url":"https:\/\/teiaeducation.ch\/de\/produkt\/zwei-kleine-holztabletts-nienhuis-montessori\/","name":"Zwei kleine Holztabletts - Nienhuis Montessori - Teia Education & Play","isPartOf":{"@id":"https:\/\/teiaeducation.ch\/de\/#website"},"primaryImageOfPage":{"@id":"https:\/\/teiaeducation.ch\/de\/produkt\/zwei-kleine-holztabletts-nienhuis-montessori\/#primaryimage"},"image":{"@id":"https:\/\/teiaeducation.ch\/de\/produkt\/zwei-kleine-holztabletts-nienhuis-montessori\/#primaryimage"},"thumbnailUrl":"https:\/\/teiaeducation.ch\/wp-content\/uploads\/2019\/04\/047500.jpg","datePublished":"2021-05-26T12:48:05+00:00","dateModified":"2023-10-05T12:00:55+00:00","description":"Die Nienhuis Montessori zwei kleinen Holztabletts ist Material, das eine gro\u00dfe Vielfalt von praktischen Leben \u00dcbungen in der vorbereiteten Umgebung dient.","breadcrumb":{"@id":"https:\/\/teiaeducation.ch\/de\/produkt\/zwei-kleine-holztabletts-nienhuis-montessori\/#breadcrumb"},"inLanguage":"de-CH","potentialAction":[{"@type":"ReadAction","target":["https:\/\/teiaeducation.ch\/de\/produkt\/zwei-kleine-holztabletts-nienhuis-montessori\/"]}]},{"@type":"ImageObject","inLanguage":"de-CH","@id":"https:\/\/teiaeducation.ch\/de\/produkt\/zwei-kleine-holztabletts-nienhuis-montessori\/#primaryimage","url":"https:\/\/teiaeducation.ch\/wp-content\/uploads\/2019\/04\/047500.jpg","contentUrl":"https:\/\/teiaeducation.ch\/wp-content\/uploads\/2019\/04\/047500.jpg","width":900,"height":900,"caption":"Zwei kleine Holztabletts \/ Material \u00dcbungen des praktischen Lebens - Nienhuis Montessori"},{"@type":"BreadcrumbList","@id":"https:\/\/teiaeducation.ch\/de\/produkt\/zwei-kleine-holztabletts-nienhuis-montessori\/#breadcrumb","itemListElement":[{"@type":"ListItem","position":1,"name":"Home","item":"https:\/\/teiaeducation.ch\/de\/"},{"@type":"ListItem","position":2,"name":"Laden","item":"https:\/\/teiaeducation.ch\/de\/shop\/"},{"@type":"ListItem","position":3,"name":"Unsere Marken","item":"https:\/\/teiaeducation.ch\/de\/produkt-kategorie\/unsere-marken\/"},{"@type":"ListItem","position":4,"name":"Nienhuis Montessori Schweiz","item":"https:\/\/teiaeducation.ch\/de\/produkt-kategorie\/unsere-marken\/nienhuis-montessori-schweiz\/"},{"@type":"ListItem","position":5,"name":"Biologie Material","item":"https:\/\/teiaeducation.ch\/de\/produkt-kategorie\/unsere-marken\/nienhuis-montessori-schweiz\/biologie-nienhuis-montessori\/"},{"@type":"ListItem","position":6,"name":"Zwei kleine Holztabletts &#8211; Nienhuis Montessori"}]},{"@type":"WebSite","@id":"https:\/\/teiaeducation.ch\/de\/#website","url":"https:\/\/teiaeducation.ch\/de\/","name":"Sustainable Educational Products &amp; Ecological Toys\u00a0","description":"Specialised Swiss shop selling sustainable educational toys and games, AMI certified Montessori materials, handmade ecological wooden Waldorf toys and arts &amp; crafts supplies, school supplies, children&#039;s furniture and Montessori reference and parenting books.","publisher":{"@id":"https:\/\/teiaeducation.ch\/de\/#organization"},"alternateName":"Teia Education & Play","potentialAction":[{"@type":"SearchAction","target":{"@type":"EntryPoint","urlTemplate":"https:\/\/teiaeducation.ch\/de\/?s={search_term_string}"},"query-input":{"@type":"PropertyValueSpecification","valueRequired":true,"valueName":"search_term_string"}}],"inLanguage":"de-CH"},{"@type":"Organization","@id":"https:\/\/teiaeducation.ch\/de\/#organization","name":"Teia Education & Play","url":"https:\/\/teiaeducation.ch\/de\/","logo":{"@type":"ImageObject","inLanguage":"de-CH","@id":"https:\/\/teiaeducation.ch\/de\/#\/schema\/logo\/image\/","url":"https:\/\/teiaeducation.ch\/wp-content\/uploads\/2020\/11\/Teia-Education-Switzerland-e1620156442216.jpg","contentUrl":"https:\/\/teiaeducation.ch\/wp-content\/uploads\/2020\/11\/Teia-Education-Switzerland-e1620156442216.jpg","width":166,"height":145,"caption":"Teia Education & Play"},"image":{"@id":"https:\/\/teiaeducation.ch\/de\/#\/schema\/logo\/image\/"},"sameAs":["https:\/\/www.facebook.com\/teiaeducation\/","https:\/\/x.com\/EducationTeia","https:\/\/www.instagram.com\/teia.education\/","https:\/\/www.linkedin.com\/company\/35501660","https:\/\/www.pinterest.ch\/TeiaEducation\/"]}]}},"_links":{"self":[{"href":"https:\/\/teiaeducation.ch\/de\/wp-json\/wp\/v2\/product\/49062","targetHints":{"allow":["GET"]}}],"collection":[{"href":"https:\/\/teiaeducation.ch\/de\/wp-json\/wp\/v2\/product"}],"about":[{"href":"https:\/\/teiaeducation.ch\/de\/wp-json\/wp\/v2\/types\/product"}],"replies":[{"embeddable":true,"href":"https:\/\/teiaeducation.ch\/de\/wp-json\/wp\/v2\/comments?post=49062"}],"wp:featuredmedia":[{"embeddable":true,"href":"https:\/\/teiaeducation.ch\/de\/wp-json\/wp\/v2\/media\/49063"}],"wp:attachment":[{"href":"https:\/\/teiaeducation.ch\/de\/wp-json\/wp\/v2\/media?parent=49062"}],"wp:term":[{"taxonomy":"product_brand","embeddable":true,"href":"https:\/\/teiaeducation.ch\/de\/wp-json\/wp\/v2\/product_brand?post=49062"},{"taxonomy":"product_cat","embeddable":true,"href":"https:\/\/teiaeducation.ch\/de\/wp-json\/wp\/v2\/product_cat?post=49062"},{"taxonomy":"product_tag","embeddable":true,"href":"https:\/\/teiaeducation.ch\/de\/wp-json\/wp\/v2\/product_tag?post=49062"}],"curies":[{"name":"wp","href":"https:\/\/api.w.org\/{rel}","templated":true}]}}