{"id":49064,"date":"2021-05-26T14:47:53","date_gmt":"2021-05-26T12:47:53","guid":{"rendered":"https:\/\/teiaeducation.ch\/product\/grosses-holztablett-nienhuis-montessori\/"},"modified":"2023-10-03T15:23:16","modified_gmt":"2023-10-03T13:23:16","slug":"groses-holztablett-nienhuis-montessori","status":"publish","type":"product","link":"https:\/\/teiaeducation.ch\/de\/produkt\/groses-holztablett-nienhuis-montessori\/","title":{"rendered":"Gro\u00dfes Holztablett- Nienhuis Montessori"},"content":{"rendered":"<p>Praktisches Leben Gro\u00dfes Holztablett \/ Montessori Materialien f\u00fcr das praktische Leben &#8211; Nienhuis Montessori<\/p>\n<p>Die Nienhuis Montessori Gro\u00dfes Holztablett ist Material aus dem bereich <a href=\"https:\/\/montessoriguide.org\/an-introduction-to-practical-life\">\u00dcbungen des praktischen Lebens<\/a> und dient eine gro\u00dfe Vielfalt von \u00dcbungen. Die Holztablett mist 37 x 25 x 4.5 cm und kann zum Beispiel f\u00fcr Polier\u00fcbungen, Falten oder Gie\u00dfen verwendet werden und ist unverzichtbar f\u00fcr den Einsatz in allen anderen <a href=\"https:\/\/teiaeducation.ch\/product-category\/brands\/nienhuis-montessori\/\">Bereichen<\/a> der vorbereiteten Montessori Umgebung.<\/p>\n<p>Die niederl\u00e4ndische Marke Nienhuis Montessori ist die weltweit f\u00fchrende Montessori Marke, die das Erbe von Maria Montessori ehrt und fortf\u00fchrt und das breiteste und innovativste Sortiment an Montessori-Materialien, M\u00f6beln, B\u00fccher und verwandten Produkten herstellt. Die hochwertigen Nienhuis Montessori Produkte geben den Kindern die Werkzeuge, die sie brauchen, um Unabhangig und kritisch zu denken. Alle Nienhuis Montessori Materialien sind vom Materialkomitee der Association Montessori Internationale (<a href=\"https:\/\/montessori-ami.org\/\">AMI<\/a>) zertifiziert und werden sorgf\u00e4ltig hergestellt, um Schwierigkeiten zu isolieren, so dass die Kinder sich konzentrieren, lernen und sich entwickeln k\u00f6nnen.<\/p>\n<p>Nienhuis Montessori ist eine der Marken des Niederlandischen Unternehmens Heutink International, das weltweit die besten pedagogischen Marken anbietet, die auf spielerisches Lernen ausgerichtet sind.<\/p>\n<p>Dieses Montessori Material ist f\u00fcr Kinder ab 1 Jahr geeignet.<\/p>\n<p>Inhalt:<\/p>\n<p>1 Gro\u00dfes Holztablett (37 x 25 x 4.5 cm)<\/p>\n","protected":false},"excerpt":{"rendered":"<p>Artikelnummer: 047600<\/p>\n<p>Die grosses Holztablett von Nienhuis Montessori ist Material aus dem bereich \u00dcbungen des praktischen Lebens und unverzichtbar in allen Bereichen der vorbereiteten Umgebung.<\/p>\n","protected":false},"featured_media":49065,"comment_status":"open","ping_status":"closed","template":"","meta":[],"product_brand":[],"product_cat":[21444,21475,21445,21446,21476,21524,21479,21570,21569,21571,21647,21491,21484,21474,21650,21510,21509,21537,21652,21498,21481,22182,21443,21563,21572,21494,21557,21655,21678,21651,21482,21654,21556,21564],"product_tag":[22969,23552,23551,23553,23108,22981,23550],"class_list":{"0":"post-49064","1":"product","2":"type-product","3":"status-publish","4":"has-post-thumbnail","6":"product_cat-1-3-jahre-kleinkind","7":"product_cat-3-6-jahre-klassenzimmer-pack","8":"product_cat-3-6-jahre-vorschule","9":"product_cat-6-12-jahre-grundschule","10":"product_cat-6-12-jahre-klassenzimmer-pack","11":"product_cat-alphabetisierung-sprache","12":"product_cat-lernmaterialien-spielzeug-montessori-waldorf-steiner-froebel","13":"product_cat-biologie-nienhuis-montessori","14":"product_cat-buecher-nienhuis-montessori","15":"product_cat-curriculum-erganzung-nienhuis-montessori","16":"product_cat-geographie-nienhuis-montessori","17":"product_cat-geschenk-guide-lerngeschenke","18":"product_cat-geschenk-guides","19":"product_cat-klassenzimmer-essenzien","20":"product_cat-baby-kleinkind-nienhuis-montessori","21":"product_cat-kultur-wissenschaft","22":"product_cat-lernthemen","23":"product_cat-mathematik-rechnen","24":"product_cat-mathematik-nienhuis-montessori","25":"product_cat-montessori-materialien-fuer-zuhause-schulbedarf-fuer-zuhause","26":"product_cat-montessori-paedagogik-material-spielzeug","27":"product_cat-montessori-spielzeug","28":"product_cat-nach-alter","29":"product_cat-neuheiten","30":"product_cat-nienhuis-montessori-schweiz","31":"product_cat-schulbedarf-fuer-zuhause","32":"product_cat-sensorische-motorische-fertigkeiten","33":"product_cat-sinnesmaterial-nienhuis-montessori","34":"product_cat-kinder-spielzeug","35":"product_cat-sprache-nienhuis-montessori","36":"product_cat-traditionelle-bildung","37":"product_cat-uebungen-des-praktischen-lebens-nienhuis-montessori","38":"product_cat-uebungen-des-praktischen-lebens","39":"product_cat-unsere-marken","40":"product_tag-baby-kleinkind-0-3","41":"product_tag-der-vorbereiteten-montessori-umgebung","42":"product_tag-grosses-holztablett-nienhuis-montessori","43":"product_tag-montessori-holztablett","44":"product_tag-montessori-kleinkind-3-6","45":"product_tag-nienhuis-montessori-de","46":"product_tag-ubungen-des-praktischen-lebens","48":"first","49":"onbackorder","50":"sold-individually","51":"taxable","52":"shipping-taxable","53":"purchasable","54":"product-type-simple"},"yoast_head":"<!-- This site is optimized with the Yoast SEO plugin v27.1.1 - https:\/\/yoast.com\/product\/yoast-seo-wordpress\/ -->\n<title>Gro\u00dfes Holztablett - Nienhuis Montessori<\/title>\n<meta name=\"description\" content=\"Die Gro\u00dfes Holztablett von Nienhuis Montessori ist Material aus dem bereich \u00dcbungen des praktischen Lebens und unverzichtbar in allen Bereichen der vorbereiteten Umgebung.\" \/>\n<meta name=\"robots\" content=\"index, follow, max-snippet:-1, max-image-preview:large, max-video-preview:-1\" \/>\n<link rel=\"canonical\" href=\"https:\/\/teiaeducation.ch\/de\/produkt\/groses-holztablett-nienhuis-montessori\/\" \/>\n<meta property=\"og:locale\" content=\"de_DE\" \/>\n<meta property=\"og:type\" content=\"article\" \/>\n<meta property=\"og:title\" content=\"Gro\u00dfes Holztablett - Nienhuis Montessori\" \/>\n<meta property=\"og:description\" content=\"Die Gro\u00dfes Holztablett von Nienhuis Montessori ist Material aus dem bereich \u00dcbungen des praktischen Lebens und unverzichtbar in allen Bereichen der vorbereiteten Umgebung.\" \/>\n<meta property=\"og:url\" content=\"https:\/\/teiaeducation.ch\/de\/produkt\/groses-holztablett-nienhuis-montessori\/\" \/>\n<meta property=\"og:site_name\" content=\"Sustainable Educational Products &amp; Ecological Toys\u00a0\" \/>\n<meta property=\"article:publisher\" content=\"https:\/\/www.facebook.com\/teiaeducation\/\" \/>\n<meta property=\"article:modified_time\" content=\"2023-10-03T13:23:16+00:00\" \/>\n<meta property=\"og:image\" content=\"https:\/\/teiaeducation.ch\/wp-content\/uploads\/2019\/05\/400_047600_main_or_1-scaled-scaled.jpg\" \/>\n\t<meta property=\"og:image:width\" content=\"2048\" \/>\n\t<meta property=\"og:image:height\" content=\"2048\" \/>\n\t<meta property=\"og:image:type\" content=\"image\/jpeg\" \/>\n<script type=\"application\/ld+json\" class=\"yoast-schema-graph\">{\"@context\":\"https:\/\/schema.org\",\"@graph\":[{\"@type\":\"WebPage\",\"@id\":\"https:\/\/teiaeducation.ch\/de\/produkt\/groses-holztablett-nienhuis-montessori\/\",\"url\":\"https:\/\/teiaeducation.ch\/de\/produkt\/groses-holztablett-nienhuis-montessori\/\",\"name\":\"Gro\u00dfes Holztablett - Nienhuis Montessori\",\"isPartOf\":{\"@id\":\"https:\/\/teiaeducation.ch\/de\/#website\"},\"primaryImageOfPage\":{\"@id\":\"https:\/\/teiaeducation.ch\/de\/produkt\/groses-holztablett-nienhuis-montessori\/#primaryimage\"},\"image\":{\"@id\":\"https:\/\/teiaeducation.ch\/de\/produkt\/groses-holztablett-nienhuis-montessori\/#primaryimage\"},\"thumbnailUrl\":\"https:\/\/teiaeducation.ch\/wp-content\/uploads\/2019\/05\/400_047600_main_or_1-scaled-scaled.jpg\",\"datePublished\":\"2021-05-26T12:47:53+00:00\",\"dateModified\":\"2023-10-03T13:23:16+00:00\",\"description\":\"Die Gro\u00dfes Holztablett von Nienhuis Montessori ist Material aus dem bereich \u00dcbungen des praktischen Lebens und unverzichtbar in allen Bereichen der vorbereiteten Umgebung.\",\"breadcrumb\":{\"@id\":\"https:\/\/teiaeducation.ch\/de\/produkt\/groses-holztablett-nienhuis-montessori\/#breadcrumb\"},\"inLanguage\":\"de-CH\",\"potentialAction\":[{\"@type\":\"ReadAction\",\"target\":[\"https:\/\/teiaeducation.ch\/de\/produkt\/groses-holztablett-nienhuis-montessori\/\"]}]},{\"@type\":\"ImageObject\",\"inLanguage\":\"de-CH\",\"@id\":\"https:\/\/teiaeducation.ch\/de\/produkt\/groses-holztablett-nienhuis-montessori\/#primaryimage\",\"url\":\"https:\/\/teiaeducation.ch\/wp-content\/uploads\/2019\/05\/400_047600_main_or_1-scaled-scaled.jpg\",\"contentUrl\":\"https:\/\/teiaeducation.ch\/wp-content\/uploads\/2019\/05\/400_047600_main_or_1-scaled-scaled.jpg\",\"width\":2048,\"height\":2048,\"caption\":\"Gro\u00dfes Holztablett - Nienhuis Montessori\"},{\"@type\":\"BreadcrumbList\",\"@id\":\"https:\/\/teiaeducation.ch\/de\/produkt\/groses-holztablett-nienhuis-montessori\/#breadcrumb\",\"itemListElement\":[{\"@type\":\"ListItem\",\"position\":1,\"name\":\"Home\",\"item\":\"https:\/\/teiaeducation.ch\/de\/\"},{\"@type\":\"ListItem\",\"position\":2,\"name\":\"Laden\",\"item\":\"https:\/\/teiaeducation.ch\/de\/shop\/\"},{\"@type\":\"ListItem\",\"position\":3,\"name\":\"Unsere Marken\",\"item\":\"https:\/\/teiaeducation.ch\/de\/produkt-kategorie\/unsere-marken\/\"},{\"@type\":\"ListItem\",\"position\":4,\"name\":\"Nienhuis Montessori Schweiz\",\"item\":\"https:\/\/teiaeducation.ch\/de\/produkt-kategorie\/unsere-marken\/nienhuis-montessori-schweiz\/\"},{\"@type\":\"ListItem\",\"position\":5,\"name\":\"Biologie Material\",\"item\":\"https:\/\/teiaeducation.ch\/de\/produkt-kategorie\/unsere-marken\/nienhuis-montessori-schweiz\/biologie-nienhuis-montessori\/\"},{\"@type\":\"ListItem\",\"position\":6,\"name\":\"Gro\u00dfes Holztablett- Nienhuis Montessori\"}]},{\"@type\":\"WebSite\",\"@id\":\"https:\/\/teiaeducation.ch\/de\/#website\",\"url\":\"https:\/\/teiaeducation.ch\/de\/\",\"name\":\"Sustainable Educational Products &amp; Ecological Toys\u00a0\",\"description\":\"Specialised Swiss shop selling sustainable educational toys and games, AMI certified Montessori materials, handmade ecological wooden Waldorf toys and arts &amp; crafts supplies, school supplies, children&#039;s furniture and Montessori reference and parenting books.\",\"publisher\":{\"@id\":\"https:\/\/teiaeducation.ch\/de\/#organization\"},\"alternateName\":\"Teia Education & Play\",\"potentialAction\":[{\"@type\":\"SearchAction\",\"target\":{\"@type\":\"EntryPoint\",\"urlTemplate\":\"https:\/\/teiaeducation.ch\/de\/?s={search_term_string}\"},\"query-input\":{\"@type\":\"PropertyValueSpecification\",\"valueRequired\":true,\"valueName\":\"search_term_string\"}}],\"inLanguage\":\"de-CH\"},{\"@type\":\"Organization\",\"@id\":\"https:\/\/teiaeducation.ch\/de\/#organization\",\"name\":\"Teia Education & Play\",\"url\":\"https:\/\/teiaeducation.ch\/de\/\",\"logo\":{\"@type\":\"ImageObject\",\"inLanguage\":\"de-CH\",\"@id\":\"https:\/\/teiaeducation.ch\/de\/#\/schema\/logo\/image\/\",\"url\":\"https:\/\/teiaeducation.ch\/wp-content\/uploads\/2020\/11\/Teia-Education-Switzerland-e1620156442216.jpg\",\"contentUrl\":\"https:\/\/teiaeducation.ch\/wp-content\/uploads\/2020\/11\/Teia-Education-Switzerland-e1620156442216.jpg\",\"width\":166,\"height\":145,\"caption\":\"Teia Education & Play\"},\"image\":{\"@id\":\"https:\/\/teiaeducation.ch\/de\/#\/schema\/logo\/image\/\"},\"sameAs\":[\"https:\/\/www.facebook.com\/teiaeducation\/\",\"https:\/\/x.com\/EducationTeia\",\"https:\/\/www.instagram.com\/teia.education\/\",\"https:\/\/www.linkedin.com\/company\/35501660\",\"https:\/\/www.pinterest.ch\/TeiaEducation\/\"]}]}<\/script>\n<!-- \/ Yoast SEO plugin. -->","yoast_head_json":{"title":"Gro\u00dfes Holztablett - Nienhuis Montessori","description":"Die Gro\u00dfes Holztablett von Nienhuis Montessori ist Material aus dem bereich \u00dcbungen des praktischen Lebens und unverzichtbar in allen Bereichen der vorbereiteten Umgebung.","robots":{"index":"index","follow":"follow","max-snippet":"max-snippet:-1","max-image-preview":"max-image-preview:large","max-video-preview":"max-video-preview:-1"},"canonical":"https:\/\/teiaeducation.ch\/de\/produkt\/groses-holztablett-nienhuis-montessori\/","og_locale":"de_DE","og_type":"article","og_title":"Gro\u00dfes Holztablett - Nienhuis Montessori","og_description":"Die Gro\u00dfes Holztablett von Nienhuis Montessori ist Material aus dem bereich \u00dcbungen des praktischen Lebens und unverzichtbar in allen Bereichen der vorbereiteten Umgebung.","og_url":"https:\/\/teiaeducation.ch\/de\/produkt\/groses-holztablett-nienhuis-montessori\/","og_site_name":"Sustainable Educational Products &amp; Ecological Toys\u00a0","article_publisher":"https:\/\/www.facebook.com\/teiaeducation\/","article_modified_time":"2023-10-03T13:23:16+00:00","og_image":[{"width":2048,"height":2048,"url":"https:\/\/teiaeducation.ch\/wp-content\/uploads\/2019\/05\/400_047600_main_or_1-scaled-scaled.jpg","type":"image\/jpeg"}],"schema":{"@context":"https:\/\/schema.org","@graph":[{"@type":"WebPage","@id":"https:\/\/teiaeducation.ch\/de\/produkt\/groses-holztablett-nienhuis-montessori\/","url":"https:\/\/teiaeducation.ch\/de\/produkt\/groses-holztablett-nienhuis-montessori\/","name":"Gro\u00dfes Holztablett - Nienhuis Montessori","isPartOf":{"@id":"https:\/\/teiaeducation.ch\/de\/#website"},"primaryImageOfPage":{"@id":"https:\/\/teiaeducation.ch\/de\/produkt\/groses-holztablett-nienhuis-montessori\/#primaryimage"},"image":{"@id":"https:\/\/teiaeducation.ch\/de\/produkt\/groses-holztablett-nienhuis-montessori\/#primaryimage"},"thumbnailUrl":"https:\/\/teiaeducation.ch\/wp-content\/uploads\/2019\/05\/400_047600_main_or_1-scaled-scaled.jpg","datePublished":"2021-05-26T12:47:53+00:00","dateModified":"2023-10-03T13:23:16+00:00","description":"Die Gro\u00dfes Holztablett von Nienhuis Montessori ist Material aus dem bereich \u00dcbungen des praktischen Lebens und unverzichtbar in allen Bereichen der vorbereiteten Umgebung.","breadcrumb":{"@id":"https:\/\/teiaeducation.ch\/de\/produkt\/groses-holztablett-nienhuis-montessori\/#breadcrumb"},"inLanguage":"de-CH","potentialAction":[{"@type":"ReadAction","target":["https:\/\/teiaeducation.ch\/de\/produkt\/groses-holztablett-nienhuis-montessori\/"]}]},{"@type":"ImageObject","inLanguage":"de-CH","@id":"https:\/\/teiaeducation.ch\/de\/produkt\/groses-holztablett-nienhuis-montessori\/#primaryimage","url":"https:\/\/teiaeducation.ch\/wp-content\/uploads\/2019\/05\/400_047600_main_or_1-scaled-scaled.jpg","contentUrl":"https:\/\/teiaeducation.ch\/wp-content\/uploads\/2019\/05\/400_047600_main_or_1-scaled-scaled.jpg","width":2048,"height":2048,"caption":"Gro\u00dfes Holztablett - Nienhuis Montessori"},{"@type":"BreadcrumbList","@id":"https:\/\/teiaeducation.ch\/de\/produkt\/groses-holztablett-nienhuis-montessori\/#breadcrumb","itemListElement":[{"@type":"ListItem","position":1,"name":"Home","item":"https:\/\/teiaeducation.ch\/de\/"},{"@type":"ListItem","position":2,"name":"Laden","item":"https:\/\/teiaeducation.ch\/de\/shop\/"},{"@type":"ListItem","position":3,"name":"Unsere Marken","item":"https:\/\/teiaeducation.ch\/de\/produkt-kategorie\/unsere-marken\/"},{"@type":"ListItem","position":4,"name":"Nienhuis Montessori Schweiz","item":"https:\/\/teiaeducation.ch\/de\/produkt-kategorie\/unsere-marken\/nienhuis-montessori-schweiz\/"},{"@type":"ListItem","position":5,"name":"Biologie Material","item":"https:\/\/teiaeducation.ch\/de\/produkt-kategorie\/unsere-marken\/nienhuis-montessori-schweiz\/biologie-nienhuis-montessori\/"},{"@type":"ListItem","position":6,"name":"Gro\u00dfes Holztablett- Nienhuis Montessori"}]},{"@type":"WebSite","@id":"https:\/\/teiaeducation.ch\/de\/#website","url":"https:\/\/teiaeducation.ch\/de\/","name":"Sustainable Educational Products &amp; Ecological Toys\u00a0","description":"Specialised Swiss shop selling sustainable educational toys and games, AMI certified Montessori materials, handmade ecological wooden Waldorf toys and arts &amp; crafts supplies, school supplies, children&#039;s furniture and Montessori reference and parenting books.","publisher":{"@id":"https:\/\/teiaeducation.ch\/de\/#organization"},"alternateName":"Teia Education & Play","potentialAction":[{"@type":"SearchAction","target":{"@type":"EntryPoint","urlTemplate":"https:\/\/teiaeducation.ch\/de\/?s={search_term_string}"},"query-input":{"@type":"PropertyValueSpecification","valueRequired":true,"valueName":"search_term_string"}}],"inLanguage":"de-CH"},{"@type":"Organization","@id":"https:\/\/teiaeducation.ch\/de\/#organization","name":"Teia Education & Play","url":"https:\/\/teiaeducation.ch\/de\/","logo":{"@type":"ImageObject","inLanguage":"de-CH","@id":"https:\/\/teiaeducation.ch\/de\/#\/schema\/logo\/image\/","url":"https:\/\/teiaeducation.ch\/wp-content\/uploads\/2020\/11\/Teia-Education-Switzerland-e1620156442216.jpg","contentUrl":"https:\/\/teiaeducation.ch\/wp-content\/uploads\/2020\/11\/Teia-Education-Switzerland-e1620156442216.jpg","width":166,"height":145,"caption":"Teia Education & Play"},"image":{"@id":"https:\/\/teiaeducation.ch\/de\/#\/schema\/logo\/image\/"},"sameAs":["https:\/\/www.facebook.com\/teiaeducation\/","https:\/\/x.com\/EducationTeia","https:\/\/www.instagram.com\/teia.education\/","https:\/\/www.linkedin.com\/company\/35501660","https:\/\/www.pinterest.ch\/TeiaEducation\/"]}]}},"_links":{"self":[{"href":"https:\/\/teiaeducation.ch\/de\/wp-json\/wp\/v2\/product\/49064","targetHints":{"allow":["GET"]}}],"collection":[{"href":"https:\/\/teiaeducation.ch\/de\/wp-json\/wp\/v2\/product"}],"about":[{"href":"https:\/\/teiaeducation.ch\/de\/wp-json\/wp\/v2\/types\/product"}],"replies":[{"embeddable":true,"href":"https:\/\/teiaeducation.ch\/de\/wp-json\/wp\/v2\/comments?post=49064"}],"wp:featuredmedia":[{"embeddable":true,"href":"https:\/\/teiaeducation.ch\/de\/wp-json\/wp\/v2\/media\/49065"}],"wp:attachment":[{"href":"https:\/\/teiaeducation.ch\/de\/wp-json\/wp\/v2\/media?parent=49064"}],"wp:term":[{"taxonomy":"product_brand","embeddable":true,"href":"https:\/\/teiaeducation.ch\/de\/wp-json\/wp\/v2\/product_brand?post=49064"},{"taxonomy":"product_cat","embeddable":true,"href":"https:\/\/teiaeducation.ch\/de\/wp-json\/wp\/v2\/product_cat?post=49064"},{"taxonomy":"product_tag","embeddable":true,"href":"https:\/\/teiaeducation.ch\/de\/wp-json\/wp\/v2\/product_tag?post=49064"}],"curies":[{"name":"wp","href":"https:\/\/api.w.org\/{rel}","templated":true}]}}