{"id":49154,"date":"2021-04-13T16:30:35","date_gmt":"2021-04-13T14:30:35","guid":{"rendered":"https:\/\/teiaeducation.ch\/product\/botanik-koffer-moulin-roty\/"},"modified":"2022-06-16T09:32:16","modified_gmt":"2022-06-16T07:32:16","slug":"botanik-koffer-moulin-roty","status":"publish","type":"product","link":"https:\/\/teiaeducation.ch\/de\/produkt\/botanik-koffer-moulin-roty\/","title":{"rendered":"Botanik-Koffer &#8211; Moulin Roty"},"content":{"rendered":"<p>Der sch\u00f6ne Moulin Roty Botanik-Koffer f\u00fcr Kinder aus der Le Jardin du Moulin Kollektion ist perfekt f\u00fcr den jungen angehenden Botaniker! Er enth\u00e4lt alle notwendigen Werkzeuge zum Beobachten der Natur und zum Trocknen wertvoller Bl\u00e4tter und Blumen.<\/p>\n<p>Dieser wundersch\u00f6n illustrierte Koffer enth\u00e4lt alles, was ein Kind braucht, um all die gesammelten Sch\u00e4tze zu erforschen und n\u00e4her zu betrachten und in die Welt der <a href=\"https:\/\/teiaeducation.ch\/de\/produkt-kategorie\/kinder-spielzeug\/naturspiel\/\">Natur<\/a> einzutauchen. Der Koffer bietet stundenlangen Spa\u00df und enth\u00e4lt eine <a href=\"https:\/\/teiaeducation.ch\/de\/produkt-kategorie\/malen-basteln\/gepresste-blumen-kunst\/\">Blumenpresse<\/a>, eine Lupe, ein Naturtagebuch und drei Dosen f\u00fcr geheime Sch\u00e4tze.<\/p>\n<p>Der Botanik-Koffer mit Metallgriff ist gefertigt aus bedrucktem Karton, der mit sch\u00f6nen Illustrationen im charmanten franz\u00f6sischen Stil, f\u00fcr den Moulin Roty ber\u00fchmt ist, verziert ist. Ein unverzichtbares Set zum Erforschen und Beobachten der Natur und ein tolles <a href=\"https:\/\/teiaeducation.ch\/de\/produkt-kategorie\/geschenk-guides\/\">Geschenk<\/a> f\u00fcr jedes Kind ab 4 Jahren!<\/p>\n<p>Der Botanik-Koffer von Moulin Roty ist perfekt f\u00fcr kleine G\u00e4rtner und <a href=\"https:\/\/teiaeducation.ch\/de\/produkt-kategorie\/lernthemen\/kultur-wissenschaft\/botanik\/\">Botaniker<\/a> und geh\u00f6rt zur wundersch\u00f6nen Kollektion &#8220;Le Jardin du Moulin&#8221;. In einer mit Aquarellen illustrierten Welt, die reich an Farben und lustigen Tieren ist, bietet die Kollektion Jardin du Moulin alles, was n\u00f6tig ist, um Kleinkinder zu allen <a href=\"https:\/\/teiaeducation.ch\/de\/produkt-kategorie\/lernthemen\/kultur-wissenschaft\/jahreszeiten-wetter\/\">Jahreszeiten<\/a> an die Entdeckung der Natur heranzuf\u00fchren. Sie k\u00f6nnen zu Botanikern werden, indem sie die Fauna und Flora beobachten und mit ihr spielen, sie k\u00f6nnen ihre H\u00e4nde in die Erde stecken, um die Geheimnisse von Obst und Gem\u00fcse zu entdecken, indem sie zu G\u00e4rtnern werden, oder sie k\u00f6nnen sich in die Rolle eines Entdeckers versetzen, indem sie zu neuen Horizonten aufbrechen! Die Kollektion bietet echte Werkzeuge, um das Wissen der Kinder im <a href=\"https:\/\/teiaeducation.ch\/de\/produkt-kategorie\/malen-basteln\/gartnern\/\">Garten<\/a> in die Praxis umzusetzen, enth\u00e4lt aber auch Edutainment-Spiele, um das Wissen \u00fcber die Natur und die Welt um uns herum zu vertiefen!<\/p>\n<p><a href=\"https:\/\/teiaeducation.ch\/de\/produkt-kategorie\/unsere-marken\/moulin-roty-de\/\">Moulin Roty<\/a> ist eine franz\u00f6sische Marke, die f\u00fcr die Herstellung von sch\u00f6nem und hochwertigem Kinderspielzeug mit starkem emotionalem Wert bekannt ist. Jedes Spielzeug ist eine echte Figur die Geschichten erz\u00e4hlt und das Ergebnis der Arbeit und des Engagements des kreativen Teams der Marke ist. Durch die H\u00e4nde eines Teams von Illustratoren und Stylisten im Herzen von Moulin Roty, in Nort-sur-Erdre, Frankreich, hat jedes Spielzeug eine Welt aus Farben und Materialien, die speziell f\u00fcr ihn oder sie entworfen wurde.<\/p>\n<p>Der Botanik-Koffer von Moulin Roty wird f\u00fcr Kinder ab 4 Jahren empfohlen.<\/p>\n<p>Inhalt:<\/p>\n<p>1 Koffer (30x21x9.5cm)<br \/>\n1 Blumenpresse<br \/>\n1 Lupe<br \/>\n1 Naturtagebuch<br \/>\n3 Dosen<\/p>\n","protected":false},"excerpt":{"rendered":"<p>Artikelnummer: 712209<\/p>\n<p>Der Botanik-Koffer von Moulin Roty le jardin du Moulin f\u00fcr Kinder enth\u00e4lt alles, um die Natur zu beobachten und wertvolle Bl\u00e4tter und Blumen zu trocknen!<\/p>\n","protected":false},"featured_media":49155,"comment_status":"open","ping_status":"closed","template":"","meta":[],"product_brand":[],"product_cat":[21445,21446,21500,21524,21448,21479,21512,21670,21453,21459,21491,21484,21447,21510,21509,21499,21498,21576,21443,21689,21563,22362,21494,21495,23636,21678,23133,21556,21564,21536],"product_tag":[23572,23547,23544,23357,23548,23542,23541,23347,23346,23345,23543,23545,23546],"class_list":{"0":"post-49154","1":"product","2":"type-product","3":"status-publish","4":"has-post-thumbnail","6":"product_cat-3-6-jahre-vorschule","7":"product_cat-6-12-jahre-grundschule","8":"product_cat-aktivitaetssets","9":"product_cat-alphabetisierung-sprache","10":"product_cat-bastelsets","11":"product_cat-lernmaterialien-spielzeug-montessori-waldorf-steiner-froebel","12":"product_cat-botanik","13":"product_cat-fruehjahrskollektion","14":"product_cat-gartnern","15":"product_cat-gepresste-blumen-kunst","16":"product_cat-geschenk-guide-lerngeschenke","17":"product_cat-geschenk-guides","18":"product_cat-malen-basteln","19":"product_cat-kultur-wissenschaft","20":"product_cat-lernthemen","21":"product_cat-lernunterstuetzung","22":"product_cat-montessori-materialien-fuer-zuhause-schulbedarf-fuer-zuhause","23":"product_cat-moulin-roty-de","24":"product_cat-nach-alter","25":"product_cat-naturspiel","26":"product_cat-neuheiten","27":"product_cat-saisonale-kollektionen","28":"product_cat-schulbedarf-fuer-zuhause","29":"product_cat-schulbedarf-fuer-zuhause-3-6-jahre","30":"product_cat-sommer-kollektion","31":"product_cat-kinder-spielzeug","32":"product_cat-spielzeug-fuer-draussen","33":"product_cat-uebungen-des-praktischen-lebens","34":"product_cat-unsere-marken","35":"product_cat-wortschatz","36":"product_tag-botanik-koffer-fur-kinder-moulin-roty-le-jardin-du-moulin","37":"product_tag-kinder-lotto-spiele","38":"product_tag-kinderspiele-zum-thema-natur","39":"product_tag-le-jardin-du-moulin-kollektion","40":"product_tag-memory-spiel-zum-thema-natur-moulin-roty-le-jardin-du-moulin","41":"product_tag-moulin-roty-le-jardin-du-moulin-de","42":"product_tag-moulin-roty-natur-lotto","43":"product_tag-moulin-roty-schweiz-de","44":"product_tag-moulin-roty-suisse-de","45":"product_tag-moulin-roty-switzerland-de","46":"product_tag-natur-lotto-spiel","47":"product_tag-wildtiere-gesellschaftsspiele","48":"product_tag-wildtiere-lotto","50":"first","51":"instock","52":"taxable","53":"shipping-taxable","54":"purchasable","55":"product-type-simple"},"yoast_head":"<!-- This site is optimized with the Yoast SEO plugin v27.1.1 - https:\/\/yoast.com\/product\/yoast-seo-wordpress\/ -->\n<title>Botanik-Koffer - Moulin Roty - Teia Education &amp; Play<\/title>\n<meta name=\"description\" content=\"Der Moulin Roty le jardin du Moulin Botanik-Koffer f\u00fcr Kinder enth\u00e4lt alles um die Natur zu beobachten und Bl\u00e4tter und Blumen zu trocknen!\" \/>\n<meta name=\"robots\" content=\"index, follow, max-snippet:-1, max-image-preview:large, max-video-preview:-1\" \/>\n<link rel=\"canonical\" href=\"https:\/\/teiaeducation.ch\/de\/produkt\/botanik-koffer-moulin-roty\/\" \/>\n<meta property=\"og:locale\" content=\"de_DE\" \/>\n<meta property=\"og:type\" content=\"article\" \/>\n<meta property=\"og:title\" content=\"Botanik-Koffer - Moulin Roty - Teia Education &amp; Play\" \/>\n<meta property=\"og:description\" content=\"Der Moulin Roty le jardin du Moulin Botanik-Koffer f\u00fcr Kinder enth\u00e4lt alles um die Natur zu beobachten und Bl\u00e4tter und Blumen zu trocknen!\" \/>\n<meta property=\"og:url\" content=\"https:\/\/teiaeducation.ch\/de\/produkt\/botanik-koffer-moulin-roty\/\" \/>\n<meta property=\"og:site_name\" content=\"Sustainable Educational Products &amp; Ecological Toys\u00a0\" \/>\n<meta property=\"article:publisher\" content=\"https:\/\/www.facebook.com\/teiaeducation\/\" \/>\n<meta property=\"article:modified_time\" content=\"2022-06-16T07:32:16+00:00\" \/>\n<meta property=\"og:image\" content=\"https:\/\/teiaeducation.ch\/wp-content\/uploads\/2021\/04\/Botanist-case-for-children-Moulin-Roty-Le-Jardin-du-Moulin.jpg\" \/>\n\t<meta property=\"og:image:width\" content=\"1500\" \/>\n\t<meta property=\"og:image:height\" content=\"1500\" \/>\n\t<meta property=\"og:image:type\" content=\"image\/jpeg\" \/>\n<script type=\"application\/ld+json\" class=\"yoast-schema-graph\">{\"@context\":\"https:\/\/schema.org\",\"@graph\":[{\"@type\":\"WebPage\",\"@id\":\"https:\/\/teiaeducation.ch\/de\/produkt\/botanik-koffer-moulin-roty\/\",\"url\":\"https:\/\/teiaeducation.ch\/de\/produkt\/botanik-koffer-moulin-roty\/\",\"name\":\"Botanik-Koffer - Moulin Roty - Teia Education & Play\",\"isPartOf\":{\"@id\":\"https:\/\/teiaeducation.ch\/de\/#website\"},\"primaryImageOfPage\":{\"@id\":\"https:\/\/teiaeducation.ch\/de\/produkt\/botanik-koffer-moulin-roty\/#primaryimage\"},\"image\":{\"@id\":\"https:\/\/teiaeducation.ch\/de\/produkt\/botanik-koffer-moulin-roty\/#primaryimage\"},\"thumbnailUrl\":\"https:\/\/teiaeducation.ch\/wp-content\/uploads\/2021\/04\/Botanist-case-for-children-Moulin-Roty-Le-Jardin-du-Moulin.jpg\",\"datePublished\":\"2021-04-13T14:30:35+00:00\",\"dateModified\":\"2022-06-16T07:32:16+00:00\",\"description\":\"Der Moulin Roty le jardin du Moulin Botanik-Koffer f\u00fcr Kinder enth\u00e4lt alles um die Natur zu beobachten und Bl\u00e4tter und Blumen zu trocknen!\",\"breadcrumb\":{\"@id\":\"https:\/\/teiaeducation.ch\/de\/produkt\/botanik-koffer-moulin-roty\/#breadcrumb\"},\"inLanguage\":\"de-CH\",\"potentialAction\":[{\"@type\":\"ReadAction\",\"target\":[\"https:\/\/teiaeducation.ch\/de\/produkt\/botanik-koffer-moulin-roty\/\"]}]},{\"@type\":\"ImageObject\",\"inLanguage\":\"de-CH\",\"@id\":\"https:\/\/teiaeducation.ch\/de\/produkt\/botanik-koffer-moulin-roty\/#primaryimage\",\"url\":\"https:\/\/teiaeducation.ch\/wp-content\/uploads\/2021\/04\/Botanist-case-for-children-Moulin-Roty-Le-Jardin-du-Moulin.jpg\",\"contentUrl\":\"https:\/\/teiaeducation.ch\/wp-content\/uploads\/2021\/04\/Botanist-case-for-children-Moulin-Roty-Le-Jardin-du-Moulin.jpg\",\"width\":1500,\"height\":1500,\"caption\":\"Botanik-Koffer f\u00fcr Kinder - Moulin Roty Le Jardin du Moulin\"},{\"@type\":\"BreadcrumbList\",\"@id\":\"https:\/\/teiaeducation.ch\/de\/produkt\/botanik-koffer-moulin-roty\/#breadcrumb\",\"itemListElement\":[{\"@type\":\"ListItem\",\"position\":1,\"name\":\"Home\",\"item\":\"https:\/\/teiaeducation.ch\/de\/\"},{\"@type\":\"ListItem\",\"position\":2,\"name\":\"Laden\",\"item\":\"https:\/\/teiaeducation.ch\/de\/shop\/\"},{\"@type\":\"ListItem\",\"position\":3,\"name\":\"Unsere Marken\",\"item\":\"https:\/\/teiaeducation.ch\/de\/produkt-kategorie\/unsere-marken\/\"},{\"@type\":\"ListItem\",\"position\":4,\"name\":\"Moulin Roty\",\"item\":\"https:\/\/teiaeducation.ch\/de\/produkt-kategorie\/unsere-marken\/moulin-roty-de\/\"},{\"@type\":\"ListItem\",\"position\":5,\"name\":\"Botanik-Koffer &#8211; Moulin Roty\"}]},{\"@type\":\"WebSite\",\"@id\":\"https:\/\/teiaeducation.ch\/de\/#website\",\"url\":\"https:\/\/teiaeducation.ch\/de\/\",\"name\":\"Sustainable Educational Products &amp; Ecological Toys\u00a0\",\"description\":\"Specialised Swiss shop selling sustainable educational toys and games, AMI certified Montessori materials, handmade ecological wooden Waldorf toys and arts &amp; crafts supplies, school supplies, children&#039;s furniture and Montessori reference and parenting books.\",\"publisher\":{\"@id\":\"https:\/\/teiaeducation.ch\/de\/#organization\"},\"alternateName\":\"Teia Education & Play\",\"potentialAction\":[{\"@type\":\"SearchAction\",\"target\":{\"@type\":\"EntryPoint\",\"urlTemplate\":\"https:\/\/teiaeducation.ch\/de\/?s={search_term_string}\"},\"query-input\":{\"@type\":\"PropertyValueSpecification\",\"valueRequired\":true,\"valueName\":\"search_term_string\"}}],\"inLanguage\":\"de-CH\"},{\"@type\":\"Organization\",\"@id\":\"https:\/\/teiaeducation.ch\/de\/#organization\",\"name\":\"Teia Education & Play\",\"url\":\"https:\/\/teiaeducation.ch\/de\/\",\"logo\":{\"@type\":\"ImageObject\",\"inLanguage\":\"de-CH\",\"@id\":\"https:\/\/teiaeducation.ch\/de\/#\/schema\/logo\/image\/\",\"url\":\"https:\/\/teiaeducation.ch\/wp-content\/uploads\/2020\/11\/Teia-Education-Switzerland-e1620156442216.jpg\",\"contentUrl\":\"https:\/\/teiaeducation.ch\/wp-content\/uploads\/2020\/11\/Teia-Education-Switzerland-e1620156442216.jpg\",\"width\":166,\"height\":145,\"caption\":\"Teia Education & Play\"},\"image\":{\"@id\":\"https:\/\/teiaeducation.ch\/de\/#\/schema\/logo\/image\/\"},\"sameAs\":[\"https:\/\/www.facebook.com\/teiaeducation\/\",\"https:\/\/x.com\/EducationTeia\",\"https:\/\/www.instagram.com\/teia.education\/\",\"https:\/\/www.linkedin.com\/company\/35501660\",\"https:\/\/www.pinterest.ch\/TeiaEducation\/\"]}]}<\/script>\n<!-- \/ Yoast SEO plugin. -->","yoast_head_json":{"title":"Botanik-Koffer - Moulin Roty - Teia Education & Play","description":"Der Moulin Roty le jardin du Moulin Botanik-Koffer f\u00fcr Kinder enth\u00e4lt alles um die Natur zu beobachten und Bl\u00e4tter und Blumen zu trocknen!","robots":{"index":"index","follow":"follow","max-snippet":"max-snippet:-1","max-image-preview":"max-image-preview:large","max-video-preview":"max-video-preview:-1"},"canonical":"https:\/\/teiaeducation.ch\/de\/produkt\/botanik-koffer-moulin-roty\/","og_locale":"de_DE","og_type":"article","og_title":"Botanik-Koffer - Moulin Roty - Teia Education & Play","og_description":"Der Moulin Roty le jardin du Moulin Botanik-Koffer f\u00fcr Kinder enth\u00e4lt alles um die Natur zu beobachten und Bl\u00e4tter und Blumen zu trocknen!","og_url":"https:\/\/teiaeducation.ch\/de\/produkt\/botanik-koffer-moulin-roty\/","og_site_name":"Sustainable Educational Products &amp; Ecological Toys\u00a0","article_publisher":"https:\/\/www.facebook.com\/teiaeducation\/","article_modified_time":"2022-06-16T07:32:16+00:00","og_image":[{"width":1500,"height":1500,"url":"https:\/\/teiaeducation.ch\/wp-content\/uploads\/2021\/04\/Botanist-case-for-children-Moulin-Roty-Le-Jardin-du-Moulin.jpg","type":"image\/jpeg"}],"schema":{"@context":"https:\/\/schema.org","@graph":[{"@type":"WebPage","@id":"https:\/\/teiaeducation.ch\/de\/produkt\/botanik-koffer-moulin-roty\/","url":"https:\/\/teiaeducation.ch\/de\/produkt\/botanik-koffer-moulin-roty\/","name":"Botanik-Koffer - Moulin Roty - Teia Education & Play","isPartOf":{"@id":"https:\/\/teiaeducation.ch\/de\/#website"},"primaryImageOfPage":{"@id":"https:\/\/teiaeducation.ch\/de\/produkt\/botanik-koffer-moulin-roty\/#primaryimage"},"image":{"@id":"https:\/\/teiaeducation.ch\/de\/produkt\/botanik-koffer-moulin-roty\/#primaryimage"},"thumbnailUrl":"https:\/\/teiaeducation.ch\/wp-content\/uploads\/2021\/04\/Botanist-case-for-children-Moulin-Roty-Le-Jardin-du-Moulin.jpg","datePublished":"2021-04-13T14:30:35+00:00","dateModified":"2022-06-16T07:32:16+00:00","description":"Der Moulin Roty le jardin du Moulin Botanik-Koffer f\u00fcr Kinder enth\u00e4lt alles um die Natur zu beobachten und Bl\u00e4tter und Blumen zu trocknen!","breadcrumb":{"@id":"https:\/\/teiaeducation.ch\/de\/produkt\/botanik-koffer-moulin-roty\/#breadcrumb"},"inLanguage":"de-CH","potentialAction":[{"@type":"ReadAction","target":["https:\/\/teiaeducation.ch\/de\/produkt\/botanik-koffer-moulin-roty\/"]}]},{"@type":"ImageObject","inLanguage":"de-CH","@id":"https:\/\/teiaeducation.ch\/de\/produkt\/botanik-koffer-moulin-roty\/#primaryimage","url":"https:\/\/teiaeducation.ch\/wp-content\/uploads\/2021\/04\/Botanist-case-for-children-Moulin-Roty-Le-Jardin-du-Moulin.jpg","contentUrl":"https:\/\/teiaeducation.ch\/wp-content\/uploads\/2021\/04\/Botanist-case-for-children-Moulin-Roty-Le-Jardin-du-Moulin.jpg","width":1500,"height":1500,"caption":"Botanik-Koffer f\u00fcr Kinder - Moulin Roty Le Jardin du Moulin"},{"@type":"BreadcrumbList","@id":"https:\/\/teiaeducation.ch\/de\/produkt\/botanik-koffer-moulin-roty\/#breadcrumb","itemListElement":[{"@type":"ListItem","position":1,"name":"Home","item":"https:\/\/teiaeducation.ch\/de\/"},{"@type":"ListItem","position":2,"name":"Laden","item":"https:\/\/teiaeducation.ch\/de\/shop\/"},{"@type":"ListItem","position":3,"name":"Unsere Marken","item":"https:\/\/teiaeducation.ch\/de\/produkt-kategorie\/unsere-marken\/"},{"@type":"ListItem","position":4,"name":"Moulin Roty","item":"https:\/\/teiaeducation.ch\/de\/produkt-kategorie\/unsere-marken\/moulin-roty-de\/"},{"@type":"ListItem","position":5,"name":"Botanik-Koffer &#8211; Moulin Roty"}]},{"@type":"WebSite","@id":"https:\/\/teiaeducation.ch\/de\/#website","url":"https:\/\/teiaeducation.ch\/de\/","name":"Sustainable Educational Products &amp; Ecological Toys\u00a0","description":"Specialised Swiss shop selling sustainable educational toys and games, AMI certified Montessori materials, handmade ecological wooden Waldorf toys and arts &amp; crafts supplies, school supplies, children&#039;s furniture and Montessori reference and parenting books.","publisher":{"@id":"https:\/\/teiaeducation.ch\/de\/#organization"},"alternateName":"Teia Education & Play","potentialAction":[{"@type":"SearchAction","target":{"@type":"EntryPoint","urlTemplate":"https:\/\/teiaeducation.ch\/de\/?s={search_term_string}"},"query-input":{"@type":"PropertyValueSpecification","valueRequired":true,"valueName":"search_term_string"}}],"inLanguage":"de-CH"},{"@type":"Organization","@id":"https:\/\/teiaeducation.ch\/de\/#organization","name":"Teia Education & Play","url":"https:\/\/teiaeducation.ch\/de\/","logo":{"@type":"ImageObject","inLanguage":"de-CH","@id":"https:\/\/teiaeducation.ch\/de\/#\/schema\/logo\/image\/","url":"https:\/\/teiaeducation.ch\/wp-content\/uploads\/2020\/11\/Teia-Education-Switzerland-e1620156442216.jpg","contentUrl":"https:\/\/teiaeducation.ch\/wp-content\/uploads\/2020\/11\/Teia-Education-Switzerland-e1620156442216.jpg","width":166,"height":145,"caption":"Teia Education & Play"},"image":{"@id":"https:\/\/teiaeducation.ch\/de\/#\/schema\/logo\/image\/"},"sameAs":["https:\/\/www.facebook.com\/teiaeducation\/","https:\/\/x.com\/EducationTeia","https:\/\/www.instagram.com\/teia.education\/","https:\/\/www.linkedin.com\/company\/35501660","https:\/\/www.pinterest.ch\/TeiaEducation\/"]}]}},"_links":{"self":[{"href":"https:\/\/teiaeducation.ch\/de\/wp-json\/wp\/v2\/product\/49154","targetHints":{"allow":["GET"]}}],"collection":[{"href":"https:\/\/teiaeducation.ch\/de\/wp-json\/wp\/v2\/product"}],"about":[{"href":"https:\/\/teiaeducation.ch\/de\/wp-json\/wp\/v2\/types\/product"}],"replies":[{"embeddable":true,"href":"https:\/\/teiaeducation.ch\/de\/wp-json\/wp\/v2\/comments?post=49154"}],"wp:featuredmedia":[{"embeddable":true,"href":"https:\/\/teiaeducation.ch\/de\/wp-json\/wp\/v2\/media\/49155"}],"wp:attachment":[{"href":"https:\/\/teiaeducation.ch\/de\/wp-json\/wp\/v2\/media?parent=49154"}],"wp:term":[{"taxonomy":"product_brand","embeddable":true,"href":"https:\/\/teiaeducation.ch\/de\/wp-json\/wp\/v2\/product_brand?post=49154"},{"taxonomy":"product_cat","embeddable":true,"href":"https:\/\/teiaeducation.ch\/de\/wp-json\/wp\/v2\/product_cat?post=49154"},{"taxonomy":"product_tag","embeddable":true,"href":"https:\/\/teiaeducation.ch\/de\/wp-json\/wp\/v2\/product_tag?post=49154"}],"curies":[{"name":"wp","href":"https:\/\/api.w.org\/{rel}","templated":true}]}}