{"id":49159,"date":"2021-06-15T20:22:39","date_gmt":"2021-06-15T18:22:39","guid":{"rendered":"https:\/\/teiaeducation.ch\/product\/lupe-moulin-roty\/"},"modified":"2022-06-16T10:12:55","modified_gmt":"2022-06-16T08:12:55","slug":"lupe-moulin-roty","status":"publish","type":"product","link":"https:\/\/teiaeducation.ch\/de\/produkt\/lupe-moulin-roty\/","title":{"rendered":"Lupe &#8211; Moulin Roty"},"content":{"rendered":"<p>Die Lupe von Moulin Roty ist perfekt f\u00fcr angehende Naturforscher und ist ein gro\u00dfartiges Naturspielzeug f\u00fcr Kinder, um Spa\u00df beim Erforschen und Beobachten der <a href=\"https:\/\/teiaeducation.ch\/de\/produkt-kategorie\/kinder-spielzeug\/naturspiel\/\">Natur<\/a>, <a href=\"https:\/\/teiaeducation.ch\/de\/produkt-kategorie\/lernthemen\/kultur-wissenschaft\/botanik\/\">Pflanzen<\/a> und Insekten um sie herum zu haben.<\/p>\n<p>Kinder k\u00f6nnen ihre Naturfunde bis ins kleinste Detail studieren und mit dieser sch\u00f6nen, erwachsen aussehenden Lupe Naturdetektiv spielen!<\/p>\n<p>Verfolgen Sie das Interesse Ihres Kindes an der Natur mit der Lupe von Moulin Roty. Es ist ein tolles Naturspiel <a href=\"https:\/\/teiaeducation.ch\/de\/produkt-kategorie\/geschenk-guides\/\">Geschenk<\/a> in einer sch\u00f6n illustrierten Geschenkbox.<\/p>\n<p>Diese hochwertige Kinder Lupe misst 21,5 x 10 cm und ist aus Metall, Glas und Kunststoff gefertigt. Sie ist f\u00fcr Kinder ab 3 Jahren geeignet.<\/p>\n<p>Die Lupe von Moulin Roty\u00a0geh\u00f6rt zur wundersch\u00f6nen Kollektion &#8220;Le Jardin du Moulin&#8221;. In einer mit Aquarellen illustrierten Welt, die reich an Farben und lustigen Tieren ist, bietet die Kollektion Jardin du Moulin alles, was n\u00f6tig ist, um Kleinkinder zu allen <a href=\"https:\/\/teiaeducation.ch\/de\/produkt-kategorie\/lernthemen\/kultur-wissenschaft\/jahreszeiten-wetter\/\">Jahreszeiten<\/a> an die Entdeckung der Natur heranzuf\u00fchren. Sie k\u00f6nnen zu Botanikern werden, indem sie die Fauna und Flora beobachten und mit ihr spielen, sie k\u00f6nnen ihre H\u00e4nde in die Erde stecken, um die Geheimnisse von Obst und Gem\u00fcse zu entdecken, indem sie zu G\u00e4rtnern werden, oder sie k\u00f6nnen sich in die Rolle eines Entdeckers versetzen, indem sie zu neuen Horizonten aufbrechen! Die Kollektion bietet echte Werkzeuge, um das Wissen der Kinder im <a href=\"https:\/\/teiaeducation.ch\/de\/produkt-kategorie\/malen-basteln\/gartnern\/\">Garten<\/a> in die Praxis umzusetzen, enth\u00e4lt aber auch Edutainment-Spiele, um das Wissen \u00fcber die Natur und die Welt um uns herum zu vertiefen!<\/p>\n<p><a href=\"https:\/\/teiaeducation.ch\/de\/produkt-kategorie\/unsere-marken\/moulin-roty-de\/\">Moulin Roty<\/a> ist eine franz\u00f6sische Marke, die f\u00fcr die Herstellung von sch\u00f6nem und hochwertigem Kinderspielzeug mit starkem emotionalem Wert bekannt ist. Jedes Spielzeug ist eine echte Figur die Geschichten erz\u00e4hlt und das Ergebnis der Arbeit und des Engagements des kreativen Teams der Marke ist. Durch die H\u00e4nde eines Teams von Illustratoren und Stylisten im Herzen von Moulin Roty, in Nort-sur-Erdre, Frankreich, hat jedes Spielzeug eine Welt aus Farben und Materialien, die speziell f\u00fcr ihn oder sie entworfen wurde.<\/p>\n<p>Die Lupe von Moulin Roty wird f\u00fcr Kinder ab 3 Jahren empfohlen.<\/p>\n<p>Inhalt:<\/p>\n<p>1 Lupe<\/p>\n","protected":false},"excerpt":{"rendered":"<p>Artikelnummer: 712207<\/p>\n<p>Die Lupe von Moulin Roty ist ein gro\u00dfartiges Naturspielzeug f\u00fcr Kinder zum Erforschen und Beobachten der Natur, von Pflanzen und Insekten.<\/p>\n","protected":false},"featured_media":49160,"comment_status":"open","ping_status":"closed","template":"","meta":[],"product_brand":[],"product_cat":[21445,21446,23651,21479,21512,21670,21487,21491,21484,22422,21510,21509,21481,22182,21576,21443,21689,21563,22362,21557,21562,23636,21678,23133,21511,21482,21564],"product_tag":[23574,23576,23573,23575],"class_list":{"0":"post-49159","1":"product","2":"type-product","3":"status-publish","4":"has-post-thumbnail","6":"product_cat-3-6-jahre-vorschule","7":"product_cat-6-12-jahre-grundschule","8":"product_cat-back-to-school-de","9":"product_cat-lernmaterialien-spielzeug-montessori-waldorf-steiner-froebel","10":"product_cat-botanik","11":"product_cat-fruehjahrskollektion","12":"product_cat-geschenk-guide-3-6-jahre-vorschule","13":"product_cat-geschenk-guide-lerngeschenke","14":"product_cat-geschenk-guides","15":"product_cat-geschenke-fuer-das-osterkoerbchen","16":"product_cat-kultur-wissenschaft","17":"product_cat-lernthemen","18":"product_cat-montessori-paedagogik-material-spielzeug","19":"product_cat-montessori-spielzeug","20":"product_cat-moulin-roty-de","21":"product_cat-nach-alter","22":"product_cat-naturspiel","23":"product_cat-neuheiten","24":"product_cat-saisonale-kollektionen","25":"product_cat-sensorische-motorische-fertigkeiten","26":"product_cat-sinne","27":"product_cat-sommer-kollektion","28":"product_cat-kinder-spielzeug","29":"product_cat-spielzeug-fuer-draussen","30":"product_cat-tiergeographie-zoologie","31":"product_cat-traditionelle-bildung","32":"product_cat-unsere-marken","33":"product_tag-lupe-fur-kinder","34":"product_tag-lupe-moulin-roty","35":"product_tag-moulin-roty-lupe","36":"product_tag-natur-spielzeug","38":"first","39":"instock","40":"taxable","41":"shipping-taxable","42":"purchasable","43":"product-type-simple"},"yoast_head":"<!-- This site is optimized with the Yoast SEO plugin v27.1.1 - https:\/\/yoast.com\/product\/yoast-seo-wordpress\/ -->\n<title>Lupe - Moulin Roty - Teia Education &amp; Play<\/title>\n<meta name=\"description\" content=\"Die Lupe von Moulin Roty ist ein gro\u00dfartiges Naturspielzeug f\u00fcr Kinder zum Erforschen und Beobachten der Natur, von Pflanzen und Insekten.\" \/>\n<meta name=\"robots\" content=\"index, follow, max-snippet:-1, max-image-preview:large, max-video-preview:-1\" \/>\n<link rel=\"canonical\" href=\"https:\/\/teiaeducation.ch\/de\/produkt\/lupe-moulin-roty\/\" \/>\n<meta property=\"og:locale\" content=\"de_DE\" \/>\n<meta property=\"og:type\" content=\"article\" \/>\n<meta property=\"og:title\" content=\"Lupe - Moulin Roty - Teia Education &amp; Play\" \/>\n<meta property=\"og:description\" content=\"Die Lupe von Moulin Roty ist ein gro\u00dfartiges Naturspielzeug f\u00fcr Kinder zum Erforschen und Beobachten der Natur, von Pflanzen und Insekten.\" \/>\n<meta property=\"og:url\" content=\"https:\/\/teiaeducation.ch\/de\/produkt\/lupe-moulin-roty\/\" \/>\n<meta property=\"og:site_name\" content=\"Sustainable Educational Products &amp; Ecological Toys\u00a0\" \/>\n<meta property=\"article:publisher\" content=\"https:\/\/www.facebook.com\/teiaeducation\/\" \/>\n<meta property=\"article:modified_time\" content=\"2022-06-16T08:12:55+00:00\" \/>\n<meta property=\"og:image\" content=\"https:\/\/teiaeducation.ch\/wp-content\/uploads\/2021\/06\/Magnifying-glass-Moulin-Roty.jpg\" \/>\n\t<meta property=\"og:image:width\" content=\"800\" \/>\n\t<meta property=\"og:image:height\" content=\"800\" \/>\n\t<meta property=\"og:image:type\" content=\"image\/jpeg\" \/>\n<script type=\"application\/ld+json\" class=\"yoast-schema-graph\">{\"@context\":\"https:\/\/schema.org\",\"@graph\":[{\"@type\":\"WebPage\",\"@id\":\"https:\/\/teiaeducation.ch\/de\/produkt\/lupe-moulin-roty\/\",\"url\":\"https:\/\/teiaeducation.ch\/de\/produkt\/lupe-moulin-roty\/\",\"name\":\"Lupe - Moulin Roty - Teia Education & Play\",\"isPartOf\":{\"@id\":\"https:\/\/teiaeducation.ch\/de\/#website\"},\"primaryImageOfPage\":{\"@id\":\"https:\/\/teiaeducation.ch\/de\/produkt\/lupe-moulin-roty\/#primaryimage\"},\"image\":{\"@id\":\"https:\/\/teiaeducation.ch\/de\/produkt\/lupe-moulin-roty\/#primaryimage\"},\"thumbnailUrl\":\"https:\/\/teiaeducation.ch\/wp-content\/uploads\/2021\/06\/Magnifying-glass-Moulin-Roty.jpg\",\"datePublished\":\"2021-06-15T18:22:39+00:00\",\"dateModified\":\"2022-06-16T08:12:55+00:00\",\"description\":\"Die Lupe von Moulin Roty ist ein gro\u00dfartiges Naturspielzeug f\u00fcr Kinder zum Erforschen und Beobachten der Natur, von Pflanzen und Insekten.\",\"breadcrumb\":{\"@id\":\"https:\/\/teiaeducation.ch\/de\/produkt\/lupe-moulin-roty\/#breadcrumb\"},\"inLanguage\":\"de-CH\",\"potentialAction\":[{\"@type\":\"ReadAction\",\"target\":[\"https:\/\/teiaeducation.ch\/de\/produkt\/lupe-moulin-roty\/\"]}]},{\"@type\":\"ImageObject\",\"inLanguage\":\"de-CH\",\"@id\":\"https:\/\/teiaeducation.ch\/de\/produkt\/lupe-moulin-roty\/#primaryimage\",\"url\":\"https:\/\/teiaeducation.ch\/wp-content\/uploads\/2021\/06\/Magnifying-glass-Moulin-Roty.jpg\",\"contentUrl\":\"https:\/\/teiaeducation.ch\/wp-content\/uploads\/2021\/06\/Magnifying-glass-Moulin-Roty.jpg\",\"width\":800,\"height\":800,\"caption\":\"Lupe - Moulin Roty\"},{\"@type\":\"BreadcrumbList\",\"@id\":\"https:\/\/teiaeducation.ch\/de\/produkt\/lupe-moulin-roty\/#breadcrumb\",\"itemListElement\":[{\"@type\":\"ListItem\",\"position\":1,\"name\":\"Home\",\"item\":\"https:\/\/teiaeducation.ch\/de\/\"},{\"@type\":\"ListItem\",\"position\":2,\"name\":\"Laden\",\"item\":\"https:\/\/teiaeducation.ch\/de\/shop\/\"},{\"@type\":\"ListItem\",\"position\":3,\"name\":\"Unsere Marken\",\"item\":\"https:\/\/teiaeducation.ch\/de\/produkt-kategorie\/unsere-marken\/\"},{\"@type\":\"ListItem\",\"position\":4,\"name\":\"Moulin Roty\",\"item\":\"https:\/\/teiaeducation.ch\/de\/produkt-kategorie\/unsere-marken\/moulin-roty-de\/\"},{\"@type\":\"ListItem\",\"position\":5,\"name\":\"Lupe &#8211; Moulin Roty\"}]},{\"@type\":\"WebSite\",\"@id\":\"https:\/\/teiaeducation.ch\/de\/#website\",\"url\":\"https:\/\/teiaeducation.ch\/de\/\",\"name\":\"Sustainable Educational Products &amp; Ecological Toys\u00a0\",\"description\":\"Specialised Swiss shop selling sustainable educational toys and games, AMI certified Montessori materials, handmade ecological wooden Waldorf toys and arts &amp; crafts supplies, school supplies, children&#039;s furniture and Montessori reference and parenting books.\",\"publisher\":{\"@id\":\"https:\/\/teiaeducation.ch\/de\/#organization\"},\"alternateName\":\"Teia Education & Play\",\"potentialAction\":[{\"@type\":\"SearchAction\",\"target\":{\"@type\":\"EntryPoint\",\"urlTemplate\":\"https:\/\/teiaeducation.ch\/de\/?s={search_term_string}\"},\"query-input\":{\"@type\":\"PropertyValueSpecification\",\"valueRequired\":true,\"valueName\":\"search_term_string\"}}],\"inLanguage\":\"de-CH\"},{\"@type\":\"Organization\",\"@id\":\"https:\/\/teiaeducation.ch\/de\/#organization\",\"name\":\"Teia Education & Play\",\"url\":\"https:\/\/teiaeducation.ch\/de\/\",\"logo\":{\"@type\":\"ImageObject\",\"inLanguage\":\"de-CH\",\"@id\":\"https:\/\/teiaeducation.ch\/de\/#\/schema\/logo\/image\/\",\"url\":\"https:\/\/teiaeducation.ch\/wp-content\/uploads\/2020\/11\/Teia-Education-Switzerland-e1620156442216.jpg\",\"contentUrl\":\"https:\/\/teiaeducation.ch\/wp-content\/uploads\/2020\/11\/Teia-Education-Switzerland-e1620156442216.jpg\",\"width\":166,\"height\":145,\"caption\":\"Teia Education & Play\"},\"image\":{\"@id\":\"https:\/\/teiaeducation.ch\/de\/#\/schema\/logo\/image\/\"},\"sameAs\":[\"https:\/\/www.facebook.com\/teiaeducation\/\",\"https:\/\/x.com\/EducationTeia\",\"https:\/\/www.instagram.com\/teia.education\/\",\"https:\/\/www.linkedin.com\/company\/35501660\",\"https:\/\/www.pinterest.ch\/TeiaEducation\/\"]}]}<\/script>\n<!-- \/ Yoast SEO plugin. -->","yoast_head_json":{"title":"Lupe - Moulin Roty - Teia Education & Play","description":"Die Lupe von Moulin Roty ist ein gro\u00dfartiges Naturspielzeug f\u00fcr Kinder zum Erforschen und Beobachten der Natur, von Pflanzen und Insekten.","robots":{"index":"index","follow":"follow","max-snippet":"max-snippet:-1","max-image-preview":"max-image-preview:large","max-video-preview":"max-video-preview:-1"},"canonical":"https:\/\/teiaeducation.ch\/de\/produkt\/lupe-moulin-roty\/","og_locale":"de_DE","og_type":"article","og_title":"Lupe - Moulin Roty - Teia Education & Play","og_description":"Die Lupe von Moulin Roty ist ein gro\u00dfartiges Naturspielzeug f\u00fcr Kinder zum Erforschen und Beobachten der Natur, von Pflanzen und Insekten.","og_url":"https:\/\/teiaeducation.ch\/de\/produkt\/lupe-moulin-roty\/","og_site_name":"Sustainable Educational Products &amp; Ecological Toys\u00a0","article_publisher":"https:\/\/www.facebook.com\/teiaeducation\/","article_modified_time":"2022-06-16T08:12:55+00:00","og_image":[{"width":800,"height":800,"url":"https:\/\/teiaeducation.ch\/wp-content\/uploads\/2021\/06\/Magnifying-glass-Moulin-Roty.jpg","type":"image\/jpeg"}],"schema":{"@context":"https:\/\/schema.org","@graph":[{"@type":"WebPage","@id":"https:\/\/teiaeducation.ch\/de\/produkt\/lupe-moulin-roty\/","url":"https:\/\/teiaeducation.ch\/de\/produkt\/lupe-moulin-roty\/","name":"Lupe - Moulin Roty - Teia Education & Play","isPartOf":{"@id":"https:\/\/teiaeducation.ch\/de\/#website"},"primaryImageOfPage":{"@id":"https:\/\/teiaeducation.ch\/de\/produkt\/lupe-moulin-roty\/#primaryimage"},"image":{"@id":"https:\/\/teiaeducation.ch\/de\/produkt\/lupe-moulin-roty\/#primaryimage"},"thumbnailUrl":"https:\/\/teiaeducation.ch\/wp-content\/uploads\/2021\/06\/Magnifying-glass-Moulin-Roty.jpg","datePublished":"2021-06-15T18:22:39+00:00","dateModified":"2022-06-16T08:12:55+00:00","description":"Die Lupe von Moulin Roty ist ein gro\u00dfartiges Naturspielzeug f\u00fcr Kinder zum Erforschen und Beobachten der Natur, von Pflanzen und Insekten.","breadcrumb":{"@id":"https:\/\/teiaeducation.ch\/de\/produkt\/lupe-moulin-roty\/#breadcrumb"},"inLanguage":"de-CH","potentialAction":[{"@type":"ReadAction","target":["https:\/\/teiaeducation.ch\/de\/produkt\/lupe-moulin-roty\/"]}]},{"@type":"ImageObject","inLanguage":"de-CH","@id":"https:\/\/teiaeducation.ch\/de\/produkt\/lupe-moulin-roty\/#primaryimage","url":"https:\/\/teiaeducation.ch\/wp-content\/uploads\/2021\/06\/Magnifying-glass-Moulin-Roty.jpg","contentUrl":"https:\/\/teiaeducation.ch\/wp-content\/uploads\/2021\/06\/Magnifying-glass-Moulin-Roty.jpg","width":800,"height":800,"caption":"Lupe - Moulin Roty"},{"@type":"BreadcrumbList","@id":"https:\/\/teiaeducation.ch\/de\/produkt\/lupe-moulin-roty\/#breadcrumb","itemListElement":[{"@type":"ListItem","position":1,"name":"Home","item":"https:\/\/teiaeducation.ch\/de\/"},{"@type":"ListItem","position":2,"name":"Laden","item":"https:\/\/teiaeducation.ch\/de\/shop\/"},{"@type":"ListItem","position":3,"name":"Unsere Marken","item":"https:\/\/teiaeducation.ch\/de\/produkt-kategorie\/unsere-marken\/"},{"@type":"ListItem","position":4,"name":"Moulin Roty","item":"https:\/\/teiaeducation.ch\/de\/produkt-kategorie\/unsere-marken\/moulin-roty-de\/"},{"@type":"ListItem","position":5,"name":"Lupe &#8211; Moulin Roty"}]},{"@type":"WebSite","@id":"https:\/\/teiaeducation.ch\/de\/#website","url":"https:\/\/teiaeducation.ch\/de\/","name":"Sustainable Educational Products &amp; Ecological Toys\u00a0","description":"Specialised Swiss shop selling sustainable educational toys and games, AMI certified Montessori materials, handmade ecological wooden Waldorf toys and arts &amp; crafts supplies, school supplies, children&#039;s furniture and Montessori reference and parenting books.","publisher":{"@id":"https:\/\/teiaeducation.ch\/de\/#organization"},"alternateName":"Teia Education & Play","potentialAction":[{"@type":"SearchAction","target":{"@type":"EntryPoint","urlTemplate":"https:\/\/teiaeducation.ch\/de\/?s={search_term_string}"},"query-input":{"@type":"PropertyValueSpecification","valueRequired":true,"valueName":"search_term_string"}}],"inLanguage":"de-CH"},{"@type":"Organization","@id":"https:\/\/teiaeducation.ch\/de\/#organization","name":"Teia Education & Play","url":"https:\/\/teiaeducation.ch\/de\/","logo":{"@type":"ImageObject","inLanguage":"de-CH","@id":"https:\/\/teiaeducation.ch\/de\/#\/schema\/logo\/image\/","url":"https:\/\/teiaeducation.ch\/wp-content\/uploads\/2020\/11\/Teia-Education-Switzerland-e1620156442216.jpg","contentUrl":"https:\/\/teiaeducation.ch\/wp-content\/uploads\/2020\/11\/Teia-Education-Switzerland-e1620156442216.jpg","width":166,"height":145,"caption":"Teia Education & Play"},"image":{"@id":"https:\/\/teiaeducation.ch\/de\/#\/schema\/logo\/image\/"},"sameAs":["https:\/\/www.facebook.com\/teiaeducation\/","https:\/\/x.com\/EducationTeia","https:\/\/www.instagram.com\/teia.education\/","https:\/\/www.linkedin.com\/company\/35501660","https:\/\/www.pinterest.ch\/TeiaEducation\/"]}]}},"_links":{"self":[{"href":"https:\/\/teiaeducation.ch\/de\/wp-json\/wp\/v2\/product\/49159","targetHints":{"allow":["GET"]}}],"collection":[{"href":"https:\/\/teiaeducation.ch\/de\/wp-json\/wp\/v2\/product"}],"about":[{"href":"https:\/\/teiaeducation.ch\/de\/wp-json\/wp\/v2\/types\/product"}],"replies":[{"embeddable":true,"href":"https:\/\/teiaeducation.ch\/de\/wp-json\/wp\/v2\/comments?post=49159"}],"wp:featuredmedia":[{"embeddable":true,"href":"https:\/\/teiaeducation.ch\/de\/wp-json\/wp\/v2\/media\/49160"}],"wp:attachment":[{"href":"https:\/\/teiaeducation.ch\/de\/wp-json\/wp\/v2\/media?parent=49159"}],"wp:term":[{"taxonomy":"product_brand","embeddable":true,"href":"https:\/\/teiaeducation.ch\/de\/wp-json\/wp\/v2\/product_brand?post=49159"},{"taxonomy":"product_cat","embeddable":true,"href":"https:\/\/teiaeducation.ch\/de\/wp-json\/wp\/v2\/product_cat?post=49159"},{"taxonomy":"product_tag","embeddable":true,"href":"https:\/\/teiaeducation.ch\/de\/wp-json\/wp\/v2\/product_tag?post=49159"}],"curies":[{"name":"wp","href":"https:\/\/api.w.org\/{rel}","templated":true}]}}