{"id":49162,"date":"2021-06-17T12:48:47","date_gmt":"2021-06-17T10:48:47","guid":{"rendered":"https:\/\/teiaeducation.ch\/product\/dosenlupe-insektenlupe-moulin-roty\/"},"modified":"2022-06-16T10:45:19","modified_gmt":"2022-06-16T08:45:19","slug":"dosenlupe-insektenlupe-moulin-roty","status":"publish","type":"product","link":"https:\/\/teiaeducation.ch\/de\/produkt\/dosenlupe-insektenlupe-moulin-roty\/","title":{"rendered":"Dosenlupe \/ Insektenlupe &#8211; Moulin Roty"},"content":{"rendered":"<p>Der Moulin Roty Dosenlupe oder die Insektenlupe f\u00fcr Kinder ist perfekt f\u00fcr angehende Naturforscher, um die Natur, Pflanzen und Insekten um sie herum zu erforschen und zu beobachten!<\/p>\n<p>Kinder k\u00f6nnen ihre Naturfunde im Detail studieren und mit dieser sch\u00f6nen Dosenlupe Naturdetektiv spielen. Folgen Sie dem Interesse Ihres Kindes an der Natur mit diesem tollen <a href=\"https:\/\/teiaeducation.ch\/de\/produkt-kategorie\/kinder-spielzeug\/naturspiel\/\">Naturspiel<\/a> Geschenk. Der Dosenlupe aus der wunderbaren Kollektion Jardin du Moulin von Moulin Roty wird in einer sch\u00f6n illustrierten Geschenkbox geliefert.<\/p>\n<p>Kinder k\u00f6nnen sehr vorsichtig und sanft Insekten in ihrer Dosenlupe fangen. Sie k\u00f6nnen die Insekten dann unter dem Insektenlupe betrachten und sie im Detail studieren, um viel \u00fcber die Natur und die Tierwelt zu lernen, bevor sie sie wieder freilassen!<\/p>\n<p>Diese hochwertige Moulin Roty Dosenlupe \/ Insektenlupe f\u00fcr Kinder misst 7 x 8 cm und ist aus Kunststoff gefertigt. Sie ist f\u00fcr Kinder ab 3 Jahren geeignet.<\/p>\n<p>Der G\u00e4rtner-Koffer von Moulin Roty ist perfekt f\u00fcr kleine\u00a0G\u00e4rtner und <a href=\"https:\/\/teiaeducation.ch\/de\/produkt-kategorie\/lernthemen\/kultur-wissenschaft\/botanik\/\">Botaniker<\/a> und geh\u00f6rt zur wundersch\u00f6nen Kollektion &#8220;Le Jardin du Moulin&#8221;. In einer mit Aquarellen illustrierten Welt, die reich an Farben und lustigen Tieren ist, bietet die Kollektion Jardin du Moulin alles, was n\u00f6tig ist, um Kleinkinder zu allen <a href=\"https:\/\/teiaeducation.ch\/de\/produkt-kategorie\/lernthemen\/kultur-wissenschaft\/jahreszeiten-wetter\/\">Jahreszeiten<\/a> an die Entdeckung der Natur heranzuf\u00fchren. Sie k\u00f6nnen zu Botanikern werden, indem sie die Fauna und Flora beobachten und mit ihr spielen, sie k\u00f6nnen ihre H\u00e4nde in die Erde stecken, um die Geheimnisse von Obst und Gem\u00fcse zu entdecken, indem sie zu G\u00e4rtnern werden, oder sie k\u00f6nnen sich in die Rolle eines Entdeckers versetzen, indem sie zu neuen Horizonten aufbrechen! Die Kollektion bietet echte Werkzeuge, um das Wissen der Kinder im <a href=\"https:\/\/teiaeducation.ch\/de\/produkt-kategorie\/malen-basteln\/gartnern\/\">Garten<\/a> in die Praxis umzusetzen, enth\u00e4lt aber auch Edutainment-Spiele, um das Wissen \u00fcber die Natur und die Welt um uns herum zu vertiefen!<\/p>\n<p><a href=\"https:\/\/teiaeducation.ch\/de\/produkt-kategorie\/unsere-marken\/moulin-roty-de\/\">Moulin Roty<\/a> ist eine franz\u00f6sische Marke, die f\u00fcr die Herstellung von sch\u00f6nem und hochwertigem Kinderspielzeug mit starkem emotionalem Wert bekannt ist. Jedes Spielzeug ist eine echte Figur die Geschichten erz\u00e4hlt und das Ergebnis der Arbeit und des Engagements des kreativen Teams der Marke ist. Durch die H\u00e4nde eines Teams von Illustratoren und Stylisten im Herzen von Moulin Roty, in Nort-sur-Erdre, Frankreich, hat jedes Spielzeug eine Welt aus Farben und Materialien, die speziell f\u00fcr ihn oder sie entworfen wurde.<\/p>\n<p>Der Dosenlupe von Moulin Roty wird f\u00fcr Kinder ab 3 Jahren empfohlen.<\/p>\n<p>Inhalt:<\/p>\n<p>1 Dosenlupe \/ Insektenlupe<\/p>\n","protected":false},"excerpt":{"rendered":"<p>Artikelnummer: 712206<\/p>\n<p>Der Dosenlupe von Moulin Roty mit Insektenlupe hilft Kindern, die Natur, Pflanzen, Insekten zu erforschen und spielerisch im Freien zu lernen.<\/p>\n","protected":false},"featured_media":49163,"comment_status":"open","ping_status":"closed","template":"","meta":[],"product_brand":[],"product_cat":[21445,21446,21479,21670,21487,21491,21484,22422,21510,21509,21481,22182,21576,21443,21689,21563,22362,23636,21678,23133,21511,21482,21564,21520],"product_tag":[23580,23578,23577,23579,23347,23346,23345,23351],"class_list":{"0":"post-49162","1":"product","2":"type-product","3":"status-publish","4":"has-post-thumbnail","6":"product_cat-3-6-jahre-vorschule","7":"product_cat-6-12-jahre-grundschule","8":"product_cat-lernmaterialien-spielzeug-montessori-waldorf-steiner-froebel","9":"product_cat-fruehjahrskollektion","10":"product_cat-geschenk-guide-3-6-jahre-vorschule","11":"product_cat-geschenk-guide-lerngeschenke","12":"product_cat-geschenk-guides","13":"product_cat-geschenke-fuer-das-osterkoerbchen","14":"product_cat-kultur-wissenschaft","15":"product_cat-lernthemen","16":"product_cat-montessori-paedagogik-material-spielzeug","17":"product_cat-montessori-spielzeug","18":"product_cat-moulin-roty-de","19":"product_cat-nach-alter","20":"product_cat-naturspiel","21":"product_cat-neuheiten","22":"product_cat-saisonale-kollektionen","23":"product_cat-sommer-kollektion","24":"product_cat-kinder-spielzeug","25":"product_cat-spielzeug-fuer-draussen","26":"product_cat-tiergeographie-zoologie","27":"product_cat-traditionelle-bildung","28":"product_cat-unsere-marken","29":"product_cat-wissenschaft","30":"product_tag-jardin-du-moulin-de","31":"product_tag-moulin-roty-dosenlupe","32":"product_tag-moulin-roty-insektenbox","33":"product_tag-moulin-roty-insektenlupe","34":"product_tag-moulin-roty-schweiz-de","35":"product_tag-moulin-roty-suisse-de","36":"product_tag-moulin-roty-switzerland-de","37":"product_tag-natur-spiel","39":"first","40":"instock","41":"taxable","42":"shipping-taxable","43":"purchasable","44":"product-type-simple"},"yoast_head":"<!-- This site is optimized with the Yoast SEO Premium plugin v25.8 (Yoast SEO v27.4) - https:\/\/yoast.com\/product\/yoast-seo-premium-wordpress\/ -->\n<title>Dosenlupe - Moulin Roty - Teia Education &amp; Play<\/title>\n<meta name=\"description\" content=\"Der Dosenlupe von Moulin Roty mit Insektenlupe hilft Kinder, die Natur, Pflanzen, Insekten zu erforschen und spielerisch im Freien zu lernen\" \/>\n<meta name=\"robots\" content=\"index, follow, max-snippet:-1, max-image-preview:large, max-video-preview:-1\" \/>\n<link rel=\"canonical\" href=\"https:\/\/teiaeducation.ch\/de\/produkt\/dosenlupe-insektenlupe-moulin-roty\/\" \/>\n<meta property=\"og:locale\" content=\"de_DE\" \/>\n<meta property=\"og:type\" content=\"article\" \/>\n<meta property=\"og:title\" content=\"Dosenlupe \/ Insektenlupe - Moulin Roty\" \/>\n<meta property=\"og:description\" content=\"Der Dosenlupe von Moulin Roty mit Insektenlupe hilft Kinder, die Natur, Pflanzen, Insekten zu erforschen und spielerisch im Freien zu lernen\" \/>\n<meta property=\"og:url\" content=\"https:\/\/teiaeducation.ch\/de\/produkt\/dosenlupe-insektenlupe-moulin-roty\/\" \/>\n<meta property=\"og:site_name\" content=\"Sustainable Educational Products &amp; Ecological Toys\u00a0\" \/>\n<meta property=\"article:publisher\" content=\"https:\/\/www.facebook.com\/teiaeducation\/\" \/>\n<meta property=\"article:modified_time\" content=\"2022-06-16T08:45:19+00:00\" \/>\n<meta property=\"og:image\" content=\"https:\/\/teiaeducation.ch\/wp-content\/uploads\/2021\/06\/Bug-jar-insect-magnifier-Moulin-Roty.jpg\" \/>\n\t<meta property=\"og:image:width\" content=\"800\" \/>\n\t<meta property=\"og:image:height\" content=\"800\" \/>\n\t<meta property=\"og:image:type\" content=\"image\/jpeg\" \/>\n<script type=\"application\/ld+json\" class=\"yoast-schema-graph\">{\"@context\":\"https:\\\/\\\/schema.org\",\"@graph\":[{\"@type\":\"WebPage\",\"@id\":\"https:\\\/\\\/teiaeducation.ch\\\/de\\\/produkt\\\/dosenlupe-insektenlupe-moulin-roty\\\/\",\"url\":\"https:\\\/\\\/teiaeducation.ch\\\/de\\\/produkt\\\/dosenlupe-insektenlupe-moulin-roty\\\/\",\"name\":\"Dosenlupe - Moulin Roty - Teia Education & Play\",\"isPartOf\":{\"@id\":\"https:\\\/\\\/teiaeducation.ch\\\/de\\\/#website\"},\"primaryImageOfPage\":{\"@id\":\"https:\\\/\\\/teiaeducation.ch\\\/de\\\/produkt\\\/dosenlupe-insektenlupe-moulin-roty\\\/#primaryimage\"},\"image\":{\"@id\":\"https:\\\/\\\/teiaeducation.ch\\\/de\\\/produkt\\\/dosenlupe-insektenlupe-moulin-roty\\\/#primaryimage\"},\"thumbnailUrl\":\"https:\\\/\\\/teiaeducation.ch\\\/wp-content\\\/uploads\\\/2021\\\/06\\\/Bug-jar-insect-magnifier-Moulin-Roty.jpg\",\"datePublished\":\"2021-06-17T10:48:47+00:00\",\"dateModified\":\"2022-06-16T08:45:19+00:00\",\"description\":\"Der Dosenlupe von Moulin Roty mit Insektenlupe hilft Kinder, die Natur, Pflanzen, Insekten zu erforschen und spielerisch im Freien zu lernen\",\"breadcrumb\":{\"@id\":\"https:\\\/\\\/teiaeducation.ch\\\/de\\\/produkt\\\/dosenlupe-insektenlupe-moulin-roty\\\/#breadcrumb\"},\"inLanguage\":\"de-CH\",\"potentialAction\":[{\"@type\":\"ReadAction\",\"target\":[\"https:\\\/\\\/teiaeducation.ch\\\/de\\\/produkt\\\/dosenlupe-insektenlupe-moulin-roty\\\/\"]}]},{\"@type\":\"ImageObject\",\"inLanguage\":\"de-CH\",\"@id\":\"https:\\\/\\\/teiaeducation.ch\\\/de\\\/produkt\\\/dosenlupe-insektenlupe-moulin-roty\\\/#primaryimage\",\"url\":\"https:\\\/\\\/teiaeducation.ch\\\/wp-content\\\/uploads\\\/2021\\\/06\\\/Bug-jar-insect-magnifier-Moulin-Roty.jpg\",\"contentUrl\":\"https:\\\/\\\/teiaeducation.ch\\\/wp-content\\\/uploads\\\/2021\\\/06\\\/Bug-jar-insect-magnifier-Moulin-Roty.jpg\",\"width\":800,\"height\":800,\"caption\":\"Dosenlupe \\\/ Insektenlupe - Moulin Roty\"},{\"@type\":\"BreadcrumbList\",\"@id\":\"https:\\\/\\\/teiaeducation.ch\\\/de\\\/produkt\\\/dosenlupe-insektenlupe-moulin-roty\\\/#breadcrumb\",\"itemListElement\":[{\"@type\":\"ListItem\",\"position\":1,\"name\":\"Home\",\"item\":\"https:\\\/\\\/teiaeducation.ch\\\/de\\\/\"},{\"@type\":\"ListItem\",\"position\":2,\"name\":\"Laden\",\"item\":\"https:\\\/\\\/teiaeducation.ch\\\/de\\\/shop\\\/\"},{\"@type\":\"ListItem\",\"position\":3,\"name\":\"Unsere Marken\",\"item\":\"https:\\\/\\\/teiaeducation.ch\\\/de\\\/produkt-kategorie\\\/unsere-marken\\\/\"},{\"@type\":\"ListItem\",\"position\":4,\"name\":\"Moulin Roty\",\"item\":\"https:\\\/\\\/teiaeducation.ch\\\/de\\\/produkt-kategorie\\\/unsere-marken\\\/moulin-roty-de\\\/\"},{\"@type\":\"ListItem\",\"position\":5,\"name\":\"Dosenlupe \\\/ Insektenlupe &#8211; Moulin Roty\"}]},{\"@type\":\"WebSite\",\"@id\":\"https:\\\/\\\/teiaeducation.ch\\\/de\\\/#website\",\"url\":\"https:\\\/\\\/teiaeducation.ch\\\/de\\\/\",\"name\":\"Sustainable Educational Products &amp; Ecological Toys\u00a0\",\"description\":\"Specialised Swiss shop selling sustainable educational toys and games, AMI certified Montessori materials, handmade ecological wooden Waldorf toys and arts &amp; crafts supplies, school supplies, children&#039;s furniture and Montessori reference and parenting books.\",\"publisher\":{\"@id\":\"https:\\\/\\\/teiaeducation.ch\\\/de\\\/#organization\"},\"alternateName\":\"Teia Education & Play\",\"potentialAction\":[{\"@type\":\"SearchAction\",\"target\":{\"@type\":\"EntryPoint\",\"urlTemplate\":\"https:\\\/\\\/teiaeducation.ch\\\/de\\\/?s={search_term_string}\"},\"query-input\":{\"@type\":\"PropertyValueSpecification\",\"valueRequired\":true,\"valueName\":\"search_term_string\"}}],\"inLanguage\":\"de-CH\"},{\"@type\":\"Organization\",\"@id\":\"https:\\\/\\\/teiaeducation.ch\\\/de\\\/#organization\",\"name\":\"Teia Education & Play\",\"url\":\"https:\\\/\\\/teiaeducation.ch\\\/de\\\/\",\"logo\":{\"@type\":\"ImageObject\",\"inLanguage\":\"de-CH\",\"@id\":\"https:\\\/\\\/teiaeducation.ch\\\/de\\\/#\\\/schema\\\/logo\\\/image\\\/\",\"url\":\"https:\\\/\\\/teiaeducation.ch\\\/wp-content\\\/uploads\\\/2020\\\/11\\\/Teia-Education-Switzerland-e1620156442216.jpg\",\"contentUrl\":\"https:\\\/\\\/teiaeducation.ch\\\/wp-content\\\/uploads\\\/2020\\\/11\\\/Teia-Education-Switzerland-e1620156442216.jpg\",\"width\":166,\"height\":145,\"caption\":\"Teia Education & Play\"},\"image\":{\"@id\":\"https:\\\/\\\/teiaeducation.ch\\\/de\\\/#\\\/schema\\\/logo\\\/image\\\/\"},\"sameAs\":[\"https:\\\/\\\/www.facebook.com\\\/teiaeducation\\\/\",\"https:\\\/\\\/x.com\\\/EducationTeia\",\"https:\\\/\\\/www.instagram.com\\\/teia.education\\\/\",\"https:\\\/\\\/www.linkedin.com\\\/company\\\/35501660\",\"https:\\\/\\\/www.pinterest.ch\\\/TeiaEducation\\\/\"]}]}<\/script>\n<meta property=\"product:price:amount\" content=\"11.90\" \/>\n<meta property=\"product:price:currency\" content=\"CHF\" \/>\n<meta property=\"og:availability\" content=\"instock\" \/>\n<meta property=\"product:availability\" content=\"instock\" \/>\n<meta property=\"product:retailer_item_id\" content=\"00000000000000000000000000000000000000000000037252\" \/>\n<meta property=\"product:condition\" content=\"new\" \/>\n<!-- \/ Yoast SEO Premium plugin. -->","yoast_head_json":{"title":"Dosenlupe - Moulin Roty - Teia Education & Play","description":"Der Dosenlupe von Moulin Roty mit Insektenlupe hilft Kinder, die Natur, Pflanzen, Insekten zu erforschen und spielerisch im Freien zu lernen","robots":{"index":"index","follow":"follow","max-snippet":"max-snippet:-1","max-image-preview":"max-image-preview:large","max-video-preview":"max-video-preview:-1"},"canonical":"https:\/\/teiaeducation.ch\/de\/produkt\/dosenlupe-insektenlupe-moulin-roty\/","og_locale":"de_DE","og_type":"article","og_title":"Dosenlupe \/ Insektenlupe - Moulin Roty","og_description":"Der Dosenlupe von Moulin Roty mit Insektenlupe hilft Kinder, die Natur, Pflanzen, Insekten zu erforschen und spielerisch im Freien zu lernen","og_url":"https:\/\/teiaeducation.ch\/de\/produkt\/dosenlupe-insektenlupe-moulin-roty\/","og_site_name":"Sustainable Educational Products &amp; Ecological Toys\u00a0","article_publisher":"https:\/\/www.facebook.com\/teiaeducation\/","article_modified_time":"2022-06-16T08:45:19+00:00","og_image":[{"width":800,"height":800,"url":"https:\/\/teiaeducation.ch\/wp-content\/uploads\/2021\/06\/Bug-jar-insect-magnifier-Moulin-Roty.jpg","type":"image\/jpeg"}],"schema":{"@context":"https:\/\/schema.org","@graph":[{"@type":"WebPage","@id":"https:\/\/teiaeducation.ch\/de\/produkt\/dosenlupe-insektenlupe-moulin-roty\/","url":"https:\/\/teiaeducation.ch\/de\/produkt\/dosenlupe-insektenlupe-moulin-roty\/","name":"Dosenlupe - Moulin Roty - Teia Education & Play","isPartOf":{"@id":"https:\/\/teiaeducation.ch\/de\/#website"},"primaryImageOfPage":{"@id":"https:\/\/teiaeducation.ch\/de\/produkt\/dosenlupe-insektenlupe-moulin-roty\/#primaryimage"},"image":{"@id":"https:\/\/teiaeducation.ch\/de\/produkt\/dosenlupe-insektenlupe-moulin-roty\/#primaryimage"},"thumbnailUrl":"https:\/\/teiaeducation.ch\/wp-content\/uploads\/2021\/06\/Bug-jar-insect-magnifier-Moulin-Roty.jpg","datePublished":"2021-06-17T10:48:47+00:00","dateModified":"2022-06-16T08:45:19+00:00","description":"Der Dosenlupe von Moulin Roty mit Insektenlupe hilft Kinder, die Natur, Pflanzen, Insekten zu erforschen und spielerisch im Freien zu lernen","breadcrumb":{"@id":"https:\/\/teiaeducation.ch\/de\/produkt\/dosenlupe-insektenlupe-moulin-roty\/#breadcrumb"},"inLanguage":"de-CH","potentialAction":[{"@type":"ReadAction","target":["https:\/\/teiaeducation.ch\/de\/produkt\/dosenlupe-insektenlupe-moulin-roty\/"]}]},{"@type":"ImageObject","inLanguage":"de-CH","@id":"https:\/\/teiaeducation.ch\/de\/produkt\/dosenlupe-insektenlupe-moulin-roty\/#primaryimage","url":"https:\/\/teiaeducation.ch\/wp-content\/uploads\/2021\/06\/Bug-jar-insect-magnifier-Moulin-Roty.jpg","contentUrl":"https:\/\/teiaeducation.ch\/wp-content\/uploads\/2021\/06\/Bug-jar-insect-magnifier-Moulin-Roty.jpg","width":800,"height":800,"caption":"Dosenlupe \/ Insektenlupe - Moulin Roty"},{"@type":"BreadcrumbList","@id":"https:\/\/teiaeducation.ch\/de\/produkt\/dosenlupe-insektenlupe-moulin-roty\/#breadcrumb","itemListElement":[{"@type":"ListItem","position":1,"name":"Home","item":"https:\/\/teiaeducation.ch\/de\/"},{"@type":"ListItem","position":2,"name":"Laden","item":"https:\/\/teiaeducation.ch\/de\/shop\/"},{"@type":"ListItem","position":3,"name":"Unsere Marken","item":"https:\/\/teiaeducation.ch\/de\/produkt-kategorie\/unsere-marken\/"},{"@type":"ListItem","position":4,"name":"Moulin Roty","item":"https:\/\/teiaeducation.ch\/de\/produkt-kategorie\/unsere-marken\/moulin-roty-de\/"},{"@type":"ListItem","position":5,"name":"Dosenlupe \/ Insektenlupe &#8211; Moulin Roty"}]},{"@type":"WebSite","@id":"https:\/\/teiaeducation.ch\/de\/#website","url":"https:\/\/teiaeducation.ch\/de\/","name":"Sustainable Educational Products &amp; Ecological Toys\u00a0","description":"Specialised Swiss shop selling sustainable educational toys and games, AMI certified Montessori materials, handmade ecological wooden Waldorf toys and arts &amp; crafts supplies, school supplies, children&#039;s furniture and Montessori reference and parenting books.","publisher":{"@id":"https:\/\/teiaeducation.ch\/de\/#organization"},"alternateName":"Teia Education & Play","potentialAction":[{"@type":"SearchAction","target":{"@type":"EntryPoint","urlTemplate":"https:\/\/teiaeducation.ch\/de\/?s={search_term_string}"},"query-input":{"@type":"PropertyValueSpecification","valueRequired":true,"valueName":"search_term_string"}}],"inLanguage":"de-CH"},{"@type":"Organization","@id":"https:\/\/teiaeducation.ch\/de\/#organization","name":"Teia Education & Play","url":"https:\/\/teiaeducation.ch\/de\/","logo":{"@type":"ImageObject","inLanguage":"de-CH","@id":"https:\/\/teiaeducation.ch\/de\/#\/schema\/logo\/image\/","url":"https:\/\/teiaeducation.ch\/wp-content\/uploads\/2020\/11\/Teia-Education-Switzerland-e1620156442216.jpg","contentUrl":"https:\/\/teiaeducation.ch\/wp-content\/uploads\/2020\/11\/Teia-Education-Switzerland-e1620156442216.jpg","width":166,"height":145,"caption":"Teia Education & Play"},"image":{"@id":"https:\/\/teiaeducation.ch\/de\/#\/schema\/logo\/image\/"},"sameAs":["https:\/\/www.facebook.com\/teiaeducation\/","https:\/\/x.com\/EducationTeia","https:\/\/www.instagram.com\/teia.education\/","https:\/\/www.linkedin.com\/company\/35501660","https:\/\/www.pinterest.ch\/TeiaEducation\/"]}]},"product_price_amount":"11.90","product_price_currency":"CHF","og_availability":"instock","product_availability":"instock","product_retailer_item_id":"00000000000000000000000000000000000000000000037252","product_condition":"new"},"_links":{"self":[{"href":"https:\/\/teiaeducation.ch\/de\/wp-json\/wp\/v2\/product\/49162","targetHints":{"allow":["GET"]}}],"collection":[{"href":"https:\/\/teiaeducation.ch\/de\/wp-json\/wp\/v2\/product"}],"about":[{"href":"https:\/\/teiaeducation.ch\/de\/wp-json\/wp\/v2\/types\/product"}],"replies":[{"embeddable":true,"href":"https:\/\/teiaeducation.ch\/de\/wp-json\/wp\/v2\/comments?post=49162"}],"wp:featuredmedia":[{"embeddable":true,"href":"https:\/\/teiaeducation.ch\/de\/wp-json\/wp\/v2\/media\/49163"}],"wp:attachment":[{"href":"https:\/\/teiaeducation.ch\/de\/wp-json\/wp\/v2\/media?parent=49162"}],"wp:term":[{"taxonomy":"product_brand","embeddable":true,"href":"https:\/\/teiaeducation.ch\/de\/wp-json\/wp\/v2\/product_brand?post=49162"},{"taxonomy":"product_cat","embeddable":true,"href":"https:\/\/teiaeducation.ch\/de\/wp-json\/wp\/v2\/product_cat?post=49162"},{"taxonomy":"product_tag","embeddable":true,"href":"https:\/\/teiaeducation.ch\/de\/wp-json\/wp\/v2\/product_tag?post=49162"}],"curies":[{"name":"wp","href":"https:\/\/api.w.org\/{rel}","templated":true}]}}