{"id":49557,"date":"2018-12-01T19:39:01","date_gmt":"2018-12-01T18:39:01","guid":{"rendered":"https:\/\/teiaeducation.ch\/product\/geometrische-koerper-nienhuis-montessori\/"},"modified":"2023-12-22T13:58:21","modified_gmt":"2023-12-22T12:58:21","slug":"geometrische-korper-nienhuis-montessori","status":"publish","type":"product","link":"https:\/\/teiaeducation.ch\/de\/produkt\/geometrische-korper-nienhuis-montessori\/","title":{"rendered":"Geometrische K\u00f6rper &#8211; Nienhuis Montessori"},"content":{"rendered":"<p>Die Nienhuis Montessori geometrische K\u00f6rper sind Sinnesmaterial und f\u00fchren das Kind auf feste <a href=\"https:\/\/teiaeducation.ch\/product-category\/brands\/nienhuis-montessori-educational-materials\/geometry-nienhuis-montessori-educational-materials\/\">Geometrie<\/a> mit einem Satz von zehn soliden <a href=\"https:\/\/teiaeducation.ch\/product-category\/learning-themes\/mathematics-numeracy\/shapes\/\">formen<\/a> aus Holz. Die Arbeit mit diesem Montessori Material erm\u00f6glicht es dem Kind 3D-Formen zu verstehen, indem es sie zu greifbaren Objekten macht. Als wichtiger Bestandteil des Montessori-Lehrplans f\u00fcr die <a href=\"https:\/\/teiaeducation.ch\/product-category\/brands\/nienhuis-montessori\/sensorial\/\">Sinneswahrnehmung<\/a> sind die geometrische K\u00f6rper zur Isolierung alle blau angemalt, damit das Kind Form und <a href=\"https:\/\/teiaeducation.ch\/product-category\/learning-themes\/sensory-motor-skills\/learning-about-colour\/\">Farbe<\/a> nicht verwechselt.<\/p>\n<p>Die Formen umfassen:<br \/>\n&#8211; Ein dreieckiges Prisma<br \/>\n&#8211; Ein rechteckiges Prisma<br \/>\n&#8211; Ein W\u00fcrfel<br \/>\n&#8211; Ein Zylinder<br \/>\n&#8211; Ein Kegel<br \/>\n&#8211; Eine dreieckige Pyramide<br \/>\n&#8211; Eine quadratische Pyramide<br \/>\n&#8211; Eine Kugel<br \/>\n&#8211; Ein Ellipsoid<br \/>\n&#8211; Ein eif\u00f6rmiges<\/p>\n<p>Die geometrische K\u00f6rper sind Montessori Material, das den stereognostischen Sinn des Kindes herausfordert und formt, d.h. die F\u00e4higkeit, sowohl die Form als auch die Natur von Objekten durch Ber\u00fchrung wahrzunehmen und zu verstehen. Dies f\u00fchrt zu einem Bewusstsein daf\u00fcr wie Formen die Grundlage f\u00fcr allt\u00e4gliche Gegenst\u00e4nde bilden, und legt den Grundstein f\u00fcr die zuk\u00fcnftige Arbeit in der Geometrie. Das Set kann mit den zweidimensionalen geometrischen <a href=\"https:\/\/teiaeducation.ch\/product\/geometric-plane-figures-with-box-nienhuis-montessori\/\">Grundt\u00e4felchen<\/a> erg\u00e4nzt werden, um die dreidimensionalen geometrischen K\u00f6rper miteinander zu verbinden, sowie mit dem <a href=\"https:\/\/teiaeducation.ch\/product\/geometric-solids-basket-nienhuis-montessori\/\">Korb<\/a> f\u00fcr geometrische K\u00f6rper zur Aufbewahrung der K\u00f6rper (separat erh\u00e4ltlich).<\/p>\n<p>Die niederl\u00e4ndische Marke <a href=\"https:\/\/teiaeducation.ch\/product-category\/brands\/nienhuis-montessori-educational-materials\/\">Nienhuis Montessori<\/a> ist die weltweit f\u00fchrende Montessori Marke, die das Erbe von Maria Montessori ehrt und fortf\u00fchrt und das breiteste und innovativste Sortiment an Montessori-Materialien, <a href=\"https:\/\/teiaeducation.ch\/product-category\/classroom-essentials\/montessori-furniture\/\">M\u00f6beln<\/a> und verwandten Produkten herstellt. Die hochwertigen Nienhuis Montessori Produkte geben den Kindern die Werkzeuge, die sie brauchen, um Unabhangig und kritisch zu denken.<\/p>\n<p>Alle Nienhuis Montessori Materialien sind vom Materialkomitee der Association Montessori Internationale (<a href=\"https:\/\/montessori-ami.org\/\">AMI<\/a>) zertifiziert und werden sorgf\u00e4ltig hergestellt, um Schwierigkeiten zu isolieren, so dass die Kinder sich konzentrieren, lernen und sich entwickeln k\u00f6nnen.<\/p>\n<p>Nienhuis Montessori ist eine der Marken des Niederlandischen Unternehmens Heutink International, das weltweit die besten pedagogischen Marken anbietet, die auf spielerisches Lernen ausgerichtet sind.<\/p>\n<p>Dieses <a href=\"https:\/\/teiaeducation.ch\/product-category\/education-method\/the-montessori-pedagogy-materials-toys\/\">Montessori<\/a> Material ist f\u00fcr Kinder im Alter von 3-6 Jahren geeignet.<\/p>\n<p>Inhalt:<\/p>\n<p>10 solide geometrische Formen aus Holz, blau bemalt<br \/>\n3 St\u00e4nder f\u00fcr die runden K\u00f6rper<\/p>\n<p><em>We currently do not have this item in stock, but it is available on pre-order. We will order this item for you from our supplier. Due to importation from the European Union to Switzerland please allow 2 to maximum 3 weeks for delivery. <\/em><\/p>\n\t<div id=\"gap-1982524852\" class=\"gap-element clearfix\" style=\"display:block; height:auto;\">\n\t\t\n<style>\n#gap-1982524852 {\n  padding-top: 20px;\n}\n<\/style>\n\t<\/div>\n\t\n","protected":false},"excerpt":{"rendered":"<p>Artikelnummer: 004800<\/p>\n<p>Die Nienhuis Montessori geometrische K\u00f6rper sind zehn solide h\u00f6lzerne Formen und Sinnesmaterial, die das Kind auf feste Geometrie einzuf\u00fchren.<\/p>\n","protected":false},"featured_media":49558,"comment_status":"closed","ping_status":"closed","template":"","meta":[],"product_brand":[],"product_cat":[21445,21479,21550,21544,21648,21509,21537,21498,21481,21443,21572,21494,21557,21562,21655,21564],"product_tag":[23647,23648,23642,23649,23100,23643,23469,23120,23470,23119,23645,23644,23471,23472,23646],"class_list":{"0":"post-49557","1":"product","2":"type-product","3":"status-publish","4":"has-post-thumbnail","6":"product_cat-3-6-jahre-vorschule","7":"product_cat-lernmaterialien-spielzeug-montessori-waldorf-steiner-froebel","8":"product_cat-formen","9":"product_cat-geometrie-de","10":"product_cat-geometrie-nienhuis-montessori","11":"product_cat-lernthemen","12":"product_cat-mathematik-rechnen","13":"product_cat-montessori-materialien-fuer-zuhause-schulbedarf-fuer-zuhause","14":"product_cat-montessori-paedagogik-material-spielzeug","15":"product_cat-nach-alter","16":"product_cat-nienhuis-montessori-schweiz","17":"product_cat-schulbedarf-fuer-zuhause","18":"product_cat-sensorische-motorische-fertigkeiten","19":"product_cat-sinne","20":"product_cat-sinnesmaterial-nienhuis-montessori","21":"product_cat-unsere-marken","22":"product_tag-festkorpergeometrie-montessori","23":"product_tag-geometrie-montessori-de","24":"product_tag-geometrische-korper-montessori","25":"product_tag-geometrische-korper-nienhuis-montessori","26":"product_tag-montessori-de","27":"product_tag-montessori-les-solides-geometriques-de","28":"product_tag-montessori-material-schweiz-de","29":"product_tag-montessori-material-schweiz","30":"product_tag-nienhuis-montessori-schweiz-de-2","31":"product_tag-nienhuis-montessori-schweiz-de","32":"product_tag-sinne-nienhuis-montessori","33":"product_tag-sinnesmaterial-montessori-de","34":"product_tag-sinnesmaterial-montessori","35":"product_tag-sinnesmaterial-nienhuis-montessori","36":"product_tag-stereognostischer-sinn","38":"first","39":"onbackorder","40":"taxable","41":"shipping-taxable","42":"purchasable","43":"product-type-simple"},"yoast_head":"<!-- This site is optimized with the Yoast SEO Premium plugin v25.8 (Yoast SEO v27.4) - https:\/\/yoast.com\/product\/yoast-seo-premium-wordpress\/ -->\n<title>Geometrische K\u00f6rper - Nienhuis Montessori<\/title>\n<meta name=\"description\" content=\"Die geometrische K\u00f6rper von Nienhuis Montessori sind Sinnesmaterial und f\u00fchren in die Geometrie ein, indem sie zu greifbaren Objekten werden.\" \/>\n<meta name=\"robots\" content=\"index, follow, max-snippet:-1, max-image-preview:large, max-video-preview:-1\" \/>\n<link rel=\"canonical\" href=\"https:\/\/teiaeducation.ch\/de\/produkt\/geometrische-korper-nienhuis-montessori\/\" \/>\n<meta property=\"og:locale\" content=\"de_DE\" \/>\n<meta property=\"og:type\" content=\"article\" \/>\n<meta property=\"og:title\" content=\"Geometrische K\u00f6rper - Nienhuis Montessori\" \/>\n<meta property=\"og:description\" content=\"Die geometrische K\u00f6rper von Nienhuis Montessori sind Sinnesmaterial und f\u00fchren in die Geometrie ein, indem sie zu greifbaren Objekten werden.\" \/>\n<meta property=\"og:url\" content=\"https:\/\/teiaeducation.ch\/de\/produkt\/geometrische-korper-nienhuis-montessori\/\" \/>\n<meta property=\"og:site_name\" content=\"Sustainable Educational Products &amp; Ecological Toys\u00a0\" \/>\n<meta property=\"article:publisher\" content=\"https:\/\/www.facebook.com\/teiaeducation\/\" \/>\n<meta property=\"article:modified_time\" content=\"2023-12-22T12:58:21+00:00\" \/>\n<meta property=\"og:image\" content=\"https:\/\/teiaeducation.ch\/wp-content\/uploads\/2018\/12\/004800.jpg\" \/>\n\t<meta property=\"og:image:width\" content=\"900\" \/>\n\t<meta property=\"og:image:height\" content=\"900\" \/>\n\t<meta property=\"og:image:type\" content=\"image\/jpeg\" \/>\n<script type=\"application\/ld+json\" class=\"yoast-schema-graph\">{\"@context\":\"https:\\\/\\\/schema.org\",\"@graph\":[{\"@type\":\"WebPage\",\"@id\":\"https:\\\/\\\/teiaeducation.ch\\\/de\\\/produkt\\\/geometrische-korper-nienhuis-montessori\\\/\",\"url\":\"https:\\\/\\\/teiaeducation.ch\\\/de\\\/produkt\\\/geometrische-korper-nienhuis-montessori\\\/\",\"name\":\"Geometrische K\u00f6rper - Nienhuis Montessori\",\"isPartOf\":{\"@id\":\"https:\\\/\\\/teiaeducation.ch\\\/de\\\/#website\"},\"primaryImageOfPage\":{\"@id\":\"https:\\\/\\\/teiaeducation.ch\\\/de\\\/produkt\\\/geometrische-korper-nienhuis-montessori\\\/#primaryimage\"},\"image\":{\"@id\":\"https:\\\/\\\/teiaeducation.ch\\\/de\\\/produkt\\\/geometrische-korper-nienhuis-montessori\\\/#primaryimage\"},\"thumbnailUrl\":\"https:\\\/\\\/teiaeducation.ch\\\/wp-content\\\/uploads\\\/2018\\\/12\\\/004800.jpg\",\"datePublished\":\"2018-12-01T18:39:01+00:00\",\"dateModified\":\"2023-12-22T12:58:21+00:00\",\"description\":\"Die geometrische K\u00f6rper von Nienhuis Montessori sind Sinnesmaterial und f\u00fchren in die Geometrie ein, indem sie zu greifbaren Objekten werden.\",\"breadcrumb\":{\"@id\":\"https:\\\/\\\/teiaeducation.ch\\\/de\\\/produkt\\\/geometrische-korper-nienhuis-montessori\\\/#breadcrumb\"},\"inLanguage\":\"de-CH\",\"potentialAction\":[{\"@type\":\"ReadAction\",\"target\":[\"https:\\\/\\\/teiaeducation.ch\\\/de\\\/produkt\\\/geometrische-korper-nienhuis-montessori\\\/\"]}]},{\"@type\":\"ImageObject\",\"inLanguage\":\"de-CH\",\"@id\":\"https:\\\/\\\/teiaeducation.ch\\\/de\\\/produkt\\\/geometrische-korper-nienhuis-montessori\\\/#primaryimage\",\"url\":\"https:\\\/\\\/teiaeducation.ch\\\/wp-content\\\/uploads\\\/2018\\\/12\\\/004800.jpg\",\"contentUrl\":\"https:\\\/\\\/teiaeducation.ch\\\/wp-content\\\/uploads\\\/2018\\\/12\\\/004800.jpg\",\"width\":900,\"height\":900,\"caption\":\"Sinnesmaterial Geometrische K\u00f6rper - Nienhuis Montessori\"},{\"@type\":\"BreadcrumbList\",\"@id\":\"https:\\\/\\\/teiaeducation.ch\\\/de\\\/produkt\\\/geometrische-korper-nienhuis-montessori\\\/#breadcrumb\",\"itemListElement\":[{\"@type\":\"ListItem\",\"position\":1,\"name\":\"Home\",\"item\":\"https:\\\/\\\/teiaeducation.ch\\\/de\\\/\"},{\"@type\":\"ListItem\",\"position\":2,\"name\":\"Laden\",\"item\":\"https:\\\/\\\/teiaeducation.ch\\\/de\\\/shop\\\/\"},{\"@type\":\"ListItem\",\"position\":3,\"name\":\"Lernthemen\",\"item\":\"https:\\\/\\\/teiaeducation.ch\\\/de\\\/produkt-kategorie\\\/lernthemen\\\/\"},{\"@type\":\"ListItem\",\"position\":4,\"name\":\"Mathematik &amp; Rechnen\",\"item\":\"https:\\\/\\\/teiaeducation.ch\\\/de\\\/produkt-kategorie\\\/lernthemen\\\/mathematik-rechnen\\\/\"},{\"@type\":\"ListItem\",\"position\":5,\"name\":\"Formen\",\"item\":\"https:\\\/\\\/teiaeducation.ch\\\/de\\\/produkt-kategorie\\\/lernthemen\\\/mathematik-rechnen\\\/formen\\\/\"},{\"@type\":\"ListItem\",\"position\":6,\"name\":\"Geometrische K\u00f6rper &#8211; Nienhuis Montessori\"}]},{\"@type\":\"WebSite\",\"@id\":\"https:\\\/\\\/teiaeducation.ch\\\/de\\\/#website\",\"url\":\"https:\\\/\\\/teiaeducation.ch\\\/de\\\/\",\"name\":\"Sustainable Educational Products &amp; Ecological Toys\u00a0\",\"description\":\"Specialised Swiss shop selling sustainable educational toys and games, AMI certified Montessori materials, handmade ecological wooden Waldorf toys and arts &amp; crafts supplies, school supplies, children&#039;s furniture and Montessori reference and parenting books.\",\"publisher\":{\"@id\":\"https:\\\/\\\/teiaeducation.ch\\\/de\\\/#organization\"},\"alternateName\":\"Teia Education & Play\",\"potentialAction\":[{\"@type\":\"SearchAction\",\"target\":{\"@type\":\"EntryPoint\",\"urlTemplate\":\"https:\\\/\\\/teiaeducation.ch\\\/de\\\/?s={search_term_string}\"},\"query-input\":{\"@type\":\"PropertyValueSpecification\",\"valueRequired\":true,\"valueName\":\"search_term_string\"}}],\"inLanguage\":\"de-CH\"},{\"@type\":\"Organization\",\"@id\":\"https:\\\/\\\/teiaeducation.ch\\\/de\\\/#organization\",\"name\":\"Teia Education & Play\",\"url\":\"https:\\\/\\\/teiaeducation.ch\\\/de\\\/\",\"logo\":{\"@type\":\"ImageObject\",\"inLanguage\":\"de-CH\",\"@id\":\"https:\\\/\\\/teiaeducation.ch\\\/de\\\/#\\\/schema\\\/logo\\\/image\\\/\",\"url\":\"https:\\\/\\\/teiaeducation.ch\\\/wp-content\\\/uploads\\\/2020\\\/11\\\/Teia-Education-Switzerland-e1620156442216.jpg\",\"contentUrl\":\"https:\\\/\\\/teiaeducation.ch\\\/wp-content\\\/uploads\\\/2020\\\/11\\\/Teia-Education-Switzerland-e1620156442216.jpg\",\"width\":166,\"height\":145,\"caption\":\"Teia Education & Play\"},\"image\":{\"@id\":\"https:\\\/\\\/teiaeducation.ch\\\/de\\\/#\\\/schema\\\/logo\\\/image\\\/\"},\"sameAs\":[\"https:\\\/\\\/www.facebook.com\\\/teiaeducation\\\/\",\"https:\\\/\\\/x.com\\\/EducationTeia\",\"https:\\\/\\\/www.instagram.com\\\/teia.education\\\/\",\"https:\\\/\\\/www.linkedin.com\\\/company\\\/35501660\",\"https:\\\/\\\/www.pinterest.ch\\\/TeiaEducation\\\/\"]}]}<\/script>\n<meta property=\"product:price:amount\" content=\"217.50\" \/>\n<meta property=\"product:price:currency\" content=\"CHF\" \/>\n<meta property=\"og:availability\" content=\"backorder\" \/>\n<meta property=\"product:availability\" content=\"available for order\" \/>\n<meta property=\"product:retailer_item_id\" content=\"00000000000000000000000000000000000000000000002379\" \/>\n<meta property=\"product:condition\" content=\"new\" \/>\n<!-- \/ Yoast SEO Premium plugin. -->","yoast_head_json":{"title":"Geometrische K\u00f6rper - Nienhuis Montessori","description":"Die geometrische K\u00f6rper von Nienhuis Montessori sind Sinnesmaterial und f\u00fchren in die Geometrie ein, indem sie zu greifbaren Objekten werden.","robots":{"index":"index","follow":"follow","max-snippet":"max-snippet:-1","max-image-preview":"max-image-preview:large","max-video-preview":"max-video-preview:-1"},"canonical":"https:\/\/teiaeducation.ch\/de\/produkt\/geometrische-korper-nienhuis-montessori\/","og_locale":"de_DE","og_type":"article","og_title":"Geometrische K\u00f6rper - Nienhuis Montessori","og_description":"Die geometrische K\u00f6rper von Nienhuis Montessori sind Sinnesmaterial und f\u00fchren in die Geometrie ein, indem sie zu greifbaren Objekten werden.","og_url":"https:\/\/teiaeducation.ch\/de\/produkt\/geometrische-korper-nienhuis-montessori\/","og_site_name":"Sustainable Educational Products &amp; Ecological Toys\u00a0","article_publisher":"https:\/\/www.facebook.com\/teiaeducation\/","article_modified_time":"2023-12-22T12:58:21+00:00","og_image":[{"width":900,"height":900,"url":"https:\/\/teiaeducation.ch\/wp-content\/uploads\/2018\/12\/004800.jpg","type":"image\/jpeg"}],"schema":{"@context":"https:\/\/schema.org","@graph":[{"@type":"WebPage","@id":"https:\/\/teiaeducation.ch\/de\/produkt\/geometrische-korper-nienhuis-montessori\/","url":"https:\/\/teiaeducation.ch\/de\/produkt\/geometrische-korper-nienhuis-montessori\/","name":"Geometrische K\u00f6rper - Nienhuis Montessori","isPartOf":{"@id":"https:\/\/teiaeducation.ch\/de\/#website"},"primaryImageOfPage":{"@id":"https:\/\/teiaeducation.ch\/de\/produkt\/geometrische-korper-nienhuis-montessori\/#primaryimage"},"image":{"@id":"https:\/\/teiaeducation.ch\/de\/produkt\/geometrische-korper-nienhuis-montessori\/#primaryimage"},"thumbnailUrl":"https:\/\/teiaeducation.ch\/wp-content\/uploads\/2018\/12\/004800.jpg","datePublished":"2018-12-01T18:39:01+00:00","dateModified":"2023-12-22T12:58:21+00:00","description":"Die geometrische K\u00f6rper von Nienhuis Montessori sind Sinnesmaterial und f\u00fchren in die Geometrie ein, indem sie zu greifbaren Objekten werden.","breadcrumb":{"@id":"https:\/\/teiaeducation.ch\/de\/produkt\/geometrische-korper-nienhuis-montessori\/#breadcrumb"},"inLanguage":"de-CH","potentialAction":[{"@type":"ReadAction","target":["https:\/\/teiaeducation.ch\/de\/produkt\/geometrische-korper-nienhuis-montessori\/"]}]},{"@type":"ImageObject","inLanguage":"de-CH","@id":"https:\/\/teiaeducation.ch\/de\/produkt\/geometrische-korper-nienhuis-montessori\/#primaryimage","url":"https:\/\/teiaeducation.ch\/wp-content\/uploads\/2018\/12\/004800.jpg","contentUrl":"https:\/\/teiaeducation.ch\/wp-content\/uploads\/2018\/12\/004800.jpg","width":900,"height":900,"caption":"Sinnesmaterial Geometrische K\u00f6rper - Nienhuis Montessori"},{"@type":"BreadcrumbList","@id":"https:\/\/teiaeducation.ch\/de\/produkt\/geometrische-korper-nienhuis-montessori\/#breadcrumb","itemListElement":[{"@type":"ListItem","position":1,"name":"Home","item":"https:\/\/teiaeducation.ch\/de\/"},{"@type":"ListItem","position":2,"name":"Laden","item":"https:\/\/teiaeducation.ch\/de\/shop\/"},{"@type":"ListItem","position":3,"name":"Lernthemen","item":"https:\/\/teiaeducation.ch\/de\/produkt-kategorie\/lernthemen\/"},{"@type":"ListItem","position":4,"name":"Mathematik &amp; Rechnen","item":"https:\/\/teiaeducation.ch\/de\/produkt-kategorie\/lernthemen\/mathematik-rechnen\/"},{"@type":"ListItem","position":5,"name":"Formen","item":"https:\/\/teiaeducation.ch\/de\/produkt-kategorie\/lernthemen\/mathematik-rechnen\/formen\/"},{"@type":"ListItem","position":6,"name":"Geometrische K\u00f6rper &#8211; Nienhuis Montessori"}]},{"@type":"WebSite","@id":"https:\/\/teiaeducation.ch\/de\/#website","url":"https:\/\/teiaeducation.ch\/de\/","name":"Sustainable Educational Products &amp; Ecological Toys\u00a0","description":"Specialised Swiss shop selling sustainable educational toys and games, AMI certified Montessori materials, handmade ecological wooden Waldorf toys and arts &amp; crafts supplies, school supplies, children&#039;s furniture and Montessori reference and parenting books.","publisher":{"@id":"https:\/\/teiaeducation.ch\/de\/#organization"},"alternateName":"Teia Education & Play","potentialAction":[{"@type":"SearchAction","target":{"@type":"EntryPoint","urlTemplate":"https:\/\/teiaeducation.ch\/de\/?s={search_term_string}"},"query-input":{"@type":"PropertyValueSpecification","valueRequired":true,"valueName":"search_term_string"}}],"inLanguage":"de-CH"},{"@type":"Organization","@id":"https:\/\/teiaeducation.ch\/de\/#organization","name":"Teia Education & Play","url":"https:\/\/teiaeducation.ch\/de\/","logo":{"@type":"ImageObject","inLanguage":"de-CH","@id":"https:\/\/teiaeducation.ch\/de\/#\/schema\/logo\/image\/","url":"https:\/\/teiaeducation.ch\/wp-content\/uploads\/2020\/11\/Teia-Education-Switzerland-e1620156442216.jpg","contentUrl":"https:\/\/teiaeducation.ch\/wp-content\/uploads\/2020\/11\/Teia-Education-Switzerland-e1620156442216.jpg","width":166,"height":145,"caption":"Teia Education & Play"},"image":{"@id":"https:\/\/teiaeducation.ch\/de\/#\/schema\/logo\/image\/"},"sameAs":["https:\/\/www.facebook.com\/teiaeducation\/","https:\/\/x.com\/EducationTeia","https:\/\/www.instagram.com\/teia.education\/","https:\/\/www.linkedin.com\/company\/35501660","https:\/\/www.pinterest.ch\/TeiaEducation\/"]}]},"product_price_amount":"217.50","product_price_currency":"CHF","og_availability":"backorder","product_availability":"available for order","product_retailer_item_id":"00000000000000000000000000000000000000000000002379","product_condition":"new"},"_links":{"self":[{"href":"https:\/\/teiaeducation.ch\/de\/wp-json\/wp\/v2\/product\/49557","targetHints":{"allow":["GET"]}}],"collection":[{"href":"https:\/\/teiaeducation.ch\/de\/wp-json\/wp\/v2\/product"}],"about":[{"href":"https:\/\/teiaeducation.ch\/de\/wp-json\/wp\/v2\/types\/product"}],"replies":[{"embeddable":true,"href":"https:\/\/teiaeducation.ch\/de\/wp-json\/wp\/v2\/comments?post=49557"}],"wp:featuredmedia":[{"embeddable":true,"href":"https:\/\/teiaeducation.ch\/de\/wp-json\/wp\/v2\/media\/49558"}],"wp:attachment":[{"href":"https:\/\/teiaeducation.ch\/de\/wp-json\/wp\/v2\/media?parent=49557"}],"wp:term":[{"taxonomy":"product_brand","embeddable":true,"href":"https:\/\/teiaeducation.ch\/de\/wp-json\/wp\/v2\/product_brand?post=49557"},{"taxonomy":"product_cat","embeddable":true,"href":"https:\/\/teiaeducation.ch\/de\/wp-json\/wp\/v2\/product_cat?post=49557"},{"taxonomy":"product_tag","embeddable":true,"href":"https:\/\/teiaeducation.ch\/de\/wp-json\/wp\/v2\/product_tag?post=49557"}],"curies":[{"name":"wp","href":"https:\/\/api.w.org\/{rel}","templated":true}]}}