{"id":50159,"date":"2023-12-23T13:55:36","date_gmt":"2023-12-23T12:55:36","guid":{"rendered":"https:\/\/teiaeducation.ch\/product\/umhang-aus-seide-in-farbe-ozean-sarahs-silks\/"},"modified":"2024-11-11T21:53:09","modified_gmt":"2024-11-11T20:53:09","slug":"umhang-aus-seide-in-farbe-ozean-sarahs-silks","status":"publish","type":"product","link":"https:\/\/teiaeducation.ch\/de\/produkt\/umhang-aus-seide-in-farbe-ozean-sarahs-silks\/","title":{"rendered":"Umhang aus Seide in Farbe Ozean &#8211; Sarah&#8217;s Silks"},"content":{"rendered":"<p>Ein wundersch\u00f6nes, Waldorf-inspiriertes Sarah&#8217;s Silks Umhang aus nat\u00fcrlicher Seide in der leuchtenden Farbvariante verzauberter ozean f\u00fcr <a href=\"https:\/\/teiaeducation.ch\/de\/produkt-kategorie\/feier-festlichkeiten\/geburtstage\/\">Geburtstagsfeiern<\/a>\u00a0und Verkleidungen. Der Umhang passt den meisten Kindern im Alter von 3 bis 7 Jahren und ist etwa 82 Zentimeter lang. Er wird in den USA aus 100% fair gehandelter Seide hergestellt, von Hand ges\u00e4umt und mit ungiftigem, umweltfreundlichem Farbstoff gef\u00e4rbt. Das elastische Halsband und die Satinb\u00e4nder erm\u00f6glichen ein einfaches An- und Ausziehen des Umhangs.<\/p>\n<p>Der Umhang ist ein unverzichtbares Element f\u00fcr Geburtstage, gepaart mit einer <a href=\"https:\/\/teiaeducation.ch\/de\/produkt\/wendbare-geburtstagskrone-seide-regenbogen-rose-sarahs-silks\/\">Krone<\/a>, Verkleidungen und Ausfl\u00fcgen in die Welt der <a href=\"https:\/\/teiaeducation.ch\/de\/produkt-kategorie\/bildungsmethode\/waldorf-steiner-paedagogik\/\">Waldorf<\/a>-Fantasie und des fantasievollen Spiels. Der Umhang verwandelt das Kind in eine Fee, eine Prinzessin oder alles, was es sich vorstellen kann. Der Umhang aus Seide ist weich und flie\u00dfend und wird jahrelang in der Verkleidungskiste Ihres Kindes bleiben.<\/p>\n<p>Inhalt:<\/p>\n<p>1 Umhang aus Seide in Farbe Ozean aus 100% Seide (82 cm)<\/p>\n<h2>Pflegehinweise<\/h2>\n<p>Waschen mit der Hand, trocknen es auf der Leine und b\u00fcgeln es auf mittlerer Stufe, um den nat\u00fcrlichen Glanz der Seide wiederherzustellen \u2013 bitte beachten Sie die Schritt-f\u00fcr-Schritt-<a href=\"https:\/\/www.sarahssilks.com\/blogs\/journal\/how-to-wash-playsilks\">Anleitung<\/a> von Sarah\u2019s Silks um Ihre Seidenartikel zu waschen.<\/p>\n<h2>R\u00fcckgaberecht<\/h2>\n<p>Alle zur\u00fcckgesandten Artikel m\u00fcssen sich in ihrem Originalzustand befinden und die Originalverpackung sowie die Etiketten m\u00fcssen angebracht und intakt sein. Gebrauchte oder gewaschene Artikel k\u00f6nnen nicht zur\u00fcckgegeben werden.<\/p>\n<h2>\u00dcber Sarah&#8217;s Silks<\/h2>\n<p><a href=\"https:\/\/teiaeducation.ch\/product-category\/brands\/sarahs-silks\/\">Sarah&#8217;s Silks<\/a> ist ein Familienunternehmen mit Sitz in den USA, das sich auf <a href=\"https:\/\/teiaeducation.ch\/product-category\/education-method\/waldorf-steiner-toys-craft-materials\/\">Waldorf<\/a> inspiriertes, <a href=\"https:\/\/teiaeducation.ch\/product-category\/play\/nature-play\/\">nat\u00fcrliches<\/a> und nachhaltiges Spielzeug spezialisiert hat, das die <a href=\"https:\/\/teiaeducation.ch\/product-category\/play\/imaginative-role-play\/\">Fantasie<\/a> der Kinder anregt. Die Mission von Sarah&#8217;s Silks ist es, nachhaltiges, offenes und freies Spielzeug herzustellen, das unsere Kinder lehrt Mutter Erde zu lieben und zu pflegen. Die wundersch\u00f6nen Sarah&#8217;s Silks Seidenspielt\u00fccher, Baumwollspielt\u00fccher, Umh\u00e4nge, Feenkleider und Luftschlangen sind perfekt f\u00fcr das freie Spiel, das Verkleiden und das dramatische Spiel in Waldorfh\u00e4usern, Kinderg\u00e4rten und <a href=\"https:\/\/teiaeducation.ch\/waldorf-steiner-schools-supplies\/\">Steiner Schulen<\/a>.<\/p>\n<p>Alle Sarah&#8217;s Silks Seidenkost\u00fcme, Spielzeuge und Seidenspielt\u00fccher werden aus hochwertiger, nachhaltiger chinesischer Seide hergestellt. Jedes Seidenprodukt wird von N\u00e4herinnen gewebt, gef\u00e4rbt und von Hand ges\u00e4umt, die in einem kleinen Dorf in der N\u00e4he von Suzhou, China, arbeiten. Sie werden anschlie\u00dfend in Sonoma County, Kalifornien, USA, handbemalt und handgefertigt.<\/p>\n<p>Kinder lieben die leuchtenden, sch\u00f6n gemischten Farben und die weiche, f\u00fchlbare Haptik der Seidenspielt\u00fccher, Baumwollspielt\u00fccher und Umh\u00e4nge. Sie werden mit ungiftigen, umweltfreundlichen Farbstoffen und nat\u00fcrlichen Fasern aus 100% echter Seide und 100% Baumwolle hergestellt und haben strenge amerikanische und europ\u00e4ische Sicherheitstests bestanden und sind f\u00fcr Kinder jeden Alters geeignet.<\/p>\n","protected":false},"excerpt":{"rendered":"<p>Artikelnummer: 35395312<\/p>\n<p>Ein wundersch\u00f6nes, Waldorf-inspiriertes Sarah&#8217;s Silks Umhang aus nat\u00fcrlicher Seide f\u00fcr Geburtstagsfeiern und Verkleidungen in verzauberter Ozean.<\/p>\n","protected":false},"featured_media":40706,"comment_status":"open","ping_status":"closed","template":"","meta":[],"product_brand":[32610],"product_cat":[21445,21446,21479,21465,21690,22347,21487,21492,21484,21443,21563,21687,21666,21695,21678,21685,21564,25826,21483,22919],"product_tag":[22145,23738,23734,22920,22938,22937,23740,23739,23735,22939,22940,23736,21741],"class_list":{"0":"post-50159","1":"product","2":"type-product","3":"status-publish","4":"has-post-thumbnail","6":"product_brand-sarahs-silks","7":"product_cat-3-6-jahre-vorschule","8":"product_cat-6-12-jahre-grundschule","9":"product_cat-lernmaterialien-spielzeug-montessori-waldorf-steiner-froebel","10":"product_cat-feier-festlichkeiten","11":"product_cat-spiele-mit-offenem-ende","12":"product_cat-geburtstage","13":"product_cat-geschenk-guide-3-6-jahre-vorschule","14":"product_cat-geschenk-guide-stoffspielzeug","15":"product_cat-geschenk-guides","16":"product_cat-nach-alter","17":"product_cat-neuheiten","18":"product_cat-phantasievoll-rollenspiel","19":"product_cat-sarahs-silks-de","20":"product_cat-sinnliches-spiel","21":"product_cat-kinder-spielzeug","22":"product_cat-stoffspielzeug","23":"product_cat-unsere-marken","24":"product_cat-verkleidungen","25":"product_cat-waldorf-steiner-paedagogik","26":"product_cat-waldorfspielzeug","27":"product_tag-heuristisches-spiel-waldorf","28":"product_tag-sarahs-silks-geburtstagsumhang","29":"product_tag-sarahs-silks-playsilks-de","30":"product_tag-sarahs-silks-schweiz-de","31":"product_tag-sarahs-silks-schweiz-de-2","32":"product_tag-sarahs-silks-suisse-de","33":"product_tag-sarahs-silks-umhang-seide-ozean","34":"product_tag-sarahs-silks-umhang-seide-wuste","35":"product_tag-sarahs-silks-verzauberte-seide-regenbogen-umhang","36":"product_tag-waldorf-seidentuch","37":"product_tag-waldorf-spielstoffe","38":"product_tag-waldorf-verkleidungsumhang","39":"product_tag-waldorfspielzeug","41":"first","42":"outofstock","43":"taxable","44":"shipping-taxable","45":"purchasable","46":"product-type-simple"},"yoast_head":"<!-- This site is optimized with the Yoast SEO plugin v27.1.1 - https:\/\/yoast.com\/product\/yoast-seo-wordpress\/ -->\n<title>Umhang aus Seide in Farbe Ozean - Sarah&#039;s Silks<\/title>\n<meta name=\"description\" content=\"Ein wundersch\u00f6nes, Waldorf-inspiriertes Sarah&#039;s Silks Umhang aus nat\u00fcrlicher Seide f\u00fcr Geburtstagsfeiern und Verkleidungen in verzauberter ozean.\" \/>\n<meta name=\"robots\" content=\"index, follow, max-snippet:-1, max-image-preview:large, max-video-preview:-1\" \/>\n<link rel=\"canonical\" href=\"https:\/\/teiaeducation.ch\/de\/produkt\/umhang-aus-seide-in-farbe-ozean-sarahs-silks\/\" \/>\n<meta property=\"og:locale\" content=\"de_DE\" \/>\n<meta property=\"og:type\" content=\"article\" \/>\n<meta property=\"og:title\" content=\"Umhang aus Seide in Farbe Ozean - Sarah&#039;s Silks\" \/>\n<meta property=\"og:description\" content=\"Ein wundersch\u00f6nes, Waldorf-inspiriertes Sarah&#039;s Silks Umhang aus nat\u00fcrlicher Seide f\u00fcr Geburtstagsfeiern und Verkleidungen in verzauberter ozean.\" \/>\n<meta property=\"og:url\" content=\"https:\/\/teiaeducation.ch\/de\/produkt\/umhang-aus-seide-in-farbe-ozean-sarahs-silks\/\" \/>\n<meta property=\"og:site_name\" content=\"Sustainable Educational Products &amp; Ecological Toys\u00a0\" \/>\n<meta property=\"article:publisher\" content=\"https:\/\/www.facebook.com\/teiaeducation\/\" \/>\n<meta property=\"article:modified_time\" content=\"2024-11-11T20:53:09+00:00\" \/>\n<meta property=\"og:image\" content=\"https:\/\/teiaeducation.ch\/wp-content\/uploads\/2021\/09\/Waldorf-inspired-silk-cape-ocean-Sarahs-Silk5.jpg\" \/>\n\t<meta property=\"og:image:width\" content=\"1080\" \/>\n\t<meta property=\"og:image:height\" content=\"1350\" \/>\n\t<meta property=\"og:image:type\" content=\"image\/jpeg\" \/>\n<script type=\"application\/ld+json\" class=\"yoast-schema-graph\">{\"@context\":\"https:\/\/schema.org\",\"@graph\":[{\"@type\":\"WebPage\",\"@id\":\"https:\/\/teiaeducation.ch\/de\/produkt\/umhang-aus-seide-in-farbe-ozean-sarahs-silks\/\",\"url\":\"https:\/\/teiaeducation.ch\/de\/produkt\/umhang-aus-seide-in-farbe-ozean-sarahs-silks\/\",\"name\":\"Umhang aus Seide in Farbe Ozean - Sarah's Silks\",\"isPartOf\":{\"@id\":\"https:\/\/teiaeducation.ch\/de\/#website\"},\"primaryImageOfPage\":{\"@id\":\"https:\/\/teiaeducation.ch\/de\/produkt\/umhang-aus-seide-in-farbe-ozean-sarahs-silks\/#primaryimage\"},\"image\":{\"@id\":\"https:\/\/teiaeducation.ch\/de\/produkt\/umhang-aus-seide-in-farbe-ozean-sarahs-silks\/#primaryimage\"},\"thumbnailUrl\":\"https:\/\/teiaeducation.ch\/wp-content\/uploads\/2021\/09\/Waldorf-inspired-silk-cape-ocean-Sarahs-Silk5.jpg\",\"datePublished\":\"2023-12-23T12:55:36+00:00\",\"dateModified\":\"2024-11-11T20:53:09+00:00\",\"description\":\"Ein wundersch\u00f6nes, Waldorf-inspiriertes Sarah's Silks Umhang aus nat\u00fcrlicher Seide f\u00fcr Geburtstagsfeiern und Verkleidungen in verzauberter ozean.\",\"breadcrumb\":{\"@id\":\"https:\/\/teiaeducation.ch\/de\/produkt\/umhang-aus-seide-in-farbe-ozean-sarahs-silks\/#breadcrumb\"},\"inLanguage\":\"de-CH\",\"potentialAction\":[{\"@type\":\"ReadAction\",\"target\":[\"https:\/\/teiaeducation.ch\/de\/produkt\/umhang-aus-seide-in-farbe-ozean-sarahs-silks\/\"]}]},{\"@type\":\"ImageObject\",\"inLanguage\":\"de-CH\",\"@id\":\"https:\/\/teiaeducation.ch\/de\/produkt\/umhang-aus-seide-in-farbe-ozean-sarahs-silks\/#primaryimage\",\"url\":\"https:\/\/teiaeducation.ch\/wp-content\/uploads\/2021\/09\/Waldorf-inspired-silk-cape-ocean-Sarahs-Silk5.jpg\",\"contentUrl\":\"https:\/\/teiaeducation.ch\/wp-content\/uploads\/2021\/09\/Waldorf-inspired-silk-cape-ocean-Sarahs-Silk5.jpg\",\"width\":1080,\"height\":1350,\"caption\":\"Waldorf inspirierter Umhang aus Seide Ozean - Sarah's Silk\"},{\"@type\":\"BreadcrumbList\",\"@id\":\"https:\/\/teiaeducation.ch\/de\/produkt\/umhang-aus-seide-in-farbe-ozean-sarahs-silks\/#breadcrumb\",\"itemListElement\":[{\"@type\":\"ListItem\",\"position\":1,\"name\":\"Home\",\"item\":\"https:\/\/teiaeducation.ch\/de\/\"},{\"@type\":\"ListItem\",\"position\":2,\"name\":\"Laden\",\"item\":\"https:\/\/teiaeducation.ch\/de\/shop\/\"},{\"@type\":\"ListItem\",\"position\":3,\"name\":\"Unsere Marken\",\"item\":\"https:\/\/teiaeducation.ch\/de\/produkt-kategorie\/unsere-marken\/\"},{\"@type\":\"ListItem\",\"position\":4,\"name\":\"Sarah's Silks\",\"item\":\"https:\/\/teiaeducation.ch\/de\/produkt-kategorie\/unsere-marken\/sarahs-silks-de\/\"},{\"@type\":\"ListItem\",\"position\":5,\"name\":\"Verkleidungen\",\"item\":\"https:\/\/teiaeducation.ch\/de\/produkt-kategorie\/unsere-marken\/sarahs-silks-de\/verkleidungen\/\"},{\"@type\":\"ListItem\",\"position\":6,\"name\":\"Umhang aus Seide in Farbe Ozean &#8211; Sarah&#8217;s Silks\"}]},{\"@type\":\"WebSite\",\"@id\":\"https:\/\/teiaeducation.ch\/de\/#website\",\"url\":\"https:\/\/teiaeducation.ch\/de\/\",\"name\":\"Sustainable Educational Products &amp; Ecological Toys\u00a0\",\"description\":\"Specialised Swiss shop selling sustainable educational toys and games, AMI certified Montessori materials, handmade ecological wooden Waldorf toys and arts &amp; crafts supplies, school supplies, children&#039;s furniture and Montessori reference and parenting books.\",\"publisher\":{\"@id\":\"https:\/\/teiaeducation.ch\/de\/#organization\"},\"alternateName\":\"Teia Education & Play\",\"potentialAction\":[{\"@type\":\"SearchAction\",\"target\":{\"@type\":\"EntryPoint\",\"urlTemplate\":\"https:\/\/teiaeducation.ch\/de\/?s={search_term_string}\"},\"query-input\":{\"@type\":\"PropertyValueSpecification\",\"valueRequired\":true,\"valueName\":\"search_term_string\"}}],\"inLanguage\":\"de-CH\"},{\"@type\":\"Organization\",\"@id\":\"https:\/\/teiaeducation.ch\/de\/#organization\",\"name\":\"Teia Education & Play\",\"url\":\"https:\/\/teiaeducation.ch\/de\/\",\"logo\":{\"@type\":\"ImageObject\",\"inLanguage\":\"de-CH\",\"@id\":\"https:\/\/teiaeducation.ch\/de\/#\/schema\/logo\/image\/\",\"url\":\"https:\/\/teiaeducation.ch\/wp-content\/uploads\/2020\/11\/Teia-Education-Switzerland-e1620156442216.jpg\",\"contentUrl\":\"https:\/\/teiaeducation.ch\/wp-content\/uploads\/2020\/11\/Teia-Education-Switzerland-e1620156442216.jpg\",\"width\":166,\"height\":145,\"caption\":\"Teia Education & Play\"},\"image\":{\"@id\":\"https:\/\/teiaeducation.ch\/de\/#\/schema\/logo\/image\/\"},\"sameAs\":[\"https:\/\/www.facebook.com\/teiaeducation\/\",\"https:\/\/x.com\/EducationTeia\",\"https:\/\/www.instagram.com\/teia.education\/\",\"https:\/\/www.linkedin.com\/company\/35501660\",\"https:\/\/www.pinterest.ch\/TeiaEducation\/\"]}]}<\/script>\n<!-- \/ Yoast SEO plugin. -->","yoast_head_json":{"title":"Umhang aus Seide in Farbe Ozean - Sarah's Silks","description":"Ein wundersch\u00f6nes, Waldorf-inspiriertes Sarah's Silks Umhang aus nat\u00fcrlicher Seide f\u00fcr Geburtstagsfeiern und Verkleidungen in verzauberter ozean.","robots":{"index":"index","follow":"follow","max-snippet":"max-snippet:-1","max-image-preview":"max-image-preview:large","max-video-preview":"max-video-preview:-1"},"canonical":"https:\/\/teiaeducation.ch\/de\/produkt\/umhang-aus-seide-in-farbe-ozean-sarahs-silks\/","og_locale":"de_DE","og_type":"article","og_title":"Umhang aus Seide in Farbe Ozean - Sarah's Silks","og_description":"Ein wundersch\u00f6nes, Waldorf-inspiriertes Sarah's Silks Umhang aus nat\u00fcrlicher Seide f\u00fcr Geburtstagsfeiern und Verkleidungen in verzauberter ozean.","og_url":"https:\/\/teiaeducation.ch\/de\/produkt\/umhang-aus-seide-in-farbe-ozean-sarahs-silks\/","og_site_name":"Sustainable Educational Products &amp; Ecological Toys\u00a0","article_publisher":"https:\/\/www.facebook.com\/teiaeducation\/","article_modified_time":"2024-11-11T20:53:09+00:00","og_image":[{"width":1080,"height":1350,"url":"https:\/\/teiaeducation.ch\/wp-content\/uploads\/2021\/09\/Waldorf-inspired-silk-cape-ocean-Sarahs-Silk5.jpg","type":"image\/jpeg"}],"schema":{"@context":"https:\/\/schema.org","@graph":[{"@type":"WebPage","@id":"https:\/\/teiaeducation.ch\/de\/produkt\/umhang-aus-seide-in-farbe-ozean-sarahs-silks\/","url":"https:\/\/teiaeducation.ch\/de\/produkt\/umhang-aus-seide-in-farbe-ozean-sarahs-silks\/","name":"Umhang aus Seide in Farbe Ozean - Sarah's Silks","isPartOf":{"@id":"https:\/\/teiaeducation.ch\/de\/#website"},"primaryImageOfPage":{"@id":"https:\/\/teiaeducation.ch\/de\/produkt\/umhang-aus-seide-in-farbe-ozean-sarahs-silks\/#primaryimage"},"image":{"@id":"https:\/\/teiaeducation.ch\/de\/produkt\/umhang-aus-seide-in-farbe-ozean-sarahs-silks\/#primaryimage"},"thumbnailUrl":"https:\/\/teiaeducation.ch\/wp-content\/uploads\/2021\/09\/Waldorf-inspired-silk-cape-ocean-Sarahs-Silk5.jpg","datePublished":"2023-12-23T12:55:36+00:00","dateModified":"2024-11-11T20:53:09+00:00","description":"Ein wundersch\u00f6nes, Waldorf-inspiriertes Sarah's Silks Umhang aus nat\u00fcrlicher Seide f\u00fcr Geburtstagsfeiern und Verkleidungen in verzauberter ozean.","breadcrumb":{"@id":"https:\/\/teiaeducation.ch\/de\/produkt\/umhang-aus-seide-in-farbe-ozean-sarahs-silks\/#breadcrumb"},"inLanguage":"de-CH","potentialAction":[{"@type":"ReadAction","target":["https:\/\/teiaeducation.ch\/de\/produkt\/umhang-aus-seide-in-farbe-ozean-sarahs-silks\/"]}]},{"@type":"ImageObject","inLanguage":"de-CH","@id":"https:\/\/teiaeducation.ch\/de\/produkt\/umhang-aus-seide-in-farbe-ozean-sarahs-silks\/#primaryimage","url":"https:\/\/teiaeducation.ch\/wp-content\/uploads\/2021\/09\/Waldorf-inspired-silk-cape-ocean-Sarahs-Silk5.jpg","contentUrl":"https:\/\/teiaeducation.ch\/wp-content\/uploads\/2021\/09\/Waldorf-inspired-silk-cape-ocean-Sarahs-Silk5.jpg","width":1080,"height":1350,"caption":"Waldorf inspirierter Umhang aus Seide Ozean - Sarah's Silk"},{"@type":"BreadcrumbList","@id":"https:\/\/teiaeducation.ch\/de\/produkt\/umhang-aus-seide-in-farbe-ozean-sarahs-silks\/#breadcrumb","itemListElement":[{"@type":"ListItem","position":1,"name":"Home","item":"https:\/\/teiaeducation.ch\/de\/"},{"@type":"ListItem","position":2,"name":"Laden","item":"https:\/\/teiaeducation.ch\/de\/shop\/"},{"@type":"ListItem","position":3,"name":"Unsere Marken","item":"https:\/\/teiaeducation.ch\/de\/produkt-kategorie\/unsere-marken\/"},{"@type":"ListItem","position":4,"name":"Sarah's Silks","item":"https:\/\/teiaeducation.ch\/de\/produkt-kategorie\/unsere-marken\/sarahs-silks-de\/"},{"@type":"ListItem","position":5,"name":"Verkleidungen","item":"https:\/\/teiaeducation.ch\/de\/produkt-kategorie\/unsere-marken\/sarahs-silks-de\/verkleidungen\/"},{"@type":"ListItem","position":6,"name":"Umhang aus Seide in Farbe Ozean &#8211; Sarah&#8217;s Silks"}]},{"@type":"WebSite","@id":"https:\/\/teiaeducation.ch\/de\/#website","url":"https:\/\/teiaeducation.ch\/de\/","name":"Sustainable Educational Products &amp; Ecological Toys\u00a0","description":"Specialised Swiss shop selling sustainable educational toys and games, AMI certified Montessori materials, handmade ecological wooden Waldorf toys and arts &amp; crafts supplies, school supplies, children&#039;s furniture and Montessori reference and parenting books.","publisher":{"@id":"https:\/\/teiaeducation.ch\/de\/#organization"},"alternateName":"Teia Education & Play","potentialAction":[{"@type":"SearchAction","target":{"@type":"EntryPoint","urlTemplate":"https:\/\/teiaeducation.ch\/de\/?s={search_term_string}"},"query-input":{"@type":"PropertyValueSpecification","valueRequired":true,"valueName":"search_term_string"}}],"inLanguage":"de-CH"},{"@type":"Organization","@id":"https:\/\/teiaeducation.ch\/de\/#organization","name":"Teia Education & Play","url":"https:\/\/teiaeducation.ch\/de\/","logo":{"@type":"ImageObject","inLanguage":"de-CH","@id":"https:\/\/teiaeducation.ch\/de\/#\/schema\/logo\/image\/","url":"https:\/\/teiaeducation.ch\/wp-content\/uploads\/2020\/11\/Teia-Education-Switzerland-e1620156442216.jpg","contentUrl":"https:\/\/teiaeducation.ch\/wp-content\/uploads\/2020\/11\/Teia-Education-Switzerland-e1620156442216.jpg","width":166,"height":145,"caption":"Teia Education & Play"},"image":{"@id":"https:\/\/teiaeducation.ch\/de\/#\/schema\/logo\/image\/"},"sameAs":["https:\/\/www.facebook.com\/teiaeducation\/","https:\/\/x.com\/EducationTeia","https:\/\/www.instagram.com\/teia.education\/","https:\/\/www.linkedin.com\/company\/35501660","https:\/\/www.pinterest.ch\/TeiaEducation\/"]}]}},"_links":{"self":[{"href":"https:\/\/teiaeducation.ch\/de\/wp-json\/wp\/v2\/product\/50159","targetHints":{"allow":["GET"]}}],"collection":[{"href":"https:\/\/teiaeducation.ch\/de\/wp-json\/wp\/v2\/product"}],"about":[{"href":"https:\/\/teiaeducation.ch\/de\/wp-json\/wp\/v2\/types\/product"}],"replies":[{"embeddable":true,"href":"https:\/\/teiaeducation.ch\/de\/wp-json\/wp\/v2\/comments?post=50159"}],"wp:featuredmedia":[{"embeddable":true,"href":"https:\/\/teiaeducation.ch\/de\/wp-json\/wp\/v2\/media\/40706"}],"wp:attachment":[{"href":"https:\/\/teiaeducation.ch\/de\/wp-json\/wp\/v2\/media?parent=50159"}],"wp:term":[{"taxonomy":"product_brand","embeddable":true,"href":"https:\/\/teiaeducation.ch\/de\/wp-json\/wp\/v2\/product_brand?post=50159"},{"taxonomy":"product_cat","embeddable":true,"href":"https:\/\/teiaeducation.ch\/de\/wp-json\/wp\/v2\/product_cat?post=50159"},{"taxonomy":"product_tag","embeddable":true,"href":"https:\/\/teiaeducation.ch\/de\/wp-json\/wp\/v2\/product_tag?post=50159"}],"curies":[{"name":"wp","href":"https:\/\/api.w.org\/{rel}","templated":true}]}}