{"id":50177,"date":"2021-09-24T14:42:20","date_gmt":"2021-09-24T12:42:20","guid":{"rendered":"https:\/\/teiaeducation.ch\/product\/beissring-aus-seide-holz-in-farbe-bluete-sarahs-silks\/"},"modified":"2025-04-22T09:21:35","modified_gmt":"2025-04-22T07:21:35","slug":"beissring-aus-seide-holz-in-farbe-blute-sarahs-silks","status":"publish","type":"product","link":"https:\/\/teiaeducation.ch\/de\/produkt\/beissring-aus-seide-holz-in-farbe-blute-sarahs-silks\/","title":{"rendered":"Bei\u00dfring aus Seide &amp; Holz in Farbe Bl\u00fcte &#8211; Sarah&#8217;s Silks"},"content":{"rendered":"<p>Der Bei\u00dfring aus Seide und Holz in Farbe Bl\u00fcte von Sarah&#8217;s Silks ist ein wundersch\u00f6nes, vielseitiges Baby Spielzeug, das beim Zahnen das schmerzende Zahnfleisch lindert und ein feines <a href=\"https:\/\/teiaeducation.ch\/de\/produkt-kategorie\/kinder-spielzeug\/sinnliches-spiel\/\">sinnliches Spiel<\/a> erm\u00f6glicht. Wenn das Baby \u00e4lter wird, kann das Set getrennt werden und der Ring und die mini Seidenspieltuch k\u00f6nnen einzeln verwendet werden.<\/p>\n<p>Der <a href=\"https:\/\/teiaeducation.ch\/de\/produkt-kategorie\/kinder-spielzeug\/zahnungsspielzeug\/\">Bei\u00dfring<\/a> besteht aus einem Ring aus Ahornholz, an dem eine 53 x 53 cm gro\u00dfe verzauberte Seidenspieltuch in Farbe Bl\u00fcte fest verknotet ist. Babys k\u00f6nnen den Holzring leicht greifen und genie\u00dfen die unterschiedlichen taktilen Texturen von Seide und Holz.<\/p>\n<p>Die wundersch\u00f6ne Mini Seidenspieltuch wird mit umweltfreundlichen, ungiftigen Farbstoffen auf 100% echter Seide in den wundersch\u00f6nen, leuchtenden Bl\u00fctenfarben Rosa und Lavendel handbemalt und mit einem Siebdruck versehen. Es ist das perfekte Spielzeug mit offenem Ende f\u00fcr viele magische, fantasievolle und <a href=\"https:\/\/teiaeducation.ch\/de\/produkt-kategorie\/bildungsmethode\/waldorf-steiner-paedagogik\/\">Waldorf<\/a>-inspirierte Spiele!<\/p>\n<p>Dieser Bei\u00dfring von Sarah&#8217;s Silks ist vollst\u00e4ndig auf Sicherheit f\u00fcr Babys getestet und entspricht den Richtlinien der CPSIA f\u00fcr Spielzeughersteller.<\/p>\n<p>Inhalt:<\/p>\n<p>Ein Baby Bei\u00dfring aus Holz und Seide.<\/p>\n<h2>Pflegehinweise<\/h2>\n<p>Waschen mit der Hand, trocknen es auf der Leine und b\u00fcgeln es auf mittlerer Stufe, um den nat\u00fcrlichen Glanz der Seide wiederherzustellen \u2013 bitte beachten Sie die Schritt-f\u00fcr-Schritt-<a href=\"https:\/\/www.sarahssilks.com\/blogs\/journal\/how-to-wash-playsilks\">Anleitung<\/a> von Sarah\u2019s Silks um Ihre Seidenartikel zu waschen.<\/p>\n<h2>R\u00fcckgaberecht<\/h2>\n<p>Alle zur\u00fcckgesandten Artikel m\u00fcssen sich in ihrem Originalzustand befinden und die Originalverpackung sowie die Etiketten m\u00fcssen angebracht und intakt sein. Gebrauchte oder gewaschene Artikel k\u00f6nnen nicht zur\u00fcckgegeben werden.<\/p>\n<h2>\u00dcber Sarah&#8217;s Silks<\/h2>\n<p><a href=\"https:\/\/teiaeducation.ch\/product-category\/brands\/sarahs-silks\/\">Sarah&#8217;s Silks<\/a> ist ein Familienunternehmen mit Sitz in den USA, das sich auf <a href=\"https:\/\/teiaeducation.ch\/product-category\/education-method\/waldorf-steiner-toys-craft-materials\/\">Waldorf<\/a> inspiriertes, <a href=\"https:\/\/teiaeducation.ch\/product-category\/play\/nature-play\/\">nat\u00fcrliches<\/a> und nachhaltiges Spielzeug spezialisiert hat, das die <a href=\"https:\/\/teiaeducation.ch\/product-category\/play\/imaginative-role-play\/\">Fantasie<\/a> der Kinder anregt. Die Mission von Sarah&#8217;s Silks ist es, nachhaltiges, offenes und freies Spielzeug herzustellen, das unsere Kinder lehrt Mutter Erde zu lieben und zu pflegen. Die wundersch\u00f6nen Sarah&#8217;s Silks Seidenspielt\u00fccher, Baumwollspielt\u00fccher, Umh\u00e4nge, Feenkleider und Luftschlangen sind perfekt f\u00fcr das freie Spiel, das Verkleiden und das dramatische Spiel in Waldorfh\u00e4usern, Kinderg\u00e4rten und <a href=\"https:\/\/teiaeducation.ch\/waldorf-steiner-schools-supplies\/\">Steiner Schulen<\/a>.<\/p>\n<p>Alle Sarah&#8217;s Silks Seidenkost\u00fcme, Spielzeuge und Seidenspielt\u00fccher werden aus hochwertiger, nachhaltiger chinesischer Seide hergestellt. Jedes Seidenprodukt wird von N\u00e4herinnen gewebt, gef\u00e4rbt und von Hand ges\u00e4umt, die in einem kleinen Dorf in der N\u00e4he von Suzhou, China, arbeiten. Sie werden anschlie\u00dfend in Sonoma County, Kalifornien, USA, handbemalt und handgefertigt.<\/p>\n<p>Kinder lieben die leuchtenden, sch\u00f6n gemischten Farben und die weiche, f\u00fchlbare Haptik der Seidenspielt\u00fccher, Baumwollspielt\u00fccher und Umh\u00e4nge. Sie werden mit ungiftigen, umweltfreundlichen Farbstoffen und nat\u00fcrlichen Fasern aus 100% echter Seide und 100% Baumwolle hergestellt und haben strenge amerikanische und europ\u00e4ische Sicherheitstests bestanden und sind f\u00fcr Kinder jeden Alters geeignet.<\/p>\n","protected":false},"excerpt":{"rendered":"<p>Artikelnummer: 35391007<\/p>\n<p>Der Bei\u00dfring aus Seide und Holz in Farbe Bl\u00fcte von Sarah&#8217;s Silks ist ein vielseitiges Baby Spielzeug, das beim Zahnen das schmerzende Zahnfleisch lindert.<\/p>\n","protected":false},"featured_media":48334,"comment_status":"open","ping_status":"closed","template":"","meta":[],"product_brand":[32610],"product_cat":[25967,21444,21479,21690,21485,21492,21484,21443,21563,21687,21666,21695,21678,25827,21685,21564,24314,21483,22919,21700],"product_tag":[23747,23746,23745,23743,23744,22921,22920,21910,23742,21741],"class_list":{"0":"post-50177","1":"product","2":"type-product","3":"status-publish","4":"has-post-thumbnail","6":"product_brand-sarahs-silks","7":"product_cat-0-12-monate-baby","8":"product_cat-1-3-jahre-kleinkind","9":"product_cat-lernmaterialien-spielzeug-montessori-waldorf-steiner-froebel","10":"product_cat-spiele-mit-offenem-ende","11":"product_cat-geschenk-guide-0-12-monate-baby","12":"product_cat-geschenk-guide-stoffspielzeug","13":"product_cat-geschenk-guides","14":"product_cat-nach-alter","15":"product_cat-neuheiten","16":"product_cat-phantasievoll-rollenspiel","17":"product_cat-sarahs-silks-de","18":"product_cat-sinnliches-spiel","19":"product_cat-kinder-spielzeug","20":"product_cat-spielzeuge-aus-seide","21":"product_cat-stoffspielzeug","22":"product_cat-unsere-marken","23":"product_cat-valentinstag","24":"product_cat-waldorf-steiner-paedagogik","25":"product_cat-waldorfspielzeug","26":"product_cat-zahnungsspielzeug","27":"product_tag-beisring-aus-seide-holz-in-farbe-blute-sarahs-silks","28":"product_tag-beisring-aus-seide-holz-in-farbe-meer-sarahs-silks","29":"product_tag-fantasievolles-spiel","30":"product_tag-feenflugel-aus-seide","31":"product_tag-hochwertiges-anziehspielzeug-fur-kinder","32":"product_tag-sarahs-silks-de","33":"product_tag-sarahs-silks-schweiz-de","34":"product_tag-spielzeug-mit-offenem-ende","35":"product_tag-waldorf-kostume","36":"product_tag-waldorfspielzeug","38":"first","39":"instock","40":"taxable","41":"shipping-taxable","42":"purchasable","43":"product-type-simple"},"yoast_head":"<!-- This site is optimized with the Yoast SEO plugin v27.1.1 - https:\/\/yoast.com\/product\/yoast-seo-wordpress\/ -->\n<title>Bei\u00dfring aus Seide &amp; Holz in Farbe Bl\u00fcte - Sarah&#039;s Silks<\/title>\n<meta name=\"description\" content=\"Der Bei\u00dfring aus Seide und Holz in Farbe Bl\u00fcte von Sarah&#039;s Silks ist ein vielseitiges Baby Spielzeug, das beim Zahnen das schmerzende Zahnfleisch lindert.\" \/>\n<meta name=\"robots\" content=\"index, follow, max-snippet:-1, max-image-preview:large, max-video-preview:-1\" \/>\n<link rel=\"canonical\" href=\"https:\/\/teiaeducation.ch\/de\/produkt\/beissring-aus-seide-holz-in-farbe-blute-sarahs-silks\/\" \/>\n<meta property=\"og:locale\" content=\"de_DE\" \/>\n<meta property=\"og:type\" content=\"article\" \/>\n<meta property=\"og:title\" content=\"Bei\u00dfring aus Seide &amp; Holz in Farbe Bl\u00fcte - Sarah&#039;s Silks\" \/>\n<meta property=\"og:description\" content=\"Der Bei\u00dfring aus Seide und Holz in Farbe Bl\u00fcte von Sarah&#039;s Silks ist ein vielseitiges Baby Spielzeug, das beim Zahnen das schmerzende Zahnfleisch lindert.\" \/>\n<meta property=\"og:url\" content=\"https:\/\/teiaeducation.ch\/de\/produkt\/beissring-aus-seide-holz-in-farbe-blute-sarahs-silks\/\" \/>\n<meta property=\"og:site_name\" content=\"Sustainable Educational Products &amp; Ecological Toys\u00a0\" \/>\n<meta property=\"article:publisher\" content=\"https:\/\/www.facebook.com\/teiaeducation\/\" \/>\n<meta property=\"article:modified_time\" content=\"2025-04-22T07:21:35+00:00\" \/>\n<meta property=\"og:image\" content=\"https:\/\/teiaeducation.ch\/wp-content\/uploads\/2021\/09\/Sarahs-Silks-Silk-wood-baby-teether-in-blossom-colours-1.jpg\" \/>\n\t<meta property=\"og:image:width\" content=\"800\" \/>\n\t<meta property=\"og:image:height\" content=\"1000\" \/>\n\t<meta property=\"og:image:type\" content=\"image\/jpeg\" \/>\n<script type=\"application\/ld+json\" class=\"yoast-schema-graph\">{\"@context\":\"https:\/\/schema.org\",\"@graph\":[{\"@type\":\"WebPage\",\"@id\":\"https:\/\/teiaeducation.ch\/de\/produkt\/beissring-aus-seide-holz-in-farbe-blute-sarahs-silks\/\",\"url\":\"https:\/\/teiaeducation.ch\/de\/produkt\/beissring-aus-seide-holz-in-farbe-blute-sarahs-silks\/\",\"name\":\"Bei\u00dfring aus Seide & Holz in Farbe Bl\u00fcte - Sarah's Silks\",\"isPartOf\":{\"@id\":\"https:\/\/teiaeducation.ch\/de\/#website\"},\"primaryImageOfPage\":{\"@id\":\"https:\/\/teiaeducation.ch\/de\/produkt\/beissring-aus-seide-holz-in-farbe-blute-sarahs-silks\/#primaryimage\"},\"image\":{\"@id\":\"https:\/\/teiaeducation.ch\/de\/produkt\/beissring-aus-seide-holz-in-farbe-blute-sarahs-silks\/#primaryimage\"},\"thumbnailUrl\":\"https:\/\/teiaeducation.ch\/wp-content\/uploads\/2021\/09\/Sarahs-Silks-Silk-wood-baby-teether-in-blossom-colours-1.jpg\",\"datePublished\":\"2021-09-24T12:42:20+00:00\",\"dateModified\":\"2025-04-22T07:21:35+00:00\",\"description\":\"Der Bei\u00dfring aus Seide und Holz in Farbe Bl\u00fcte von Sarah's Silks ist ein vielseitiges Baby Spielzeug, das beim Zahnen das schmerzende Zahnfleisch lindert.\",\"breadcrumb\":{\"@id\":\"https:\/\/teiaeducation.ch\/de\/produkt\/beissring-aus-seide-holz-in-farbe-blute-sarahs-silks\/#breadcrumb\"},\"inLanguage\":\"de-CH\",\"potentialAction\":[{\"@type\":\"ReadAction\",\"target\":[\"https:\/\/teiaeducation.ch\/de\/produkt\/beissring-aus-seide-holz-in-farbe-blute-sarahs-silks\/\"]}]},{\"@type\":\"ImageObject\",\"inLanguage\":\"de-CH\",\"@id\":\"https:\/\/teiaeducation.ch\/de\/produkt\/beissring-aus-seide-holz-in-farbe-blute-sarahs-silks\/#primaryimage\",\"url\":\"https:\/\/teiaeducation.ch\/wp-content\/uploads\/2021\/09\/Sarahs-Silks-Silk-wood-baby-teether-in-blossom-colours-1.jpg\",\"contentUrl\":\"https:\/\/teiaeducation.ch\/wp-content\/uploads\/2021\/09\/Sarahs-Silks-Silk-wood-baby-teether-in-blossom-colours-1.jpg\",\"width\":800,\"height\":1000,\"caption\":\"Baby Bei\u00dfring aus Seide &amp; Holz in Farbe Bl\u00fcte Sarah's Silks\"},{\"@type\":\"BreadcrumbList\",\"@id\":\"https:\/\/teiaeducation.ch\/de\/produkt\/beissring-aus-seide-holz-in-farbe-blute-sarahs-silks\/#breadcrumb\",\"itemListElement\":[{\"@type\":\"ListItem\",\"position\":1,\"name\":\"Home\",\"item\":\"https:\/\/teiaeducation.ch\/de\/\"},{\"@type\":\"ListItem\",\"position\":2,\"name\":\"Laden\",\"item\":\"https:\/\/teiaeducation.ch\/de\/shop\/\"},{\"@type\":\"ListItem\",\"position\":3,\"name\":\"Unsere Marken\",\"item\":\"https:\/\/teiaeducation.ch\/de\/produkt-kategorie\/unsere-marken\/\"},{\"@type\":\"ListItem\",\"position\":4,\"name\":\"Sarah's Silks\",\"item\":\"https:\/\/teiaeducation.ch\/de\/produkt-kategorie\/unsere-marken\/sarahs-silks-de\/\"},{\"@type\":\"ListItem\",\"position\":5,\"name\":\"Spielzeuge aus Seide\",\"item\":\"https:\/\/teiaeducation.ch\/de\/produkt-kategorie\/unsere-marken\/sarahs-silks-de\/spielzeuge-aus-seide\/\"},{\"@type\":\"ListItem\",\"position\":6,\"name\":\"Bei\u00dfring aus Seide &amp; Holz in Farbe Bl\u00fcte &#8211; Sarah&#8217;s Silks\"}]},{\"@type\":\"WebSite\",\"@id\":\"https:\/\/teiaeducation.ch\/de\/#website\",\"url\":\"https:\/\/teiaeducation.ch\/de\/\",\"name\":\"Sustainable Educational Products &amp; Ecological Toys\u00a0\",\"description\":\"Specialised Swiss shop selling sustainable educational toys and games, AMI certified Montessori materials, handmade ecological wooden Waldorf toys and arts &amp; crafts supplies, school supplies, children&#039;s furniture and Montessori reference and parenting books.\",\"publisher\":{\"@id\":\"https:\/\/teiaeducation.ch\/de\/#organization\"},\"alternateName\":\"Teia Education & Play\",\"potentialAction\":[{\"@type\":\"SearchAction\",\"target\":{\"@type\":\"EntryPoint\",\"urlTemplate\":\"https:\/\/teiaeducation.ch\/de\/?s={search_term_string}\"},\"query-input\":{\"@type\":\"PropertyValueSpecification\",\"valueRequired\":true,\"valueName\":\"search_term_string\"}}],\"inLanguage\":\"de-CH\"},{\"@type\":\"Organization\",\"@id\":\"https:\/\/teiaeducation.ch\/de\/#organization\",\"name\":\"Teia Education & Play\",\"url\":\"https:\/\/teiaeducation.ch\/de\/\",\"logo\":{\"@type\":\"ImageObject\",\"inLanguage\":\"de-CH\",\"@id\":\"https:\/\/teiaeducation.ch\/de\/#\/schema\/logo\/image\/\",\"url\":\"https:\/\/teiaeducation.ch\/wp-content\/uploads\/2020\/11\/Teia-Education-Switzerland-e1620156442216.jpg\",\"contentUrl\":\"https:\/\/teiaeducation.ch\/wp-content\/uploads\/2020\/11\/Teia-Education-Switzerland-e1620156442216.jpg\",\"width\":166,\"height\":145,\"caption\":\"Teia Education & Play\"},\"image\":{\"@id\":\"https:\/\/teiaeducation.ch\/de\/#\/schema\/logo\/image\/\"},\"sameAs\":[\"https:\/\/www.facebook.com\/teiaeducation\/\",\"https:\/\/x.com\/EducationTeia\",\"https:\/\/www.instagram.com\/teia.education\/\",\"https:\/\/www.linkedin.com\/company\/35501660\",\"https:\/\/www.pinterest.ch\/TeiaEducation\/\"]}]}<\/script>\n<!-- \/ Yoast SEO plugin. -->","yoast_head_json":{"title":"Bei\u00dfring aus Seide & Holz in Farbe Bl\u00fcte - Sarah's Silks","description":"Der Bei\u00dfring aus Seide und Holz in Farbe Bl\u00fcte von Sarah's Silks ist ein vielseitiges Baby Spielzeug, das beim Zahnen das schmerzende Zahnfleisch lindert.","robots":{"index":"index","follow":"follow","max-snippet":"max-snippet:-1","max-image-preview":"max-image-preview:large","max-video-preview":"max-video-preview:-1"},"canonical":"https:\/\/teiaeducation.ch\/de\/produkt\/beissring-aus-seide-holz-in-farbe-blute-sarahs-silks\/","og_locale":"de_DE","og_type":"article","og_title":"Bei\u00dfring aus Seide & Holz in Farbe Bl\u00fcte - Sarah's Silks","og_description":"Der Bei\u00dfring aus Seide und Holz in Farbe Bl\u00fcte von Sarah's Silks ist ein vielseitiges Baby Spielzeug, das beim Zahnen das schmerzende Zahnfleisch lindert.","og_url":"https:\/\/teiaeducation.ch\/de\/produkt\/beissring-aus-seide-holz-in-farbe-blute-sarahs-silks\/","og_site_name":"Sustainable Educational Products &amp; Ecological Toys\u00a0","article_publisher":"https:\/\/www.facebook.com\/teiaeducation\/","article_modified_time":"2025-04-22T07:21:35+00:00","og_image":[{"width":800,"height":1000,"url":"https:\/\/teiaeducation.ch\/wp-content\/uploads\/2021\/09\/Sarahs-Silks-Silk-wood-baby-teether-in-blossom-colours-1.jpg","type":"image\/jpeg"}],"schema":{"@context":"https:\/\/schema.org","@graph":[{"@type":"WebPage","@id":"https:\/\/teiaeducation.ch\/de\/produkt\/beissring-aus-seide-holz-in-farbe-blute-sarahs-silks\/","url":"https:\/\/teiaeducation.ch\/de\/produkt\/beissring-aus-seide-holz-in-farbe-blute-sarahs-silks\/","name":"Bei\u00dfring aus Seide & Holz in Farbe Bl\u00fcte - Sarah's Silks","isPartOf":{"@id":"https:\/\/teiaeducation.ch\/de\/#website"},"primaryImageOfPage":{"@id":"https:\/\/teiaeducation.ch\/de\/produkt\/beissring-aus-seide-holz-in-farbe-blute-sarahs-silks\/#primaryimage"},"image":{"@id":"https:\/\/teiaeducation.ch\/de\/produkt\/beissring-aus-seide-holz-in-farbe-blute-sarahs-silks\/#primaryimage"},"thumbnailUrl":"https:\/\/teiaeducation.ch\/wp-content\/uploads\/2021\/09\/Sarahs-Silks-Silk-wood-baby-teether-in-blossom-colours-1.jpg","datePublished":"2021-09-24T12:42:20+00:00","dateModified":"2025-04-22T07:21:35+00:00","description":"Der Bei\u00dfring aus Seide und Holz in Farbe Bl\u00fcte von Sarah's Silks ist ein vielseitiges Baby Spielzeug, das beim Zahnen das schmerzende Zahnfleisch lindert.","breadcrumb":{"@id":"https:\/\/teiaeducation.ch\/de\/produkt\/beissring-aus-seide-holz-in-farbe-blute-sarahs-silks\/#breadcrumb"},"inLanguage":"de-CH","potentialAction":[{"@type":"ReadAction","target":["https:\/\/teiaeducation.ch\/de\/produkt\/beissring-aus-seide-holz-in-farbe-blute-sarahs-silks\/"]}]},{"@type":"ImageObject","inLanguage":"de-CH","@id":"https:\/\/teiaeducation.ch\/de\/produkt\/beissring-aus-seide-holz-in-farbe-blute-sarahs-silks\/#primaryimage","url":"https:\/\/teiaeducation.ch\/wp-content\/uploads\/2021\/09\/Sarahs-Silks-Silk-wood-baby-teether-in-blossom-colours-1.jpg","contentUrl":"https:\/\/teiaeducation.ch\/wp-content\/uploads\/2021\/09\/Sarahs-Silks-Silk-wood-baby-teether-in-blossom-colours-1.jpg","width":800,"height":1000,"caption":"Baby Bei\u00dfring aus Seide &amp; Holz in Farbe Bl\u00fcte Sarah's Silks"},{"@type":"BreadcrumbList","@id":"https:\/\/teiaeducation.ch\/de\/produkt\/beissring-aus-seide-holz-in-farbe-blute-sarahs-silks\/#breadcrumb","itemListElement":[{"@type":"ListItem","position":1,"name":"Home","item":"https:\/\/teiaeducation.ch\/de\/"},{"@type":"ListItem","position":2,"name":"Laden","item":"https:\/\/teiaeducation.ch\/de\/shop\/"},{"@type":"ListItem","position":3,"name":"Unsere Marken","item":"https:\/\/teiaeducation.ch\/de\/produkt-kategorie\/unsere-marken\/"},{"@type":"ListItem","position":4,"name":"Sarah's Silks","item":"https:\/\/teiaeducation.ch\/de\/produkt-kategorie\/unsere-marken\/sarahs-silks-de\/"},{"@type":"ListItem","position":5,"name":"Spielzeuge aus Seide","item":"https:\/\/teiaeducation.ch\/de\/produkt-kategorie\/unsere-marken\/sarahs-silks-de\/spielzeuge-aus-seide\/"},{"@type":"ListItem","position":6,"name":"Bei\u00dfring aus Seide &amp; Holz in Farbe Bl\u00fcte &#8211; Sarah&#8217;s Silks"}]},{"@type":"WebSite","@id":"https:\/\/teiaeducation.ch\/de\/#website","url":"https:\/\/teiaeducation.ch\/de\/","name":"Sustainable Educational Products &amp; Ecological Toys\u00a0","description":"Specialised Swiss shop selling sustainable educational toys and games, AMI certified Montessori materials, handmade ecological wooden Waldorf toys and arts &amp; crafts supplies, school supplies, children&#039;s furniture and Montessori reference and parenting books.","publisher":{"@id":"https:\/\/teiaeducation.ch\/de\/#organization"},"alternateName":"Teia Education & Play","potentialAction":[{"@type":"SearchAction","target":{"@type":"EntryPoint","urlTemplate":"https:\/\/teiaeducation.ch\/de\/?s={search_term_string}"},"query-input":{"@type":"PropertyValueSpecification","valueRequired":true,"valueName":"search_term_string"}}],"inLanguage":"de-CH"},{"@type":"Organization","@id":"https:\/\/teiaeducation.ch\/de\/#organization","name":"Teia Education & Play","url":"https:\/\/teiaeducation.ch\/de\/","logo":{"@type":"ImageObject","inLanguage":"de-CH","@id":"https:\/\/teiaeducation.ch\/de\/#\/schema\/logo\/image\/","url":"https:\/\/teiaeducation.ch\/wp-content\/uploads\/2020\/11\/Teia-Education-Switzerland-e1620156442216.jpg","contentUrl":"https:\/\/teiaeducation.ch\/wp-content\/uploads\/2020\/11\/Teia-Education-Switzerland-e1620156442216.jpg","width":166,"height":145,"caption":"Teia Education & Play"},"image":{"@id":"https:\/\/teiaeducation.ch\/de\/#\/schema\/logo\/image\/"},"sameAs":["https:\/\/www.facebook.com\/teiaeducation\/","https:\/\/x.com\/EducationTeia","https:\/\/www.instagram.com\/teia.education\/","https:\/\/www.linkedin.com\/company\/35501660","https:\/\/www.pinterest.ch\/TeiaEducation\/"]}]}},"_links":{"self":[{"href":"https:\/\/teiaeducation.ch\/de\/wp-json\/wp\/v2\/product\/50177","targetHints":{"allow":["GET"]}}],"collection":[{"href":"https:\/\/teiaeducation.ch\/de\/wp-json\/wp\/v2\/product"}],"about":[{"href":"https:\/\/teiaeducation.ch\/de\/wp-json\/wp\/v2\/types\/product"}],"replies":[{"embeddable":true,"href":"https:\/\/teiaeducation.ch\/de\/wp-json\/wp\/v2\/comments?post=50177"}],"wp:featuredmedia":[{"embeddable":true,"href":"https:\/\/teiaeducation.ch\/de\/wp-json\/wp\/v2\/media\/48334"}],"wp:attachment":[{"href":"https:\/\/teiaeducation.ch\/de\/wp-json\/wp\/v2\/media?parent=50177"}],"wp:term":[{"taxonomy":"product_brand","embeddable":true,"href":"https:\/\/teiaeducation.ch\/de\/wp-json\/wp\/v2\/product_brand?post=50177"},{"taxonomy":"product_cat","embeddable":true,"href":"https:\/\/teiaeducation.ch\/de\/wp-json\/wp\/v2\/product_cat?post=50177"},{"taxonomy":"product_tag","embeddable":true,"href":"https:\/\/teiaeducation.ch\/de\/wp-json\/wp\/v2\/product_tag?post=50177"}],"curies":[{"name":"wp","href":"https:\/\/api.w.org\/{rel}","templated":true}]}}