{"id":50239,"date":"2020-06-07T22:40:23","date_gmt":"2020-06-07T20:40:23","guid":{"rendered":"https:\/\/teiaeducation.ch\/product\/spielzeugset-nins-carla-grapat\/"},"modified":"2024-07-22T20:31:40","modified_gmt":"2024-07-22T18:31:40","slug":"spielzeugset-nins-carla-grapat","status":"publish","type":"product","link":"https:\/\/teiaeducation.ch\/de\/produkt\/spielzeugset-nins-carla-grapat\/","title":{"rendered":"Spielzeugset Nins\u00ae Carla \u2013 Grapat"},"content":{"rendered":"<p>Das Grapat Carla Spielzeugset enth\u00e4lt 12 handgefertigte, nachhaltige Nins\u00ae, 72 Ringe und 36 M\u00fcnzen aus Holz in 12 leuchtenden und pastellfarbenen Regenbogenfarben und ist ein perfektes und extra gro\u00dfes Starterset. Dieses taktile und farbenfrohe Set bietet eine endlose Vielfalt an freie und p\u00e4dagogischen Spielm\u00f6glichkeiten und ist ein vielseitiges Spielzeug, das die <a href=\"https:\/\/teiaeducation.ch\/de\/produkt-kategorie\/lernthemen\/sensorische-motorische-fertigkeiten\/sinne\/\">Sinne<\/a> und die Fantasie anregt!<\/p>\n<p>Das Spiel mit dem Set f\u00f6rdert das logisch-<a href=\"https:\/\/teiaeducation.ch\/de\/produkt-kategorie\/lernthemen\/mathematik-rechnen\/\">mathematische<\/a> Denken, indem die Teile nach Farbe oder <a href=\"https:\/\/teiaeducation.ch\/de\/produkt-kategorie\/lernthemen\/mathematik-rechnen\/formen\/\">Form<\/a> klassifiziert, gruppiert und zugeordnet werden. Das M\u00fcnzenset kann auch zum Stapeln, Bauen und zur Erkundung der <a href=\"https:\/\/teiaeducation.ch\/de\/produkt-kategorie\/lernthemen\/sensorische-motorische-fertigkeiten\/objektpermanenz\/\">Objektpermanenz<\/a> verwendet werden. Die Ringe k\u00f6nnen lose <a href=\"https:\/\/teiaeducation.ch\/de\/produkt-kategorie\/unsere-marken\/grapat-de\/grapat-mandalas-lose-teile\/\">Mandala<\/a> Teile halten oder als Marker f\u00fcr die Farbsortierung dienen. Die <a href=\"https:\/\/teiaeducation.ch\/de\/produkt-kategorie\/lernthemen\/sensorische-motorische-fertigkeiten\/motorische-fertigkeiten\/\">Feinmotorik<\/a> wird durch das Einsetzen der Nins\u00ae auf Holz in die Ringe und der M\u00fcnzen auf oder unter die Nins\u00ae oder Ringe gef\u00f6rdert.<\/p>\n<p>Die Carla Nins\u00ae, Ringe und M\u00fcnzen werden vollst\u00e4ndig von Hand aus Holz gefertigt und von Hand mit nat\u00fcrlichen Farben auf Wasserbasis bemalt. Jede Holzfigur ist glatt und angenehm anzufassen und mit nat\u00fcrlichem Bienenwachs veredelt.<\/p>\n<p>Das gro\u00dfe Grapat Carla Nins\u00ae, Ringe und M\u00fcnzen Spielzeugset ist f\u00fcr Kinder ab 18 Monaten geeignet.<\/p>\n<p>Inhalt:<\/p>\n<p>12 Nins\u00ae aus Holz<br \/>\n72 Ringe aus Holz<br \/>\n36 M\u00fcnzen aus Holz<\/p>\n<p><a href=\"https:\/\/teiaeducation.ch\/wp-content\/uploads\/2019\/04\/Spielgut.jpg\"><img decoding=\"async\" class=\"alignleft wp-image-4863\" src=\"https:\/\/teiaeducation.ch\/wp-content\/uploads\/2019\/04\/Spielgut.jpg\" alt=\"\" width=\"100\" height=\"100\" srcset=\"https:\/\/teiaeducation.ch\/wp-content\/uploads\/2019\/04\/Spielgut.jpg 235w, https:\/\/teiaeducation.ch\/wp-content\/uploads\/2019\/04\/Spielgut-100x100.jpg 100w\" sizes=\"(max-width: 100px) 100vw, 100px\" \/><\/a><\/p>\n<p>&nbsp;<\/p>\n<p>Das Grapat Carla Nins\u00ae, Ringe und M\u00fcnzen Set ist mit dem Spielgut\u00ae-Siegel ausgezeichnet.<\/p>\n<p>&nbsp;<\/p>\n<p>&nbsp;<\/p>\n<h2>\u00dcber Grapat<\/h2>\n<p>Die spanische Marke <a href=\"https:\/\/teiaeducation.ch\/de\/produkt-kategorie\/unsere-marken\/grapat-de\/\">Grapat<\/a>, inspiriert von der <a href=\"https:\/\/teiaeducation.ch\/de\/produkt-kategorie\/bildungsmethode\/waldorf-steiner-paedagogik\/\">Waldorfp\u00e4dagogik<\/a>, ist bekannt f\u00fcr ihr wundersch\u00f6nes Holzspielzeug mit offenem Ende, das freies und selbst\u00e4ndiges Spielen f\u00f6rdert. Die Grapat Philosophie basiert auf der Bereitstellung von Spielzeugen, die die Kinder ermutigen zur <a href=\"https:\/\/teiaeducation.ch\/de\/produkt-kategorie\/malen-basteln\/\">Kreativit\u00e4t<\/a> anregen, damit sie ihre eigenen <a href=\"https:\/\/teiaeducation.ch\/de\/produkt-kategorie\/kinder-spielzeug\/spiele-mit-offenem-ende\/\">Freie Spiele<\/a> und <a href=\"https:\/\/teiaeducation.ch\/de\/produkt-kategorie\/kinder-spielzeug\/phantasievoll-rollenspiel\/\">Fantasiewelten<\/a> erfinden k\u00f6nnen.<\/p>\n<p>Alle <a href=\"https:\/\/teiaeducation.ch\/de\/produkt-kategorie\/kinder-spielzeug\/handgefertigtes-holzspielzeug\/\">Holzspielzeuge<\/a> von Grapat werden in verschiedenen Werkst\u00e4tten in Katalonien, Spanien, nach traditionellen Verfahren aus Holz aus nachhaltiger Forstwirtschaft handgefertigt und von Hand mit Farben auf Wasserbasis bemalt. Die Grapat-Spielzeuge sind f\u00fcr Kleinkinder sicher, da sie ungiftig sind und den europ\u00e4ischen Sicherheitsvorschriften der Richtlinie EN \/ 71-3: 2014 + A1: 2014 \/ 2013 zur Sicherheit von Spielzeug entsprechen. Ein gro\u00dfer Teil der Grapat-Spielzeugkollektion tr\u00e4gt das renommierte <a href=\"https:\/\/www.spielgut.de\">Spielgut<\/a>\u00ae-Siegel.<\/p>\n","protected":false},"excerpt":{"rendered":"<p>Artikelnummer: 16-139<\/p>\n<p>Das extra gro\u00dfe Grapat Carla Spielzeugset enth\u00e4lt 12 handgefertigte, nachhaltige Nins\u00ae, 72 Ringe und 36 M\u00fcnzen aus Holz in bunten und pastellfarben.<\/p>\n","protected":false},"featured_media":50240,"comment_status":"open","ping_status":"closed","template":"","meta":[],"product_brand":[],"product_cat":[21444,21445,21479,21690,21486,21487,21636,21637,23075,21443,21563,21697,21678,21564,21483,22919],"product_tag":[21908,23769,22143,21713,23755,23770,23753,23754,23460],"class_list":{"0":"post-50239","1":"product","2":"type-product","3":"status-publish","4":"has-post-thumbnail","6":"product_cat-1-3-jahre-kleinkind","7":"product_cat-3-6-jahre-vorschule","8":"product_cat-lernmaterialien-spielzeug-montessori-waldorf-steiner-froebel","9":"product_cat-spiele-mit-offenem-ende","10":"product_cat-geschenk-guide-1-3-jahre-kleinkind","11":"product_cat-geschenk-guide-3-6-jahre-vorschule","12":"product_cat-grapat-de","13":"product_cat-grapat-komplett-sets","14":"product_cat-handgefertigtes-holzspielzeug","15":"product_cat-nach-alter","16":"product_cat-neuheiten","17":"product_cat-sortieren","18":"product_cat-kinder-spielzeug","19":"product_cat-unsere-marken","20":"product_cat-waldorf-steiner-paedagogik","21":"product_cat-waldorfspielzeug","22":"product_tag-grapat-de","23":"product_tag-grapat-nins-carla-de","24":"product_tag-handgefertigtes-holzspielzeug-de","25":"product_tag-holzspielzeug-mit-offenem-ende","26":"product_tag-naturliches-spielzeug","27":"product_tag-nins-carla-grapat-de","28":"product_tag-okospielzeug","29":"product_tag-spielzeug-fur-kleinkinder","30":"product_tag-waldorfspielzeug-aus-holz-de","32":"first","33":"outofstock","34":"taxable","35":"shipping-taxable","36":"purchasable","37":"product-type-simple"},"yoast_head":"<!-- This site is optimized with the Yoast SEO Premium plugin v25.8 (Yoast SEO v27.4) - https:\/\/yoast.com\/product\/yoast-seo-premium-wordpress\/ -->\n<title>Spielzeugset Nins\u00ae Carla \u2013 Grapat - Teia Education &amp; Play<\/title>\n<meta name=\"description\" content=\"Das extra gro\u00dfe Grapat Carla Spielzeugset enth\u00e4lt 12 handgefertigte, nachhaltige Nins\u00ae, 72 Ringe und 36 M\u00fcnzen aus Holz in bunten und pastellfarben.\" \/>\n<meta name=\"robots\" content=\"index, follow, max-snippet:-1, max-image-preview:large, max-video-preview:-1\" \/>\n<link rel=\"canonical\" href=\"https:\/\/teiaeducation.ch\/de\/produkt\/spielzeugset-nins-carla-grapat\/\" \/>\n<meta property=\"og:locale\" content=\"de_DE\" \/>\n<meta property=\"og:type\" content=\"article\" \/>\n<meta property=\"og:title\" content=\"Spielzeugset Nins\u00ae Carla \u2013 Grapat\" \/>\n<meta property=\"og:description\" content=\"Das extra gro\u00dfe Grapat Carla Spielzeugset enth\u00e4lt 12 handgefertigte, nachhaltige Nins\u00ae, 72 Ringe und 36 M\u00fcnzen aus Holz in bunten und pastellfarben.\" \/>\n<meta property=\"og:url\" content=\"https:\/\/teiaeducation.ch\/de\/produkt\/spielzeugset-nins-carla-grapat\/\" \/>\n<meta property=\"og:site_name\" content=\"Sustainable Educational Products &amp; Ecological Toys\u00a0\" \/>\n<meta property=\"article:publisher\" content=\"https:\/\/www.facebook.com\/teiaeducation\/\" \/>\n<meta property=\"article:modified_time\" content=\"2024-07-22T18:31:40+00:00\" \/>\n<meta property=\"og:image\" content=\"https:\/\/teiaeducation.ch\/wp-content\/uploads\/2020\/06\/Nins\u00ae-Carla-\u2013-Grapat.jpg\" \/>\n\t<meta property=\"og:image:width\" content=\"1800\" \/>\n\t<meta property=\"og:image:height\" content=\"1200\" \/>\n\t<meta property=\"og:image:type\" content=\"image\/jpeg\" \/>\n<script type=\"application\/ld+json\" class=\"yoast-schema-graph\">{\"@context\":\"https:\\\/\\\/schema.org\",\"@graph\":[{\"@type\":\"WebPage\",\"@id\":\"https:\\\/\\\/teiaeducation.ch\\\/de\\\/produkt\\\/spielzeugset-nins-carla-grapat\\\/\",\"url\":\"https:\\\/\\\/teiaeducation.ch\\\/de\\\/produkt\\\/spielzeugset-nins-carla-grapat\\\/\",\"name\":\"Spielzeugset Nins\u00ae Carla \u2013 Grapat - Teia Education & Play\",\"isPartOf\":{\"@id\":\"https:\\\/\\\/teiaeducation.ch\\\/de\\\/#website\"},\"primaryImageOfPage\":{\"@id\":\"https:\\\/\\\/teiaeducation.ch\\\/de\\\/produkt\\\/spielzeugset-nins-carla-grapat\\\/#primaryimage\"},\"image\":{\"@id\":\"https:\\\/\\\/teiaeducation.ch\\\/de\\\/produkt\\\/spielzeugset-nins-carla-grapat\\\/#primaryimage\"},\"thumbnailUrl\":\"https:\\\/\\\/teiaeducation.ch\\\/wp-content\\\/uploads\\\/2020\\\/06\\\/Nins\u00ae-Carla-\u2013-Grapat.jpg\",\"datePublished\":\"2020-06-07T20:40:23+00:00\",\"dateModified\":\"2024-07-22T18:31:40+00:00\",\"description\":\"Das extra gro\u00dfe Grapat Carla Spielzeugset enth\u00e4lt 12 handgefertigte, nachhaltige Nins\u00ae, 72 Ringe und 36 M\u00fcnzen aus Holz in bunten und pastellfarben.\",\"breadcrumb\":{\"@id\":\"https:\\\/\\\/teiaeducation.ch\\\/de\\\/produkt\\\/spielzeugset-nins-carla-grapat\\\/#breadcrumb\"},\"inLanguage\":\"de-CH\",\"potentialAction\":[{\"@type\":\"ReadAction\",\"target\":[\"https:\\\/\\\/teiaeducation.ch\\\/de\\\/produkt\\\/spielzeugset-nins-carla-grapat\\\/\"]}]},{\"@type\":\"ImageObject\",\"inLanguage\":\"de-CH\",\"@id\":\"https:\\\/\\\/teiaeducation.ch\\\/de\\\/produkt\\\/spielzeugset-nins-carla-grapat\\\/#primaryimage\",\"url\":\"https:\\\/\\\/teiaeducation.ch\\\/wp-content\\\/uploads\\\/2020\\\/06\\\/Nins\u00ae-Carla-\u2013-Grapat.jpg\",\"contentUrl\":\"https:\\\/\\\/teiaeducation.ch\\\/wp-content\\\/uploads\\\/2020\\\/06\\\/Nins\u00ae-Carla-\u2013-Grapat.jpg\",\"width\":1800,\"height\":1200,\"caption\":\"Spielzeugset Nins\u00ae Carla Handgefertigtes nachhaltiges Holzspielzeug Grapat\"},{\"@type\":\"BreadcrumbList\",\"@id\":\"https:\\\/\\\/teiaeducation.ch\\\/de\\\/produkt\\\/spielzeugset-nins-carla-grapat\\\/#breadcrumb\",\"itemListElement\":[{\"@type\":\"ListItem\",\"position\":1,\"name\":\"Home\",\"item\":\"https:\\\/\\\/teiaeducation.ch\\\/de\\\/\"},{\"@type\":\"ListItem\",\"position\":2,\"name\":\"Laden\",\"item\":\"https:\\\/\\\/teiaeducation.ch\\\/de\\\/shop\\\/\"},{\"@type\":\"ListItem\",\"position\":3,\"name\":\"Unsere Marken\",\"item\":\"https:\\\/\\\/teiaeducation.ch\\\/de\\\/produkt-kategorie\\\/unsere-marken\\\/\"},{\"@type\":\"ListItem\",\"position\":4,\"name\":\"Grapat\",\"item\":\"https:\\\/\\\/teiaeducation.ch\\\/de\\\/produkt-kategorie\\\/unsere-marken\\\/grapat-de\\\/\"},{\"@type\":\"ListItem\",\"position\":5,\"name\":\"Grapat Komplett-Sets\",\"item\":\"https:\\\/\\\/teiaeducation.ch\\\/de\\\/produkt-kategorie\\\/unsere-marken\\\/grapat-de\\\/grapat-komplett-sets\\\/\"},{\"@type\":\"ListItem\",\"position\":6,\"name\":\"Spielzeugset Nins\u00ae Carla \u2013 Grapat\"}]},{\"@type\":\"WebSite\",\"@id\":\"https:\\\/\\\/teiaeducation.ch\\\/de\\\/#website\",\"url\":\"https:\\\/\\\/teiaeducation.ch\\\/de\\\/\",\"name\":\"Sustainable Educational Products &amp; Ecological Toys\u00a0\",\"description\":\"Specialised Swiss shop selling sustainable educational toys and games, AMI certified Montessori materials, handmade ecological wooden Waldorf toys and arts &amp; crafts supplies, school supplies, children&#039;s furniture and Montessori reference and parenting books.\",\"publisher\":{\"@id\":\"https:\\\/\\\/teiaeducation.ch\\\/de\\\/#organization\"},\"alternateName\":\"Teia Education & Play\",\"potentialAction\":[{\"@type\":\"SearchAction\",\"target\":{\"@type\":\"EntryPoint\",\"urlTemplate\":\"https:\\\/\\\/teiaeducation.ch\\\/de\\\/?s={search_term_string}\"},\"query-input\":{\"@type\":\"PropertyValueSpecification\",\"valueRequired\":true,\"valueName\":\"search_term_string\"}}],\"inLanguage\":\"de-CH\"},{\"@type\":\"Organization\",\"@id\":\"https:\\\/\\\/teiaeducation.ch\\\/de\\\/#organization\",\"name\":\"Teia Education & Play\",\"url\":\"https:\\\/\\\/teiaeducation.ch\\\/de\\\/\",\"logo\":{\"@type\":\"ImageObject\",\"inLanguage\":\"de-CH\",\"@id\":\"https:\\\/\\\/teiaeducation.ch\\\/de\\\/#\\\/schema\\\/logo\\\/image\\\/\",\"url\":\"https:\\\/\\\/teiaeducation.ch\\\/wp-content\\\/uploads\\\/2020\\\/11\\\/Teia-Education-Switzerland-e1620156442216.jpg\",\"contentUrl\":\"https:\\\/\\\/teiaeducation.ch\\\/wp-content\\\/uploads\\\/2020\\\/11\\\/Teia-Education-Switzerland-e1620156442216.jpg\",\"width\":166,\"height\":145,\"caption\":\"Teia Education & Play\"},\"image\":{\"@id\":\"https:\\\/\\\/teiaeducation.ch\\\/de\\\/#\\\/schema\\\/logo\\\/image\\\/\"},\"sameAs\":[\"https:\\\/\\\/www.facebook.com\\\/teiaeducation\\\/\",\"https:\\\/\\\/x.com\\\/EducationTeia\",\"https:\\\/\\\/www.instagram.com\\\/teia.education\\\/\",\"https:\\\/\\\/www.linkedin.com\\\/company\\\/35501660\",\"https:\\\/\\\/www.pinterest.ch\\\/TeiaEducation\\\/\"]}]}<\/script>\n<meta property=\"product:price:amount\" content=\"80.30\" \/>\n<meta property=\"product:price:currency\" content=\"CHF\" \/>\n<meta property=\"og:availability\" content=\"out of stock\" \/>\n<meta property=\"product:availability\" content=\"out of stock\" \/>\n<meta property=\"product:retailer_item_id\" content=\"00000000000000000000000000000000000000000000027014\" \/>\n<meta property=\"product:condition\" content=\"new\" \/>\n<!-- \/ Yoast SEO Premium plugin. -->","yoast_head_json":{"title":"Spielzeugset Nins\u00ae Carla \u2013 Grapat - Teia Education & Play","description":"Das extra gro\u00dfe Grapat Carla Spielzeugset enth\u00e4lt 12 handgefertigte, nachhaltige Nins\u00ae, 72 Ringe und 36 M\u00fcnzen aus Holz in bunten und pastellfarben.","robots":{"index":"index","follow":"follow","max-snippet":"max-snippet:-1","max-image-preview":"max-image-preview:large","max-video-preview":"max-video-preview:-1"},"canonical":"https:\/\/teiaeducation.ch\/de\/produkt\/spielzeugset-nins-carla-grapat\/","og_locale":"de_DE","og_type":"article","og_title":"Spielzeugset Nins\u00ae Carla \u2013 Grapat","og_description":"Das extra gro\u00dfe Grapat Carla Spielzeugset enth\u00e4lt 12 handgefertigte, nachhaltige Nins\u00ae, 72 Ringe und 36 M\u00fcnzen aus Holz in bunten und pastellfarben.","og_url":"https:\/\/teiaeducation.ch\/de\/produkt\/spielzeugset-nins-carla-grapat\/","og_site_name":"Sustainable Educational Products &amp; Ecological Toys\u00a0","article_publisher":"https:\/\/www.facebook.com\/teiaeducation\/","article_modified_time":"2024-07-22T18:31:40+00:00","og_image":[{"width":1800,"height":1200,"url":"https:\/\/teiaeducation.ch\/wp-content\/uploads\/2020\/06\/Nins\u00ae-Carla-\u2013-Grapat.jpg","type":"image\/jpeg"}],"schema":{"@context":"https:\/\/schema.org","@graph":[{"@type":"WebPage","@id":"https:\/\/teiaeducation.ch\/de\/produkt\/spielzeugset-nins-carla-grapat\/","url":"https:\/\/teiaeducation.ch\/de\/produkt\/spielzeugset-nins-carla-grapat\/","name":"Spielzeugset Nins\u00ae Carla \u2013 Grapat - Teia Education & Play","isPartOf":{"@id":"https:\/\/teiaeducation.ch\/de\/#website"},"primaryImageOfPage":{"@id":"https:\/\/teiaeducation.ch\/de\/produkt\/spielzeugset-nins-carla-grapat\/#primaryimage"},"image":{"@id":"https:\/\/teiaeducation.ch\/de\/produkt\/spielzeugset-nins-carla-grapat\/#primaryimage"},"thumbnailUrl":"https:\/\/teiaeducation.ch\/wp-content\/uploads\/2020\/06\/Nins\u00ae-Carla-\u2013-Grapat.jpg","datePublished":"2020-06-07T20:40:23+00:00","dateModified":"2024-07-22T18:31:40+00:00","description":"Das extra gro\u00dfe Grapat Carla Spielzeugset enth\u00e4lt 12 handgefertigte, nachhaltige Nins\u00ae, 72 Ringe und 36 M\u00fcnzen aus Holz in bunten und pastellfarben.","breadcrumb":{"@id":"https:\/\/teiaeducation.ch\/de\/produkt\/spielzeugset-nins-carla-grapat\/#breadcrumb"},"inLanguage":"de-CH","potentialAction":[{"@type":"ReadAction","target":["https:\/\/teiaeducation.ch\/de\/produkt\/spielzeugset-nins-carla-grapat\/"]}]},{"@type":"ImageObject","inLanguage":"de-CH","@id":"https:\/\/teiaeducation.ch\/de\/produkt\/spielzeugset-nins-carla-grapat\/#primaryimage","url":"https:\/\/teiaeducation.ch\/wp-content\/uploads\/2020\/06\/Nins\u00ae-Carla-\u2013-Grapat.jpg","contentUrl":"https:\/\/teiaeducation.ch\/wp-content\/uploads\/2020\/06\/Nins\u00ae-Carla-\u2013-Grapat.jpg","width":1800,"height":1200,"caption":"Spielzeugset Nins\u00ae Carla Handgefertigtes nachhaltiges Holzspielzeug Grapat"},{"@type":"BreadcrumbList","@id":"https:\/\/teiaeducation.ch\/de\/produkt\/spielzeugset-nins-carla-grapat\/#breadcrumb","itemListElement":[{"@type":"ListItem","position":1,"name":"Home","item":"https:\/\/teiaeducation.ch\/de\/"},{"@type":"ListItem","position":2,"name":"Laden","item":"https:\/\/teiaeducation.ch\/de\/shop\/"},{"@type":"ListItem","position":3,"name":"Unsere Marken","item":"https:\/\/teiaeducation.ch\/de\/produkt-kategorie\/unsere-marken\/"},{"@type":"ListItem","position":4,"name":"Grapat","item":"https:\/\/teiaeducation.ch\/de\/produkt-kategorie\/unsere-marken\/grapat-de\/"},{"@type":"ListItem","position":5,"name":"Grapat Komplett-Sets","item":"https:\/\/teiaeducation.ch\/de\/produkt-kategorie\/unsere-marken\/grapat-de\/grapat-komplett-sets\/"},{"@type":"ListItem","position":6,"name":"Spielzeugset Nins\u00ae Carla \u2013 Grapat"}]},{"@type":"WebSite","@id":"https:\/\/teiaeducation.ch\/de\/#website","url":"https:\/\/teiaeducation.ch\/de\/","name":"Sustainable Educational Products &amp; Ecological Toys\u00a0","description":"Specialised Swiss shop selling sustainable educational toys and games, AMI certified Montessori materials, handmade ecological wooden Waldorf toys and arts &amp; crafts supplies, school supplies, children&#039;s furniture and Montessori reference and parenting books.","publisher":{"@id":"https:\/\/teiaeducation.ch\/de\/#organization"},"alternateName":"Teia Education & Play","potentialAction":[{"@type":"SearchAction","target":{"@type":"EntryPoint","urlTemplate":"https:\/\/teiaeducation.ch\/de\/?s={search_term_string}"},"query-input":{"@type":"PropertyValueSpecification","valueRequired":true,"valueName":"search_term_string"}}],"inLanguage":"de-CH"},{"@type":"Organization","@id":"https:\/\/teiaeducation.ch\/de\/#organization","name":"Teia Education & Play","url":"https:\/\/teiaeducation.ch\/de\/","logo":{"@type":"ImageObject","inLanguage":"de-CH","@id":"https:\/\/teiaeducation.ch\/de\/#\/schema\/logo\/image\/","url":"https:\/\/teiaeducation.ch\/wp-content\/uploads\/2020\/11\/Teia-Education-Switzerland-e1620156442216.jpg","contentUrl":"https:\/\/teiaeducation.ch\/wp-content\/uploads\/2020\/11\/Teia-Education-Switzerland-e1620156442216.jpg","width":166,"height":145,"caption":"Teia Education & Play"},"image":{"@id":"https:\/\/teiaeducation.ch\/de\/#\/schema\/logo\/image\/"},"sameAs":["https:\/\/www.facebook.com\/teiaeducation\/","https:\/\/x.com\/EducationTeia","https:\/\/www.instagram.com\/teia.education\/","https:\/\/www.linkedin.com\/company\/35501660","https:\/\/www.pinterest.ch\/TeiaEducation\/"]}]},"product_price_amount":"80.30","product_price_currency":"CHF","og_availability":"out of stock","product_availability":"out of stock","product_retailer_item_id":"00000000000000000000000000000000000000000000027014","product_condition":"new"},"_links":{"self":[{"href":"https:\/\/teiaeducation.ch\/de\/wp-json\/wp\/v2\/product\/50239","targetHints":{"allow":["GET"]}}],"collection":[{"href":"https:\/\/teiaeducation.ch\/de\/wp-json\/wp\/v2\/product"}],"about":[{"href":"https:\/\/teiaeducation.ch\/de\/wp-json\/wp\/v2\/types\/product"}],"replies":[{"embeddable":true,"href":"https:\/\/teiaeducation.ch\/de\/wp-json\/wp\/v2\/comments?post=50239"}],"wp:featuredmedia":[{"embeddable":true,"href":"https:\/\/teiaeducation.ch\/de\/wp-json\/wp\/v2\/media\/50240"}],"wp:attachment":[{"href":"https:\/\/teiaeducation.ch\/de\/wp-json\/wp\/v2\/media?parent=50239"}],"wp:term":[{"taxonomy":"product_brand","embeddable":true,"href":"https:\/\/teiaeducation.ch\/de\/wp-json\/wp\/v2\/product_brand?post=50239"},{"taxonomy":"product_cat","embeddable":true,"href":"https:\/\/teiaeducation.ch\/de\/wp-json\/wp\/v2\/product_cat?post=50239"},{"taxonomy":"product_tag","embeddable":true,"href":"https:\/\/teiaeducation.ch\/de\/wp-json\/wp\/v2\/product_tag?post=50239"}],"curies":[{"name":"wp","href":"https:\/\/api.w.org\/{rel}","templated":true}]}}