{"id":50271,"date":"2020-03-20T16:21:34","date_gmt":"2020-03-20T15:21:34","guid":{"rendered":"https:\/\/teiaeducation.ch\/product\/holzbox-zum-spielen-grapat\/"},"modified":"2024-11-12T13:26:33","modified_gmt":"2024-11-12T12:26:33","slug":"holzbox-zum-spielen-grapat","status":"publish","type":"product","link":"https:\/\/teiaeducation.ch\/de\/produkt\/holzbox-zum-spielen-grapat\/","title":{"rendered":"Holzbox zum spielen &#8211; Grapat"},"content":{"rendered":"<p>Die wundersch\u00f6ne Grapat Holzbox zum spielen (45 x 65 x 7 cm) oder freie Spielbox ist vollst\u00e4ndig von Hand gefertigt und mit sch\u00f6nen Bildern bemalt, die an die vier nat\u00fcrlichen Elemente Erde, Wasser, Luft und Feuer erinnern, die Teil unserer Spezies sind und uns mit der <a href=\"https:\/\/teiaeducation.ch\/de\/produkt-kategorie\/kinder-spielzeug\/naturspiel\/\">Natur<\/a> verbinden.<\/p>\n<p>Die vielseitige und freie Spielbox kann vom Kind genutzt werden, um eine gro\u00dfe Vielfalt an Spielen zu enthalten, oder sie dient als spezieller Handlungsrahmen, der die Elemente und R\u00e4ume des Kinderspiels definiert.<\/p>\n<p>Diese praktische Holzbox gibt dem Kind Eigentum und Sicherheit da sie es ihm erm\u00f6glicht zu einer Aktivit\u00e4t zur\u00fcckzukehren, die es sonst wegger\u00e4umt h\u00e4tte, was eine tiefgreifende Wirkung auf die Art und Weise hat wie es spielt. Die Spielbox f\u00f6rdert die Konzentration und kann auch f\u00fcr\u00a0<a href=\"https:\/\/teiaeducation.ch\/de\/produkt-kategorie\/kinder-spielzeug\/sinnliches-spiel\/\">Sinnliches Spiel<\/a>\u00a0verwendet werden, wenn sie mit taktilen Materialien wie Reis, getrockneten Bohnen, Blumen, Steinen oder Sand gef\u00fcllt wird, um die Buchstabenbildung zu \u00fcben.<\/p>\n<p>Die Holzbox zum spielen ist vollst\u00e4ndig von Hand aus nachhaltigem Holz gefertigt, glatt und angenehm anzufassen und mit nat\u00fcrlichem Bienenwachs veredelt.<\/p>\n<p>Die Grapat Holzbox zum spielen ist f\u00fcr Kinder ab 36 Monaten geeignet.<\/p>\n<p>Inhalt:<\/p>\n<p>1 Holzbox zum spielen<\/p>\n<h2>\u00dcber Grapat<\/h2>\n<p>Die spanische Marke <a href=\"https:\/\/teiaeducation.ch\/de\/produkt-kategorie\/unsere-marken\/grapat-de\/\">Grapat<\/a>, inspiriert von der <a href=\"https:\/\/teiaeducation.ch\/de\/produkt-kategorie\/bildungsmethode\/waldorf-steiner-paedagogik\/\">Waldorfp\u00e4dagogik<\/a>, ist bekannt f\u00fcr ihr wundersch\u00f6nes Holzspielzeug mit offenem Ende, das freies und selbst\u00e4ndiges Spielen f\u00f6rdert. Die Grapat Philosophie basiert auf der Bereitstellung von Spielzeugen, die die Kinder ermutigen zur <a href=\"https:\/\/teiaeducation.ch\/de\/produkt-kategorie\/malen-basteln\/\">Kreativit\u00e4t<\/a> anregen, damit sie ihre eigenen <a href=\"https:\/\/teiaeducation.ch\/de\/produkt-kategorie\/kinder-spielzeug\/spiele-mit-offenem-ende\/\">Freie Spiele<\/a> und <a href=\"https:\/\/teiaeducation.ch\/de\/produkt-kategorie\/kinder-spielzeug\/phantasievoll-rollenspiel\/\">Fantasiewelten<\/a> erfinden k\u00f6nnen.<\/p>\n<p>Alle <a href=\"https:\/\/teiaeducation.ch\/de\/produkt-kategorie\/kinder-spielzeug\/handgefertigtes-holzspielzeug\/\">Holzspielzeuge<\/a> von Grapat werden in verschiedenen Werkst\u00e4tten in Katalonien, Spanien, nach traditionellen Verfahren aus Holz aus nachhaltiger Forstwirtschaft handgefertigt und von Hand mit Farben auf Wasserbasis bemalt. Die Grapat-Spielzeuge sind f\u00fcr Kleinkinder sicher, da sie ungiftig sind und den europ\u00e4ischen Sicherheitsvorschriften der Richtlinie EN \/ 71-3: 2014 + A1: 2014 \/ 2013 zur Sicherheit von Spielzeug entsprechen. Ein gro\u00dfer Teil der Grapat-Spielzeugkollektion tr\u00e4gt das renommierte <a href=\"https:\/\/www.spielgut.de\">Spielgut<\/a>\u00ae-Siegel.<\/p>\n","protected":false},"excerpt":{"rendered":"<p>Artikelnummer: 16-135<\/p>\n<p>Die vielseitige Grapat Holzbox zum Spielen oder freie Spielbox kann als Handlungsrahmen dienen, der die Elemente und R\u00e4ume des Kinderspiels definiert.<\/p>\n","protected":false},"featured_media":50272,"comment_status":"open","ping_status":"closed","template":"","meta":[],"product_brand":[],"product_cat":[21444,21445,21446,21479,21690,21670,21487,21636,21638,21637,21639,23075,21464,21443,22362,23636,21678,21564,21483,22919],"product_tag":[23778,21908,23780,22143,23779],"class_list":{"0":"post-50271","1":"product","2":"type-product","3":"status-publish","4":"has-post-thumbnail","6":"product_cat-1-3-jahre-kleinkind","7":"product_cat-3-6-jahre-vorschule","8":"product_cat-6-12-jahre-grundschule","9":"product_cat-lernmaterialien-spielzeug-montessori-waldorf-steiner-froebel","10":"product_cat-spiele-mit-offenem-ende","11":"product_cat-fruehjahrskollektion","12":"product_cat-geschenk-guide-3-6-jahre-vorschule","13":"product_cat-grapat-de","14":"product_cat-grapat-heuristisches-spiel-grapat-de","15":"product_cat-grapat-komplett-sets","16":"product_cat-grapat-mandalas-lose-teile","17":"product_cat-handgefertigtes-holzspielzeug","18":"product_cat-herbstkollektion","19":"product_cat-nach-alter","20":"product_cat-saisonale-kollektionen","21":"product_cat-sommer-kollektion","22":"product_cat-kinder-spielzeug","23":"product_cat-unsere-marken","24":"product_cat-waldorf-steiner-paedagogik","25":"product_cat-waldorfspielzeug","26":"product_tag-freies-spiel","27":"product_tag-grapat-de","28":"product_tag-grapat-holzbox-zum-spielen","29":"product_tag-handgefertigtes-holzspielzeug-de","30":"product_tag-oko-spielzeug-de","32":"first","33":"outofstock","34":"taxable","35":"shipping-taxable","36":"purchasable","37":"product-type-simple"},"yoast_head":"<!-- This site is optimized with the Yoast SEO plugin v27.1.1 - https:\/\/yoast.com\/product\/yoast-seo-wordpress\/ -->\n<title>Holzbox zum spielen - Grapat - Teia Education &amp; Play<\/title>\n<meta name=\"description\" content=\"Die vielseitige Grapat Holzbox zum Spielen oder freie Spielbox kann als Handlungsrahmen dienen, der die Elemente und R\u00e4ume des Kinderspiels definiert.\" \/>\n<meta name=\"robots\" content=\"index, follow, max-snippet:-1, max-image-preview:large, max-video-preview:-1\" \/>\n<link rel=\"canonical\" href=\"https:\/\/teiaeducation.ch\/de\/produkt\/holzbox-zum-spielen-grapat\/\" \/>\n<meta property=\"og:locale\" content=\"de_DE\" \/>\n<meta property=\"og:type\" content=\"article\" \/>\n<meta property=\"og:title\" content=\"Holzbox zum spielen - Grapat - Teia Education &amp; Play\" \/>\n<meta property=\"og:description\" content=\"Die vielseitige Grapat Holzbox zum Spielen oder freie Spielbox kann als Handlungsrahmen dienen, der die Elemente und R\u00e4ume des Kinderspiels definiert.\" \/>\n<meta property=\"og:url\" content=\"https:\/\/teiaeducation.ch\/de\/produkt\/holzbox-zum-spielen-grapat\/\" \/>\n<meta property=\"og:site_name\" content=\"Sustainable Educational Products &amp; Ecological Toys\u00a0\" \/>\n<meta property=\"article:publisher\" content=\"https:\/\/www.facebook.com\/teiaeducation\/\" \/>\n<meta property=\"article:modified_time\" content=\"2024-11-12T12:26:33+00:00\" \/>\n<meta property=\"og:image\" content=\"https:\/\/teiaeducation.ch\/wp-content\/uploads\/2020\/03\/Art-16-135IMG_9358-Joguines-Grapat.jpg\" \/>\n\t<meta property=\"og:image:width\" content=\"1200\" \/>\n\t<meta property=\"og:image:height\" content=\"898\" \/>\n\t<meta property=\"og:image:type\" content=\"image\/jpeg\" \/>\n<script type=\"application\/ld+json\" class=\"yoast-schema-graph\">{\"@context\":\"https:\/\/schema.org\",\"@graph\":[{\"@type\":\"WebPage\",\"@id\":\"https:\/\/teiaeducation.ch\/de\/produkt\/holzbox-zum-spielen-grapat\/\",\"url\":\"https:\/\/teiaeducation.ch\/de\/produkt\/holzbox-zum-spielen-grapat\/\",\"name\":\"Holzbox zum spielen - Grapat - Teia Education & Play\",\"isPartOf\":{\"@id\":\"https:\/\/teiaeducation.ch\/de\/#website\"},\"primaryImageOfPage\":{\"@id\":\"https:\/\/teiaeducation.ch\/de\/produkt\/holzbox-zum-spielen-grapat\/#primaryimage\"},\"image\":{\"@id\":\"https:\/\/teiaeducation.ch\/de\/produkt\/holzbox-zum-spielen-grapat\/#primaryimage\"},\"thumbnailUrl\":\"https:\/\/teiaeducation.ch\/wp-content\/uploads\/2020\/03\/Art-16-135IMG_9358-Joguines-Grapat.jpg\",\"datePublished\":\"2020-03-20T15:21:34+00:00\",\"dateModified\":\"2024-11-12T12:26:33+00:00\",\"description\":\"Die vielseitige Grapat Holzbox zum Spielen oder freie Spielbox kann als Handlungsrahmen dienen, der die Elemente und R\u00e4ume des Kinderspiels definiert.\",\"breadcrumb\":{\"@id\":\"https:\/\/teiaeducation.ch\/de\/produkt\/holzbox-zum-spielen-grapat\/#breadcrumb\"},\"inLanguage\":\"de-CH\",\"potentialAction\":[{\"@type\":\"ReadAction\",\"target\":[\"https:\/\/teiaeducation.ch\/de\/produkt\/holzbox-zum-spielen-grapat\/\"]}]},{\"@type\":\"ImageObject\",\"inLanguage\":\"de-CH\",\"@id\":\"https:\/\/teiaeducation.ch\/de\/produkt\/holzbox-zum-spielen-grapat\/#primaryimage\",\"url\":\"https:\/\/teiaeducation.ch\/wp-content\/uploads\/2020\/03\/Art-16-135IMG_9358-Joguines-Grapat.jpg\",\"contentUrl\":\"https:\/\/teiaeducation.ch\/wp-content\/uploads\/2020\/03\/Art-16-135IMG_9358-Joguines-Grapat.jpg\",\"width\":1200,\"height\":898,\"caption\":\"Holzbox zum spielen - Grapat\"},{\"@type\":\"BreadcrumbList\",\"@id\":\"https:\/\/teiaeducation.ch\/de\/produkt\/holzbox-zum-spielen-grapat\/#breadcrumb\",\"itemListElement\":[{\"@type\":\"ListItem\",\"position\":1,\"name\":\"Home\",\"item\":\"https:\/\/teiaeducation.ch\/de\/\"},{\"@type\":\"ListItem\",\"position\":2,\"name\":\"Laden\",\"item\":\"https:\/\/teiaeducation.ch\/de\/shop\/\"},{\"@type\":\"ListItem\",\"position\":3,\"name\":\"Unsere Marken\",\"item\":\"https:\/\/teiaeducation.ch\/de\/produkt-kategorie\/unsere-marken\/\"},{\"@type\":\"ListItem\",\"position\":4,\"name\":\"Grapat\",\"item\":\"https:\/\/teiaeducation.ch\/de\/produkt-kategorie\/unsere-marken\/grapat-de\/\"},{\"@type\":\"ListItem\",\"position\":5,\"name\":\"Grapat Mandalas &amp; Lose Teile\",\"item\":\"https:\/\/teiaeducation.ch\/de\/produkt-kategorie\/unsere-marken\/grapat-de\/grapat-mandalas-lose-teile\/\"},{\"@type\":\"ListItem\",\"position\":6,\"name\":\"Holzbox zum spielen &#8211; Grapat\"}]},{\"@type\":\"WebSite\",\"@id\":\"https:\/\/teiaeducation.ch\/de\/#website\",\"url\":\"https:\/\/teiaeducation.ch\/de\/\",\"name\":\"Sustainable Educational Products &amp; Ecological Toys\u00a0\",\"description\":\"Specialised Swiss shop selling sustainable educational toys and games, AMI certified Montessori materials, handmade ecological wooden Waldorf toys and arts &amp; crafts supplies, school supplies, children&#039;s furniture and Montessori reference and parenting books.\",\"publisher\":{\"@id\":\"https:\/\/teiaeducation.ch\/de\/#organization\"},\"alternateName\":\"Teia Education & Play\",\"potentialAction\":[{\"@type\":\"SearchAction\",\"target\":{\"@type\":\"EntryPoint\",\"urlTemplate\":\"https:\/\/teiaeducation.ch\/de\/?s={search_term_string}\"},\"query-input\":{\"@type\":\"PropertyValueSpecification\",\"valueRequired\":true,\"valueName\":\"search_term_string\"}}],\"inLanguage\":\"de-CH\"},{\"@type\":\"Organization\",\"@id\":\"https:\/\/teiaeducation.ch\/de\/#organization\",\"name\":\"Teia Education & Play\",\"url\":\"https:\/\/teiaeducation.ch\/de\/\",\"logo\":{\"@type\":\"ImageObject\",\"inLanguage\":\"de-CH\",\"@id\":\"https:\/\/teiaeducation.ch\/de\/#\/schema\/logo\/image\/\",\"url\":\"https:\/\/teiaeducation.ch\/wp-content\/uploads\/2020\/11\/Teia-Education-Switzerland-e1620156442216.jpg\",\"contentUrl\":\"https:\/\/teiaeducation.ch\/wp-content\/uploads\/2020\/11\/Teia-Education-Switzerland-e1620156442216.jpg\",\"width\":166,\"height\":145,\"caption\":\"Teia Education & Play\"},\"image\":{\"@id\":\"https:\/\/teiaeducation.ch\/de\/#\/schema\/logo\/image\/\"},\"sameAs\":[\"https:\/\/www.facebook.com\/teiaeducation\/\",\"https:\/\/x.com\/EducationTeia\",\"https:\/\/www.instagram.com\/teia.education\/\",\"https:\/\/www.linkedin.com\/company\/35501660\",\"https:\/\/www.pinterest.ch\/TeiaEducation\/\"]}]}<\/script>\n<!-- \/ Yoast SEO plugin. -->","yoast_head_json":{"title":"Holzbox zum spielen - Grapat - Teia Education & Play","description":"Die vielseitige Grapat Holzbox zum Spielen oder freie Spielbox kann als Handlungsrahmen dienen, der die Elemente und R\u00e4ume des Kinderspiels definiert.","robots":{"index":"index","follow":"follow","max-snippet":"max-snippet:-1","max-image-preview":"max-image-preview:large","max-video-preview":"max-video-preview:-1"},"canonical":"https:\/\/teiaeducation.ch\/de\/produkt\/holzbox-zum-spielen-grapat\/","og_locale":"de_DE","og_type":"article","og_title":"Holzbox zum spielen - Grapat - Teia Education & Play","og_description":"Die vielseitige Grapat Holzbox zum Spielen oder freie Spielbox kann als Handlungsrahmen dienen, der die Elemente und R\u00e4ume des Kinderspiels definiert.","og_url":"https:\/\/teiaeducation.ch\/de\/produkt\/holzbox-zum-spielen-grapat\/","og_site_name":"Sustainable Educational Products &amp; Ecological Toys\u00a0","article_publisher":"https:\/\/www.facebook.com\/teiaeducation\/","article_modified_time":"2024-11-12T12:26:33+00:00","og_image":[{"width":1200,"height":898,"url":"https:\/\/teiaeducation.ch\/wp-content\/uploads\/2020\/03\/Art-16-135IMG_9358-Joguines-Grapat.jpg","type":"image\/jpeg"}],"schema":{"@context":"https:\/\/schema.org","@graph":[{"@type":"WebPage","@id":"https:\/\/teiaeducation.ch\/de\/produkt\/holzbox-zum-spielen-grapat\/","url":"https:\/\/teiaeducation.ch\/de\/produkt\/holzbox-zum-spielen-grapat\/","name":"Holzbox zum spielen - Grapat - Teia Education & Play","isPartOf":{"@id":"https:\/\/teiaeducation.ch\/de\/#website"},"primaryImageOfPage":{"@id":"https:\/\/teiaeducation.ch\/de\/produkt\/holzbox-zum-spielen-grapat\/#primaryimage"},"image":{"@id":"https:\/\/teiaeducation.ch\/de\/produkt\/holzbox-zum-spielen-grapat\/#primaryimage"},"thumbnailUrl":"https:\/\/teiaeducation.ch\/wp-content\/uploads\/2020\/03\/Art-16-135IMG_9358-Joguines-Grapat.jpg","datePublished":"2020-03-20T15:21:34+00:00","dateModified":"2024-11-12T12:26:33+00:00","description":"Die vielseitige Grapat Holzbox zum Spielen oder freie Spielbox kann als Handlungsrahmen dienen, der die Elemente und R\u00e4ume des Kinderspiels definiert.","breadcrumb":{"@id":"https:\/\/teiaeducation.ch\/de\/produkt\/holzbox-zum-spielen-grapat\/#breadcrumb"},"inLanguage":"de-CH","potentialAction":[{"@type":"ReadAction","target":["https:\/\/teiaeducation.ch\/de\/produkt\/holzbox-zum-spielen-grapat\/"]}]},{"@type":"ImageObject","inLanguage":"de-CH","@id":"https:\/\/teiaeducation.ch\/de\/produkt\/holzbox-zum-spielen-grapat\/#primaryimage","url":"https:\/\/teiaeducation.ch\/wp-content\/uploads\/2020\/03\/Art-16-135IMG_9358-Joguines-Grapat.jpg","contentUrl":"https:\/\/teiaeducation.ch\/wp-content\/uploads\/2020\/03\/Art-16-135IMG_9358-Joguines-Grapat.jpg","width":1200,"height":898,"caption":"Holzbox zum spielen - Grapat"},{"@type":"BreadcrumbList","@id":"https:\/\/teiaeducation.ch\/de\/produkt\/holzbox-zum-spielen-grapat\/#breadcrumb","itemListElement":[{"@type":"ListItem","position":1,"name":"Home","item":"https:\/\/teiaeducation.ch\/de\/"},{"@type":"ListItem","position":2,"name":"Laden","item":"https:\/\/teiaeducation.ch\/de\/shop\/"},{"@type":"ListItem","position":3,"name":"Unsere Marken","item":"https:\/\/teiaeducation.ch\/de\/produkt-kategorie\/unsere-marken\/"},{"@type":"ListItem","position":4,"name":"Grapat","item":"https:\/\/teiaeducation.ch\/de\/produkt-kategorie\/unsere-marken\/grapat-de\/"},{"@type":"ListItem","position":5,"name":"Grapat Mandalas &amp; Lose Teile","item":"https:\/\/teiaeducation.ch\/de\/produkt-kategorie\/unsere-marken\/grapat-de\/grapat-mandalas-lose-teile\/"},{"@type":"ListItem","position":6,"name":"Holzbox zum spielen &#8211; Grapat"}]},{"@type":"WebSite","@id":"https:\/\/teiaeducation.ch\/de\/#website","url":"https:\/\/teiaeducation.ch\/de\/","name":"Sustainable Educational Products &amp; Ecological Toys\u00a0","description":"Specialised Swiss shop selling sustainable educational toys and games, AMI certified Montessori materials, handmade ecological wooden Waldorf toys and arts &amp; crafts supplies, school supplies, children&#039;s furniture and Montessori reference and parenting books.","publisher":{"@id":"https:\/\/teiaeducation.ch\/de\/#organization"},"alternateName":"Teia Education & Play","potentialAction":[{"@type":"SearchAction","target":{"@type":"EntryPoint","urlTemplate":"https:\/\/teiaeducation.ch\/de\/?s={search_term_string}"},"query-input":{"@type":"PropertyValueSpecification","valueRequired":true,"valueName":"search_term_string"}}],"inLanguage":"de-CH"},{"@type":"Organization","@id":"https:\/\/teiaeducation.ch\/de\/#organization","name":"Teia Education & Play","url":"https:\/\/teiaeducation.ch\/de\/","logo":{"@type":"ImageObject","inLanguage":"de-CH","@id":"https:\/\/teiaeducation.ch\/de\/#\/schema\/logo\/image\/","url":"https:\/\/teiaeducation.ch\/wp-content\/uploads\/2020\/11\/Teia-Education-Switzerland-e1620156442216.jpg","contentUrl":"https:\/\/teiaeducation.ch\/wp-content\/uploads\/2020\/11\/Teia-Education-Switzerland-e1620156442216.jpg","width":166,"height":145,"caption":"Teia Education & Play"},"image":{"@id":"https:\/\/teiaeducation.ch\/de\/#\/schema\/logo\/image\/"},"sameAs":["https:\/\/www.facebook.com\/teiaeducation\/","https:\/\/x.com\/EducationTeia","https:\/\/www.instagram.com\/teia.education\/","https:\/\/www.linkedin.com\/company\/35501660","https:\/\/www.pinterest.ch\/TeiaEducation\/"]}]}},"_links":{"self":[{"href":"https:\/\/teiaeducation.ch\/de\/wp-json\/wp\/v2\/product\/50271","targetHints":{"allow":["GET"]}}],"collection":[{"href":"https:\/\/teiaeducation.ch\/de\/wp-json\/wp\/v2\/product"}],"about":[{"href":"https:\/\/teiaeducation.ch\/de\/wp-json\/wp\/v2\/types\/product"}],"replies":[{"embeddable":true,"href":"https:\/\/teiaeducation.ch\/de\/wp-json\/wp\/v2\/comments?post=50271"}],"wp:featuredmedia":[{"embeddable":true,"href":"https:\/\/teiaeducation.ch\/de\/wp-json\/wp\/v2\/media\/50272"}],"wp:attachment":[{"href":"https:\/\/teiaeducation.ch\/de\/wp-json\/wp\/v2\/media?parent=50271"}],"wp:term":[{"taxonomy":"product_brand","embeddable":true,"href":"https:\/\/teiaeducation.ch\/de\/wp-json\/wp\/v2\/product_brand?post=50271"},{"taxonomy":"product_cat","embeddable":true,"href":"https:\/\/teiaeducation.ch\/de\/wp-json\/wp\/v2\/product_cat?post=50271"},{"taxonomy":"product_tag","embeddable":true,"href":"https:\/\/teiaeducation.ch\/de\/wp-json\/wp\/v2\/product_tag?post=50271"}],"curies":[{"name":"wp","href":"https:\/\/api.w.org\/{rel}","templated":true}]}}