{"id":50280,"date":"2020-03-06T15:33:14","date_gmt":"2020-03-06T14:33:14","guid":{"rendered":"https:\/\/teiaeducation.ch\/product\/mandala-gruene-baeume-grapat\/"},"modified":"2025-12-11T13:40:34","modified_gmt":"2025-12-11T12:40:34","slug":"mandala-grune-baume-grapat","status":"publish","type":"product","link":"https:\/\/teiaeducation.ch\/de\/produkt\/mandala-grune-baume-grapat\/","title":{"rendered":"Mandala Gr\u00fcne B\u00e4ume &#8211; Grapat"},"content":{"rendered":"<p>Das Set Mandala gr\u00fcne B\u00e4ume aus der Kollektion Grapat 2020 besteht aus 3 Sets mit 12 handgefertigten \u00f6kologischen Spielzeugb\u00e4umen aus Holz in sch\u00f6nen Gr\u00fcnt\u00f6nen.<\/p>\n<p><a href=\"https:\/\/teiaeducation.ch\/de\/produkt-kategorie\/unsere-marken\/grapat-de\/grapat-mandalas-lose-teile\/\">Grapat Mandalas<\/a> sind kleine Teile, die einzeln im Spiel mit losen Teilen oder als Elemente in Erg\u00e4nzung zu anderen kleinen Weltspielzeugen oder Baus\u00e4tzen f\u00fcr Kinder ab 3 Jahren verwendet werden k\u00f6nnen. Mandalas laden Kinder zum Gestalten ein, und als beliebte Form der Meditation sind sie auch eine gute M\u00f6glichkeit, die Achtsamkeit zu steigern, die Konzentration zu verbessern und die <a href=\"https:\/\/teiaeducation.ch\/de\/produkt-kategorie\/lernthemen\/sensorische-motorische-fertigkeiten\/motorische-fertigkeiten\/\">motorischen F\u00e4higkeiten<\/a> zu verfeinern. Sie k\u00f6nnen auch verwendet werden, um das symbolische Spiel zu bereichern oder um das <a href=\"https:\/\/teiaeducation.ch\/de\/produkt-kategorie\/lernthemen\/mathematik-rechnen\/zaehlen\/\">Z\u00e4hlen<\/a> und <a href=\"https:\/\/teiaeducation.ch\/de\/produkt-kategorie\/kinder-spielzeug\/sortieren\/\">Sortieren<\/a> zu \u00fcben.<\/p>\n<p>Diese entz\u00fcckenden kleinen Holzspielzeuge eignen sich auch hervorragend f\u00fcr Rollenspiele, um Essen zum Kochen vorzut\u00e4uschen, f\u00fcr einen Marktstand oder auf Waldorf-Jahreszeiten- und <a href=\"https:\/\/teiaeducation.ch\/de\/produkt-kategorie\/feier-festlichkeiten\/natur-saisonale-tische-de\/\">Naturtischen<\/a> mit Gegenst\u00e4nden, die auf Naturwanderungen gefunden wurden.<\/p>\n<p>Die taktilen und farbenfrohen gr\u00fcnen B\u00e4ume sind vollst\u00e4ndig aus Holz gefertigt und von Hand in verschiedenen Gr\u00fcnt\u00f6nen bemalt. Jede Holzfigur ist glatt und angenehm anzufassen und mit nat\u00fcrlichem Bienenwachs veredelt.<\/p>\n<p>Das Grapat Mandala gr\u00fcne B\u00e4ume Set ist f\u00fcr Kinder ab 36 Monaten geeignet.<\/p>\n<p>Inhalt:<\/p>\n<p>36 Holzelemente<\/p>\n<h2>\u00dcber Grapat<\/h2>\n<p>Die spanische Marke <a href=\"https:\/\/teiaeducation.ch\/de\/produkt-kategorie\/unsere-marken\/grapat-de\/\">Grapat<\/a>, inspiriert von der <a href=\"https:\/\/teiaeducation.ch\/de\/produkt-kategorie\/bildungsmethode\/waldorf-steiner-paedagogik\/\">Waldorfp\u00e4dagogik<\/a>, ist bekannt f\u00fcr ihr wundersch\u00f6nes Holzspielzeug mit offenem Ende, das freies und selbst\u00e4ndiges Spielen f\u00f6rdert. Die Grapat Philosophie basiert auf der Bereitstellung von Spielzeugen, die die Kinder ermutigen zur <a href=\"https:\/\/teiaeducation.ch\/de\/produkt-kategorie\/malen-basteln\/\">Kreativit\u00e4t<\/a> anregen, damit sie ihre eigenen <a href=\"https:\/\/teiaeducation.ch\/de\/produkt-kategorie\/kinder-spielzeug\/spiele-mit-offenem-ende\/\">Freie Spiele<\/a> und <a href=\"https:\/\/teiaeducation.ch\/de\/produkt-kategorie\/kinder-spielzeug\/phantasievoll-rollenspiel\/\">Fantasiewelten<\/a> erfinden k\u00f6nnen.<\/p>\n<p>Alle <a href=\"https:\/\/teiaeducation.ch\/de\/produkt-kategorie\/kinder-spielzeug\/handgefertigtes-holzspielzeug\/\">Holzspielzeuge<\/a> von Grapat werden in verschiedenen Werkst\u00e4tten in Katalonien, Spanien, nach traditionellen Verfahren aus Holz aus nachhaltiger Forstwirtschaft handgefertigt und von Hand mit Farben auf Wasserbasis bemalt. Die Grapat-Spielzeuge sind f\u00fcr Kleinkinder sicher, da sie ungiftig sind und den europ\u00e4ischen Sicherheitsvorschriften der Richtlinie EN \/ 71-3: 2014 + A1: 2014 \/ 2013 zur Sicherheit von Spielzeug entsprechen. Ein gro\u00dfer Teil der Grapat-Spielzeugkollektion tr\u00e4gt das renommierte <a href=\"https:\/\/www.spielgut.de\">Spielgut<\/a>\u00ae-Siegel.<\/p>\n","protected":false},"excerpt":{"rendered":"<p>Artikelnummer: 20-218<\/p>\n<p>Ein wundersch\u00f6nes Mandala Gr\u00fcne B\u00e4ume Set aus der Grapat 2020 Kollektion mit 36 handgefertigten Spielzeugb\u00e4umen aus Holz in sch\u00f6nen Gr\u00fcnt\u00f6nen.<\/p>\n","protected":false},"featured_media":50281,"comment_status":"closed","ping_status":"closed","template":"","meta":[],"product_brand":[],"product_cat":[21445,21446,21479,21465,21690,21670,21636,21639,23075,21464,21706,21443,22349,21563,21697,21678,21564,21483,22919],"product_tag":[21908,23781,21921,21916,21911,21910,21741],"class_list":{"0":"post-50280","1":"product","2":"type-product","3":"status-publish","4":"has-post-thumbnail","6":"product_cat-3-6-jahre-vorschule","7":"product_cat-6-12-jahre-grundschule","8":"product_cat-lernmaterialien-spielzeug-montessori-waldorf-steiner-froebel","9":"product_cat-feier-festlichkeiten","10":"product_cat-spiele-mit-offenem-ende","11":"product_cat-fruehjahrskollektion","12":"product_cat-grapat-de","13":"product_cat-grapat-mandalas-lose-teile","14":"product_cat-handgefertigtes-holzspielzeug","15":"product_cat-herbstkollektion","16":"product_cat-holz-mandalas","17":"product_cat-nach-alter","18":"product_cat-natur-saisonale-tische-de","19":"product_cat-neuheiten","20":"product_cat-sortieren","21":"product_cat-kinder-spielzeug","22":"product_cat-unsere-marken","23":"product_cat-waldorf-steiner-paedagogik","24":"product_cat-waldorfspielzeug","25":"product_tag-grapat-de","26":"product_tag-grapat-grune-baume","27":"product_tag-grapat-kollektion-2021-de","28":"product_tag-grapat-mandala-de","29":"product_tag-handgefertigtes-holzspielzeug","30":"product_tag-spielzeug-mit-offenem-ende","31":"product_tag-waldorfspielzeug","33":"first","34":"instock","35":"taxable","36":"shipping-taxable","37":"purchasable","38":"product-type-simple"},"yoast_head":"<!-- This site is optimized with the Yoast SEO Premium plugin v25.8 (Yoast SEO v27.4) - https:\/\/yoast.com\/product\/yoast-seo-premium-wordpress\/ -->\n<title>Mandala Gr\u00fcne B\u00e4ume - Grapat - Teia Education &amp; Play<\/title>\n<meta name=\"description\" content=\"Ein wundersch\u00f6nes Mandala Gr\u00fcne B\u00e4ume Set aus der Grapat 2020 Kollektion mit 36 handgefertigten Spielzeugb\u00e4umen aus Holz in sch\u00f6nen Gr\u00fcnt\u00f6nen.\" \/>\n<meta name=\"robots\" content=\"index, follow, max-snippet:-1, max-image-preview:large, max-video-preview:-1\" \/>\n<link rel=\"canonical\" href=\"https:\/\/teiaeducation.ch\/de\/produkt\/mandala-grune-baume-grapat\/\" \/>\n<meta property=\"og:locale\" content=\"de_DE\" \/>\n<meta property=\"og:type\" content=\"article\" \/>\n<meta property=\"og:title\" content=\"Mandala Gr\u00fcne B\u00e4ume - Grapat\" \/>\n<meta property=\"og:description\" content=\"Ein wundersch\u00f6nes Mandala Gr\u00fcne B\u00e4ume Set aus der Grapat 2020 Kollektion mit 36 handgefertigten Spielzeugb\u00e4umen aus Holz in sch\u00f6nen Gr\u00fcnt\u00f6nen.\" \/>\n<meta property=\"og:url\" content=\"https:\/\/teiaeducation.ch\/de\/produkt\/mandala-grune-baume-grapat\/\" \/>\n<meta property=\"og:site_name\" content=\"Sustainable Educational Products &amp; Ecological Toys\u00a0\" \/>\n<meta property=\"article:publisher\" content=\"https:\/\/www.facebook.com\/teiaeducation\/\" \/>\n<meta property=\"article:modified_time\" content=\"2025-12-11T12:40:34+00:00\" \/>\n<meta property=\"og:image\" content=\"https:\/\/teiaeducation.ch\/wp-content\/uploads\/2020\/03\/Art-20-218_IMG_023-Joguines-Grapat.jpg\" \/>\n\t<meta property=\"og:image:width\" content=\"1620\" \/>\n\t<meta property=\"og:image:height\" content=\"1080\" \/>\n\t<meta property=\"og:image:type\" content=\"image\/jpeg\" \/>\n<script type=\"application\/ld+json\" class=\"yoast-schema-graph\">{\"@context\":\"https:\\\/\\\/schema.org\",\"@graph\":[{\"@type\":\"WebPage\",\"@id\":\"https:\\\/\\\/teiaeducation.ch\\\/de\\\/produkt\\\/mandala-grune-baume-grapat\\\/\",\"url\":\"https:\\\/\\\/teiaeducation.ch\\\/de\\\/produkt\\\/mandala-grune-baume-grapat\\\/\",\"name\":\"Mandala Gr\u00fcne B\u00e4ume - Grapat - Teia Education & Play\",\"isPartOf\":{\"@id\":\"https:\\\/\\\/teiaeducation.ch\\\/de\\\/#website\"},\"primaryImageOfPage\":{\"@id\":\"https:\\\/\\\/teiaeducation.ch\\\/de\\\/produkt\\\/mandala-grune-baume-grapat\\\/#primaryimage\"},\"image\":{\"@id\":\"https:\\\/\\\/teiaeducation.ch\\\/de\\\/produkt\\\/mandala-grune-baume-grapat\\\/#primaryimage\"},\"thumbnailUrl\":\"https:\\\/\\\/teiaeducation.ch\\\/wp-content\\\/uploads\\\/2020\\\/03\\\/Art-20-218_IMG_023-Joguines-Grapat.jpg\",\"datePublished\":\"2020-03-06T14:33:14+00:00\",\"dateModified\":\"2025-12-11T12:40:34+00:00\",\"description\":\"Ein wundersch\u00f6nes Mandala Gr\u00fcne B\u00e4ume Set aus der Grapat 2020 Kollektion mit 36 handgefertigten Spielzeugb\u00e4umen aus Holz in sch\u00f6nen Gr\u00fcnt\u00f6nen.\",\"breadcrumb\":{\"@id\":\"https:\\\/\\\/teiaeducation.ch\\\/de\\\/produkt\\\/mandala-grune-baume-grapat\\\/#breadcrumb\"},\"inLanguage\":\"de-CH\",\"potentialAction\":[{\"@type\":\"ReadAction\",\"target\":[\"https:\\\/\\\/teiaeducation.ch\\\/de\\\/produkt\\\/mandala-grune-baume-grapat\\\/\"]}]},{\"@type\":\"ImageObject\",\"inLanguage\":\"de-CH\",\"@id\":\"https:\\\/\\\/teiaeducation.ch\\\/de\\\/produkt\\\/mandala-grune-baume-grapat\\\/#primaryimage\",\"url\":\"https:\\\/\\\/teiaeducation.ch\\\/wp-content\\\/uploads\\\/2020\\\/03\\\/Art-20-218_IMG_023-Joguines-Grapat.jpg\",\"contentUrl\":\"https:\\\/\\\/teiaeducation.ch\\\/wp-content\\\/uploads\\\/2020\\\/03\\\/Art-20-218_IMG_023-Joguines-Grapat.jpg\",\"width\":1620,\"height\":1080,\"caption\":\"\u00f6kologisches spielzeug marke Grapat mandala gr\u00fcne b\u00e4ume holzspielzeug\"},{\"@type\":\"BreadcrumbList\",\"@id\":\"https:\\\/\\\/teiaeducation.ch\\\/de\\\/produkt\\\/mandala-grune-baume-grapat\\\/#breadcrumb\",\"itemListElement\":[{\"@type\":\"ListItem\",\"position\":1,\"name\":\"Home\",\"item\":\"https:\\\/\\\/teiaeducation.ch\\\/de\\\/\"},{\"@type\":\"ListItem\",\"position\":2,\"name\":\"Laden\",\"item\":\"https:\\\/\\\/teiaeducation.ch\\\/de\\\/shop\\\/\"},{\"@type\":\"ListItem\",\"position\":3,\"name\":\"Unsere Marken\",\"item\":\"https:\\\/\\\/teiaeducation.ch\\\/de\\\/produkt-kategorie\\\/unsere-marken\\\/\"},{\"@type\":\"ListItem\",\"position\":4,\"name\":\"Grapat\",\"item\":\"https:\\\/\\\/teiaeducation.ch\\\/de\\\/produkt-kategorie\\\/unsere-marken\\\/grapat-de\\\/\"},{\"@type\":\"ListItem\",\"position\":5,\"name\":\"Grapat Mandalas &amp; Lose Teile\",\"item\":\"https:\\\/\\\/teiaeducation.ch\\\/de\\\/produkt-kategorie\\\/unsere-marken\\\/grapat-de\\\/grapat-mandalas-lose-teile\\\/\"},{\"@type\":\"ListItem\",\"position\":6,\"name\":\"Mandala Gr\u00fcne B\u00e4ume &#8211; Grapat\"}]},{\"@type\":\"WebSite\",\"@id\":\"https:\\\/\\\/teiaeducation.ch\\\/de\\\/#website\",\"url\":\"https:\\\/\\\/teiaeducation.ch\\\/de\\\/\",\"name\":\"Sustainable Educational Products &amp; Ecological Toys\u00a0\",\"description\":\"Specialised Swiss shop selling sustainable educational toys and games, AMI certified Montessori materials, handmade ecological wooden Waldorf toys and arts &amp; crafts supplies, school supplies, children&#039;s furniture and Montessori reference and parenting books.\",\"publisher\":{\"@id\":\"https:\\\/\\\/teiaeducation.ch\\\/de\\\/#organization\"},\"alternateName\":\"Teia Education & Play\",\"potentialAction\":[{\"@type\":\"SearchAction\",\"target\":{\"@type\":\"EntryPoint\",\"urlTemplate\":\"https:\\\/\\\/teiaeducation.ch\\\/de\\\/?s={search_term_string}\"},\"query-input\":{\"@type\":\"PropertyValueSpecification\",\"valueRequired\":true,\"valueName\":\"search_term_string\"}}],\"inLanguage\":\"de-CH\"},{\"@type\":\"Organization\",\"@id\":\"https:\\\/\\\/teiaeducation.ch\\\/de\\\/#organization\",\"name\":\"Teia Education & Play\",\"url\":\"https:\\\/\\\/teiaeducation.ch\\\/de\\\/\",\"logo\":{\"@type\":\"ImageObject\",\"inLanguage\":\"de-CH\",\"@id\":\"https:\\\/\\\/teiaeducation.ch\\\/de\\\/#\\\/schema\\\/logo\\\/image\\\/\",\"url\":\"https:\\\/\\\/teiaeducation.ch\\\/wp-content\\\/uploads\\\/2020\\\/11\\\/Teia-Education-Switzerland-e1620156442216.jpg\",\"contentUrl\":\"https:\\\/\\\/teiaeducation.ch\\\/wp-content\\\/uploads\\\/2020\\\/11\\\/Teia-Education-Switzerland-e1620156442216.jpg\",\"width\":166,\"height\":145,\"caption\":\"Teia Education & Play\"},\"image\":{\"@id\":\"https:\\\/\\\/teiaeducation.ch\\\/de\\\/#\\\/schema\\\/logo\\\/image\\\/\"},\"sameAs\":[\"https:\\\/\\\/www.facebook.com\\\/teiaeducation\\\/\",\"https:\\\/\\\/x.com\\\/EducationTeia\",\"https:\\\/\\\/www.instagram.com\\\/teia.education\\\/\",\"https:\\\/\\\/www.linkedin.com\\\/company\\\/35501660\",\"https:\\\/\\\/www.pinterest.ch\\\/TeiaEducation\\\/\"]}]}<\/script>\n<meta property=\"product:price:amount\" content=\"19.00\" \/>\n<meta property=\"product:price:currency\" content=\"CHF\" \/>\n<meta property=\"og:availability\" content=\"instock\" \/>\n<meta property=\"product:availability\" content=\"instock\" \/>\n<meta property=\"product:retailer_item_id\" content=\"00000000000000000000000000000000000000000000023769\" \/>\n<meta property=\"product:condition\" content=\"new\" \/>\n<!-- \/ Yoast SEO Premium plugin. -->","yoast_head_json":{"title":"Mandala Gr\u00fcne B\u00e4ume - Grapat - Teia Education & Play","description":"Ein wundersch\u00f6nes Mandala Gr\u00fcne B\u00e4ume Set aus der Grapat 2020 Kollektion mit 36 handgefertigten Spielzeugb\u00e4umen aus Holz in sch\u00f6nen Gr\u00fcnt\u00f6nen.","robots":{"index":"index","follow":"follow","max-snippet":"max-snippet:-1","max-image-preview":"max-image-preview:large","max-video-preview":"max-video-preview:-1"},"canonical":"https:\/\/teiaeducation.ch\/de\/produkt\/mandala-grune-baume-grapat\/","og_locale":"de_DE","og_type":"article","og_title":"Mandala Gr\u00fcne B\u00e4ume - Grapat","og_description":"Ein wundersch\u00f6nes Mandala Gr\u00fcne B\u00e4ume Set aus der Grapat 2020 Kollektion mit 36 handgefertigten Spielzeugb\u00e4umen aus Holz in sch\u00f6nen Gr\u00fcnt\u00f6nen.","og_url":"https:\/\/teiaeducation.ch\/de\/produkt\/mandala-grune-baume-grapat\/","og_site_name":"Sustainable Educational Products &amp; Ecological Toys\u00a0","article_publisher":"https:\/\/www.facebook.com\/teiaeducation\/","article_modified_time":"2025-12-11T12:40:34+00:00","og_image":[{"width":1620,"height":1080,"url":"https:\/\/teiaeducation.ch\/wp-content\/uploads\/2020\/03\/Art-20-218_IMG_023-Joguines-Grapat.jpg","type":"image\/jpeg"}],"schema":{"@context":"https:\/\/schema.org","@graph":[{"@type":"WebPage","@id":"https:\/\/teiaeducation.ch\/de\/produkt\/mandala-grune-baume-grapat\/","url":"https:\/\/teiaeducation.ch\/de\/produkt\/mandala-grune-baume-grapat\/","name":"Mandala Gr\u00fcne B\u00e4ume - Grapat - Teia Education & Play","isPartOf":{"@id":"https:\/\/teiaeducation.ch\/de\/#website"},"primaryImageOfPage":{"@id":"https:\/\/teiaeducation.ch\/de\/produkt\/mandala-grune-baume-grapat\/#primaryimage"},"image":{"@id":"https:\/\/teiaeducation.ch\/de\/produkt\/mandala-grune-baume-grapat\/#primaryimage"},"thumbnailUrl":"https:\/\/teiaeducation.ch\/wp-content\/uploads\/2020\/03\/Art-20-218_IMG_023-Joguines-Grapat.jpg","datePublished":"2020-03-06T14:33:14+00:00","dateModified":"2025-12-11T12:40:34+00:00","description":"Ein wundersch\u00f6nes Mandala Gr\u00fcne B\u00e4ume Set aus der Grapat 2020 Kollektion mit 36 handgefertigten Spielzeugb\u00e4umen aus Holz in sch\u00f6nen Gr\u00fcnt\u00f6nen.","breadcrumb":{"@id":"https:\/\/teiaeducation.ch\/de\/produkt\/mandala-grune-baume-grapat\/#breadcrumb"},"inLanguage":"de-CH","potentialAction":[{"@type":"ReadAction","target":["https:\/\/teiaeducation.ch\/de\/produkt\/mandala-grune-baume-grapat\/"]}]},{"@type":"ImageObject","inLanguage":"de-CH","@id":"https:\/\/teiaeducation.ch\/de\/produkt\/mandala-grune-baume-grapat\/#primaryimage","url":"https:\/\/teiaeducation.ch\/wp-content\/uploads\/2020\/03\/Art-20-218_IMG_023-Joguines-Grapat.jpg","contentUrl":"https:\/\/teiaeducation.ch\/wp-content\/uploads\/2020\/03\/Art-20-218_IMG_023-Joguines-Grapat.jpg","width":1620,"height":1080,"caption":"\u00f6kologisches spielzeug marke Grapat mandala gr\u00fcne b\u00e4ume holzspielzeug"},{"@type":"BreadcrumbList","@id":"https:\/\/teiaeducation.ch\/de\/produkt\/mandala-grune-baume-grapat\/#breadcrumb","itemListElement":[{"@type":"ListItem","position":1,"name":"Home","item":"https:\/\/teiaeducation.ch\/de\/"},{"@type":"ListItem","position":2,"name":"Laden","item":"https:\/\/teiaeducation.ch\/de\/shop\/"},{"@type":"ListItem","position":3,"name":"Unsere Marken","item":"https:\/\/teiaeducation.ch\/de\/produkt-kategorie\/unsere-marken\/"},{"@type":"ListItem","position":4,"name":"Grapat","item":"https:\/\/teiaeducation.ch\/de\/produkt-kategorie\/unsere-marken\/grapat-de\/"},{"@type":"ListItem","position":5,"name":"Grapat Mandalas &amp; Lose Teile","item":"https:\/\/teiaeducation.ch\/de\/produkt-kategorie\/unsere-marken\/grapat-de\/grapat-mandalas-lose-teile\/"},{"@type":"ListItem","position":6,"name":"Mandala Gr\u00fcne B\u00e4ume &#8211; Grapat"}]},{"@type":"WebSite","@id":"https:\/\/teiaeducation.ch\/de\/#website","url":"https:\/\/teiaeducation.ch\/de\/","name":"Sustainable Educational Products &amp; Ecological Toys\u00a0","description":"Specialised Swiss shop selling sustainable educational toys and games, AMI certified Montessori materials, handmade ecological wooden Waldorf toys and arts &amp; crafts supplies, school supplies, children&#039;s furniture and Montessori reference and parenting books.","publisher":{"@id":"https:\/\/teiaeducation.ch\/de\/#organization"},"alternateName":"Teia Education & Play","potentialAction":[{"@type":"SearchAction","target":{"@type":"EntryPoint","urlTemplate":"https:\/\/teiaeducation.ch\/de\/?s={search_term_string}"},"query-input":{"@type":"PropertyValueSpecification","valueRequired":true,"valueName":"search_term_string"}}],"inLanguage":"de-CH"},{"@type":"Organization","@id":"https:\/\/teiaeducation.ch\/de\/#organization","name":"Teia Education & Play","url":"https:\/\/teiaeducation.ch\/de\/","logo":{"@type":"ImageObject","inLanguage":"de-CH","@id":"https:\/\/teiaeducation.ch\/de\/#\/schema\/logo\/image\/","url":"https:\/\/teiaeducation.ch\/wp-content\/uploads\/2020\/11\/Teia-Education-Switzerland-e1620156442216.jpg","contentUrl":"https:\/\/teiaeducation.ch\/wp-content\/uploads\/2020\/11\/Teia-Education-Switzerland-e1620156442216.jpg","width":166,"height":145,"caption":"Teia Education & Play"},"image":{"@id":"https:\/\/teiaeducation.ch\/de\/#\/schema\/logo\/image\/"},"sameAs":["https:\/\/www.facebook.com\/teiaeducation\/","https:\/\/x.com\/EducationTeia","https:\/\/www.instagram.com\/teia.education\/","https:\/\/www.linkedin.com\/company\/35501660","https:\/\/www.pinterest.ch\/TeiaEducation\/"]}]},"product_price_amount":"19.00","product_price_currency":"CHF","og_availability":"instock","product_availability":"instock","product_retailer_item_id":"00000000000000000000000000000000000000000000023769","product_condition":"new"},"_links":{"self":[{"href":"https:\/\/teiaeducation.ch\/de\/wp-json\/wp\/v2\/product\/50280","targetHints":{"allow":["GET"]}}],"collection":[{"href":"https:\/\/teiaeducation.ch\/de\/wp-json\/wp\/v2\/product"}],"about":[{"href":"https:\/\/teiaeducation.ch\/de\/wp-json\/wp\/v2\/types\/product"}],"replies":[{"embeddable":true,"href":"https:\/\/teiaeducation.ch\/de\/wp-json\/wp\/v2\/comments?post=50280"}],"wp:featuredmedia":[{"embeddable":true,"href":"https:\/\/teiaeducation.ch\/de\/wp-json\/wp\/v2\/media\/50281"}],"wp:attachment":[{"href":"https:\/\/teiaeducation.ch\/de\/wp-json\/wp\/v2\/media?parent=50280"}],"wp:term":[{"taxonomy":"product_brand","embeddable":true,"href":"https:\/\/teiaeducation.ch\/de\/wp-json\/wp\/v2\/product_brand?post=50280"},{"taxonomy":"product_cat","embeddable":true,"href":"https:\/\/teiaeducation.ch\/de\/wp-json\/wp\/v2\/product_cat?post=50280"},{"taxonomy":"product_tag","embeddable":true,"href":"https:\/\/teiaeducation.ch\/de\/wp-json\/wp\/v2\/product_tag?post=50280"}],"curies":[{"name":"wp","href":"https:\/\/api.w.org\/{rel}","templated":true}]}}