{"id":50673,"date":"2022-11-04T15:19:20","date_gmt":"2022-11-04T14:19:20","guid":{"rendered":"https:\/\/teiaeducation.ch\/product\/kuh-schwarz-weiss-stehend-ostheimer\/"},"modified":"2024-11-19T10:52:34","modified_gmt":"2024-11-19T09:52:34","slug":"kuh-schwarz-weiss-stehend-ostheimer","status":"publish","type":"product","link":"https:\/\/teiaeducation.ch\/de\/produkt\/kuh-schwarz-weiss-stehend-ostheimer\/","title":{"rendered":"Kuh schwarz stehend &#8211; Ostheimer"},"content":{"rendered":"<p>Die sch\u00f6ne handgefertigte Holztier \/ Holzspielzeugfigur Kuh schwarz-weiss stehend aus dem Ostheimer Familie und Bauernhof Figuren Sortiment wird Ihrem jungen Bauern sicher gefallen!<\/p>\n<p>Das Leben auf dem Bauernhof ist f\u00fcr Kinder faszinierend und diese Kuh eignet sich perfekt um eine eigene Sammlung von Ostheimer Holzfiguren und Holztiere zu beginnen, mit denen sie spielerisch alles nachspielen k\u00f6nnen, was sie erlebt oder dar\u00fcber geh\u00f6rt haben.<\/p>\n<p>Ostheimer Holzspielzeug wird zu 100 % in Handarbeit in Deutschland aus zertifizierten Materialien hergestellt, um die Sicherheit der Kinder beim Spielen zu garantieren.<\/p>\n<p>Die Ostheimer Kuh ist 11.5 cm gro\u00df und wird f\u00fcr Kinder ab 3 Jahren empfohlen.<\/p>\n<p>Inhalt:<\/p>\n<p>1 schwarz-weisse Spielzeug Kuh aus Holz<\/p>\n<h2>\u00dcber Ostheimer<\/h2>\n<p>Ostheimer Holzspielzeug regt Kinder dazu an, die Welt mit allen Sinnen zu erfassen und sich im kreativen und <a href=\"https:\/\/teiaeducation.ch\/product-category\/play\/imaginative-role-play\/\">phantasievollen Spiel<\/a> frei zu entfalten, was f\u00fcr ein gesundes Aufwachsen so wichtig ist.<\/p>\n<p>Als unverzichtbare <a href=\"https:\/\/teiaeducation.ch\/product-category\/hgh-quality-toys-play\/waldorf-toys\/\">Waldorfspielzeugmarke<\/a> stellt Ostheimer seit \u00fcber 80 Jahren sorgf\u00e4ltig <a href=\"https:\/\/teiaeducation.ch\/product-category\/play\/wooden-figures\/\">Holzfiguren<\/a> und <a href=\"https:\/\/teiaeducation.ch\/product-category\/play\/animals-farms\/\">Holztiere<\/a> her. Individuell von Hand gefertigt, bieten die hochwertigen Ostheimer Holzspielzeug Kinder mit einem sch\u00f6nen und angenehmen Bild von Menschen und Tieren. Sie sind so geformt, dass kleine H\u00e4nde die volle taktile und <a href=\"https:\/\/teiaeducation.ch\/product-category\/play\/sensory-play\/\">sensorische<\/a> Erfahrung des nat\u00fcrlichen Holzes erleben k\u00f6nnen.<\/p>\n<p>Jedes <a href=\"https:\/\/teiaeducation.ch\/product-category\/brands\/ostheimer\/\">Ostheimer<\/a> Holzspielzeug ist mit sorgf\u00e4ltig ausgew\u00e4hlten Farben bemalt, die speichelfest sind und keine sch\u00e4dlichen Substanzen enthalten. Sie werden mit Bio-\u00d6l behandelt, um die nat\u00fcrlichen Eigenschaften des Holzes zu erhalten und die Holzstruktur durchscheinen zu lassen.<\/p>\n","protected":false},"excerpt":{"rendered":"<p>Artikelnummer: OST11042<\/p>\n<p>Kuh Holzspielzeugfigur aus dem Ostheimer Familie &amp; Bauernhof Figuren Sortiment &#8211; Waldorfholzspielzeug 100% handgefertigt in Deutschland.<\/p>\n","protected":false},"featured_media":50470,"comment_status":"open","ping_status":"closed","template":"","meta":[],"product_brand":[],"product_cat":[21445,21446,22033,21479,29459,21690,21487,21484,23075,21705,21443,21563,23820,21687,21678,21680,21564,21483,22919],"product_tag":[23941,23843,23942,23943,23844],"class_list":{"0":"post-50673","1":"product","2":"type-product","3":"status-publish","4":"has-post-thumbnail","6":"product_cat-3-6-jahre-vorschule","7":"product_cat-6-12-jahre-grundschule","8":"product_cat-adventskalender-geschenke-strumpffueller","9":"product_cat-lernmaterialien-spielzeug-montessori-waldorf-steiner-froebel","10":"product_cat-familie-bauernhof","11":"product_cat-spiele-mit-offenem-ende","12":"product_cat-geschenk-guide-3-6-jahre-vorschule","13":"product_cat-geschenk-guides","14":"product_cat-handgefertigtes-holzspielzeug","15":"product_cat-holzfiguren","16":"product_cat-nach-alter","17":"product_cat-neuheiten","18":"product_cat-ostheimer-de","19":"product_cat-phantasievoll-rollenspiel","20":"product_cat-kinder-spielzeug","21":"product_cat-tiere-bauernhoefe","22":"product_cat-unsere-marken","23":"product_cat-waldorf-steiner-paedagogik","24":"product_cat-waldorfspielzeug","25":"product_tag-kuh-schwarz-weiss-stehend-ostheimer","26":"product_tag-ostheimer-familie-bauernhof-holzfiguren","27":"product_tag-ostheimer-huh-holztier-figur","28":"product_tag-ostheimer-kuh-stehend","29":"product_tag-ostheimer-waldorf-holzspielzeug","31":"first","32":"instock","33":"taxable","34":"shipping-taxable","35":"purchasable","36":"product-type-simple"},"yoast_head":"<!-- This site is optimized with the Yoast SEO plugin v27.3 - https:\/\/yoast.com\/product\/yoast-seo-wordpress\/ -->\n<title>Kuh schwarz stehend - Ostheimer - Teia Education &amp; Play<\/title>\n<meta name=\"description\" content=\"Kuh schwarz stehend Holzspielzeugfigur aus dem Ostheimer Familie &amp; Bauernhof Figuren Sortiment - Waldorfholzspielzeug 100% handgefertigt in Deutschland.\" \/>\n<meta name=\"robots\" content=\"index, follow, max-snippet:-1, max-image-preview:large, max-video-preview:-1\" \/>\n<link rel=\"canonical\" href=\"https:\/\/teiaeducation.ch\/de\/produkt\/kuh-schwarz-weiss-stehend-ostheimer\/\" \/>\n<meta property=\"og:locale\" content=\"de_DE\" \/>\n<meta property=\"og:type\" content=\"article\" \/>\n<meta property=\"og:title\" content=\"Kuh schwarz stehend - Ostheimer - Teia Education &amp; Play\" \/>\n<meta property=\"og:description\" content=\"Kuh schwarz stehend Holzspielzeugfigur aus dem Ostheimer Familie &amp; Bauernhof Figuren Sortiment - Waldorfholzspielzeug 100% handgefertigt in Deutschland.\" \/>\n<meta property=\"og:url\" content=\"https:\/\/teiaeducation.ch\/de\/produkt\/kuh-schwarz-weiss-stehend-ostheimer\/\" \/>\n<meta property=\"og:site_name\" content=\"Sustainable Educational Products &amp; Ecological Toys\u00a0\" \/>\n<meta property=\"article:publisher\" content=\"https:\/\/www.facebook.com\/teiaeducation\/\" \/>\n<meta property=\"article:modified_time\" content=\"2024-11-19T09:52:34+00:00\" \/>\n<meta property=\"og:image\" content=\"https:\/\/teiaeducation.ch\/wp-content\/uploads\/2022\/11\/Standing-black-and-white-cow-Ostheimer.jpg\" \/>\n\t<meta property=\"og:image:width\" content=\"800\" \/>\n\t<meta property=\"og:image:height\" content=\"800\" \/>\n\t<meta property=\"og:image:type\" content=\"image\/jpeg\" \/>\n<script type=\"application\/ld+json\" class=\"yoast-schema-graph\">{\"@context\":\"https:\\\/\\\/schema.org\",\"@graph\":[{\"@type\":\"WebPage\",\"@id\":\"https:\\\/\\\/teiaeducation.ch\\\/de\\\/produkt\\\/kuh-schwarz-weiss-stehend-ostheimer\\\/\",\"url\":\"https:\\\/\\\/teiaeducation.ch\\\/de\\\/produkt\\\/kuh-schwarz-weiss-stehend-ostheimer\\\/\",\"name\":\"Kuh schwarz stehend - Ostheimer - Teia Education & Play\",\"isPartOf\":{\"@id\":\"https:\\\/\\\/teiaeducation.ch\\\/de\\\/#website\"},\"primaryImageOfPage\":{\"@id\":\"https:\\\/\\\/teiaeducation.ch\\\/de\\\/produkt\\\/kuh-schwarz-weiss-stehend-ostheimer\\\/#primaryimage\"},\"image\":{\"@id\":\"https:\\\/\\\/teiaeducation.ch\\\/de\\\/produkt\\\/kuh-schwarz-weiss-stehend-ostheimer\\\/#primaryimage\"},\"thumbnailUrl\":\"https:\\\/\\\/teiaeducation.ch\\\/wp-content\\\/uploads\\\/2022\\\/11\\\/Standing-black-and-white-cow-Ostheimer.jpg\",\"datePublished\":\"2022-11-04T14:19:20+00:00\",\"dateModified\":\"2024-11-19T09:52:34+00:00\",\"description\":\"Kuh schwarz stehend Holzspielzeugfigur aus dem Ostheimer Familie & Bauernhof Figuren Sortiment - Waldorfholzspielzeug 100% handgefertigt in Deutschland.\",\"breadcrumb\":{\"@id\":\"https:\\\/\\\/teiaeducation.ch\\\/de\\\/produkt\\\/kuh-schwarz-weiss-stehend-ostheimer\\\/#breadcrumb\"},\"inLanguage\":\"de-CH\",\"potentialAction\":[{\"@type\":\"ReadAction\",\"target\":[\"https:\\\/\\\/teiaeducation.ch\\\/de\\\/produkt\\\/kuh-schwarz-weiss-stehend-ostheimer\\\/\"]}]},{\"@type\":\"ImageObject\",\"inLanguage\":\"de-CH\",\"@id\":\"https:\\\/\\\/teiaeducation.ch\\\/de\\\/produkt\\\/kuh-schwarz-weiss-stehend-ostheimer\\\/#primaryimage\",\"url\":\"https:\\\/\\\/teiaeducation.ch\\\/wp-content\\\/uploads\\\/2022\\\/11\\\/Standing-black-and-white-cow-Ostheimer.jpg\",\"contentUrl\":\"https:\\\/\\\/teiaeducation.ch\\\/wp-content\\\/uploads\\\/2022\\\/11\\\/Standing-black-and-white-cow-Ostheimer.jpg\",\"width\":800,\"height\":800,\"caption\":\"Stehende schwarz-wei\u00dfe Holzspielzeug Kuh Ostheimer Familie Bauernhof Figuren\"},{\"@type\":\"BreadcrumbList\",\"@id\":\"https:\\\/\\\/teiaeducation.ch\\\/de\\\/produkt\\\/kuh-schwarz-weiss-stehend-ostheimer\\\/#breadcrumb\",\"itemListElement\":[{\"@type\":\"ListItem\",\"position\":1,\"name\":\"Home\",\"item\":\"https:\\\/\\\/teiaeducation.ch\\\/de\\\/\"},{\"@type\":\"ListItem\",\"position\":2,\"name\":\"Laden\",\"item\":\"https:\\\/\\\/teiaeducation.ch\\\/de\\\/shop\\\/\"},{\"@type\":\"ListItem\",\"position\":3,\"name\":\"Unsere Marken\",\"item\":\"https:\\\/\\\/teiaeducation.ch\\\/de\\\/produkt-kategorie\\\/unsere-marken\\\/\"},{\"@type\":\"ListItem\",\"position\":4,\"name\":\"Ostheimer\",\"item\":\"https:\\\/\\\/teiaeducation.ch\\\/de\\\/produkt-kategorie\\\/unsere-marken\\\/ostheimer-de\\\/\"},{\"@type\":\"ListItem\",\"position\":5,\"name\":\"Kuh schwarz stehend &#8211; Ostheimer\"}]},{\"@type\":\"WebSite\",\"@id\":\"https:\\\/\\\/teiaeducation.ch\\\/de\\\/#website\",\"url\":\"https:\\\/\\\/teiaeducation.ch\\\/de\\\/\",\"name\":\"Sustainable Educational Products &amp; Ecological Toys\u00a0\",\"description\":\"Specialised Swiss shop selling sustainable educational toys and games, AMI certified Montessori materials, handmade ecological wooden Waldorf toys and arts &amp; crafts supplies, school supplies, children&#039;s furniture and Montessori reference and parenting books.\",\"publisher\":{\"@id\":\"https:\\\/\\\/teiaeducation.ch\\\/de\\\/#organization\"},\"alternateName\":\"Teia Education & Play\",\"potentialAction\":[{\"@type\":\"SearchAction\",\"target\":{\"@type\":\"EntryPoint\",\"urlTemplate\":\"https:\\\/\\\/teiaeducation.ch\\\/de\\\/?s={search_term_string}\"},\"query-input\":{\"@type\":\"PropertyValueSpecification\",\"valueRequired\":true,\"valueName\":\"search_term_string\"}}],\"inLanguage\":\"de-CH\"},{\"@type\":\"Organization\",\"@id\":\"https:\\\/\\\/teiaeducation.ch\\\/de\\\/#organization\",\"name\":\"Teia Education & Play\",\"url\":\"https:\\\/\\\/teiaeducation.ch\\\/de\\\/\",\"logo\":{\"@type\":\"ImageObject\",\"inLanguage\":\"de-CH\",\"@id\":\"https:\\\/\\\/teiaeducation.ch\\\/de\\\/#\\\/schema\\\/logo\\\/image\\\/\",\"url\":\"https:\\\/\\\/teiaeducation.ch\\\/wp-content\\\/uploads\\\/2020\\\/11\\\/Teia-Education-Switzerland-e1620156442216.jpg\",\"contentUrl\":\"https:\\\/\\\/teiaeducation.ch\\\/wp-content\\\/uploads\\\/2020\\\/11\\\/Teia-Education-Switzerland-e1620156442216.jpg\",\"width\":166,\"height\":145,\"caption\":\"Teia Education & Play\"},\"image\":{\"@id\":\"https:\\\/\\\/teiaeducation.ch\\\/de\\\/#\\\/schema\\\/logo\\\/image\\\/\"},\"sameAs\":[\"https:\\\/\\\/www.facebook.com\\\/teiaeducation\\\/\",\"https:\\\/\\\/x.com\\\/EducationTeia\",\"https:\\\/\\\/www.instagram.com\\\/teia.education\\\/\",\"https:\\\/\\\/www.linkedin.com\\\/company\\\/35501660\",\"https:\\\/\\\/www.pinterest.ch\\\/TeiaEducation\\\/\"]}]}<\/script>\n<!-- \/ Yoast SEO plugin. -->","yoast_head_json":{"title":"Kuh schwarz stehend - Ostheimer - Teia Education & Play","description":"Kuh schwarz stehend Holzspielzeugfigur aus dem Ostheimer Familie & Bauernhof Figuren Sortiment - Waldorfholzspielzeug 100% handgefertigt in Deutschland.","robots":{"index":"index","follow":"follow","max-snippet":"max-snippet:-1","max-image-preview":"max-image-preview:large","max-video-preview":"max-video-preview:-1"},"canonical":"https:\/\/teiaeducation.ch\/de\/produkt\/kuh-schwarz-weiss-stehend-ostheimer\/","og_locale":"de_DE","og_type":"article","og_title":"Kuh schwarz stehend - Ostheimer - Teia Education & Play","og_description":"Kuh schwarz stehend Holzspielzeugfigur aus dem Ostheimer Familie & Bauernhof Figuren Sortiment - Waldorfholzspielzeug 100% handgefertigt in Deutschland.","og_url":"https:\/\/teiaeducation.ch\/de\/produkt\/kuh-schwarz-weiss-stehend-ostheimer\/","og_site_name":"Sustainable Educational Products &amp; Ecological Toys\u00a0","article_publisher":"https:\/\/www.facebook.com\/teiaeducation\/","article_modified_time":"2024-11-19T09:52:34+00:00","og_image":[{"width":800,"height":800,"url":"https:\/\/teiaeducation.ch\/wp-content\/uploads\/2022\/11\/Standing-black-and-white-cow-Ostheimer.jpg","type":"image\/jpeg"}],"schema":{"@context":"https:\/\/schema.org","@graph":[{"@type":"WebPage","@id":"https:\/\/teiaeducation.ch\/de\/produkt\/kuh-schwarz-weiss-stehend-ostheimer\/","url":"https:\/\/teiaeducation.ch\/de\/produkt\/kuh-schwarz-weiss-stehend-ostheimer\/","name":"Kuh schwarz stehend - Ostheimer - Teia Education & Play","isPartOf":{"@id":"https:\/\/teiaeducation.ch\/de\/#website"},"primaryImageOfPage":{"@id":"https:\/\/teiaeducation.ch\/de\/produkt\/kuh-schwarz-weiss-stehend-ostheimer\/#primaryimage"},"image":{"@id":"https:\/\/teiaeducation.ch\/de\/produkt\/kuh-schwarz-weiss-stehend-ostheimer\/#primaryimage"},"thumbnailUrl":"https:\/\/teiaeducation.ch\/wp-content\/uploads\/2022\/11\/Standing-black-and-white-cow-Ostheimer.jpg","datePublished":"2022-11-04T14:19:20+00:00","dateModified":"2024-11-19T09:52:34+00:00","description":"Kuh schwarz stehend Holzspielzeugfigur aus dem Ostheimer Familie & Bauernhof Figuren Sortiment - Waldorfholzspielzeug 100% handgefertigt in Deutschland.","breadcrumb":{"@id":"https:\/\/teiaeducation.ch\/de\/produkt\/kuh-schwarz-weiss-stehend-ostheimer\/#breadcrumb"},"inLanguage":"de-CH","potentialAction":[{"@type":"ReadAction","target":["https:\/\/teiaeducation.ch\/de\/produkt\/kuh-schwarz-weiss-stehend-ostheimer\/"]}]},{"@type":"ImageObject","inLanguage":"de-CH","@id":"https:\/\/teiaeducation.ch\/de\/produkt\/kuh-schwarz-weiss-stehend-ostheimer\/#primaryimage","url":"https:\/\/teiaeducation.ch\/wp-content\/uploads\/2022\/11\/Standing-black-and-white-cow-Ostheimer.jpg","contentUrl":"https:\/\/teiaeducation.ch\/wp-content\/uploads\/2022\/11\/Standing-black-and-white-cow-Ostheimer.jpg","width":800,"height":800,"caption":"Stehende schwarz-wei\u00dfe Holzspielzeug Kuh Ostheimer Familie Bauernhof Figuren"},{"@type":"BreadcrumbList","@id":"https:\/\/teiaeducation.ch\/de\/produkt\/kuh-schwarz-weiss-stehend-ostheimer\/#breadcrumb","itemListElement":[{"@type":"ListItem","position":1,"name":"Home","item":"https:\/\/teiaeducation.ch\/de\/"},{"@type":"ListItem","position":2,"name":"Laden","item":"https:\/\/teiaeducation.ch\/de\/shop\/"},{"@type":"ListItem","position":3,"name":"Unsere Marken","item":"https:\/\/teiaeducation.ch\/de\/produkt-kategorie\/unsere-marken\/"},{"@type":"ListItem","position":4,"name":"Ostheimer","item":"https:\/\/teiaeducation.ch\/de\/produkt-kategorie\/unsere-marken\/ostheimer-de\/"},{"@type":"ListItem","position":5,"name":"Kuh schwarz stehend &#8211; Ostheimer"}]},{"@type":"WebSite","@id":"https:\/\/teiaeducation.ch\/de\/#website","url":"https:\/\/teiaeducation.ch\/de\/","name":"Sustainable Educational Products &amp; Ecological Toys\u00a0","description":"Specialised Swiss shop selling sustainable educational toys and games, AMI certified Montessori materials, handmade ecological wooden Waldorf toys and arts &amp; crafts supplies, school supplies, children&#039;s furniture and Montessori reference and parenting books.","publisher":{"@id":"https:\/\/teiaeducation.ch\/de\/#organization"},"alternateName":"Teia Education & Play","potentialAction":[{"@type":"SearchAction","target":{"@type":"EntryPoint","urlTemplate":"https:\/\/teiaeducation.ch\/de\/?s={search_term_string}"},"query-input":{"@type":"PropertyValueSpecification","valueRequired":true,"valueName":"search_term_string"}}],"inLanguage":"de-CH"},{"@type":"Organization","@id":"https:\/\/teiaeducation.ch\/de\/#organization","name":"Teia Education & Play","url":"https:\/\/teiaeducation.ch\/de\/","logo":{"@type":"ImageObject","inLanguage":"de-CH","@id":"https:\/\/teiaeducation.ch\/de\/#\/schema\/logo\/image\/","url":"https:\/\/teiaeducation.ch\/wp-content\/uploads\/2020\/11\/Teia-Education-Switzerland-e1620156442216.jpg","contentUrl":"https:\/\/teiaeducation.ch\/wp-content\/uploads\/2020\/11\/Teia-Education-Switzerland-e1620156442216.jpg","width":166,"height":145,"caption":"Teia Education & Play"},"image":{"@id":"https:\/\/teiaeducation.ch\/de\/#\/schema\/logo\/image\/"},"sameAs":["https:\/\/www.facebook.com\/teiaeducation\/","https:\/\/x.com\/EducationTeia","https:\/\/www.instagram.com\/teia.education\/","https:\/\/www.linkedin.com\/company\/35501660","https:\/\/www.pinterest.ch\/TeiaEducation\/"]}]}},"_links":{"self":[{"href":"https:\/\/teiaeducation.ch\/de\/wp-json\/wp\/v2\/product\/50673","targetHints":{"allow":["GET"]}}],"collection":[{"href":"https:\/\/teiaeducation.ch\/de\/wp-json\/wp\/v2\/product"}],"about":[{"href":"https:\/\/teiaeducation.ch\/de\/wp-json\/wp\/v2\/types\/product"}],"replies":[{"embeddable":true,"href":"https:\/\/teiaeducation.ch\/de\/wp-json\/wp\/v2\/comments?post=50673"}],"wp:featuredmedia":[{"embeddable":true,"href":"https:\/\/teiaeducation.ch\/de\/wp-json\/wp\/v2\/media\/50470"}],"wp:attachment":[{"href":"https:\/\/teiaeducation.ch\/de\/wp-json\/wp\/v2\/media?parent=50673"}],"wp:term":[{"taxonomy":"product_brand","embeddable":true,"href":"https:\/\/teiaeducation.ch\/de\/wp-json\/wp\/v2\/product_brand?post=50673"},{"taxonomy":"product_cat","embeddable":true,"href":"https:\/\/teiaeducation.ch\/de\/wp-json\/wp\/v2\/product_cat?post=50673"},{"taxonomy":"product_tag","embeddable":true,"href":"https:\/\/teiaeducation.ch\/de\/wp-json\/wp\/v2\/product_tag?post=50673"}],"curies":[{"name":"wp","href":"https:\/\/api.w.org\/{rel}","templated":true}]}}