{"id":50709,"date":"2022-09-30T11:54:21","date_gmt":"2022-09-30T09:54:21","guid":{"rendered":"https:\/\/teiaeducation.ch\/product\/mini-spielseidentuch-rund-um-das-jahr-sarahs-silks\/"},"modified":"2025-05-23T15:24:08","modified_gmt":"2025-05-23T13:24:08","slug":"mini-spielseidentuch-rund-um-das-jahr-sarahs-silks","status":"publish","type":"product","link":"https:\/\/teiaeducation.ch\/de\/produkt\/mini-spielseidentuch-rund-um-das-jahr-sarahs-silks\/","title":{"rendered":"Mini Seidenspieltuch Rund um das Jahr Jahreszeiten &#8211; Sarah&#8217;s Silks"},"content":{"rendered":"<p>Ein wundersch\u00f6nes, von der Waldorfp\u00e4dagogik inspiriertes, nat\u00fcrliches Mini Seidenspieltuch in der Variante Jahreszeiten \u201cRund um das Jahr\u201d von Sarah\u2019s Silks. Die 53 x 53 Zentimeter gro\u00dfe Mini Seidenspieltuch wird aus 100 % fair gehandelter Seide hergestellt, von Hand ges\u00e4umt und mit ungiftigem, umweltfreundlichem Farbstoff gef\u00e4rbt.<\/p>\n<p>Die Seidenspieltuch &#8220;Rund um das Jahr&#8221; ermutigt Kinder den Wechsel der <a href=\"https:\/\/teiaeducation.ch\/product-category\/learning-themes\/culture-science\/seasons-weather\/\">Jahreszeiten<\/a> zu erkennen und f\u00f6rdert ihr Bewusstsein f\u00fcr die nat\u00fcrlichen Rhythmen der Erde. Familien verwenden die Rund um das Jahr mini Seidenspieltuch um <a href=\"https:\/\/teiaeducation.ch\/product-category\/celebrations\/nature-seasonal-tables\/\">Naturtische<\/a> zu dekorieren und <a href=\"https:\/\/teiaeducation.ch\/product-category\/celebrations\/birthdays\/\">Geburtstage<\/a> und <a href=\"https:\/\/teiaeducation.ch\/product-category\/seasonal-collections\/\">saisonale Feiertage<\/a> zu feiern.<\/p>\n<p>Sarah&#8217;s Silks Seidenspielt\u00fccher\u00a0sind inspirierende, magische Spielzeuge, mit denen Kinder immer wieder gerne spielen! Die Einfachheit und <a href=\"https:\/\/teiaeducation.ch\/product-category\/play\/open-ended-play\/\">freie<\/a> Gestaltung der Seidenspielt\u00fccher zapfen direkt das <a href=\"https:\/\/teiaeducation.ch\/product-category\/creative-art-craft\/\">kreative<\/a> Potenzial des Kindes an und erm\u00f6glichen es ihm, seine Fantasie auszudr\u00fccken und seine Unabh\u00e4ngigkeit zu f\u00f6rdern.<\/p>\n<p>Inhalt:<\/p>\n<p>1 Mini Seidenspieltuch Rund um das Jahr (53 x 53 cm)<\/p>\n<h2>Pflegehinweise<\/h2>\n<p>Waschen mit der Hand, trocknen es auf der Leine und b\u00fcgeln es auf mittlerer Stufe, um den nat\u00fcrlichen Glanz der Seide wiederherzustellen \u2013 bitte beachten Sie die Schritt-f\u00fcr-Schritt-<a href=\"https:\/\/www.sarahssilks.com\/blogs\/journal\/how-to-wash-playsilks\">Anleitung<\/a> von Sarah\u2019s Silks um Ihre Seidenartikel zu waschen.<\/p>\n<h2>R\u00fcckgaberecht<\/h2>\n<p>Alle zur\u00fcckgesandten Artikel m\u00fcssen sich in ihrem Originalzustand befinden und die Originalverpackung sowie die Etiketten m\u00fcssen angebracht und intakt sein. Gebrauchte oder gewaschene Artikel k\u00f6nnen nicht zur\u00fcckgegeben werden.<\/p>\n<h2>\u00dcber Sarah&#8217;s Silks<\/h2>\n<p><a href=\"https:\/\/teiaeducation.ch\/product-category\/brands\/sarahs-silks\/\">Sarah&#8217;s Silks<\/a> ist ein Familienunternehmen mit Sitz in den USA, das sich auf <a href=\"https:\/\/teiaeducation.ch\/product-category\/education-method\/waldorf-steiner-toys-craft-materials\/\">Waldorf<\/a> inspiriertes, <a href=\"https:\/\/teiaeducation.ch\/product-category\/play\/nature-play\/\">nat\u00fcrliches<\/a> und nachhaltiges Spielzeug spezialisiert hat, das die <a href=\"https:\/\/teiaeducation.ch\/product-category\/play\/imaginative-role-play\/\">Fantasie<\/a> der Kinder anregt. Die Mission von Sarah&#8217;s Silks ist es, nachhaltiges, offenes und freies Spielzeug herzustellen, das unsere Kinder lehrt Mutter Erde zu lieben und zu pflegen. Die wundersch\u00f6nen Sarah&#8217;s Silks Seidenspielt\u00fccher, Baumwollspielt\u00fccher, Umh\u00e4nge, Feenkleider und Luftschlangen sind perfekt f\u00fcr das freie Spiel, das Verkleiden und das dramatische Spiel in Waldorfh\u00e4usern, Kinderg\u00e4rten und <a href=\"https:\/\/teiaeducation.ch\/waldorf-steiner-schools-supplies\/\">Steiner Schulen<\/a>.<\/p>\n<p>Alle Sarah&#8217;s Silks Seidenkost\u00fcme, Spielzeuge und Seidenspielt\u00fccher werden aus hochwertiger, nachhaltiger chinesischer Seide hergestellt. Jedes Seidenprodukt wird von N\u00e4herinnen gewebt, gef\u00e4rbt und von Hand ges\u00e4umt, die in einem kleinen Dorf in der N\u00e4he von Suzhou, China, arbeiten. Sie werden anschlie\u00dfend in Sonoma County, Kalifornien, USA, handbemalt und handgefertigt.<\/p>\n<p>Kinder lieben die leuchtenden, sch\u00f6n gemischten Farben und die weiche, f\u00fchlbare Haptik der Seidenspielt\u00fccher, Baumwollspielt\u00fccher und Umh\u00e4nge. Sie werden mit ungiftigen, umweltfreundlichen Farbstoffen und nat\u00fcrlichen Fasern aus 100% echter Seide und 100% Baumwolle hergestellt und haben strenge amerikanische und europ\u00e4ische Sicherheitstests bestanden und sind f\u00fcr Kinder jeden Alters geeignet.<\/p>\n","protected":false},"excerpt":{"rendered":"<p>Artikelnummer: SS502255<\/p>\n<p>Die Sarah&#8217;s Silks Rund um das Jahr mini Seidenspieltuch ermutigt Kinder den Wechsel der Jahreszeiten und die nat\u00fcrlichen Rhythmen der Erde zu erkennen.<\/p>\n","protected":false},"featured_media":50152,"comment_status":"open","ping_status":"closed","template":"","meta":[],"product_brand":[32610],"product_cat":[21444,21445,21446,22033,23651,21479,21465,21690,21670,22347,21487,21492,21484,22422,21464,21521,21510,21509,21443,22349,21563,21687,22351,22362,21666,29595,21695,23636,21678,21685,21564,24314,21483,22919,22363],"product_tag":[25432,24018,24022,22941,24019,24020,24021,24017,22942,22940],"class_list":{"0":"post-50709","1":"product","2":"type-product","3":"status-publish","4":"has-post-thumbnail","6":"product_brand-sarahs-silks","7":"product_cat-1-3-jahre-kleinkind","8":"product_cat-3-6-jahre-vorschule","9":"product_cat-6-12-jahre-grundschule","10":"product_cat-adventskalender-geschenke-strumpffueller","11":"product_cat-back-to-school-de","12":"product_cat-lernmaterialien-spielzeug-montessori-waldorf-steiner-froebel","13":"product_cat-feier-festlichkeiten","14":"product_cat-spiele-mit-offenem-ende","15":"product_cat-fruehjahrskollektion","16":"product_cat-geburtstage","17":"product_cat-geschenk-guide-3-6-jahre-vorschule","18":"product_cat-geschenk-guide-stoffspielzeug","19":"product_cat-geschenk-guides","20":"product_cat-geschenke-fuer-das-osterkoerbchen","21":"product_cat-herbstkollektion","22":"product_cat-jahreszeiten-wetter","23":"product_cat-kultur-wissenschaft","24":"product_cat-lernthemen","25":"product_cat-nach-alter","26":"product_cat-natur-saisonale-tische-de","27":"product_cat-neuheiten","28":"product_cat-phantasievoll-rollenspiel","29":"product_cat-rituale-adventszeit","30":"product_cat-saisonale-kollektionen","31":"product_cat-sarahs-silks-de","32":"product_cat-seidenspieltuecher-bedruckt","33":"product_cat-sinnliches-spiel","34":"product_cat-sommer-kollektion","35":"product_cat-kinder-spielzeug","36":"product_cat-stoffspielzeug","37":"product_cat-unsere-marken","38":"product_cat-valentinstag","39":"product_cat-waldorf-steiner-paedagogik","40":"product_cat-waldorfspielzeug","41":"product_cat-winter-kollektion","42":"product_tag-mini-spielseidentuch-rund-um-das-jahr-jahreszeiten-sarahs-silks","43":"product_tag-mini-spielseidentuch-rund-um-das-jahr-sarahs-silks","44":"product_tag-sarahs-silks-jahreszeiten-spielseidentuch","45":"product_tag-sarahs-silks-mini-spielseidentucher","46":"product_tag-sarahs-silks-rund-das-jahr","47":"product_tag-sarahs-silks-rund-um-das-jahr","48":"product_tag-sarahs-silks-rund-um-das-jahr-spielseidentuch","49":"product_tag-stoffspielzeug-waldorf","50":"product_tag-waldorf-spielseidentuch","51":"product_tag-waldorf-spielstoffe","53":"first","54":"instock","55":"taxable","56":"shipping-taxable","57":"purchasable","58":"product-type-simple"},"yoast_head":"<!-- This site is optimized with the Yoast SEO plugin v27.1.1 - https:\/\/yoast.com\/product\/yoast-seo-wordpress\/ -->\n<title>Mini Seidenspieltuch Rund um das Jahr Jahreszeiten Sarah&#039;s Silks<\/title>\n<meta name=\"description\" content=\"Die Sarah&#039;s Silks Rund um das Jahr mini Seidenspieltuch ermutigt Kinder den Wechsel der Jahreszeiten und die nat\u00fcrlichen Rhythmen der Erde zu erkennen.\" \/>\n<meta name=\"robots\" content=\"index, follow, max-snippet:-1, max-image-preview:large, max-video-preview:-1\" \/>\n<link rel=\"canonical\" href=\"https:\/\/teiaeducation.ch\/de\/produkt\/mini-spielseidentuch-rund-um-das-jahr-sarahs-silks\/\" \/>\n<meta property=\"og:locale\" content=\"de_DE\" \/>\n<meta property=\"og:type\" content=\"article\" \/>\n<meta property=\"og:title\" content=\"Mini Seidenspieltuch Rund um das Jahr Jahreszeiten Sarah&#039;s Silks\" \/>\n<meta property=\"og:description\" content=\"Die Sarah&#039;s Silks Rund um das Jahr mini Seidenspieltuch ermutigt Kinder den Wechsel der Jahreszeiten und die nat\u00fcrlichen Rhythmen der Erde zu erkennen.\" \/>\n<meta property=\"og:url\" content=\"https:\/\/teiaeducation.ch\/de\/produkt\/mini-spielseidentuch-rund-um-das-jahr-sarahs-silks\/\" \/>\n<meta property=\"og:site_name\" content=\"Sustainable Educational Products &amp; Ecological Toys\u00a0\" \/>\n<meta property=\"article:publisher\" content=\"https:\/\/www.facebook.com\/teiaeducation\/\" \/>\n<meta property=\"article:modified_time\" content=\"2025-05-23T13:24:08+00:00\" \/>\n<meta property=\"og:image\" content=\"https:\/\/teiaeducation.ch\/wp-content\/uploads\/2022\/09\/Mini-playsilk-around-the-year-Sarahs-Silks.jpg\" \/>\n\t<meta property=\"og:image:width\" content=\"1080\" \/>\n\t<meta property=\"og:image:height\" content=\"1350\" \/>\n\t<meta property=\"og:image:type\" content=\"image\/jpeg\" \/>\n<script type=\"application\/ld+json\" class=\"yoast-schema-graph\">{\"@context\":\"https:\/\/schema.org\",\"@graph\":[{\"@type\":\"WebPage\",\"@id\":\"https:\/\/teiaeducation.ch\/de\/produkt\/mini-spielseidentuch-rund-um-das-jahr-sarahs-silks\/\",\"url\":\"https:\/\/teiaeducation.ch\/de\/produkt\/mini-spielseidentuch-rund-um-das-jahr-sarahs-silks\/\",\"name\":\"Mini Seidenspieltuch Rund um das Jahr Jahreszeiten Sarah's Silks\",\"isPartOf\":{\"@id\":\"https:\/\/teiaeducation.ch\/de\/#website\"},\"primaryImageOfPage\":{\"@id\":\"https:\/\/teiaeducation.ch\/de\/produkt\/mini-spielseidentuch-rund-um-das-jahr-sarahs-silks\/#primaryimage\"},\"image\":{\"@id\":\"https:\/\/teiaeducation.ch\/de\/produkt\/mini-spielseidentuch-rund-um-das-jahr-sarahs-silks\/#primaryimage\"},\"thumbnailUrl\":\"https:\/\/teiaeducation.ch\/wp-content\/uploads\/2022\/09\/Mini-playsilk-around-the-year-Sarahs-Silks.jpg\",\"datePublished\":\"2022-09-30T09:54:21+00:00\",\"dateModified\":\"2025-05-23T13:24:08+00:00\",\"description\":\"Die Sarah's Silks Rund um das Jahr mini Seidenspieltuch ermutigt Kinder den Wechsel der Jahreszeiten und die nat\u00fcrlichen Rhythmen der Erde zu erkennen.\",\"breadcrumb\":{\"@id\":\"https:\/\/teiaeducation.ch\/de\/produkt\/mini-spielseidentuch-rund-um-das-jahr-sarahs-silks\/#breadcrumb\"},\"inLanguage\":\"de-CH\",\"potentialAction\":[{\"@type\":\"ReadAction\",\"target\":[\"https:\/\/teiaeducation.ch\/de\/produkt\/mini-spielseidentuch-rund-um-das-jahr-sarahs-silks\/\"]}]},{\"@type\":\"ImageObject\",\"inLanguage\":\"de-CH\",\"@id\":\"https:\/\/teiaeducation.ch\/de\/produkt\/mini-spielseidentuch-rund-um-das-jahr-sarahs-silks\/#primaryimage\",\"url\":\"https:\/\/teiaeducation.ch\/wp-content\/uploads\/2022\/09\/Mini-playsilk-around-the-year-Sarahs-Silks.jpg\",\"contentUrl\":\"https:\/\/teiaeducation.ch\/wp-content\/uploads\/2022\/09\/Mini-playsilk-around-the-year-Sarahs-Silks.jpg\",\"width\":1080,\"height\":1350,\"caption\":\"Mini Spielseidentuch Rund um das Jahr Sarah's Silks\"},{\"@type\":\"BreadcrumbList\",\"@id\":\"https:\/\/teiaeducation.ch\/de\/produkt\/mini-spielseidentuch-rund-um-das-jahr-sarahs-silks\/#breadcrumb\",\"itemListElement\":[{\"@type\":\"ListItem\",\"position\":1,\"name\":\"Home\",\"item\":\"https:\/\/teiaeducation.ch\/de\/\"},{\"@type\":\"ListItem\",\"position\":2,\"name\":\"Laden\",\"item\":\"https:\/\/teiaeducation.ch\/de\/shop\/\"},{\"@type\":\"ListItem\",\"position\":3,\"name\":\"Unsere Marken\",\"item\":\"https:\/\/teiaeducation.ch\/de\/produkt-kategorie\/unsere-marken\/\"},{\"@type\":\"ListItem\",\"position\":4,\"name\":\"Sarah's Silks\",\"item\":\"https:\/\/teiaeducation.ch\/de\/produkt-kategorie\/unsere-marken\/sarahs-silks-de\/\"},{\"@type\":\"ListItem\",\"position\":5,\"name\":\"Mini Seidenspieltuch Rund um das Jahr Jahreszeiten &#8211; Sarah&#8217;s Silks\"}]},{\"@type\":\"WebSite\",\"@id\":\"https:\/\/teiaeducation.ch\/de\/#website\",\"url\":\"https:\/\/teiaeducation.ch\/de\/\",\"name\":\"Sustainable Educational Products &amp; Ecological Toys\u00a0\",\"description\":\"Specialised Swiss shop selling sustainable educational toys and games, AMI certified Montessori materials, handmade ecological wooden Waldorf toys and arts &amp; crafts supplies, school supplies, children&#039;s furniture and Montessori reference and parenting books.\",\"publisher\":{\"@id\":\"https:\/\/teiaeducation.ch\/de\/#organization\"},\"alternateName\":\"Teia Education & Play\",\"potentialAction\":[{\"@type\":\"SearchAction\",\"target\":{\"@type\":\"EntryPoint\",\"urlTemplate\":\"https:\/\/teiaeducation.ch\/de\/?s={search_term_string}\"},\"query-input\":{\"@type\":\"PropertyValueSpecification\",\"valueRequired\":true,\"valueName\":\"search_term_string\"}}],\"inLanguage\":\"de-CH\"},{\"@type\":\"Organization\",\"@id\":\"https:\/\/teiaeducation.ch\/de\/#organization\",\"name\":\"Teia Education & Play\",\"url\":\"https:\/\/teiaeducation.ch\/de\/\",\"logo\":{\"@type\":\"ImageObject\",\"inLanguage\":\"de-CH\",\"@id\":\"https:\/\/teiaeducation.ch\/de\/#\/schema\/logo\/image\/\",\"url\":\"https:\/\/teiaeducation.ch\/wp-content\/uploads\/2020\/11\/Teia-Education-Switzerland-e1620156442216.jpg\",\"contentUrl\":\"https:\/\/teiaeducation.ch\/wp-content\/uploads\/2020\/11\/Teia-Education-Switzerland-e1620156442216.jpg\",\"width\":166,\"height\":145,\"caption\":\"Teia Education & Play\"},\"image\":{\"@id\":\"https:\/\/teiaeducation.ch\/de\/#\/schema\/logo\/image\/\"},\"sameAs\":[\"https:\/\/www.facebook.com\/teiaeducation\/\",\"https:\/\/x.com\/EducationTeia\",\"https:\/\/www.instagram.com\/teia.education\/\",\"https:\/\/www.linkedin.com\/company\/35501660\",\"https:\/\/www.pinterest.ch\/TeiaEducation\/\"]}]}<\/script>\n<!-- \/ Yoast SEO plugin. -->","yoast_head_json":{"title":"Mini Seidenspieltuch Rund um das Jahr Jahreszeiten Sarah's Silks","description":"Die Sarah's Silks Rund um das Jahr mini Seidenspieltuch ermutigt Kinder den Wechsel der Jahreszeiten und die nat\u00fcrlichen Rhythmen der Erde zu erkennen.","robots":{"index":"index","follow":"follow","max-snippet":"max-snippet:-1","max-image-preview":"max-image-preview:large","max-video-preview":"max-video-preview:-1"},"canonical":"https:\/\/teiaeducation.ch\/de\/produkt\/mini-spielseidentuch-rund-um-das-jahr-sarahs-silks\/","og_locale":"de_DE","og_type":"article","og_title":"Mini Seidenspieltuch Rund um das Jahr Jahreszeiten Sarah's Silks","og_description":"Die Sarah's Silks Rund um das Jahr mini Seidenspieltuch ermutigt Kinder den Wechsel der Jahreszeiten und die nat\u00fcrlichen Rhythmen der Erde zu erkennen.","og_url":"https:\/\/teiaeducation.ch\/de\/produkt\/mini-spielseidentuch-rund-um-das-jahr-sarahs-silks\/","og_site_name":"Sustainable Educational Products &amp; Ecological Toys\u00a0","article_publisher":"https:\/\/www.facebook.com\/teiaeducation\/","article_modified_time":"2025-05-23T13:24:08+00:00","og_image":[{"width":1080,"height":1350,"url":"https:\/\/teiaeducation.ch\/wp-content\/uploads\/2022\/09\/Mini-playsilk-around-the-year-Sarahs-Silks.jpg","type":"image\/jpeg"}],"schema":{"@context":"https:\/\/schema.org","@graph":[{"@type":"WebPage","@id":"https:\/\/teiaeducation.ch\/de\/produkt\/mini-spielseidentuch-rund-um-das-jahr-sarahs-silks\/","url":"https:\/\/teiaeducation.ch\/de\/produkt\/mini-spielseidentuch-rund-um-das-jahr-sarahs-silks\/","name":"Mini Seidenspieltuch Rund um das Jahr Jahreszeiten Sarah's Silks","isPartOf":{"@id":"https:\/\/teiaeducation.ch\/de\/#website"},"primaryImageOfPage":{"@id":"https:\/\/teiaeducation.ch\/de\/produkt\/mini-spielseidentuch-rund-um-das-jahr-sarahs-silks\/#primaryimage"},"image":{"@id":"https:\/\/teiaeducation.ch\/de\/produkt\/mini-spielseidentuch-rund-um-das-jahr-sarahs-silks\/#primaryimage"},"thumbnailUrl":"https:\/\/teiaeducation.ch\/wp-content\/uploads\/2022\/09\/Mini-playsilk-around-the-year-Sarahs-Silks.jpg","datePublished":"2022-09-30T09:54:21+00:00","dateModified":"2025-05-23T13:24:08+00:00","description":"Die Sarah's Silks Rund um das Jahr mini Seidenspieltuch ermutigt Kinder den Wechsel der Jahreszeiten und die nat\u00fcrlichen Rhythmen der Erde zu erkennen.","breadcrumb":{"@id":"https:\/\/teiaeducation.ch\/de\/produkt\/mini-spielseidentuch-rund-um-das-jahr-sarahs-silks\/#breadcrumb"},"inLanguage":"de-CH","potentialAction":[{"@type":"ReadAction","target":["https:\/\/teiaeducation.ch\/de\/produkt\/mini-spielseidentuch-rund-um-das-jahr-sarahs-silks\/"]}]},{"@type":"ImageObject","inLanguage":"de-CH","@id":"https:\/\/teiaeducation.ch\/de\/produkt\/mini-spielseidentuch-rund-um-das-jahr-sarahs-silks\/#primaryimage","url":"https:\/\/teiaeducation.ch\/wp-content\/uploads\/2022\/09\/Mini-playsilk-around-the-year-Sarahs-Silks.jpg","contentUrl":"https:\/\/teiaeducation.ch\/wp-content\/uploads\/2022\/09\/Mini-playsilk-around-the-year-Sarahs-Silks.jpg","width":1080,"height":1350,"caption":"Mini Spielseidentuch Rund um das Jahr Sarah's Silks"},{"@type":"BreadcrumbList","@id":"https:\/\/teiaeducation.ch\/de\/produkt\/mini-spielseidentuch-rund-um-das-jahr-sarahs-silks\/#breadcrumb","itemListElement":[{"@type":"ListItem","position":1,"name":"Home","item":"https:\/\/teiaeducation.ch\/de\/"},{"@type":"ListItem","position":2,"name":"Laden","item":"https:\/\/teiaeducation.ch\/de\/shop\/"},{"@type":"ListItem","position":3,"name":"Unsere Marken","item":"https:\/\/teiaeducation.ch\/de\/produkt-kategorie\/unsere-marken\/"},{"@type":"ListItem","position":4,"name":"Sarah's Silks","item":"https:\/\/teiaeducation.ch\/de\/produkt-kategorie\/unsere-marken\/sarahs-silks-de\/"},{"@type":"ListItem","position":5,"name":"Mini Seidenspieltuch Rund um das Jahr Jahreszeiten &#8211; Sarah&#8217;s Silks"}]},{"@type":"WebSite","@id":"https:\/\/teiaeducation.ch\/de\/#website","url":"https:\/\/teiaeducation.ch\/de\/","name":"Sustainable Educational Products &amp; Ecological Toys\u00a0","description":"Specialised Swiss shop selling sustainable educational toys and games, AMI certified Montessori materials, handmade ecological wooden Waldorf toys and arts &amp; crafts supplies, school supplies, children&#039;s furniture and Montessori reference and parenting books.","publisher":{"@id":"https:\/\/teiaeducation.ch\/de\/#organization"},"alternateName":"Teia Education & Play","potentialAction":[{"@type":"SearchAction","target":{"@type":"EntryPoint","urlTemplate":"https:\/\/teiaeducation.ch\/de\/?s={search_term_string}"},"query-input":{"@type":"PropertyValueSpecification","valueRequired":true,"valueName":"search_term_string"}}],"inLanguage":"de-CH"},{"@type":"Organization","@id":"https:\/\/teiaeducation.ch\/de\/#organization","name":"Teia Education & Play","url":"https:\/\/teiaeducation.ch\/de\/","logo":{"@type":"ImageObject","inLanguage":"de-CH","@id":"https:\/\/teiaeducation.ch\/de\/#\/schema\/logo\/image\/","url":"https:\/\/teiaeducation.ch\/wp-content\/uploads\/2020\/11\/Teia-Education-Switzerland-e1620156442216.jpg","contentUrl":"https:\/\/teiaeducation.ch\/wp-content\/uploads\/2020\/11\/Teia-Education-Switzerland-e1620156442216.jpg","width":166,"height":145,"caption":"Teia Education & Play"},"image":{"@id":"https:\/\/teiaeducation.ch\/de\/#\/schema\/logo\/image\/"},"sameAs":["https:\/\/www.facebook.com\/teiaeducation\/","https:\/\/x.com\/EducationTeia","https:\/\/www.instagram.com\/teia.education\/","https:\/\/www.linkedin.com\/company\/35501660","https:\/\/www.pinterest.ch\/TeiaEducation\/"]}]}},"_links":{"self":[{"href":"https:\/\/teiaeducation.ch\/de\/wp-json\/wp\/v2\/product\/50709","targetHints":{"allow":["GET"]}}],"collection":[{"href":"https:\/\/teiaeducation.ch\/de\/wp-json\/wp\/v2\/product"}],"about":[{"href":"https:\/\/teiaeducation.ch\/de\/wp-json\/wp\/v2\/types\/product"}],"replies":[{"embeddable":true,"href":"https:\/\/teiaeducation.ch\/de\/wp-json\/wp\/v2\/comments?post=50709"}],"wp:featuredmedia":[{"embeddable":true,"href":"https:\/\/teiaeducation.ch\/de\/wp-json\/wp\/v2\/media\/50152"}],"wp:attachment":[{"href":"https:\/\/teiaeducation.ch\/de\/wp-json\/wp\/v2\/media?parent=50709"}],"wp:term":[{"taxonomy":"product_brand","embeddable":true,"href":"https:\/\/teiaeducation.ch\/de\/wp-json\/wp\/v2\/product_brand?post=50709"},{"taxonomy":"product_cat","embeddable":true,"href":"https:\/\/teiaeducation.ch\/de\/wp-json\/wp\/v2\/product_cat?post=50709"},{"taxonomy":"product_tag","embeddable":true,"href":"https:\/\/teiaeducation.ch\/de\/wp-json\/wp\/v2\/product_tag?post=50709"}],"curies":[{"name":"wp","href":"https:\/\/api.w.org\/{rel}","templated":true}]}}