{"id":51689,"date":"2022-12-13T14:20:19","date_gmt":"2022-12-13T13:20:19","guid":{"rendered":"https:\/\/teiaeducation.ch\/product\/ewiger-kalender-deutsch-starterset-grapat\/"},"modified":"2023-08-31T08:49:01","modified_gmt":"2023-08-31T06:49:01","slug":"ewiger-kalendar-deutsch-starterset-grapat","status":"publish","type":"product","link":"https:\/\/teiaeducation.ch\/de\/produkt\/ewiger-kalendar-deutsch-starterset-grapat\/","title":{"rendered":"Ewiger Kalender Deutsch (Starterset) \u2013 Grapat"},"content":{"rendered":"<p>Dieses wundersch\u00f6ne, handgefertigte, nachhaltige Grapat Waldorf Ewiger Kalender Starterset aus Holz in Deutsch enth\u00e4lt 1 Schale aus naturbelassenem Buchenholz, 2 W\u00fcrfel aus naturbelassenem Buchenholz mit aufgedruckten <a href=\"https:\/\/teiaeducation.ch\/de\/produkt-kategorie\/lernthemen\/mathematik-rechnen\/zaehlen\/\">Zahlen<\/a> und eine Ringplattform, die in 4 Abschnitte unterteilt ist und auf der die Namen der Monate aufgedruckt sind. Jeder der Abschnitte des Rings steht f\u00fcr eine <a href=\"https:\/\/teiaeducation.ch\/de\/produkt-kategorie\/lernthemen\/kultur-wissenschaft\/jahreszeiten-wetter\/\">Jahreszeit<\/a>.<\/p>\n<p>Der immerw\u00e4hrende Kalender ist eine weit verbreiteten <a href=\"https:\/\/teiaeducation.ch\/de\/produkt-kategorie\/kinder-spielzeug\/waldorfspielzeug\/\">Waldorf<\/a> Methode, um den Rhythmus im Jahresverlauf aufrechtzuerhalten und die \u00dcberg\u00e4nge zwischen den Jahreszeiten zu erleichtern. Der immerw\u00e4hrende Kalender ist ein gesch\u00e4tztes Familienritual, das den Kindern auf physische Weise das Fortschreiten und den Wandel der Zeit vor Augen f\u00fchrt. Durch seine runde Form stellt der Immerw\u00e4hrender Kalender die Zeit als einen fortlaufenden Zyklus dar.<\/p>\n<p>Dieses Starterset kann mit dem Grapat <a href=\"https:\/\/teiaeducation.ch\/de\/product\/12-nins-grapat\/\">12 nins\u00ae<\/a> in 12 verschiedenen <a href=\"https:\/\/teiaeducation.ch\/de\/produkt-kategorie\/lernthemen\/sensorische-motorische-fertigkeiten\/farbe-lernen\/\">Farben<\/a> erg\u00e4nzt werden, die den in der Waldorfp\u00e4dagogik definierten Farben entsprechen.<\/p>\n<p>Der Ewige Kalender Starterset in deutscher Sprache ist komplett von Hand aus nachhaltigem Holz gefertigt und von Hand veredelt. Jede Holzfigur ist glatt und angenehm anzufassen und mit nat\u00fcrlichem Bienenwachs veredelt.<\/p>\n<p>Das Grapat Ewiger Kalender Starterset in deutscher Sprache ist f\u00fcr Kinder ab 12 Monaten geeignet.<\/p>\n<p>Inhalt:<\/p>\n<p>1 Schale aus Holz<br \/>\n2 Holzw\u00fcrfel<br \/>\n1 Ringplattform, unterteilt in 4 Abschnitte<\/p>\n<h2>\u00dcber Grapat<\/h2>\n<p>Die spanische Marke <a href=\"https:\/\/teiaeducation.ch\/de\/produkt-kategorie\/unsere-marken\/grapat-de\/\">Grapat<\/a>, inspiriert von der <a href=\"https:\/\/teiaeducation.ch\/de\/produkt-kategorie\/bildungsmethode\/waldorf-steiner-paedagogik\/\">Waldorfp\u00e4dagogik<\/a>, ist bekannt f\u00fcr ihr wundersch\u00f6nes Holzspielzeug mit offenem Ende, das freies und selbst\u00e4ndiges Spielen f\u00f6rdert. Die Grapat Philosophie basiert auf der Bereitstellung von Spielzeugen, die die Kinder ermutigen zur <a href=\"https:\/\/teiaeducation.ch\/de\/produkt-kategorie\/malen-basteln\/\">Kreativit\u00e4t<\/a> anregen, damit sie ihre eigenen <a href=\"https:\/\/teiaeducation.ch\/de\/produkt-kategorie\/kinder-spielzeug\/spiele-mit-offenem-ende\/\">Freie Spiele<\/a> und <a href=\"https:\/\/teiaeducation.ch\/de\/produkt-kategorie\/kinder-spielzeug\/phantasievoll-rollenspiel\/\">Fantasiewelten<\/a> erfinden k\u00f6nnen.<\/p>\n<p>Alle <a href=\"https:\/\/teiaeducation.ch\/de\/produkt-kategorie\/kinder-spielzeug\/handgefertigtes-holzspielzeug\/\">Holzspielzeuge<\/a> von Grapat werden in verschiedenen Werkst\u00e4tten in Katalonien, Spanien, nach traditionellen Verfahren aus Holz aus nachhaltiger Forstwirtschaft handgefertigt und von Hand mit Farben auf Wasserbasis bemalt. Die Grapat-Spielzeuge sind f\u00fcr Kleinkinder sicher, da sie ungiftig sind und den europ\u00e4ischen Sicherheitsvorschriften der Richtlinie EN \/ 71-3: 2014 + A1: 2014 \/ 2013 zur Sicherheit von Spielzeug entsprechen. Ein gro\u00dfer Teil der Grapat-Spielzeugkollektion tr\u00e4gt das renommierte <a href=\"https:\/\/www.spielgut.de\">Spielgut<\/a>\u00ae-Siegel.<\/p>\n","protected":false},"excerpt":{"rendered":"<p>Artikelnummer: 17-171<\/p>\n<p>Das Grapat Waldorf Ewiger Kalender Starterset in Deutsch aus Holz enth\u00e4lt 1 Schale, 2 W\u00fcrfel und eine Ringplattform, die die 4 Jahreszeiten darstellen.<\/p>\n","protected":false},"featured_media":50899,"comment_status":"open","ping_status":"closed","template":"","meta":[],"product_brand":[],"product_cat":[21444,21445,21446,21479,21465,21670,21491,21484,21636,21637,23075,21464,21521,21510,21509,21443,22349,21563,22362,23636,21678,21564,21483,22919,22363],"product_tag":[24318,24323,21908,24320,24321,22150,24328,24315,24326,24327,24316,24319,21909,21910,24325,24317,24324,24322],"class_list":{"0":"post-51689","1":"product","2":"type-product","3":"status-publish","4":"has-post-thumbnail","6":"product_cat-1-3-jahre-kleinkind","7":"product_cat-3-6-jahre-vorschule","8":"product_cat-6-12-jahre-grundschule","9":"product_cat-lernmaterialien-spielzeug-montessori-waldorf-steiner-froebel","10":"product_cat-feier-festlichkeiten","11":"product_cat-fruehjahrskollektion","12":"product_cat-geschenk-guide-lerngeschenke","13":"product_cat-geschenk-guides","14":"product_cat-grapat-de","15":"product_cat-grapat-komplett-sets","16":"product_cat-handgefertigtes-holzspielzeug","17":"product_cat-herbstkollektion","18":"product_cat-jahreszeiten-wetter","19":"product_cat-kultur-wissenschaft","20":"product_cat-lernthemen","21":"product_cat-nach-alter","22":"product_cat-natur-saisonale-tische-de","23":"product_cat-neuheiten","24":"product_cat-saisonale-kollektionen","25":"product_cat-sommer-kollektion","26":"product_cat-kinder-spielzeug","27":"product_cat-unsere-marken","28":"product_cat-waldorf-steiner-paedagogik","29":"product_cat-waldorfspielzeug","30":"product_cat-winter-kollektion","31":"product_tag-ewiger-kalender-deutsch-grapat","32":"product_tag-ewiger-kalender-deutsch-starterset-grapat","33":"product_tag-grapat-de","34":"product_tag-grapat-kalender","35":"product_tag-handgefertigter-nachhaltiger-holzkalender","36":"product_tag-handgefertigtes-nachhaltiges-holzspielzeug","37":"product_tag-holz-kalender-fur-kinder-waldorf","38":"product_tag-holzspielzeug","39":"product_tag-holzspielzeug-grapat","40":"product_tag-holzspielzeug-waldorf","41":"product_tag-lernspielzeug-schweiz","42":"product_tag-padagogisches-spielzeug-waldorf","43":"product_tag-spiel-mit-offenem-ende","44":"product_tag-spielzeug-mit-offenem-ende","45":"product_tag-steiner-ewiger-kalender","46":"product_tag-waldorf-ewiger-kalender","47":"product_tag-waldorf-lernspielzeug","48":"product_tag-waldorfspielzeug-mit-offenem-ende","50":"first","51":"outofstock","52":"taxable","53":"shipping-taxable","54":"purchasable","55":"product-type-simple"},"yoast_head":"<!-- This site is optimized with the Yoast SEO plugin v27.3 - https:\/\/yoast.com\/product\/yoast-seo-wordpress\/ -->\n<title>Ewiger Kalender Deutsch (Starterset) - Grapat<\/title>\n<meta name=\"description\" content=\"Das Grapat Waldorf Ewiger Kalender Starterset in Deutsch aus Holz enth\u00e4lt 1 Schale, 2 W\u00fcrfel und eine Ringplattform, die die 4 Jahreszeiten darstellen.\" \/>\n<meta name=\"robots\" content=\"index, follow, max-snippet:-1, max-image-preview:large, max-video-preview:-1\" \/>\n<link rel=\"canonical\" href=\"https:\/\/teiaeducation.ch\/de\/produkt\/ewiger-kalendar-deutsch-starterset-grapat\/\" \/>\n<meta property=\"og:locale\" content=\"de_DE\" \/>\n<meta property=\"og:type\" content=\"article\" \/>\n<meta property=\"og:title\" content=\"Ewiger Kalender Deutsch (Starterset) - Grapat\" \/>\n<meta property=\"og:description\" content=\"Das Grapat Waldorf Ewiger Kalender Starterset in Deutsch aus Holz enth\u00e4lt 1 Schale, 2 W\u00fcrfel und eine Ringplattform, die die 4 Jahreszeiten darstellen.\" \/>\n<meta property=\"og:url\" content=\"https:\/\/teiaeducation.ch\/de\/produkt\/ewiger-kalendar-deutsch-starterset-grapat\/\" \/>\n<meta property=\"og:site_name\" content=\"Sustainable Educational Products &amp; Ecological Toys\u00a0\" \/>\n<meta property=\"article:publisher\" content=\"https:\/\/www.facebook.com\/teiaeducation\/\" \/>\n<meta property=\"article:modified_time\" content=\"2023-08-31T06:49:01+00:00\" \/>\n<meta property=\"og:image\" content=\"https:\/\/teiaeducation.ch\/wp-content\/uploads\/2022\/12\/Perpetual-calendar-German-starter-set-\u2013-Grapat.jpg\" \/>\n\t<meta property=\"og:image:width\" content=\"1000\" \/>\n\t<meta property=\"og:image:height\" content=\"1000\" \/>\n\t<meta property=\"og:image:type\" content=\"image\/jpeg\" \/>\n<script type=\"application\/ld+json\" class=\"yoast-schema-graph\">{\"@context\":\"https:\\\/\\\/schema.org\",\"@graph\":[{\"@type\":\"WebPage\",\"@id\":\"https:\\\/\\\/teiaeducation.ch\\\/de\\\/produkt\\\/ewiger-kalendar-deutsch-starterset-grapat\\\/\",\"url\":\"https:\\\/\\\/teiaeducation.ch\\\/de\\\/produkt\\\/ewiger-kalendar-deutsch-starterset-grapat\\\/\",\"name\":\"Ewiger Kalender Deutsch (Starterset) - Grapat\",\"isPartOf\":{\"@id\":\"https:\\\/\\\/teiaeducation.ch\\\/de\\\/#website\"},\"primaryImageOfPage\":{\"@id\":\"https:\\\/\\\/teiaeducation.ch\\\/de\\\/produkt\\\/ewiger-kalendar-deutsch-starterset-grapat\\\/#primaryimage\"},\"image\":{\"@id\":\"https:\\\/\\\/teiaeducation.ch\\\/de\\\/produkt\\\/ewiger-kalendar-deutsch-starterset-grapat\\\/#primaryimage\"},\"thumbnailUrl\":\"https:\\\/\\\/teiaeducation.ch\\\/wp-content\\\/uploads\\\/2022\\\/12\\\/Perpetual-calendar-German-starter-set-\u2013-Grapat.jpg\",\"datePublished\":\"2022-12-13T13:20:19+00:00\",\"dateModified\":\"2023-08-31T06:49:01+00:00\",\"description\":\"Das Grapat Waldorf Ewiger Kalender Starterset in Deutsch aus Holz enth\u00e4lt 1 Schale, 2 W\u00fcrfel und eine Ringplattform, die die 4 Jahreszeiten darstellen.\",\"breadcrumb\":{\"@id\":\"https:\\\/\\\/teiaeducation.ch\\\/de\\\/produkt\\\/ewiger-kalendar-deutsch-starterset-grapat\\\/#breadcrumb\"},\"inLanguage\":\"de-CH\",\"potentialAction\":[{\"@type\":\"ReadAction\",\"target\":[\"https:\\\/\\\/teiaeducation.ch\\\/de\\\/produkt\\\/ewiger-kalendar-deutsch-starterset-grapat\\\/\"]}]},{\"@type\":\"ImageObject\",\"inLanguage\":\"de-CH\",\"@id\":\"https:\\\/\\\/teiaeducation.ch\\\/de\\\/produkt\\\/ewiger-kalendar-deutsch-starterset-grapat\\\/#primaryimage\",\"url\":\"https:\\\/\\\/teiaeducation.ch\\\/wp-content\\\/uploads\\\/2022\\\/12\\\/Perpetual-calendar-German-starter-set-\u2013-Grapat.jpg\",\"contentUrl\":\"https:\\\/\\\/teiaeducation.ch\\\/wp-content\\\/uploads\\\/2022\\\/12\\\/Perpetual-calendar-German-starter-set-\u2013-Grapat.jpg\",\"width\":1000,\"height\":1000,\"caption\":\"Ewiger Kalender Deutsch Starterset Grapat\"},{\"@type\":\"BreadcrumbList\",\"@id\":\"https:\\\/\\\/teiaeducation.ch\\\/de\\\/produkt\\\/ewiger-kalendar-deutsch-starterset-grapat\\\/#breadcrumb\",\"itemListElement\":[{\"@type\":\"ListItem\",\"position\":1,\"name\":\"Home\",\"item\":\"https:\\\/\\\/teiaeducation.ch\\\/de\\\/\"},{\"@type\":\"ListItem\",\"position\":2,\"name\":\"Laden\",\"item\":\"https:\\\/\\\/teiaeducation.ch\\\/de\\\/shop\\\/\"},{\"@type\":\"ListItem\",\"position\":3,\"name\":\"Unsere Marken\",\"item\":\"https:\\\/\\\/teiaeducation.ch\\\/de\\\/produkt-kategorie\\\/unsere-marken\\\/\"},{\"@type\":\"ListItem\",\"position\":4,\"name\":\"Grapat\",\"item\":\"https:\\\/\\\/teiaeducation.ch\\\/de\\\/produkt-kategorie\\\/unsere-marken\\\/grapat-de\\\/\"},{\"@type\":\"ListItem\",\"position\":5,\"name\":\"Grapat Komplett-Sets\",\"item\":\"https:\\\/\\\/teiaeducation.ch\\\/de\\\/produkt-kategorie\\\/unsere-marken\\\/grapat-de\\\/grapat-komplett-sets\\\/\"},{\"@type\":\"ListItem\",\"position\":6,\"name\":\"Ewiger Kalender Deutsch (Starterset) \u2013 Grapat\"}]},{\"@type\":\"WebSite\",\"@id\":\"https:\\\/\\\/teiaeducation.ch\\\/de\\\/#website\",\"url\":\"https:\\\/\\\/teiaeducation.ch\\\/de\\\/\",\"name\":\"Sustainable Educational Products &amp; Ecological Toys\u00a0\",\"description\":\"Specialised Swiss shop selling sustainable educational toys and games, AMI certified Montessori materials, handmade ecological wooden Waldorf toys and arts &amp; crafts supplies, school supplies, children&#039;s furniture and Montessori reference and parenting books.\",\"publisher\":{\"@id\":\"https:\\\/\\\/teiaeducation.ch\\\/de\\\/#organization\"},\"alternateName\":\"Teia Education & Play\",\"potentialAction\":[{\"@type\":\"SearchAction\",\"target\":{\"@type\":\"EntryPoint\",\"urlTemplate\":\"https:\\\/\\\/teiaeducation.ch\\\/de\\\/?s={search_term_string}\"},\"query-input\":{\"@type\":\"PropertyValueSpecification\",\"valueRequired\":true,\"valueName\":\"search_term_string\"}}],\"inLanguage\":\"de-CH\"},{\"@type\":\"Organization\",\"@id\":\"https:\\\/\\\/teiaeducation.ch\\\/de\\\/#organization\",\"name\":\"Teia Education & Play\",\"url\":\"https:\\\/\\\/teiaeducation.ch\\\/de\\\/\",\"logo\":{\"@type\":\"ImageObject\",\"inLanguage\":\"de-CH\",\"@id\":\"https:\\\/\\\/teiaeducation.ch\\\/de\\\/#\\\/schema\\\/logo\\\/image\\\/\",\"url\":\"https:\\\/\\\/teiaeducation.ch\\\/wp-content\\\/uploads\\\/2020\\\/11\\\/Teia-Education-Switzerland-e1620156442216.jpg\",\"contentUrl\":\"https:\\\/\\\/teiaeducation.ch\\\/wp-content\\\/uploads\\\/2020\\\/11\\\/Teia-Education-Switzerland-e1620156442216.jpg\",\"width\":166,\"height\":145,\"caption\":\"Teia Education & Play\"},\"image\":{\"@id\":\"https:\\\/\\\/teiaeducation.ch\\\/de\\\/#\\\/schema\\\/logo\\\/image\\\/\"},\"sameAs\":[\"https:\\\/\\\/www.facebook.com\\\/teiaeducation\\\/\",\"https:\\\/\\\/x.com\\\/EducationTeia\",\"https:\\\/\\\/www.instagram.com\\\/teia.education\\\/\",\"https:\\\/\\\/www.linkedin.com\\\/company\\\/35501660\",\"https:\\\/\\\/www.pinterest.ch\\\/TeiaEducation\\\/\"]}]}<\/script>\n<!-- \/ Yoast SEO plugin. -->","yoast_head_json":{"title":"Ewiger Kalender Deutsch (Starterset) - Grapat","description":"Das Grapat Waldorf Ewiger Kalender Starterset in Deutsch aus Holz enth\u00e4lt 1 Schale, 2 W\u00fcrfel und eine Ringplattform, die die 4 Jahreszeiten darstellen.","robots":{"index":"index","follow":"follow","max-snippet":"max-snippet:-1","max-image-preview":"max-image-preview:large","max-video-preview":"max-video-preview:-1"},"canonical":"https:\/\/teiaeducation.ch\/de\/produkt\/ewiger-kalendar-deutsch-starterset-grapat\/","og_locale":"de_DE","og_type":"article","og_title":"Ewiger Kalender Deutsch (Starterset) - Grapat","og_description":"Das Grapat Waldorf Ewiger Kalender Starterset in Deutsch aus Holz enth\u00e4lt 1 Schale, 2 W\u00fcrfel und eine Ringplattform, die die 4 Jahreszeiten darstellen.","og_url":"https:\/\/teiaeducation.ch\/de\/produkt\/ewiger-kalendar-deutsch-starterset-grapat\/","og_site_name":"Sustainable Educational Products &amp; Ecological Toys\u00a0","article_publisher":"https:\/\/www.facebook.com\/teiaeducation\/","article_modified_time":"2023-08-31T06:49:01+00:00","og_image":[{"width":1000,"height":1000,"url":"https:\/\/teiaeducation.ch\/wp-content\/uploads\/2022\/12\/Perpetual-calendar-German-starter-set-\u2013-Grapat.jpg","type":"image\/jpeg"}],"schema":{"@context":"https:\/\/schema.org","@graph":[{"@type":"WebPage","@id":"https:\/\/teiaeducation.ch\/de\/produkt\/ewiger-kalendar-deutsch-starterset-grapat\/","url":"https:\/\/teiaeducation.ch\/de\/produkt\/ewiger-kalendar-deutsch-starterset-grapat\/","name":"Ewiger Kalender Deutsch (Starterset) - Grapat","isPartOf":{"@id":"https:\/\/teiaeducation.ch\/de\/#website"},"primaryImageOfPage":{"@id":"https:\/\/teiaeducation.ch\/de\/produkt\/ewiger-kalendar-deutsch-starterset-grapat\/#primaryimage"},"image":{"@id":"https:\/\/teiaeducation.ch\/de\/produkt\/ewiger-kalendar-deutsch-starterset-grapat\/#primaryimage"},"thumbnailUrl":"https:\/\/teiaeducation.ch\/wp-content\/uploads\/2022\/12\/Perpetual-calendar-German-starter-set-\u2013-Grapat.jpg","datePublished":"2022-12-13T13:20:19+00:00","dateModified":"2023-08-31T06:49:01+00:00","description":"Das Grapat Waldorf Ewiger Kalender Starterset in Deutsch aus Holz enth\u00e4lt 1 Schale, 2 W\u00fcrfel und eine Ringplattform, die die 4 Jahreszeiten darstellen.","breadcrumb":{"@id":"https:\/\/teiaeducation.ch\/de\/produkt\/ewiger-kalendar-deutsch-starterset-grapat\/#breadcrumb"},"inLanguage":"de-CH","potentialAction":[{"@type":"ReadAction","target":["https:\/\/teiaeducation.ch\/de\/produkt\/ewiger-kalendar-deutsch-starterset-grapat\/"]}]},{"@type":"ImageObject","inLanguage":"de-CH","@id":"https:\/\/teiaeducation.ch\/de\/produkt\/ewiger-kalendar-deutsch-starterset-grapat\/#primaryimage","url":"https:\/\/teiaeducation.ch\/wp-content\/uploads\/2022\/12\/Perpetual-calendar-German-starter-set-\u2013-Grapat.jpg","contentUrl":"https:\/\/teiaeducation.ch\/wp-content\/uploads\/2022\/12\/Perpetual-calendar-German-starter-set-\u2013-Grapat.jpg","width":1000,"height":1000,"caption":"Ewiger Kalender Deutsch Starterset Grapat"},{"@type":"BreadcrumbList","@id":"https:\/\/teiaeducation.ch\/de\/produkt\/ewiger-kalendar-deutsch-starterset-grapat\/#breadcrumb","itemListElement":[{"@type":"ListItem","position":1,"name":"Home","item":"https:\/\/teiaeducation.ch\/de\/"},{"@type":"ListItem","position":2,"name":"Laden","item":"https:\/\/teiaeducation.ch\/de\/shop\/"},{"@type":"ListItem","position":3,"name":"Unsere Marken","item":"https:\/\/teiaeducation.ch\/de\/produkt-kategorie\/unsere-marken\/"},{"@type":"ListItem","position":4,"name":"Grapat","item":"https:\/\/teiaeducation.ch\/de\/produkt-kategorie\/unsere-marken\/grapat-de\/"},{"@type":"ListItem","position":5,"name":"Grapat Komplett-Sets","item":"https:\/\/teiaeducation.ch\/de\/produkt-kategorie\/unsere-marken\/grapat-de\/grapat-komplett-sets\/"},{"@type":"ListItem","position":6,"name":"Ewiger Kalender Deutsch (Starterset) \u2013 Grapat"}]},{"@type":"WebSite","@id":"https:\/\/teiaeducation.ch\/de\/#website","url":"https:\/\/teiaeducation.ch\/de\/","name":"Sustainable Educational Products &amp; Ecological Toys\u00a0","description":"Specialised Swiss shop selling sustainable educational toys and games, AMI certified Montessori materials, handmade ecological wooden Waldorf toys and arts &amp; crafts supplies, school supplies, children&#039;s furniture and Montessori reference and parenting books.","publisher":{"@id":"https:\/\/teiaeducation.ch\/de\/#organization"},"alternateName":"Teia Education & Play","potentialAction":[{"@type":"SearchAction","target":{"@type":"EntryPoint","urlTemplate":"https:\/\/teiaeducation.ch\/de\/?s={search_term_string}"},"query-input":{"@type":"PropertyValueSpecification","valueRequired":true,"valueName":"search_term_string"}}],"inLanguage":"de-CH"},{"@type":"Organization","@id":"https:\/\/teiaeducation.ch\/de\/#organization","name":"Teia Education & Play","url":"https:\/\/teiaeducation.ch\/de\/","logo":{"@type":"ImageObject","inLanguage":"de-CH","@id":"https:\/\/teiaeducation.ch\/de\/#\/schema\/logo\/image\/","url":"https:\/\/teiaeducation.ch\/wp-content\/uploads\/2020\/11\/Teia-Education-Switzerland-e1620156442216.jpg","contentUrl":"https:\/\/teiaeducation.ch\/wp-content\/uploads\/2020\/11\/Teia-Education-Switzerland-e1620156442216.jpg","width":166,"height":145,"caption":"Teia Education & Play"},"image":{"@id":"https:\/\/teiaeducation.ch\/de\/#\/schema\/logo\/image\/"},"sameAs":["https:\/\/www.facebook.com\/teiaeducation\/","https:\/\/x.com\/EducationTeia","https:\/\/www.instagram.com\/teia.education\/","https:\/\/www.linkedin.com\/company\/35501660","https:\/\/www.pinterest.ch\/TeiaEducation\/"]}]}},"_links":{"self":[{"href":"https:\/\/teiaeducation.ch\/de\/wp-json\/wp\/v2\/product\/51689","targetHints":{"allow":["GET"]}}],"collection":[{"href":"https:\/\/teiaeducation.ch\/de\/wp-json\/wp\/v2\/product"}],"about":[{"href":"https:\/\/teiaeducation.ch\/de\/wp-json\/wp\/v2\/types\/product"}],"replies":[{"embeddable":true,"href":"https:\/\/teiaeducation.ch\/de\/wp-json\/wp\/v2\/comments?post=51689"}],"wp:featuredmedia":[{"embeddable":true,"href":"https:\/\/teiaeducation.ch\/de\/wp-json\/wp\/v2\/media\/50899"}],"wp:attachment":[{"href":"https:\/\/teiaeducation.ch\/de\/wp-json\/wp\/v2\/media?parent=51689"}],"wp:term":[{"taxonomy":"product_brand","embeddable":true,"href":"https:\/\/teiaeducation.ch\/de\/wp-json\/wp\/v2\/product_brand?post=51689"},{"taxonomy":"product_cat","embeddable":true,"href":"https:\/\/teiaeducation.ch\/de\/wp-json\/wp\/v2\/product_cat?post=51689"},{"taxonomy":"product_tag","embeddable":true,"href":"https:\/\/teiaeducation.ch\/de\/wp-json\/wp\/v2\/product_tag?post=51689"}],"curies":[{"name":"wp","href":"https:\/\/api.w.org\/{rel}","templated":true}]}}