{"id":51772,"date":"2020-02-24T15:31:36","date_gmt":"2020-02-24T14:31:36","guid":{"rendered":"https:\/\/teiaeducation.ch\/product\/plattform-4-jahreszeiten-4-elemente-grapat\/"},"modified":"2025-12-10T09:24:29","modified_gmt":"2025-12-10T08:24:29","slug":"plattform-4-jahreszeiten-4-elemente-grapat","status":"publish","type":"product","link":"https:\/\/teiaeducation.ch\/de\/produkt\/plattform-4-jahreszeiten-4-elemente-grapat\/","title":{"rendered":"Plattform 4 Jahreszeiten 4 Elemente &#8211; Grapat"},"content":{"rendered":"<p>Diese sch\u00f6ne handgefertigte nachhaltige Grapat Plattform aus Massivholz 4 Jahreszeiten 4 Elemente aus der 2020 Kollektion ist ein runder massiver Holzsockel mit einem Durchmesser von 38 cm und ein ideales Waldorf <a href=\"https:\/\/teiaeducation.ch\/de\/produkt-kategorie\/lernthemen\/kultur-wissenschaft\/jahreszeiten-wetter\/\">jahreszeitliches Lernspielzeug<\/a>. Die Plattform hat wundersch\u00f6n handgemalte Elemente, die die 4 Jahreszeiten <a href=\"https:\/\/teiaeducation.ch\/de\/produkt-kategorie\/saisonale-kollektionen\/fruehjahrskollektion\/\">Fr\u00fchling<\/a>, <a href=\"https:\/\/teiaeducation.ch\/de\/produkt-kategorie\/saisonale-kollektionen\/sommer-kollektion\/\">Sommer<\/a>, <a href=\"https:\/\/teiaeducation.ch\/de\/produkt-kategorie\/saisonale-kollektionen\/herbstkollektion\/\">Herbst<\/a> und <a href=\"https:\/\/teiaeducation.ch\/de\/produkt-kategorie\/saisonale-kollektionen\/winter-kollektion\/\">Winter<\/a> gegen den Uhrzeigersinn darstellen.<\/p>\n<p>Die Plattform 4 Jahreszeiten 4 Elemente ist vollst\u00e4ndig aus Holz von Hand gefertigt und speziell als Erg\u00e4nzung zum <a href=\"https:\/\/teiaeducation.ch\/de\/produkt\/ewiger-kalender-deutsch-grapat\/\">ewiger Kalender<\/a> von Grapat entworfen. Der Kalender passt perfekt in die Mitte und verst\u00e4rkt die Verbindung mit den j\u00e4hrlichen Ver\u00e4nderungen in der <a href=\"https:\/\/teiaeducation.ch\/de\/produkt-kategorie\/kinder-spielzeug\/naturspiel\/\">Natur<\/a> und dem Rhythmus des Jahres im Laufe der Jahreszeiten. Es ist eine sch\u00f6ne greifbare Hilfe f\u00fcr kleine Kinder, um die Tage, Monate und Jahreszeiten zu verstehen und passt perfekt zur klassischen <a href=\"https:\/\/teiaeducation.ch\/de\/produkt-kategorie\/kinder-spielzeug\/waldorfspielzeug\/\">Waldorfp\u00e4dagogik<\/a>.<\/p>\n<p>Der Ewiger Kalender ist eine weit verbreitete Waldorf Methode, um den Rhythmus des Jahres zu erhalten und die \u00dcberg\u00e4nge zwischen den Jahreszeiten zu erleichtern. Der ewiger Kalender ist ein gesch\u00e4tztes <a href=\"https:\/\/teiaeducation.ch\/de\/produkt-kategorie\/feier-festlichkeiten\/rituale-adventszeit\/\">Familienritual<\/a>, das Kindern auf physische Weise das Fortschreiten und den Wandel der <a href=\"https:\/\/teiaeducation.ch\/de\/produkt-kategorie\/lernthemen\/mathematik-rechnen\/die-zeit\/\">Zeit<\/a> vor Augen f\u00fchrt. Durch seine kreisf\u00f6rmige Form stellt der Ewiger Kalender die Zeit als einen fortlaufenden Zyklus dar.<\/p>\n<p>Dieser runde Holzsockel kann auch f\u00fcr alle Arten von fantasievollen, offenen und kleinen Weltenbau Spielen verwendet werden und bietet einen geschlossenen Spielraum f\u00fcr die Grapat Spielzeuge.<\/p>\n<p>Die Grapat Plattform 4 Jahreszeiten 4 Elemente ist vollst\u00e4ndig von Hand aus nachhaltigem\u00a0Massivholz gefertigt und von Hand mit nat\u00fcrlichen Farben auf Wasserbasis bemalt. Es ist glatt und angenehm zu ber\u00fchren und mit nat\u00fcrlichem Bienenwachs veredelt.<\/p>\n<p>Die Grapat Plattform 4 Jahreszeiten 4 Elemente ist f\u00fcr Kinder ab 12 Monaten geeignet.<\/p>\n<p>Inhalt:<\/p>\n<p>1 runder Holzsockel<\/p>\n<h2>\u00dcber Grapat<\/h2>\n<p>Die spanische Marke <a href=\"https:\/\/teiaeducation.ch\/de\/produkt-kategorie\/unsere-marken\/grapat-de\/\">Grapat<\/a>, inspiriert von der <a href=\"https:\/\/teiaeducation.ch\/de\/produkt-kategorie\/bildungsmethode\/waldorf-steiner-paedagogik\/\">Waldorfp\u00e4dagogik<\/a>, ist bekannt f\u00fcr ihr wundersch\u00f6nes Holzspielzeug mit offenem Ende, das freies und selbst\u00e4ndiges Spielen f\u00f6rdert. Die Grapat Philosophie basiert auf der Bereitstellung von Spielzeugen, die die Kinder ermutigen zur <a href=\"https:\/\/teiaeducation.ch\/de\/produkt-kategorie\/malen-basteln\/\">Kreativit\u00e4t<\/a> anregen, damit sie ihre eigenen <a href=\"https:\/\/teiaeducation.ch\/de\/produkt-kategorie\/kinder-spielzeug\/spiele-mit-offenem-ende\/\">Freie Spiele<\/a> und <a href=\"https:\/\/teiaeducation.ch\/de\/produkt-kategorie\/kinder-spielzeug\/phantasievoll-rollenspiel\/\">Fantasiewelten<\/a> erfinden k\u00f6nnen.<\/p>\n<p>Alle <a href=\"https:\/\/teiaeducation.ch\/de\/produkt-kategorie\/kinder-spielzeug\/handgefertigtes-holzspielzeug\/\">Holzspielzeuge<\/a> von Grapat werden in verschiedenen Werkst\u00e4tten in Katalonien, Spanien, nach traditionellen Verfahren aus Holz aus nachhaltiger Forstwirtschaft handgefertigt und von Hand mit Farben auf Wasserbasis bemalt. Die Grapat-Spielzeuge sind f\u00fcr Kleinkinder sicher, da sie ungiftig sind und den europ\u00e4ischen Sicherheitsvorschriften der Richtlinie EN \/ 71-3: 2014 + A1: 2014 \/ 2013 zur Sicherheit von Spielzeug entsprechen. Ein gro\u00dfer Teil der Grapat-Spielzeugkollektion tr\u00e4gt das renommierte <a href=\"https:\/\/www.spielgut.de\">Spielgut<\/a>\u00ae-Siegel.<\/p>\n","protected":false},"excerpt":{"rendered":"<p>Artikelnummer: 19-210<\/p>\n<p>Eine wundersch\u00f6ne Grapat Plattform aus Massivholz mit handbemalten Elemente, die die 4 Jahreszeiten Fr\u00fchling, Sommer, Herbst und Winter darstellen.<\/p>\n","protected":false},"featured_media":51773,"comment_status":"closed","ping_status":"closed","template":"","meta":[],"product_brand":[],"product_cat":[21444,21445,21446,21524,21479,21465,21670,21491,21484,22422,21535,21636,21637,23075,21464,21521,21510,21509,21499,21443,22349,21563,22362,21494,21495,23636,21678,21497,21564,21483,22919,22363,21536,21522],"product_tag":[21908,24345,21921,24346,21911,24317,21741],"class_list":{"0":"post-51772","1":"product","2":"type-product","3":"status-publish","4":"has-post-thumbnail","6":"product_cat-1-3-jahre-kleinkind","7":"product_cat-3-6-jahre-vorschule","8":"product_cat-6-12-jahre-grundschule","9":"product_cat-alphabetisierung-sprache","10":"product_cat-lernmaterialien-spielzeug-montessori-waldorf-steiner-froebel","11":"product_cat-feier-festlichkeiten","12":"product_cat-fruehjahrskollektion","13":"product_cat-geschenk-guide-lerngeschenke","14":"product_cat-geschenk-guides","15":"product_cat-geschenke-fuer-das-osterkoerbchen","16":"product_cat-geschichtenerzaehlen","17":"product_cat-grapat-de","18":"product_cat-grapat-komplett-sets","19":"product_cat-handgefertigtes-holzspielzeug","20":"product_cat-herbstkollektion","21":"product_cat-jahreszeiten-wetter","22":"product_cat-kultur-wissenschaft","23":"product_cat-lernthemen","24":"product_cat-lernunterstuetzung","25":"product_cat-nach-alter","26":"product_cat-natur-saisonale-tische-de","27":"product_cat-neuheiten","28":"product_cat-saisonale-kollektionen","29":"product_cat-schulbedarf-fuer-zuhause","30":"product_cat-schulbedarf-fuer-zuhause-3-6-jahre","31":"product_cat-sommer-kollektion","32":"product_cat-kinder-spielzeug","33":"product_cat-spielen-und-lernen-fuer-babys-kleinkinder","34":"product_cat-unsere-marken","35":"product_cat-waldorf-steiner-paedagogik","36":"product_cat-waldorfspielzeug","37":"product_cat-winter-kollektion","38":"product_cat-wortschatz","39":"product_cat-zeitlinien","40":"product_tag-grapat-de","41":"product_tag-grapat-4-jahreszeiten","42":"product_tag-grapat-kollektion-2021-de","43":"product_tag-grapat-plattform-4-jahreszeiten-4-elemente","44":"product_tag-handgefertigtes-holzspielzeug","45":"product_tag-waldorf-ewiger-kalender","46":"product_tag-waldorfspielzeug","48":"first","49":"instock","50":"taxable","51":"shipping-taxable","52":"purchasable","53":"product-type-simple"},"yoast_head":"<!-- This site is optimized with the Yoast SEO Premium plugin v25.8 (Yoast SEO v27.4) - https:\/\/yoast.com\/product\/yoast-seo-premium-wordpress\/ -->\n<title>Plattform 4 Jahreszeiten 4 Elemente - Grapat<\/title>\n<meta name=\"description\" content=\"Eine wundersch\u00f6ne Grapat Plattform aus Massivholz mit handbemalten Elemente, die die 4 Jahreszeiten Fr\u00fchling, Sommer, Herbst und Winter darstellen.\" \/>\n<meta name=\"robots\" content=\"index, follow, max-snippet:-1, max-image-preview:large, max-video-preview:-1\" \/>\n<link rel=\"canonical\" href=\"https:\/\/teiaeducation.ch\/de\/produkt\/plattform-4-jahreszeiten-4-elemente-grapat\/\" \/>\n<meta property=\"og:locale\" content=\"de_DE\" \/>\n<meta property=\"og:type\" content=\"article\" \/>\n<meta property=\"og:title\" content=\"Plattform 4 Jahreszeiten 4 Elemente - Grapat\" \/>\n<meta property=\"og:description\" content=\"Eine wundersch\u00f6ne Grapat Plattform aus Massivholz mit handbemalten Elemente, die die 4 Jahreszeiten Fr\u00fchling, Sommer, Herbst und Winter darstellen.\" \/>\n<meta property=\"og:url\" content=\"https:\/\/teiaeducation.ch\/de\/produkt\/plattform-4-jahreszeiten-4-elemente-grapat\/\" \/>\n<meta property=\"og:site_name\" content=\"Sustainable Educational Products &amp; Ecological Toys\u00a0\" \/>\n<meta property=\"article:publisher\" content=\"https:\/\/www.facebook.com\/teiaeducation\/\" \/>\n<meta property=\"article:modified_time\" content=\"2025-12-10T08:24:29+00:00\" \/>\n<meta property=\"og:image\" content=\"https:\/\/teiaeducation.ch\/wp-content\/uploads\/2020\/02\/Art-19-210-010-Joguines-Grapat.jpg\" \/>\n\t<meta property=\"og:image:width\" content=\"1620\" \/>\n\t<meta property=\"og:image:height\" content=\"1080\" \/>\n\t<meta property=\"og:image:type\" content=\"image\/jpeg\" \/>\n<script type=\"application\/ld+json\" class=\"yoast-schema-graph\">{\"@context\":\"https:\\\/\\\/schema.org\",\"@graph\":[{\"@type\":\"WebPage\",\"@id\":\"https:\\\/\\\/teiaeducation.ch\\\/de\\\/produkt\\\/plattform-4-jahreszeiten-4-elemente-grapat\\\/\",\"url\":\"https:\\\/\\\/teiaeducation.ch\\\/de\\\/produkt\\\/plattform-4-jahreszeiten-4-elemente-grapat\\\/\",\"name\":\"Plattform 4 Jahreszeiten 4 Elemente - Grapat\",\"isPartOf\":{\"@id\":\"https:\\\/\\\/teiaeducation.ch\\\/de\\\/#website\"},\"primaryImageOfPage\":{\"@id\":\"https:\\\/\\\/teiaeducation.ch\\\/de\\\/produkt\\\/plattform-4-jahreszeiten-4-elemente-grapat\\\/#primaryimage\"},\"image\":{\"@id\":\"https:\\\/\\\/teiaeducation.ch\\\/de\\\/produkt\\\/plattform-4-jahreszeiten-4-elemente-grapat\\\/#primaryimage\"},\"thumbnailUrl\":\"https:\\\/\\\/teiaeducation.ch\\\/wp-content\\\/uploads\\\/2020\\\/02\\\/Art-19-210-010-Joguines-Grapat.jpg\",\"datePublished\":\"2020-02-24T14:31:36+00:00\",\"dateModified\":\"2025-12-10T08:24:29+00:00\",\"description\":\"Eine wundersch\u00f6ne Grapat Plattform aus Massivholz mit handbemalten Elemente, die die 4 Jahreszeiten Fr\u00fchling, Sommer, Herbst und Winter darstellen.\",\"breadcrumb\":{\"@id\":\"https:\\\/\\\/teiaeducation.ch\\\/de\\\/produkt\\\/plattform-4-jahreszeiten-4-elemente-grapat\\\/#breadcrumb\"},\"inLanguage\":\"de-CH\",\"potentialAction\":[{\"@type\":\"ReadAction\",\"target\":[\"https:\\\/\\\/teiaeducation.ch\\\/de\\\/produkt\\\/plattform-4-jahreszeiten-4-elemente-grapat\\\/\"]}]},{\"@type\":\"ImageObject\",\"inLanguage\":\"de-CH\",\"@id\":\"https:\\\/\\\/teiaeducation.ch\\\/de\\\/produkt\\\/plattform-4-jahreszeiten-4-elemente-grapat\\\/#primaryimage\",\"url\":\"https:\\\/\\\/teiaeducation.ch\\\/wp-content\\\/uploads\\\/2020\\\/02\\\/Art-19-210-010-Joguines-Grapat.jpg\",\"contentUrl\":\"https:\\\/\\\/teiaeducation.ch\\\/wp-content\\\/uploads\\\/2020\\\/02\\\/Art-19-210-010-Joguines-Grapat.jpg\",\"width\":1620,\"height\":1080,\"caption\":\"Plattform 4 Jahreszeiten 4 Elemente - Grapat\"},{\"@type\":\"BreadcrumbList\",\"@id\":\"https:\\\/\\\/teiaeducation.ch\\\/de\\\/produkt\\\/plattform-4-jahreszeiten-4-elemente-grapat\\\/#breadcrumb\",\"itemListElement\":[{\"@type\":\"ListItem\",\"position\":1,\"name\":\"Home\",\"item\":\"https:\\\/\\\/teiaeducation.ch\\\/de\\\/\"},{\"@type\":\"ListItem\",\"position\":2,\"name\":\"Laden\",\"item\":\"https:\\\/\\\/teiaeducation.ch\\\/de\\\/shop\\\/\"},{\"@type\":\"ListItem\",\"position\":3,\"name\":\"Unsere Marken\",\"item\":\"https:\\\/\\\/teiaeducation.ch\\\/de\\\/produkt-kategorie\\\/unsere-marken\\\/\"},{\"@type\":\"ListItem\",\"position\":4,\"name\":\"Grapat\",\"item\":\"https:\\\/\\\/teiaeducation.ch\\\/de\\\/produkt-kategorie\\\/unsere-marken\\\/grapat-de\\\/\"},{\"@type\":\"ListItem\",\"position\":5,\"name\":\"Grapat Komplett-Sets\",\"item\":\"https:\\\/\\\/teiaeducation.ch\\\/de\\\/produkt-kategorie\\\/unsere-marken\\\/grapat-de\\\/grapat-komplett-sets\\\/\"},{\"@type\":\"ListItem\",\"position\":6,\"name\":\"Plattform 4 Jahreszeiten 4 Elemente &#8211; Grapat\"}]},{\"@type\":\"WebSite\",\"@id\":\"https:\\\/\\\/teiaeducation.ch\\\/de\\\/#website\",\"url\":\"https:\\\/\\\/teiaeducation.ch\\\/de\\\/\",\"name\":\"Sustainable Educational Products &amp; Ecological Toys\u00a0\",\"description\":\"Specialised Swiss shop selling sustainable educational toys and games, AMI certified Montessori materials, handmade ecological wooden Waldorf toys and arts &amp; crafts supplies, school supplies, children&#039;s furniture and Montessori reference and parenting books.\",\"publisher\":{\"@id\":\"https:\\\/\\\/teiaeducation.ch\\\/de\\\/#organization\"},\"alternateName\":\"Teia Education & Play\",\"potentialAction\":[{\"@type\":\"SearchAction\",\"target\":{\"@type\":\"EntryPoint\",\"urlTemplate\":\"https:\\\/\\\/teiaeducation.ch\\\/de\\\/?s={search_term_string}\"},\"query-input\":{\"@type\":\"PropertyValueSpecification\",\"valueRequired\":true,\"valueName\":\"search_term_string\"}}],\"inLanguage\":\"de-CH\"},{\"@type\":\"Organization\",\"@id\":\"https:\\\/\\\/teiaeducation.ch\\\/de\\\/#organization\",\"name\":\"Teia Education & Play\",\"url\":\"https:\\\/\\\/teiaeducation.ch\\\/de\\\/\",\"logo\":{\"@type\":\"ImageObject\",\"inLanguage\":\"de-CH\",\"@id\":\"https:\\\/\\\/teiaeducation.ch\\\/de\\\/#\\\/schema\\\/logo\\\/image\\\/\",\"url\":\"https:\\\/\\\/teiaeducation.ch\\\/wp-content\\\/uploads\\\/2020\\\/11\\\/Teia-Education-Switzerland-e1620156442216.jpg\",\"contentUrl\":\"https:\\\/\\\/teiaeducation.ch\\\/wp-content\\\/uploads\\\/2020\\\/11\\\/Teia-Education-Switzerland-e1620156442216.jpg\",\"width\":166,\"height\":145,\"caption\":\"Teia Education & Play\"},\"image\":{\"@id\":\"https:\\\/\\\/teiaeducation.ch\\\/de\\\/#\\\/schema\\\/logo\\\/image\\\/\"},\"sameAs\":[\"https:\\\/\\\/www.facebook.com\\\/teiaeducation\\\/\",\"https:\\\/\\\/x.com\\\/EducationTeia\",\"https:\\\/\\\/www.instagram.com\\\/teia.education\\\/\",\"https:\\\/\\\/www.linkedin.com\\\/company\\\/35501660\",\"https:\\\/\\\/www.pinterest.ch\\\/TeiaEducation\\\/\"]}]}<\/script>\n<meta property=\"product:price:amount\" content=\"53.15\" \/>\n<meta property=\"product:price:currency\" content=\"CHF\" \/>\n<meta property=\"og:availability\" content=\"instock\" \/>\n<meta property=\"product:availability\" content=\"instock\" \/>\n<meta property=\"product:retailer_item_id\" content=\"00000000000000000000000000000000000000000000023275\" \/>\n<meta property=\"product:condition\" content=\"new\" \/>\n<!-- \/ Yoast SEO Premium plugin. -->","yoast_head_json":{"title":"Plattform 4 Jahreszeiten 4 Elemente - Grapat","description":"Eine wundersch\u00f6ne Grapat Plattform aus Massivholz mit handbemalten Elemente, die die 4 Jahreszeiten Fr\u00fchling, Sommer, Herbst und Winter darstellen.","robots":{"index":"index","follow":"follow","max-snippet":"max-snippet:-1","max-image-preview":"max-image-preview:large","max-video-preview":"max-video-preview:-1"},"canonical":"https:\/\/teiaeducation.ch\/de\/produkt\/plattform-4-jahreszeiten-4-elemente-grapat\/","og_locale":"de_DE","og_type":"article","og_title":"Plattform 4 Jahreszeiten 4 Elemente - Grapat","og_description":"Eine wundersch\u00f6ne Grapat Plattform aus Massivholz mit handbemalten Elemente, die die 4 Jahreszeiten Fr\u00fchling, Sommer, Herbst und Winter darstellen.","og_url":"https:\/\/teiaeducation.ch\/de\/produkt\/plattform-4-jahreszeiten-4-elemente-grapat\/","og_site_name":"Sustainable Educational Products &amp; Ecological Toys\u00a0","article_publisher":"https:\/\/www.facebook.com\/teiaeducation\/","article_modified_time":"2025-12-10T08:24:29+00:00","og_image":[{"width":1620,"height":1080,"url":"https:\/\/teiaeducation.ch\/wp-content\/uploads\/2020\/02\/Art-19-210-010-Joguines-Grapat.jpg","type":"image\/jpeg"}],"schema":{"@context":"https:\/\/schema.org","@graph":[{"@type":"WebPage","@id":"https:\/\/teiaeducation.ch\/de\/produkt\/plattform-4-jahreszeiten-4-elemente-grapat\/","url":"https:\/\/teiaeducation.ch\/de\/produkt\/plattform-4-jahreszeiten-4-elemente-grapat\/","name":"Plattform 4 Jahreszeiten 4 Elemente - Grapat","isPartOf":{"@id":"https:\/\/teiaeducation.ch\/de\/#website"},"primaryImageOfPage":{"@id":"https:\/\/teiaeducation.ch\/de\/produkt\/plattform-4-jahreszeiten-4-elemente-grapat\/#primaryimage"},"image":{"@id":"https:\/\/teiaeducation.ch\/de\/produkt\/plattform-4-jahreszeiten-4-elemente-grapat\/#primaryimage"},"thumbnailUrl":"https:\/\/teiaeducation.ch\/wp-content\/uploads\/2020\/02\/Art-19-210-010-Joguines-Grapat.jpg","datePublished":"2020-02-24T14:31:36+00:00","dateModified":"2025-12-10T08:24:29+00:00","description":"Eine wundersch\u00f6ne Grapat Plattform aus Massivholz mit handbemalten Elemente, die die 4 Jahreszeiten Fr\u00fchling, Sommer, Herbst und Winter darstellen.","breadcrumb":{"@id":"https:\/\/teiaeducation.ch\/de\/produkt\/plattform-4-jahreszeiten-4-elemente-grapat\/#breadcrumb"},"inLanguage":"de-CH","potentialAction":[{"@type":"ReadAction","target":["https:\/\/teiaeducation.ch\/de\/produkt\/plattform-4-jahreszeiten-4-elemente-grapat\/"]}]},{"@type":"ImageObject","inLanguage":"de-CH","@id":"https:\/\/teiaeducation.ch\/de\/produkt\/plattform-4-jahreszeiten-4-elemente-grapat\/#primaryimage","url":"https:\/\/teiaeducation.ch\/wp-content\/uploads\/2020\/02\/Art-19-210-010-Joguines-Grapat.jpg","contentUrl":"https:\/\/teiaeducation.ch\/wp-content\/uploads\/2020\/02\/Art-19-210-010-Joguines-Grapat.jpg","width":1620,"height":1080,"caption":"Plattform 4 Jahreszeiten 4 Elemente - Grapat"},{"@type":"BreadcrumbList","@id":"https:\/\/teiaeducation.ch\/de\/produkt\/plattform-4-jahreszeiten-4-elemente-grapat\/#breadcrumb","itemListElement":[{"@type":"ListItem","position":1,"name":"Home","item":"https:\/\/teiaeducation.ch\/de\/"},{"@type":"ListItem","position":2,"name":"Laden","item":"https:\/\/teiaeducation.ch\/de\/shop\/"},{"@type":"ListItem","position":3,"name":"Unsere Marken","item":"https:\/\/teiaeducation.ch\/de\/produkt-kategorie\/unsere-marken\/"},{"@type":"ListItem","position":4,"name":"Grapat","item":"https:\/\/teiaeducation.ch\/de\/produkt-kategorie\/unsere-marken\/grapat-de\/"},{"@type":"ListItem","position":5,"name":"Grapat Komplett-Sets","item":"https:\/\/teiaeducation.ch\/de\/produkt-kategorie\/unsere-marken\/grapat-de\/grapat-komplett-sets\/"},{"@type":"ListItem","position":6,"name":"Plattform 4 Jahreszeiten 4 Elemente &#8211; Grapat"}]},{"@type":"WebSite","@id":"https:\/\/teiaeducation.ch\/de\/#website","url":"https:\/\/teiaeducation.ch\/de\/","name":"Sustainable Educational Products &amp; Ecological Toys\u00a0","description":"Specialised Swiss shop selling sustainable educational toys and games, AMI certified Montessori materials, handmade ecological wooden Waldorf toys and arts &amp; crafts supplies, school supplies, children&#039;s furniture and Montessori reference and parenting books.","publisher":{"@id":"https:\/\/teiaeducation.ch\/de\/#organization"},"alternateName":"Teia Education & Play","potentialAction":[{"@type":"SearchAction","target":{"@type":"EntryPoint","urlTemplate":"https:\/\/teiaeducation.ch\/de\/?s={search_term_string}"},"query-input":{"@type":"PropertyValueSpecification","valueRequired":true,"valueName":"search_term_string"}}],"inLanguage":"de-CH"},{"@type":"Organization","@id":"https:\/\/teiaeducation.ch\/de\/#organization","name":"Teia Education & Play","url":"https:\/\/teiaeducation.ch\/de\/","logo":{"@type":"ImageObject","inLanguage":"de-CH","@id":"https:\/\/teiaeducation.ch\/de\/#\/schema\/logo\/image\/","url":"https:\/\/teiaeducation.ch\/wp-content\/uploads\/2020\/11\/Teia-Education-Switzerland-e1620156442216.jpg","contentUrl":"https:\/\/teiaeducation.ch\/wp-content\/uploads\/2020\/11\/Teia-Education-Switzerland-e1620156442216.jpg","width":166,"height":145,"caption":"Teia Education & Play"},"image":{"@id":"https:\/\/teiaeducation.ch\/de\/#\/schema\/logo\/image\/"},"sameAs":["https:\/\/www.facebook.com\/teiaeducation\/","https:\/\/x.com\/EducationTeia","https:\/\/www.instagram.com\/teia.education\/","https:\/\/www.linkedin.com\/company\/35501660","https:\/\/www.pinterest.ch\/TeiaEducation\/"]}]},"product_price_amount":"53.15","product_price_currency":"CHF","og_availability":"instock","product_availability":"instock","product_retailer_item_id":"00000000000000000000000000000000000000000000023275","product_condition":"new"},"_links":{"self":[{"href":"https:\/\/teiaeducation.ch\/de\/wp-json\/wp\/v2\/product\/51772","targetHints":{"allow":["GET"]}}],"collection":[{"href":"https:\/\/teiaeducation.ch\/de\/wp-json\/wp\/v2\/product"}],"about":[{"href":"https:\/\/teiaeducation.ch\/de\/wp-json\/wp\/v2\/types\/product"}],"replies":[{"embeddable":true,"href":"https:\/\/teiaeducation.ch\/de\/wp-json\/wp\/v2\/comments?post=51772"}],"wp:featuredmedia":[{"embeddable":true,"href":"https:\/\/teiaeducation.ch\/de\/wp-json\/wp\/v2\/media\/51773"}],"wp:attachment":[{"href":"https:\/\/teiaeducation.ch\/de\/wp-json\/wp\/v2\/media?parent=51772"}],"wp:term":[{"taxonomy":"product_brand","embeddable":true,"href":"https:\/\/teiaeducation.ch\/de\/wp-json\/wp\/v2\/product_brand?post=51772"},{"taxonomy":"product_cat","embeddable":true,"href":"https:\/\/teiaeducation.ch\/de\/wp-json\/wp\/v2\/product_cat?post=51772"},{"taxonomy":"product_tag","embeddable":true,"href":"https:\/\/teiaeducation.ch\/de\/wp-json\/wp\/v2\/product_tag?post=51772"}],"curies":[{"name":"wp","href":"https:\/\/api.w.org\/{rel}","templated":true}]}}