{"id":52147,"date":"2021-08-08T20:24:34","date_gmt":"2021-08-08T18:24:34","guid":{"rendered":"https:\/\/teiaeducation.ch\/product\/riesige-spielseidentuch-sternennacht-90-x-275cm-sarahs-silks\/"},"modified":"2025-02-01T19:39:30","modified_gmt":"2025-02-01T18:39:30","slug":"riesige-spielseidentuch-sternennacht-90-x-275-cm-sarahs-silks","status":"publish","type":"product","link":"https:\/\/teiaeducation.ch\/de\/produkt\/riesige-spielseidentuch-sternennacht-90-x-275-cm-sarahs-silks\/","title":{"rendered":"Riesiges Seidenspieltuch Sternennacht 90 x 275 cm &#8211; Sarah&#8217;s Silks"},"content":{"rendered":"<p>Ein wundersch\u00f6ne Waldorf inspirierte Riesiges Seidenspieltuch aus Naturseide in der Variante Sternennacht von Sarah&#8217;s Silks. Die 90 x 275 Zentimeter gro\u00dfe Riesiges Seidenspieltuch ist aus 100 % fair gehandelter Seide hergestellt, von Hand ges\u00e4umt und mit ungiftigem, umweltfreundlichem Farbstoff gef\u00e4rbt.<\/p>\n<p>Das Quintessenz Stoffspielzeug f\u00fcr die Welt der <a href=\"https:\/\/teiaeducation.ch\/de\/produkt-kategorie\/bildungsmethode\/waldorf-steiner-paedagogik\/\">Waldorf<\/a>-Fantasie, Ein Seidenspieltuch kann zum Verkleiden verwendet werden, um einen Umhang, einen Rock oder Fl\u00fcgel zu machen. Zu einer Puppentasche gefaltet werden, an eine provisorische Stange gebunden werden, um als Flagge zu wehen, \u00fcber St\u00fchle drapiert werden, um damit ein Zelt oder eine Festung zu bauen. Ein Puppenhaus als Teppich oder Decke schm\u00fccken oder um damit Guck-Guck zu spielen. Auf den Boden gelegt, kann ein Seidenspieltuch in Gr\u00fcn f\u00fcr Gras, Rot f\u00fcr Lava, Gelb f\u00fcr Sand oder Blau als See oder Meer zum Bootfahren verwendet werden. Ein Spielzimmer verwandelt sich mit den schwebenden Spielseident\u00fccher in ein magisches M\u00e4rchenland zum Tanzen und Ausdr\u00fccken!<\/p>\n<p>Die Seidenspieltuch von Sarah\u2019s Silks gibt es in verschiedenen, perfekt gef\u00e4rbten Varianten in leuchtenden Schmuck- und Pastellt\u00f6nen. Sie sind vielseitig einsetzbar und eignen sich nicht nur f\u00fcr das kreative Spiel, sondern auch f\u00fcr Waldorf Naturtisch, f\u00fcr die farbliche Gestaltung einer <a href=\"https:\/\/teiaeducation.ch\/de\/produkt-kategorie\/feier-festlichkeiten\/natur-saisonale-tische-de\/\">Jahreszeitentisch<\/a>, als Dekoration f\u00fcr Regenbogengeburtstage oder zum Einpacken von <a href=\"https:\/\/teiaeducation.ch\/de\/produkt-kategorie\/geschenk-guides\/\">Geschenken<\/a>.<\/p>\n<p>Sarah&#8217;s Silks Seidenspielt\u00fccher\u00a0sind inspirierende, magische <a href=\"https:\/\/teiaeducation.ch\/de\/produkt-kategorie\/kinder-spielzeug\/waldorfspielzeug\/\">Waldorf Spielzeuge<\/a>, mit denen Kinder immer wieder gerne spielen werden. Die Einfachheit und Vielseitigkeit der Seidenspielt\u00fccher spricht das <a href=\"https:\/\/teiaeducation.ch\/de\/produkt-kategorie\/malen-basteln\/\">kreative<\/a> Potenzial der Kinder an und erm\u00f6glicht es ihnen ihre Fantasie auszudr\u00fccken und ihre Unabh\u00e4ngigkeit zu f\u00f6rdern.<\/p>\n<p>Inhalt:<\/p>\n<p>1 Riesige Seidenspieltuch in Sternennacht aus 100% Seide (90 x 275 cm)<\/p>\n<h2>Pflegehinweise<\/h2>\n<p>Waschen mit der Hand, trocknen es auf der Leine und b\u00fcgeln es auf mittlerer Stufe, um den nat\u00fcrlichen Glanz der Seide wiederherzustellen \u2013 bitte beachten Sie die Schritt-f\u00fcr-Schritt-<a href=\"https:\/\/www.sarahssilks.com\/blogs\/journal\/how-to-wash-playsilks\">Anleitung<\/a> von Sarah\u2019s Silks um Ihre Seidenartikel zu waschen.<\/p>\n<h2>R\u00fcckgaberecht<\/h2>\n<p>Alle zur\u00fcckgesandten Artikel m\u00fcssen sich in ihrem Originalzustand befinden und die Originalverpackung sowie die Etiketten m\u00fcssen angebracht und intakt sein. Gebrauchte oder gewaschene Artikel k\u00f6nnen nicht zur\u00fcckgegeben werden.<\/p>\n<h2>\u00dcber Sarah&#8217;s Silks<\/h2>\n<p><a href=\"https:\/\/teiaeducation.ch\/product-category\/brands\/sarahs-silks\/\">Sarah&#8217;s Silks<\/a> ist ein Familienunternehmen mit Sitz in den USA, das sich auf <a href=\"https:\/\/teiaeducation.ch\/product-category\/education-method\/waldorf-steiner-toys-craft-materials\/\">Waldorf<\/a> inspiriertes, <a href=\"https:\/\/teiaeducation.ch\/product-category\/play\/nature-play\/\">nat\u00fcrliches<\/a> und nachhaltiges Spielzeug spezialisiert hat, das die <a href=\"https:\/\/teiaeducation.ch\/product-category\/play\/imaginative-role-play\/\">Fantasie<\/a> der Kinder anregt. Die Mission von Sarah&#8217;s Silks ist es, nachhaltiges, offenes und freies Spielzeug herzustellen, das unsere Kinder lehrt Mutter Erde zu lieben und zu pflegen. Die wundersch\u00f6nen Sarah&#8217;s Silks Seidenspielt\u00fccher, Baumwollspielt\u00fccher, Umh\u00e4nge, Feenkleider und Luftschlangen sind perfekt f\u00fcr das freie Spiel, das Verkleiden und das dramatische Spiel in Waldorfh\u00e4usern, Kinderg\u00e4rten und <a href=\"https:\/\/teiaeducation.ch\/waldorf-steiner-schools-supplies\/\">Steiner Schulen<\/a>.<\/p>\n<p>Alle Sarah&#8217;s Silks Seidenkost\u00fcme, Spielzeuge und Seidenspielt\u00fccher werden aus hochwertiger, nachhaltiger chinesischer Seide hergestellt. Jedes Seidenprodukt wird von N\u00e4herinnen gewebt, gef\u00e4rbt und von Hand ges\u00e4umt, die in einem kleinen Dorf in der N\u00e4he von Suzhou, China, arbeiten. Sie werden anschlie\u00dfend in Sonoma County, Kalifornien, USA, handbemalt und handgefertigt.<\/p>\n<p>Kinder lieben die leuchtenden, sch\u00f6n gemischten Farben und die weiche, f\u00fchlbare Haptik der Seidenspielt\u00fccher, Baumwollspielt\u00fccher und Umh\u00e4nge. Sie werden mit ungiftigen, umweltfreundlichen Farbstoffen und nat\u00fcrlichen Fasern aus 100% echter Seide und 100% Baumwolle hergestellt und haben strenge amerikanische und europ\u00e4ische Sicherheitstests bestanden und sind f\u00fcr Kinder jeden Alters geeignet.<\/p>\n","protected":false},"excerpt":{"rendered":"<p>Artikelnummer: SS225032<\/p>\n<p>Die von der Waldorf P\u00e4dagogik inspirierte Sarah&#8217;s Silks Riesiges Seidenspieltuch in Sternennacht ist ein ideales Spielzeug f\u00fcr phantasievolles Spiel!<\/p>\n","protected":false},"featured_media":51334,"comment_status":"open","ping_status":"closed","template":"","meta":[],"product_brand":[32610],"product_cat":[21444,21445,21446,22033,21479,21465,21690,21488,21492,21484,21443,22349,21563,21687,22362,21666,29598,21695,21678,21685,21564,21483,22919,22363],"product_tag":[22145,24613,24612,22920,22938,24585,24586,22937,24614,24587,22939,22940,21741],"class_list":{"0":"post-52147","1":"product","2":"type-product","3":"status-publish","4":"has-post-thumbnail","6":"product_brand-sarahs-silks","7":"product_cat-1-3-jahre-kleinkind","8":"product_cat-3-6-jahre-vorschule","9":"product_cat-6-12-jahre-grundschule","10":"product_cat-adventskalender-geschenke-strumpffueller","11":"product_cat-lernmaterialien-spielzeug-montessori-waldorf-steiner-froebel","12":"product_cat-feier-festlichkeiten","13":"product_cat-spiele-mit-offenem-ende","14":"product_cat-geschenk-guide-6-12-jahre-grundschule","15":"product_cat-geschenk-guide-stoffspielzeug","16":"product_cat-geschenk-guides","17":"product_cat-nach-alter","18":"product_cat-natur-saisonale-tische-de","19":"product_cat-neuheiten","20":"product_cat-phantasievoll-rollenspiel","21":"product_cat-saisonale-kollektionen","22":"product_cat-sarahs-silks-de","23":"product_cat-seidenspieltuecher-verzaubert","24":"product_cat-sinnliches-spiel","25":"product_cat-kinder-spielzeug","26":"product_cat-stoffspielzeug","27":"product_cat-unsere-marken","28":"product_cat-waldorf-steiner-paedagogik","29":"product_cat-waldorfspielzeug","30":"product_cat-winter-kollektion","31":"product_tag-heuristisches-spiel-waldorf","32":"product_tag-riesige-spielseidentuch-sarahs-silks","33":"product_tag-riesige-spielseidentuch-sternennacht-sarahs-silks","34":"product_tag-sarahs-silks-schweiz-de","35":"product_tag-sarahs-silks-schweiz-de-2","36":"product_tag-sarahs-silks-spielseidentuch","37":"product_tag-sarahs-silks-spielseidentuch-de","38":"product_tag-sarahs-silks-suisse-de","39":"product_tag-spielseidentuch-sternennacht-sarahs-silks","40":"product_tag-waldorf-seidenspielzeug","41":"product_tag-waldorf-seidentuch","42":"product_tag-waldorf-spielstoffe","43":"product_tag-waldorfspielzeug","45":"first","46":"outofstock","47":"taxable","48":"shipping-taxable","49":"purchasable","50":"product-type-simple"},"yoast_head":"<!-- This site is optimized with the Yoast SEO plugin v27.1.1 - https:\/\/yoast.com\/product\/yoast-seo-wordpress\/ -->\n<title>Riesiges Seidenspieltuch Sternennacht 90 x 275cm - Sarah&#039;s Silks<\/title>\n<meta name=\"description\" content=\"Die von der Waldorf P\u00e4dagogik inspirierte Sarah&#039;s Silks Riesiges Seidenspieltuch in Sternennacht ist ein ideales Spielzeug f\u00fcr phantasievolles Spiel!\" \/>\n<meta name=\"robots\" content=\"index, follow, max-snippet:-1, max-image-preview:large, max-video-preview:-1\" \/>\n<link rel=\"canonical\" href=\"https:\/\/teiaeducation.ch\/de\/produkt\/riesige-spielseidentuch-sternennacht-90-x-275-cm-sarahs-silks\/\" \/>\n<meta property=\"og:locale\" content=\"de_DE\" \/>\n<meta property=\"og:type\" content=\"article\" \/>\n<meta property=\"og:title\" content=\"Riesiges Seidenspieltuch Sternennacht 90 x 275cm - Sarah&#039;s Silks\" \/>\n<meta property=\"og:description\" content=\"Die von der Waldorf P\u00e4dagogik inspirierte Sarah&#039;s Silks Riesiges Seidenspieltuch in Sternennacht ist ein ideales Spielzeug f\u00fcr phantasievolles Spiel!\" \/>\n<meta property=\"og:url\" content=\"https:\/\/teiaeducation.ch\/de\/produkt\/riesige-spielseidentuch-sternennacht-90-x-275-cm-sarahs-silks\/\" \/>\n<meta property=\"og:site_name\" content=\"Sustainable Educational Products &amp; Ecological Toys\u00a0\" \/>\n<meta property=\"article:publisher\" content=\"https:\/\/www.facebook.com\/teiaeducation\/\" \/>\n<meta property=\"article:modified_time\" content=\"2025-02-01T18:39:30+00:00\" \/>\n<meta property=\"og:image\" content=\"https:\/\/teiaeducation.ch\/wp-content\/uploads\/2023\/01\/Giant-playsilk-enchanted-starry-night-Sarahs-Silks-90-x-275cm-Sarahs-Silks.jpg\" \/>\n\t<meta property=\"og:image:width\" content=\"1080\" \/>\n\t<meta property=\"og:image:height\" content=\"1350\" \/>\n\t<meta property=\"og:image:type\" content=\"image\/jpeg\" \/>\n<script type=\"application\/ld+json\" class=\"yoast-schema-graph\">{\"@context\":\"https:\/\/schema.org\",\"@graph\":[{\"@type\":\"WebPage\",\"@id\":\"https:\/\/teiaeducation.ch\/de\/produkt\/riesige-spielseidentuch-sternennacht-90-x-275-cm-sarahs-silks\/\",\"url\":\"https:\/\/teiaeducation.ch\/de\/produkt\/riesige-spielseidentuch-sternennacht-90-x-275-cm-sarahs-silks\/\",\"name\":\"Riesiges Seidenspieltuch Sternennacht 90 x 275cm - Sarah's Silks\",\"isPartOf\":{\"@id\":\"https:\/\/teiaeducation.ch\/de\/#website\"},\"primaryImageOfPage\":{\"@id\":\"https:\/\/teiaeducation.ch\/de\/produkt\/riesige-spielseidentuch-sternennacht-90-x-275-cm-sarahs-silks\/#primaryimage\"},\"image\":{\"@id\":\"https:\/\/teiaeducation.ch\/de\/produkt\/riesige-spielseidentuch-sternennacht-90-x-275-cm-sarahs-silks\/#primaryimage\"},\"thumbnailUrl\":\"https:\/\/teiaeducation.ch\/wp-content\/uploads\/2023\/01\/Giant-playsilk-enchanted-starry-night-Sarahs-Silks-90-x-275cm-Sarahs-Silks.jpg\",\"datePublished\":\"2021-08-08T18:24:34+00:00\",\"dateModified\":\"2025-02-01T18:39:30+00:00\",\"description\":\"Die von der Waldorf P\u00e4dagogik inspirierte Sarah's Silks Riesiges Seidenspieltuch in Sternennacht ist ein ideales Spielzeug f\u00fcr phantasievolles Spiel!\",\"breadcrumb\":{\"@id\":\"https:\/\/teiaeducation.ch\/de\/produkt\/riesige-spielseidentuch-sternennacht-90-x-275-cm-sarahs-silks\/#breadcrumb\"},\"inLanguage\":\"de-CH\",\"potentialAction\":[{\"@type\":\"ReadAction\",\"target\":[\"https:\/\/teiaeducation.ch\/de\/produkt\/riesige-spielseidentuch-sternennacht-90-x-275-cm-sarahs-silks\/\"]}]},{\"@type\":\"ImageObject\",\"inLanguage\":\"de-CH\",\"@id\":\"https:\/\/teiaeducation.ch\/de\/produkt\/riesige-spielseidentuch-sternennacht-90-x-275-cm-sarahs-silks\/#primaryimage\",\"url\":\"https:\/\/teiaeducation.ch\/wp-content\/uploads\/2023\/01\/Giant-playsilk-enchanted-starry-night-Sarahs-Silks-90-x-275cm-Sarahs-Silks.jpg\",\"contentUrl\":\"https:\/\/teiaeducation.ch\/wp-content\/uploads\/2023\/01\/Giant-playsilk-enchanted-starry-night-Sarahs-Silks-90-x-275cm-Sarahs-Silks.jpg\",\"width\":1080,\"height\":1350,\"caption\":\"Riesiges Seidenspieltuch Sternennacht 90 x 275cm Sarah's Silks\"},{\"@type\":\"BreadcrumbList\",\"@id\":\"https:\/\/teiaeducation.ch\/de\/produkt\/riesige-spielseidentuch-sternennacht-90-x-275-cm-sarahs-silks\/#breadcrumb\",\"itemListElement\":[{\"@type\":\"ListItem\",\"position\":1,\"name\":\"Home\",\"item\":\"https:\/\/teiaeducation.ch\/de\/\"},{\"@type\":\"ListItem\",\"position\":2,\"name\":\"Laden\",\"item\":\"https:\/\/teiaeducation.ch\/de\/shop\/\"},{\"@type\":\"ListItem\",\"position\":3,\"name\":\"Spielen\",\"item\":\"https:\/\/teiaeducation.ch\/de\/produkt-kategorie\/kinder-spielzeug\/\"},{\"@type\":\"ListItem\",\"position\":4,\"name\":\"Waldorfspielzeug\",\"item\":\"https:\/\/teiaeducation.ch\/de\/produkt-kategorie\/kinder-spielzeug\/waldorfspielzeug\/\"},{\"@type\":\"ListItem\",\"position\":5,\"name\":\"Riesiges Seidenspieltuch Sternennacht 90 x 275 cm &#8211; Sarah&#8217;s Silks\"}]},{\"@type\":\"WebSite\",\"@id\":\"https:\/\/teiaeducation.ch\/de\/#website\",\"url\":\"https:\/\/teiaeducation.ch\/de\/\",\"name\":\"Sustainable Educational Products &amp; Ecological Toys\u00a0\",\"description\":\"Specialised Swiss shop selling sustainable educational toys and games, AMI certified Montessori materials, handmade ecological wooden Waldorf toys and arts &amp; crafts supplies, school supplies, children&#039;s furniture and Montessori reference and parenting books.\",\"publisher\":{\"@id\":\"https:\/\/teiaeducation.ch\/de\/#organization\"},\"alternateName\":\"Teia Education & Play\",\"potentialAction\":[{\"@type\":\"SearchAction\",\"target\":{\"@type\":\"EntryPoint\",\"urlTemplate\":\"https:\/\/teiaeducation.ch\/de\/?s={search_term_string}\"},\"query-input\":{\"@type\":\"PropertyValueSpecification\",\"valueRequired\":true,\"valueName\":\"search_term_string\"}}],\"inLanguage\":\"de-CH\"},{\"@type\":\"Organization\",\"@id\":\"https:\/\/teiaeducation.ch\/de\/#organization\",\"name\":\"Teia Education & Play\",\"url\":\"https:\/\/teiaeducation.ch\/de\/\",\"logo\":{\"@type\":\"ImageObject\",\"inLanguage\":\"de-CH\",\"@id\":\"https:\/\/teiaeducation.ch\/de\/#\/schema\/logo\/image\/\",\"url\":\"https:\/\/teiaeducation.ch\/wp-content\/uploads\/2020\/11\/Teia-Education-Switzerland-e1620156442216.jpg\",\"contentUrl\":\"https:\/\/teiaeducation.ch\/wp-content\/uploads\/2020\/11\/Teia-Education-Switzerland-e1620156442216.jpg\",\"width\":166,\"height\":145,\"caption\":\"Teia Education & Play\"},\"image\":{\"@id\":\"https:\/\/teiaeducation.ch\/de\/#\/schema\/logo\/image\/\"},\"sameAs\":[\"https:\/\/www.facebook.com\/teiaeducation\/\",\"https:\/\/x.com\/EducationTeia\",\"https:\/\/www.instagram.com\/teia.education\/\",\"https:\/\/www.linkedin.com\/company\/35501660\",\"https:\/\/www.pinterest.ch\/TeiaEducation\/\"]}]}<\/script>\n<!-- \/ Yoast SEO plugin. -->","yoast_head_json":{"title":"Riesiges Seidenspieltuch Sternennacht 90 x 275cm - Sarah's Silks","description":"Die von der Waldorf P\u00e4dagogik inspirierte Sarah's Silks Riesiges Seidenspieltuch in Sternennacht ist ein ideales Spielzeug f\u00fcr phantasievolles Spiel!","robots":{"index":"index","follow":"follow","max-snippet":"max-snippet:-1","max-image-preview":"max-image-preview:large","max-video-preview":"max-video-preview:-1"},"canonical":"https:\/\/teiaeducation.ch\/de\/produkt\/riesige-spielseidentuch-sternennacht-90-x-275-cm-sarahs-silks\/","og_locale":"de_DE","og_type":"article","og_title":"Riesiges Seidenspieltuch Sternennacht 90 x 275cm - Sarah's Silks","og_description":"Die von der Waldorf P\u00e4dagogik inspirierte Sarah's Silks Riesiges Seidenspieltuch in Sternennacht ist ein ideales Spielzeug f\u00fcr phantasievolles Spiel!","og_url":"https:\/\/teiaeducation.ch\/de\/produkt\/riesige-spielseidentuch-sternennacht-90-x-275-cm-sarahs-silks\/","og_site_name":"Sustainable Educational Products &amp; Ecological Toys\u00a0","article_publisher":"https:\/\/www.facebook.com\/teiaeducation\/","article_modified_time":"2025-02-01T18:39:30+00:00","og_image":[{"width":1080,"height":1350,"url":"https:\/\/teiaeducation.ch\/wp-content\/uploads\/2023\/01\/Giant-playsilk-enchanted-starry-night-Sarahs-Silks-90-x-275cm-Sarahs-Silks.jpg","type":"image\/jpeg"}],"schema":{"@context":"https:\/\/schema.org","@graph":[{"@type":"WebPage","@id":"https:\/\/teiaeducation.ch\/de\/produkt\/riesige-spielseidentuch-sternennacht-90-x-275-cm-sarahs-silks\/","url":"https:\/\/teiaeducation.ch\/de\/produkt\/riesige-spielseidentuch-sternennacht-90-x-275-cm-sarahs-silks\/","name":"Riesiges Seidenspieltuch Sternennacht 90 x 275cm - Sarah's Silks","isPartOf":{"@id":"https:\/\/teiaeducation.ch\/de\/#website"},"primaryImageOfPage":{"@id":"https:\/\/teiaeducation.ch\/de\/produkt\/riesige-spielseidentuch-sternennacht-90-x-275-cm-sarahs-silks\/#primaryimage"},"image":{"@id":"https:\/\/teiaeducation.ch\/de\/produkt\/riesige-spielseidentuch-sternennacht-90-x-275-cm-sarahs-silks\/#primaryimage"},"thumbnailUrl":"https:\/\/teiaeducation.ch\/wp-content\/uploads\/2023\/01\/Giant-playsilk-enchanted-starry-night-Sarahs-Silks-90-x-275cm-Sarahs-Silks.jpg","datePublished":"2021-08-08T18:24:34+00:00","dateModified":"2025-02-01T18:39:30+00:00","description":"Die von der Waldorf P\u00e4dagogik inspirierte Sarah's Silks Riesiges Seidenspieltuch in Sternennacht ist ein ideales Spielzeug f\u00fcr phantasievolles Spiel!","breadcrumb":{"@id":"https:\/\/teiaeducation.ch\/de\/produkt\/riesige-spielseidentuch-sternennacht-90-x-275-cm-sarahs-silks\/#breadcrumb"},"inLanguage":"de-CH","potentialAction":[{"@type":"ReadAction","target":["https:\/\/teiaeducation.ch\/de\/produkt\/riesige-spielseidentuch-sternennacht-90-x-275-cm-sarahs-silks\/"]}]},{"@type":"ImageObject","inLanguage":"de-CH","@id":"https:\/\/teiaeducation.ch\/de\/produkt\/riesige-spielseidentuch-sternennacht-90-x-275-cm-sarahs-silks\/#primaryimage","url":"https:\/\/teiaeducation.ch\/wp-content\/uploads\/2023\/01\/Giant-playsilk-enchanted-starry-night-Sarahs-Silks-90-x-275cm-Sarahs-Silks.jpg","contentUrl":"https:\/\/teiaeducation.ch\/wp-content\/uploads\/2023\/01\/Giant-playsilk-enchanted-starry-night-Sarahs-Silks-90-x-275cm-Sarahs-Silks.jpg","width":1080,"height":1350,"caption":"Riesiges Seidenspieltuch Sternennacht 90 x 275cm Sarah's Silks"},{"@type":"BreadcrumbList","@id":"https:\/\/teiaeducation.ch\/de\/produkt\/riesige-spielseidentuch-sternennacht-90-x-275-cm-sarahs-silks\/#breadcrumb","itemListElement":[{"@type":"ListItem","position":1,"name":"Home","item":"https:\/\/teiaeducation.ch\/de\/"},{"@type":"ListItem","position":2,"name":"Laden","item":"https:\/\/teiaeducation.ch\/de\/shop\/"},{"@type":"ListItem","position":3,"name":"Spielen","item":"https:\/\/teiaeducation.ch\/de\/produkt-kategorie\/kinder-spielzeug\/"},{"@type":"ListItem","position":4,"name":"Waldorfspielzeug","item":"https:\/\/teiaeducation.ch\/de\/produkt-kategorie\/kinder-spielzeug\/waldorfspielzeug\/"},{"@type":"ListItem","position":5,"name":"Riesiges Seidenspieltuch Sternennacht 90 x 275 cm &#8211; Sarah&#8217;s Silks"}]},{"@type":"WebSite","@id":"https:\/\/teiaeducation.ch\/de\/#website","url":"https:\/\/teiaeducation.ch\/de\/","name":"Sustainable Educational Products &amp; Ecological Toys\u00a0","description":"Specialised Swiss shop selling sustainable educational toys and games, AMI certified Montessori materials, handmade ecological wooden Waldorf toys and arts &amp; crafts supplies, school supplies, children&#039;s furniture and Montessori reference and parenting books.","publisher":{"@id":"https:\/\/teiaeducation.ch\/de\/#organization"},"alternateName":"Teia Education & Play","potentialAction":[{"@type":"SearchAction","target":{"@type":"EntryPoint","urlTemplate":"https:\/\/teiaeducation.ch\/de\/?s={search_term_string}"},"query-input":{"@type":"PropertyValueSpecification","valueRequired":true,"valueName":"search_term_string"}}],"inLanguage":"de-CH"},{"@type":"Organization","@id":"https:\/\/teiaeducation.ch\/de\/#organization","name":"Teia Education & Play","url":"https:\/\/teiaeducation.ch\/de\/","logo":{"@type":"ImageObject","inLanguage":"de-CH","@id":"https:\/\/teiaeducation.ch\/de\/#\/schema\/logo\/image\/","url":"https:\/\/teiaeducation.ch\/wp-content\/uploads\/2020\/11\/Teia-Education-Switzerland-e1620156442216.jpg","contentUrl":"https:\/\/teiaeducation.ch\/wp-content\/uploads\/2020\/11\/Teia-Education-Switzerland-e1620156442216.jpg","width":166,"height":145,"caption":"Teia Education & Play"},"image":{"@id":"https:\/\/teiaeducation.ch\/de\/#\/schema\/logo\/image\/"},"sameAs":["https:\/\/www.facebook.com\/teiaeducation\/","https:\/\/x.com\/EducationTeia","https:\/\/www.instagram.com\/teia.education\/","https:\/\/www.linkedin.com\/company\/35501660","https:\/\/www.pinterest.ch\/TeiaEducation\/"]}]}},"_links":{"self":[{"href":"https:\/\/teiaeducation.ch\/de\/wp-json\/wp\/v2\/product\/52147","targetHints":{"allow":["GET"]}}],"collection":[{"href":"https:\/\/teiaeducation.ch\/de\/wp-json\/wp\/v2\/product"}],"about":[{"href":"https:\/\/teiaeducation.ch\/de\/wp-json\/wp\/v2\/types\/product"}],"replies":[{"embeddable":true,"href":"https:\/\/teiaeducation.ch\/de\/wp-json\/wp\/v2\/comments?post=52147"}],"wp:featuredmedia":[{"embeddable":true,"href":"https:\/\/teiaeducation.ch\/de\/wp-json\/wp\/v2\/media\/51334"}],"wp:attachment":[{"href":"https:\/\/teiaeducation.ch\/de\/wp-json\/wp\/v2\/media?parent=52147"}],"wp:term":[{"taxonomy":"product_brand","embeddable":true,"href":"https:\/\/teiaeducation.ch\/de\/wp-json\/wp\/v2\/product_brand?post=52147"},{"taxonomy":"product_cat","embeddable":true,"href":"https:\/\/teiaeducation.ch\/de\/wp-json\/wp\/v2\/product_cat?post=52147"},{"taxonomy":"product_tag","embeddable":true,"href":"https:\/\/teiaeducation.ch\/de\/wp-json\/wp\/v2\/product_tag?post=52147"}],"curies":[{"name":"wp","href":"https:\/\/api.w.org\/{rel}","templated":true}]}}