{"id":52618,"date":"2023-03-16T13:59:09","date_gmt":"2023-03-16T12:59:09","guid":{"rendered":"https:\/\/teiaeducation.ch\/product\/happy-place-spielset-grapat-2023-happy-place-kollektion\/"},"modified":"2025-02-05T17:55:07","modified_gmt":"2025-02-05T16:55:07","slug":"happy-place-spielset-grapat-2023-happy-place-kollektion","status":"publish","type":"product","link":"https:\/\/teiaeducation.ch\/de\/produkt\/happy-place-spielset-grapat-2023-happy-place-kollektion\/","title":{"rendered":"Happy place Spielset &#8211; Grapat 2023 Happy Place Kollektion"},"content":{"rendered":"<p>Das Spielset happy place aus der Grapat 2023 Happy Place Kollektion enth\u00e4lt 40 <a href=\"https:\/\/teiaeducation.ch\/de\/produkt-kategorie\/kinder-spielzeug\/baukloetze-aus-holz\/\">Baukl\u00f6tze aus Holz<\/a> in einer Vielzahl von geometrischen Formen und Farben. Baue deinen eigenen perfekten gl\u00fccklichen Ort, wo die Stadt selbst der Spielplatz ist!<\/p>\n<p>Dieses sch\u00f6ne happy place Spielset ist ein Fest der Kindheit, wo St\u00e4dte f\u00fcr Spa\u00df und Erkundung entworfen sind. Es hilft Kindern, sich in allen Lernphasen zurechtzufinden und eignen sich perfekt zum <a href=\"https:\/\/teiaeducation.ch\/de\/produkt-kategorie\/kinder-spielzeug\/stapelspielzeug\/\">Stapeln<\/a>, Zusammenstecken, <a href=\"https:\/\/teiaeducation.ch\/de\/produkt-kategorie\/kinder-spielzeug\/sortieren\/\">Farbzuordnen<\/a> und <a href=\"https:\/\/teiaeducation.ch\/de\/produkt-kategorie\/kinder-spielzeug\/spiele-mit-offenem-ende\/\">freien Spielen<\/a>. Happy place ist auch eine tolle Erg\u00e4nzung zum Geschichtenerz\u00e4hlen und zum Erschaffen von kleinen Welten.<\/p>\n<p>Das aus nat\u00fcrlichem Massivholz gefertigte Spielset happy place wurde teilweise in warmen und erdigen Farben mit ungiftigen Farben auf Wasserbasis bemalt. Jede Holzfigur ist glatt und angenehm anzufassen und mit nat\u00fcrlichem Bienenwachs veredelt. Die Gr\u00f6\u00dfen der Holzkl\u00f6tze variieren zwischen 2 und 15 cm.<\/p>\n<p>Das Grapat happy place Spielset ist f\u00fcr Kinder ab 36 Monaten geeignet.<\/p>\n<p>Inhalt:<\/p>\n<p>40 Holzteile<br \/>\nEine Schachtel zur Aufbewahrung<\/p>\n<h2>\u00dcber die Grapat Happy Place Kollektion<\/h2>\n<p>St\u00e4dte m\u00fcssen ein gl\u00fccklicher Ort sein, und nicht nur f\u00fcr Erwachsene. Kinder haben die gleichen Rechte wie wir, St\u00e4dte geh\u00f6ren auch ihnen. Wie w\u00e4re es also, wenn wir die Dinge \u00e4ndern?<br \/>\nWie w\u00e4re es, wenn wir jede Stadt auf der Welt auch zu ihrem gl\u00fccklichen Ort machen w\u00fcrden?<\/p>\n<p>Lasst uns f\u00fcr die Kindheit einstehen. Geben wir ihnen eine Stimme, die lauter ist als der Verkehr. Kinder, nehmt die Stadt ein!<\/p>\n<h2>\u00dcber Grapat<\/h2>\n<p>Die spanische Marke <a href=\"https:\/\/teiaeducation.ch\/de\/produkt-kategorie\/unsere-marken\/grapat-de\/\">Grapat<\/a>, inspiriert von der <a href=\"https:\/\/teiaeducation.ch\/de\/produkt-kategorie\/bildungsmethode\/waldorf-steiner-paedagogik\/\">Waldorfp\u00e4dagogik<\/a>, ist bekannt f\u00fcr ihr wundersch\u00f6nes Holzspielzeug mit offenem Ende, das freies und selbst\u00e4ndiges Spielen f\u00f6rdert. Die Grapat Philosophie basiert auf der Bereitstellung von Spielzeugen, die die Kinder ermutigen zur <a href=\"https:\/\/teiaeducation.ch\/de\/produkt-kategorie\/malen-basteln\/\">Kreativit\u00e4t<\/a> anregen, damit sie ihre eigenen Spiele und <a href=\"https:\/\/teiaeducation.ch\/de\/produkt-kategorie\/kinder-spielzeug\/phantasievoll-rollenspiel\/\">Fantasiewelten<\/a> erfinden k\u00f6nnen.<\/p>\n<p>Alle <a href=\"https:\/\/teiaeducation.ch\/de\/produkt-kategorie\/kinder-spielzeug\/handgefertigtes-holzspielzeug\/\">Holzspielzeuge<\/a> von Grapat werden in verschiedenen Werkst\u00e4tten in Katalonien, Spanien, nach traditionellen Verfahren aus Holz aus nachhaltiger Forstwirtschaft handgefertigt und von Hand mit Farben auf Wasserbasis bemalt. Die Grapat-Spielzeuge sind f\u00fcr Kleinkinder sicher, da sie ungiftig sind und den europ\u00e4ischen Sicherheitsvorschriften der Richtlinie EN \/ 71-3: 2014 + A1: 2014 \/ 2013 zur Sicherheit von Spielzeug entsprechen. Ein gro\u00dfer Teil der Grapat-Spielzeugkollektion tr\u00e4gt das renommierte Spielgut\u00ae-Siegel.<\/p>\n","protected":false},"excerpt":{"rendered":"<p>Artikelnummer: 23-246<\/p>\n<p>Das Spielset happy place aus der Grapat 2023 Happy Place Kollektion enth\u00e4lt 40 Baukl\u00f6tze aus Holz in einer Vielzahl von geometrischen Formen und Farben.<\/p>\n","protected":false},"featured_media":52574,"comment_status":"open","ping_status":"closed","template":"","meta":[],"product_brand":[],"product_cat":[21445,21446,21704,21690,21488,21484,21636,21637,23075,21443,21563,21678,21699,21564,22919],"product_tag":[24764,24765,24763],"class_list":{"0":"post-52618","1":"product","2":"type-product","3":"status-publish","4":"has-post-thumbnail","6":"product_cat-3-6-jahre-vorschule","7":"product_cat-6-12-jahre-grundschule","8":"product_cat-baukloetze-aus-holz","9":"product_cat-spiele-mit-offenem-ende","10":"product_cat-geschenk-guide-6-12-jahre-grundschule","11":"product_cat-geschenk-guides","12":"product_cat-grapat-de","13":"product_cat-grapat-komplett-sets","14":"product_cat-handgefertigtes-holzspielzeug","15":"product_cat-nach-alter","16":"product_cat-neuheiten","17":"product_cat-kinder-spielzeug","18":"product_cat-stapelspielzeug","19":"product_cat-unsere-marken","20":"product_cat-waldorfspielzeug","21":"product_tag-grapat-2023-kollektion","22":"product_tag-grapat-happy-place-de","23":"product_tag-grapat-happy-place-kollektion","25":"first","26":"outofstock","27":"taxable","28":"shipping-taxable","29":"purchasable","30":"product-type-simple"},"yoast_head":"<!-- This site is optimized with the Yoast SEO Premium plugin v25.8 (Yoast SEO v27.4) - https:\/\/yoast.com\/product\/yoast-seo-premium-wordpress\/ -->\n<title>Happy place Spielset - Grapat 2023 Happy Place Kollektion<\/title>\n<meta name=\"description\" content=\"Ein h\u00fcbsches Spielset aus der Grapat 2023 Happy Place Kollektion mit 40 Baukl\u00f6tze aus Holz in einer Vielzahl von geometrischen Formen und Farben.\" \/>\n<meta name=\"robots\" content=\"index, follow, max-snippet:-1, max-image-preview:large, max-video-preview:-1\" \/>\n<link rel=\"canonical\" href=\"https:\/\/teiaeducation.ch\/de\/produkt\/happy-place-spielset-grapat-2023-happy-place-kollektion\/\" \/>\n<meta property=\"og:locale\" content=\"de_DE\" \/>\n<meta property=\"og:type\" content=\"article\" \/>\n<meta property=\"og:title\" content=\"Happy place Spielset - Grapat 2023 Happy Place Kollektion\" \/>\n<meta property=\"og:description\" content=\"Ein h\u00fcbsches Spielset aus der Grapat 2023 Happy Place Kollektion mit 40 Baukl\u00f6tze aus Holz in einer Vielzahl von geometrischen Formen und Farben.\" \/>\n<meta property=\"og:url\" content=\"https:\/\/teiaeducation.ch\/de\/produkt\/happy-place-spielset-grapat-2023-happy-place-kollektion\/\" \/>\n<meta property=\"og:site_name\" content=\"Sustainable Educational Products &amp; Ecological Toys\u00a0\" \/>\n<meta property=\"article:publisher\" content=\"https:\/\/www.facebook.com\/teiaeducation\/\" \/>\n<meta property=\"article:modified_time\" content=\"2025-02-05T16:55:07+00:00\" \/>\n<meta property=\"og:image\" content=\"https:\/\/teiaeducation.ch\/wp-content\/uploads\/2023\/03\/Happy-place-play-set-Grapat-2023-Happy-Place-Collection-4-scaled-e1678971665852.jpg\" \/>\n\t<meta property=\"og:image:width\" content=\"1700\" \/>\n\t<meta property=\"og:image:height\" content=\"1133\" \/>\n\t<meta property=\"og:image:type\" content=\"image\/jpeg\" \/>\n<script type=\"application\/ld+json\" class=\"yoast-schema-graph\">{\"@context\":\"https:\\\/\\\/schema.org\",\"@graph\":[{\"@type\":\"WebPage\",\"@id\":\"https:\\\/\\\/teiaeducation.ch\\\/de\\\/produkt\\\/happy-place-spielset-grapat-2023-happy-place-kollektion\\\/\",\"url\":\"https:\\\/\\\/teiaeducation.ch\\\/de\\\/produkt\\\/happy-place-spielset-grapat-2023-happy-place-kollektion\\\/\",\"name\":\"Happy place Spielset - Grapat 2023 Happy Place Kollektion\",\"isPartOf\":{\"@id\":\"https:\\\/\\\/teiaeducation.ch\\\/de\\\/#website\"},\"primaryImageOfPage\":{\"@id\":\"https:\\\/\\\/teiaeducation.ch\\\/de\\\/produkt\\\/happy-place-spielset-grapat-2023-happy-place-kollektion\\\/#primaryimage\"},\"image\":{\"@id\":\"https:\\\/\\\/teiaeducation.ch\\\/de\\\/produkt\\\/happy-place-spielset-grapat-2023-happy-place-kollektion\\\/#primaryimage\"},\"thumbnailUrl\":\"https:\\\/\\\/teiaeducation.ch\\\/wp-content\\\/uploads\\\/2023\\\/03\\\/Happy-place-play-set-Grapat-2023-Happy-Place-Collection-4-scaled-e1678971665852.jpg\",\"datePublished\":\"2023-03-16T12:59:09+00:00\",\"dateModified\":\"2025-02-05T16:55:07+00:00\",\"description\":\"Ein h\u00fcbsches Spielset aus der Grapat 2023 Happy Place Kollektion mit 40 Baukl\u00f6tze aus Holz in einer Vielzahl von geometrischen Formen und Farben.\",\"breadcrumb\":{\"@id\":\"https:\\\/\\\/teiaeducation.ch\\\/de\\\/produkt\\\/happy-place-spielset-grapat-2023-happy-place-kollektion\\\/#breadcrumb\"},\"inLanguage\":\"de-CH\",\"potentialAction\":[{\"@type\":\"ReadAction\",\"target\":[\"https:\\\/\\\/teiaeducation.ch\\\/de\\\/produkt\\\/happy-place-spielset-grapat-2023-happy-place-kollektion\\\/\"]}]},{\"@type\":\"ImageObject\",\"inLanguage\":\"de-CH\",\"@id\":\"https:\\\/\\\/teiaeducation.ch\\\/de\\\/produkt\\\/happy-place-spielset-grapat-2023-happy-place-kollektion\\\/#primaryimage\",\"url\":\"https:\\\/\\\/teiaeducation.ch\\\/wp-content\\\/uploads\\\/2023\\\/03\\\/Happy-place-play-set-Grapat-2023-Happy-Place-Collection-4-scaled-e1678971665852.jpg\",\"contentUrl\":\"https:\\\/\\\/teiaeducation.ch\\\/wp-content\\\/uploads\\\/2023\\\/03\\\/Happy-place-play-set-Grapat-2023-Happy-Place-Collection-4-scaled-e1678971665852.jpg\",\"width\":1700,\"height\":1133,\"caption\":\"Happy place Spielset - Grapat 2023 Happy Place Kollektion\"},{\"@type\":\"BreadcrumbList\",\"@id\":\"https:\\\/\\\/teiaeducation.ch\\\/de\\\/produkt\\\/happy-place-spielset-grapat-2023-happy-place-kollektion\\\/#breadcrumb\",\"itemListElement\":[{\"@type\":\"ListItem\",\"position\":1,\"name\":\"Home\",\"item\":\"https:\\\/\\\/teiaeducation.ch\\\/de\\\/\"},{\"@type\":\"ListItem\",\"position\":2,\"name\":\"Laden\",\"item\":\"https:\\\/\\\/teiaeducation.ch\\\/de\\\/shop\\\/\"},{\"@type\":\"ListItem\",\"position\":3,\"name\":\"Unsere Marken\",\"item\":\"https:\\\/\\\/teiaeducation.ch\\\/de\\\/produkt-kategorie\\\/unsere-marken\\\/\"},{\"@type\":\"ListItem\",\"position\":4,\"name\":\"Grapat\",\"item\":\"https:\\\/\\\/teiaeducation.ch\\\/de\\\/produkt-kategorie\\\/unsere-marken\\\/grapat-de\\\/\"},{\"@type\":\"ListItem\",\"position\":5,\"name\":\"Grapat Komplett-Sets\",\"item\":\"https:\\\/\\\/teiaeducation.ch\\\/de\\\/produkt-kategorie\\\/unsere-marken\\\/grapat-de\\\/grapat-komplett-sets\\\/\"},{\"@type\":\"ListItem\",\"position\":6,\"name\":\"Happy place Spielset &#8211; Grapat 2023 Happy Place Kollektion\"}]},{\"@type\":\"WebSite\",\"@id\":\"https:\\\/\\\/teiaeducation.ch\\\/de\\\/#website\",\"url\":\"https:\\\/\\\/teiaeducation.ch\\\/de\\\/\",\"name\":\"Sustainable Educational Products &amp; Ecological Toys\u00a0\",\"description\":\"Specialised Swiss shop selling sustainable educational toys and games, AMI certified Montessori materials, handmade ecological wooden Waldorf toys and arts &amp; crafts supplies, school supplies, children&#039;s furniture and Montessori reference and parenting books.\",\"publisher\":{\"@id\":\"https:\\\/\\\/teiaeducation.ch\\\/de\\\/#organization\"},\"alternateName\":\"Teia Education & Play\",\"potentialAction\":[{\"@type\":\"SearchAction\",\"target\":{\"@type\":\"EntryPoint\",\"urlTemplate\":\"https:\\\/\\\/teiaeducation.ch\\\/de\\\/?s={search_term_string}\"},\"query-input\":{\"@type\":\"PropertyValueSpecification\",\"valueRequired\":true,\"valueName\":\"search_term_string\"}}],\"inLanguage\":\"de-CH\"},{\"@type\":\"Organization\",\"@id\":\"https:\\\/\\\/teiaeducation.ch\\\/de\\\/#organization\",\"name\":\"Teia Education & Play\",\"url\":\"https:\\\/\\\/teiaeducation.ch\\\/de\\\/\",\"logo\":{\"@type\":\"ImageObject\",\"inLanguage\":\"de-CH\",\"@id\":\"https:\\\/\\\/teiaeducation.ch\\\/de\\\/#\\\/schema\\\/logo\\\/image\\\/\",\"url\":\"https:\\\/\\\/teiaeducation.ch\\\/wp-content\\\/uploads\\\/2020\\\/11\\\/Teia-Education-Switzerland-e1620156442216.jpg\",\"contentUrl\":\"https:\\\/\\\/teiaeducation.ch\\\/wp-content\\\/uploads\\\/2020\\\/11\\\/Teia-Education-Switzerland-e1620156442216.jpg\",\"width\":166,\"height\":145,\"caption\":\"Teia Education & Play\"},\"image\":{\"@id\":\"https:\\\/\\\/teiaeducation.ch\\\/de\\\/#\\\/schema\\\/logo\\\/image\\\/\"},\"sameAs\":[\"https:\\\/\\\/www.facebook.com\\\/teiaeducation\\\/\",\"https:\\\/\\\/x.com\\\/EducationTeia\",\"https:\\\/\\\/www.instagram.com\\\/teia.education\\\/\",\"https:\\\/\\\/www.linkedin.com\\\/company\\\/35501660\",\"https:\\\/\\\/www.pinterest.ch\\\/TeiaEducation\\\/\"]}]}<\/script>\n<meta property=\"product:price:amount\" content=\"65.15\" \/>\n<meta property=\"product:price:currency\" content=\"CHF\" \/>\n<meta property=\"og:availability\" content=\"out of stock\" \/>\n<meta property=\"product:availability\" content=\"out of stock\" \/>\n<meta property=\"product:condition\" content=\"new\" \/>\n<!-- \/ Yoast SEO Premium plugin. -->","yoast_head_json":{"title":"Happy place Spielset - Grapat 2023 Happy Place Kollektion","description":"Ein h\u00fcbsches Spielset aus der Grapat 2023 Happy Place Kollektion mit 40 Baukl\u00f6tze aus Holz in einer Vielzahl von geometrischen Formen und Farben.","robots":{"index":"index","follow":"follow","max-snippet":"max-snippet:-1","max-image-preview":"max-image-preview:large","max-video-preview":"max-video-preview:-1"},"canonical":"https:\/\/teiaeducation.ch\/de\/produkt\/happy-place-spielset-grapat-2023-happy-place-kollektion\/","og_locale":"de_DE","og_type":"article","og_title":"Happy place Spielset - Grapat 2023 Happy Place Kollektion","og_description":"Ein h\u00fcbsches Spielset aus der Grapat 2023 Happy Place Kollektion mit 40 Baukl\u00f6tze aus Holz in einer Vielzahl von geometrischen Formen und Farben.","og_url":"https:\/\/teiaeducation.ch\/de\/produkt\/happy-place-spielset-grapat-2023-happy-place-kollektion\/","og_site_name":"Sustainable Educational Products &amp; Ecological Toys\u00a0","article_publisher":"https:\/\/www.facebook.com\/teiaeducation\/","article_modified_time":"2025-02-05T16:55:07+00:00","og_image":[{"width":1700,"height":1133,"url":"https:\/\/teiaeducation.ch\/wp-content\/uploads\/2023\/03\/Happy-place-play-set-Grapat-2023-Happy-Place-Collection-4-scaled-e1678971665852.jpg","type":"image\/jpeg"}],"schema":{"@context":"https:\/\/schema.org","@graph":[{"@type":"WebPage","@id":"https:\/\/teiaeducation.ch\/de\/produkt\/happy-place-spielset-grapat-2023-happy-place-kollektion\/","url":"https:\/\/teiaeducation.ch\/de\/produkt\/happy-place-spielset-grapat-2023-happy-place-kollektion\/","name":"Happy place Spielset - Grapat 2023 Happy Place Kollektion","isPartOf":{"@id":"https:\/\/teiaeducation.ch\/de\/#website"},"primaryImageOfPage":{"@id":"https:\/\/teiaeducation.ch\/de\/produkt\/happy-place-spielset-grapat-2023-happy-place-kollektion\/#primaryimage"},"image":{"@id":"https:\/\/teiaeducation.ch\/de\/produkt\/happy-place-spielset-grapat-2023-happy-place-kollektion\/#primaryimage"},"thumbnailUrl":"https:\/\/teiaeducation.ch\/wp-content\/uploads\/2023\/03\/Happy-place-play-set-Grapat-2023-Happy-Place-Collection-4-scaled-e1678971665852.jpg","datePublished":"2023-03-16T12:59:09+00:00","dateModified":"2025-02-05T16:55:07+00:00","description":"Ein h\u00fcbsches Spielset aus der Grapat 2023 Happy Place Kollektion mit 40 Baukl\u00f6tze aus Holz in einer Vielzahl von geometrischen Formen und Farben.","breadcrumb":{"@id":"https:\/\/teiaeducation.ch\/de\/produkt\/happy-place-spielset-grapat-2023-happy-place-kollektion\/#breadcrumb"},"inLanguage":"de-CH","potentialAction":[{"@type":"ReadAction","target":["https:\/\/teiaeducation.ch\/de\/produkt\/happy-place-spielset-grapat-2023-happy-place-kollektion\/"]}]},{"@type":"ImageObject","inLanguage":"de-CH","@id":"https:\/\/teiaeducation.ch\/de\/produkt\/happy-place-spielset-grapat-2023-happy-place-kollektion\/#primaryimage","url":"https:\/\/teiaeducation.ch\/wp-content\/uploads\/2023\/03\/Happy-place-play-set-Grapat-2023-Happy-Place-Collection-4-scaled-e1678971665852.jpg","contentUrl":"https:\/\/teiaeducation.ch\/wp-content\/uploads\/2023\/03\/Happy-place-play-set-Grapat-2023-Happy-Place-Collection-4-scaled-e1678971665852.jpg","width":1700,"height":1133,"caption":"Happy place Spielset - Grapat 2023 Happy Place Kollektion"},{"@type":"BreadcrumbList","@id":"https:\/\/teiaeducation.ch\/de\/produkt\/happy-place-spielset-grapat-2023-happy-place-kollektion\/#breadcrumb","itemListElement":[{"@type":"ListItem","position":1,"name":"Home","item":"https:\/\/teiaeducation.ch\/de\/"},{"@type":"ListItem","position":2,"name":"Laden","item":"https:\/\/teiaeducation.ch\/de\/shop\/"},{"@type":"ListItem","position":3,"name":"Unsere Marken","item":"https:\/\/teiaeducation.ch\/de\/produkt-kategorie\/unsere-marken\/"},{"@type":"ListItem","position":4,"name":"Grapat","item":"https:\/\/teiaeducation.ch\/de\/produkt-kategorie\/unsere-marken\/grapat-de\/"},{"@type":"ListItem","position":5,"name":"Grapat Komplett-Sets","item":"https:\/\/teiaeducation.ch\/de\/produkt-kategorie\/unsere-marken\/grapat-de\/grapat-komplett-sets\/"},{"@type":"ListItem","position":6,"name":"Happy place Spielset &#8211; Grapat 2023 Happy Place Kollektion"}]},{"@type":"WebSite","@id":"https:\/\/teiaeducation.ch\/de\/#website","url":"https:\/\/teiaeducation.ch\/de\/","name":"Sustainable Educational Products &amp; Ecological Toys\u00a0","description":"Specialised Swiss shop selling sustainable educational toys and games, AMI certified Montessori materials, handmade ecological wooden Waldorf toys and arts &amp; crafts supplies, school supplies, children&#039;s furniture and Montessori reference and parenting books.","publisher":{"@id":"https:\/\/teiaeducation.ch\/de\/#organization"},"alternateName":"Teia Education & Play","potentialAction":[{"@type":"SearchAction","target":{"@type":"EntryPoint","urlTemplate":"https:\/\/teiaeducation.ch\/de\/?s={search_term_string}"},"query-input":{"@type":"PropertyValueSpecification","valueRequired":true,"valueName":"search_term_string"}}],"inLanguage":"de-CH"},{"@type":"Organization","@id":"https:\/\/teiaeducation.ch\/de\/#organization","name":"Teia Education & Play","url":"https:\/\/teiaeducation.ch\/de\/","logo":{"@type":"ImageObject","inLanguage":"de-CH","@id":"https:\/\/teiaeducation.ch\/de\/#\/schema\/logo\/image\/","url":"https:\/\/teiaeducation.ch\/wp-content\/uploads\/2020\/11\/Teia-Education-Switzerland-e1620156442216.jpg","contentUrl":"https:\/\/teiaeducation.ch\/wp-content\/uploads\/2020\/11\/Teia-Education-Switzerland-e1620156442216.jpg","width":166,"height":145,"caption":"Teia Education & Play"},"image":{"@id":"https:\/\/teiaeducation.ch\/de\/#\/schema\/logo\/image\/"},"sameAs":["https:\/\/www.facebook.com\/teiaeducation\/","https:\/\/x.com\/EducationTeia","https:\/\/www.instagram.com\/teia.education\/","https:\/\/www.linkedin.com\/company\/35501660","https:\/\/www.pinterest.ch\/TeiaEducation\/"]}]},"product_price_amount":"65.15","product_price_currency":"CHF","og_availability":"out of stock","product_availability":"out of stock","product_condition":"new"},"_links":{"self":[{"href":"https:\/\/teiaeducation.ch\/de\/wp-json\/wp\/v2\/product\/52618","targetHints":{"allow":["GET"]}}],"collection":[{"href":"https:\/\/teiaeducation.ch\/de\/wp-json\/wp\/v2\/product"}],"about":[{"href":"https:\/\/teiaeducation.ch\/de\/wp-json\/wp\/v2\/types\/product"}],"replies":[{"embeddable":true,"href":"https:\/\/teiaeducation.ch\/de\/wp-json\/wp\/v2\/comments?post=52618"}],"wp:featuredmedia":[{"embeddable":true,"href":"https:\/\/teiaeducation.ch\/de\/wp-json\/wp\/v2\/media\/52574"}],"wp:attachment":[{"href":"https:\/\/teiaeducation.ch\/de\/wp-json\/wp\/v2\/media?parent=52618"}],"wp:term":[{"taxonomy":"product_brand","embeddable":true,"href":"https:\/\/teiaeducation.ch\/de\/wp-json\/wp\/v2\/product_brand?post=52618"},{"taxonomy":"product_cat","embeddable":true,"href":"https:\/\/teiaeducation.ch\/de\/wp-json\/wp\/v2\/product_cat?post=52618"},{"taxonomy":"product_tag","embeddable":true,"href":"https:\/\/teiaeducation.ch\/de\/wp-json\/wp\/v2\/product_tag?post=52618"}],"curies":[{"name":"wp","href":"https:\/\/api.w.org\/{rel}","templated":true}]}}