{"id":52619,"date":"2023-03-16T13:05:07","date_gmt":"2023-03-16T12:05:07","guid":{"rendered":"https:\/\/teiaeducation.ch\/product\/mandala-regenbogen-blumen-grapat-2023-happy-place-collection\/"},"modified":"2024-12-10T16:08:22","modified_gmt":"2024-12-10T15:08:22","slug":"mandala-regenbogen-blumen-grapat-2023-happy-place-kollektion","status":"publish","type":"product","link":"https:\/\/teiaeducation.ch\/de\/produkt\/mandala-regenbogen-blumen-grapat-2023-happy-place-kollektion\/","title":{"rendered":"Mandala Regenbogen Blumen &#8211; Grapat 2023 Happy Place Collection"},"content":{"rendered":"<p>Das Mandala Regenbogen Blumen Spielzeugset aus der Grapat 2023 Happy Place Kollektion enth\u00e4lt 12 Sets mit 3 Holzspielzeug Blumen in sch\u00f6nen hellen und pastelligen Farben des Regenbogens.<\/p>\n<p>Sie sind eine \u00fcberarbeitete Version der klassischen <a href=\"https:\/\/teiaeducation.ch\/product\/mandala-pink-flowers-grapat\/\">rosa Mandala Blumen<\/a> in den 12 Grapat Grundfarben.<\/p>\n<p><a href=\"https:\/\/teiaeducation.ch\/de\/produkt-kategorie\/unsere-marken\/grapat-de\/grapat-mandalas-lose-teile\/\">Grapat Mandalas<\/a> sind kleine Teile, die einzeln im Spiel mit losen Teilen oder als Elemente in Erg\u00e4nzung zu anderen kleinen Weltspielzeugen oder Baus\u00e4tzen f\u00fcr Kinder ab 3 Jahren verwendet werden k\u00f6nnen. Mandalas laden Kinder zum Gestalten ein, und als beliebte Form der Meditation sind sie auch eine gute M\u00f6glichkeit, die Achtsamkeit zu steigern, die Konzentration zu verbessern und die <a href=\"https:\/\/teiaeducation.ch\/de\/produkt-kategorie\/lernthemen\/sensorische-motorische-fertigkeiten\/motorische-fertigkeiten\/\">motorischen F\u00e4higkeiten<\/a> zu verfeinern.<\/p>\n<p>Sie k\u00f6nnen auch verwendet werden, um das symbolische Spiel zu bereichern oder um das <a href=\"https:\/\/teiaeducation.ch\/de\/produkt-kategorie\/lernthemen\/mathematik-rechnen\/zaehlen\/\">Z\u00e4hlen<\/a> und <a href=\"https:\/\/teiaeducation.ch\/de\/produkt-kategorie\/kinder-spielzeug\/sortieren\/\">Sortieren<\/a> zu \u00fcben. Diese entz\u00fcckenden kleinen Holzspielzeuge eignen sich auch hervorragend f\u00fcr Rollenspiele, um <a href=\"https:\/\/teiaeducation.ch\/product-category\/play\/realistic-wooden-play-food\/\">Essen<\/a> zum Kochen vorzut\u00e4uschen, f\u00fcr einen Marktstand oder auf <a href=\"https:\/\/teiaeducation.ch\/de\/produkt-kategorie\/feier-festlichkeiten\/natur-saisonale-tische-de\/\">Waldorf-Jahreszeiten- und Naturtischen<\/a> mit Gegenst\u00e4nden, die auf Naturwanderungen gefunden wurden.<\/p>\n<p>Die taktilen und <a href=\"https:\/\/teiaeducation.ch\/de\/produkt-kategorie\/lernthemen\/sensorische-motorische-fertigkeiten\/farbe-lernen\/\">farbenfrohen<\/a> Regenbogen Blumen sind jeweils ca. 3 cm gro\u00df und werden komplett aus Holz hergestellt und von Hand bemalt. Jede Holzfigur ist glatt und angenehm anzufassen und mit nat\u00fcrlichem Bienenwachs veredelt.<\/p>\n<p>Das Grapat Mandala Regenbogen Blumen Set ist f\u00fcr Kinder ab 36 Monaten geeignet.<\/p>\n<p>Inhalt:<\/p>\n<p>36 Holzteile<br \/>\nEine Schachtel zur Aufbewahrung<\/p>\n<h2>\u00dcber die Grapat Happy Place Kollektion<\/h2>\n<p>St\u00e4dte m\u00fcssen ein gl\u00fccklicher Ort sein, und nicht nur f\u00fcr Erwachsene. Kinder haben die gleichen Rechte wie wir, St\u00e4dte geh\u00f6ren auch ihnen. Wie w\u00e4re es also, wenn wir die Dinge \u00e4ndern?<br \/>\nWie w\u00e4re es, wenn wir jede Stadt auf der Welt auch zu ihrem gl\u00fccklichen Ort machen w\u00fcrden?<\/p>\n<p>Lasst uns f\u00fcr die Kindheit einstehen. Geben wir ihnen eine Stimme, die lauter ist als der Verkehr. Kinder, nehmt die Stadt ein!<\/p>\n<h2>\u00dcber Grapat<\/h2>\n<p>Die spanische Marke <a href=\"https:\/\/teiaeducation.ch\/de\/produkt-kategorie\/unsere-marken\/grapat-de\/\">Grapat<\/a>, inspiriert von der <a href=\"https:\/\/teiaeducation.ch\/de\/produkt-kategorie\/bildungsmethode\/waldorf-steiner-paedagogik\/\">Waldorfp\u00e4dagogik<\/a>, ist bekannt f\u00fcr ihr wundersch\u00f6nes Holzspielzeug mit offenem Ende, das freies und selbst\u00e4ndiges Spielen f\u00f6rdert. Die Grapat Philosophie basiert auf der Bereitstellung von Spielzeugen, die die Kinder ermutigen zur <a href=\"https:\/\/teiaeducation.ch\/de\/produkt-kategorie\/malen-basteln\/\">Kreativit\u00e4t<\/a> anregen, damit sie ihre eigenen Spiele und <a href=\"https:\/\/teiaeducation.ch\/de\/produkt-kategorie\/kinder-spielzeug\/phantasievoll-rollenspiel\/\">Fantasiewelten<\/a> erfinden k\u00f6nnen.<\/p>\n<p>Alle <a href=\"https:\/\/teiaeducation.ch\/de\/produkt-kategorie\/kinder-spielzeug\/handgefertigtes-holzspielzeug\/\">Holzspielzeuge<\/a> von Grapat werden in verschiedenen Werkst\u00e4tten in Katalonien, Spanien, nach traditionellen Verfahren aus Holz aus nachhaltiger Forstwirtschaft handgefertigt und von Hand mit Farben auf Wasserbasis bemalt. Die Grapat-Spielzeuge sind f\u00fcr Kleinkinder sicher, da sie ungiftig sind und den europ\u00e4ischen Sicherheitsvorschriften der Richtlinie EN \/ 71-3: 2014 + A1: 2014 \/ 2013 zur Sicherheit von Spielzeug entsprechen. Ein gro\u00dfer Teil der Grapat-Spielzeugkollektion tr\u00e4gt das renommierte Spielgut\u00ae-Siegel.<\/p>\n","protected":false},"excerpt":{"rendered":"<p>Artikelnummer: 23-251<\/p>\n<p>Die Mandala Regenbogen Blumen aus der Grapat 2023 Happy Place Kollektion sind eine \u00fcberarbeitete Version der klassischen rosa Mandala Blumen.<\/p>\n","protected":false},"featured_media":52558,"comment_status":"open","ping_status":"closed","template":"","meta":[],"product_brand":[],"product_cat":[21445,21446,21690,21484,22422,21636,21639,23075,21464,21706,21443,21689,21563,22362,21697,21678,21564,22919],"product_tag":[24764,24765,24763,24776,24778,24777,24779,24780],"class_list":{"0":"post-52619","1":"product","2":"type-product","3":"status-publish","4":"has-post-thumbnail","6":"product_cat-3-6-jahre-vorschule","7":"product_cat-6-12-jahre-grundschule","8":"product_cat-spiele-mit-offenem-ende","9":"product_cat-geschenk-guides","10":"product_cat-geschenke-fuer-das-osterkoerbchen","11":"product_cat-grapat-de","12":"product_cat-grapat-mandalas-lose-teile","13":"product_cat-handgefertigtes-holzspielzeug","14":"product_cat-herbstkollektion","15":"product_cat-holz-mandalas","16":"product_cat-nach-alter","17":"product_cat-naturspiel","18":"product_cat-neuheiten","19":"product_cat-saisonale-kollektionen","20":"product_cat-sortieren","21":"product_cat-kinder-spielzeug","22":"product_cat-unsere-marken","23":"product_cat-waldorfspielzeug","24":"product_tag-grapat-2023-kollektion","25":"product_tag-grapat-happy-place-de","26":"product_tag-grapat-happy-place-kollektion","27":"product_tag-grapat-mandalas-de","28":"product_tag-grapat-regenbogen-blumen","29":"product_tag-mandala-herbst-grapat","30":"product_tag-mandala-regenbogen-blumen-grapat","31":"product_tag-mandala-regenbogen-blumen-grapat-2023-happy-place-collection","33":"first","34":"outofstock","35":"taxable","36":"shipping-taxable","37":"purchasable","38":"product-type-simple"},"yoast_head":"<!-- This site is optimized with the Yoast SEO Premium plugin v25.8 (Yoast SEO v27.4) - https:\/\/yoast.com\/product\/yoast-seo-premium-wordpress\/ -->\n<title>Mandala Regenbogen Blumen Grapat 2023 Happy Place Kollektion<\/title>\n<meta name=\"description\" content=\"Die Mandala Regenbogen Blumen aus der Grapat 2023 Happy Place Kollektion sind eine \u00fcberarbeitete Version der klassischen rosa Mandala Blumen.\" \/>\n<meta name=\"robots\" content=\"index, follow, max-snippet:-1, max-image-preview:large, max-video-preview:-1\" \/>\n<link rel=\"canonical\" href=\"https:\/\/teiaeducation.ch\/de\/produkt\/mandala-regenbogen-blumen-grapat-2023-happy-place-kollektion\/\" \/>\n<meta property=\"og:locale\" content=\"de_DE\" \/>\n<meta property=\"og:type\" content=\"article\" \/>\n<meta property=\"og:title\" content=\"Mandala Regenbogen Blumen - Grapat 2023 Happy Place Collection\" \/>\n<meta property=\"og:description\" content=\"Die Mandala Regenbogen Blumen aus der Grapat 2023 Happy Place Kollektion sind eine \u00fcberarbeitete Version der klassischen rosa Mandala Blumen.\" \/>\n<meta property=\"og:url\" content=\"https:\/\/teiaeducation.ch\/de\/produkt\/mandala-regenbogen-blumen-grapat-2023-happy-place-kollektion\/\" \/>\n<meta property=\"og:site_name\" content=\"Sustainable Educational Products &amp; Ecological Toys\u00a0\" \/>\n<meta property=\"article:publisher\" content=\"https:\/\/www.facebook.com\/teiaeducation\/\" \/>\n<meta property=\"article:modified_time\" content=\"2024-12-10T15:08:22+00:00\" \/>\n<meta property=\"og:image\" content=\"https:\/\/teiaeducation.ch\/wp-content\/uploads\/2023\/03\/Mandala-rainbow-flowers-Grapat-2023-Happy-Place-Collection-4-scaled-e1678969248901.jpg\" \/>\n\t<meta property=\"og:image:width\" content=\"1700\" \/>\n\t<meta property=\"og:image:height\" content=\"1133\" \/>\n\t<meta property=\"og:image:type\" content=\"image\/jpeg\" \/>\n<script type=\"application\/ld+json\" class=\"yoast-schema-graph\">{\"@context\":\"https:\\\/\\\/schema.org\",\"@graph\":[{\"@type\":\"WebPage\",\"@id\":\"https:\\\/\\\/teiaeducation.ch\\\/de\\\/produkt\\\/mandala-regenbogen-blumen-grapat-2023-happy-place-kollektion\\\/\",\"url\":\"https:\\\/\\\/teiaeducation.ch\\\/de\\\/produkt\\\/mandala-regenbogen-blumen-grapat-2023-happy-place-kollektion\\\/\",\"name\":\"Mandala Regenbogen Blumen Grapat 2023 Happy Place Kollektion\",\"isPartOf\":{\"@id\":\"https:\\\/\\\/teiaeducation.ch\\\/de\\\/#website\"},\"primaryImageOfPage\":{\"@id\":\"https:\\\/\\\/teiaeducation.ch\\\/de\\\/produkt\\\/mandala-regenbogen-blumen-grapat-2023-happy-place-kollektion\\\/#primaryimage\"},\"image\":{\"@id\":\"https:\\\/\\\/teiaeducation.ch\\\/de\\\/produkt\\\/mandala-regenbogen-blumen-grapat-2023-happy-place-kollektion\\\/#primaryimage\"},\"thumbnailUrl\":\"https:\\\/\\\/teiaeducation.ch\\\/wp-content\\\/uploads\\\/2023\\\/03\\\/Mandala-rainbow-flowers-Grapat-2023-Happy-Place-Collection-4-scaled-e1678969248901.jpg\",\"datePublished\":\"2023-03-16T12:05:07+00:00\",\"dateModified\":\"2024-12-10T15:08:22+00:00\",\"description\":\"Die Mandala Regenbogen Blumen aus der Grapat 2023 Happy Place Kollektion sind eine \u00fcberarbeitete Version der klassischen rosa Mandala Blumen.\",\"breadcrumb\":{\"@id\":\"https:\\\/\\\/teiaeducation.ch\\\/de\\\/produkt\\\/mandala-regenbogen-blumen-grapat-2023-happy-place-kollektion\\\/#breadcrumb\"},\"inLanguage\":\"de-CH\",\"potentialAction\":[{\"@type\":\"ReadAction\",\"target\":[\"https:\\\/\\\/teiaeducation.ch\\\/de\\\/produkt\\\/mandala-regenbogen-blumen-grapat-2023-happy-place-kollektion\\\/\"]}]},{\"@type\":\"ImageObject\",\"inLanguage\":\"de-CH\",\"@id\":\"https:\\\/\\\/teiaeducation.ch\\\/de\\\/produkt\\\/mandala-regenbogen-blumen-grapat-2023-happy-place-kollektion\\\/#primaryimage\",\"url\":\"https:\\\/\\\/teiaeducation.ch\\\/wp-content\\\/uploads\\\/2023\\\/03\\\/Mandala-rainbow-flowers-Grapat-2023-Happy-Place-Collection-4-scaled-e1678969248901.jpg\",\"contentUrl\":\"https:\\\/\\\/teiaeducation.ch\\\/wp-content\\\/uploads\\\/2023\\\/03\\\/Mandala-rainbow-flowers-Grapat-2023-Happy-Place-Collection-4-scaled-e1678969248901.jpg\",\"width\":1700,\"height\":1133,\"caption\":\"Mandala Regenbogen Blumen Grapat 2023 Happy Place Collection\"},{\"@type\":\"BreadcrumbList\",\"@id\":\"https:\\\/\\\/teiaeducation.ch\\\/de\\\/produkt\\\/mandala-regenbogen-blumen-grapat-2023-happy-place-kollektion\\\/#breadcrumb\",\"itemListElement\":[{\"@type\":\"ListItem\",\"position\":1,\"name\":\"Home\",\"item\":\"https:\\\/\\\/teiaeducation.ch\\\/de\\\/\"},{\"@type\":\"ListItem\",\"position\":2,\"name\":\"Laden\",\"item\":\"https:\\\/\\\/teiaeducation.ch\\\/de\\\/shop\\\/\"},{\"@type\":\"ListItem\",\"position\":3,\"name\":\"Unsere Marken\",\"item\":\"https:\\\/\\\/teiaeducation.ch\\\/de\\\/produkt-kategorie\\\/unsere-marken\\\/\"},{\"@type\":\"ListItem\",\"position\":4,\"name\":\"Grapat\",\"item\":\"https:\\\/\\\/teiaeducation.ch\\\/de\\\/produkt-kategorie\\\/unsere-marken\\\/grapat-de\\\/\"},{\"@type\":\"ListItem\",\"position\":5,\"name\":\"Grapat Mandalas &amp; Lose Teile\",\"item\":\"https:\\\/\\\/teiaeducation.ch\\\/de\\\/produkt-kategorie\\\/unsere-marken\\\/grapat-de\\\/grapat-mandalas-lose-teile\\\/\"},{\"@type\":\"ListItem\",\"position\":6,\"name\":\"Mandala Regenbogen Blumen &#8211; Grapat 2023 Happy Place Collection\"}]},{\"@type\":\"WebSite\",\"@id\":\"https:\\\/\\\/teiaeducation.ch\\\/de\\\/#website\",\"url\":\"https:\\\/\\\/teiaeducation.ch\\\/de\\\/\",\"name\":\"Sustainable Educational Products &amp; Ecological Toys\u00a0\",\"description\":\"Specialised Swiss shop selling sustainable educational toys and games, AMI certified Montessori materials, handmade ecological wooden Waldorf toys and arts &amp; crafts supplies, school supplies, children&#039;s furniture and Montessori reference and parenting books.\",\"publisher\":{\"@id\":\"https:\\\/\\\/teiaeducation.ch\\\/de\\\/#organization\"},\"alternateName\":\"Teia Education & Play\",\"potentialAction\":[{\"@type\":\"SearchAction\",\"target\":{\"@type\":\"EntryPoint\",\"urlTemplate\":\"https:\\\/\\\/teiaeducation.ch\\\/de\\\/?s={search_term_string}\"},\"query-input\":{\"@type\":\"PropertyValueSpecification\",\"valueRequired\":true,\"valueName\":\"search_term_string\"}}],\"inLanguage\":\"de-CH\"},{\"@type\":\"Organization\",\"@id\":\"https:\\\/\\\/teiaeducation.ch\\\/de\\\/#organization\",\"name\":\"Teia Education & Play\",\"url\":\"https:\\\/\\\/teiaeducation.ch\\\/de\\\/\",\"logo\":{\"@type\":\"ImageObject\",\"inLanguage\":\"de-CH\",\"@id\":\"https:\\\/\\\/teiaeducation.ch\\\/de\\\/#\\\/schema\\\/logo\\\/image\\\/\",\"url\":\"https:\\\/\\\/teiaeducation.ch\\\/wp-content\\\/uploads\\\/2020\\\/11\\\/Teia-Education-Switzerland-e1620156442216.jpg\",\"contentUrl\":\"https:\\\/\\\/teiaeducation.ch\\\/wp-content\\\/uploads\\\/2020\\\/11\\\/Teia-Education-Switzerland-e1620156442216.jpg\",\"width\":166,\"height\":145,\"caption\":\"Teia Education & Play\"},\"image\":{\"@id\":\"https:\\\/\\\/teiaeducation.ch\\\/de\\\/#\\\/schema\\\/logo\\\/image\\\/\"},\"sameAs\":[\"https:\\\/\\\/www.facebook.com\\\/teiaeducation\\\/\",\"https:\\\/\\\/x.com\\\/EducationTeia\",\"https:\\\/\\\/www.instagram.com\\\/teia.education\\\/\",\"https:\\\/\\\/www.linkedin.com\\\/company\\\/35501660\",\"https:\\\/\\\/www.pinterest.ch\\\/TeiaEducation\\\/\"]}]}<\/script>\n<meta property=\"product:price:amount\" content=\"18.00\" \/>\n<meta property=\"product:price:currency\" content=\"CHF\" \/>\n<meta property=\"og:availability\" content=\"out of stock\" \/>\n<meta property=\"product:availability\" content=\"out of stock\" \/>\n<meta property=\"product:condition\" content=\"new\" \/>\n<!-- \/ Yoast SEO Premium plugin. -->","yoast_head_json":{"title":"Mandala Regenbogen Blumen Grapat 2023 Happy Place Kollektion","description":"Die Mandala Regenbogen Blumen aus der Grapat 2023 Happy Place Kollektion sind eine \u00fcberarbeitete Version der klassischen rosa Mandala Blumen.","robots":{"index":"index","follow":"follow","max-snippet":"max-snippet:-1","max-image-preview":"max-image-preview:large","max-video-preview":"max-video-preview:-1"},"canonical":"https:\/\/teiaeducation.ch\/de\/produkt\/mandala-regenbogen-blumen-grapat-2023-happy-place-kollektion\/","og_locale":"de_DE","og_type":"article","og_title":"Mandala Regenbogen Blumen - Grapat 2023 Happy Place Collection","og_description":"Die Mandala Regenbogen Blumen aus der Grapat 2023 Happy Place Kollektion sind eine \u00fcberarbeitete Version der klassischen rosa Mandala Blumen.","og_url":"https:\/\/teiaeducation.ch\/de\/produkt\/mandala-regenbogen-blumen-grapat-2023-happy-place-kollektion\/","og_site_name":"Sustainable Educational Products &amp; Ecological Toys\u00a0","article_publisher":"https:\/\/www.facebook.com\/teiaeducation\/","article_modified_time":"2024-12-10T15:08:22+00:00","og_image":[{"width":1700,"height":1133,"url":"https:\/\/teiaeducation.ch\/wp-content\/uploads\/2023\/03\/Mandala-rainbow-flowers-Grapat-2023-Happy-Place-Collection-4-scaled-e1678969248901.jpg","type":"image\/jpeg"}],"schema":{"@context":"https:\/\/schema.org","@graph":[{"@type":"WebPage","@id":"https:\/\/teiaeducation.ch\/de\/produkt\/mandala-regenbogen-blumen-grapat-2023-happy-place-kollektion\/","url":"https:\/\/teiaeducation.ch\/de\/produkt\/mandala-regenbogen-blumen-grapat-2023-happy-place-kollektion\/","name":"Mandala Regenbogen Blumen Grapat 2023 Happy Place Kollektion","isPartOf":{"@id":"https:\/\/teiaeducation.ch\/de\/#website"},"primaryImageOfPage":{"@id":"https:\/\/teiaeducation.ch\/de\/produkt\/mandala-regenbogen-blumen-grapat-2023-happy-place-kollektion\/#primaryimage"},"image":{"@id":"https:\/\/teiaeducation.ch\/de\/produkt\/mandala-regenbogen-blumen-grapat-2023-happy-place-kollektion\/#primaryimage"},"thumbnailUrl":"https:\/\/teiaeducation.ch\/wp-content\/uploads\/2023\/03\/Mandala-rainbow-flowers-Grapat-2023-Happy-Place-Collection-4-scaled-e1678969248901.jpg","datePublished":"2023-03-16T12:05:07+00:00","dateModified":"2024-12-10T15:08:22+00:00","description":"Die Mandala Regenbogen Blumen aus der Grapat 2023 Happy Place Kollektion sind eine \u00fcberarbeitete Version der klassischen rosa Mandala Blumen.","breadcrumb":{"@id":"https:\/\/teiaeducation.ch\/de\/produkt\/mandala-regenbogen-blumen-grapat-2023-happy-place-kollektion\/#breadcrumb"},"inLanguage":"de-CH","potentialAction":[{"@type":"ReadAction","target":["https:\/\/teiaeducation.ch\/de\/produkt\/mandala-regenbogen-blumen-grapat-2023-happy-place-kollektion\/"]}]},{"@type":"ImageObject","inLanguage":"de-CH","@id":"https:\/\/teiaeducation.ch\/de\/produkt\/mandala-regenbogen-blumen-grapat-2023-happy-place-kollektion\/#primaryimage","url":"https:\/\/teiaeducation.ch\/wp-content\/uploads\/2023\/03\/Mandala-rainbow-flowers-Grapat-2023-Happy-Place-Collection-4-scaled-e1678969248901.jpg","contentUrl":"https:\/\/teiaeducation.ch\/wp-content\/uploads\/2023\/03\/Mandala-rainbow-flowers-Grapat-2023-Happy-Place-Collection-4-scaled-e1678969248901.jpg","width":1700,"height":1133,"caption":"Mandala Regenbogen Blumen Grapat 2023 Happy Place Collection"},{"@type":"BreadcrumbList","@id":"https:\/\/teiaeducation.ch\/de\/produkt\/mandala-regenbogen-blumen-grapat-2023-happy-place-kollektion\/#breadcrumb","itemListElement":[{"@type":"ListItem","position":1,"name":"Home","item":"https:\/\/teiaeducation.ch\/de\/"},{"@type":"ListItem","position":2,"name":"Laden","item":"https:\/\/teiaeducation.ch\/de\/shop\/"},{"@type":"ListItem","position":3,"name":"Unsere Marken","item":"https:\/\/teiaeducation.ch\/de\/produkt-kategorie\/unsere-marken\/"},{"@type":"ListItem","position":4,"name":"Grapat","item":"https:\/\/teiaeducation.ch\/de\/produkt-kategorie\/unsere-marken\/grapat-de\/"},{"@type":"ListItem","position":5,"name":"Grapat Mandalas &amp; Lose Teile","item":"https:\/\/teiaeducation.ch\/de\/produkt-kategorie\/unsere-marken\/grapat-de\/grapat-mandalas-lose-teile\/"},{"@type":"ListItem","position":6,"name":"Mandala Regenbogen Blumen &#8211; Grapat 2023 Happy Place Collection"}]},{"@type":"WebSite","@id":"https:\/\/teiaeducation.ch\/de\/#website","url":"https:\/\/teiaeducation.ch\/de\/","name":"Sustainable Educational Products &amp; Ecological Toys\u00a0","description":"Specialised Swiss shop selling sustainable educational toys and games, AMI certified Montessori materials, handmade ecological wooden Waldorf toys and arts &amp; crafts supplies, school supplies, children&#039;s furniture and Montessori reference and parenting books.","publisher":{"@id":"https:\/\/teiaeducation.ch\/de\/#organization"},"alternateName":"Teia Education & Play","potentialAction":[{"@type":"SearchAction","target":{"@type":"EntryPoint","urlTemplate":"https:\/\/teiaeducation.ch\/de\/?s={search_term_string}"},"query-input":{"@type":"PropertyValueSpecification","valueRequired":true,"valueName":"search_term_string"}}],"inLanguage":"de-CH"},{"@type":"Organization","@id":"https:\/\/teiaeducation.ch\/de\/#organization","name":"Teia Education & Play","url":"https:\/\/teiaeducation.ch\/de\/","logo":{"@type":"ImageObject","inLanguage":"de-CH","@id":"https:\/\/teiaeducation.ch\/de\/#\/schema\/logo\/image\/","url":"https:\/\/teiaeducation.ch\/wp-content\/uploads\/2020\/11\/Teia-Education-Switzerland-e1620156442216.jpg","contentUrl":"https:\/\/teiaeducation.ch\/wp-content\/uploads\/2020\/11\/Teia-Education-Switzerland-e1620156442216.jpg","width":166,"height":145,"caption":"Teia Education & Play"},"image":{"@id":"https:\/\/teiaeducation.ch\/de\/#\/schema\/logo\/image\/"},"sameAs":["https:\/\/www.facebook.com\/teiaeducation\/","https:\/\/x.com\/EducationTeia","https:\/\/www.instagram.com\/teia.education\/","https:\/\/www.linkedin.com\/company\/35501660","https:\/\/www.pinterest.ch\/TeiaEducation\/"]}]},"product_price_amount":"18.00","product_price_currency":"CHF","og_availability":"out of stock","product_availability":"out of stock","product_condition":"new"},"_links":{"self":[{"href":"https:\/\/teiaeducation.ch\/de\/wp-json\/wp\/v2\/product\/52619","targetHints":{"allow":["GET"]}}],"collection":[{"href":"https:\/\/teiaeducation.ch\/de\/wp-json\/wp\/v2\/product"}],"about":[{"href":"https:\/\/teiaeducation.ch\/de\/wp-json\/wp\/v2\/types\/product"}],"replies":[{"embeddable":true,"href":"https:\/\/teiaeducation.ch\/de\/wp-json\/wp\/v2\/comments?post=52619"}],"wp:featuredmedia":[{"embeddable":true,"href":"https:\/\/teiaeducation.ch\/de\/wp-json\/wp\/v2\/media\/52558"}],"wp:attachment":[{"href":"https:\/\/teiaeducation.ch\/de\/wp-json\/wp\/v2\/media?parent=52619"}],"wp:term":[{"taxonomy":"product_brand","embeddable":true,"href":"https:\/\/teiaeducation.ch\/de\/wp-json\/wp\/v2\/product_brand?post=52619"},{"taxonomy":"product_cat","embeddable":true,"href":"https:\/\/teiaeducation.ch\/de\/wp-json\/wp\/v2\/product_cat?post=52619"},{"taxonomy":"product_tag","embeddable":true,"href":"https:\/\/teiaeducation.ch\/de\/wp-json\/wp\/v2\/product_tag?post=52619"}],"curies":[{"name":"wp","href":"https:\/\/api.w.org\/{rel}","templated":true}]}}