{"id":52625,"date":"2023-03-16T11:24:55","date_gmt":"2023-03-16T10:24:55","guid":{"rendered":"https:\/\/teiaeducation.ch\/product\/webrahmen-aus-holz-grapat-2023-happy-place-kollektion\/"},"modified":"2025-07-16T13:04:42","modified_gmt":"2025-07-16T11:04:42","slug":"webrahmen-aus-holz-grapat-2023-happy-place-kollektion","status":"publish","type":"product","link":"https:\/\/teiaeducation.ch\/de\/produkt\/webrahmen-aus-holz-grapat-2023-happy-place-kollektion\/","title":{"rendered":"Webrahmen aus Holz &#8211; Grapat 2023 Happy Place Kollektion"},"content":{"rendered":"<p>Der vielseitige Webrahmen aus Holz aus der Grapat 2023 happy place Kollektion ist ein achtsames, kreativit\u00e4tsf\u00f6rderndes <a href=\"https:\/\/teiaeducation.ch\/de\/produkt-kategorie\/kinder-spielzeug\/\">Spielzeug<\/a>! Der Webrahmen kann zum Weben, Gestalten, Erschaffen, Festhalten, als Nachrichtentafel oder zum Ausstellen von <a href=\"https:\/\/teiaeducation.ch\/de\/produkt-kategorie\/lernthemen\/kultur-wissenschaft\/jahreszeiten-wetter\/\">saisonalen<\/a> Fundst\u00fccken wie Bl\u00e4ttern, Federn oder Blumen, die auf Naturspazierg\u00e4ngen gesammelt wurden, verwendet werden.<\/p>\n<p>Er besteht aus 4 Holzd\u00fcbeln mit Einkerbungen, die einen quadratischen Rahmen bilden. Der mitgelieferte Hanffaden bildet den webenden Teil des Webrahmens. Der Webrahmen ist einfach zu montieren und misst im montierten Zustand 49,5 x 49,5 cm.<\/p>\n<p>Das klassische und zeitlose Holzspielzeug <a href=\"https:\/\/teiaeducation.ch\/de\/produkt-kategorie\/malen-basteln\/weben\/\">Weben<\/a> ist eine aufmerksame Besch\u00e4ftigung f\u00fcr Kinder und Erwachsene gleicherma\u00dfen und f\u00f6rdert die <a href=\"https:\/\/teiaeducation.ch\/de\/produkt-kategorie\/lernthemen\/sensorische-motorische-fertigkeiten\/motorische-fertigkeiten\/\">Feinmotorik<\/a>. Es ist auch ein beliebtes Hilfsmittel in der <a href=\"https:\/\/teiaeducation.ch\/de\/produkt-kategorie\/kinder-spielzeug\/waldorfspielzeug\/\">Waldorfp\u00e4dagogik<\/a> und im Haushalt. Der Webrahmen bietet eine unbegrenzte Vielfalt an Spielm\u00f6glichkeiten, die der Fantasie des Kindes \u00fcberlassen sind.<\/p>\n<p>Der Grapat Webrahmen aus Holz ist f\u00fcr Kinder ab 36 Monaten geeignet.<\/p>\n<p>Inhalt:<\/p>\n<p>4 Holzd\u00fcbeln<br \/>\nHanffaden<br \/>\nEine dekorierte Schachtel zur Aufbewahrung<\/p>\n<h2>\u00dcber die Grapat Happy Place Kollektion<\/h2>\n<p>St\u00e4dte m\u00fcssen ein gl\u00fccklicher Ort sein, und nicht nur f\u00fcr Erwachsene. Kinder haben die gleichen Rechte wie wir, St\u00e4dte geh\u00f6ren auch ihnen. Wie w\u00e4re es also, wenn wir die Dinge \u00e4ndern?<br \/>\nWie w\u00e4re es, wenn wir jede Stadt auf der Welt auch zu ihrem gl\u00fccklichen Ort machen w\u00fcrden?<\/p>\n<p>Lasst uns f\u00fcr die Kindheit einstehen. Geben wir ihnen eine Stimme, die lauter ist als der Verkehr. Kinder, nehmt die Stadt ein!<\/p>\n<h2>\u00dcber Grapat<\/h2>\n<p>Die spanische Marke <a href=\"https:\/\/teiaeducation.ch\/de\/produkt-kategorie\/unsere-marken\/grapat-de\/\">Grapat<\/a>, inspiriert von der <a href=\"https:\/\/teiaeducation.ch\/de\/produkt-kategorie\/bildungsmethode\/waldorf-steiner-paedagogik\/\">Waldorfp\u00e4dagogik<\/a>, ist bekannt f\u00fcr ihr wundersch\u00f6nes Holzspielzeug mit offenem Ende, das freies und selbst\u00e4ndiges Spielen f\u00f6rdert. Die Grapat Philosophie basiert auf der Bereitstellung von Spielzeugen, die die Kinder ermutigen zur <a href=\"https:\/\/teiaeducation.ch\/de\/produkt-kategorie\/malen-basteln\/\">Kreativit\u00e4t<\/a> anregen, damit sie ihre eigenen Spiele und <a href=\"https:\/\/teiaeducation.ch\/de\/produkt-kategorie\/kinder-spielzeug\/phantasievoll-rollenspiel\/\">Fantasiewelten<\/a> erfinden k\u00f6nnen.<\/p>\n<p>Alle <a href=\"https:\/\/teiaeducation.ch\/de\/produkt-kategorie\/kinder-spielzeug\/handgefertigtes-holzspielzeug\/\">Holzspielzeuge<\/a> von Grapat werden in verschiedenen Werkst\u00e4tten in Katalonien, Spanien, nach traditionellen Verfahren aus Holz aus nachhaltiger Forstwirtschaft handgefertigt und von Hand mit Farben auf Wasserbasis bemalt. Die Grapat-Spielzeuge sind f\u00fcr Kleinkinder sicher, da sie ungiftig sind und den europ\u00e4ischen Sicherheitsvorschriften der Richtlinie EN \/ 71-3: 2014 + A1: 2014 \/ 2013 zur Sicherheit von Spielzeug entsprechen. Ein gro\u00dfer Teil der Grapat-Spielzeugkollektion tr\u00e4gt das renommierte Spielgut\u00ae-Siegel.<\/p>\n","protected":false},"excerpt":{"rendered":"<p>Artikelnummer: 23-247<\/p>\n<p>Der vielseitige Grapat Webrahmen aus Holz aus der Grapat 2023 happy place Kollektion ist ein achtsames Spielzeug, das die Kreativit\u00e4t und die unbegrenzte Vielfalt des freien Spiels f\u00f6rdert!<\/p>\n<p>&nbsp;<\/p>\n","protected":false},"featured_media":52507,"comment_status":"open","ping_status":"closed","template":"","meta":[],"product_brand":[],"product_cat":[21445,21446,21479,21465,21690,21670,21488,21484,22422,21636,23075,21464,21447,21443,22349,21689,21563,22362,23636,21678,21564,21483,22919,21463,22363],"product_tag":[24764,24763,24798,24797,24795,24799,24794,24791,24792,24796,24793],"class_list":{"0":"post-52625","1":"product","2":"type-product","3":"status-publish","4":"has-post-thumbnail","6":"product_cat-3-6-jahre-vorschule","7":"product_cat-6-12-jahre-grundschule","8":"product_cat-lernmaterialien-spielzeug-montessori-waldorf-steiner-froebel","9":"product_cat-feier-festlichkeiten","10":"product_cat-spiele-mit-offenem-ende","11":"product_cat-fruehjahrskollektion","12":"product_cat-geschenk-guide-6-12-jahre-grundschule","13":"product_cat-geschenk-guides","14":"product_cat-geschenke-fuer-das-osterkoerbchen","15":"product_cat-grapat-de","16":"product_cat-handgefertigtes-holzspielzeug","17":"product_cat-herbstkollektion","18":"product_cat-malen-basteln","19":"product_cat-nach-alter","20":"product_cat-natur-saisonale-tische-de","21":"product_cat-naturspiel","22":"product_cat-neuheiten","23":"product_cat-saisonale-kollektionen","24":"product_cat-sommer-kollektion","25":"product_cat-kinder-spielzeug","26":"product_cat-unsere-marken","27":"product_cat-waldorf-steiner-paedagogik","28":"product_cat-waldorfspielzeug","29":"product_cat-weben","30":"product_cat-winter-kollektion","31":"product_tag-grapat-2023-kollektion","32":"product_tag-grapat-happy-place-kollektion","33":"product_tag-grapat-weben","34":"product_tag-grapat-webrahmen","35":"product_tag-grapat-webrahmen-aus-holz","36":"product_tag-great-weaving-frame-de","37":"product_tag-kinderwebrahmen-schweiz","38":"product_tag-nachhaltiger-webrahmen","39":"product_tag-weben-fur-kinder","40":"product_tag-weben-fur-kinder-de","41":"product_tag-webrahmen-fur-kinder","43":"first","44":"outofstock","45":"taxable","46":"shipping-taxable","47":"purchasable","48":"product-type-simple"},"yoast_head":"<!-- This site is optimized with the Yoast SEO plugin v27.3 - https:\/\/yoast.com\/product\/yoast-seo-wordpress\/ -->\n<title>Webrahmen aus Holz - Grapat 2023 Happy Place Kollektion<\/title>\n<meta name=\"description\" content=\"Der Webrahmen aus Holz aus der Grapat 2023 happy place Kollektion ist ein achtsames, kreativit\u00e4tsf\u00f6rderndes Spielzeug - Hand gefertigt in Spanien\" \/>\n<meta name=\"robots\" content=\"index, follow, max-snippet:-1, max-image-preview:large, max-video-preview:-1\" \/>\n<link rel=\"canonical\" href=\"https:\/\/teiaeducation.ch\/de\/produkt\/webrahmen-aus-holz-grapat-2023-happy-place-kollektion\/\" \/>\n<meta property=\"og:locale\" content=\"de_DE\" \/>\n<meta property=\"og:type\" content=\"article\" \/>\n<meta property=\"og:title\" content=\"Webrahmen aus Holz - Grapat 2023 Happy Place Kollektion\" \/>\n<meta property=\"og:description\" content=\"Der Webrahmen aus Holz aus der Grapat 2023 happy place Kollektion ist ein achtsames, kreativit\u00e4tsf\u00f6rderndes Spielzeug - Hand gefertigt in Spanien\" \/>\n<meta property=\"og:url\" content=\"https:\/\/teiaeducation.ch\/de\/produkt\/webrahmen-aus-holz-grapat-2023-happy-place-kollektion\/\" \/>\n<meta property=\"og:site_name\" content=\"Sustainable Educational Products &amp; Ecological Toys\u00a0\" \/>\n<meta property=\"article:publisher\" content=\"https:\/\/www.facebook.com\/teiaeducation\/\" \/>\n<meta property=\"article:modified_time\" content=\"2025-07-16T11:04:42+00:00\" \/>\n<meta property=\"og:image\" content=\"https:\/\/teiaeducation.ch\/wp-content\/uploads\/2023\/03\/Grapat-wooden-weaving-frame-2023-happy-place-collection-5.jpg\" \/>\n\t<meta property=\"og:image:width\" content=\"1200\" \/>\n\t<meta property=\"og:image:height\" content=\"800\" \/>\n\t<meta property=\"og:image:type\" content=\"image\/jpeg\" \/>\n<script type=\"application\/ld+json\" class=\"yoast-schema-graph\">{\"@context\":\"https:\\\/\\\/schema.org\",\"@graph\":[{\"@type\":\"WebPage\",\"@id\":\"https:\\\/\\\/teiaeducation.ch\\\/de\\\/produkt\\\/webrahmen-aus-holz-grapat-2023-happy-place-kollektion\\\/\",\"url\":\"https:\\\/\\\/teiaeducation.ch\\\/de\\\/produkt\\\/webrahmen-aus-holz-grapat-2023-happy-place-kollektion\\\/\",\"name\":\"Webrahmen aus Holz - Grapat 2023 Happy Place Kollektion\",\"isPartOf\":{\"@id\":\"https:\\\/\\\/teiaeducation.ch\\\/de\\\/#website\"},\"primaryImageOfPage\":{\"@id\":\"https:\\\/\\\/teiaeducation.ch\\\/de\\\/produkt\\\/webrahmen-aus-holz-grapat-2023-happy-place-kollektion\\\/#primaryimage\"},\"image\":{\"@id\":\"https:\\\/\\\/teiaeducation.ch\\\/de\\\/produkt\\\/webrahmen-aus-holz-grapat-2023-happy-place-kollektion\\\/#primaryimage\"},\"thumbnailUrl\":\"https:\\\/\\\/teiaeducation.ch\\\/wp-content\\\/uploads\\\/2023\\\/03\\\/Grapat-wooden-weaving-frame-2023-happy-place-collection-5.jpg\",\"datePublished\":\"2023-03-16T10:24:55+00:00\",\"dateModified\":\"2025-07-16T11:04:42+00:00\",\"description\":\"Der Webrahmen aus Holz aus der Grapat 2023 happy place Kollektion ist ein achtsames, kreativit\u00e4tsf\u00f6rderndes Spielzeug - Hand gefertigt in Spanien\",\"breadcrumb\":{\"@id\":\"https:\\\/\\\/teiaeducation.ch\\\/de\\\/produkt\\\/webrahmen-aus-holz-grapat-2023-happy-place-kollektion\\\/#breadcrumb\"},\"inLanguage\":\"de-CH\",\"potentialAction\":[{\"@type\":\"ReadAction\",\"target\":[\"https:\\\/\\\/teiaeducation.ch\\\/de\\\/produkt\\\/webrahmen-aus-holz-grapat-2023-happy-place-kollektion\\\/\"]}]},{\"@type\":\"ImageObject\",\"inLanguage\":\"de-CH\",\"@id\":\"https:\\\/\\\/teiaeducation.ch\\\/de\\\/produkt\\\/webrahmen-aus-holz-grapat-2023-happy-place-kollektion\\\/#primaryimage\",\"url\":\"https:\\\/\\\/teiaeducation.ch\\\/wp-content\\\/uploads\\\/2023\\\/03\\\/Grapat-wooden-weaving-frame-2023-happy-place-collection-5.jpg\",\"contentUrl\":\"https:\\\/\\\/teiaeducation.ch\\\/wp-content\\\/uploads\\\/2023\\\/03\\\/Grapat-wooden-weaving-frame-2023-happy-place-collection-5.jpg\",\"width\":1200,\"height\":800,\"caption\":\"Webrahmen aus Holz Grapat 2023 Happy Place Kollektion\"},{\"@type\":\"BreadcrumbList\",\"@id\":\"https:\\\/\\\/teiaeducation.ch\\\/de\\\/produkt\\\/webrahmen-aus-holz-grapat-2023-happy-place-kollektion\\\/#breadcrumb\",\"itemListElement\":[{\"@type\":\"ListItem\",\"position\":1,\"name\":\"Home\",\"item\":\"https:\\\/\\\/teiaeducation.ch\\\/de\\\/\"},{\"@type\":\"ListItem\",\"position\":2,\"name\":\"Laden\",\"item\":\"https:\\\/\\\/teiaeducation.ch\\\/de\\\/shop\\\/\"},{\"@type\":\"ListItem\",\"position\":3,\"name\":\"Unsere Marken\",\"item\":\"https:\\\/\\\/teiaeducation.ch\\\/de\\\/produkt-kategorie\\\/unsere-marken\\\/\"},{\"@type\":\"ListItem\",\"position\":4,\"name\":\"Grapat\",\"item\":\"https:\\\/\\\/teiaeducation.ch\\\/de\\\/produkt-kategorie\\\/unsere-marken\\\/grapat-de\\\/\"},{\"@type\":\"ListItem\",\"position\":5,\"name\":\"Webrahmen aus Holz &#8211; Grapat 2023 Happy Place Kollektion\"}]},{\"@type\":\"WebSite\",\"@id\":\"https:\\\/\\\/teiaeducation.ch\\\/de\\\/#website\",\"url\":\"https:\\\/\\\/teiaeducation.ch\\\/de\\\/\",\"name\":\"Sustainable Educational Products &amp; Ecological Toys\u00a0\",\"description\":\"Specialised Swiss shop selling sustainable educational toys and games, AMI certified Montessori materials, handmade ecological wooden Waldorf toys and arts &amp; crafts supplies, school supplies, children&#039;s furniture and Montessori reference and parenting books.\",\"publisher\":{\"@id\":\"https:\\\/\\\/teiaeducation.ch\\\/de\\\/#organization\"},\"alternateName\":\"Teia Education & Play\",\"potentialAction\":[{\"@type\":\"SearchAction\",\"target\":{\"@type\":\"EntryPoint\",\"urlTemplate\":\"https:\\\/\\\/teiaeducation.ch\\\/de\\\/?s={search_term_string}\"},\"query-input\":{\"@type\":\"PropertyValueSpecification\",\"valueRequired\":true,\"valueName\":\"search_term_string\"}}],\"inLanguage\":\"de-CH\"},{\"@type\":\"Organization\",\"@id\":\"https:\\\/\\\/teiaeducation.ch\\\/de\\\/#organization\",\"name\":\"Teia Education & Play\",\"url\":\"https:\\\/\\\/teiaeducation.ch\\\/de\\\/\",\"logo\":{\"@type\":\"ImageObject\",\"inLanguage\":\"de-CH\",\"@id\":\"https:\\\/\\\/teiaeducation.ch\\\/de\\\/#\\\/schema\\\/logo\\\/image\\\/\",\"url\":\"https:\\\/\\\/teiaeducation.ch\\\/wp-content\\\/uploads\\\/2020\\\/11\\\/Teia-Education-Switzerland-e1620156442216.jpg\",\"contentUrl\":\"https:\\\/\\\/teiaeducation.ch\\\/wp-content\\\/uploads\\\/2020\\\/11\\\/Teia-Education-Switzerland-e1620156442216.jpg\",\"width\":166,\"height\":145,\"caption\":\"Teia Education & Play\"},\"image\":{\"@id\":\"https:\\\/\\\/teiaeducation.ch\\\/de\\\/#\\\/schema\\\/logo\\\/image\\\/\"},\"sameAs\":[\"https:\\\/\\\/www.facebook.com\\\/teiaeducation\\\/\",\"https:\\\/\\\/x.com\\\/EducationTeia\",\"https:\\\/\\\/www.instagram.com\\\/teia.education\\\/\",\"https:\\\/\\\/www.linkedin.com\\\/company\\\/35501660\",\"https:\\\/\\\/www.pinterest.ch\\\/TeiaEducation\\\/\"]}]}<\/script>\n<!-- \/ Yoast SEO plugin. -->","yoast_head_json":{"title":"Webrahmen aus Holz - Grapat 2023 Happy Place Kollektion","description":"Der Webrahmen aus Holz aus der Grapat 2023 happy place Kollektion ist ein achtsames, kreativit\u00e4tsf\u00f6rderndes Spielzeug - Hand gefertigt in Spanien","robots":{"index":"index","follow":"follow","max-snippet":"max-snippet:-1","max-image-preview":"max-image-preview:large","max-video-preview":"max-video-preview:-1"},"canonical":"https:\/\/teiaeducation.ch\/de\/produkt\/webrahmen-aus-holz-grapat-2023-happy-place-kollektion\/","og_locale":"de_DE","og_type":"article","og_title":"Webrahmen aus Holz - Grapat 2023 Happy Place Kollektion","og_description":"Der Webrahmen aus Holz aus der Grapat 2023 happy place Kollektion ist ein achtsames, kreativit\u00e4tsf\u00f6rderndes Spielzeug - Hand gefertigt in Spanien","og_url":"https:\/\/teiaeducation.ch\/de\/produkt\/webrahmen-aus-holz-grapat-2023-happy-place-kollektion\/","og_site_name":"Sustainable Educational Products &amp; Ecological Toys\u00a0","article_publisher":"https:\/\/www.facebook.com\/teiaeducation\/","article_modified_time":"2025-07-16T11:04:42+00:00","og_image":[{"width":1200,"height":800,"url":"https:\/\/teiaeducation.ch\/wp-content\/uploads\/2023\/03\/Grapat-wooden-weaving-frame-2023-happy-place-collection-5.jpg","type":"image\/jpeg"}],"schema":{"@context":"https:\/\/schema.org","@graph":[{"@type":"WebPage","@id":"https:\/\/teiaeducation.ch\/de\/produkt\/webrahmen-aus-holz-grapat-2023-happy-place-kollektion\/","url":"https:\/\/teiaeducation.ch\/de\/produkt\/webrahmen-aus-holz-grapat-2023-happy-place-kollektion\/","name":"Webrahmen aus Holz - Grapat 2023 Happy Place Kollektion","isPartOf":{"@id":"https:\/\/teiaeducation.ch\/de\/#website"},"primaryImageOfPage":{"@id":"https:\/\/teiaeducation.ch\/de\/produkt\/webrahmen-aus-holz-grapat-2023-happy-place-kollektion\/#primaryimage"},"image":{"@id":"https:\/\/teiaeducation.ch\/de\/produkt\/webrahmen-aus-holz-grapat-2023-happy-place-kollektion\/#primaryimage"},"thumbnailUrl":"https:\/\/teiaeducation.ch\/wp-content\/uploads\/2023\/03\/Grapat-wooden-weaving-frame-2023-happy-place-collection-5.jpg","datePublished":"2023-03-16T10:24:55+00:00","dateModified":"2025-07-16T11:04:42+00:00","description":"Der Webrahmen aus Holz aus der Grapat 2023 happy place Kollektion ist ein achtsames, kreativit\u00e4tsf\u00f6rderndes Spielzeug - Hand gefertigt in Spanien","breadcrumb":{"@id":"https:\/\/teiaeducation.ch\/de\/produkt\/webrahmen-aus-holz-grapat-2023-happy-place-kollektion\/#breadcrumb"},"inLanguage":"de-CH","potentialAction":[{"@type":"ReadAction","target":["https:\/\/teiaeducation.ch\/de\/produkt\/webrahmen-aus-holz-grapat-2023-happy-place-kollektion\/"]}]},{"@type":"ImageObject","inLanguage":"de-CH","@id":"https:\/\/teiaeducation.ch\/de\/produkt\/webrahmen-aus-holz-grapat-2023-happy-place-kollektion\/#primaryimage","url":"https:\/\/teiaeducation.ch\/wp-content\/uploads\/2023\/03\/Grapat-wooden-weaving-frame-2023-happy-place-collection-5.jpg","contentUrl":"https:\/\/teiaeducation.ch\/wp-content\/uploads\/2023\/03\/Grapat-wooden-weaving-frame-2023-happy-place-collection-5.jpg","width":1200,"height":800,"caption":"Webrahmen aus Holz Grapat 2023 Happy Place Kollektion"},{"@type":"BreadcrumbList","@id":"https:\/\/teiaeducation.ch\/de\/produkt\/webrahmen-aus-holz-grapat-2023-happy-place-kollektion\/#breadcrumb","itemListElement":[{"@type":"ListItem","position":1,"name":"Home","item":"https:\/\/teiaeducation.ch\/de\/"},{"@type":"ListItem","position":2,"name":"Laden","item":"https:\/\/teiaeducation.ch\/de\/shop\/"},{"@type":"ListItem","position":3,"name":"Unsere Marken","item":"https:\/\/teiaeducation.ch\/de\/produkt-kategorie\/unsere-marken\/"},{"@type":"ListItem","position":4,"name":"Grapat","item":"https:\/\/teiaeducation.ch\/de\/produkt-kategorie\/unsere-marken\/grapat-de\/"},{"@type":"ListItem","position":5,"name":"Webrahmen aus Holz &#8211; Grapat 2023 Happy Place Kollektion"}]},{"@type":"WebSite","@id":"https:\/\/teiaeducation.ch\/de\/#website","url":"https:\/\/teiaeducation.ch\/de\/","name":"Sustainable Educational Products &amp; Ecological Toys\u00a0","description":"Specialised Swiss shop selling sustainable educational toys and games, AMI certified Montessori materials, handmade ecological wooden Waldorf toys and arts &amp; crafts supplies, school supplies, children&#039;s furniture and Montessori reference and parenting books.","publisher":{"@id":"https:\/\/teiaeducation.ch\/de\/#organization"},"alternateName":"Teia Education & Play","potentialAction":[{"@type":"SearchAction","target":{"@type":"EntryPoint","urlTemplate":"https:\/\/teiaeducation.ch\/de\/?s={search_term_string}"},"query-input":{"@type":"PropertyValueSpecification","valueRequired":true,"valueName":"search_term_string"}}],"inLanguage":"de-CH"},{"@type":"Organization","@id":"https:\/\/teiaeducation.ch\/de\/#organization","name":"Teia Education & Play","url":"https:\/\/teiaeducation.ch\/de\/","logo":{"@type":"ImageObject","inLanguage":"de-CH","@id":"https:\/\/teiaeducation.ch\/de\/#\/schema\/logo\/image\/","url":"https:\/\/teiaeducation.ch\/wp-content\/uploads\/2020\/11\/Teia-Education-Switzerland-e1620156442216.jpg","contentUrl":"https:\/\/teiaeducation.ch\/wp-content\/uploads\/2020\/11\/Teia-Education-Switzerland-e1620156442216.jpg","width":166,"height":145,"caption":"Teia Education & Play"},"image":{"@id":"https:\/\/teiaeducation.ch\/de\/#\/schema\/logo\/image\/"},"sameAs":["https:\/\/www.facebook.com\/teiaeducation\/","https:\/\/x.com\/EducationTeia","https:\/\/www.instagram.com\/teia.education\/","https:\/\/www.linkedin.com\/company\/35501660","https:\/\/www.pinterest.ch\/TeiaEducation\/"]}]}},"_links":{"self":[{"href":"https:\/\/teiaeducation.ch\/de\/wp-json\/wp\/v2\/product\/52625","targetHints":{"allow":["GET"]}}],"collection":[{"href":"https:\/\/teiaeducation.ch\/de\/wp-json\/wp\/v2\/product"}],"about":[{"href":"https:\/\/teiaeducation.ch\/de\/wp-json\/wp\/v2\/types\/product"}],"replies":[{"embeddable":true,"href":"https:\/\/teiaeducation.ch\/de\/wp-json\/wp\/v2\/comments?post=52625"}],"wp:featuredmedia":[{"embeddable":true,"href":"https:\/\/teiaeducation.ch\/de\/wp-json\/wp\/v2\/media\/52507"}],"wp:attachment":[{"href":"https:\/\/teiaeducation.ch\/de\/wp-json\/wp\/v2\/media?parent=52625"}],"wp:term":[{"taxonomy":"product_brand","embeddable":true,"href":"https:\/\/teiaeducation.ch\/de\/wp-json\/wp\/v2\/product_brand?post=52625"},{"taxonomy":"product_cat","embeddable":true,"href":"https:\/\/teiaeducation.ch\/de\/wp-json\/wp\/v2\/product_cat?post=52625"},{"taxonomy":"product_tag","embeddable":true,"href":"https:\/\/teiaeducation.ch\/de\/wp-json\/wp\/v2\/product_tag?post=52625"}],"curies":[{"name":"wp","href":"https:\/\/api.w.org\/{rel}","templated":true}]}}