{"id":54414,"date":"2023-05-23T11:31:14","date_gmt":"2023-05-23T09:31:14","guid":{"rendered":"https:\/\/teiaeducation.ch\/product\/smll-acrylic-glitter-stones-grimms\/"},"modified":"2023-08-09T20:41:49","modified_gmt":"2023-08-09T18:41:49","slug":"100-kleine-glitzersteine-grimms","status":"publish","type":"product","link":"https:\/\/teiaeducation.ch\/de\/produkt\/100-kleine-glitzersteine-grimms\/","title":{"rendered":"100 kleine Glitzersteine &#8211; Grimm&#8217;s"},"content":{"rendered":"<p>Das Grimm&#8217;s Set mit 100 kleine Acryl Glitzersteine bringt jeden Spielplatz und jede <a href=\"https:\/\/teiaeducation.ch\/product-category\/celebrations\/\">Feier<\/a> zum Funkeln!<\/p>\n<p>Diese herrlich schimmernden Steine eignen sich perfekt f\u00fcr die Dekoration eines <a href=\"https:\/\/teiaeducation.ch\/product-category\/celebrations\/birthdays\/\">Geburtstags-<\/a> oder Partytisches, eines <a href=\"https:\/\/teiaeducation.ch\/product-category\/celebrations\/nature-seasonal-tables\/\">Jahreszeiten- oder Naturtisches<\/a> oder einfach als dekorative Elemente in der kleinen Welt und im <a href=\"https:\/\/teiaeducation.ch\/product-category\/play\/open-ended-play\/\">offenen Spiel<\/a>. Sie versch\u00f6nern auch jedes Bastelprojekt oder k\u00f6nnen als Sch\u00e4tze in Geheimtruhen aufbewahrt werden.<\/p>\n<p>Die Kinder werden es auch lieben, mit den Edelsteinen Farben und Lichtreflexionen zu erforschen und spannende Muster zu kreieren.<\/p>\n<p>Die Glitzersteine gibt es in verschiedenen Formen, Gr\u00f6\u00dfen und Farben. Sie sind auf einer Seite abgeschr\u00e4gt und haben eine flache, spiegelnde Unterseite. Sie sind aus Acryl gefertigt und messen zwischen 1 und 2,5 cm.<\/p>\n<p>Das Grimm&#8217;s Acryl Glitzersteinen Set ist f\u00fcr Kinder ab 10 Jahren geeignet.<\/p>\n<p>WARNUNG: ERSTICKUNGSGEFAHR &#8211; Kleine dekorative Teile! Nicht f\u00fcr Kinder unter 3 Jahren geeignet.<\/p>\n<p>Inhalt:<\/p>\n<p>100 kleine Glitzersteine<\/p>\n<h2>\u00dcber Grimm&#8217;s<\/h2>\n<p>Ideal zum Spielen zu Hause, im Kindergarten, in der <a href=\"https:\/\/teiaeducation.ch\/waldorf-steiner-schools-supplies\/\">Waldorf- oder Steiner-Schule<\/a>. Die sch\u00f6nen <a href=\"https:\/\/teiaeducation.ch\/product-category\/brands\/grimms\/\">Grimm&#8217;s Naturholzspielzeuge<\/a> werden nach der <a href=\"https:\/\/teiaeducation.ch\/product-category\/education-method\/waldorf-steiner-toys-craft-materials\/\">Waldorf-Philosophie<\/a> hergestellt, die daf\u00fcr bekannt ist, dass sie Kinder dazu ermutigt, das kreative Spiel selbstst\u00e4ndig, ohne Einschr\u00e4nkungen und in einem gem\u00fctlichen Tempo zu entdecken. Die Grimm&#8217;s Holzspielzeuge werden von Hand mit ungiftigen Farben auf Wasserbasis gef\u00e4rbt und nicht lackiert, damit die urspr\u00fcnglichen Eigenschaften des Holzes und die Maserung erhalten bleiben. Die Oberfl\u00e4che der FSC-zertifizierten europ\u00e4ischen Holz ist leicht rau, wodurch sie vollst\u00e4ndig stapelbar und weniger rutschig sind.<\/p>\n<p>Grimms <a href=\"https:\/\/teiaeducation.ch\/product-category\/hgh-quality-toys-play\/handmade-wooden-toys\/\">handgefertigtes Holzspielzeug<\/a> wird in den Grimm&#8217;schen Werken in Deutschland sowie in mehreren Werkst\u00e4tten in ganz Europa aus verschiedenen Holzarten wie Erle, Linde, Buche und Ahorn hergestellt. Alle H\u00f6lzer, die f\u00fcr die Herstellung der Grimm&#8217;s-Spielzeuge verwendet werden, stammen aus nachhaltig bewirtschafteten europ\u00e4ischen W\u00e4ldern.<\/p>\n<p>Bitte beachten Sie, dass Grimm&#8217;s Spielzeuge immer Unikate sind, die einzigartige, von der Natur geschaffene Zeichen tragen. Die Maserung des Holzes weist wechselnde Strukturen und Farben auf, die von seiner nat\u00fcrlichen Herkunft zeugen. Die einzigartigen Variationen, Markierungen, \u00c4ste, Muster, schwarzen Streifen oder dunklen Flecken, die im Holz eines Grimm&#8217;s Spielzeugs sichtbar sein k\u00f6nnen, sind ein Beweis f\u00fcr Qualit\u00e4t, keine M\u00e4ngel.<\/p>\n","protected":false},"excerpt":{"rendered":"<p>Artikelnummer: gri43099<\/p>\n<p>Das Grimm&#8217;s Set mit 100 kleine Acryl Glitzersteine bringt jeden Spiel- und Festtag zum Funkeln und eignet sich perfekt zum Dekorieren eines Geburtstags- oder Partytisches!<\/p>\n","protected":false},"featured_media":54280,"comment_status":"open","ping_status":"closed","template":"","meta":[],"product_brand":[],"product_cat":[21446,24873,21465,21690,22347,21640,21447,21443,22349,21563,21695,21678,21564],"product_tag":[25289,25290,25291,25292,25293,25294,25295],"class_list":{"0":"post-54414","1":"product","2":"type-product","3":"status-publish","4":"has-post-thumbnail","6":"product_cat-6-12-jahre-grundschule","7":"product_cat-familie-feste-rituale","8":"product_cat-feier-festlichkeiten","9":"product_cat-spiele-mit-offenem-ende","10":"product_cat-geburtstage","11":"product_cat-grimms-holzspielzeug","12":"product_cat-malen-basteln","13":"product_cat-nach-alter","14":"product_cat-natur-saisonale-tische-de","15":"product_cat-neuheiten","16":"product_cat-sinnliches-spiel","17":"product_cat-kinder-spielzeug","18":"product_cat-unsere-marken","19":"product_tag-gemstones-grimms-de-2","20":"product_tag-glitter-stones-grimms-de-2","21":"product_tag-grimms-set-of-100-small-acrylic-glitter-stones-de-2","22":"product_tag-mandala-glitter-grimms-de-2","23":"product_tag-small-acrylic-glitter-stones-grimms-de-2","24":"product_tag-small-gemstones-grimms-de-2","25":"product_tag-sparkling-mandala-orient-grimms-de-2","27":"first","28":"outofstock","29":"taxable","30":"shipping-taxable","31":"purchasable","32":"product-type-simple"},"yoast_head":"<!-- This site is optimized with the Yoast SEO plugin v27.1.1 - https:\/\/yoast.com\/product\/yoast-seo-wordpress\/ -->\n<title>100 kleine Glitzersteine - Grimm&#039;s<\/title>\n<meta name=\"description\" content=\"Das Grimm&#039;s Set mit 100 kleine Acryl Glitzersteine bringt jeden Spiel zum Funkeln und sind perfekt zum Dekorieren eines Geburtstags- oder Partytisches.\" \/>\n<meta name=\"robots\" content=\"index, follow, max-snippet:-1, max-image-preview:large, max-video-preview:-1\" \/>\n<link rel=\"canonical\" href=\"https:\/\/teiaeducation.ch\/de\/produkt\/100-kleine-glitzersteine-grimms\/\" \/>\n<meta property=\"og:locale\" content=\"de_DE\" \/>\n<meta property=\"og:type\" content=\"article\" \/>\n<meta property=\"og:title\" content=\"100 kleine Glitzersteine - Grimm&#039;s\" \/>\n<meta property=\"og:description\" content=\"Das Grimm&#039;s Set mit 100 kleine Acryl Glitzersteine bringt jeden Spiel zum Funkeln und sind perfekt zum Dekorieren eines Geburtstags- oder Partytisches.\" \/>\n<meta property=\"og:url\" content=\"https:\/\/teiaeducation.ch\/de\/produkt\/100-kleine-glitzersteine-grimms\/\" \/>\n<meta property=\"og:site_name\" content=\"Sustainable Educational Products &amp; Ecological Toys\u00a0\" \/>\n<meta property=\"article:publisher\" content=\"https:\/\/www.facebook.com\/teiaeducation\/\" \/>\n<meta property=\"article:modified_time\" content=\"2023-08-09T18:41:49+00:00\" \/>\n<meta property=\"og:image\" content=\"https:\/\/teiaeducation.ch\/wp-content\/uploads\/2023\/05\/100-small-acrylic-glitter-stones-Grimms-2.jpg\" \/>\n\t<meta property=\"og:image:width\" content=\"1280\" \/>\n\t<meta property=\"og:image:height\" content=\"1280\" \/>\n\t<meta property=\"og:image:type\" content=\"image\/jpeg\" \/>\n<script type=\"application\/ld+json\" class=\"yoast-schema-graph\">{\"@context\":\"https:\/\/schema.org\",\"@graph\":[{\"@type\":\"WebPage\",\"@id\":\"https:\/\/teiaeducation.ch\/de\/produkt\/100-kleine-glitzersteine-grimms\/\",\"url\":\"https:\/\/teiaeducation.ch\/de\/produkt\/100-kleine-glitzersteine-grimms\/\",\"name\":\"100 kleine Glitzersteine - Grimm's\",\"isPartOf\":{\"@id\":\"https:\/\/teiaeducation.ch\/de\/#website\"},\"primaryImageOfPage\":{\"@id\":\"https:\/\/teiaeducation.ch\/de\/produkt\/100-kleine-glitzersteine-grimms\/#primaryimage\"},\"image\":{\"@id\":\"https:\/\/teiaeducation.ch\/de\/produkt\/100-kleine-glitzersteine-grimms\/#primaryimage\"},\"thumbnailUrl\":\"https:\/\/teiaeducation.ch\/wp-content\/uploads\/2023\/05\/100-small-acrylic-glitter-stones-Grimms-2.jpg\",\"datePublished\":\"2023-05-23T09:31:14+00:00\",\"dateModified\":\"2023-08-09T18:41:49+00:00\",\"description\":\"Das Grimm's Set mit 100 kleine Acryl Glitzersteine bringt jeden Spiel zum Funkeln und sind perfekt zum Dekorieren eines Geburtstags- oder Partytisches.\",\"breadcrumb\":{\"@id\":\"https:\/\/teiaeducation.ch\/de\/produkt\/100-kleine-glitzersteine-grimms\/#breadcrumb\"},\"inLanguage\":\"de-CH\",\"potentialAction\":[{\"@type\":\"ReadAction\",\"target\":[\"https:\/\/teiaeducation.ch\/de\/produkt\/100-kleine-glitzersteine-grimms\/\"]}]},{\"@type\":\"ImageObject\",\"inLanguage\":\"de-CH\",\"@id\":\"https:\/\/teiaeducation.ch\/de\/produkt\/100-kleine-glitzersteine-grimms\/#primaryimage\",\"url\":\"https:\/\/teiaeducation.ch\/wp-content\/uploads\/2023\/05\/100-small-acrylic-glitter-stones-Grimms-2.jpg\",\"contentUrl\":\"https:\/\/teiaeducation.ch\/wp-content\/uploads\/2023\/05\/100-small-acrylic-glitter-stones-Grimms-2.jpg\",\"width\":1280,\"height\":1280,\"caption\":\"100 kleine Glitzersteine - Grimm's\"},{\"@type\":\"BreadcrumbList\",\"@id\":\"https:\/\/teiaeducation.ch\/de\/produkt\/100-kleine-glitzersteine-grimms\/#breadcrumb\",\"itemListElement\":[{\"@type\":\"ListItem\",\"position\":1,\"name\":\"Home\",\"item\":\"https:\/\/teiaeducation.ch\/de\/\"},{\"@type\":\"ListItem\",\"position\":2,\"name\":\"Laden\",\"item\":\"https:\/\/teiaeducation.ch\/de\/shop\/\"},{\"@type\":\"ListItem\",\"position\":3,\"name\":\"Unsere Marken\",\"item\":\"https:\/\/teiaeducation.ch\/de\/produkt-kategorie\/unsere-marken\/\"},{\"@type\":\"ListItem\",\"position\":4,\"name\":\"Grimm's\",\"item\":\"https:\/\/teiaeducation.ch\/de\/produkt-kategorie\/unsere-marken\/grimms-holzspielzeug\/\"},{\"@type\":\"ListItem\",\"position\":5,\"name\":\"100 kleine Glitzersteine &#8211; Grimm&#8217;s\"}]},{\"@type\":\"WebSite\",\"@id\":\"https:\/\/teiaeducation.ch\/de\/#website\",\"url\":\"https:\/\/teiaeducation.ch\/de\/\",\"name\":\"Sustainable Educational Products &amp; Ecological Toys\u00a0\",\"description\":\"Specialised Swiss shop selling sustainable educational toys and games, AMI certified Montessori materials, handmade ecological wooden Waldorf toys and arts &amp; crafts supplies, school supplies, children&#039;s furniture and Montessori reference and parenting books.\",\"publisher\":{\"@id\":\"https:\/\/teiaeducation.ch\/de\/#organization\"},\"alternateName\":\"Teia Education & Play\",\"potentialAction\":[{\"@type\":\"SearchAction\",\"target\":{\"@type\":\"EntryPoint\",\"urlTemplate\":\"https:\/\/teiaeducation.ch\/de\/?s={search_term_string}\"},\"query-input\":{\"@type\":\"PropertyValueSpecification\",\"valueRequired\":true,\"valueName\":\"search_term_string\"}}],\"inLanguage\":\"de-CH\"},{\"@type\":\"Organization\",\"@id\":\"https:\/\/teiaeducation.ch\/de\/#organization\",\"name\":\"Teia Education & Play\",\"url\":\"https:\/\/teiaeducation.ch\/de\/\",\"logo\":{\"@type\":\"ImageObject\",\"inLanguage\":\"de-CH\",\"@id\":\"https:\/\/teiaeducation.ch\/de\/#\/schema\/logo\/image\/\",\"url\":\"https:\/\/teiaeducation.ch\/wp-content\/uploads\/2020\/11\/Teia-Education-Switzerland-e1620156442216.jpg\",\"contentUrl\":\"https:\/\/teiaeducation.ch\/wp-content\/uploads\/2020\/11\/Teia-Education-Switzerland-e1620156442216.jpg\",\"width\":166,\"height\":145,\"caption\":\"Teia Education & Play\"},\"image\":{\"@id\":\"https:\/\/teiaeducation.ch\/de\/#\/schema\/logo\/image\/\"},\"sameAs\":[\"https:\/\/www.facebook.com\/teiaeducation\/\",\"https:\/\/x.com\/EducationTeia\",\"https:\/\/www.instagram.com\/teia.education\/\",\"https:\/\/www.linkedin.com\/company\/35501660\",\"https:\/\/www.pinterest.ch\/TeiaEducation\/\"]}]}<\/script>\n<!-- \/ Yoast SEO plugin. -->","yoast_head_json":{"title":"100 kleine Glitzersteine - Grimm's","description":"Das Grimm's Set mit 100 kleine Acryl Glitzersteine bringt jeden Spiel zum Funkeln und sind perfekt zum Dekorieren eines Geburtstags- oder Partytisches.","robots":{"index":"index","follow":"follow","max-snippet":"max-snippet:-1","max-image-preview":"max-image-preview:large","max-video-preview":"max-video-preview:-1"},"canonical":"https:\/\/teiaeducation.ch\/de\/produkt\/100-kleine-glitzersteine-grimms\/","og_locale":"de_DE","og_type":"article","og_title":"100 kleine Glitzersteine - Grimm's","og_description":"Das Grimm's Set mit 100 kleine Acryl Glitzersteine bringt jeden Spiel zum Funkeln und sind perfekt zum Dekorieren eines Geburtstags- oder Partytisches.","og_url":"https:\/\/teiaeducation.ch\/de\/produkt\/100-kleine-glitzersteine-grimms\/","og_site_name":"Sustainable Educational Products &amp; Ecological Toys\u00a0","article_publisher":"https:\/\/www.facebook.com\/teiaeducation\/","article_modified_time":"2023-08-09T18:41:49+00:00","og_image":[{"width":1280,"height":1280,"url":"https:\/\/teiaeducation.ch\/wp-content\/uploads\/2023\/05\/100-small-acrylic-glitter-stones-Grimms-2.jpg","type":"image\/jpeg"}],"schema":{"@context":"https:\/\/schema.org","@graph":[{"@type":"WebPage","@id":"https:\/\/teiaeducation.ch\/de\/produkt\/100-kleine-glitzersteine-grimms\/","url":"https:\/\/teiaeducation.ch\/de\/produkt\/100-kleine-glitzersteine-grimms\/","name":"100 kleine Glitzersteine - Grimm's","isPartOf":{"@id":"https:\/\/teiaeducation.ch\/de\/#website"},"primaryImageOfPage":{"@id":"https:\/\/teiaeducation.ch\/de\/produkt\/100-kleine-glitzersteine-grimms\/#primaryimage"},"image":{"@id":"https:\/\/teiaeducation.ch\/de\/produkt\/100-kleine-glitzersteine-grimms\/#primaryimage"},"thumbnailUrl":"https:\/\/teiaeducation.ch\/wp-content\/uploads\/2023\/05\/100-small-acrylic-glitter-stones-Grimms-2.jpg","datePublished":"2023-05-23T09:31:14+00:00","dateModified":"2023-08-09T18:41:49+00:00","description":"Das Grimm's Set mit 100 kleine Acryl Glitzersteine bringt jeden Spiel zum Funkeln und sind perfekt zum Dekorieren eines Geburtstags- oder Partytisches.","breadcrumb":{"@id":"https:\/\/teiaeducation.ch\/de\/produkt\/100-kleine-glitzersteine-grimms\/#breadcrumb"},"inLanguage":"de-CH","potentialAction":[{"@type":"ReadAction","target":["https:\/\/teiaeducation.ch\/de\/produkt\/100-kleine-glitzersteine-grimms\/"]}]},{"@type":"ImageObject","inLanguage":"de-CH","@id":"https:\/\/teiaeducation.ch\/de\/produkt\/100-kleine-glitzersteine-grimms\/#primaryimage","url":"https:\/\/teiaeducation.ch\/wp-content\/uploads\/2023\/05\/100-small-acrylic-glitter-stones-Grimms-2.jpg","contentUrl":"https:\/\/teiaeducation.ch\/wp-content\/uploads\/2023\/05\/100-small-acrylic-glitter-stones-Grimms-2.jpg","width":1280,"height":1280,"caption":"100 kleine Glitzersteine - Grimm's"},{"@type":"BreadcrumbList","@id":"https:\/\/teiaeducation.ch\/de\/produkt\/100-kleine-glitzersteine-grimms\/#breadcrumb","itemListElement":[{"@type":"ListItem","position":1,"name":"Home","item":"https:\/\/teiaeducation.ch\/de\/"},{"@type":"ListItem","position":2,"name":"Laden","item":"https:\/\/teiaeducation.ch\/de\/shop\/"},{"@type":"ListItem","position":3,"name":"Unsere Marken","item":"https:\/\/teiaeducation.ch\/de\/produkt-kategorie\/unsere-marken\/"},{"@type":"ListItem","position":4,"name":"Grimm's","item":"https:\/\/teiaeducation.ch\/de\/produkt-kategorie\/unsere-marken\/grimms-holzspielzeug\/"},{"@type":"ListItem","position":5,"name":"100 kleine Glitzersteine &#8211; Grimm&#8217;s"}]},{"@type":"WebSite","@id":"https:\/\/teiaeducation.ch\/de\/#website","url":"https:\/\/teiaeducation.ch\/de\/","name":"Sustainable Educational Products &amp; Ecological Toys\u00a0","description":"Specialised Swiss shop selling sustainable educational toys and games, AMI certified Montessori materials, handmade ecological wooden Waldorf toys and arts &amp; crafts supplies, school supplies, children&#039;s furniture and Montessori reference and parenting books.","publisher":{"@id":"https:\/\/teiaeducation.ch\/de\/#organization"},"alternateName":"Teia Education & Play","potentialAction":[{"@type":"SearchAction","target":{"@type":"EntryPoint","urlTemplate":"https:\/\/teiaeducation.ch\/de\/?s={search_term_string}"},"query-input":{"@type":"PropertyValueSpecification","valueRequired":true,"valueName":"search_term_string"}}],"inLanguage":"de-CH"},{"@type":"Organization","@id":"https:\/\/teiaeducation.ch\/de\/#organization","name":"Teia Education & Play","url":"https:\/\/teiaeducation.ch\/de\/","logo":{"@type":"ImageObject","inLanguage":"de-CH","@id":"https:\/\/teiaeducation.ch\/de\/#\/schema\/logo\/image\/","url":"https:\/\/teiaeducation.ch\/wp-content\/uploads\/2020\/11\/Teia-Education-Switzerland-e1620156442216.jpg","contentUrl":"https:\/\/teiaeducation.ch\/wp-content\/uploads\/2020\/11\/Teia-Education-Switzerland-e1620156442216.jpg","width":166,"height":145,"caption":"Teia Education & Play"},"image":{"@id":"https:\/\/teiaeducation.ch\/de\/#\/schema\/logo\/image\/"},"sameAs":["https:\/\/www.facebook.com\/teiaeducation\/","https:\/\/x.com\/EducationTeia","https:\/\/www.instagram.com\/teia.education\/","https:\/\/www.linkedin.com\/company\/35501660","https:\/\/www.pinterest.ch\/TeiaEducation\/"]}]}},"_links":{"self":[{"href":"https:\/\/teiaeducation.ch\/de\/wp-json\/wp\/v2\/product\/54414","targetHints":{"allow":["GET"]}}],"collection":[{"href":"https:\/\/teiaeducation.ch\/de\/wp-json\/wp\/v2\/product"}],"about":[{"href":"https:\/\/teiaeducation.ch\/de\/wp-json\/wp\/v2\/types\/product"}],"replies":[{"embeddable":true,"href":"https:\/\/teiaeducation.ch\/de\/wp-json\/wp\/v2\/comments?post=54414"}],"wp:featuredmedia":[{"embeddable":true,"href":"https:\/\/teiaeducation.ch\/de\/wp-json\/wp\/v2\/media\/54280"}],"wp:attachment":[{"href":"https:\/\/teiaeducation.ch\/de\/wp-json\/wp\/v2\/media?parent=54414"}],"wp:term":[{"taxonomy":"product_brand","embeddable":true,"href":"https:\/\/teiaeducation.ch\/de\/wp-json\/wp\/v2\/product_brand?post=54414"},{"taxonomy":"product_cat","embeddable":true,"href":"https:\/\/teiaeducation.ch\/de\/wp-json\/wp\/v2\/product_cat?post=54414"},{"taxonomy":"product_tag","embeddable":true,"href":"https:\/\/teiaeducation.ch\/de\/wp-json\/wp\/v2\/product_tag?post=54414"}],"curies":[{"name":"wp","href":"https:\/\/api.w.org\/{rel}","templated":true}]}}