{"id":54421,"date":"2023-05-22T16:13:55","date_gmt":"2023-05-22T14:13:55","guid":{"rendered":"https:\/\/teiaeducation.ch\/product\/kleine-stufenzaehlstaebe-grimms\/"},"modified":"2025-01-11T20:15:41","modified_gmt":"2025-01-11T19:15:41","slug":"kleine-stufenzahlstabe-grimms","status":"publish","type":"product","link":"https:\/\/teiaeducation.ch\/de\/produkt\/kleine-stufenzahlstabe-grimms\/","title":{"rendered":"Kleine Stufenz\u00e4hlst\u00e4be &#8211; Grimm&#8217;s"},"content":{"rendered":"<p>Die Grimm&#8217;s Kleine Stufenz\u00e4hlst\u00e4be sind ein wundersch\u00f6nes, handgefertigtes, nachhaltiges <a href=\"https:\/\/teiaeducation.ch\/product-category\/play\/wooden-building-blocks\/\">Bauklotzenset aus Holz<\/a> in einem Regenbogen von Farben. Dieses kleine Set wundersch\u00f6ner Bausteine bietet eine spannende Einf\u00fchrung in die Welt der <a href=\"https:\/\/teiaeducation.ch\/product-category\/learning-themes\/mathematics-numeracy\/numbers\/\">Zahlen<\/a>, <a href=\"https:\/\/teiaeducation.ch\/product-category\/learning-themes\/mathematics-numeracy\/fractions\/\">Br\u00fcche<\/a> und die Grundlagen der Mathematik und l\u00e4dt zu endlosem Bauspa\u00df ein!<\/p>\n<p>Grimm&#8217;s\u00a0Kleine Stufenz\u00e4hlst\u00e4be\u00a0bestehen aus 100 Bl\u00f6cken in 10 verschiedenen, leuchtenden Farben in einem Holzrahmen. Zwei kleine t\u00fcrkise Bl\u00f6cke sind so hoch wie ein dunkelgr\u00fcner Block, und zwei dunkelgr\u00fcne Bl\u00f6cke sind so hoch wie ein gelber Block. Vergleiche sie, ordne sie und bringe sie in die richtige Reihenfolge, um spielerisch die Feinmotorik und das r\u00e4umliche Denken zu entwickeln. Es k\u00f6nnen viele <a href=\"https:\/\/teiaeducation.ch\/product-category\/play\/stacking-toys\/\">Stapel-<\/a>, Zuordnungs- und Bauspiele gespielt und sch\u00f6ne T\u00fcrme und Skulpturen gebaut werden.<\/p>\n<p>Das kleine Grimm&#8217;s Stufen-Z\u00e4hlkl\u00f6tzchen-Set besteht aus Lindenholz, das in sch\u00f6nen hellen T\u00f6nen mit ungiftiger Farbbeize auf Wasserbasis gestrichen wurde und somit sicher f\u00fcr Kinder ist. Die Bl\u00f6cke variieren in der H\u00f6he von 1-10 cm. Der Holzrahmen misst 22,5 cm in der L\u00e4nge und ist mit einem ungiftigen \u00d6l auf Pflanzenbasis behandelt.<\/p>\n<p>Ein \u00e4u\u00dferst attraktives und vielseitiges Set zum spielerischen Lernen f\u00fcr j\u00fcngere und \u00e4ltere Kinder gleicherma\u00dfen. Diese von der <a href=\"https:\/\/teiaeducation.ch\/product-category\/education-method\/the-montessori-pedagogy-materials-toys\/\">Montessori-<\/a> und <a href=\"https:\/\/teiaeducation.ch\/product-category\/hgh-quality-toys-play\/waldorf-toys\/\">Waldorfp\u00e4dagogik<\/a> inspirierten Z\u00e4hlbl\u00f6cke sind eine wunderbare Erg\u00e4nzung f\u00fcr das Spielzimmer oder das Klassenzimmer!<\/p>\n<p>Das Grimm&#8217;s Kleine Stufenz\u00e4hlst\u00e4be ist f\u00fcr Kinder ab 3 Jahren geeignet. Sie ist auch in einer <a href=\"https:\/\/teiaeducation.ch\/product\/grimms-large-stepped-counting-blocks\/\">gro\u00dfen Version<\/a> erh\u00e4ltlich.<\/p>\n<p>Inhalt:<\/p>\n<p>100 Bausteine<br \/>\nEin Holzrahmen (22,5 x 22,5 cm)<\/p>\n<h2>\u00dcber Grimm&#8217;s<\/h2>\n<p>Ideal zum Spielen zu Hause, im Kindergarten, in der <a href=\"https:\/\/teiaeducation.ch\/waldorf-steiner-schools-supplies\/\">Waldorf- oder Steiner-Schule<\/a>. Die sch\u00f6nen <a href=\"https:\/\/teiaeducation.ch\/product-category\/brands\/grimms\/\">Grimm&#8217;s Naturholzspielzeuge<\/a> werden nach der <a href=\"https:\/\/teiaeducation.ch\/product-category\/education-method\/waldorf-steiner-toys-craft-materials\/\">Waldorf-Philosophie<\/a> hergestellt, die daf\u00fcr bekannt ist, dass sie Kinder dazu ermutigt, das kreative Spiel selbstst\u00e4ndig, ohne Einschr\u00e4nkungen und in einem gem\u00fctlichen Tempo zu entdecken. Die Grimm&#8217;s Holzspielzeuge werden von Hand mit ungiftigen Farben auf Wasserbasis gef\u00e4rbt und nicht lackiert, damit die urspr\u00fcnglichen Eigenschaften des Holzes und die Maserung erhalten bleiben. Die Oberfl\u00e4che der FSC-zertifizierten europ\u00e4ischen Holz ist leicht rau, wodurch sie vollst\u00e4ndig stapelbar und weniger rutschig sind.<\/p>\n<p>Grimms <a href=\"https:\/\/teiaeducation.ch\/product-category\/hgh-quality-toys-play\/handmade-wooden-toys\/\">handgefertigtes Holzspielzeug<\/a> wird in den Grimm&#8217;schen Werken in Deutschland sowie in mehreren Werkst\u00e4tten in ganz Europa aus verschiedenen Holzarten wie Erle, Linde, Buche und Ahorn hergestellt. Alle H\u00f6lzer, die f\u00fcr die Herstellung der Grimm&#8217;s-Spielzeuge verwendet werden, stammen aus nachhaltig bewirtschafteten europ\u00e4ischen W\u00e4ldern.<\/p>\n<p>Bitte beachten Sie, dass Grimm&#8217;s Spielzeuge immer Unikate sind, die einzigartige, von der Natur geschaffene Zeichen tragen. Die Maserung des Holzes weist wechselnde Strukturen und Farben auf, die von seiner nat\u00fcrlichen Herkunft zeugen. Die einzigartigen Variationen, Markierungen, \u00c4ste, Muster, schwarzen Streifen oder dunklen Flecken, die im Holz eines Grimm&#8217;s Spielzeugs sichtbar sein k\u00f6nnen, sind ein Beweis f\u00fcr Qualit\u00e4t, keine M\u00e4ngel.<\/p>\n","protected":false},"excerpt":{"rendered":"<p>Artikelnummer: gri42100<\/p>\n<p>Die handgefertigten Grimm&#8217;s Kleine Stufenz\u00e4hlst\u00e4be f\u00f6rdern spielerisch, vergleichend und bauend die mathematischen F\u00e4higkeiten und das r\u00e4umliche Denken!<\/p>\n","protected":false},"featured_media":54146,"comment_status":"open","ping_status":"closed","template":"","meta":[],"product_brand":[],"product_cat":[21445,21446,21479,21491,21484,21640,23075,24875,21509,21537,21481,22182,21443,21563,21678,21564,21483,22919,21540],"product_tag":[21720,21719,21715,25208,21716,21721,25211,25213,25205,25202,25209,25212,25204,25210,21713,25206,25207,25203,21714],"class_list":{"0":"post-54421","1":"product","2":"type-product","3":"status-publish","4":"has-post-thumbnail","6":"product_cat-3-6-jahre-vorschule","7":"product_cat-6-12-jahre-grundschule","8":"product_cat-lernmaterialien-spielzeug-montessori-waldorf-steiner-froebel","9":"product_cat-geschenk-guide-lerngeschenke","10":"product_cat-geschenk-guides","11":"product_cat-grimms-holzspielzeug","12":"product_cat-handgefertigtes-holzspielzeug","13":"product_cat-lernen-erfahren","14":"product_cat-lernthemen","15":"product_cat-mathematik-rechnen","16":"product_cat-montessori-paedagogik-material-spielzeug","17":"product_cat-montessori-spielzeug","18":"product_cat-nach-alter","19":"product_cat-neuheiten","20":"product_cat-kinder-spielzeug","21":"product_cat-unsere-marken","22":"product_cat-waldorf-steiner-paedagogik","23":"product_cat-waldorfspielzeug","24":"product_cat-zaehlen","25":"product_tag-grimms-schweiz-de","26":"product_tag-grimms-suisse-de","27":"product_tag-grimms-switzerland-de","28":"product_tag-grimms-gestufte-blocke","29":"product_tag-grimms-holzbausteine-set","30":"product_tag-grimms-holzspielzeugladen","31":"product_tag-grimms-kleine-gestufte-zahlblocke","32":"product_tag-grimms-regenbogen-zahlblocke","33":"product_tag-grimms-regenbogenblocke","34":"product_tag-grimms-regenbogenfarbene-holzklotze","35":"product_tag-grimms-zahlblocke","36":"product_tag-grimms-zahlblocke-gestuft","37":"product_tag-handgefertigte-holz-regenbogenfarben","38":"product_tag-holzklotze-fur-mathematik","39":"product_tag-holzspielzeug-mit-offenem-ende","40":"product_tag-montessori-holzklotze","41":"product_tag-regenbogen-zahlblocke","42":"product_tag-spielzeug-made-in-germany","43":"product_tag-waldorfspielzeug-aus-holz","45":"first","46":"outofstock","47":"taxable","48":"shipping-taxable","49":"purchasable","50":"product-type-simple"},"yoast_head":"<!-- This site is optimized with the Yoast SEO Premium plugin v25.8 (Yoast SEO v27.4) - https:\/\/yoast.com\/product\/yoast-seo-premium-wordpress\/ -->\n<title>Kleine Stufenz\u00e4hlst\u00e4be - Grimm&#039;s - Teia Education &amp; Play<\/title>\n<meta name=\"description\" content=\"Die handgefertigten Grimm&#039;s Kleine Stufenz\u00e4hlst\u00e4be f\u00f6rdern spielerisch, vergleichend und bauend die mathematischen F\u00e4higkeiten und das r\u00e4umliche Denken.\" \/>\n<meta name=\"robots\" content=\"index, follow, max-snippet:-1, max-image-preview:large, max-video-preview:-1\" \/>\n<link rel=\"canonical\" href=\"https:\/\/teiaeducation.ch\/de\/produkt\/kleine-stufenzahlstabe-grimms\/\" \/>\n<meta property=\"og:locale\" content=\"de_DE\" \/>\n<meta property=\"og:type\" content=\"article\" \/>\n<meta property=\"og:title\" content=\"Kleine Stufenz\u00e4hlst\u00e4be - Grimm&#039;s\" \/>\n<meta property=\"og:description\" content=\"Die handgefertigten Grimm&#039;s Kleine Stufenz\u00e4hlst\u00e4be f\u00f6rdern spielerisch, vergleichend und bauend die mathematischen F\u00e4higkeiten und das r\u00e4umliche Denken.\" \/>\n<meta property=\"og:url\" content=\"https:\/\/teiaeducation.ch\/de\/produkt\/kleine-stufenzahlstabe-grimms\/\" \/>\n<meta property=\"og:site_name\" content=\"Sustainable Educational Products &amp; Ecological Toys\u00a0\" \/>\n<meta property=\"article:publisher\" content=\"https:\/\/www.facebook.com\/teiaeducation\/\" \/>\n<meta property=\"article:modified_time\" content=\"2025-01-11T19:15:41+00:00\" \/>\n<meta property=\"og:image\" content=\"https:\/\/teiaeducation.ch\/wp-content\/uploads\/2023\/05\/handmade-sustainable-wooden-counting-blocks-small-stepped-counting-blocks-Grimms-1.jpg\" \/>\n\t<meta property=\"og:image:width\" content=\"1280\" \/>\n\t<meta property=\"og:image:height\" content=\"1280\" \/>\n\t<meta property=\"og:image:type\" content=\"image\/jpeg\" \/>\n<script type=\"application\/ld+json\" class=\"yoast-schema-graph\">{\"@context\":\"https:\\\/\\\/schema.org\",\"@graph\":[{\"@type\":\"WebPage\",\"@id\":\"https:\\\/\\\/teiaeducation.ch\\\/de\\\/produkt\\\/kleine-stufenzahlstabe-grimms\\\/\",\"url\":\"https:\\\/\\\/teiaeducation.ch\\\/de\\\/produkt\\\/kleine-stufenzahlstabe-grimms\\\/\",\"name\":\"Kleine Stufenz\u00e4hlst\u00e4be - Grimm's - Teia Education & Play\",\"isPartOf\":{\"@id\":\"https:\\\/\\\/teiaeducation.ch\\\/de\\\/#website\"},\"primaryImageOfPage\":{\"@id\":\"https:\\\/\\\/teiaeducation.ch\\\/de\\\/produkt\\\/kleine-stufenzahlstabe-grimms\\\/#primaryimage\"},\"image\":{\"@id\":\"https:\\\/\\\/teiaeducation.ch\\\/de\\\/produkt\\\/kleine-stufenzahlstabe-grimms\\\/#primaryimage\"},\"thumbnailUrl\":\"https:\\\/\\\/teiaeducation.ch\\\/wp-content\\\/uploads\\\/2023\\\/05\\\/handmade-sustainable-wooden-counting-blocks-small-stepped-counting-blocks-Grimms-1.jpg\",\"datePublished\":\"2023-05-22T14:13:55+00:00\",\"dateModified\":\"2025-01-11T19:15:41+00:00\",\"description\":\"Die handgefertigten Grimm's Kleine Stufenz\u00e4hlst\u00e4be f\u00f6rdern spielerisch, vergleichend und bauend die mathematischen F\u00e4higkeiten und das r\u00e4umliche Denken.\",\"breadcrumb\":{\"@id\":\"https:\\\/\\\/teiaeducation.ch\\\/de\\\/produkt\\\/kleine-stufenzahlstabe-grimms\\\/#breadcrumb\"},\"inLanguage\":\"de-CH\",\"potentialAction\":[{\"@type\":\"ReadAction\",\"target\":[\"https:\\\/\\\/teiaeducation.ch\\\/de\\\/produkt\\\/kleine-stufenzahlstabe-grimms\\\/\"]}]},{\"@type\":\"ImageObject\",\"inLanguage\":\"de-CH\",\"@id\":\"https:\\\/\\\/teiaeducation.ch\\\/de\\\/produkt\\\/kleine-stufenzahlstabe-grimms\\\/#primaryimage\",\"url\":\"https:\\\/\\\/teiaeducation.ch\\\/wp-content\\\/uploads\\\/2023\\\/05\\\/handmade-sustainable-wooden-counting-blocks-small-stepped-counting-blocks-Grimms-1.jpg\",\"contentUrl\":\"https:\\\/\\\/teiaeducation.ch\\\/wp-content\\\/uploads\\\/2023\\\/05\\\/handmade-sustainable-wooden-counting-blocks-small-stepped-counting-blocks-Grimms-1.jpg\",\"width\":1280,\"height\":1280,\"caption\":\"Grimms Kleine Stufenz\u00e4hlst\u00e4be\"},{\"@type\":\"BreadcrumbList\",\"@id\":\"https:\\\/\\\/teiaeducation.ch\\\/de\\\/produkt\\\/kleine-stufenzahlstabe-grimms\\\/#breadcrumb\",\"itemListElement\":[{\"@type\":\"ListItem\",\"position\":1,\"name\":\"Home\",\"item\":\"https:\\\/\\\/teiaeducation.ch\\\/de\\\/\"},{\"@type\":\"ListItem\",\"position\":2,\"name\":\"Laden\",\"item\":\"https:\\\/\\\/teiaeducation.ch\\\/de\\\/shop\\\/\"},{\"@type\":\"ListItem\",\"position\":3,\"name\":\"Unsere Marken\",\"item\":\"https:\\\/\\\/teiaeducation.ch\\\/de\\\/produkt-kategorie\\\/unsere-marken\\\/\"},{\"@type\":\"ListItem\",\"position\":4,\"name\":\"Grimm's\",\"item\":\"https:\\\/\\\/teiaeducation.ch\\\/de\\\/produkt-kategorie\\\/unsere-marken\\\/grimms-holzspielzeug\\\/\"},{\"@type\":\"ListItem\",\"position\":5,\"name\":\"Lernen &amp; Erfahren\",\"item\":\"https:\\\/\\\/teiaeducation.ch\\\/de\\\/produkt-kategorie\\\/unsere-marken\\\/grimms-holzspielzeug\\\/lernen-erfahren\\\/\"},{\"@type\":\"ListItem\",\"position\":6,\"name\":\"Kleine Stufenz\u00e4hlst\u00e4be &#8211; Grimm&#8217;s\"}]},{\"@type\":\"WebSite\",\"@id\":\"https:\\\/\\\/teiaeducation.ch\\\/de\\\/#website\",\"url\":\"https:\\\/\\\/teiaeducation.ch\\\/de\\\/\",\"name\":\"Sustainable Educational Products &amp; Ecological Toys\u00a0\",\"description\":\"Specialised Swiss shop selling sustainable educational toys and games, AMI certified Montessori materials, handmade ecological wooden Waldorf toys and arts &amp; crafts supplies, school supplies, children&#039;s furniture and Montessori reference and parenting books.\",\"publisher\":{\"@id\":\"https:\\\/\\\/teiaeducation.ch\\\/de\\\/#organization\"},\"alternateName\":\"Teia Education & Play\",\"potentialAction\":[{\"@type\":\"SearchAction\",\"target\":{\"@type\":\"EntryPoint\",\"urlTemplate\":\"https:\\\/\\\/teiaeducation.ch\\\/de\\\/?s={search_term_string}\"},\"query-input\":{\"@type\":\"PropertyValueSpecification\",\"valueRequired\":true,\"valueName\":\"search_term_string\"}}],\"inLanguage\":\"de-CH\"},{\"@type\":\"Organization\",\"@id\":\"https:\\\/\\\/teiaeducation.ch\\\/de\\\/#organization\",\"name\":\"Teia Education & Play\",\"url\":\"https:\\\/\\\/teiaeducation.ch\\\/de\\\/\",\"logo\":{\"@type\":\"ImageObject\",\"inLanguage\":\"de-CH\",\"@id\":\"https:\\\/\\\/teiaeducation.ch\\\/de\\\/#\\\/schema\\\/logo\\\/image\\\/\",\"url\":\"https:\\\/\\\/teiaeducation.ch\\\/wp-content\\\/uploads\\\/2020\\\/11\\\/Teia-Education-Switzerland-e1620156442216.jpg\",\"contentUrl\":\"https:\\\/\\\/teiaeducation.ch\\\/wp-content\\\/uploads\\\/2020\\\/11\\\/Teia-Education-Switzerland-e1620156442216.jpg\",\"width\":166,\"height\":145,\"caption\":\"Teia Education & Play\"},\"image\":{\"@id\":\"https:\\\/\\\/teiaeducation.ch\\\/de\\\/#\\\/schema\\\/logo\\\/image\\\/\"},\"sameAs\":[\"https:\\\/\\\/www.facebook.com\\\/teiaeducation\\\/\",\"https:\\\/\\\/x.com\\\/EducationTeia\",\"https:\\\/\\\/www.instagram.com\\\/teia.education\\\/\",\"https:\\\/\\\/www.linkedin.com\\\/company\\\/35501660\",\"https:\\\/\\\/www.pinterest.ch\\\/TeiaEducation\\\/\"]}]}<\/script>\n<meta property=\"product:price:amount\" content=\"69.90\" \/>\n<meta property=\"product:price:currency\" content=\"CHF\" \/>\n<meta property=\"og:availability\" content=\"out of stock\" \/>\n<meta property=\"product:availability\" content=\"out of stock\" \/>\n<meta property=\"product:condition\" content=\"new\" \/>\n<!-- \/ Yoast SEO Premium plugin. -->","yoast_head_json":{"title":"Kleine Stufenz\u00e4hlst\u00e4be - Grimm's - Teia Education & Play","description":"Die handgefertigten Grimm's Kleine Stufenz\u00e4hlst\u00e4be f\u00f6rdern spielerisch, vergleichend und bauend die mathematischen F\u00e4higkeiten und das r\u00e4umliche Denken.","robots":{"index":"index","follow":"follow","max-snippet":"max-snippet:-1","max-image-preview":"max-image-preview:large","max-video-preview":"max-video-preview:-1"},"canonical":"https:\/\/teiaeducation.ch\/de\/produkt\/kleine-stufenzahlstabe-grimms\/","og_locale":"de_DE","og_type":"article","og_title":"Kleine Stufenz\u00e4hlst\u00e4be - Grimm's","og_description":"Die handgefertigten Grimm's Kleine Stufenz\u00e4hlst\u00e4be f\u00f6rdern spielerisch, vergleichend und bauend die mathematischen F\u00e4higkeiten und das r\u00e4umliche Denken.","og_url":"https:\/\/teiaeducation.ch\/de\/produkt\/kleine-stufenzahlstabe-grimms\/","og_site_name":"Sustainable Educational Products &amp; Ecological Toys\u00a0","article_publisher":"https:\/\/www.facebook.com\/teiaeducation\/","article_modified_time":"2025-01-11T19:15:41+00:00","og_image":[{"width":1280,"height":1280,"url":"https:\/\/teiaeducation.ch\/wp-content\/uploads\/2023\/05\/handmade-sustainable-wooden-counting-blocks-small-stepped-counting-blocks-Grimms-1.jpg","type":"image\/jpeg"}],"schema":{"@context":"https:\/\/schema.org","@graph":[{"@type":"WebPage","@id":"https:\/\/teiaeducation.ch\/de\/produkt\/kleine-stufenzahlstabe-grimms\/","url":"https:\/\/teiaeducation.ch\/de\/produkt\/kleine-stufenzahlstabe-grimms\/","name":"Kleine Stufenz\u00e4hlst\u00e4be - Grimm's - Teia Education & Play","isPartOf":{"@id":"https:\/\/teiaeducation.ch\/de\/#website"},"primaryImageOfPage":{"@id":"https:\/\/teiaeducation.ch\/de\/produkt\/kleine-stufenzahlstabe-grimms\/#primaryimage"},"image":{"@id":"https:\/\/teiaeducation.ch\/de\/produkt\/kleine-stufenzahlstabe-grimms\/#primaryimage"},"thumbnailUrl":"https:\/\/teiaeducation.ch\/wp-content\/uploads\/2023\/05\/handmade-sustainable-wooden-counting-blocks-small-stepped-counting-blocks-Grimms-1.jpg","datePublished":"2023-05-22T14:13:55+00:00","dateModified":"2025-01-11T19:15:41+00:00","description":"Die handgefertigten Grimm's Kleine Stufenz\u00e4hlst\u00e4be f\u00f6rdern spielerisch, vergleichend und bauend die mathematischen F\u00e4higkeiten und das r\u00e4umliche Denken.","breadcrumb":{"@id":"https:\/\/teiaeducation.ch\/de\/produkt\/kleine-stufenzahlstabe-grimms\/#breadcrumb"},"inLanguage":"de-CH","potentialAction":[{"@type":"ReadAction","target":["https:\/\/teiaeducation.ch\/de\/produkt\/kleine-stufenzahlstabe-grimms\/"]}]},{"@type":"ImageObject","inLanguage":"de-CH","@id":"https:\/\/teiaeducation.ch\/de\/produkt\/kleine-stufenzahlstabe-grimms\/#primaryimage","url":"https:\/\/teiaeducation.ch\/wp-content\/uploads\/2023\/05\/handmade-sustainable-wooden-counting-blocks-small-stepped-counting-blocks-Grimms-1.jpg","contentUrl":"https:\/\/teiaeducation.ch\/wp-content\/uploads\/2023\/05\/handmade-sustainable-wooden-counting-blocks-small-stepped-counting-blocks-Grimms-1.jpg","width":1280,"height":1280,"caption":"Grimms Kleine Stufenz\u00e4hlst\u00e4be"},{"@type":"BreadcrumbList","@id":"https:\/\/teiaeducation.ch\/de\/produkt\/kleine-stufenzahlstabe-grimms\/#breadcrumb","itemListElement":[{"@type":"ListItem","position":1,"name":"Home","item":"https:\/\/teiaeducation.ch\/de\/"},{"@type":"ListItem","position":2,"name":"Laden","item":"https:\/\/teiaeducation.ch\/de\/shop\/"},{"@type":"ListItem","position":3,"name":"Unsere Marken","item":"https:\/\/teiaeducation.ch\/de\/produkt-kategorie\/unsere-marken\/"},{"@type":"ListItem","position":4,"name":"Grimm's","item":"https:\/\/teiaeducation.ch\/de\/produkt-kategorie\/unsere-marken\/grimms-holzspielzeug\/"},{"@type":"ListItem","position":5,"name":"Lernen &amp; Erfahren","item":"https:\/\/teiaeducation.ch\/de\/produkt-kategorie\/unsere-marken\/grimms-holzspielzeug\/lernen-erfahren\/"},{"@type":"ListItem","position":6,"name":"Kleine Stufenz\u00e4hlst\u00e4be &#8211; Grimm&#8217;s"}]},{"@type":"WebSite","@id":"https:\/\/teiaeducation.ch\/de\/#website","url":"https:\/\/teiaeducation.ch\/de\/","name":"Sustainable Educational Products &amp; Ecological Toys\u00a0","description":"Specialised Swiss shop selling sustainable educational toys and games, AMI certified Montessori materials, handmade ecological wooden Waldorf toys and arts &amp; crafts supplies, school supplies, children&#039;s furniture and Montessori reference and parenting books.","publisher":{"@id":"https:\/\/teiaeducation.ch\/de\/#organization"},"alternateName":"Teia Education & Play","potentialAction":[{"@type":"SearchAction","target":{"@type":"EntryPoint","urlTemplate":"https:\/\/teiaeducation.ch\/de\/?s={search_term_string}"},"query-input":{"@type":"PropertyValueSpecification","valueRequired":true,"valueName":"search_term_string"}}],"inLanguage":"de-CH"},{"@type":"Organization","@id":"https:\/\/teiaeducation.ch\/de\/#organization","name":"Teia Education & Play","url":"https:\/\/teiaeducation.ch\/de\/","logo":{"@type":"ImageObject","inLanguage":"de-CH","@id":"https:\/\/teiaeducation.ch\/de\/#\/schema\/logo\/image\/","url":"https:\/\/teiaeducation.ch\/wp-content\/uploads\/2020\/11\/Teia-Education-Switzerland-e1620156442216.jpg","contentUrl":"https:\/\/teiaeducation.ch\/wp-content\/uploads\/2020\/11\/Teia-Education-Switzerland-e1620156442216.jpg","width":166,"height":145,"caption":"Teia Education & Play"},"image":{"@id":"https:\/\/teiaeducation.ch\/de\/#\/schema\/logo\/image\/"},"sameAs":["https:\/\/www.facebook.com\/teiaeducation\/","https:\/\/x.com\/EducationTeia","https:\/\/www.instagram.com\/teia.education\/","https:\/\/www.linkedin.com\/company\/35501660","https:\/\/www.pinterest.ch\/TeiaEducation\/"]}]},"product_price_amount":"69.90","product_price_currency":"CHF","og_availability":"out of stock","product_availability":"out of stock","product_condition":"new"},"_links":{"self":[{"href":"https:\/\/teiaeducation.ch\/de\/wp-json\/wp\/v2\/product\/54421","targetHints":{"allow":["GET"]}}],"collection":[{"href":"https:\/\/teiaeducation.ch\/de\/wp-json\/wp\/v2\/product"}],"about":[{"href":"https:\/\/teiaeducation.ch\/de\/wp-json\/wp\/v2\/types\/product"}],"replies":[{"embeddable":true,"href":"https:\/\/teiaeducation.ch\/de\/wp-json\/wp\/v2\/comments?post=54421"}],"wp:featuredmedia":[{"embeddable":true,"href":"https:\/\/teiaeducation.ch\/de\/wp-json\/wp\/v2\/media\/54146"}],"wp:attachment":[{"href":"https:\/\/teiaeducation.ch\/de\/wp-json\/wp\/v2\/media?parent=54421"}],"wp:term":[{"taxonomy":"product_brand","embeddable":true,"href":"https:\/\/teiaeducation.ch\/de\/wp-json\/wp\/v2\/product_brand?post=54421"},{"taxonomy":"product_cat","embeddable":true,"href":"https:\/\/teiaeducation.ch\/de\/wp-json\/wp\/v2\/product_cat?post=54421"},{"taxonomy":"product_tag","embeddable":true,"href":"https:\/\/teiaeducation.ch\/de\/wp-json\/wp\/v2\/product_tag?post=54421"}],"curies":[{"name":"wp","href":"https:\/\/api.w.org\/{rel}","templated":true}]}}