{"id":54425,"date":"2023-04-24T11:20:56","date_gmt":"2023-04-24T09:20:56","guid":{"rendered":"https:\/\/teiaeducation.ch\/product\/mini-babyroller-grimms\/"},"modified":"2025-02-26T21:13:09","modified_gmt":"2025-02-26T20:13:09","slug":"mini-babyroller-grimms","status":"publish","type":"product","link":"https:\/\/teiaeducation.ch\/de\/produkt\/mini-babyroller-grimms\/","title":{"rendered":"Mini Babyroller &#8211; Grimm&#8217;s"},"content":{"rendered":"<p>Das h\u00fcbsche Mini-Regenbogen-Rollrad Babyroller von Grimm ist das perfekte handgefertigte, nachhaltige <a href=\"https:\/\/teiaeducation.ch\/product-category\/play\/sensory-play\/\">Holz-Sinnesspielzeug<\/a> f\u00fcr Babys und Kleinkinder. Dieses robuste, langlebige Holzspielzeug regt Kinder dazu an, ihm hinterher zu krabbeln oder zu laufen und dabei den Kl\u00e4ngen der bunten Holzperlen und der Glocke sowie dem faszinierenden Farbrad zu folgen, das beim Rollen entsteht. Ein sch\u00f6nes und lustiges Sinnesspielzeug!<\/p>\n<p>Das Grimm&#8217;s Mini-Regenbogen-Rollrad Babyroller ist aus Lindenholz gefertigt und mit ungiftigem \u00d6l auf Pflanzenbasis und ungiftiger Farbbeize auf Wasserbasis behandelt. Er ist sicher und nat\u00fcrlich und eignet sich f\u00fcr das Spiel und den Mund von Babys und Kleinkindern ab der Geburt. Das Mini-Rollrad hat einen Durchmesser von 6 cm.<\/p>\n<p>Das Grimm&#8217;s Mini-Regenbogen-Rollrad Babyroller ist f\u00fcr Kinder ab 0 Jahren geeignet.<\/p>\n<p>Inhalt:<\/p>\n<p>1 Mini Babyroller<\/p>\n<h2>\u00dcber Grimm&#8217;s<\/h2>\n<p>Ideal zum Spielen zu Hause, im Kindergarten, in der <a href=\"https:\/\/teiaeducation.ch\/waldorf-steiner-schools-supplies\/\">Waldorf- oder Steiner-Schule<\/a>. Die sch\u00f6nen <a href=\"https:\/\/teiaeducation.ch\/product-category\/brands\/grimms\/\">Grimm&#8217;s Naturholzspielzeuge<\/a> werden nach der <a href=\"https:\/\/teiaeducation.ch\/product-category\/education-method\/waldorf-steiner-toys-craft-materials\/\">Waldorf-Philosophie<\/a> hergestellt, die daf\u00fcr bekannt ist, dass sie Kinder dazu ermutigt, das kreative Spiel selbstst\u00e4ndig, ohne Einschr\u00e4nkungen und in einem gem\u00fctlichen Tempo zu entdecken. Die Grimm&#8217;s Holzspielzeuge werden von Hand mit ungiftigen Farben auf Wasserbasis gef\u00e4rbt und nicht lackiert, damit die urspr\u00fcnglichen Eigenschaften des Holzes und die Maserung erhalten bleiben. Die Oberfl\u00e4che der FSC-zertifizierten europ\u00e4ischen Holz ist leicht rau, wodurch sie vollst\u00e4ndig stapelbar und weniger rutschig sind.<\/p>\n<p>Grimms <a href=\"https:\/\/teiaeducation.ch\/product-category\/hgh-quality-toys-play\/handmade-wooden-toys\/\">handgefertigtes Holzspielzeug<\/a> wird in den Grimm&#8217;schen Werken in Deutschland sowie in mehreren Werkst\u00e4tten in ganz Europa aus verschiedenen Holzarten wie Erle, Linde, Buche und Ahorn hergestellt. Alle H\u00f6lzer, die f\u00fcr die Herstellung der Grimm&#8217;s-Spielzeuge verwendet werden, stammen aus nachhaltig bewirtschafteten europ\u00e4ischen W\u00e4ldern.<\/p>\n<p>Bitte beachten Sie, dass Grimm&#8217;s Spielzeuge immer Unikate sind, die einzigartige, von der Natur geschaffene Zeichen tragen. Die Maserung des Holzes weist wechselnde Strukturen und Farben auf, die von seiner nat\u00fcrlichen Herkunft zeugen. Die einzigartigen Variationen, Markierungen, \u00c4ste, Muster, schwarzen Streifen oder dunklen Flecken, die im Holz eines Grimm&#8217;s Spielzeugs sichtbar sein k\u00f6nnen, sind ein Beweis f\u00fcr Qualit\u00e4t, keine M\u00e4ngel.<\/p>\n","protected":false},"excerpt":{"rendered":"<p>Artikelnummer: gri08131<\/p>\n<p>Das Mini-Regenbogen-Rollrad Babyroller von Grimm&#8217;s ist das perfekte handgefertigte, nachhaltige Holz-Sinnesspielzeug f\u00fcr Babys und Kleinkinder.<\/p>\n","protected":false},"featured_media":53449,"comment_status":"open","ping_status":"closed","template":"","meta":[],"product_brand":[],"product_cat":[25967,21681,21485,21484,21640,23075,21443,21563,24863,21695,21678,21564,22919,21700],"product_tag":[25219,25229,25228,25241,25227,25225,25240,25237,25246,25221,25232,25236,25233,25234,21720,25235,25238,21719,21715,25222,21721,25204,25239,21712,25230,25226,25248,25223,25242,25224,25231,25245,25243,25220,25244,21714],"class_list":{"0":"post-54425","1":"product","2":"type-product","3":"status-publish","4":"has-post-thumbnail","6":"product_cat-0-12-monate-baby","7":"product_cat-baby-rasseln","8":"product_cat-geschenk-guide-0-12-monate-baby","9":"product_cat-geschenk-guides","10":"product_cat-grimms-holzspielzeug","11":"product_cat-handgefertigtes-holzspielzeug","12":"product_cat-nach-alter","13":"product_cat-neuheiten","14":"product_cat-rasseln-greifen","15":"product_cat-sinnliches-spiel","16":"product_cat-kinder-spielzeug","17":"product_cat-unsere-marken","18":"product_cat-waldorfspielzeug","19":"product_cat-zahnungsspielzeug","20":"product_tag-babyspielzeug-aus-holz","21":"product_tag-beisring-aus-holz","22":"product_tag-beisring-regenbogen","23":"product_tag-beisring-regenbogenboot","24":"product_tag-beisringe-aus-holz","25":"product_tag-grimms-beisring","26":"product_tag-grimms-hergestellt-in-deutschland","27":"product_tag-grimms-holzerne-regenbogenperlen-rassel","28":"product_tag-grimms-klipp-klapp-rassel","29":"product_tag-grimms-rassel","30":"product_tag-grimms-rassel-schiff","31":"product_tag-grimms-regenbogen-beisring","32":"product_tag-grimms-regenbogen-rassel","33":"product_tag-grimms-regenbogen-schiff","34":"product_tag-grimms-schweiz-de","35":"product_tag-grimms-spielzeuge-schweiz","36":"product_tag-grimms-spielzeugladen","37":"product_tag-grimms-suisse-de","38":"product_tag-grimms-switzerland-de","39":"product_tag-grimms-holzrassel","40":"product_tag-grimms-holzspielzeugladen","41":"product_tag-handgefertigte-holz-regenbogenfarben","42":"product_tag-handgefertigtes-regenbogenspielzeug-aus-holz","43":"product_tag-hergestellt-in-deutschland","44":"product_tag-holzernes-beisspielzeug","45":"product_tag-holzernes-beisspielzeuge","46":"product_tag-klipp-klapp-rassel-rot-grimms-2","47":"product_tag-nachhaltiges-babyspielzeug","48":"product_tag-nachhaltiges-babyspielzeug-regenbogen","49":"product_tag-okologische-babyspielzeuge","50":"product_tag-regenbogen-babyspielzeug-aus-holz","51":"product_tag-regenbogen-rassel-grimms","52":"product_tag-waldorf-baby-rassel","53":"product_tag-waldorf-rassel","54":"product_tag-waldorf-regenbogen-babyspielzeug-aus-holz","55":"product_tag-waldorfspielzeug-aus-holz","57":"first","58":"outofstock","59":"taxable","60":"shipping-taxable","61":"purchasable","62":"product-type-simple"},"yoast_head":"<!-- This site is optimized with the Yoast SEO Premium plugin v25.8 (Yoast SEO v27.4) - https:\/\/yoast.com\/product\/yoast-seo-premium-wordpress\/ -->\n<title>Mini Babyroller - Grimm&#039;s - Teia Education &amp; Play<\/title>\n<meta name=\"description\" content=\"Das Mini-Regenbogen-Rollrad Babyroller von Grimm&#039;s ist das perfekte handgefertigte, nachhaltige Holz-Sinnesspielzeug f\u00fcr Babys und Kleinkinder.\" \/>\n<meta name=\"robots\" content=\"index, follow, max-snippet:-1, max-image-preview:large, max-video-preview:-1\" \/>\n<link rel=\"canonical\" href=\"https:\/\/teiaeducation.ch\/de\/produkt\/mini-babyroller-grimms\/\" \/>\n<meta property=\"og:locale\" content=\"de_DE\" \/>\n<meta property=\"og:type\" content=\"article\" \/>\n<meta property=\"og:title\" content=\"Mini Babyroller - Grimm&#039;s\" \/>\n<meta property=\"og:description\" content=\"Das Mini-Regenbogen-Rollrad Babyroller von Grimm&#039;s ist das perfekte handgefertigte, nachhaltige Holz-Sinnesspielzeug f\u00fcr Babys und Kleinkinder.\" \/>\n<meta property=\"og:url\" content=\"https:\/\/teiaeducation.ch\/de\/produkt\/mini-babyroller-grimms\/\" \/>\n<meta property=\"og:site_name\" content=\"Sustainable Educational Products &amp; Ecological Toys\u00a0\" \/>\n<meta property=\"article:publisher\" content=\"https:\/\/www.facebook.com\/teiaeducation\/\" \/>\n<meta property=\"article:modified_time\" content=\"2025-02-26T20:13:09+00:00\" \/>\n<meta property=\"og:image\" content=\"https:\/\/teiaeducation.ch\/wp-content\/uploads\/2023\/04\/Handmade-sustainable-wooden-baby-sensory-toy-mini-Rainbow-rolling-wheel-Grimms-1.jpg\" \/>\n\t<meta property=\"og:image:width\" content=\"1280\" \/>\n\t<meta property=\"og:image:height\" content=\"1280\" \/>\n\t<meta property=\"og:image:type\" content=\"image\/jpeg\" \/>\n<script type=\"application\/ld+json\" class=\"yoast-schema-graph\">{\"@context\":\"https:\\\/\\\/schema.org\",\"@graph\":[{\"@type\":\"WebPage\",\"@id\":\"https:\\\/\\\/teiaeducation.ch\\\/de\\\/produkt\\\/mini-babyroller-grimms\\\/\",\"url\":\"https:\\\/\\\/teiaeducation.ch\\\/de\\\/produkt\\\/mini-babyroller-grimms\\\/\",\"name\":\"Mini Babyroller - Grimm's - Teia Education & Play\",\"isPartOf\":{\"@id\":\"https:\\\/\\\/teiaeducation.ch\\\/de\\\/#website\"},\"primaryImageOfPage\":{\"@id\":\"https:\\\/\\\/teiaeducation.ch\\\/de\\\/produkt\\\/mini-babyroller-grimms\\\/#primaryimage\"},\"image\":{\"@id\":\"https:\\\/\\\/teiaeducation.ch\\\/de\\\/produkt\\\/mini-babyroller-grimms\\\/#primaryimage\"},\"thumbnailUrl\":\"https:\\\/\\\/teiaeducation.ch\\\/wp-content\\\/uploads\\\/2023\\\/04\\\/Handmade-sustainable-wooden-baby-sensory-toy-mini-Rainbow-rolling-wheel-Grimms-1.jpg\",\"datePublished\":\"2023-04-24T09:20:56+00:00\",\"dateModified\":\"2025-02-26T20:13:09+00:00\",\"description\":\"Das Mini-Regenbogen-Rollrad Babyroller von Grimm's ist das perfekte handgefertigte, nachhaltige Holz-Sinnesspielzeug f\u00fcr Babys und Kleinkinder.\",\"breadcrumb\":{\"@id\":\"https:\\\/\\\/teiaeducation.ch\\\/de\\\/produkt\\\/mini-babyroller-grimms\\\/#breadcrumb\"},\"inLanguage\":\"de-CH\",\"potentialAction\":[{\"@type\":\"ReadAction\",\"target\":[\"https:\\\/\\\/teiaeducation.ch\\\/de\\\/produkt\\\/mini-babyroller-grimms\\\/\"]}]},{\"@type\":\"ImageObject\",\"inLanguage\":\"de-CH\",\"@id\":\"https:\\\/\\\/teiaeducation.ch\\\/de\\\/produkt\\\/mini-babyroller-grimms\\\/#primaryimage\",\"url\":\"https:\\\/\\\/teiaeducation.ch\\\/wp-content\\\/uploads\\\/2023\\\/04\\\/Handmade-sustainable-wooden-baby-sensory-toy-mini-Rainbow-rolling-wheel-Grimms-1.jpg\",\"contentUrl\":\"https:\\\/\\\/teiaeducation.ch\\\/wp-content\\\/uploads\\\/2023\\\/04\\\/Handmade-sustainable-wooden-baby-sensory-toy-mini-Rainbow-rolling-wheel-Grimms-1.jpg\",\"width\":1280,\"height\":1280,\"caption\":\"Handgefertigtes nachhaltiges h\u00f6lzernes Baby-Sinnesspielzeug Mini Babyroller Grimm's\"},{\"@type\":\"BreadcrumbList\",\"@id\":\"https:\\\/\\\/teiaeducation.ch\\\/de\\\/produkt\\\/mini-babyroller-grimms\\\/#breadcrumb\",\"itemListElement\":[{\"@type\":\"ListItem\",\"position\":1,\"name\":\"Home\",\"item\":\"https:\\\/\\\/teiaeducation.ch\\\/de\\\/\"},{\"@type\":\"ListItem\",\"position\":2,\"name\":\"Laden\",\"item\":\"https:\\\/\\\/teiaeducation.ch\\\/de\\\/shop\\\/\"},{\"@type\":\"ListItem\",\"position\":3,\"name\":\"Unsere Marken\",\"item\":\"https:\\\/\\\/teiaeducation.ch\\\/de\\\/produkt-kategorie\\\/unsere-marken\\\/\"},{\"@type\":\"ListItem\",\"position\":4,\"name\":\"Grimm's\",\"item\":\"https:\\\/\\\/teiaeducation.ch\\\/de\\\/produkt-kategorie\\\/unsere-marken\\\/grimms-holzspielzeug\\\/\"},{\"@type\":\"ListItem\",\"position\":5,\"name\":\"Mini Babyroller &#8211; Grimm&#8217;s\"}]},{\"@type\":\"WebSite\",\"@id\":\"https:\\\/\\\/teiaeducation.ch\\\/de\\\/#website\",\"url\":\"https:\\\/\\\/teiaeducation.ch\\\/de\\\/\",\"name\":\"Sustainable Educational Products &amp; Ecological Toys\u00a0\",\"description\":\"Specialised Swiss shop selling sustainable educational toys and games, AMI certified Montessori materials, handmade ecological wooden Waldorf toys and arts &amp; crafts supplies, school supplies, children&#039;s furniture and Montessori reference and parenting books.\",\"publisher\":{\"@id\":\"https:\\\/\\\/teiaeducation.ch\\\/de\\\/#organization\"},\"alternateName\":\"Teia Education & Play\",\"potentialAction\":[{\"@type\":\"SearchAction\",\"target\":{\"@type\":\"EntryPoint\",\"urlTemplate\":\"https:\\\/\\\/teiaeducation.ch\\\/de\\\/?s={search_term_string}\"},\"query-input\":{\"@type\":\"PropertyValueSpecification\",\"valueRequired\":true,\"valueName\":\"search_term_string\"}}],\"inLanguage\":\"de-CH\"},{\"@type\":\"Organization\",\"@id\":\"https:\\\/\\\/teiaeducation.ch\\\/de\\\/#organization\",\"name\":\"Teia Education & Play\",\"url\":\"https:\\\/\\\/teiaeducation.ch\\\/de\\\/\",\"logo\":{\"@type\":\"ImageObject\",\"inLanguage\":\"de-CH\",\"@id\":\"https:\\\/\\\/teiaeducation.ch\\\/de\\\/#\\\/schema\\\/logo\\\/image\\\/\",\"url\":\"https:\\\/\\\/teiaeducation.ch\\\/wp-content\\\/uploads\\\/2020\\\/11\\\/Teia-Education-Switzerland-e1620156442216.jpg\",\"contentUrl\":\"https:\\\/\\\/teiaeducation.ch\\\/wp-content\\\/uploads\\\/2020\\\/11\\\/Teia-Education-Switzerland-e1620156442216.jpg\",\"width\":166,\"height\":145,\"caption\":\"Teia Education & Play\"},\"image\":{\"@id\":\"https:\\\/\\\/teiaeducation.ch\\\/de\\\/#\\\/schema\\\/logo\\\/image\\\/\"},\"sameAs\":[\"https:\\\/\\\/www.facebook.com\\\/teiaeducation\\\/\",\"https:\\\/\\\/x.com\\\/EducationTeia\",\"https:\\\/\\\/www.instagram.com\\\/teia.education\\\/\",\"https:\\\/\\\/www.linkedin.com\\\/company\\\/35501660\",\"https:\\\/\\\/www.pinterest.ch\\\/TeiaEducation\\\/\"]}]}<\/script>\n<meta property=\"product:price:amount\" content=\"32.90\" \/>\n<meta property=\"product:price:currency\" content=\"CHF\" \/>\n<meta property=\"og:availability\" content=\"out of stock\" \/>\n<meta property=\"product:availability\" content=\"out of stock\" \/>\n<meta property=\"product:condition\" content=\"new\" \/>\n<!-- \/ Yoast SEO Premium plugin. -->","yoast_head_json":{"title":"Mini Babyroller - Grimm's - Teia Education & Play","description":"Das Mini-Regenbogen-Rollrad Babyroller von Grimm's ist das perfekte handgefertigte, nachhaltige Holz-Sinnesspielzeug f\u00fcr Babys und Kleinkinder.","robots":{"index":"index","follow":"follow","max-snippet":"max-snippet:-1","max-image-preview":"max-image-preview:large","max-video-preview":"max-video-preview:-1"},"canonical":"https:\/\/teiaeducation.ch\/de\/produkt\/mini-babyroller-grimms\/","og_locale":"de_DE","og_type":"article","og_title":"Mini Babyroller - Grimm's","og_description":"Das Mini-Regenbogen-Rollrad Babyroller von Grimm's ist das perfekte handgefertigte, nachhaltige Holz-Sinnesspielzeug f\u00fcr Babys und Kleinkinder.","og_url":"https:\/\/teiaeducation.ch\/de\/produkt\/mini-babyroller-grimms\/","og_site_name":"Sustainable Educational Products &amp; Ecological Toys\u00a0","article_publisher":"https:\/\/www.facebook.com\/teiaeducation\/","article_modified_time":"2025-02-26T20:13:09+00:00","og_image":[{"width":1280,"height":1280,"url":"https:\/\/teiaeducation.ch\/wp-content\/uploads\/2023\/04\/Handmade-sustainable-wooden-baby-sensory-toy-mini-Rainbow-rolling-wheel-Grimms-1.jpg","type":"image\/jpeg"}],"schema":{"@context":"https:\/\/schema.org","@graph":[{"@type":"WebPage","@id":"https:\/\/teiaeducation.ch\/de\/produkt\/mini-babyroller-grimms\/","url":"https:\/\/teiaeducation.ch\/de\/produkt\/mini-babyroller-grimms\/","name":"Mini Babyroller - Grimm's - Teia Education & Play","isPartOf":{"@id":"https:\/\/teiaeducation.ch\/de\/#website"},"primaryImageOfPage":{"@id":"https:\/\/teiaeducation.ch\/de\/produkt\/mini-babyroller-grimms\/#primaryimage"},"image":{"@id":"https:\/\/teiaeducation.ch\/de\/produkt\/mini-babyroller-grimms\/#primaryimage"},"thumbnailUrl":"https:\/\/teiaeducation.ch\/wp-content\/uploads\/2023\/04\/Handmade-sustainable-wooden-baby-sensory-toy-mini-Rainbow-rolling-wheel-Grimms-1.jpg","datePublished":"2023-04-24T09:20:56+00:00","dateModified":"2025-02-26T20:13:09+00:00","description":"Das Mini-Regenbogen-Rollrad Babyroller von Grimm's ist das perfekte handgefertigte, nachhaltige Holz-Sinnesspielzeug f\u00fcr Babys und Kleinkinder.","breadcrumb":{"@id":"https:\/\/teiaeducation.ch\/de\/produkt\/mini-babyroller-grimms\/#breadcrumb"},"inLanguage":"de-CH","potentialAction":[{"@type":"ReadAction","target":["https:\/\/teiaeducation.ch\/de\/produkt\/mini-babyroller-grimms\/"]}]},{"@type":"ImageObject","inLanguage":"de-CH","@id":"https:\/\/teiaeducation.ch\/de\/produkt\/mini-babyroller-grimms\/#primaryimage","url":"https:\/\/teiaeducation.ch\/wp-content\/uploads\/2023\/04\/Handmade-sustainable-wooden-baby-sensory-toy-mini-Rainbow-rolling-wheel-Grimms-1.jpg","contentUrl":"https:\/\/teiaeducation.ch\/wp-content\/uploads\/2023\/04\/Handmade-sustainable-wooden-baby-sensory-toy-mini-Rainbow-rolling-wheel-Grimms-1.jpg","width":1280,"height":1280,"caption":"Handgefertigtes nachhaltiges h\u00f6lzernes Baby-Sinnesspielzeug Mini Babyroller Grimm's"},{"@type":"BreadcrumbList","@id":"https:\/\/teiaeducation.ch\/de\/produkt\/mini-babyroller-grimms\/#breadcrumb","itemListElement":[{"@type":"ListItem","position":1,"name":"Home","item":"https:\/\/teiaeducation.ch\/de\/"},{"@type":"ListItem","position":2,"name":"Laden","item":"https:\/\/teiaeducation.ch\/de\/shop\/"},{"@type":"ListItem","position":3,"name":"Unsere Marken","item":"https:\/\/teiaeducation.ch\/de\/produkt-kategorie\/unsere-marken\/"},{"@type":"ListItem","position":4,"name":"Grimm's","item":"https:\/\/teiaeducation.ch\/de\/produkt-kategorie\/unsere-marken\/grimms-holzspielzeug\/"},{"@type":"ListItem","position":5,"name":"Mini Babyroller &#8211; Grimm&#8217;s"}]},{"@type":"WebSite","@id":"https:\/\/teiaeducation.ch\/de\/#website","url":"https:\/\/teiaeducation.ch\/de\/","name":"Sustainable Educational Products &amp; Ecological Toys\u00a0","description":"Specialised Swiss shop selling sustainable educational toys and games, AMI certified Montessori materials, handmade ecological wooden Waldorf toys and arts &amp; crafts supplies, school supplies, children&#039;s furniture and Montessori reference and parenting books.","publisher":{"@id":"https:\/\/teiaeducation.ch\/de\/#organization"},"alternateName":"Teia Education & Play","potentialAction":[{"@type":"SearchAction","target":{"@type":"EntryPoint","urlTemplate":"https:\/\/teiaeducation.ch\/de\/?s={search_term_string}"},"query-input":{"@type":"PropertyValueSpecification","valueRequired":true,"valueName":"search_term_string"}}],"inLanguage":"de-CH"},{"@type":"Organization","@id":"https:\/\/teiaeducation.ch\/de\/#organization","name":"Teia Education & Play","url":"https:\/\/teiaeducation.ch\/de\/","logo":{"@type":"ImageObject","inLanguage":"de-CH","@id":"https:\/\/teiaeducation.ch\/de\/#\/schema\/logo\/image\/","url":"https:\/\/teiaeducation.ch\/wp-content\/uploads\/2020\/11\/Teia-Education-Switzerland-e1620156442216.jpg","contentUrl":"https:\/\/teiaeducation.ch\/wp-content\/uploads\/2020\/11\/Teia-Education-Switzerland-e1620156442216.jpg","width":166,"height":145,"caption":"Teia Education & Play"},"image":{"@id":"https:\/\/teiaeducation.ch\/de\/#\/schema\/logo\/image\/"},"sameAs":["https:\/\/www.facebook.com\/teiaeducation\/","https:\/\/x.com\/EducationTeia","https:\/\/www.instagram.com\/teia.education\/","https:\/\/www.linkedin.com\/company\/35501660","https:\/\/www.pinterest.ch\/TeiaEducation\/"]}]},"product_price_amount":"32.90","product_price_currency":"CHF","og_availability":"out of stock","product_availability":"out of stock","product_condition":"new"},"_links":{"self":[{"href":"https:\/\/teiaeducation.ch\/de\/wp-json\/wp\/v2\/product\/54425","targetHints":{"allow":["GET"]}}],"collection":[{"href":"https:\/\/teiaeducation.ch\/de\/wp-json\/wp\/v2\/product"}],"about":[{"href":"https:\/\/teiaeducation.ch\/de\/wp-json\/wp\/v2\/types\/product"}],"replies":[{"embeddable":true,"href":"https:\/\/teiaeducation.ch\/de\/wp-json\/wp\/v2\/comments?post=54425"}],"wp:featuredmedia":[{"embeddable":true,"href":"https:\/\/teiaeducation.ch\/de\/wp-json\/wp\/v2\/media\/53449"}],"wp:attachment":[{"href":"https:\/\/teiaeducation.ch\/de\/wp-json\/wp\/v2\/media?parent=54425"}],"wp:term":[{"taxonomy":"product_brand","embeddable":true,"href":"https:\/\/teiaeducation.ch\/de\/wp-json\/wp\/v2\/product_brand?post=54425"},{"taxonomy":"product_cat","embeddable":true,"href":"https:\/\/teiaeducation.ch\/de\/wp-json\/wp\/v2\/product_cat?post=54425"},{"taxonomy":"product_tag","embeddable":true,"href":"https:\/\/teiaeducation.ch\/de\/wp-json\/wp\/v2\/product_tag?post=54425"}],"curies":[{"name":"wp","href":"https:\/\/api.w.org\/{rel}","templated":true}]}}