{"id":54426,"date":"2023-04-24T11:12:33","date_gmt":"2023-04-24T09:12:33","guid":{"rendered":"https:\/\/teiaeducation.ch\/product\/klipp-klapp-rassel-blau-grimms\/"},"modified":"2025-01-31T09:46:01","modified_gmt":"2025-01-31T08:46:01","slug":"klipp-klapp-rassel-blau-grimms","status":"publish","type":"product","link":"https:\/\/teiaeducation.ch\/de\/produkt\/klipp-klapp-rassel-blau-grimms\/","title":{"rendered":"Klipp Klapp Babyrassel Blau &#8211; Grimm&#8217;s"},"content":{"rendered":"<p>Grimms wundersch\u00f6n geschnitzte Klipp Klapp <a href=\"https:\/\/teiaeducation.ch\/product-category\/play\/baby-rattles\/\">Babyrassel<\/a> aus Holz in Blau hat die perfekte Gr\u00f6\u00dfe und Form f\u00fcr kleine H\u00e4nde zum Greifen! Mit f\u00fcnf farbigen Holzscheiben in Blau, die beim Sch\u00fctteln der Rassel einen angenehmen, sanften Klang erzeugen, ist dies eine sch\u00f6ne, sichere und nat\u00fcrliche Rassel oder ein <a href=\"https:\/\/teiaeducation.ch\/product-category\/play\/teething-toys\/\">Bei\u00dfring<\/a>.<\/p>\n<p>Die Grimm&#8217;s Klipp Klapp Babyrassel hat eine L\u00e4nge von 8 cm und ist aus Erlenholz gefertigt, einem ganz besonderen Holz, das der Rassel eine einzigartige Struktur verleiht. Es ist mit einem sicheren, ungiftigen \u00d6l auf pflanzlicher Basis behandelt, um das Holz zu sch\u00fctzen und seine nat\u00fcrliche Sch\u00f6nheit zu betonen, und &#8211; was am wichtigsten ist &#8211; es ist sicher und nat\u00fcrlich f\u00fcr das Spielen und M\u00fcndeln durch Babys und Kinder von Geburt an.<\/p>\n<p>Die sch\u00f6nen Scheiben sind aus Ahornholz gefertigt und mit ungiftiger Beize auf Wasserbasis gef\u00e4rbt.<\/p>\n<p>Die Klipp Klapp Babyrassel in Blau ist das perfekte erste <a href=\"https:\/\/teiaeducation.ch\/product-category\/gift-guide-0-12-months-baby\/\">Geschenk f\u00fcr Babys<\/a> und f\u00fcr Kinder ab 0 Jahren geeignet.<\/p>\n<p>Inhalt:<\/p>\n<p>1 h\u00f6lzerne Rassel<\/p>\n<h2>\u00dcber Grimm&#8217;s<\/h2>\n<p>Ideal zum Spielen zu Hause, im Kindergarten, in der <a href=\"https:\/\/teiaeducation.ch\/waldorf-steiner-schools-supplies\/\">Waldorf- oder Steiner-Schule<\/a>. Die sch\u00f6nen <a href=\"https:\/\/teiaeducation.ch\/product-category\/brands\/grimms\/\">Grimm&#8217;s Naturholzspielzeuge<\/a> werden nach der <a href=\"https:\/\/teiaeducation.ch\/product-category\/education-method\/waldorf-steiner-toys-craft-materials\/\">Waldorf-Philosophie<\/a> hergestellt, die daf\u00fcr bekannt ist, dass sie Kinder dazu ermutigt, das kreative Spiel selbstst\u00e4ndig, ohne Einschr\u00e4nkungen und in einem gem\u00fctlichen Tempo zu entdecken. Die Grimm&#8217;s Holzspielzeuge werden von Hand mit ungiftigen Farben auf Wasserbasis gef\u00e4rbt und nicht lackiert, damit die urspr\u00fcnglichen Eigenschaften des Holzes und die Maserung erhalten bleiben. Die Oberfl\u00e4che der FSC-zertifizierten europ\u00e4ischen Holz ist leicht rau, wodurch sie vollst\u00e4ndig stapelbar und weniger rutschig sind.<\/p>\n<p>Grimms <a href=\"https:\/\/teiaeducation.ch\/product-category\/hgh-quality-toys-play\/handmade-wooden-toys\/\">handgefertigtes Holzspielzeug<\/a> wird in den Grimm&#8217;schen Werken in Deutschland sowie in mehreren Werkst\u00e4tten in ganz Europa aus verschiedenen Holzarten wie Erle, Linde, Buche und Ahorn hergestellt. Alle H\u00f6lzer, die f\u00fcr die Herstellung der Grimm&#8217;s-Spielzeuge verwendet werden, stammen aus nachhaltig bewirtschafteten europ\u00e4ischen W\u00e4ldern.<\/p>\n<p>Bitte beachten Sie, dass Grimm&#8217;s Spielzeuge immer Unikate sind, die einzigartige, von der Natur geschaffene Zeichen tragen. Die Maserung des Holzes weist wechselnde Strukturen und Farben auf, die von seiner nat\u00fcrlichen Herkunft zeugen. Die einzigartigen Variationen, Markierungen, \u00c4ste, Muster, schwarzen Streifen oder dunklen Flecken, die im Holz eines Grimm&#8217;s Spielzeugs sichtbar sein k\u00f6nnen, sind ein Beweis f\u00fcr Qualit\u00e4t, keine M\u00e4ngel.<\/p>\n","protected":false},"excerpt":{"rendered":"<p>Artikelnummer: gri08131<\/p>\n<p>Die Klipp Klapp Babyrassel und Bei\u00dfring von Grimm&#8217;s aus Holz in blau hat die perfekte Gr\u00f6\u00dfe und Form f\u00fcr kleine H\u00e4nde &#8211; hergestellt in Deutschland.<\/p>\n","protected":false},"featured_media":53427,"comment_status":"open","ping_status":"closed","template":"","meta":[],"product_brand":[],"product_cat":[25967,21681,21485,21484,21640,23075,21443,21563,24863,21695,21678,21564,22919,21700],"product_tag":[25219,25229,25228,25241,25227,25225,25240,25237,25246,25221,25232,25236,25233,25234,21720,25235,25238,21719,21715,25222,21721,25204,25239,21712,25230,25226,25248,25223,25242,25224,25231,25245,25243,25220,25244,21714],"class_list":{"0":"post-54426","1":"product","2":"type-product","3":"status-publish","4":"has-post-thumbnail","6":"product_cat-0-12-monate-baby","7":"product_cat-baby-rasseln","8":"product_cat-geschenk-guide-0-12-monate-baby","9":"product_cat-geschenk-guides","10":"product_cat-grimms-holzspielzeug","11":"product_cat-handgefertigtes-holzspielzeug","12":"product_cat-nach-alter","13":"product_cat-neuheiten","14":"product_cat-rasseln-greifen","15":"product_cat-sinnliches-spiel","16":"product_cat-kinder-spielzeug","17":"product_cat-unsere-marken","18":"product_cat-waldorfspielzeug","19":"product_cat-zahnungsspielzeug","20":"product_tag-babyspielzeug-aus-holz","21":"product_tag-beisring-aus-holz","22":"product_tag-beisring-regenbogen","23":"product_tag-beisring-regenbogenboot","24":"product_tag-beisringe-aus-holz","25":"product_tag-grimms-beisring","26":"product_tag-grimms-hergestellt-in-deutschland","27":"product_tag-grimms-holzerne-regenbogenperlen-rassel","28":"product_tag-grimms-klipp-klapp-rassel","29":"product_tag-grimms-rassel","30":"product_tag-grimms-rassel-schiff","31":"product_tag-grimms-regenbogen-beisring","32":"product_tag-grimms-regenbogen-rassel","33":"product_tag-grimms-regenbogen-schiff","34":"product_tag-grimms-schweiz-de","35":"product_tag-grimms-spielzeuge-schweiz","36":"product_tag-grimms-spielzeugladen","37":"product_tag-grimms-suisse-de","38":"product_tag-grimms-switzerland-de","39":"product_tag-grimms-holzrassel","40":"product_tag-grimms-holzspielzeugladen","41":"product_tag-handgefertigte-holz-regenbogenfarben","42":"product_tag-handgefertigtes-regenbogenspielzeug-aus-holz","43":"product_tag-hergestellt-in-deutschland","44":"product_tag-holzernes-beisspielzeug","45":"product_tag-holzernes-beisspielzeuge","46":"product_tag-klipp-klapp-rassel-rot-grimms-2","47":"product_tag-nachhaltiges-babyspielzeug","48":"product_tag-nachhaltiges-babyspielzeug-regenbogen","49":"product_tag-okologische-babyspielzeuge","50":"product_tag-regenbogen-babyspielzeug-aus-holz","51":"product_tag-regenbogen-rassel-grimms","52":"product_tag-waldorf-baby-rassel","53":"product_tag-waldorf-rassel","54":"product_tag-waldorf-regenbogen-babyspielzeug-aus-holz","55":"product_tag-waldorfspielzeug-aus-holz","57":"first","58":"instock","59":"taxable","60":"shipping-taxable","61":"purchasable","62":"product-type-simple"},"yoast_head":"<!-- This site is optimized with the Yoast SEO Premium plugin v25.8 (Yoast SEO v27.4) - https:\/\/yoast.com\/product\/yoast-seo-premium-wordpress\/ -->\n<title>Klipp Klapp Babyrassel Blau - Grimm&#039;s - Teia Education &amp; Play<\/title>\n<meta name=\"description\" content=\"Die Klipp Klapp Babyrassel und Bei\u00dfring von Grimm&#039;s aus Holz in blau hat die perfekte Gr\u00f6\u00dfe und Form f\u00fcr kleine H\u00e4nde - hergestellt in Deutschland.\" \/>\n<meta name=\"robots\" content=\"index, follow, max-snippet:-1, max-image-preview:large, max-video-preview:-1\" \/>\n<link rel=\"canonical\" href=\"https:\/\/teiaeducation.ch\/de\/produkt\/klipp-klapp-rassel-blau-grimms\/\" \/>\n<meta property=\"og:locale\" content=\"de_DE\" \/>\n<meta property=\"og:type\" content=\"article\" \/>\n<meta property=\"og:title\" content=\"Klipp Klapp Babyrassel Blau - Grimm&#039;s\" \/>\n<meta property=\"og:description\" content=\"Die Klipp Klapp Babyrassel und Bei\u00dfring von Grimm&#039;s aus Holz in blau hat die perfekte Gr\u00f6\u00dfe und Form f\u00fcr kleine H\u00e4nde - hergestellt in Deutschland.\" \/>\n<meta property=\"og:url\" content=\"https:\/\/teiaeducation.ch\/de\/produkt\/klipp-klapp-rassel-blau-grimms\/\" \/>\n<meta property=\"og:site_name\" content=\"Sustainable Educational Products &amp; Ecological Toys\u00a0\" \/>\n<meta property=\"article:publisher\" content=\"https:\/\/www.facebook.com\/teiaeducation\/\" \/>\n<meta property=\"article:modified_time\" content=\"2025-01-31T08:46:01+00:00\" \/>\n<meta property=\"og:image\" content=\"https:\/\/teiaeducation.ch\/wp-content\/uploads\/2023\/04\/Wooden-klipp-klapp-blue-baby-rattle-Grimms-2.jpg\" \/>\n\t<meta property=\"og:image:width\" content=\"1280\" \/>\n\t<meta property=\"og:image:height\" content=\"1280\" \/>\n\t<meta property=\"og:image:type\" content=\"image\/jpeg\" \/>\n<script type=\"application\/ld+json\" class=\"yoast-schema-graph\">{\"@context\":\"https:\\\/\\\/schema.org\",\"@graph\":[{\"@type\":\"WebPage\",\"@id\":\"https:\\\/\\\/teiaeducation.ch\\\/de\\\/produkt\\\/klipp-klapp-rassel-blau-grimms\\\/\",\"url\":\"https:\\\/\\\/teiaeducation.ch\\\/de\\\/produkt\\\/klipp-klapp-rassel-blau-grimms\\\/\",\"name\":\"Klipp Klapp Babyrassel Blau - Grimm's - Teia Education & Play\",\"isPartOf\":{\"@id\":\"https:\\\/\\\/teiaeducation.ch\\\/de\\\/#website\"},\"primaryImageOfPage\":{\"@id\":\"https:\\\/\\\/teiaeducation.ch\\\/de\\\/produkt\\\/klipp-klapp-rassel-blau-grimms\\\/#primaryimage\"},\"image\":{\"@id\":\"https:\\\/\\\/teiaeducation.ch\\\/de\\\/produkt\\\/klipp-klapp-rassel-blau-grimms\\\/#primaryimage\"},\"thumbnailUrl\":\"https:\\\/\\\/teiaeducation.ch\\\/wp-content\\\/uploads\\\/2023\\\/04\\\/Wooden-klipp-klapp-blue-baby-rattle-Grimms-2.jpg\",\"datePublished\":\"2023-04-24T09:12:33+00:00\",\"dateModified\":\"2025-01-31T08:46:01+00:00\",\"description\":\"Die Klipp Klapp Babyrassel und Bei\u00dfring von Grimm's aus Holz in blau hat die perfekte Gr\u00f6\u00dfe und Form f\u00fcr kleine H\u00e4nde - hergestellt in Deutschland.\",\"breadcrumb\":{\"@id\":\"https:\\\/\\\/teiaeducation.ch\\\/de\\\/produkt\\\/klipp-klapp-rassel-blau-grimms\\\/#breadcrumb\"},\"inLanguage\":\"de-CH\",\"potentialAction\":[{\"@type\":\"ReadAction\",\"target\":[\"https:\\\/\\\/teiaeducation.ch\\\/de\\\/produkt\\\/klipp-klapp-rassel-blau-grimms\\\/\"]}]},{\"@type\":\"ImageObject\",\"inLanguage\":\"de-CH\",\"@id\":\"https:\\\/\\\/teiaeducation.ch\\\/de\\\/produkt\\\/klipp-klapp-rassel-blau-grimms\\\/#primaryimage\",\"url\":\"https:\\\/\\\/teiaeducation.ch\\\/wp-content\\\/uploads\\\/2023\\\/04\\\/Wooden-klipp-klapp-blue-baby-rattle-Grimms-2.jpg\",\"contentUrl\":\"https:\\\/\\\/teiaeducation.ch\\\/wp-content\\\/uploads\\\/2023\\\/04\\\/Wooden-klipp-klapp-blue-baby-rattle-Grimms-2.jpg\",\"width\":1280,\"height\":1280,\"caption\":\"H\u00f6lzern Klipp Klapp Rassel Blau Grimm's\"},{\"@type\":\"BreadcrumbList\",\"@id\":\"https:\\\/\\\/teiaeducation.ch\\\/de\\\/produkt\\\/klipp-klapp-rassel-blau-grimms\\\/#breadcrumb\",\"itemListElement\":[{\"@type\":\"ListItem\",\"position\":1,\"name\":\"Home\",\"item\":\"https:\\\/\\\/teiaeducation.ch\\\/de\\\/\"},{\"@type\":\"ListItem\",\"position\":2,\"name\":\"Laden\",\"item\":\"https:\\\/\\\/teiaeducation.ch\\\/de\\\/shop\\\/\"},{\"@type\":\"ListItem\",\"position\":3,\"name\":\"Unsere Marken\",\"item\":\"https:\\\/\\\/teiaeducation.ch\\\/de\\\/produkt-kategorie\\\/unsere-marken\\\/\"},{\"@type\":\"ListItem\",\"position\":4,\"name\":\"Grimm's\",\"item\":\"https:\\\/\\\/teiaeducation.ch\\\/de\\\/produkt-kategorie\\\/unsere-marken\\\/grimms-holzspielzeug\\\/\"},{\"@type\":\"ListItem\",\"position\":5,\"name\":\"Rasseln &amp; Greifen\",\"item\":\"https:\\\/\\\/teiaeducation.ch\\\/de\\\/produkt-kategorie\\\/unsere-marken\\\/grimms-holzspielzeug\\\/rasseln-greifen\\\/\"},{\"@type\":\"ListItem\",\"position\":6,\"name\":\"Klipp Klapp Babyrassel Blau &#8211; Grimm&#8217;s\"}]},{\"@type\":\"WebSite\",\"@id\":\"https:\\\/\\\/teiaeducation.ch\\\/de\\\/#website\",\"url\":\"https:\\\/\\\/teiaeducation.ch\\\/de\\\/\",\"name\":\"Sustainable Educational Products &amp; Ecological Toys\u00a0\",\"description\":\"Specialised Swiss shop selling sustainable educational toys and games, AMI certified Montessori materials, handmade ecological wooden Waldorf toys and arts &amp; crafts supplies, school supplies, children&#039;s furniture and Montessori reference and parenting books.\",\"publisher\":{\"@id\":\"https:\\\/\\\/teiaeducation.ch\\\/de\\\/#organization\"},\"alternateName\":\"Teia Education & Play\",\"potentialAction\":[{\"@type\":\"SearchAction\",\"target\":{\"@type\":\"EntryPoint\",\"urlTemplate\":\"https:\\\/\\\/teiaeducation.ch\\\/de\\\/?s={search_term_string}\"},\"query-input\":{\"@type\":\"PropertyValueSpecification\",\"valueRequired\":true,\"valueName\":\"search_term_string\"}}],\"inLanguage\":\"de-CH\"},{\"@type\":\"Organization\",\"@id\":\"https:\\\/\\\/teiaeducation.ch\\\/de\\\/#organization\",\"name\":\"Teia Education & Play\",\"url\":\"https:\\\/\\\/teiaeducation.ch\\\/de\\\/\",\"logo\":{\"@type\":\"ImageObject\",\"inLanguage\":\"de-CH\",\"@id\":\"https:\\\/\\\/teiaeducation.ch\\\/de\\\/#\\\/schema\\\/logo\\\/image\\\/\",\"url\":\"https:\\\/\\\/teiaeducation.ch\\\/wp-content\\\/uploads\\\/2020\\\/11\\\/Teia-Education-Switzerland-e1620156442216.jpg\",\"contentUrl\":\"https:\\\/\\\/teiaeducation.ch\\\/wp-content\\\/uploads\\\/2020\\\/11\\\/Teia-Education-Switzerland-e1620156442216.jpg\",\"width\":166,\"height\":145,\"caption\":\"Teia Education & Play\"},\"image\":{\"@id\":\"https:\\\/\\\/teiaeducation.ch\\\/de\\\/#\\\/schema\\\/logo\\\/image\\\/\"},\"sameAs\":[\"https:\\\/\\\/www.facebook.com\\\/teiaeducation\\\/\",\"https:\\\/\\\/x.com\\\/EducationTeia\",\"https:\\\/\\\/www.instagram.com\\\/teia.education\\\/\",\"https:\\\/\\\/www.linkedin.com\\\/company\\\/35501660\",\"https:\\\/\\\/www.pinterest.ch\\\/TeiaEducation\\\/\"]}]}<\/script>\n<meta property=\"product:price:amount\" content=\"19.90\" \/>\n<meta property=\"product:price:currency\" content=\"CHF\" \/>\n<meta property=\"og:availability\" content=\"instock\" \/>\n<meta property=\"product:availability\" content=\"instock\" \/>\n<meta property=\"product:condition\" content=\"new\" \/>\n<!-- \/ Yoast SEO Premium plugin. -->","yoast_head_json":{"title":"Klipp Klapp Babyrassel Blau - Grimm's - Teia Education & Play","description":"Die Klipp Klapp Babyrassel und Bei\u00dfring von Grimm's aus Holz in blau hat die perfekte Gr\u00f6\u00dfe und Form f\u00fcr kleine H\u00e4nde - hergestellt in Deutschland.","robots":{"index":"index","follow":"follow","max-snippet":"max-snippet:-1","max-image-preview":"max-image-preview:large","max-video-preview":"max-video-preview:-1"},"canonical":"https:\/\/teiaeducation.ch\/de\/produkt\/klipp-klapp-rassel-blau-grimms\/","og_locale":"de_DE","og_type":"article","og_title":"Klipp Klapp Babyrassel Blau - Grimm's","og_description":"Die Klipp Klapp Babyrassel und Bei\u00dfring von Grimm's aus Holz in blau hat die perfekte Gr\u00f6\u00dfe und Form f\u00fcr kleine H\u00e4nde - hergestellt in Deutschland.","og_url":"https:\/\/teiaeducation.ch\/de\/produkt\/klipp-klapp-rassel-blau-grimms\/","og_site_name":"Sustainable Educational Products &amp; Ecological Toys\u00a0","article_publisher":"https:\/\/www.facebook.com\/teiaeducation\/","article_modified_time":"2025-01-31T08:46:01+00:00","og_image":[{"width":1280,"height":1280,"url":"https:\/\/teiaeducation.ch\/wp-content\/uploads\/2023\/04\/Wooden-klipp-klapp-blue-baby-rattle-Grimms-2.jpg","type":"image\/jpeg"}],"schema":{"@context":"https:\/\/schema.org","@graph":[{"@type":"WebPage","@id":"https:\/\/teiaeducation.ch\/de\/produkt\/klipp-klapp-rassel-blau-grimms\/","url":"https:\/\/teiaeducation.ch\/de\/produkt\/klipp-klapp-rassel-blau-grimms\/","name":"Klipp Klapp Babyrassel Blau - Grimm's - Teia Education & Play","isPartOf":{"@id":"https:\/\/teiaeducation.ch\/de\/#website"},"primaryImageOfPage":{"@id":"https:\/\/teiaeducation.ch\/de\/produkt\/klipp-klapp-rassel-blau-grimms\/#primaryimage"},"image":{"@id":"https:\/\/teiaeducation.ch\/de\/produkt\/klipp-klapp-rassel-blau-grimms\/#primaryimage"},"thumbnailUrl":"https:\/\/teiaeducation.ch\/wp-content\/uploads\/2023\/04\/Wooden-klipp-klapp-blue-baby-rattle-Grimms-2.jpg","datePublished":"2023-04-24T09:12:33+00:00","dateModified":"2025-01-31T08:46:01+00:00","description":"Die Klipp Klapp Babyrassel und Bei\u00dfring von Grimm's aus Holz in blau hat die perfekte Gr\u00f6\u00dfe und Form f\u00fcr kleine H\u00e4nde - hergestellt in Deutschland.","breadcrumb":{"@id":"https:\/\/teiaeducation.ch\/de\/produkt\/klipp-klapp-rassel-blau-grimms\/#breadcrumb"},"inLanguage":"de-CH","potentialAction":[{"@type":"ReadAction","target":["https:\/\/teiaeducation.ch\/de\/produkt\/klipp-klapp-rassel-blau-grimms\/"]}]},{"@type":"ImageObject","inLanguage":"de-CH","@id":"https:\/\/teiaeducation.ch\/de\/produkt\/klipp-klapp-rassel-blau-grimms\/#primaryimage","url":"https:\/\/teiaeducation.ch\/wp-content\/uploads\/2023\/04\/Wooden-klipp-klapp-blue-baby-rattle-Grimms-2.jpg","contentUrl":"https:\/\/teiaeducation.ch\/wp-content\/uploads\/2023\/04\/Wooden-klipp-klapp-blue-baby-rattle-Grimms-2.jpg","width":1280,"height":1280,"caption":"H\u00f6lzern Klipp Klapp Rassel Blau Grimm's"},{"@type":"BreadcrumbList","@id":"https:\/\/teiaeducation.ch\/de\/produkt\/klipp-klapp-rassel-blau-grimms\/#breadcrumb","itemListElement":[{"@type":"ListItem","position":1,"name":"Home","item":"https:\/\/teiaeducation.ch\/de\/"},{"@type":"ListItem","position":2,"name":"Laden","item":"https:\/\/teiaeducation.ch\/de\/shop\/"},{"@type":"ListItem","position":3,"name":"Unsere Marken","item":"https:\/\/teiaeducation.ch\/de\/produkt-kategorie\/unsere-marken\/"},{"@type":"ListItem","position":4,"name":"Grimm's","item":"https:\/\/teiaeducation.ch\/de\/produkt-kategorie\/unsere-marken\/grimms-holzspielzeug\/"},{"@type":"ListItem","position":5,"name":"Rasseln &amp; Greifen","item":"https:\/\/teiaeducation.ch\/de\/produkt-kategorie\/unsere-marken\/grimms-holzspielzeug\/rasseln-greifen\/"},{"@type":"ListItem","position":6,"name":"Klipp Klapp Babyrassel Blau &#8211; Grimm&#8217;s"}]},{"@type":"WebSite","@id":"https:\/\/teiaeducation.ch\/de\/#website","url":"https:\/\/teiaeducation.ch\/de\/","name":"Sustainable Educational Products &amp; Ecological Toys\u00a0","description":"Specialised Swiss shop selling sustainable educational toys and games, AMI certified Montessori materials, handmade ecological wooden Waldorf toys and arts &amp; crafts supplies, school supplies, children&#039;s furniture and Montessori reference and parenting books.","publisher":{"@id":"https:\/\/teiaeducation.ch\/de\/#organization"},"alternateName":"Teia Education & Play","potentialAction":[{"@type":"SearchAction","target":{"@type":"EntryPoint","urlTemplate":"https:\/\/teiaeducation.ch\/de\/?s={search_term_string}"},"query-input":{"@type":"PropertyValueSpecification","valueRequired":true,"valueName":"search_term_string"}}],"inLanguage":"de-CH"},{"@type":"Organization","@id":"https:\/\/teiaeducation.ch\/de\/#organization","name":"Teia Education & Play","url":"https:\/\/teiaeducation.ch\/de\/","logo":{"@type":"ImageObject","inLanguage":"de-CH","@id":"https:\/\/teiaeducation.ch\/de\/#\/schema\/logo\/image\/","url":"https:\/\/teiaeducation.ch\/wp-content\/uploads\/2020\/11\/Teia-Education-Switzerland-e1620156442216.jpg","contentUrl":"https:\/\/teiaeducation.ch\/wp-content\/uploads\/2020\/11\/Teia-Education-Switzerland-e1620156442216.jpg","width":166,"height":145,"caption":"Teia Education & Play"},"image":{"@id":"https:\/\/teiaeducation.ch\/de\/#\/schema\/logo\/image\/"},"sameAs":["https:\/\/www.facebook.com\/teiaeducation\/","https:\/\/x.com\/EducationTeia","https:\/\/www.instagram.com\/teia.education\/","https:\/\/www.linkedin.com\/company\/35501660","https:\/\/www.pinterest.ch\/TeiaEducation\/"]}]},"product_price_amount":"19.90","product_price_currency":"CHF","og_availability":"instock","product_availability":"instock","product_condition":"new"},"_links":{"self":[{"href":"https:\/\/teiaeducation.ch\/de\/wp-json\/wp\/v2\/product\/54426","targetHints":{"allow":["GET"]}}],"collection":[{"href":"https:\/\/teiaeducation.ch\/de\/wp-json\/wp\/v2\/product"}],"about":[{"href":"https:\/\/teiaeducation.ch\/de\/wp-json\/wp\/v2\/types\/product"}],"replies":[{"embeddable":true,"href":"https:\/\/teiaeducation.ch\/de\/wp-json\/wp\/v2\/comments?post=54426"}],"wp:featuredmedia":[{"embeddable":true,"href":"https:\/\/teiaeducation.ch\/de\/wp-json\/wp\/v2\/media\/53427"}],"wp:attachment":[{"href":"https:\/\/teiaeducation.ch\/de\/wp-json\/wp\/v2\/media?parent=54426"}],"wp:term":[{"taxonomy":"product_brand","embeddable":true,"href":"https:\/\/teiaeducation.ch\/de\/wp-json\/wp\/v2\/product_brand?post=54426"},{"taxonomy":"product_cat","embeddable":true,"href":"https:\/\/teiaeducation.ch\/de\/wp-json\/wp\/v2\/product_cat?post=54426"},{"taxonomy":"product_tag","embeddable":true,"href":"https:\/\/teiaeducation.ch\/de\/wp-json\/wp\/v2\/product_tag?post=54426"}],"curies":[{"name":"wp","href":"https:\/\/api.w.org\/{rel}","templated":true}]}}