{"id":54428,"date":"2023-04-24T10:52:37","date_gmt":"2023-04-24T08:52:37","guid":{"rendered":"https:\/\/teiaeducation.ch\/product\/regenbogen-schiff-grimms\/"},"modified":"2024-09-27T14:27:22","modified_gmt":"2024-09-27T12:27:22","slug":"regenbogen-schiff-grimms","status":"publish","type":"product","link":"https:\/\/teiaeducation.ch\/de\/produkt\/regenbogen-schiff-grimms\/","title":{"rendered":"Babyrassel Regenbogen Schiff &#8211; Grimm&#8217;s"},"content":{"rendered":"<p>Grimm&#8217;s wundersch\u00f6n geschnitzte h\u00f6lzerne Regenbogen Schiff <a href=\"https:\/\/teiaeducation.ch\/product-category\/play\/baby-rattles\/\">Babyrassel<\/a>\u00a0aus Holz hat die perfekte Gr\u00f6\u00dfe und Form f\u00fcr kleine H\u00e4nde zum Greifen! Mit 6 wundersch\u00f6nen regenbogenfarbenen Perlen, die einen Bootsmast darstellen, und einem nat\u00fcrlichen Holzrumpf ist dies eine sch\u00f6ne, sichere und nat\u00fcrliche Rassel oder ein <a href=\"https:\/\/teiaeducation.ch\/product-category\/play\/teething-toys\/\">Bei\u00dfring<\/a>.<\/p>\n<p>Die Grimm&#8217;s Regenbogen Schiff Babyrassel hat einen Durchmesser von 9 cm und ist aus Erlenholz gefertigt, einem ganz besonderen Holz, das der Rassel eine einzigartige Struktur verleiht. Es ist mit einem sicheren, ungiftigen \u00d6l auf pflanzlicher Basis behandelt, um das Holz zu sch\u00fctzen und seine nat\u00fcrliche Sch\u00f6nheit zu betonen, und &#8211; was am wichtigsten ist &#8211; es ist sicher und nat\u00fcrlich f\u00fcr das Spielen und M\u00fcndeln durch Babys und Kinder von Geburt an.<\/p>\n<p>Die h\u00fcbschen Regenbogenperlen sind aus Ahornholz gefertigt und mit ungiftiger Farbbeize auf Wasserbasis gef\u00e4rbt.<\/p>\n<p>Die Regenbogenboot-Rassel ist das perfekte erste <a href=\"https:\/\/teiaeducation.ch\/product-category\/gift-guide-0-12-months-baby\/\">Geschenk f\u00fcr Babys<\/a> und f\u00fcr Kinder ab 0 Jahren geeignet.<\/p>\n<p>Inhalt:<\/p>\n<p>1 h\u00f6lzerne Rassel (21 x 12 x 2,5 cm)<\/p>\n<h2>\u00dcber Grimm&#8217;s<\/h2>\n<p>Ideal zum Spielen zu Hause, im Kindergarten, in der <a href=\"https:\/\/teiaeducation.ch\/waldorf-steiner-schools-supplies\/\">Waldorf- oder Steiner-Schule<\/a>. Die sch\u00f6nen <a href=\"https:\/\/teiaeducation.ch\/product-category\/brands\/grimms\/\">Grimm&#8217;s Naturholzspielzeuge<\/a> werden nach der <a href=\"https:\/\/teiaeducation.ch\/product-category\/education-method\/waldorf-steiner-toys-craft-materials\/\">Waldorf-Philosophie<\/a> hergestellt, die daf\u00fcr bekannt ist, dass sie Kinder dazu ermutigt, das kreative Spiel selbstst\u00e4ndig, ohne Einschr\u00e4nkungen und in einem gem\u00fctlichen Tempo zu entdecken. Die Grimm&#8217;s Holzspielzeuge werden von Hand mit ungiftigen Farben auf Wasserbasis gef\u00e4rbt und nicht lackiert, damit die urspr\u00fcnglichen Eigenschaften des Holzes und die Maserung erhalten bleiben. Die Oberfl\u00e4che der FSC-zertifizierten europ\u00e4ischen Holz ist leicht rau, wodurch sie vollst\u00e4ndig stapelbar und weniger rutschig sind.<\/p>\n<p>Grimm&#8217;s <a href=\"https:\/\/teiaeducation.ch\/product-category\/hgh-quality-toys-play\/handmade-wooden-toys\/\">handgefertigtes Holzspielzeug<\/a> wird in den Grimm&#8217;schen Werken in Deutschland sowie in mehreren Werkst\u00e4tten in ganz Europa aus verschiedenen Holzarten wie Erle, Linde, Buche und Ahorn hergestellt. Alle H\u00f6lzer, die f\u00fcr die Herstellung der Grimm&#8217;s-Spielzeuge verwendet werden, stammen aus nachhaltig bewirtschafteten europ\u00e4ischen W\u00e4ldern.<\/p>\n<p>Bitte beachten Sie, dass Grimm&#8217;s Spielzeuge immer Unikate sind, die einzigartige, von der Natur geschaffene Zeichen tragen. Die Maserung des Holzes weist wechselnde Strukturen und Farben auf, die von seiner nat\u00fcrlichen Herkunft zeugen. Die einzigartigen Variationen, Markierungen, \u00c4ste, Muster, schwarzen Streifen oder dunklen Flecken, die im Holz eines Grimm&#8217;s Spielzeugs sichtbar sein k\u00f6nnen, sind ein Beweis f\u00fcr Qualit\u00e4t, keine M\u00e4ngel.<\/p>\n","protected":false},"excerpt":{"rendered":"<p>Artikelnummer: gri08126<\/p>\n<p>Grimm&#8217;s Regenbogen Schiff Babyrassel und Bei\u00dfring aus Holz hat die perfekte Gr\u00f6\u00dfe und Form f\u00fcr kleine H\u00e4nde zum Greifen &#8211; handgefertigt in Deutschland.<\/p>\n","protected":false},"featured_media":53383,"comment_status":"open","ping_status":"closed","template":"","meta":[],"product_brand":[],"product_cat":[25967,21681,21485,21484,21640,23075,21443,21563,24863,21695,21678,21564,22919,21700],"product_tag":[25219,25229,25228,25241,25227,25225,25240,25237,25221,25232,25236,25233,25234,21720,25235,25238,21719,21715,25222,21721,25204,25239,21712,25230,25226,25223,25242,25224,25231,25245,25243,25220,25244,21714],"class_list":{"0":"post-54428","1":"product","2":"type-product","3":"status-publish","4":"has-post-thumbnail","6":"product_cat-0-12-monate-baby","7":"product_cat-baby-rasseln","8":"product_cat-geschenk-guide-0-12-monate-baby","9":"product_cat-geschenk-guides","10":"product_cat-grimms-holzspielzeug","11":"product_cat-handgefertigtes-holzspielzeug","12":"product_cat-nach-alter","13":"product_cat-neuheiten","14":"product_cat-rasseln-greifen","15":"product_cat-sinnliches-spiel","16":"product_cat-kinder-spielzeug","17":"product_cat-unsere-marken","18":"product_cat-waldorfspielzeug","19":"product_cat-zahnungsspielzeug","20":"product_tag-babyspielzeug-aus-holz","21":"product_tag-beisring-aus-holz","22":"product_tag-beisring-regenbogen","23":"product_tag-beisring-regenbogenboot","24":"product_tag-beisringe-aus-holz","25":"product_tag-grimms-beisring","26":"product_tag-grimms-hergestellt-in-deutschland","27":"product_tag-grimms-holzerne-regenbogenperlen-rassel","28":"product_tag-grimms-rassel","29":"product_tag-grimms-rassel-schiff","30":"product_tag-grimms-regenbogen-beisring","31":"product_tag-grimms-regenbogen-rassel","32":"product_tag-grimms-regenbogen-schiff","33":"product_tag-grimms-schweiz-de","34":"product_tag-grimms-spielzeuge-schweiz","35":"product_tag-grimms-spielzeugladen","36":"product_tag-grimms-suisse-de","37":"product_tag-grimms-switzerland-de","38":"product_tag-grimms-holzrassel","39":"product_tag-grimms-holzspielzeugladen","40":"product_tag-handgefertigte-holz-regenbogenfarben","41":"product_tag-handgefertigtes-regenbogenspielzeug-aus-holz","42":"product_tag-hergestellt-in-deutschland","43":"product_tag-holzernes-beisspielzeug","44":"product_tag-holzernes-beisspielzeuge","45":"product_tag-nachhaltiges-babyspielzeug","46":"product_tag-nachhaltiges-babyspielzeug-regenbogen","47":"product_tag-okologische-babyspielzeuge","48":"product_tag-regenbogen-babyspielzeug-aus-holz","49":"product_tag-regenbogen-rassel-grimms","50":"product_tag-waldorf-baby-rassel","51":"product_tag-waldorf-rassel","52":"product_tag-waldorf-regenbogen-babyspielzeug-aus-holz","53":"product_tag-waldorfspielzeug-aus-holz","55":"first","56":"outofstock","57":"taxable","58":"shipping-taxable","59":"purchasable","60":"product-type-simple"},"yoast_head":"<!-- This site is optimized with the Yoast SEO plugin v27.1.1 - https:\/\/yoast.com\/product\/yoast-seo-wordpress\/ -->\n<title>Babyrassel Regenbogen Schiff - Grimm&#039;s - Teia Education &amp; Play<\/title>\n<meta name=\"description\" content=\"Grimm&#039;s Regenbogen Schiff Babyrassel und Bei\u00dfring aus Holz hat die perfekte Gr\u00f6\u00dfe und Form f\u00fcr kleine H\u00e4nde zum Greifen - handgefertigt in Deutschland.\" \/>\n<meta name=\"robots\" content=\"index, follow, max-snippet:-1, max-image-preview:large, max-video-preview:-1\" \/>\n<link rel=\"canonical\" href=\"https:\/\/teiaeducation.ch\/de\/produkt\/regenbogen-schiff-grimms\/\" \/>\n<meta property=\"og:locale\" content=\"de_DE\" \/>\n<meta property=\"og:type\" content=\"article\" \/>\n<meta property=\"og:title\" content=\"Babyrassel Regenbogen Schiff - Grimm&#039;s - Teia Education &amp; Play\" \/>\n<meta property=\"og:description\" content=\"Grimm&#039;s Regenbogen Schiff Babyrassel und Bei\u00dfring aus Holz hat die perfekte Gr\u00f6\u00dfe und Form f\u00fcr kleine H\u00e4nde zum Greifen - handgefertigt in Deutschland.\" \/>\n<meta property=\"og:url\" content=\"https:\/\/teiaeducation.ch\/de\/produkt\/regenbogen-schiff-grimms\/\" \/>\n<meta property=\"og:site_name\" content=\"Sustainable Educational Products &amp; Ecological Toys\u00a0\" \/>\n<meta property=\"article:publisher\" content=\"https:\/\/www.facebook.com\/teiaeducation\/\" \/>\n<meta property=\"article:modified_time\" content=\"2024-09-27T12:27:22+00:00\" \/>\n<meta property=\"og:image\" content=\"https:\/\/teiaeducation.ch\/wp-content\/uploads\/2023\/04\/Wooden-rainbow-boat-baby-rattle-Grimms-.jpg\" \/>\n\t<meta property=\"og:image:width\" content=\"1280\" \/>\n\t<meta property=\"og:image:height\" content=\"1280\" \/>\n\t<meta property=\"og:image:type\" content=\"image\/jpeg\" \/>\n<script type=\"application\/ld+json\" class=\"yoast-schema-graph\">{\"@context\":\"https:\/\/schema.org\",\"@graph\":[{\"@type\":\"WebPage\",\"@id\":\"https:\/\/teiaeducation.ch\/de\/produkt\/regenbogen-schiff-grimms\/\",\"url\":\"https:\/\/teiaeducation.ch\/de\/produkt\/regenbogen-schiff-grimms\/\",\"name\":\"Babyrassel Regenbogen Schiff - Grimm's - Teia Education & Play\",\"isPartOf\":{\"@id\":\"https:\/\/teiaeducation.ch\/de\/#website\"},\"primaryImageOfPage\":{\"@id\":\"https:\/\/teiaeducation.ch\/de\/produkt\/regenbogen-schiff-grimms\/#primaryimage\"},\"image\":{\"@id\":\"https:\/\/teiaeducation.ch\/de\/produkt\/regenbogen-schiff-grimms\/#primaryimage\"},\"thumbnailUrl\":\"https:\/\/teiaeducation.ch\/wp-content\/uploads\/2023\/04\/Wooden-rainbow-boat-baby-rattle-Grimms-.jpg\",\"datePublished\":\"2023-04-24T08:52:37+00:00\",\"dateModified\":\"2024-09-27T12:27:22+00:00\",\"description\":\"Grimm's Regenbogen Schiff Babyrassel und Bei\u00dfring aus Holz hat die perfekte Gr\u00f6\u00dfe und Form f\u00fcr kleine H\u00e4nde zum Greifen - handgefertigt in Deutschland.\",\"breadcrumb\":{\"@id\":\"https:\/\/teiaeducation.ch\/de\/produkt\/regenbogen-schiff-grimms\/#breadcrumb\"},\"inLanguage\":\"de-CH\",\"potentialAction\":[{\"@type\":\"ReadAction\",\"target\":[\"https:\/\/teiaeducation.ch\/de\/produkt\/regenbogen-schiff-grimms\/\"]}]},{\"@type\":\"ImageObject\",\"inLanguage\":\"de-CH\",\"@id\":\"https:\/\/teiaeducation.ch\/de\/produkt\/regenbogen-schiff-grimms\/#primaryimage\",\"url\":\"https:\/\/teiaeducation.ch\/wp-content\/uploads\/2023\/04\/Wooden-rainbow-boat-baby-rattle-Grimms-.jpg\",\"contentUrl\":\"https:\/\/teiaeducation.ch\/wp-content\/uploads\/2023\/04\/Wooden-rainbow-boat-baby-rattle-Grimms-.jpg\",\"width\":1280,\"height\":1280,\"caption\":\"H\u00f6lzern Regenbogen Schiff Baby Rassel Grimm's\"},{\"@type\":\"BreadcrumbList\",\"@id\":\"https:\/\/teiaeducation.ch\/de\/produkt\/regenbogen-schiff-grimms\/#breadcrumb\",\"itemListElement\":[{\"@type\":\"ListItem\",\"position\":1,\"name\":\"Home\",\"item\":\"https:\/\/teiaeducation.ch\/de\/\"},{\"@type\":\"ListItem\",\"position\":2,\"name\":\"Laden\",\"item\":\"https:\/\/teiaeducation.ch\/de\/shop\/\"},{\"@type\":\"ListItem\",\"position\":3,\"name\":\"Unsere Marken\",\"item\":\"https:\/\/teiaeducation.ch\/de\/produkt-kategorie\/unsere-marken\/\"},{\"@type\":\"ListItem\",\"position\":4,\"name\":\"Grimm's\",\"item\":\"https:\/\/teiaeducation.ch\/de\/produkt-kategorie\/unsere-marken\/grimms-holzspielzeug\/\"},{\"@type\":\"ListItem\",\"position\":5,\"name\":\"Babyrassel Regenbogen Schiff &#8211; Grimm&#8217;s\"}]},{\"@type\":\"WebSite\",\"@id\":\"https:\/\/teiaeducation.ch\/de\/#website\",\"url\":\"https:\/\/teiaeducation.ch\/de\/\",\"name\":\"Sustainable Educational Products &amp; Ecological Toys\u00a0\",\"description\":\"Specialised Swiss shop selling sustainable educational toys and games, AMI certified Montessori materials, handmade ecological wooden Waldorf toys and arts &amp; crafts supplies, school supplies, children&#039;s furniture and Montessori reference and parenting books.\",\"publisher\":{\"@id\":\"https:\/\/teiaeducation.ch\/de\/#organization\"},\"alternateName\":\"Teia Education & Play\",\"potentialAction\":[{\"@type\":\"SearchAction\",\"target\":{\"@type\":\"EntryPoint\",\"urlTemplate\":\"https:\/\/teiaeducation.ch\/de\/?s={search_term_string}\"},\"query-input\":{\"@type\":\"PropertyValueSpecification\",\"valueRequired\":true,\"valueName\":\"search_term_string\"}}],\"inLanguage\":\"de-CH\"},{\"@type\":\"Organization\",\"@id\":\"https:\/\/teiaeducation.ch\/de\/#organization\",\"name\":\"Teia Education & Play\",\"url\":\"https:\/\/teiaeducation.ch\/de\/\",\"logo\":{\"@type\":\"ImageObject\",\"inLanguage\":\"de-CH\",\"@id\":\"https:\/\/teiaeducation.ch\/de\/#\/schema\/logo\/image\/\",\"url\":\"https:\/\/teiaeducation.ch\/wp-content\/uploads\/2020\/11\/Teia-Education-Switzerland-e1620156442216.jpg\",\"contentUrl\":\"https:\/\/teiaeducation.ch\/wp-content\/uploads\/2020\/11\/Teia-Education-Switzerland-e1620156442216.jpg\",\"width\":166,\"height\":145,\"caption\":\"Teia Education & Play\"},\"image\":{\"@id\":\"https:\/\/teiaeducation.ch\/de\/#\/schema\/logo\/image\/\"},\"sameAs\":[\"https:\/\/www.facebook.com\/teiaeducation\/\",\"https:\/\/x.com\/EducationTeia\",\"https:\/\/www.instagram.com\/teia.education\/\",\"https:\/\/www.linkedin.com\/company\/35501660\",\"https:\/\/www.pinterest.ch\/TeiaEducation\/\"]}]}<\/script>\n<!-- \/ Yoast SEO plugin. -->","yoast_head_json":{"title":"Babyrassel Regenbogen Schiff - Grimm's - Teia Education & Play","description":"Grimm's Regenbogen Schiff Babyrassel und Bei\u00dfring aus Holz hat die perfekte Gr\u00f6\u00dfe und Form f\u00fcr kleine H\u00e4nde zum Greifen - handgefertigt in Deutschland.","robots":{"index":"index","follow":"follow","max-snippet":"max-snippet:-1","max-image-preview":"max-image-preview:large","max-video-preview":"max-video-preview:-1"},"canonical":"https:\/\/teiaeducation.ch\/de\/produkt\/regenbogen-schiff-grimms\/","og_locale":"de_DE","og_type":"article","og_title":"Babyrassel Regenbogen Schiff - Grimm's - Teia Education & Play","og_description":"Grimm's Regenbogen Schiff Babyrassel und Bei\u00dfring aus Holz hat die perfekte Gr\u00f6\u00dfe und Form f\u00fcr kleine H\u00e4nde zum Greifen - handgefertigt in Deutschland.","og_url":"https:\/\/teiaeducation.ch\/de\/produkt\/regenbogen-schiff-grimms\/","og_site_name":"Sustainable Educational Products &amp; Ecological Toys\u00a0","article_publisher":"https:\/\/www.facebook.com\/teiaeducation\/","article_modified_time":"2024-09-27T12:27:22+00:00","og_image":[{"width":1280,"height":1280,"url":"https:\/\/teiaeducation.ch\/wp-content\/uploads\/2023\/04\/Wooden-rainbow-boat-baby-rattle-Grimms-.jpg","type":"image\/jpeg"}],"schema":{"@context":"https:\/\/schema.org","@graph":[{"@type":"WebPage","@id":"https:\/\/teiaeducation.ch\/de\/produkt\/regenbogen-schiff-grimms\/","url":"https:\/\/teiaeducation.ch\/de\/produkt\/regenbogen-schiff-grimms\/","name":"Babyrassel Regenbogen Schiff - Grimm's - Teia Education & Play","isPartOf":{"@id":"https:\/\/teiaeducation.ch\/de\/#website"},"primaryImageOfPage":{"@id":"https:\/\/teiaeducation.ch\/de\/produkt\/regenbogen-schiff-grimms\/#primaryimage"},"image":{"@id":"https:\/\/teiaeducation.ch\/de\/produkt\/regenbogen-schiff-grimms\/#primaryimage"},"thumbnailUrl":"https:\/\/teiaeducation.ch\/wp-content\/uploads\/2023\/04\/Wooden-rainbow-boat-baby-rattle-Grimms-.jpg","datePublished":"2023-04-24T08:52:37+00:00","dateModified":"2024-09-27T12:27:22+00:00","description":"Grimm's Regenbogen Schiff Babyrassel und Bei\u00dfring aus Holz hat die perfekte Gr\u00f6\u00dfe und Form f\u00fcr kleine H\u00e4nde zum Greifen - handgefertigt in Deutschland.","breadcrumb":{"@id":"https:\/\/teiaeducation.ch\/de\/produkt\/regenbogen-schiff-grimms\/#breadcrumb"},"inLanguage":"de-CH","potentialAction":[{"@type":"ReadAction","target":["https:\/\/teiaeducation.ch\/de\/produkt\/regenbogen-schiff-grimms\/"]}]},{"@type":"ImageObject","inLanguage":"de-CH","@id":"https:\/\/teiaeducation.ch\/de\/produkt\/regenbogen-schiff-grimms\/#primaryimage","url":"https:\/\/teiaeducation.ch\/wp-content\/uploads\/2023\/04\/Wooden-rainbow-boat-baby-rattle-Grimms-.jpg","contentUrl":"https:\/\/teiaeducation.ch\/wp-content\/uploads\/2023\/04\/Wooden-rainbow-boat-baby-rattle-Grimms-.jpg","width":1280,"height":1280,"caption":"H\u00f6lzern Regenbogen Schiff Baby Rassel Grimm's"},{"@type":"BreadcrumbList","@id":"https:\/\/teiaeducation.ch\/de\/produkt\/regenbogen-schiff-grimms\/#breadcrumb","itemListElement":[{"@type":"ListItem","position":1,"name":"Home","item":"https:\/\/teiaeducation.ch\/de\/"},{"@type":"ListItem","position":2,"name":"Laden","item":"https:\/\/teiaeducation.ch\/de\/shop\/"},{"@type":"ListItem","position":3,"name":"Unsere Marken","item":"https:\/\/teiaeducation.ch\/de\/produkt-kategorie\/unsere-marken\/"},{"@type":"ListItem","position":4,"name":"Grimm's","item":"https:\/\/teiaeducation.ch\/de\/produkt-kategorie\/unsere-marken\/grimms-holzspielzeug\/"},{"@type":"ListItem","position":5,"name":"Babyrassel Regenbogen Schiff &#8211; Grimm&#8217;s"}]},{"@type":"WebSite","@id":"https:\/\/teiaeducation.ch\/de\/#website","url":"https:\/\/teiaeducation.ch\/de\/","name":"Sustainable Educational Products &amp; Ecological Toys\u00a0","description":"Specialised Swiss shop selling sustainable educational toys and games, AMI certified Montessori materials, handmade ecological wooden Waldorf toys and arts &amp; crafts supplies, school supplies, children&#039;s furniture and Montessori reference and parenting books.","publisher":{"@id":"https:\/\/teiaeducation.ch\/de\/#organization"},"alternateName":"Teia Education & Play","potentialAction":[{"@type":"SearchAction","target":{"@type":"EntryPoint","urlTemplate":"https:\/\/teiaeducation.ch\/de\/?s={search_term_string}"},"query-input":{"@type":"PropertyValueSpecification","valueRequired":true,"valueName":"search_term_string"}}],"inLanguage":"de-CH"},{"@type":"Organization","@id":"https:\/\/teiaeducation.ch\/de\/#organization","name":"Teia Education & Play","url":"https:\/\/teiaeducation.ch\/de\/","logo":{"@type":"ImageObject","inLanguage":"de-CH","@id":"https:\/\/teiaeducation.ch\/de\/#\/schema\/logo\/image\/","url":"https:\/\/teiaeducation.ch\/wp-content\/uploads\/2020\/11\/Teia-Education-Switzerland-e1620156442216.jpg","contentUrl":"https:\/\/teiaeducation.ch\/wp-content\/uploads\/2020\/11\/Teia-Education-Switzerland-e1620156442216.jpg","width":166,"height":145,"caption":"Teia Education & Play"},"image":{"@id":"https:\/\/teiaeducation.ch\/de\/#\/schema\/logo\/image\/"},"sameAs":["https:\/\/www.facebook.com\/teiaeducation\/","https:\/\/x.com\/EducationTeia","https:\/\/www.instagram.com\/teia.education\/","https:\/\/www.linkedin.com\/company\/35501660","https:\/\/www.pinterest.ch\/TeiaEducation\/"]}]}},"_links":{"self":[{"href":"https:\/\/teiaeducation.ch\/de\/wp-json\/wp\/v2\/product\/54428","targetHints":{"allow":["GET"]}}],"collection":[{"href":"https:\/\/teiaeducation.ch\/de\/wp-json\/wp\/v2\/product"}],"about":[{"href":"https:\/\/teiaeducation.ch\/de\/wp-json\/wp\/v2\/types\/product"}],"replies":[{"embeddable":true,"href":"https:\/\/teiaeducation.ch\/de\/wp-json\/wp\/v2\/comments?post=54428"}],"wp:featuredmedia":[{"embeddable":true,"href":"https:\/\/teiaeducation.ch\/de\/wp-json\/wp\/v2\/media\/53383"}],"wp:attachment":[{"href":"https:\/\/teiaeducation.ch\/de\/wp-json\/wp\/v2\/media?parent=54428"}],"wp:term":[{"taxonomy":"product_brand","embeddable":true,"href":"https:\/\/teiaeducation.ch\/de\/wp-json\/wp\/v2\/product_brand?post=54428"},{"taxonomy":"product_cat","embeddable":true,"href":"https:\/\/teiaeducation.ch\/de\/wp-json\/wp\/v2\/product_cat?post=54428"},{"taxonomy":"product_tag","embeddable":true,"href":"https:\/\/teiaeducation.ch\/de\/wp-json\/wp\/v2\/product_tag?post=54428"}],"curies":[{"name":"wp","href":"https:\/\/api.w.org\/{rel}","templated":true}]}}