{"id":54430,"date":"2023-04-24T08:31:48","date_gmt":"2023-04-24T06:31:48","guid":{"rendered":"https:\/\/teiaeducation.ch\/product\/waldorf-kuschelpuppe-aqua-grimms\/"},"modified":"2023-07-28T12:08:31","modified_gmt":"2023-07-28T10:08:31","slug":"waldorf-kuschelpuppe-aqua-grimms","status":"publish","type":"product","link":"https:\/\/teiaeducation.ch\/de\/produkt\/waldorf-kuschelpuppe-aqua-grimms\/","title":{"rendered":"Kuschelige Waldorfpuppe Aqua &#8211; Grimm&#8217;s"},"content":{"rendered":"<p>Die superweiche und kuschelige <a href=\"https:\/\/teiaeducation.ch\/product-category\/hgh-quality-toys-play\/waldorf-dolls\/\">Waldorfpuppe<\/a> Aqua von Grimm&#8217;s ist ideal f\u00fcr Kinder zum Kuscheln und Einschlafen! Diese blau gef\u00e4rbte Samtpuppe aus der <a href=\"https:\/\/teiaeducation.ch\/product-category\/brands\/grimms\/waldorf-play-dolls\/\">Waldorf-Spielpuppenkollektion<\/a> ist 30 cm gro\u00df und ein fantastischer Begleiter f\u00fcr Babys und Kinder jeden Alters.<\/p>\n<p>Grimms hochwertige, von der Waldorfp\u00e4dagogik inspirierte Puppen werden in Europa in liebevoller Handarbeit mit traditionellen Puppenmachertechniken hergestellt. Ihre s\u00fc\u00dfen Gesichter sind ebenfalls von Hand bemalt, was jeder Puppe einen einzigartigen Ausdruck verleiht.<\/p>\n<p>Sie lassen das Kind spielerisch die Welt erfahren und erm\u00f6glichen ihm, Erfahrungen und <a href=\"https:\/\/teiaeducation.ch\/product-category\/play\/sensory-play\/\">Sinneseindr\u00fccke<\/a> zu verarbeiten. Eine <a href=\"https:\/\/teiaeducation.ch\/product-category\/hgh-quality-toys-play\/waldorf-toys\/\">Waldorfpuppe<\/a> ist ein treuer Begleiter der Kindheit, schon von Geburt an, und wird die Kinder viele Jahre lang begleiten und sie zum <a href=\"https:\/\/teiaeducation.ch\/product-category\/hgh-quality-toys-play\/\">Spielen<\/a> und Nachahmen anregen.<\/p>\n<p>Die weiche Waldorfpuppe Aqua wird nur aus zertifizierten Stoffen nach \u00d6ko-Tex Standard 100, wie Niki und Baumwolle, hergestellt und ist mit Polyesterwolle gef\u00fcttert. Die Puppe hat eine ungef\u00e4hre H\u00f6he von 30 cm.<\/p>\n<p>Die Grimm&#8217;s Waldorfpuppe Aqua ist f\u00fcr Kinder ab 0 Jahren geeignet.<\/p>\n<p>Inhalt:<\/p>\n<p>1 Puppe aus Stoff<\/p>\n<h2>Pflegehinweise<\/h2>\n<p>Diese Grimm&#8217;s Puppen k\u00f6nnen mit der Hand in kaltem oder lauwarmem Wasser gewaschen werden. Bitte vermeiden Sie Temperaturschwankungen des Wassers und das Auswringen und Reiben des Puppenstoffs. Bitte seien Sie vorsichtig beim Waschen der Puppengesichter &#8211; die Farben des Gesichts sind zwar wasserfest, k\u00f6nnen aber ausbleichen.<\/p>\n<h2>\u00dcber Grimm&#8217;s<\/h2>\n<p>Ideal zum Spielen zu Hause, im Kindergarten, in der <a href=\"https:\/\/teiaeducation.ch\/waldorf-steiner-schools-supplies\/\">Waldorf- oder Steiner-Schule<\/a>. Die sch\u00f6nen <a href=\"https:\/\/teiaeducation.ch\/product-category\/brands\/grimms\/\">Grimm&#8217;s Naturholzspielzeuge<\/a> werden nach der <a href=\"https:\/\/teiaeducation.ch\/product-category\/education-method\/waldorf-steiner-toys-craft-materials\/\">Waldorf-Philosophie<\/a> hergestellt, die daf\u00fcr bekannt ist, dass sie Kinder dazu ermutigt, das kreative Spiel selbstst\u00e4ndig, ohne Einschr\u00e4nkungen und in einem gem\u00fctlichen Tempo zu entdecken. Die Grimm&#8217;s Holzspielzeuge werden von Hand mit ungiftigen Farben auf Wasserbasis gef\u00e4rbt und nicht lackiert, damit die urspr\u00fcnglichen Eigenschaften des Holzes und die Maserung erhalten bleiben. Die Oberfl\u00e4che der FSC-zertifizierten europ\u00e4ischen Holz ist leicht rau, wodurch sie vollst\u00e4ndig stapelbar und weniger rutschig sind.<\/p>\n<p>Grimm&#8217;s <a href=\"https:\/\/teiaeducation.ch\/product-category\/hgh-quality-toys-play\/handmade-wooden-toys\/\">handgefertigtes Holzspielzeug<\/a> wird in den Grimm&#8217;schen Werken in Deutschland sowie in mehreren Werkst\u00e4tten in ganz Europa aus verschiedenen Holzarten wie Erle, Linde, Buche und Ahorn hergestellt. Alle H\u00f6lzer, die f\u00fcr die Herstellung der Grimm&#8217;s-Spielzeuge verwendet werden, stammen aus nachhaltig bewirtschafteten europ\u00e4ischen W\u00e4ldern.<\/p>\n<p>Bitte beachten Sie, dass Grimm&#8217;s Spielzeuge immer Unikate sind, die einzigartige, von der Natur geschaffene Zeichen tragen. Die Maserung des Holzes weist wechselnde Strukturen und Farben auf, die von seiner nat\u00fcrlichen Herkunft zeugen. Die einzigartigen Variationen, Markierungen, \u00c4ste, Muster, schwarzen Streifen oder dunklen Flecken, die im Holz eines Grimm&#8217;s Spielzeugs sichtbar sein k\u00f6nnen, sind ein Beweis f\u00fcr Qualit\u00e4t, keine M\u00e4ngel.<\/p>\n","protected":false},"excerpt":{"rendered":"<p>Artikelnummer: gri22552<\/p>\n<p>Die superweiche und kuschelige, blau gef\u00e4rbte Waldorfpuppe Aqua von Grimm&#8217;s ist 30cm gro\u00df und ideal f\u00fcr Kinder zum Kuscheln beim Einschlafen!<\/p>\n","protected":false},"featured_media":53336,"comment_status":"open","ping_status":"closed","template":"","meta":[],"product_brand":[],"product_cat":[25967,21444,21445,21446,21486,21492,21484,21640,21443,21563,21687,21678,21685,21564,24880,23045,22919,21696],"product_tag":[25261,25454,23054,23051,25257,25253,23052,23053,25255,25251,25458,25250,25249,25189,25463,25191,25256,25252,25254,23050],"class_list":{"0":"post-54430","1":"product","2":"type-product","3":"status-publish","4":"has-post-thumbnail","6":"product_cat-0-12-monate-baby","7":"product_cat-1-3-jahre-kleinkind","8":"product_cat-3-6-jahre-vorschule","9":"product_cat-6-12-jahre-grundschule","10":"product_cat-geschenk-guide-1-3-jahre-kleinkind","11":"product_cat-geschenk-guide-stoffspielzeug","12":"product_cat-geschenk-guides","13":"product_cat-grimms-holzspielzeug","14":"product_cat-nach-alter","15":"product_cat-neuheiten","16":"product_cat-phantasievoll-rollenspiel","17":"product_cat-kinder-spielzeug","18":"product_cat-stoffspielzeug","19":"product_cat-unsere-marken","20":"product_cat-waldorf-spielpuppen","21":"product_cat-waldorfpuppen","22":"product_cat-waldorfspielzeug","23":"product_cat-weiche-puppen","24":"product_tag-aqua-waldorf-kuschelpuppe-grimms","25":"product_tag-grimms-waldorf-soft-dolls-de-2","26":"product_tag-handgefertigte-waldorfpuppe","27":"product_tag-handgefertigte-waldorfpuppe-aus-stoff","28":"product_tag-kuschelpuppe-aqua-grimms","29":"product_tag-kuschelpuppe-viola-grimms","30":"product_tag-oko-spielzeug","31":"product_tag-oko-zertifiziertes-spielzeug","32":"product_tag-puppe-aqua-grimms","33":"product_tag-puppe-viola-grimms","34":"product_tag-rainbow-dolls-grimms-de-2","35":"product_tag-regenbogen-taschenzwerge","36":"product_tag-regenbogen-taschenzwerge-puppen","37":"product_tag-waldorf-dolls-de","38":"product_tag-waldorf-dolls-grimms-de-2","39":"product_tag-waldorf-dolls-made-in-europe-de","40":"product_tag-waldorf-kuschelpuppe-aqua-grimms","41":"product_tag-waldorf-kuschelpuppe-viola-grimms","42":"product_tag-waldorf-kuschelpuppe-viola-grimms-de","43":"product_tag-waldorf-stoffpuppen","45":"first","46":"outofstock","47":"taxable","48":"shipping-taxable","49":"purchasable","50":"product-type-simple"},"yoast_head":"<!-- This site is optimized with the Yoast SEO plugin v27.1.1 - https:\/\/yoast.com\/product\/yoast-seo-wordpress\/ -->\n<title>Kuschelige Waldorfpuppe Aqua - Grimm&#039;s - Teia Education &amp; Play<\/title>\n<meta name=\"description\" content=\"Die superweiche und kuschelige, blau gef\u00e4rbte Waldorfpuppe Aqua von Grimm&#039;s ist 30cm gro\u00df und ideal f\u00fcr Kinder zum Kuscheln beim Einschlafen!\" \/>\n<meta name=\"robots\" content=\"index, follow, max-snippet:-1, max-image-preview:large, max-video-preview:-1\" \/>\n<link rel=\"canonical\" href=\"https:\/\/teiaeducation.ch\/de\/produkt\/waldorf-kuschelpuppe-aqua-grimms\/\" \/>\n<meta property=\"og:locale\" content=\"de_DE\" \/>\n<meta property=\"og:type\" content=\"article\" \/>\n<meta property=\"og:title\" content=\"Kuschelige Waldorfpuppe Aqua - Grimm&#039;s - Teia Education &amp; Play\" \/>\n<meta property=\"og:description\" content=\"Die superweiche und kuschelige, blau gef\u00e4rbte Waldorfpuppe Aqua von Grimm&#039;s ist 30cm gro\u00df und ideal f\u00fcr Kinder zum Kuscheln beim Einschlafen!\" \/>\n<meta property=\"og:url\" content=\"https:\/\/teiaeducation.ch\/de\/produkt\/waldorf-kuschelpuppe-aqua-grimms\/\" \/>\n<meta property=\"og:site_name\" content=\"Sustainable Educational Products &amp; Ecological Toys\u00a0\" \/>\n<meta property=\"article:publisher\" content=\"https:\/\/www.facebook.com\/teiaeducation\/\" \/>\n<meta property=\"article:modified_time\" content=\"2023-07-28T10:08:31+00:00\" \/>\n<meta property=\"og:image\" content=\"https:\/\/teiaeducation.ch\/wp-content\/uploads\/2023\/04\/Soft-waldorf-doll-Aqua-Grimms-.jpg\" \/>\n\t<meta property=\"og:image:width\" content=\"1280\" \/>\n\t<meta property=\"og:image:height\" content=\"1280\" \/>\n\t<meta property=\"og:image:type\" content=\"image\/jpeg\" \/>\n<script type=\"application\/ld+json\" class=\"yoast-schema-graph\">{\"@context\":\"https:\/\/schema.org\",\"@graph\":[{\"@type\":\"WebPage\",\"@id\":\"https:\/\/teiaeducation.ch\/de\/produkt\/waldorf-kuschelpuppe-aqua-grimms\/\",\"url\":\"https:\/\/teiaeducation.ch\/de\/produkt\/waldorf-kuschelpuppe-aqua-grimms\/\",\"name\":\"Kuschelige Waldorfpuppe Aqua - Grimm's - Teia Education & Play\",\"isPartOf\":{\"@id\":\"https:\/\/teiaeducation.ch\/de\/#website\"},\"primaryImageOfPage\":{\"@id\":\"https:\/\/teiaeducation.ch\/de\/produkt\/waldorf-kuschelpuppe-aqua-grimms\/#primaryimage\"},\"image\":{\"@id\":\"https:\/\/teiaeducation.ch\/de\/produkt\/waldorf-kuschelpuppe-aqua-grimms\/#primaryimage\"},\"thumbnailUrl\":\"https:\/\/teiaeducation.ch\/wp-content\/uploads\/2023\/04\/Soft-waldorf-doll-Aqua-Grimms-.jpg\",\"datePublished\":\"2023-04-24T06:31:48+00:00\",\"dateModified\":\"2023-07-28T10:08:31+00:00\",\"description\":\"Die superweiche und kuschelige, blau gef\u00e4rbte Waldorfpuppe Aqua von Grimm's ist 30cm gro\u00df und ideal f\u00fcr Kinder zum Kuscheln beim Einschlafen!\",\"breadcrumb\":{\"@id\":\"https:\/\/teiaeducation.ch\/de\/produkt\/waldorf-kuschelpuppe-aqua-grimms\/#breadcrumb\"},\"inLanguage\":\"de-CH\",\"potentialAction\":[{\"@type\":\"ReadAction\",\"target\":[\"https:\/\/teiaeducation.ch\/de\/produkt\/waldorf-kuschelpuppe-aqua-grimms\/\"]}]},{\"@type\":\"ImageObject\",\"inLanguage\":\"de-CH\",\"@id\":\"https:\/\/teiaeducation.ch\/de\/produkt\/waldorf-kuschelpuppe-aqua-grimms\/#primaryimage\",\"url\":\"https:\/\/teiaeducation.ch\/wp-content\/uploads\/2023\/04\/Soft-waldorf-doll-Aqua-Grimms-.jpg\",\"contentUrl\":\"https:\/\/teiaeducation.ch\/wp-content\/uploads\/2023\/04\/Soft-waldorf-doll-Aqua-Grimms-.jpg\",\"width\":1280,\"height\":1280,\"caption\":\"Waldorf Kuschelpuppe Aqua Grimm's 1\"},{\"@type\":\"BreadcrumbList\",\"@id\":\"https:\/\/teiaeducation.ch\/de\/produkt\/waldorf-kuschelpuppe-aqua-grimms\/#breadcrumb\",\"itemListElement\":[{\"@type\":\"ListItem\",\"position\":1,\"name\":\"Home\",\"item\":\"https:\/\/teiaeducation.ch\/de\/\"},{\"@type\":\"ListItem\",\"position\":2,\"name\":\"Laden\",\"item\":\"https:\/\/teiaeducation.ch\/de\/shop\/\"},{\"@type\":\"ListItem\",\"position\":3,\"name\":\"Unsere Marken\",\"item\":\"https:\/\/teiaeducation.ch\/de\/produkt-kategorie\/unsere-marken\/\"},{\"@type\":\"ListItem\",\"position\":4,\"name\":\"Grimm's\",\"item\":\"https:\/\/teiaeducation.ch\/de\/produkt-kategorie\/unsere-marken\/grimms-holzspielzeug\/\"},{\"@type\":\"ListItem\",\"position\":5,\"name\":\"Waldorf Spielpuppen\",\"item\":\"https:\/\/teiaeducation.ch\/de\/produkt-kategorie\/unsere-marken\/grimms-holzspielzeug\/waldorf-spielpuppen\/\"},{\"@type\":\"ListItem\",\"position\":6,\"name\":\"Kuschelige Waldorfpuppe Aqua &#8211; Grimm&#8217;s\"}]},{\"@type\":\"WebSite\",\"@id\":\"https:\/\/teiaeducation.ch\/de\/#website\",\"url\":\"https:\/\/teiaeducation.ch\/de\/\",\"name\":\"Sustainable Educational Products &amp; Ecological Toys\u00a0\",\"description\":\"Specialised Swiss shop selling sustainable educational toys and games, AMI certified Montessori materials, handmade ecological wooden Waldorf toys and arts &amp; crafts supplies, school supplies, children&#039;s furniture and Montessori reference and parenting books.\",\"publisher\":{\"@id\":\"https:\/\/teiaeducation.ch\/de\/#organization\"},\"alternateName\":\"Teia Education & Play\",\"potentialAction\":[{\"@type\":\"SearchAction\",\"target\":{\"@type\":\"EntryPoint\",\"urlTemplate\":\"https:\/\/teiaeducation.ch\/de\/?s={search_term_string}\"},\"query-input\":{\"@type\":\"PropertyValueSpecification\",\"valueRequired\":true,\"valueName\":\"search_term_string\"}}],\"inLanguage\":\"de-CH\"},{\"@type\":\"Organization\",\"@id\":\"https:\/\/teiaeducation.ch\/de\/#organization\",\"name\":\"Teia Education & Play\",\"url\":\"https:\/\/teiaeducation.ch\/de\/\",\"logo\":{\"@type\":\"ImageObject\",\"inLanguage\":\"de-CH\",\"@id\":\"https:\/\/teiaeducation.ch\/de\/#\/schema\/logo\/image\/\",\"url\":\"https:\/\/teiaeducation.ch\/wp-content\/uploads\/2020\/11\/Teia-Education-Switzerland-e1620156442216.jpg\",\"contentUrl\":\"https:\/\/teiaeducation.ch\/wp-content\/uploads\/2020\/11\/Teia-Education-Switzerland-e1620156442216.jpg\",\"width\":166,\"height\":145,\"caption\":\"Teia Education & Play\"},\"image\":{\"@id\":\"https:\/\/teiaeducation.ch\/de\/#\/schema\/logo\/image\/\"},\"sameAs\":[\"https:\/\/www.facebook.com\/teiaeducation\/\",\"https:\/\/x.com\/EducationTeia\",\"https:\/\/www.instagram.com\/teia.education\/\",\"https:\/\/www.linkedin.com\/company\/35501660\",\"https:\/\/www.pinterest.ch\/TeiaEducation\/\"]}]}<\/script>\n<!-- \/ Yoast SEO plugin. -->","yoast_head_json":{"title":"Kuschelige Waldorfpuppe Aqua - Grimm's - Teia Education & Play","description":"Die superweiche und kuschelige, blau gef\u00e4rbte Waldorfpuppe Aqua von Grimm's ist 30cm gro\u00df und ideal f\u00fcr Kinder zum Kuscheln beim Einschlafen!","robots":{"index":"index","follow":"follow","max-snippet":"max-snippet:-1","max-image-preview":"max-image-preview:large","max-video-preview":"max-video-preview:-1"},"canonical":"https:\/\/teiaeducation.ch\/de\/produkt\/waldorf-kuschelpuppe-aqua-grimms\/","og_locale":"de_DE","og_type":"article","og_title":"Kuschelige Waldorfpuppe Aqua - Grimm's - Teia Education & Play","og_description":"Die superweiche und kuschelige, blau gef\u00e4rbte Waldorfpuppe Aqua von Grimm's ist 30cm gro\u00df und ideal f\u00fcr Kinder zum Kuscheln beim Einschlafen!","og_url":"https:\/\/teiaeducation.ch\/de\/produkt\/waldorf-kuschelpuppe-aqua-grimms\/","og_site_name":"Sustainable Educational Products &amp; Ecological Toys\u00a0","article_publisher":"https:\/\/www.facebook.com\/teiaeducation\/","article_modified_time":"2023-07-28T10:08:31+00:00","og_image":[{"width":1280,"height":1280,"url":"https:\/\/teiaeducation.ch\/wp-content\/uploads\/2023\/04\/Soft-waldorf-doll-Aqua-Grimms-.jpg","type":"image\/jpeg"}],"schema":{"@context":"https:\/\/schema.org","@graph":[{"@type":"WebPage","@id":"https:\/\/teiaeducation.ch\/de\/produkt\/waldorf-kuschelpuppe-aqua-grimms\/","url":"https:\/\/teiaeducation.ch\/de\/produkt\/waldorf-kuschelpuppe-aqua-grimms\/","name":"Kuschelige Waldorfpuppe Aqua - Grimm's - Teia Education & Play","isPartOf":{"@id":"https:\/\/teiaeducation.ch\/de\/#website"},"primaryImageOfPage":{"@id":"https:\/\/teiaeducation.ch\/de\/produkt\/waldorf-kuschelpuppe-aqua-grimms\/#primaryimage"},"image":{"@id":"https:\/\/teiaeducation.ch\/de\/produkt\/waldorf-kuschelpuppe-aqua-grimms\/#primaryimage"},"thumbnailUrl":"https:\/\/teiaeducation.ch\/wp-content\/uploads\/2023\/04\/Soft-waldorf-doll-Aqua-Grimms-.jpg","datePublished":"2023-04-24T06:31:48+00:00","dateModified":"2023-07-28T10:08:31+00:00","description":"Die superweiche und kuschelige, blau gef\u00e4rbte Waldorfpuppe Aqua von Grimm's ist 30cm gro\u00df und ideal f\u00fcr Kinder zum Kuscheln beim Einschlafen!","breadcrumb":{"@id":"https:\/\/teiaeducation.ch\/de\/produkt\/waldorf-kuschelpuppe-aqua-grimms\/#breadcrumb"},"inLanguage":"de-CH","potentialAction":[{"@type":"ReadAction","target":["https:\/\/teiaeducation.ch\/de\/produkt\/waldorf-kuschelpuppe-aqua-grimms\/"]}]},{"@type":"ImageObject","inLanguage":"de-CH","@id":"https:\/\/teiaeducation.ch\/de\/produkt\/waldorf-kuschelpuppe-aqua-grimms\/#primaryimage","url":"https:\/\/teiaeducation.ch\/wp-content\/uploads\/2023\/04\/Soft-waldorf-doll-Aqua-Grimms-.jpg","contentUrl":"https:\/\/teiaeducation.ch\/wp-content\/uploads\/2023\/04\/Soft-waldorf-doll-Aqua-Grimms-.jpg","width":1280,"height":1280,"caption":"Waldorf Kuschelpuppe Aqua Grimm's 1"},{"@type":"BreadcrumbList","@id":"https:\/\/teiaeducation.ch\/de\/produkt\/waldorf-kuschelpuppe-aqua-grimms\/#breadcrumb","itemListElement":[{"@type":"ListItem","position":1,"name":"Home","item":"https:\/\/teiaeducation.ch\/de\/"},{"@type":"ListItem","position":2,"name":"Laden","item":"https:\/\/teiaeducation.ch\/de\/shop\/"},{"@type":"ListItem","position":3,"name":"Unsere Marken","item":"https:\/\/teiaeducation.ch\/de\/produkt-kategorie\/unsere-marken\/"},{"@type":"ListItem","position":4,"name":"Grimm's","item":"https:\/\/teiaeducation.ch\/de\/produkt-kategorie\/unsere-marken\/grimms-holzspielzeug\/"},{"@type":"ListItem","position":5,"name":"Waldorf Spielpuppen","item":"https:\/\/teiaeducation.ch\/de\/produkt-kategorie\/unsere-marken\/grimms-holzspielzeug\/waldorf-spielpuppen\/"},{"@type":"ListItem","position":6,"name":"Kuschelige Waldorfpuppe Aqua &#8211; Grimm&#8217;s"}]},{"@type":"WebSite","@id":"https:\/\/teiaeducation.ch\/de\/#website","url":"https:\/\/teiaeducation.ch\/de\/","name":"Sustainable Educational Products &amp; Ecological Toys\u00a0","description":"Specialised Swiss shop selling sustainable educational toys and games, AMI certified Montessori materials, handmade ecological wooden Waldorf toys and arts &amp; crafts supplies, school supplies, children&#039;s furniture and Montessori reference and parenting books.","publisher":{"@id":"https:\/\/teiaeducation.ch\/de\/#organization"},"alternateName":"Teia Education & Play","potentialAction":[{"@type":"SearchAction","target":{"@type":"EntryPoint","urlTemplate":"https:\/\/teiaeducation.ch\/de\/?s={search_term_string}"},"query-input":{"@type":"PropertyValueSpecification","valueRequired":true,"valueName":"search_term_string"}}],"inLanguage":"de-CH"},{"@type":"Organization","@id":"https:\/\/teiaeducation.ch\/de\/#organization","name":"Teia Education & Play","url":"https:\/\/teiaeducation.ch\/de\/","logo":{"@type":"ImageObject","inLanguage":"de-CH","@id":"https:\/\/teiaeducation.ch\/de\/#\/schema\/logo\/image\/","url":"https:\/\/teiaeducation.ch\/wp-content\/uploads\/2020\/11\/Teia-Education-Switzerland-e1620156442216.jpg","contentUrl":"https:\/\/teiaeducation.ch\/wp-content\/uploads\/2020\/11\/Teia-Education-Switzerland-e1620156442216.jpg","width":166,"height":145,"caption":"Teia Education & Play"},"image":{"@id":"https:\/\/teiaeducation.ch\/de\/#\/schema\/logo\/image\/"},"sameAs":["https:\/\/www.facebook.com\/teiaeducation\/","https:\/\/x.com\/EducationTeia","https:\/\/www.instagram.com\/teia.education\/","https:\/\/www.linkedin.com\/company\/35501660","https:\/\/www.pinterest.ch\/TeiaEducation\/"]}]}},"_links":{"self":[{"href":"https:\/\/teiaeducation.ch\/de\/wp-json\/wp\/v2\/product\/54430","targetHints":{"allow":["GET"]}}],"collection":[{"href":"https:\/\/teiaeducation.ch\/de\/wp-json\/wp\/v2\/product"}],"about":[{"href":"https:\/\/teiaeducation.ch\/de\/wp-json\/wp\/v2\/types\/product"}],"replies":[{"embeddable":true,"href":"https:\/\/teiaeducation.ch\/de\/wp-json\/wp\/v2\/comments?post=54430"}],"wp:featuredmedia":[{"embeddable":true,"href":"https:\/\/teiaeducation.ch\/de\/wp-json\/wp\/v2\/media\/53336"}],"wp:attachment":[{"href":"https:\/\/teiaeducation.ch\/de\/wp-json\/wp\/v2\/media?parent=54430"}],"wp:term":[{"taxonomy":"product_brand","embeddable":true,"href":"https:\/\/teiaeducation.ch\/de\/wp-json\/wp\/v2\/product_brand?post=54430"},{"taxonomy":"product_cat","embeddable":true,"href":"https:\/\/teiaeducation.ch\/de\/wp-json\/wp\/v2\/product_cat?post=54430"},{"taxonomy":"product_tag","embeddable":true,"href":"https:\/\/teiaeducation.ch\/de\/wp-json\/wp\/v2\/product_tag?post=54430"}],"curies":[{"name":"wp","href":"https:\/\/api.w.org\/{rel}","templated":true}]}}