{"id":54433,"date":"2023-04-23T17:07:19","date_gmt":"2023-04-23T15:07:19","guid":{"rendered":"https:\/\/teiaeducation.ch\/product\/pastell-taschenzwerge-grimms\/"},"modified":"2023-07-28T12:46:16","modified_gmt":"2023-07-28T10:46:16","slug":"pastell-taschenzwerge-grimms","status":"publish","type":"product","link":"https:\/\/teiaeducation.ch\/de\/produkt\/pastell-taschenzwerge-grimms\/","title":{"rendered":"Pastell Taschenzwerge Waldorfpuppe &#8211; Grimm&#8217;s"},"content":{"rendered":"<p>Die skurrilen Pastell Taschenzwerge <a href=\"https:\/\/teiaeducation.ch\/product-category\/hgh-quality-toys-play\/waldorf-dolls\/\">Waldorfpuppe<\/a>\u00a0sind die perfekten kleinen Bewohner der Grimm&#8217;s Spielzeugwelt! Als Teil der <a href=\"https:\/\/teiaeducation.ch\/product-category\/brands\/grimms\/waldorf-play-dolls\/\">Waldorf-Spielpuppen-Kollektion<\/a> passen sie gut in alle Geb\u00e4ude, die aus den Grimm&#8217;schen Baukl\u00f6tzen gebaut werden, und sind so gro\u00df, dass sie in alle <a href=\"https:\/\/teiaeducation.ch\/product-category\/play\/toy-cars-vehicles\/\">Fahrzeuge<\/a> der Kollektion passen! Ein Zwerg ist auch ein fantastischer Begleiter f\u00fcr Kinder und ein Talisman.<\/p>\n<p>Diese hochwertigen Zwergenpuppen werden in Europa in liebevoller Handarbeit mit traditionellen Puppenmachertechniken hergestellt. Ihre s\u00fc\u00dfen Gesichter sind ebenfalls von Hand bemalt, was jeder Puppe einen einzigartigen Ausdruck verleiht.<\/p>\n<p>Durch ihre unterschiedlichen <a href=\"https:\/\/teiaeducation.ch\/product-category\/learning-themes\/sensory-motor-skills\/learning-about-colour\/\">Farben<\/a> und Hautt\u00f6ne spiegeln die pastellfarbenen Zwerge unsere wunderbare, vielf\u00e4ltige Welt wider und <a href=\"https:\/\/teiaeducation.ch\/product-category\/celebrations\/\">zelebrieren die<\/a> Einzigartigkeit eines jeden. Jede dieser kleinen handgefertigten Puppen hat ein anderes Aussehen und ist geschlechtsneutral. Sie haben keinen spezifischen Gesichtsausdruck, sondern k\u00f6nnen entweder traurig oder gl\u00fccklich sein. Ihre schlichte Erscheinung regt die Phantasie der Kinder an, anstatt sie durch zu viele Details einzuschr\u00e4nken.<\/p>\n<p>Die pastellfarbenen Zwerge werden ausschlie\u00dflich aus zertifizierten Stoffen nach \u00d6ko-Tex Standard 100, wie Niki und Baumwolle, hergestellt und sind mit Polyesterwolle gef\u00fcttert. Jede der Puppen hat eine ungef\u00e4hre H\u00f6he von 7 cm.<\/p>\n<p>Die Grimm&#8217;s Pastell Taschenzwerge Waldorfpuppe sind f\u00fcr Kinder ab 2 Jahren geeignet.<\/p>\n<p>Inhalt:<\/p>\n<p>6 Pastell Taschenzwerge<\/p>\n<h2>Pflegehinweise<\/h2>\n<p>Diese Grimm&#8217;s Waldorfpuppe k\u00f6nnen mit der Hand in kaltem oder lauwarmem Wasser gewaschen werden. Bitte vermeiden Sie Temperaturschwankungen des Wassers und das Auswringen und Reiben des Puppenstoffs. Bitte seien Sie vorsichtig beim Waschen der Puppengesichter &#8211; die Farben des Gesichts sind zwar wasserfest, k\u00f6nnen aber ausbleichen.<\/p>\n<h2>\u00dcber Grimm&#8217;s<\/h2>\n<p>Ideal zum Spielen zu Hause, im Kindergarten, in der <a href=\"https:\/\/teiaeducation.ch\/waldorf-steiner-schools-supplies\/\">Waldorf- oder Steiner-Schule<\/a>. Die sch\u00f6nen <a href=\"https:\/\/teiaeducation.ch\/product-category\/brands\/grimms\/\">Grimm&#8217;s Naturholzspielzeuge<\/a> werden nach der <a href=\"https:\/\/teiaeducation.ch\/product-category\/education-method\/waldorf-steiner-toys-craft-materials\/\">Waldorf-Philosophie<\/a> hergestellt, die daf\u00fcr bekannt ist, dass sie Kinder dazu ermutigt, das kreative Spiel selbstst\u00e4ndig, ohne Einschr\u00e4nkungen und in einem gem\u00fctlichen Tempo zu entdecken. Die Grimm&#8217;s Holzspielzeuge werden von Hand mit ungiftigen Farben auf Wasserbasis gef\u00e4rbt und nicht lackiert, damit die urspr\u00fcnglichen Eigenschaften des Holzes und die Maserung erhalten bleiben. Die Oberfl\u00e4che der FSC-zertifizierten europ\u00e4ischen Holz ist leicht rau, wodurch sie vollst\u00e4ndig stapelbar und weniger rutschig sind.<\/p>\n<p>Grimm&#8217;s <a href=\"https:\/\/teiaeducation.ch\/product-category\/hgh-quality-toys-play\/handmade-wooden-toys\/\">handgefertigtes Holzspielzeug<\/a> wird in den Grimm&#8217;schen Werken in Deutschland sowie in mehreren Werkst\u00e4tten in ganz Europa aus verschiedenen Holzarten wie Erle, Linde, Buche und Ahorn hergestellt. Alle H\u00f6lzer, die f\u00fcr die Herstellung der Grimm&#8217;s-Spielzeuge verwendet werden, stammen aus nachhaltig bewirtschafteten europ\u00e4ischen W\u00e4ldern.<\/p>\n<p>Bitte beachten Sie, dass Grimm&#8217;s Spielzeuge immer Unikate sind, die einzigartige, von der Natur geschaffene Zeichen tragen. Die Maserung des Holzes weist wechselnde Strukturen und Farben auf, die von seiner nat\u00fcrlichen Herkunft zeugen. Die einzigartigen Variationen, Markierungen, \u00c4ste, Muster, schwarzen Streifen oder dunklen Flecken, die im Holz eines Grimm&#8217;s Spielzeugs sichtbar sein k\u00f6nnen, sind ein Beweis f\u00fcr Qualit\u00e4t, keine M\u00e4ngel.<\/p>\n","protected":false},"excerpt":{"rendered":"<p>Artikelnummer: gri22003<\/p>\n<p>Die hochwertigen 6-er Set Pastell Taschenzwerge Waldorfpuppe\u00a0sind die perfekten kleinen Bewohner der Grimm&#8217;s Spielzeugwelt!<\/p>\n","protected":false},"featured_media":53288,"comment_status":"open","ping_status":"closed","template":"","meta":[],"product_brand":[],"product_cat":[25967,21444,21445,21446,21486,21492,21484,21640,21443,21563,21687,21678,21685,21564,24880,23045,22919,21696],"product_tag":[23054,23051,23052,23053,25265,25263,25264,25189,25463,25191,23050,25262],"class_list":{"0":"post-54433","1":"product","2":"type-product","3":"status-publish","4":"has-post-thumbnail","6":"product_cat-0-12-monate-baby","7":"product_cat-1-3-jahre-kleinkind","8":"product_cat-3-6-jahre-vorschule","9":"product_cat-6-12-jahre-grundschule","10":"product_cat-geschenk-guide-1-3-jahre-kleinkind","11":"product_cat-geschenk-guide-stoffspielzeug","12":"product_cat-geschenk-guides","13":"product_cat-grimms-holzspielzeug","14":"product_cat-nach-alter","15":"product_cat-neuheiten","16":"product_cat-phantasievoll-rollenspiel","17":"product_cat-kinder-spielzeug","18":"product_cat-stoffspielzeug","19":"product_cat-unsere-marken","20":"product_cat-waldorf-spielpuppen","21":"product_cat-waldorfpuppen","22":"product_cat-waldorfspielzeug","23":"product_cat-weiche-puppen","24":"product_tag-handgefertigte-waldorfpuppe","25":"product_tag-handgefertigte-waldorfpuppe-aus-stoff","26":"product_tag-oko-spielzeug","27":"product_tag-oko-zertifiziertes-spielzeug","28":"product_tag-pastell-puppe-grimms","29":"product_tag-pastell-taschenzwerge-grimms","30":"product_tag-pastell-zwerge-grimms","31":"product_tag-waldorf-dolls-de","32":"product_tag-waldorf-dolls-grimms-de-2","33":"product_tag-waldorf-dolls-made-in-europe-de","34":"product_tag-waldorf-stoffpuppen","35":"product_tag-zwergepuppe-grimms","37":"first","38":"outofstock","39":"taxable","40":"shipping-taxable","41":"purchasable","42":"product-type-simple"},"yoast_head":"<!-- This site is optimized with the Yoast SEO plugin v27.1.1 - https:\/\/yoast.com\/product\/yoast-seo-wordpress\/ -->\n<title>Pastell Taschenzwerge Waldorfpuppe - Grimm&#039;s<\/title>\n<meta name=\"description\" content=\"Die hochwertigen 6-er Set Pastell Taschenzwerge Waldorfpuppe\u00a0sind die perfekten kleinen Bewohner der Grimm&#039;s Spielzeugwelt!\" \/>\n<meta name=\"robots\" content=\"index, follow, max-snippet:-1, max-image-preview:large, max-video-preview:-1\" \/>\n<link rel=\"canonical\" href=\"https:\/\/teiaeducation.ch\/de\/produkt\/pastell-taschenzwerge-grimms\/\" \/>\n<meta property=\"og:locale\" content=\"de_DE\" \/>\n<meta property=\"og:type\" content=\"article\" \/>\n<meta property=\"og:title\" content=\"Pastell Taschenzwerge Waldorfpuppe - Grimm&#039;s\" \/>\n<meta property=\"og:description\" content=\"Die hochwertigen 6-er Set Pastell Taschenzwerge Waldorfpuppe\u00a0sind die perfekten kleinen Bewohner der Grimm&#039;s Spielzeugwelt!\" \/>\n<meta property=\"og:url\" content=\"https:\/\/teiaeducation.ch\/de\/produkt\/pastell-taschenzwerge-grimms\/\" \/>\n<meta property=\"og:site_name\" content=\"Sustainable Educational Products &amp; Ecological Toys\u00a0\" \/>\n<meta property=\"article:publisher\" content=\"https:\/\/www.facebook.com\/teiaeducation\/\" \/>\n<meta property=\"article:modified_time\" content=\"2023-07-28T10:46:16+00:00\" \/>\n<meta property=\"og:image\" content=\"https:\/\/teiaeducation.ch\/wp-content\/uploads\/2023\/04\/Pastel-dwarfs-waldorf-soft-fabric-dolls-Grimms-.jpg\" \/>\n\t<meta property=\"og:image:width\" content=\"1280\" \/>\n\t<meta property=\"og:image:height\" content=\"1280\" \/>\n\t<meta property=\"og:image:type\" content=\"image\/jpeg\" \/>\n<script type=\"application\/ld+json\" class=\"yoast-schema-graph\">{\"@context\":\"https:\/\/schema.org\",\"@graph\":[{\"@type\":\"WebPage\",\"@id\":\"https:\/\/teiaeducation.ch\/de\/produkt\/pastell-taschenzwerge-grimms\/\",\"url\":\"https:\/\/teiaeducation.ch\/de\/produkt\/pastell-taschenzwerge-grimms\/\",\"name\":\"Pastell Taschenzwerge Waldorfpuppe - Grimm's\",\"isPartOf\":{\"@id\":\"https:\/\/teiaeducation.ch\/de\/#website\"},\"primaryImageOfPage\":{\"@id\":\"https:\/\/teiaeducation.ch\/de\/produkt\/pastell-taschenzwerge-grimms\/#primaryimage\"},\"image\":{\"@id\":\"https:\/\/teiaeducation.ch\/de\/produkt\/pastell-taschenzwerge-grimms\/#primaryimage\"},\"thumbnailUrl\":\"https:\/\/teiaeducation.ch\/wp-content\/uploads\/2023\/04\/Pastel-dwarfs-waldorf-soft-fabric-dolls-Grimms-.jpg\",\"datePublished\":\"2023-04-23T15:07:19+00:00\",\"dateModified\":\"2023-07-28T10:46:16+00:00\",\"description\":\"Die hochwertigen 6-er Set Pastell Taschenzwerge Waldorfpuppe\u00a0sind die perfekten kleinen Bewohner der Grimm's Spielzeugwelt!\",\"breadcrumb\":{\"@id\":\"https:\/\/teiaeducation.ch\/de\/produkt\/pastell-taschenzwerge-grimms\/#breadcrumb\"},\"inLanguage\":\"de-CH\",\"potentialAction\":[{\"@type\":\"ReadAction\",\"target\":[\"https:\/\/teiaeducation.ch\/de\/produkt\/pastell-taschenzwerge-grimms\/\"]}]},{\"@type\":\"ImageObject\",\"inLanguage\":\"de-CH\",\"@id\":\"https:\/\/teiaeducation.ch\/de\/produkt\/pastell-taschenzwerge-grimms\/#primaryimage\",\"url\":\"https:\/\/teiaeducation.ch\/wp-content\/uploads\/2023\/04\/Pastel-dwarfs-waldorf-soft-fabric-dolls-Grimms-.jpg\",\"contentUrl\":\"https:\/\/teiaeducation.ch\/wp-content\/uploads\/2023\/04\/Pastel-dwarfs-waldorf-soft-fabric-dolls-Grimms-.jpg\",\"width\":1280,\"height\":1280,\"caption\":\"Pastellfarbene Zwerge Waldorf Weichstoffpuppen Grimm's\"},{\"@type\":\"BreadcrumbList\",\"@id\":\"https:\/\/teiaeducation.ch\/de\/produkt\/pastell-taschenzwerge-grimms\/#breadcrumb\",\"itemListElement\":[{\"@type\":\"ListItem\",\"position\":1,\"name\":\"Home\",\"item\":\"https:\/\/teiaeducation.ch\/de\/\"},{\"@type\":\"ListItem\",\"position\":2,\"name\":\"Laden\",\"item\":\"https:\/\/teiaeducation.ch\/de\/shop\/\"},{\"@type\":\"ListItem\",\"position\":3,\"name\":\"Unsere Marken\",\"item\":\"https:\/\/teiaeducation.ch\/de\/produkt-kategorie\/unsere-marken\/\"},{\"@type\":\"ListItem\",\"position\":4,\"name\":\"Grimm's\",\"item\":\"https:\/\/teiaeducation.ch\/de\/produkt-kategorie\/unsere-marken\/grimms-holzspielzeug\/\"},{\"@type\":\"ListItem\",\"position\":5,\"name\":\"Waldorf Spielpuppen\",\"item\":\"https:\/\/teiaeducation.ch\/de\/produkt-kategorie\/unsere-marken\/grimms-holzspielzeug\/waldorf-spielpuppen\/\"},{\"@type\":\"ListItem\",\"position\":6,\"name\":\"Pastell Taschenzwerge Waldorfpuppe &#8211; Grimm&#8217;s\"}]},{\"@type\":\"WebSite\",\"@id\":\"https:\/\/teiaeducation.ch\/de\/#website\",\"url\":\"https:\/\/teiaeducation.ch\/de\/\",\"name\":\"Sustainable Educational Products &amp; Ecological Toys\u00a0\",\"description\":\"Specialised Swiss shop selling sustainable educational toys and games, AMI certified Montessori materials, handmade ecological wooden Waldorf toys and arts &amp; crafts supplies, school supplies, children&#039;s furniture and Montessori reference and parenting books.\",\"publisher\":{\"@id\":\"https:\/\/teiaeducation.ch\/de\/#organization\"},\"alternateName\":\"Teia Education & Play\",\"potentialAction\":[{\"@type\":\"SearchAction\",\"target\":{\"@type\":\"EntryPoint\",\"urlTemplate\":\"https:\/\/teiaeducation.ch\/de\/?s={search_term_string}\"},\"query-input\":{\"@type\":\"PropertyValueSpecification\",\"valueRequired\":true,\"valueName\":\"search_term_string\"}}],\"inLanguage\":\"de-CH\"},{\"@type\":\"Organization\",\"@id\":\"https:\/\/teiaeducation.ch\/de\/#organization\",\"name\":\"Teia Education & Play\",\"url\":\"https:\/\/teiaeducation.ch\/de\/\",\"logo\":{\"@type\":\"ImageObject\",\"inLanguage\":\"de-CH\",\"@id\":\"https:\/\/teiaeducation.ch\/de\/#\/schema\/logo\/image\/\",\"url\":\"https:\/\/teiaeducation.ch\/wp-content\/uploads\/2020\/11\/Teia-Education-Switzerland-e1620156442216.jpg\",\"contentUrl\":\"https:\/\/teiaeducation.ch\/wp-content\/uploads\/2020\/11\/Teia-Education-Switzerland-e1620156442216.jpg\",\"width\":166,\"height\":145,\"caption\":\"Teia Education & Play\"},\"image\":{\"@id\":\"https:\/\/teiaeducation.ch\/de\/#\/schema\/logo\/image\/\"},\"sameAs\":[\"https:\/\/www.facebook.com\/teiaeducation\/\",\"https:\/\/x.com\/EducationTeia\",\"https:\/\/www.instagram.com\/teia.education\/\",\"https:\/\/www.linkedin.com\/company\/35501660\",\"https:\/\/www.pinterest.ch\/TeiaEducation\/\"]}]}<\/script>\n<!-- \/ Yoast SEO plugin. -->","yoast_head_json":{"title":"Pastell Taschenzwerge Waldorfpuppe - Grimm's","description":"Die hochwertigen 6-er Set Pastell Taschenzwerge Waldorfpuppe\u00a0sind die perfekten kleinen Bewohner der Grimm's Spielzeugwelt!","robots":{"index":"index","follow":"follow","max-snippet":"max-snippet:-1","max-image-preview":"max-image-preview:large","max-video-preview":"max-video-preview:-1"},"canonical":"https:\/\/teiaeducation.ch\/de\/produkt\/pastell-taschenzwerge-grimms\/","og_locale":"de_DE","og_type":"article","og_title":"Pastell Taschenzwerge Waldorfpuppe - Grimm's","og_description":"Die hochwertigen 6-er Set Pastell Taschenzwerge Waldorfpuppe\u00a0sind die perfekten kleinen Bewohner der Grimm's Spielzeugwelt!","og_url":"https:\/\/teiaeducation.ch\/de\/produkt\/pastell-taschenzwerge-grimms\/","og_site_name":"Sustainable Educational Products &amp; Ecological Toys\u00a0","article_publisher":"https:\/\/www.facebook.com\/teiaeducation\/","article_modified_time":"2023-07-28T10:46:16+00:00","og_image":[{"width":1280,"height":1280,"url":"https:\/\/teiaeducation.ch\/wp-content\/uploads\/2023\/04\/Pastel-dwarfs-waldorf-soft-fabric-dolls-Grimms-.jpg","type":"image\/jpeg"}],"schema":{"@context":"https:\/\/schema.org","@graph":[{"@type":"WebPage","@id":"https:\/\/teiaeducation.ch\/de\/produkt\/pastell-taschenzwerge-grimms\/","url":"https:\/\/teiaeducation.ch\/de\/produkt\/pastell-taschenzwerge-grimms\/","name":"Pastell Taschenzwerge Waldorfpuppe - Grimm's","isPartOf":{"@id":"https:\/\/teiaeducation.ch\/de\/#website"},"primaryImageOfPage":{"@id":"https:\/\/teiaeducation.ch\/de\/produkt\/pastell-taschenzwerge-grimms\/#primaryimage"},"image":{"@id":"https:\/\/teiaeducation.ch\/de\/produkt\/pastell-taschenzwerge-grimms\/#primaryimage"},"thumbnailUrl":"https:\/\/teiaeducation.ch\/wp-content\/uploads\/2023\/04\/Pastel-dwarfs-waldorf-soft-fabric-dolls-Grimms-.jpg","datePublished":"2023-04-23T15:07:19+00:00","dateModified":"2023-07-28T10:46:16+00:00","description":"Die hochwertigen 6-er Set Pastell Taschenzwerge Waldorfpuppe\u00a0sind die perfekten kleinen Bewohner der Grimm's Spielzeugwelt!","breadcrumb":{"@id":"https:\/\/teiaeducation.ch\/de\/produkt\/pastell-taschenzwerge-grimms\/#breadcrumb"},"inLanguage":"de-CH","potentialAction":[{"@type":"ReadAction","target":["https:\/\/teiaeducation.ch\/de\/produkt\/pastell-taschenzwerge-grimms\/"]}]},{"@type":"ImageObject","inLanguage":"de-CH","@id":"https:\/\/teiaeducation.ch\/de\/produkt\/pastell-taschenzwerge-grimms\/#primaryimage","url":"https:\/\/teiaeducation.ch\/wp-content\/uploads\/2023\/04\/Pastel-dwarfs-waldorf-soft-fabric-dolls-Grimms-.jpg","contentUrl":"https:\/\/teiaeducation.ch\/wp-content\/uploads\/2023\/04\/Pastel-dwarfs-waldorf-soft-fabric-dolls-Grimms-.jpg","width":1280,"height":1280,"caption":"Pastellfarbene Zwerge Waldorf Weichstoffpuppen Grimm's"},{"@type":"BreadcrumbList","@id":"https:\/\/teiaeducation.ch\/de\/produkt\/pastell-taschenzwerge-grimms\/#breadcrumb","itemListElement":[{"@type":"ListItem","position":1,"name":"Home","item":"https:\/\/teiaeducation.ch\/de\/"},{"@type":"ListItem","position":2,"name":"Laden","item":"https:\/\/teiaeducation.ch\/de\/shop\/"},{"@type":"ListItem","position":3,"name":"Unsere Marken","item":"https:\/\/teiaeducation.ch\/de\/produkt-kategorie\/unsere-marken\/"},{"@type":"ListItem","position":4,"name":"Grimm's","item":"https:\/\/teiaeducation.ch\/de\/produkt-kategorie\/unsere-marken\/grimms-holzspielzeug\/"},{"@type":"ListItem","position":5,"name":"Waldorf Spielpuppen","item":"https:\/\/teiaeducation.ch\/de\/produkt-kategorie\/unsere-marken\/grimms-holzspielzeug\/waldorf-spielpuppen\/"},{"@type":"ListItem","position":6,"name":"Pastell Taschenzwerge Waldorfpuppe &#8211; Grimm&#8217;s"}]},{"@type":"WebSite","@id":"https:\/\/teiaeducation.ch\/de\/#website","url":"https:\/\/teiaeducation.ch\/de\/","name":"Sustainable Educational Products &amp; Ecological Toys\u00a0","description":"Specialised Swiss shop selling sustainable educational toys and games, AMI certified Montessori materials, handmade ecological wooden Waldorf toys and arts &amp; crafts supplies, school supplies, children&#039;s furniture and Montessori reference and parenting books.","publisher":{"@id":"https:\/\/teiaeducation.ch\/de\/#organization"},"alternateName":"Teia Education & Play","potentialAction":[{"@type":"SearchAction","target":{"@type":"EntryPoint","urlTemplate":"https:\/\/teiaeducation.ch\/de\/?s={search_term_string}"},"query-input":{"@type":"PropertyValueSpecification","valueRequired":true,"valueName":"search_term_string"}}],"inLanguage":"de-CH"},{"@type":"Organization","@id":"https:\/\/teiaeducation.ch\/de\/#organization","name":"Teia Education & Play","url":"https:\/\/teiaeducation.ch\/de\/","logo":{"@type":"ImageObject","inLanguage":"de-CH","@id":"https:\/\/teiaeducation.ch\/de\/#\/schema\/logo\/image\/","url":"https:\/\/teiaeducation.ch\/wp-content\/uploads\/2020\/11\/Teia-Education-Switzerland-e1620156442216.jpg","contentUrl":"https:\/\/teiaeducation.ch\/wp-content\/uploads\/2020\/11\/Teia-Education-Switzerland-e1620156442216.jpg","width":166,"height":145,"caption":"Teia Education & Play"},"image":{"@id":"https:\/\/teiaeducation.ch\/de\/#\/schema\/logo\/image\/"},"sameAs":["https:\/\/www.facebook.com\/teiaeducation\/","https:\/\/x.com\/EducationTeia","https:\/\/www.instagram.com\/teia.education\/","https:\/\/www.linkedin.com\/company\/35501660","https:\/\/www.pinterest.ch\/TeiaEducation\/"]}]}},"_links":{"self":[{"href":"https:\/\/teiaeducation.ch\/de\/wp-json\/wp\/v2\/product\/54433","targetHints":{"allow":["GET"]}}],"collection":[{"href":"https:\/\/teiaeducation.ch\/de\/wp-json\/wp\/v2\/product"}],"about":[{"href":"https:\/\/teiaeducation.ch\/de\/wp-json\/wp\/v2\/types\/product"}],"replies":[{"embeddable":true,"href":"https:\/\/teiaeducation.ch\/de\/wp-json\/wp\/v2\/comments?post=54433"}],"wp:featuredmedia":[{"embeddable":true,"href":"https:\/\/teiaeducation.ch\/de\/wp-json\/wp\/v2\/media\/53288"}],"wp:attachment":[{"href":"https:\/\/teiaeducation.ch\/de\/wp-json\/wp\/v2\/media?parent=54433"}],"wp:term":[{"taxonomy":"product_brand","embeddable":true,"href":"https:\/\/teiaeducation.ch\/de\/wp-json\/wp\/v2\/product_brand?post=54433"},{"taxonomy":"product_cat","embeddable":true,"href":"https:\/\/teiaeducation.ch\/de\/wp-json\/wp\/v2\/product_cat?post=54433"},{"taxonomy":"product_tag","embeddable":true,"href":"https:\/\/teiaeducation.ch\/de\/wp-json\/wp\/v2\/product_tag?post=54433"}],"curies":[{"name":"wp","href":"https:\/\/api.w.org\/{rel}","templated":true}]}}