{"id":54434,"date":"2023-04-12T09:50:25","date_gmt":"2023-04-12T07:50:25","guid":{"rendered":"https:\/\/teiaeducation.ch\/product\/kerzenhalter-messing-grimms\/"},"modified":"2025-02-05T17:55:07","modified_gmt":"2025-02-05T16:55:07","slug":"kerzenhalter-messing-grimms","status":"publish","type":"product","link":"https:\/\/teiaeducation.ch\/de\/produkt\/kerzenhalter-messing-grimms\/","title":{"rendered":"Kerzenhalter Messing &#8211; Grimm&#8217;s"},"content":{"rendered":"<p>Der Grimm&#8217;s Messing Kerzenhalter ist ein Einsatz-Accessoire aus unserer <a href=\"https:\/\/teiaeducation.ch\/product-category\/celebrations\/\">Feste-Kollektion<\/a>, mit dem Sie Ihren Geburtstagsring, Weihnachts-Adventsring oder Waldorf-Feste-Ring in einen Kerzenhalter verwandeln k\u00f6nnen!<\/p>\n<p>Dieser Halter passt in die <a href=\"https:\/\/teiaeducation.ch\/product\/birthday-ring-natural-wood-gluckskafer\/\">Geburtstagsringe<\/a>, den <a href=\"https:\/\/teiaeducation.ch\/product\/wooden-birthday-train-gluckskafer\/\">Geburtstagszug<\/a>, sowie in alle Grimm&#8217;s Spiel und Holz <a href=\"https:\/\/teiaeducation.ch\/product\/small-natural-wood-birthday-ring-grimms\/\">Festringe<\/a>, Geburtstags- und <a href=\"https:\/\/teiaeducation.ch\/product\/colourful-birthday-spiral-grimms\/\">Adventsspiralen<\/a>. Der Einsatzhalter ist so bemessen, dass er nur f\u00fcr unser Sortiment an <a href=\"https:\/\/teiaeducation.ch\/?s=candle+gluckskafer&amp;post_type=product&amp;lang=en\">Geburtstagskerzen<\/a> passt.<\/p>\n<p>Einzeln erh\u00e4ltlich. Bitte beachten Sie, dass die Kerzen ohne diesen Einsatz nicht in den verschiedenen Ringen und Spiralen stehen k\u00f6nnen.<\/p>\n<p>Der Kerzenhalter aus Messing wird in Deutschland hergestellt und hat einen Innendurchmesser von 1,4 cm und einen Au\u00dfendurchmesser von 2 cm.<\/p>\n<p>Warnung! Der Grimm&#8217;s Kerzenhaltereinsatz aus Messing ist keine Sicherheitsvorrichtung. Dies ist ein Dekorationsartikel und nicht zum Spielen geeignet. Wenn die Kerzen unbeaufsichtigt gelassen werden, k\u00f6nnen die dazu verwendeten Holzteile, wie z. B. der Festring, dennoch brennen. Bitte seien Sie beim Abbrennen von Kerzen immer vorsichtig.<\/p>\n<p>Aus Sicherheitsgr\u00fcnden sollten Sie bei der Verwendung von Kerzen Kerzenhalter verwenden und darauf achten, dass keine Zugluft entsteht und sich keine dekorative Figur in der N\u00e4he der Flammen befindet. Dieser Artikel ist f\u00fcr Kinder ab 14 Jahren geeignet.<\/p>\n<p>Inhalt:<\/p>\n<p>1 Kerzenhalter aus Messing<\/p>\n<h2>\u00dcber Grimm&#8217;s<\/h2>\n<p>Ideal zum Spielen zu Hause, im Kindergarten, in der <a href=\"https:\/\/teiaeducation.ch\/waldorf-steiner-schools-supplies\/\">Waldorf- oder Steiner-Schule<\/a>. Die sch\u00f6nen <a href=\"https:\/\/teiaeducation.ch\/product-category\/brands\/grimms\/\">Grimm&#8217;s Naturholzspielzeuge<\/a> werden nach der <a href=\"https:\/\/teiaeducation.ch\/product-category\/education-method\/waldorf-steiner-toys-craft-materials\/\">Waldorf-Philosophie<\/a> hergestellt, die daf\u00fcr bekannt ist, dass sie Kinder dazu ermutigt, das kreative Spiel selbstst\u00e4ndig, ohne Einschr\u00e4nkungen und in einem gem\u00fctlichen Tempo zu entdecken. Die Grimm&#8217;s Holzspielzeuge werden von Hand mit ungiftigen Farben auf Wasserbasis gef\u00e4rbt und nicht lackiert, damit die urspr\u00fcnglichen Eigenschaften des Holzes und die Maserung erhalten bleiben. Die Oberfl\u00e4che der FSC-zertifizierten europ\u00e4ischen Holz ist leicht rau, wodurch sie vollst\u00e4ndig stapelbar und weniger rutschig sind.<\/p>\n<p>Grimm&#8217;s <a href=\"https:\/\/teiaeducation.ch\/product-category\/hgh-quality-toys-play\/handmade-wooden-toys\/\">handgefertigtes Holzspielzeug<\/a> wird in den Grimm&#8217;schen Werken in Deutschland sowie in mehreren Werkst\u00e4tten in ganz Europa aus verschiedenen Holzarten wie Erle, Linde, Buche und Ahorn hergestellt. Alle H\u00f6lzer, die f\u00fcr die Herstellung der Grimm&#8217;s-Spielzeuge verwendet werden, stammen aus nachhaltig bewirtschafteten europ\u00e4ischen W\u00e4ldern.<\/p>\n<p>Bitte beachten Sie, dass Grimm&#8217;s Spielzeuge immer Unikate sind, die einzigartige, von der Natur geschaffene Zeichen tragen. Die Maserung des Holzes weist wechselnde Strukturen und Farben auf, die von seiner nat\u00fcrlichen Herkunft zeugen. Die einzigartigen Variationen, Markierungen, \u00c4ste, Muster, schwarzen Streifen oder dunklen Flecken, die im Holz eines Grimm&#8217;s Spielzeugs sichtbar sein k\u00f6nnen, sind ein Beweis f\u00fcr Qualit\u00e4t, keine M\u00e4ngel.<\/p>\n","protected":false},"excerpt":{"rendered":"<p>Artikelnummer: gri04800<\/p>\n<p>Der Grimm&#8217;s Kerzenhalter Messing ist ein Accessoire f\u00fcr Ihren Geburtstagsring, Weihnachts-Adventsring oder Waldorf Festival Ring!<\/p>\n","protected":false},"featured_media":53358,"comment_status":"open","ping_status":"closed","template":"","meta":[],"product_brand":[],"product_cat":[21479,24873,21465,21670,22347,21484,21640,21464,21443,22349,21563,22351,22362,21678,21564,21483,22919,22363],"product_tag":[25271,25272,25266,25269,21715,25267,22143,21712,25268,25270,23462,23460],"class_list":{"0":"post-54434","1":"product","2":"type-product","3":"status-publish","4":"has-post-thumbnail","6":"product_cat-lernmaterialien-spielzeug-montessori-waldorf-steiner-froebel","7":"product_cat-familie-feste-rituale","8":"product_cat-feier-festlichkeiten","9":"product_cat-fruehjahrskollektion","10":"product_cat-geburtstage","11":"product_cat-geschenk-guides","12":"product_cat-grimms-holzspielzeug","13":"product_cat-herbstkollektion","14":"product_cat-nach-alter","15":"product_cat-natur-saisonale-tische-de","16":"product_cat-neuheiten","17":"product_cat-rituale-adventszeit","18":"product_cat-saisonale-kollektionen","19":"product_cat-kinder-spielzeug","20":"product_cat-unsere-marken","21":"product_cat-waldorf-steiner-paedagogik","22":"product_cat-waldorfspielzeug","23":"product_cat-winter-kollektion","24":"product_tag-goldfarbener-kerzenhalter-grimms","25":"product_tag-goldfarbener-kerzenhalter-grimms-de","26":"product_tag-grimms-de","27":"product_tag-grimms-kerzenhalter","28":"product_tag-grimms-switzerland-de","29":"product_tag-grimms-feiern","30":"product_tag-handgefertigtes-holzspielzeug-de","31":"product_tag-hergestellt-in-deutschland","32":"product_tag-kerzenhalter-messing-grimms","33":"product_tag-messing-kerzenhalter-waldorf","34":"product_tag-waldorf-holzspielzeug","35":"product_tag-waldorfspielzeug-aus-holz-de","37":"first","38":"outofstock","39":"taxable","40":"shipping-taxable","41":"purchasable","42":"product-type-simple"},"yoast_head":"<!-- This site is optimized with the Yoast SEO plugin v27.1.1 - https:\/\/yoast.com\/product\/yoast-seo-wordpress\/ -->\n<title>Kerzenhalter Messing - Grimm&#039;s - Teia Education &amp; Play<\/title>\n<meta name=\"description\" content=\"Der Grimm&#039;s Kerzenhalter Messing ist ein Accessoire f\u00fcr Ihren Geburtstagsring, Weihnachts-Adventsring oder Waldorf Festival Ring!\" \/>\n<meta name=\"robots\" content=\"index, follow, max-snippet:-1, max-image-preview:large, max-video-preview:-1\" \/>\n<link rel=\"canonical\" href=\"https:\/\/teiaeducation.ch\/de\/produkt\/kerzenhalter-messing-grimms\/\" \/>\n<meta property=\"og:locale\" content=\"de_DE\" \/>\n<meta property=\"og:type\" content=\"article\" \/>\n<meta property=\"og:title\" content=\"Kerzenhalter Messing - Grimm&#039;s - Teia Education &amp; Play\" \/>\n<meta property=\"og:description\" content=\"Der Grimm&#039;s Kerzenhalter Messing ist ein Accessoire f\u00fcr Ihren Geburtstagsring, Weihnachts-Adventsring oder Waldorf Festival Ring!\" \/>\n<meta property=\"og:url\" content=\"https:\/\/teiaeducation.ch\/de\/produkt\/kerzenhalter-messing-grimms\/\" \/>\n<meta property=\"og:site_name\" content=\"Sustainable Educational Products &amp; Ecological Toys\u00a0\" \/>\n<meta property=\"article:publisher\" content=\"https:\/\/www.facebook.com\/teiaeducation\/\" \/>\n<meta property=\"article:modified_time\" content=\"2025-02-05T16:55:07+00:00\" \/>\n<meta property=\"og:image\" content=\"https:\/\/teiaeducation.ch\/wp-content\/uploads\/2023\/04\/Brass-candle-holder-Waldorf-celebrations-ring-accessory-Grimms.jpg\" \/>\n\t<meta property=\"og:image:width\" content=\"1280\" \/>\n\t<meta property=\"og:image:height\" content=\"1280\" \/>\n\t<meta property=\"og:image:type\" content=\"image\/jpeg\" \/>\n<script type=\"application\/ld+json\" class=\"yoast-schema-graph\">{\"@context\":\"https:\/\/schema.org\",\"@graph\":[{\"@type\":\"WebPage\",\"@id\":\"https:\/\/teiaeducation.ch\/de\/produkt\/kerzenhalter-messing-grimms\/\",\"url\":\"https:\/\/teiaeducation.ch\/de\/produkt\/kerzenhalter-messing-grimms\/\",\"name\":\"Kerzenhalter Messing - Grimm's - Teia Education & Play\",\"isPartOf\":{\"@id\":\"https:\/\/teiaeducation.ch\/de\/#website\"},\"primaryImageOfPage\":{\"@id\":\"https:\/\/teiaeducation.ch\/de\/produkt\/kerzenhalter-messing-grimms\/#primaryimage\"},\"image\":{\"@id\":\"https:\/\/teiaeducation.ch\/de\/produkt\/kerzenhalter-messing-grimms\/#primaryimage\"},\"thumbnailUrl\":\"https:\/\/teiaeducation.ch\/wp-content\/uploads\/2023\/04\/Brass-candle-holder-Waldorf-celebrations-ring-accessory-Grimms.jpg\",\"datePublished\":\"2023-04-12T07:50:25+00:00\",\"dateModified\":\"2025-02-05T16:55:07+00:00\",\"description\":\"Der Grimm's Kerzenhalter Messing ist ein Accessoire f\u00fcr Ihren Geburtstagsring, Weihnachts-Adventsring oder Waldorf Festival Ring!\",\"breadcrumb\":{\"@id\":\"https:\/\/teiaeducation.ch\/de\/produkt\/kerzenhalter-messing-grimms\/#breadcrumb\"},\"inLanguage\":\"de-CH\",\"potentialAction\":[{\"@type\":\"ReadAction\",\"target\":[\"https:\/\/teiaeducation.ch\/de\/produkt\/kerzenhalter-messing-grimms\/\"]}]},{\"@type\":\"ImageObject\",\"inLanguage\":\"de-CH\",\"@id\":\"https:\/\/teiaeducation.ch\/de\/produkt\/kerzenhalter-messing-grimms\/#primaryimage\",\"url\":\"https:\/\/teiaeducation.ch\/wp-content\/uploads\/2023\/04\/Brass-candle-holder-Waldorf-celebrations-ring-accessory-Grimms.jpg\",\"contentUrl\":\"https:\/\/teiaeducation.ch\/wp-content\/uploads\/2023\/04\/Brass-candle-holder-Waldorf-celebrations-ring-accessory-Grimms.jpg\",\"width\":1280,\"height\":1280,\"caption\":\"Kerzenhalter aus Messing Waldorf Feste Ring Accessoire Grimm's\"},{\"@type\":\"BreadcrumbList\",\"@id\":\"https:\/\/teiaeducation.ch\/de\/produkt\/kerzenhalter-messing-grimms\/#breadcrumb\",\"itemListElement\":[{\"@type\":\"ListItem\",\"position\":1,\"name\":\"Home\",\"item\":\"https:\/\/teiaeducation.ch\/de\/\"},{\"@type\":\"ListItem\",\"position\":2,\"name\":\"Laden\",\"item\":\"https:\/\/teiaeducation.ch\/de\/shop\/\"},{\"@type\":\"ListItem\",\"position\":3,\"name\":\"Unsere Marken\",\"item\":\"https:\/\/teiaeducation.ch\/de\/produkt-kategorie\/unsere-marken\/\"},{\"@type\":\"ListItem\",\"position\":4,\"name\":\"Grimm's\",\"item\":\"https:\/\/teiaeducation.ch\/de\/produkt-kategorie\/unsere-marken\/grimms-holzspielzeug\/\"},{\"@type\":\"ListItem\",\"position\":5,\"name\":\"Familie Feste &amp; Rituale\",\"item\":\"https:\/\/teiaeducation.ch\/de\/produkt-kategorie\/unsere-marken\/grimms-holzspielzeug\/familie-feste-rituale\/\"},{\"@type\":\"ListItem\",\"position\":6,\"name\":\"Kerzenhalter Messing &#8211; Grimm&#8217;s\"}]},{\"@type\":\"WebSite\",\"@id\":\"https:\/\/teiaeducation.ch\/de\/#website\",\"url\":\"https:\/\/teiaeducation.ch\/de\/\",\"name\":\"Sustainable Educational Products &amp; Ecological Toys\u00a0\",\"description\":\"Specialised Swiss shop selling sustainable educational toys and games, AMI certified Montessori materials, handmade ecological wooden Waldorf toys and arts &amp; crafts supplies, school supplies, children&#039;s furniture and Montessori reference and parenting books.\",\"publisher\":{\"@id\":\"https:\/\/teiaeducation.ch\/de\/#organization\"},\"alternateName\":\"Teia Education & Play\",\"potentialAction\":[{\"@type\":\"SearchAction\",\"target\":{\"@type\":\"EntryPoint\",\"urlTemplate\":\"https:\/\/teiaeducation.ch\/de\/?s={search_term_string}\"},\"query-input\":{\"@type\":\"PropertyValueSpecification\",\"valueRequired\":true,\"valueName\":\"search_term_string\"}}],\"inLanguage\":\"de-CH\"},{\"@type\":\"Organization\",\"@id\":\"https:\/\/teiaeducation.ch\/de\/#organization\",\"name\":\"Teia Education & Play\",\"url\":\"https:\/\/teiaeducation.ch\/de\/\",\"logo\":{\"@type\":\"ImageObject\",\"inLanguage\":\"de-CH\",\"@id\":\"https:\/\/teiaeducation.ch\/de\/#\/schema\/logo\/image\/\",\"url\":\"https:\/\/teiaeducation.ch\/wp-content\/uploads\/2020\/11\/Teia-Education-Switzerland-e1620156442216.jpg\",\"contentUrl\":\"https:\/\/teiaeducation.ch\/wp-content\/uploads\/2020\/11\/Teia-Education-Switzerland-e1620156442216.jpg\",\"width\":166,\"height\":145,\"caption\":\"Teia Education & Play\"},\"image\":{\"@id\":\"https:\/\/teiaeducation.ch\/de\/#\/schema\/logo\/image\/\"},\"sameAs\":[\"https:\/\/www.facebook.com\/teiaeducation\/\",\"https:\/\/x.com\/EducationTeia\",\"https:\/\/www.instagram.com\/teia.education\/\",\"https:\/\/www.linkedin.com\/company\/35501660\",\"https:\/\/www.pinterest.ch\/TeiaEducation\/\"]}]}<\/script>\n<!-- \/ Yoast SEO plugin. -->","yoast_head_json":{"title":"Kerzenhalter Messing - Grimm's - Teia Education & Play","description":"Der Grimm's Kerzenhalter Messing ist ein Accessoire f\u00fcr Ihren Geburtstagsring, Weihnachts-Adventsring oder Waldorf Festival Ring!","robots":{"index":"index","follow":"follow","max-snippet":"max-snippet:-1","max-image-preview":"max-image-preview:large","max-video-preview":"max-video-preview:-1"},"canonical":"https:\/\/teiaeducation.ch\/de\/produkt\/kerzenhalter-messing-grimms\/","og_locale":"de_DE","og_type":"article","og_title":"Kerzenhalter Messing - Grimm's - Teia Education & Play","og_description":"Der Grimm's Kerzenhalter Messing ist ein Accessoire f\u00fcr Ihren Geburtstagsring, Weihnachts-Adventsring oder Waldorf Festival Ring!","og_url":"https:\/\/teiaeducation.ch\/de\/produkt\/kerzenhalter-messing-grimms\/","og_site_name":"Sustainable Educational Products &amp; Ecological Toys\u00a0","article_publisher":"https:\/\/www.facebook.com\/teiaeducation\/","article_modified_time":"2025-02-05T16:55:07+00:00","og_image":[{"width":1280,"height":1280,"url":"https:\/\/teiaeducation.ch\/wp-content\/uploads\/2023\/04\/Brass-candle-holder-Waldorf-celebrations-ring-accessory-Grimms.jpg","type":"image\/jpeg"}],"schema":{"@context":"https:\/\/schema.org","@graph":[{"@type":"WebPage","@id":"https:\/\/teiaeducation.ch\/de\/produkt\/kerzenhalter-messing-grimms\/","url":"https:\/\/teiaeducation.ch\/de\/produkt\/kerzenhalter-messing-grimms\/","name":"Kerzenhalter Messing - Grimm's - Teia Education & Play","isPartOf":{"@id":"https:\/\/teiaeducation.ch\/de\/#website"},"primaryImageOfPage":{"@id":"https:\/\/teiaeducation.ch\/de\/produkt\/kerzenhalter-messing-grimms\/#primaryimage"},"image":{"@id":"https:\/\/teiaeducation.ch\/de\/produkt\/kerzenhalter-messing-grimms\/#primaryimage"},"thumbnailUrl":"https:\/\/teiaeducation.ch\/wp-content\/uploads\/2023\/04\/Brass-candle-holder-Waldorf-celebrations-ring-accessory-Grimms.jpg","datePublished":"2023-04-12T07:50:25+00:00","dateModified":"2025-02-05T16:55:07+00:00","description":"Der Grimm's Kerzenhalter Messing ist ein Accessoire f\u00fcr Ihren Geburtstagsring, Weihnachts-Adventsring oder Waldorf Festival Ring!","breadcrumb":{"@id":"https:\/\/teiaeducation.ch\/de\/produkt\/kerzenhalter-messing-grimms\/#breadcrumb"},"inLanguage":"de-CH","potentialAction":[{"@type":"ReadAction","target":["https:\/\/teiaeducation.ch\/de\/produkt\/kerzenhalter-messing-grimms\/"]}]},{"@type":"ImageObject","inLanguage":"de-CH","@id":"https:\/\/teiaeducation.ch\/de\/produkt\/kerzenhalter-messing-grimms\/#primaryimage","url":"https:\/\/teiaeducation.ch\/wp-content\/uploads\/2023\/04\/Brass-candle-holder-Waldorf-celebrations-ring-accessory-Grimms.jpg","contentUrl":"https:\/\/teiaeducation.ch\/wp-content\/uploads\/2023\/04\/Brass-candle-holder-Waldorf-celebrations-ring-accessory-Grimms.jpg","width":1280,"height":1280,"caption":"Kerzenhalter aus Messing Waldorf Feste Ring Accessoire Grimm's"},{"@type":"BreadcrumbList","@id":"https:\/\/teiaeducation.ch\/de\/produkt\/kerzenhalter-messing-grimms\/#breadcrumb","itemListElement":[{"@type":"ListItem","position":1,"name":"Home","item":"https:\/\/teiaeducation.ch\/de\/"},{"@type":"ListItem","position":2,"name":"Laden","item":"https:\/\/teiaeducation.ch\/de\/shop\/"},{"@type":"ListItem","position":3,"name":"Unsere Marken","item":"https:\/\/teiaeducation.ch\/de\/produkt-kategorie\/unsere-marken\/"},{"@type":"ListItem","position":4,"name":"Grimm's","item":"https:\/\/teiaeducation.ch\/de\/produkt-kategorie\/unsere-marken\/grimms-holzspielzeug\/"},{"@type":"ListItem","position":5,"name":"Familie Feste &amp; Rituale","item":"https:\/\/teiaeducation.ch\/de\/produkt-kategorie\/unsere-marken\/grimms-holzspielzeug\/familie-feste-rituale\/"},{"@type":"ListItem","position":6,"name":"Kerzenhalter Messing &#8211; Grimm&#8217;s"}]},{"@type":"WebSite","@id":"https:\/\/teiaeducation.ch\/de\/#website","url":"https:\/\/teiaeducation.ch\/de\/","name":"Sustainable Educational Products &amp; Ecological Toys\u00a0","description":"Specialised Swiss shop selling sustainable educational toys and games, AMI certified Montessori materials, handmade ecological wooden Waldorf toys and arts &amp; crafts supplies, school supplies, children&#039;s furniture and Montessori reference and parenting books.","publisher":{"@id":"https:\/\/teiaeducation.ch\/de\/#organization"},"alternateName":"Teia Education & Play","potentialAction":[{"@type":"SearchAction","target":{"@type":"EntryPoint","urlTemplate":"https:\/\/teiaeducation.ch\/de\/?s={search_term_string}"},"query-input":{"@type":"PropertyValueSpecification","valueRequired":true,"valueName":"search_term_string"}}],"inLanguage":"de-CH"},{"@type":"Organization","@id":"https:\/\/teiaeducation.ch\/de\/#organization","name":"Teia Education & Play","url":"https:\/\/teiaeducation.ch\/de\/","logo":{"@type":"ImageObject","inLanguage":"de-CH","@id":"https:\/\/teiaeducation.ch\/de\/#\/schema\/logo\/image\/","url":"https:\/\/teiaeducation.ch\/wp-content\/uploads\/2020\/11\/Teia-Education-Switzerland-e1620156442216.jpg","contentUrl":"https:\/\/teiaeducation.ch\/wp-content\/uploads\/2020\/11\/Teia-Education-Switzerland-e1620156442216.jpg","width":166,"height":145,"caption":"Teia Education & Play"},"image":{"@id":"https:\/\/teiaeducation.ch\/de\/#\/schema\/logo\/image\/"},"sameAs":["https:\/\/www.facebook.com\/teiaeducation\/","https:\/\/x.com\/EducationTeia","https:\/\/www.instagram.com\/teia.education\/","https:\/\/www.linkedin.com\/company\/35501660","https:\/\/www.pinterest.ch\/TeiaEducation\/"]}]}},"_links":{"self":[{"href":"https:\/\/teiaeducation.ch\/de\/wp-json\/wp\/v2\/product\/54434","targetHints":{"allow":["GET"]}}],"collection":[{"href":"https:\/\/teiaeducation.ch\/de\/wp-json\/wp\/v2\/product"}],"about":[{"href":"https:\/\/teiaeducation.ch\/de\/wp-json\/wp\/v2\/types\/product"}],"replies":[{"embeddable":true,"href":"https:\/\/teiaeducation.ch\/de\/wp-json\/wp\/v2\/comments?post=54434"}],"wp:featuredmedia":[{"embeddable":true,"href":"https:\/\/teiaeducation.ch\/de\/wp-json\/wp\/v2\/media\/53358"}],"wp:attachment":[{"href":"https:\/\/teiaeducation.ch\/de\/wp-json\/wp\/v2\/media?parent=54434"}],"wp:term":[{"taxonomy":"product_brand","embeddable":true,"href":"https:\/\/teiaeducation.ch\/de\/wp-json\/wp\/v2\/product_brand?post=54434"},{"taxonomy":"product_cat","embeddable":true,"href":"https:\/\/teiaeducation.ch\/de\/wp-json\/wp\/v2\/product_cat?post=54434"},{"taxonomy":"product_tag","embeddable":true,"href":"https:\/\/teiaeducation.ch\/de\/wp-json\/wp\/v2\/product_tag?post=54434"}],"curies":[{"name":"wp","href":"https:\/\/api.w.org\/{rel}","templated":true}]}}