{"id":54437,"date":"2023-04-06T14:54:26","date_gmt":"2023-04-06T12:54:26","guid":{"rendered":"https:\/\/teiaeducation.ch\/product\/spielwelt-blumenwiese-grimms\/"},"modified":"2026-02-21T11:30:38","modified_gmt":"2026-02-21T10:30:38","slug":"spielwelt-blumenwiese-grimms","status":"publish","type":"product","link":"https:\/\/teiaeducation.ch\/de\/produkt\/spielwelt-blumenwiese-grimms\/","title":{"rendered":"Spielwelt Blumenwiese &#8211; Grimm&#8217;s Kollektion 2023"},"content":{"rendered":"<p>Grimms kleine Spielwelt Blumenwiese mit dem Thema &#8220;unten auf der Wiese&#8221; ist ein von der <a href=\"https:\/\/teiaeducation.ch\/product-category\/hgh-quality-toys-play\/waldorf-toys\/\">Waldorfp\u00e4dagogik<\/a> inspiriertes Spielset und eine Neuerscheinung aus der <a href=\"https:\/\/teiaeducation.ch\/product-category\/brands\/grimms\/new-items-2023\/\">Kollektion 2023<\/a> &#8211; es bietet eine ganze Welt des <a href=\"https:\/\/teiaeducation.ch\/product-category\/play\/open-ended-play\/\">offenen<\/a> und naturnahen Spielens in einer Box!<\/p>\n<p>Spielwelt Blumenwiese ist ein ideales Einsteigerset und enth\u00e4lt ausgew\u00e4hlte Teile aus verschiedenen Spielsets des Grimm&#8217;s-Sortiments. Es bietet eine spannende Mischung, in die die Kinder eintauchen k\u00f6nnen:<\/p>\n<p>&#8211; Welten bauen<br \/>\n&#8211; Geschichten nachspielen<br \/>\n&#8211; Gesichter und Figuren gestalten<br \/>\n&#8211; Integration von Natursch\u00e4tzen<br \/>\n&#8211; Kugelbahnen konstruieren<br \/>\n&#8211; <a href=\"https:\/\/teiaeducation.ch\/product-category\/celebrations\/nature-seasonal-tables\/\">Tische saisonal<\/a> dekorieren<br \/>\n&#8211; <a href=\"https:\/\/teiaeducation.ch\/product-category\/play\/threading\/\">Auff\u00e4deln von<\/a> Perlen<br \/>\n&#8211; Stapelt\u00fcrme<\/p>\n<p>Dieses Spielset enth\u00e4lt ein 5-teiliges Holzh\u00e4uschen in verschiedenen frischen Gelb-, Orange-, Rosa- und Rott\u00f6nen (18 cm hoch), 2 Freunde, 4 bunte Kn\u00f6pfe, 1 Blume aus Naturholz, 4 bunte Perlen, 1 orangefarbene Schnur, 2 Teller &#8211; 1 aus Naturholz und 1 aus leuchtendem Gr\u00fcn &#8211; und 1 rechteckige rote Filzunterlage.<\/p>\n<p>Es l\u00e4dt Kinder dazu ein, eine Verbindung zur Natur zu erleben, ihr Spielzeug mit nach drau\u00dfen zu nehmen oder in der Natur gefundene Gegenst\u00e4nde in das Spiel mit den verschiedenen Elementen des Sets zu integrieren.<\/p>\n<p>Die Holzelemente werden aus verschiedenen zertifizierten Holzarten von in Mitteleuropa heimischen B\u00e4umen hergestellt. Sie werden mit ungiftiger Beize auf Wasserbasis handbemalt und mit ungiftigem \u00d6l auf Pflanzenbasis lackiert.<\/p>\n<p>Das Grimm&#8217;s Spielwelt Blumenwiese Spielset ist f\u00fcr Kinder ab 3 Jahren geeignet.<\/p>\n<p>Inhalt:<\/p>\n<p>17 Holzteile<br \/>\n1 Schnur<br \/>\n1 Filzunterlage<\/p>\n<h2>\u00dcber Grimm&#8217;s<\/h2>\n<p>Ideal zum Spielen zu Hause, im Kindergarten, in der Waldorf- oder Steiner-Schule. Die sch\u00f6nen <a href=\"https:\/\/teiaeducation.ch\/product-category\/brands\/grimms\/\">Grimm&#8217;s Naturholzspielzeuge<\/a> werden nach der <a href=\"https:\/\/teiaeducation.ch\/product-category\/education-method\/waldorf-steiner-toys-craft-materials\/\">Waldorf-Philosophie<\/a> hergestellt, die daf\u00fcr bekannt ist, dass sie Kinder dazu ermutigt, das kreative Spiel selbst\u00e4ndig, ohne Einschr\u00e4nkungen und in einem gem\u00fctlichen Tempo zu entdecken. Die Grimm&#8217;s Holzspielzeuge werden von Hand mit ungiftigen Farben auf Wasserbasis gef\u00e4rbt und nicht lackiert, damit die urspr\u00fcnglichen Eigenschaften des Holzes und die Maserung erhalten bleiben. Die Oberfl\u00e4che der FSC-zertifizierten europ\u00e4ischen Holz ist leicht rau, wodurch sie vollst\u00e4ndig stapelbar und weniger rutschig sind.<\/p>\n<p>Grimm&#8217;s <a href=\"https:\/\/teiaeducation.ch\/product-category\/hgh-quality-toys-play\/handmade-wooden-toys\/\">handgefertigtes Holzspielzeug<\/a> wird in den Grimm&#8217;schen Werken in Deutschland sowie in mehreren Werkst\u00e4tten in ganz Europa aus verschiedenen Holzarten wie Erle, Linde, Buche und Ahorn hergestellt. Alle H\u00f6lzer, die f\u00fcr die Herstellung der Grimm&#8217;s-Spielzeuge verwendet werden, stammen aus nachhaltig bewirtschafteten europ\u00e4ischen W\u00e4ldern.<\/p>\n<p>Bitte beachten Sie, dass Grimm&#8217;s Spielzeuge immer Unikate sind, die einzigartige, von der Natur geschaffene Zeichen tragen. Die Maserung des Holzes weist wechselnde Strukturen und Farben auf, die von seiner nat\u00fcrlichen Herkunft zeugen. Die einzigartigen Variationen, Markierungen, \u00c4ste, Muster, schwarzen Streifen oder dunklen Flecken, die im Holz eines Grimm&#8217;s Spielzeugs sichtbar sein k\u00f6nnen, sind ein Beweis f\u00fcr Qualit\u00e4t, keine M\u00e4ngel.<\/p>\n","protected":false},"excerpt":{"rendered":"<p>Artikelnummer: gri07602<\/p>\n<p>Grimm&#8217;s Spielwelt Blumenwiese ist ein ideales Einsteigerset mit ausgew\u00e4hlten Teilen aus verschiedenen Spielsets des Grimm&#8217;s Sortiments<\/p>\n<p>&nbsp;<\/p>\n","protected":false},"featured_media":53096,"comment_status":"open","ping_status":"closed","template":"","meta":[],"product_brand":[],"product_cat":[21445,21446,21479,21701,21690,21640,23075,21443,21563,24859,21678,21564,21483,22919],"product_tag":[25275,25279,25276,25280,25277,25278],"class_list":{"0":"post-54437","1":"product","2":"type-product","3":"status-publish","4":"has-post-thumbnail","6":"product_cat-3-6-jahre-vorschule","7":"product_cat-6-12-jahre-grundschule","8":"product_cat-lernmaterialien-spielzeug-montessori-waldorf-steiner-froebel","9":"product_cat-einfaedeln","10":"product_cat-spiele-mit-offenem-ende","11":"product_cat-grimms-holzspielzeug","12":"product_cat-handgefertigtes-holzspielzeug","13":"product_cat-nach-alter","14":"product_cat-neuheiten","15":"product_cat-neuheiten-2023","16":"product_cat-kinder-spielzeug","17":"product_cat-unsere-marken","18":"product_cat-waldorf-steiner-paedagogik","19":"product_cat-waldorfspielzeug","20":"product_tag-grimms-holzspielzeug","21":"product_tag-grimms-spielgerat-wiese","22":"product_tag-grimms-spielzeug","23":"product_tag-spielwelt-an-der-wiese-grimms","24":"product_tag-spielwelt-unten-an-der-wiese-grimms","25":"product_tag-unten-bei-der-wiese-grimms","27":"first","28":"outofstock","29":"taxable","30":"shipping-taxable","31":"purchasable","32":"product-type-simple"},"yoast_head":"<!-- This site is optimized with the Yoast SEO Premium plugin v25.8 (Yoast SEO v27.4) - https:\/\/yoast.com\/product\/yoast-seo-premium-wordpress\/ -->\n<title>Spielwelt Blumenwiese - Grimm&#039;s Kollektion 202<\/title>\n<meta name=\"description\" content=\"Grimm&#039;s Spielwelt Blumenwiese ist ein ideales Einsteigerset mit ausgew\u00e4hlten Teilen aus verschiedenen Spielsets des Grimm&#039;s Sortiments\" \/>\n<meta name=\"robots\" content=\"index, follow, max-snippet:-1, max-image-preview:large, max-video-preview:-1\" \/>\n<link rel=\"canonical\" href=\"https:\/\/teiaeducation.ch\/de\/produkt\/spielwelt-blumenwiese-grimms\/\" \/>\n<meta property=\"og:locale\" content=\"de_DE\" \/>\n<meta property=\"og:type\" content=\"article\" \/>\n<meta property=\"og:title\" content=\"Spielwelt Blumenwiese - Grimm&#039;s Kollektion 2023\" \/>\n<meta property=\"og:description\" content=\"Grimm&#039;s Spielwelt Blumenwiese ist ein ideales Einsteigerset mit ausgew\u00e4hlten Teilen aus verschiedenen Spielsets des Grimm&#039;s Sortiments\" \/>\n<meta property=\"og:url\" content=\"https:\/\/teiaeducation.ch\/de\/produkt\/spielwelt-blumenwiese-grimms\/\" \/>\n<meta property=\"og:site_name\" content=\"Sustainable Educational Products &amp; Ecological Toys\u00a0\" \/>\n<meta property=\"article:publisher\" content=\"https:\/\/www.facebook.com\/teiaeducation\/\" \/>\n<meta property=\"article:modified_time\" content=\"2026-02-21T10:30:38+00:00\" \/>\n<meta property=\"og:image\" content=\"https:\/\/teiaeducation.ch\/wp-content\/uploads\/2023\/04\/Small-world-play-set-down-by-the-meadow-Grimms-1.jpg\" \/>\n\t<meta property=\"og:image:width\" content=\"1800\" \/>\n\t<meta property=\"og:image:height\" content=\"1800\" \/>\n\t<meta property=\"og:image:type\" content=\"image\/jpeg\" \/>\n<script type=\"application\/ld+json\" class=\"yoast-schema-graph\">{\"@context\":\"https:\\\/\\\/schema.org\",\"@graph\":[{\"@type\":\"WebPage\",\"@id\":\"https:\\\/\\\/teiaeducation.ch\\\/de\\\/produkt\\\/spielwelt-blumenwiese-grimms\\\/\",\"url\":\"https:\\\/\\\/teiaeducation.ch\\\/de\\\/produkt\\\/spielwelt-blumenwiese-grimms\\\/\",\"name\":\"Spielwelt Blumenwiese - Grimm's Kollektion 202\",\"isPartOf\":{\"@id\":\"https:\\\/\\\/teiaeducation.ch\\\/de\\\/#website\"},\"primaryImageOfPage\":{\"@id\":\"https:\\\/\\\/teiaeducation.ch\\\/de\\\/produkt\\\/spielwelt-blumenwiese-grimms\\\/#primaryimage\"},\"image\":{\"@id\":\"https:\\\/\\\/teiaeducation.ch\\\/de\\\/produkt\\\/spielwelt-blumenwiese-grimms\\\/#primaryimage\"},\"thumbnailUrl\":\"https:\\\/\\\/teiaeducation.ch\\\/wp-content\\\/uploads\\\/2023\\\/04\\\/Small-world-play-set-down-by-the-meadow-Grimms-1.jpg\",\"datePublished\":\"2023-04-06T12:54:26+00:00\",\"dateModified\":\"2026-02-21T10:30:38+00:00\",\"description\":\"Grimm's Spielwelt Blumenwiese ist ein ideales Einsteigerset mit ausgew\u00e4hlten Teilen aus verschiedenen Spielsets des Grimm's Sortiments\",\"breadcrumb\":{\"@id\":\"https:\\\/\\\/teiaeducation.ch\\\/de\\\/produkt\\\/spielwelt-blumenwiese-grimms\\\/#breadcrumb\"},\"inLanguage\":\"de-CH\",\"potentialAction\":[{\"@type\":\"ReadAction\",\"target\":[\"https:\\\/\\\/teiaeducation.ch\\\/de\\\/produkt\\\/spielwelt-blumenwiese-grimms\\\/\"]}]},{\"@type\":\"ImageObject\",\"inLanguage\":\"de-CH\",\"@id\":\"https:\\\/\\\/teiaeducation.ch\\\/de\\\/produkt\\\/spielwelt-blumenwiese-grimms\\\/#primaryimage\",\"url\":\"https:\\\/\\\/teiaeducation.ch\\\/wp-content\\\/uploads\\\/2023\\\/04\\\/Small-world-play-set-down-by-the-meadow-Grimms-1.jpg\",\"contentUrl\":\"https:\\\/\\\/teiaeducation.ch\\\/wp-content\\\/uploads\\\/2023\\\/04\\\/Small-world-play-set-down-by-the-meadow-Grimms-1.jpg\",\"width\":1800,\"height\":1800,\"caption\":\"Kleines Weltspiel unten auf der Wiese bei Grimm's\"},{\"@type\":\"BreadcrumbList\",\"@id\":\"https:\\\/\\\/teiaeducation.ch\\\/de\\\/produkt\\\/spielwelt-blumenwiese-grimms\\\/#breadcrumb\",\"itemListElement\":[{\"@type\":\"ListItem\",\"position\":1,\"name\":\"Home\",\"item\":\"https:\\\/\\\/teiaeducation.ch\\\/de\\\/\"},{\"@type\":\"ListItem\",\"position\":2,\"name\":\"Laden\",\"item\":\"https:\\\/\\\/teiaeducation.ch\\\/de\\\/shop\\\/\"},{\"@type\":\"ListItem\",\"position\":3,\"name\":\"Unsere Marken\",\"item\":\"https:\\\/\\\/teiaeducation.ch\\\/de\\\/produkt-kategorie\\\/unsere-marken\\\/\"},{\"@type\":\"ListItem\",\"position\":4,\"name\":\"Grimm's\",\"item\":\"https:\\\/\\\/teiaeducation.ch\\\/de\\\/produkt-kategorie\\\/unsere-marken\\\/grimms-holzspielzeug\\\/\"},{\"@type\":\"ListItem\",\"position\":5,\"name\":\"Spielwelt Blumenwiese &#8211; Grimm&#8217;s Kollektion 2023\"}]},{\"@type\":\"WebSite\",\"@id\":\"https:\\\/\\\/teiaeducation.ch\\\/de\\\/#website\",\"url\":\"https:\\\/\\\/teiaeducation.ch\\\/de\\\/\",\"name\":\"Sustainable Educational Products &amp; Ecological Toys\u00a0\",\"description\":\"Specialised Swiss shop selling sustainable educational toys and games, AMI certified Montessori materials, handmade ecological wooden Waldorf toys and arts &amp; crafts supplies, school supplies, children&#039;s furniture and Montessori reference and parenting books.\",\"publisher\":{\"@id\":\"https:\\\/\\\/teiaeducation.ch\\\/de\\\/#organization\"},\"alternateName\":\"Teia Education & Play\",\"potentialAction\":[{\"@type\":\"SearchAction\",\"target\":{\"@type\":\"EntryPoint\",\"urlTemplate\":\"https:\\\/\\\/teiaeducation.ch\\\/de\\\/?s={search_term_string}\"},\"query-input\":{\"@type\":\"PropertyValueSpecification\",\"valueRequired\":true,\"valueName\":\"search_term_string\"}}],\"inLanguage\":\"de-CH\"},{\"@type\":\"Organization\",\"@id\":\"https:\\\/\\\/teiaeducation.ch\\\/de\\\/#organization\",\"name\":\"Teia Education & Play\",\"url\":\"https:\\\/\\\/teiaeducation.ch\\\/de\\\/\",\"logo\":{\"@type\":\"ImageObject\",\"inLanguage\":\"de-CH\",\"@id\":\"https:\\\/\\\/teiaeducation.ch\\\/de\\\/#\\\/schema\\\/logo\\\/image\\\/\",\"url\":\"https:\\\/\\\/teiaeducation.ch\\\/wp-content\\\/uploads\\\/2020\\\/11\\\/Teia-Education-Switzerland-e1620156442216.jpg\",\"contentUrl\":\"https:\\\/\\\/teiaeducation.ch\\\/wp-content\\\/uploads\\\/2020\\\/11\\\/Teia-Education-Switzerland-e1620156442216.jpg\",\"width\":166,\"height\":145,\"caption\":\"Teia Education & Play\"},\"image\":{\"@id\":\"https:\\\/\\\/teiaeducation.ch\\\/de\\\/#\\\/schema\\\/logo\\\/image\\\/\"},\"sameAs\":[\"https:\\\/\\\/www.facebook.com\\\/teiaeducation\\\/\",\"https:\\\/\\\/x.com\\\/EducationTeia\",\"https:\\\/\\\/www.instagram.com\\\/teia.education\\\/\",\"https:\\\/\\\/www.linkedin.com\\\/company\\\/35501660\",\"https:\\\/\\\/www.pinterest.ch\\\/TeiaEducation\\\/\"]}]}<\/script>\n<meta property=\"product:price:amount\" content=\"69.00\" \/>\n<meta property=\"product:price:currency\" content=\"CHF\" \/>\n<meta property=\"og:availability\" content=\"out of stock\" \/>\n<meta property=\"product:availability\" content=\"out of stock\" \/>\n<meta property=\"product:condition\" content=\"new\" \/>\n<!-- \/ Yoast SEO Premium plugin. -->","yoast_head_json":{"title":"Spielwelt Blumenwiese - Grimm's Kollektion 202","description":"Grimm's Spielwelt Blumenwiese ist ein ideales Einsteigerset mit ausgew\u00e4hlten Teilen aus verschiedenen Spielsets des Grimm's Sortiments","robots":{"index":"index","follow":"follow","max-snippet":"max-snippet:-1","max-image-preview":"max-image-preview:large","max-video-preview":"max-video-preview:-1"},"canonical":"https:\/\/teiaeducation.ch\/de\/produkt\/spielwelt-blumenwiese-grimms\/","og_locale":"de_DE","og_type":"article","og_title":"Spielwelt Blumenwiese - Grimm's Kollektion 2023","og_description":"Grimm's Spielwelt Blumenwiese ist ein ideales Einsteigerset mit ausgew\u00e4hlten Teilen aus verschiedenen Spielsets des Grimm's Sortiments","og_url":"https:\/\/teiaeducation.ch\/de\/produkt\/spielwelt-blumenwiese-grimms\/","og_site_name":"Sustainable Educational Products &amp; Ecological Toys\u00a0","article_publisher":"https:\/\/www.facebook.com\/teiaeducation\/","article_modified_time":"2026-02-21T10:30:38+00:00","og_image":[{"width":1800,"height":1800,"url":"https:\/\/teiaeducation.ch\/wp-content\/uploads\/2023\/04\/Small-world-play-set-down-by-the-meadow-Grimms-1.jpg","type":"image\/jpeg"}],"schema":{"@context":"https:\/\/schema.org","@graph":[{"@type":"WebPage","@id":"https:\/\/teiaeducation.ch\/de\/produkt\/spielwelt-blumenwiese-grimms\/","url":"https:\/\/teiaeducation.ch\/de\/produkt\/spielwelt-blumenwiese-grimms\/","name":"Spielwelt Blumenwiese - Grimm's Kollektion 202","isPartOf":{"@id":"https:\/\/teiaeducation.ch\/de\/#website"},"primaryImageOfPage":{"@id":"https:\/\/teiaeducation.ch\/de\/produkt\/spielwelt-blumenwiese-grimms\/#primaryimage"},"image":{"@id":"https:\/\/teiaeducation.ch\/de\/produkt\/spielwelt-blumenwiese-grimms\/#primaryimage"},"thumbnailUrl":"https:\/\/teiaeducation.ch\/wp-content\/uploads\/2023\/04\/Small-world-play-set-down-by-the-meadow-Grimms-1.jpg","datePublished":"2023-04-06T12:54:26+00:00","dateModified":"2026-02-21T10:30:38+00:00","description":"Grimm's Spielwelt Blumenwiese ist ein ideales Einsteigerset mit ausgew\u00e4hlten Teilen aus verschiedenen Spielsets des Grimm's Sortiments","breadcrumb":{"@id":"https:\/\/teiaeducation.ch\/de\/produkt\/spielwelt-blumenwiese-grimms\/#breadcrumb"},"inLanguage":"de-CH","potentialAction":[{"@type":"ReadAction","target":["https:\/\/teiaeducation.ch\/de\/produkt\/spielwelt-blumenwiese-grimms\/"]}]},{"@type":"ImageObject","inLanguage":"de-CH","@id":"https:\/\/teiaeducation.ch\/de\/produkt\/spielwelt-blumenwiese-grimms\/#primaryimage","url":"https:\/\/teiaeducation.ch\/wp-content\/uploads\/2023\/04\/Small-world-play-set-down-by-the-meadow-Grimms-1.jpg","contentUrl":"https:\/\/teiaeducation.ch\/wp-content\/uploads\/2023\/04\/Small-world-play-set-down-by-the-meadow-Grimms-1.jpg","width":1800,"height":1800,"caption":"Kleines Weltspiel unten auf der Wiese bei Grimm's"},{"@type":"BreadcrumbList","@id":"https:\/\/teiaeducation.ch\/de\/produkt\/spielwelt-blumenwiese-grimms\/#breadcrumb","itemListElement":[{"@type":"ListItem","position":1,"name":"Home","item":"https:\/\/teiaeducation.ch\/de\/"},{"@type":"ListItem","position":2,"name":"Laden","item":"https:\/\/teiaeducation.ch\/de\/shop\/"},{"@type":"ListItem","position":3,"name":"Unsere Marken","item":"https:\/\/teiaeducation.ch\/de\/produkt-kategorie\/unsere-marken\/"},{"@type":"ListItem","position":4,"name":"Grimm's","item":"https:\/\/teiaeducation.ch\/de\/produkt-kategorie\/unsere-marken\/grimms-holzspielzeug\/"},{"@type":"ListItem","position":5,"name":"Spielwelt Blumenwiese &#8211; Grimm&#8217;s Kollektion 2023"}]},{"@type":"WebSite","@id":"https:\/\/teiaeducation.ch\/de\/#website","url":"https:\/\/teiaeducation.ch\/de\/","name":"Sustainable Educational Products &amp; Ecological Toys\u00a0","description":"Specialised Swiss shop selling sustainable educational toys and games, AMI certified Montessori materials, handmade ecological wooden Waldorf toys and arts &amp; crafts supplies, school supplies, children&#039;s furniture and Montessori reference and parenting books.","publisher":{"@id":"https:\/\/teiaeducation.ch\/de\/#organization"},"alternateName":"Teia Education & Play","potentialAction":[{"@type":"SearchAction","target":{"@type":"EntryPoint","urlTemplate":"https:\/\/teiaeducation.ch\/de\/?s={search_term_string}"},"query-input":{"@type":"PropertyValueSpecification","valueRequired":true,"valueName":"search_term_string"}}],"inLanguage":"de-CH"},{"@type":"Organization","@id":"https:\/\/teiaeducation.ch\/de\/#organization","name":"Teia Education & Play","url":"https:\/\/teiaeducation.ch\/de\/","logo":{"@type":"ImageObject","inLanguage":"de-CH","@id":"https:\/\/teiaeducation.ch\/de\/#\/schema\/logo\/image\/","url":"https:\/\/teiaeducation.ch\/wp-content\/uploads\/2020\/11\/Teia-Education-Switzerland-e1620156442216.jpg","contentUrl":"https:\/\/teiaeducation.ch\/wp-content\/uploads\/2020\/11\/Teia-Education-Switzerland-e1620156442216.jpg","width":166,"height":145,"caption":"Teia Education & Play"},"image":{"@id":"https:\/\/teiaeducation.ch\/de\/#\/schema\/logo\/image\/"},"sameAs":["https:\/\/www.facebook.com\/teiaeducation\/","https:\/\/x.com\/EducationTeia","https:\/\/www.instagram.com\/teia.education\/","https:\/\/www.linkedin.com\/company\/35501660","https:\/\/www.pinterest.ch\/TeiaEducation\/"]}]},"product_price_amount":"69.00","product_price_currency":"CHF","og_availability":"out of stock","product_availability":"out of stock","product_condition":"new"},"_links":{"self":[{"href":"https:\/\/teiaeducation.ch\/de\/wp-json\/wp\/v2\/product\/54437","targetHints":{"allow":["GET"]}}],"collection":[{"href":"https:\/\/teiaeducation.ch\/de\/wp-json\/wp\/v2\/product"}],"about":[{"href":"https:\/\/teiaeducation.ch\/de\/wp-json\/wp\/v2\/types\/product"}],"replies":[{"embeddable":true,"href":"https:\/\/teiaeducation.ch\/de\/wp-json\/wp\/v2\/comments?post=54437"}],"wp:featuredmedia":[{"embeddable":true,"href":"https:\/\/teiaeducation.ch\/de\/wp-json\/wp\/v2\/media\/53096"}],"wp:attachment":[{"href":"https:\/\/teiaeducation.ch\/de\/wp-json\/wp\/v2\/media?parent=54437"}],"wp:term":[{"taxonomy":"product_brand","embeddable":true,"href":"https:\/\/teiaeducation.ch\/de\/wp-json\/wp\/v2\/product_brand?post=54437"},{"taxonomy":"product_cat","embeddable":true,"href":"https:\/\/teiaeducation.ch\/de\/wp-json\/wp\/v2\/product_cat?post=54437"},{"taxonomy":"product_tag","embeddable":true,"href":"https:\/\/teiaeducation.ch\/de\/wp-json\/wp\/v2\/product_tag?post=54437"}],"curies":[{"name":"wp","href":"https:\/\/api.w.org\/{rel}","templated":true}]}}