{"id":54511,"date":"2023-04-06T09:19:39","date_gmt":"2023-04-06T07:19:39","guid":{"rendered":"https:\/\/teiaeducation.ch\/product\/maerchendorf-grimms\/"},"modified":"2026-01-11T16:19:27","modified_gmt":"2026-01-11T15:19:27","slug":"marchendorf-grimms","status":"publish","type":"product","link":"https:\/\/teiaeducation.ch\/de\/produkt\/marchendorf-grimms\/","title":{"rendered":"M\u00e4rchendorf &#8211; Grimm&#8217;s"},"content":{"rendered":"<p>Grimm&#8217;s M\u00e4rchendorf ist ein von der <a href=\"https:\/\/teiaeducation.ch\/product-category\/hgh-quality-toys-play\/waldorf-toys\/\">Waldorfp\u00e4dagogik<\/a> inspiriertes Spielset mit drei Holzh\u00e4usern, in denen die Kinder ihre Lieblingsm\u00e4rchen und -geschichten nachspielen k\u00f6nnen!<\/p>\n<p>Jedes der drei H\u00e4user besteht aus einem Satz von <a href=\"https:\/\/teiaeducation.ch\/product-category\/play\/wooden-building-blocks\/\">Holzbausteinen<\/a> in skurrilen Formen. Sie er\u00f6ffnen neue M\u00f6glichkeiten beim Bauen und Gestalten. In Kombination mit traditionellen Elementen bieten sie spannende Erlebniswelten &#8211; und regen Kinder zu einer v\u00f6llig neuen Formensprache an.<\/p>\n<p>Die H\u00e4user k\u00f6nnen auch als Puppenstuben verwendet werden und die Holzelemente passen wunderbar zu allen Grimm&#8217;s Bausteinen, <a href=\"https:\/\/teiaeducation.ch\/product-category\/hgh-quality-toys-play\/waldorf-dolls\/\">Puppen<\/a> und M\u00f6beln.<\/p>\n<p>Sie sind ideal f\u00fcr Kleinkinder als Baukl\u00f6tze, als kreatives Puzzle, als Dekoration auf dem <a href=\"https:\/\/teiaeducation.ch\/product-category\/celebrations\/nature-seasonal-tables\/\">Naturtisch<\/a> oder zum Gestalten einer Szene im Fantasie- und Kleinweltspiel.<\/p>\n<p>Die m\u00e4rchenhaften Dorfh\u00e4user sind aus zertifiziertem Lindenholz von in Mitteleuropa heimischen B\u00e4umen gefertigt. Sie werden mit ungiftiger Beize auf Wasserbasis handbemalt und mit ungiftigem \u00d6l auf Pflanzenbasis lackiert. Das blaue Haus ist 16 cm hoch, der Rosenturm 29 cm und das Waldhaus 18 cm. Die Holzkl\u00f6tze sind etwa 6 cm dick.<\/p>\n<p>Das Grimm&#8217;s M\u00e4rchendorf Spielset ist f\u00fcr Kinder ab 1 Jahr geeignet.<\/p>\n<p>Inhalt:<\/p>\n<p>17 Holzteile<\/p>\n<h2>\u00dcber Grimm&#8217;s<\/h2>\n<p>Ideal zum Spielen zu Hause, im Kindergarten, in der Waldorf- oder Steiner-Schule. Die sch\u00f6nen <a href=\"https:\/\/teiaeducation.ch\/product-category\/brands\/grimms\/\">Grimm&#8217;s Naturholzspielzeuge<\/a> werden nach der <a href=\"https:\/\/teiaeducation.ch\/product-category\/education-method\/waldorf-steiner-toys-craft-materials\/\">Waldorf-Philosophie<\/a> hergestellt, die daf\u00fcr bekannt ist, dass sie Kinder dazu ermutigt, das kreative Spiel selbst\u00e4ndig, ohne Einschr\u00e4nkungen und in einem gem\u00fctlichen Tempo zu entdecken. Die Grimm&#8217;s Holzspielzeuge werden von Hand mit ungiftigen Farben auf Wasserbasis gef\u00e4rbt und nicht lackiert, damit die urspr\u00fcnglichen Eigenschaften des Holzes und die Maserung erhalten bleiben. Die Oberfl\u00e4che der FSC-zertifizierten europ\u00e4ischen Holz ist leicht rau, wodurch sie vollst\u00e4ndig stapelbar und weniger rutschig sind.<\/p>\n<p>Grimm&#8217;s <a href=\"https:\/\/teiaeducation.ch\/product-category\/hgh-quality-toys-play\/handmade-wooden-toys\/\">handgefertigtes Holzspielzeug<\/a> wird in den Grimm&#8217;schen Werken in Deutschland sowie in mehreren Werkst\u00e4tten in ganz Europa aus verschiedenen Holzarten wie Erle, Linde, Buche und Ahorn hergestellt. Alle H\u00f6lzer, die f\u00fcr die Herstellung der Grimm&#8217;s-Spielzeuge verwendet werden, stammen aus nachhaltig bewirtschafteten europ\u00e4ischen W\u00e4ldern.<\/p>\n<p>Bitte beachten Sie, dass Grimm&#8217;s Spielzeuge immer Unikate sind, die einzigartige, von der Natur geschaffene Zeichen tragen. Die Maserung des Holzes weist wechselnde Strukturen und Farben auf, die von seiner nat\u00fcrlichen Herkunft zeugen. Die einzigartigen Variationen, Markierungen, \u00c4ste, Muster, schwarzen Streifen oder dunklen Flecken, die im Holz eines Grimm&#8217;s Spielzeugs sichtbar sein k\u00f6nnen, sind ein Beweis f\u00fcr Qualit\u00e4t, keine M\u00e4ngel.<\/p>\n","protected":false},"excerpt":{"rendered":"<p>Artikelnummer: gri07400<\/p>\n<p>Grimm&#8217;s M\u00e4rchendorf ist ein Spielset mit drei Holzh\u00e4usern, in denen die Kinder ihre Lieblingsm\u00e4rchen und -geschichten nachspielen k\u00f6nnen!<\/p>\n","protected":false},"featured_media":52842,"comment_status":"open","ping_status":"closed","template":"","meta":[],"product_brand":[],"product_cat":[21444,21445,21446,24871,21704,21479,21465,21690,21486,21484,21640,23075,21443,22349,21563,21684,21678,21699,21564,21483,22919],"product_tag":[25266,25301,25275,25302,25299,25300],"class_list":{"0":"post-54511","1":"product","2":"type-product","3":"status-publish","4":"has-post-thumbnail","6":"product_cat-1-3-jahre-kleinkind","7":"product_cat-3-6-jahre-vorschule","8":"product_cat-6-12-jahre-grundschule","9":"product_cat-bau-regenbogenwelten","10":"product_cat-baukloetze-aus-holz","11":"product_cat-lernmaterialien-spielzeug-montessori-waldorf-steiner-froebel","12":"product_cat-feier-festlichkeiten","13":"product_cat-spiele-mit-offenem-ende","14":"product_cat-geschenk-guide-1-3-jahre-kleinkind","15":"product_cat-geschenk-guides","16":"product_cat-grimms-holzspielzeug","17":"product_cat-handgefertigtes-holzspielzeug","18":"product_cat-nach-alter","19":"product_cat-natur-saisonale-tische-de","20":"product_cat-neuheiten","21":"product_cat-puppenhaeuser-gebaeude","22":"product_cat-kinder-spielzeug","23":"product_cat-stapelspielzeug","24":"product_cat-unsere-marken","25":"product_cat-waldorf-steiner-paedagogik","26":"product_cat-waldorfspielzeug","27":"product_tag-grimms-de","28":"product_tag-grimms-holzhauser-fee","29":"product_tag-grimms-holzspielzeug","30":"product_tag-grimms-marchenhauser","31":"product_tag-grimms-spielzeuge","32":"product_tag-marchendorf-grimms","34":"first","35":"outofstock","36":"taxable","37":"shipping-taxable","38":"purchasable","39":"product-type-simple"},"yoast_head":"<!-- This site is optimized with the Yoast SEO plugin v27.1.1 - https:\/\/yoast.com\/product\/yoast-seo-wordpress\/ -->\n<title>M\u00e4rchendorf - Grimm&#039;s - Teia Education &amp; Play<\/title>\n<meta name=\"description\" content=\"Grimm&#039;s M\u00e4rchendorf ist ein Spielset mit drei Holzh\u00e4usern, in denen die Kinder ihre Lieblingsm\u00e4rchen und -geschichten nachspielen k\u00f6nnen!\" \/>\n<meta name=\"robots\" content=\"index, follow, max-snippet:-1, max-image-preview:large, max-video-preview:-1\" \/>\n<link rel=\"canonical\" href=\"https:\/\/teiaeducation.ch\/de\/produkt\/marchendorf-grimms\/\" \/>\n<meta property=\"og:locale\" content=\"de_DE\" \/>\n<meta property=\"og:type\" content=\"article\" \/>\n<meta property=\"og:title\" content=\"M\u00e4rchendorf - Grimm&#039;s - Teia Education &amp; Play\" \/>\n<meta property=\"og:description\" content=\"Grimm&#039;s M\u00e4rchendorf ist ein Spielset mit drei Holzh\u00e4usern, in denen die Kinder ihre Lieblingsm\u00e4rchen und -geschichten nachspielen k\u00f6nnen!\" \/>\n<meta property=\"og:url\" content=\"https:\/\/teiaeducation.ch\/de\/produkt\/marchendorf-grimms\/\" \/>\n<meta property=\"og:site_name\" content=\"Sustainable Educational Products &amp; Ecological Toys\u00a0\" \/>\n<meta property=\"article:publisher\" content=\"https:\/\/www.facebook.com\/teiaeducation\/\" \/>\n<meta property=\"article:modified_time\" content=\"2026-01-11T15:19:27+00:00\" \/>\n<meta property=\"og:image\" content=\"https:\/\/teiaeducation.ch\/wp-content\/uploads\/2023\/04\/Fairy-tale-village-wooden-houses-play-set-Grimms.jpg\" \/>\n\t<meta property=\"og:image:width\" content=\"1280\" \/>\n\t<meta property=\"og:image:height\" content=\"1280\" \/>\n\t<meta property=\"og:image:type\" content=\"image\/jpeg\" \/>\n<script type=\"application\/ld+json\" class=\"yoast-schema-graph\">{\"@context\":\"https:\/\/schema.org\",\"@graph\":[{\"@type\":\"WebPage\",\"@id\":\"https:\/\/teiaeducation.ch\/de\/produkt\/marchendorf-grimms\/\",\"url\":\"https:\/\/teiaeducation.ch\/de\/produkt\/marchendorf-grimms\/\",\"name\":\"M\u00e4rchendorf - Grimm's - Teia Education & Play\",\"isPartOf\":{\"@id\":\"https:\/\/teiaeducation.ch\/de\/#website\"},\"primaryImageOfPage\":{\"@id\":\"https:\/\/teiaeducation.ch\/de\/produkt\/marchendorf-grimms\/#primaryimage\"},\"image\":{\"@id\":\"https:\/\/teiaeducation.ch\/de\/produkt\/marchendorf-grimms\/#primaryimage\"},\"thumbnailUrl\":\"https:\/\/teiaeducation.ch\/wp-content\/uploads\/2023\/04\/Fairy-tale-village-wooden-houses-play-set-Grimms.jpg\",\"datePublished\":\"2023-04-06T07:19:39+00:00\",\"dateModified\":\"2026-01-11T15:19:27+00:00\",\"description\":\"Grimm's M\u00e4rchendorf ist ein Spielset mit drei Holzh\u00e4usern, in denen die Kinder ihre Lieblingsm\u00e4rchen und -geschichten nachspielen k\u00f6nnen!\",\"breadcrumb\":{\"@id\":\"https:\/\/teiaeducation.ch\/de\/produkt\/marchendorf-grimms\/#breadcrumb\"},\"inLanguage\":\"de-CH\",\"potentialAction\":[{\"@type\":\"ReadAction\",\"target\":[\"https:\/\/teiaeducation.ch\/de\/produkt\/marchendorf-grimms\/\"]}]},{\"@type\":\"ImageObject\",\"inLanguage\":\"de-CH\",\"@id\":\"https:\/\/teiaeducation.ch\/de\/produkt\/marchendorf-grimms\/#primaryimage\",\"url\":\"https:\/\/teiaeducation.ch\/wp-content\/uploads\/2023\/04\/Fairy-tale-village-wooden-houses-play-set-Grimms.jpg\",\"contentUrl\":\"https:\/\/teiaeducation.ch\/wp-content\/uploads\/2023\/04\/Fairy-tale-village-wooden-houses-play-set-Grimms.jpg\",\"width\":1280,\"height\":1280,\"caption\":\"M\u00e4rchendorf Holzh\u00e4user Spielset Grimm's\"},{\"@type\":\"BreadcrumbList\",\"@id\":\"https:\/\/teiaeducation.ch\/de\/produkt\/marchendorf-grimms\/#breadcrumb\",\"itemListElement\":[{\"@type\":\"ListItem\",\"position\":1,\"name\":\"Home\",\"item\":\"https:\/\/teiaeducation.ch\/de\/\"},{\"@type\":\"ListItem\",\"position\":2,\"name\":\"Laden\",\"item\":\"https:\/\/teiaeducation.ch\/de\/shop\/\"},{\"@type\":\"ListItem\",\"position\":3,\"name\":\"Unsere Marken\",\"item\":\"https:\/\/teiaeducation.ch\/de\/produkt-kategorie\/unsere-marken\/\"},{\"@type\":\"ListItem\",\"position\":4,\"name\":\"Grimm's\",\"item\":\"https:\/\/teiaeducation.ch\/de\/produkt-kategorie\/unsere-marken\/grimms-holzspielzeug\/\"},{\"@type\":\"ListItem\",\"position\":5,\"name\":\"Bau - &amp; Regenbogenwelten\",\"item\":\"https:\/\/teiaeducation.ch\/de\/produkt-kategorie\/unsere-marken\/grimms-holzspielzeug\/bau-regenbogenwelten\/\"},{\"@type\":\"ListItem\",\"position\":6,\"name\":\"M\u00e4rchendorf &#8211; Grimm&#8217;s\"}]},{\"@type\":\"WebSite\",\"@id\":\"https:\/\/teiaeducation.ch\/de\/#website\",\"url\":\"https:\/\/teiaeducation.ch\/de\/\",\"name\":\"Sustainable Educational Products &amp; Ecological Toys\u00a0\",\"description\":\"Specialised Swiss shop selling sustainable educational toys and games, AMI certified Montessori materials, handmade ecological wooden Waldorf toys and arts &amp; crafts supplies, school supplies, children&#039;s furniture and Montessori reference and parenting books.\",\"publisher\":{\"@id\":\"https:\/\/teiaeducation.ch\/de\/#organization\"},\"alternateName\":\"Teia Education & Play\",\"potentialAction\":[{\"@type\":\"SearchAction\",\"target\":{\"@type\":\"EntryPoint\",\"urlTemplate\":\"https:\/\/teiaeducation.ch\/de\/?s={search_term_string}\"},\"query-input\":{\"@type\":\"PropertyValueSpecification\",\"valueRequired\":true,\"valueName\":\"search_term_string\"}}],\"inLanguage\":\"de-CH\"},{\"@type\":\"Organization\",\"@id\":\"https:\/\/teiaeducation.ch\/de\/#organization\",\"name\":\"Teia Education & Play\",\"url\":\"https:\/\/teiaeducation.ch\/de\/\",\"logo\":{\"@type\":\"ImageObject\",\"inLanguage\":\"de-CH\",\"@id\":\"https:\/\/teiaeducation.ch\/de\/#\/schema\/logo\/image\/\",\"url\":\"https:\/\/teiaeducation.ch\/wp-content\/uploads\/2020\/11\/Teia-Education-Switzerland-e1620156442216.jpg\",\"contentUrl\":\"https:\/\/teiaeducation.ch\/wp-content\/uploads\/2020\/11\/Teia-Education-Switzerland-e1620156442216.jpg\",\"width\":166,\"height\":145,\"caption\":\"Teia Education & Play\"},\"image\":{\"@id\":\"https:\/\/teiaeducation.ch\/de\/#\/schema\/logo\/image\/\"},\"sameAs\":[\"https:\/\/www.facebook.com\/teiaeducation\/\",\"https:\/\/x.com\/EducationTeia\",\"https:\/\/www.instagram.com\/teia.education\/\",\"https:\/\/www.linkedin.com\/company\/35501660\",\"https:\/\/www.pinterest.ch\/TeiaEducation\/\"]}]}<\/script>\n<!-- \/ Yoast SEO plugin. -->","yoast_head_json":{"title":"M\u00e4rchendorf - Grimm's - Teia Education & Play","description":"Grimm's M\u00e4rchendorf ist ein Spielset mit drei Holzh\u00e4usern, in denen die Kinder ihre Lieblingsm\u00e4rchen und -geschichten nachspielen k\u00f6nnen!","robots":{"index":"index","follow":"follow","max-snippet":"max-snippet:-1","max-image-preview":"max-image-preview:large","max-video-preview":"max-video-preview:-1"},"canonical":"https:\/\/teiaeducation.ch\/de\/produkt\/marchendorf-grimms\/","og_locale":"de_DE","og_type":"article","og_title":"M\u00e4rchendorf - Grimm's - Teia Education & Play","og_description":"Grimm's M\u00e4rchendorf ist ein Spielset mit drei Holzh\u00e4usern, in denen die Kinder ihre Lieblingsm\u00e4rchen und -geschichten nachspielen k\u00f6nnen!","og_url":"https:\/\/teiaeducation.ch\/de\/produkt\/marchendorf-grimms\/","og_site_name":"Sustainable Educational Products &amp; Ecological Toys\u00a0","article_publisher":"https:\/\/www.facebook.com\/teiaeducation\/","article_modified_time":"2026-01-11T15:19:27+00:00","og_image":[{"width":1280,"height":1280,"url":"https:\/\/teiaeducation.ch\/wp-content\/uploads\/2023\/04\/Fairy-tale-village-wooden-houses-play-set-Grimms.jpg","type":"image\/jpeg"}],"schema":{"@context":"https:\/\/schema.org","@graph":[{"@type":"WebPage","@id":"https:\/\/teiaeducation.ch\/de\/produkt\/marchendorf-grimms\/","url":"https:\/\/teiaeducation.ch\/de\/produkt\/marchendorf-grimms\/","name":"M\u00e4rchendorf - Grimm's - Teia Education & Play","isPartOf":{"@id":"https:\/\/teiaeducation.ch\/de\/#website"},"primaryImageOfPage":{"@id":"https:\/\/teiaeducation.ch\/de\/produkt\/marchendorf-grimms\/#primaryimage"},"image":{"@id":"https:\/\/teiaeducation.ch\/de\/produkt\/marchendorf-grimms\/#primaryimage"},"thumbnailUrl":"https:\/\/teiaeducation.ch\/wp-content\/uploads\/2023\/04\/Fairy-tale-village-wooden-houses-play-set-Grimms.jpg","datePublished":"2023-04-06T07:19:39+00:00","dateModified":"2026-01-11T15:19:27+00:00","description":"Grimm's M\u00e4rchendorf ist ein Spielset mit drei Holzh\u00e4usern, in denen die Kinder ihre Lieblingsm\u00e4rchen und -geschichten nachspielen k\u00f6nnen!","breadcrumb":{"@id":"https:\/\/teiaeducation.ch\/de\/produkt\/marchendorf-grimms\/#breadcrumb"},"inLanguage":"de-CH","potentialAction":[{"@type":"ReadAction","target":["https:\/\/teiaeducation.ch\/de\/produkt\/marchendorf-grimms\/"]}]},{"@type":"ImageObject","inLanguage":"de-CH","@id":"https:\/\/teiaeducation.ch\/de\/produkt\/marchendorf-grimms\/#primaryimage","url":"https:\/\/teiaeducation.ch\/wp-content\/uploads\/2023\/04\/Fairy-tale-village-wooden-houses-play-set-Grimms.jpg","contentUrl":"https:\/\/teiaeducation.ch\/wp-content\/uploads\/2023\/04\/Fairy-tale-village-wooden-houses-play-set-Grimms.jpg","width":1280,"height":1280,"caption":"M\u00e4rchendorf Holzh\u00e4user Spielset Grimm's"},{"@type":"BreadcrumbList","@id":"https:\/\/teiaeducation.ch\/de\/produkt\/marchendorf-grimms\/#breadcrumb","itemListElement":[{"@type":"ListItem","position":1,"name":"Home","item":"https:\/\/teiaeducation.ch\/de\/"},{"@type":"ListItem","position":2,"name":"Laden","item":"https:\/\/teiaeducation.ch\/de\/shop\/"},{"@type":"ListItem","position":3,"name":"Unsere Marken","item":"https:\/\/teiaeducation.ch\/de\/produkt-kategorie\/unsere-marken\/"},{"@type":"ListItem","position":4,"name":"Grimm's","item":"https:\/\/teiaeducation.ch\/de\/produkt-kategorie\/unsere-marken\/grimms-holzspielzeug\/"},{"@type":"ListItem","position":5,"name":"Bau - &amp; Regenbogenwelten","item":"https:\/\/teiaeducation.ch\/de\/produkt-kategorie\/unsere-marken\/grimms-holzspielzeug\/bau-regenbogenwelten\/"},{"@type":"ListItem","position":6,"name":"M\u00e4rchendorf &#8211; Grimm&#8217;s"}]},{"@type":"WebSite","@id":"https:\/\/teiaeducation.ch\/de\/#website","url":"https:\/\/teiaeducation.ch\/de\/","name":"Sustainable Educational Products &amp; Ecological Toys\u00a0","description":"Specialised Swiss shop selling sustainable educational toys and games, AMI certified Montessori materials, handmade ecological wooden Waldorf toys and arts &amp; crafts supplies, school supplies, children&#039;s furniture and Montessori reference and parenting books.","publisher":{"@id":"https:\/\/teiaeducation.ch\/de\/#organization"},"alternateName":"Teia Education & Play","potentialAction":[{"@type":"SearchAction","target":{"@type":"EntryPoint","urlTemplate":"https:\/\/teiaeducation.ch\/de\/?s={search_term_string}"},"query-input":{"@type":"PropertyValueSpecification","valueRequired":true,"valueName":"search_term_string"}}],"inLanguage":"de-CH"},{"@type":"Organization","@id":"https:\/\/teiaeducation.ch\/de\/#organization","name":"Teia Education & Play","url":"https:\/\/teiaeducation.ch\/de\/","logo":{"@type":"ImageObject","inLanguage":"de-CH","@id":"https:\/\/teiaeducation.ch\/de\/#\/schema\/logo\/image\/","url":"https:\/\/teiaeducation.ch\/wp-content\/uploads\/2020\/11\/Teia-Education-Switzerland-e1620156442216.jpg","contentUrl":"https:\/\/teiaeducation.ch\/wp-content\/uploads\/2020\/11\/Teia-Education-Switzerland-e1620156442216.jpg","width":166,"height":145,"caption":"Teia Education & Play"},"image":{"@id":"https:\/\/teiaeducation.ch\/de\/#\/schema\/logo\/image\/"},"sameAs":["https:\/\/www.facebook.com\/teiaeducation\/","https:\/\/x.com\/EducationTeia","https:\/\/www.instagram.com\/teia.education\/","https:\/\/www.linkedin.com\/company\/35501660","https:\/\/www.pinterest.ch\/TeiaEducation\/"]}]}},"_links":{"self":[{"href":"https:\/\/teiaeducation.ch\/de\/wp-json\/wp\/v2\/product\/54511","targetHints":{"allow":["GET"]}}],"collection":[{"href":"https:\/\/teiaeducation.ch\/de\/wp-json\/wp\/v2\/product"}],"about":[{"href":"https:\/\/teiaeducation.ch\/de\/wp-json\/wp\/v2\/types\/product"}],"replies":[{"embeddable":true,"href":"https:\/\/teiaeducation.ch\/de\/wp-json\/wp\/v2\/comments?post=54511"}],"wp:featuredmedia":[{"embeddable":true,"href":"https:\/\/teiaeducation.ch\/de\/wp-json\/wp\/v2\/media\/52842"}],"wp:attachment":[{"href":"https:\/\/teiaeducation.ch\/de\/wp-json\/wp\/v2\/media?parent=54511"}],"wp:term":[{"taxonomy":"product_brand","embeddable":true,"href":"https:\/\/teiaeducation.ch\/de\/wp-json\/wp\/v2\/product_brand?post=54511"},{"taxonomy":"product_cat","embeddable":true,"href":"https:\/\/teiaeducation.ch\/de\/wp-json\/wp\/v2\/product_cat?post=54511"},{"taxonomy":"product_tag","embeddable":true,"href":"https:\/\/teiaeducation.ch\/de\/wp-json\/wp\/v2\/product_tag?post=54511"}],"curies":[{"name":"wp","href":"https:\/\/api.w.org\/{rel}","templated":true}]}}