{"id":54512,"date":"2023-03-31T08:55:55","date_gmt":"2023-03-31T06:55:55","guid":{"rendered":"https:\/\/teiaeducation.ch\/product\/seven-friends-in-bowls-grimms\/"},"modified":"2024-09-03T10:47:37","modified_gmt":"2024-09-03T08:47:37","slug":"sieben-freunde-in-holzschalchen-grimms","status":"publish","type":"product","link":"https:\/\/teiaeducation.ch\/de\/produkt\/sieben-freunde-in-holzschalchen-grimms\/","title":{"rendered":"Sieben Freunde in Holzsch\u00e4lchen &#8211; Grimm&#8217;s"},"content":{"rendered":"<p>Das Spielset sieben Freunde in Holzsch\u00e4lchen von Grimm&#8217;s ist ein klassisches Spielzeug, das den Test der Zeit \u00fcbersteht! Dieses von der <a href=\"https:\/\/teiaeducation.ch\/product-category\/hgh-quality-toys-play\/waldorf-toys\/\">Waldorfp\u00e4dagogik<\/a> inspirierte, handgefertigte Holzspielzeugset bietet unendlich viele Spielm\u00f6glichkeiten und ist schon f\u00fcr sehr junge Kinder geeignet. Es wird ihnen Spa\u00df machen, die sieben Freunde aus ihren Holzschalen zu nehmen, die Schalen umzudrehen, sie aufeinander zu <a href=\"https:\/\/teiaeducation.ch\/product-category\/play\/stacking-toys\/\">stapeln<\/a> und die kleinen Freunde wieder in die Schalen zu stecken.<\/p>\n<p>Die Freunde und Schalen entwickeln sich mit dem Kind weiter und k\u00f6nnen sp\u00e4ter f\u00fcr <a href=\"https:\/\/teiaeducation.ch\/product-category\/learning-themes\/sensory-motor-skills\/learning-about-colour\/\">Farbvergleiche<\/a>, kleine Weltspiele, zum Einkaufen oder zum Servieren von kleinen Tassen Tee verwendet werden.<\/p>\n<p>Jeder der sieben Freunde hat eine andere Hautfarbe und ist aus verschiedenen Holzarten von in Mitteleuropa beheimateten B\u00e4umen gefertigt. Sie sind handbemalt und spiegeln unsere wunderbare, vielf\u00e4ltige Welt wider und feiern die Einzigartigkeit eines jeden. Die Freunde sind geschlechtsneutral, haben keinen bestimmten Gesichtsausdruck und ihr einfaches Aussehen regt die Fantasie des Kindes an, anstatt sie durch zu viele Details einzuschr\u00e4nken.<\/p>\n<p>Die sieben Freunde in Holzsch\u00e4lchen k\u00f6nnen nicht nur sortiert und farblich zugeordnet werden, sondern auch als Wochenkalender verwendet werden, in dem jeder Figur ein Wochentag zugeordnet ist. F\u00fcr jeden Tag, der vergeht, wird ein Freund auf seine Schale gesetzt, bis eine Woche vergangen ist. Dann springen alle 7 Freunde zur\u00fcck in ihre Schalen, so dass eine neue Woche beginnen kann!<\/p>\n<p>Die sieben Freunde und Holzsch\u00e4lchen sind aus Ahorn-, Buchen-, Kirsch- oder Erlenholz aus nachhaltiger Forstwirtschaft gefertigt. Sie werden von Hand mit einer ungiftigen Farbbeize auf Wasserbasis und einem ungiftigen \u00d6lfinish auf Pflanzenbasis behandelt. Das runde Tablett, auf dem die Freunde pr\u00e4sentiert werden, hat einen Durchmesser von 19 cm, die Freunde sind 6,5 cm hoch.<\/p>\n<p>Das Spielset Grimm&#8217;s sieben Freunde in Holzsch\u00e4lchen ist f\u00fcr Kinder ab 1 Jahr geeignet.<\/p>\n<p>Inhalt:<\/p>\n<p>1 rundes Holztablett<br \/>\n7 h\u00f6lzerne Freunde<br \/>\n7 Holzsch\u00e4lchen<\/p>\n<h2>\u00dcber Grimm&#8217;s<\/h2>\n<p>Ideal zum Spielen zu Hause, im Kindergarten, in der Waldorf- oder Steiner-Schule. Die sch\u00f6nen <a href=\"https:\/\/teiaeducation.ch\/product-category\/brands\/grimms\/\">Grimm&#8217;s Naturholzspielzeuge<\/a> werden nach der <a href=\"https:\/\/teiaeducation.ch\/product-category\/education-method\/waldorf-steiner-toys-craft-materials\/\">Waldorf-Philosophie<\/a> hergestellt, die daf\u00fcr bekannt ist, dass sie Kinder dazu ermutigt, das kreative Spiel selbst\u00e4ndig, ohne Einschr\u00e4nkungen und in einem gem\u00fctlichen Tempo zu entdecken. Die Grimm&#8217;s Holzspielzeuge werden von Hand mit ungiftigen Farben auf Wasserbasis gef\u00e4rbt und nicht lackiert, damit die urspr\u00fcnglichen Eigenschaften des Holzes und die Maserung erhalten bleiben. Die Oberfl\u00e4che der FSC-zertifizierten europ\u00e4ischen Holz ist leicht rau, wodurch sie vollst\u00e4ndig stapelbar und weniger rutschig sind.<\/p>\n<p>Grimm&#8217;s <a href=\"https:\/\/teiaeducation.ch\/product-category\/hgh-quality-toys-play\/handmade-wooden-toys\/\">handgefertigtes Holzspielzeug<\/a> wird in den Grimm&#8217;s Werken in Deutschland sowie in mehreren Werkst\u00e4tten in ganz Europa aus verschiedenen Holzarten wie Erle, Linde, Buche und Ahorn hergestellt. Alle H\u00f6lzer, die f\u00fcr die Herstellung der Grimm&#8217;s-Spielzeuge verwendet werden, stammen aus nachhaltig bewirtschafteten europ\u00e4ischen W\u00e4ldern.<\/p>\n<p>Bitte beachten Sie, dass Grimm&#8217;s Spielzeuge immer Unikate sind, die einzigartige, von der Natur geschaffene Zeichen tragen. Die Maserung des Holzes weist wechselnde Strukturen und Farben auf, die von seiner nat\u00fcrlichen Herkunft zeugen. Die einzigartigen Variationen, Markierungen, \u00c4ste, Muster, schwarzen Streifen oder dunklen Flecken, die im Holz eines Grimm&#8217;s Spielzeugs sichtbar sein k\u00f6nnen, sind ein Beweis f\u00fcr Qualit\u00e4t, keine M\u00e4ngel.<\/p>\n","protected":false},"excerpt":{"rendered":"<p>Artikelnummer: gri10580<\/p>\n<p>Die sieben Freunde in Holzsch\u00e4lchen Spielset der Grimm&#8217;s spiegeln unsere wunderbare, vielf\u00e4ltige Welt wider und feiern die Einzigartigkeit eines jeden!<\/p>\n","protected":false},"featured_media":52755,"comment_status":"open","ping_status":"closed","template":"","meta":[],"product_brand":[],"product_cat":[21444,21445,21446,21479,21465,21690,21486,21484,21640,23075,21705,22182,21443,21563,22351,21697,21678,21699,24866,21564,21483,22919],"product_tag":[25585,25586,25587,25588,25589],"class_list":{"0":"post-54512","1":"product","2":"type-product","3":"status-publish","4":"has-post-thumbnail","6":"product_cat-1-3-jahre-kleinkind","7":"product_cat-3-6-jahre-vorschule","8":"product_cat-6-12-jahre-grundschule","9":"product_cat-lernmaterialien-spielzeug-montessori-waldorf-steiner-froebel","10":"product_cat-feier-festlichkeiten","11":"product_cat-spiele-mit-offenem-ende","12":"product_cat-geschenk-guide-1-3-jahre-kleinkind","13":"product_cat-geschenk-guides","14":"product_cat-grimms-holzspielzeug","15":"product_cat-handgefertigtes-holzspielzeug","16":"product_cat-holzfiguren","17":"product_cat-montessori-spielzeug","18":"product_cat-nach-alter","19":"product_cat-neuheiten","20":"product_cat-rituale-adventszeit","21":"product_cat-sortieren","22":"product_cat-kinder-spielzeug","23":"product_cat-stapelspielzeug","24":"product_cat-stecken-sortieren","25":"product_cat-unsere-marken","26":"product_cat-waldorf-steiner-paedagogik","27":"product_cat-waldorfspielzeug","28":"product_tag-nins-grimms-de-2","29":"product_tag-rainbow-toys-grimms-de-2","30":"product_tag-seven-friends-grimms-de-2","31":"product_tag-seven-friends-in-bowls-grimms-de-2","32":"product_tag-seven-friends-in-bowls-handmade-wooden-toys-set-grimms-de-2","34":"first","35":"outofstock","36":"taxable","37":"shipping-taxable","38":"purchasable","39":"product-type-simple"},"yoast_head":"<!-- This site is optimized with the Yoast SEO plugin v27.3 - https:\/\/yoast.com\/product\/yoast-seo-wordpress\/ -->\n<title>Sieben Freunde in Holzsch\u00e4lchen - Grimm&#039;s - Teia Education &amp; Play<\/title>\n<meta name=\"description\" content=\"Die sieben Freunde in Holzsch\u00e4lchen Spielset der Grimm&#039;s spiegeln unsere wunderbare, vielf\u00e4ltige Welt wider und feiern die Einzigartigkeit eines jeden!\" \/>\n<meta name=\"robots\" content=\"index, follow, max-snippet:-1, max-image-preview:large, max-video-preview:-1\" \/>\n<link rel=\"canonical\" href=\"https:\/\/teiaeducation.ch\/de\/produkt\/sieben-freunde-in-holzschalchen-grimms\/\" \/>\n<meta property=\"og:locale\" content=\"de_DE\" \/>\n<meta property=\"og:type\" content=\"article\" \/>\n<meta property=\"og:title\" content=\"Sieben Freunde in Holzsch\u00e4lchen - Grimm&#039;s - Teia Education &amp; Play\" \/>\n<meta property=\"og:description\" content=\"Die sieben Freunde in Holzsch\u00e4lchen Spielset der Grimm&#039;s spiegeln unsere wunderbare, vielf\u00e4ltige Welt wider und feiern die Einzigartigkeit eines jeden!\" \/>\n<meta property=\"og:url\" content=\"https:\/\/teiaeducation.ch\/de\/produkt\/sieben-freunde-in-holzschalchen-grimms\/\" \/>\n<meta property=\"og:site_name\" content=\"Sustainable Educational Products &amp; Ecological Toys\u00a0\" \/>\n<meta property=\"article:publisher\" content=\"https:\/\/www.facebook.com\/teiaeducation\/\" \/>\n<meta property=\"article:modified_time\" content=\"2024-09-03T08:47:37+00:00\" \/>\n<meta property=\"og:image\" content=\"https:\/\/teiaeducation.ch\/wp-content\/uploads\/2023\/03\/Seven-friends-in-bowls-handmade-wooden-toys-set-Grimms.jpg\" \/>\n\t<meta property=\"og:image:width\" content=\"1280\" \/>\n\t<meta property=\"og:image:height\" content=\"1280\" \/>\n\t<meta property=\"og:image:type\" content=\"image\/jpeg\" \/>\n<script type=\"application\/ld+json\" class=\"yoast-schema-graph\">{\"@context\":\"https:\\\/\\\/schema.org\",\"@graph\":[{\"@type\":\"WebPage\",\"@id\":\"https:\\\/\\\/teiaeducation.ch\\\/de\\\/produkt\\\/sieben-freunde-in-holzschalchen-grimms\\\/\",\"url\":\"https:\\\/\\\/teiaeducation.ch\\\/de\\\/produkt\\\/sieben-freunde-in-holzschalchen-grimms\\\/\",\"name\":\"Sieben Freunde in Holzsch\u00e4lchen - Grimm's - Teia Education & Play\",\"isPartOf\":{\"@id\":\"https:\\\/\\\/teiaeducation.ch\\\/de\\\/#website\"},\"primaryImageOfPage\":{\"@id\":\"https:\\\/\\\/teiaeducation.ch\\\/de\\\/produkt\\\/sieben-freunde-in-holzschalchen-grimms\\\/#primaryimage\"},\"image\":{\"@id\":\"https:\\\/\\\/teiaeducation.ch\\\/de\\\/produkt\\\/sieben-freunde-in-holzschalchen-grimms\\\/#primaryimage\"},\"thumbnailUrl\":\"https:\\\/\\\/teiaeducation.ch\\\/wp-content\\\/uploads\\\/2023\\\/03\\\/Seven-friends-in-bowls-handmade-wooden-toys-set-Grimms.jpg\",\"datePublished\":\"2023-03-31T06:55:55+00:00\",\"dateModified\":\"2024-09-03T08:47:37+00:00\",\"description\":\"Die sieben Freunde in Holzsch\u00e4lchen Spielset der Grimm's spiegeln unsere wunderbare, vielf\u00e4ltige Welt wider und feiern die Einzigartigkeit eines jeden!\",\"breadcrumb\":{\"@id\":\"https:\\\/\\\/teiaeducation.ch\\\/de\\\/produkt\\\/sieben-freunde-in-holzschalchen-grimms\\\/#breadcrumb\"},\"inLanguage\":\"de-CH\",\"potentialAction\":[{\"@type\":\"ReadAction\",\"target\":[\"https:\\\/\\\/teiaeducation.ch\\\/de\\\/produkt\\\/sieben-freunde-in-holzschalchen-grimms\\\/\"]}]},{\"@type\":\"ImageObject\",\"inLanguage\":\"de-CH\",\"@id\":\"https:\\\/\\\/teiaeducation.ch\\\/de\\\/produkt\\\/sieben-freunde-in-holzschalchen-grimms\\\/#primaryimage\",\"url\":\"https:\\\/\\\/teiaeducation.ch\\\/wp-content\\\/uploads\\\/2023\\\/03\\\/Seven-friends-in-bowls-handmade-wooden-toys-set-Grimms.jpg\",\"contentUrl\":\"https:\\\/\\\/teiaeducation.ch\\\/wp-content\\\/uploads\\\/2023\\\/03\\\/Seven-friends-in-bowls-handmade-wooden-toys-set-Grimms.jpg\",\"width\":1280,\"height\":1280,\"caption\":\"Sieben Freunde in Schalen handgefertigtes Holzspielzeug Set Grimm's\"},{\"@type\":\"BreadcrumbList\",\"@id\":\"https:\\\/\\\/teiaeducation.ch\\\/de\\\/produkt\\\/sieben-freunde-in-holzschalchen-grimms\\\/#breadcrumb\",\"itemListElement\":[{\"@type\":\"ListItem\",\"position\":1,\"name\":\"Home\",\"item\":\"https:\\\/\\\/teiaeducation.ch\\\/de\\\/\"},{\"@type\":\"ListItem\",\"position\":2,\"name\":\"Laden\",\"item\":\"https:\\\/\\\/teiaeducation.ch\\\/de\\\/shop\\\/\"},{\"@type\":\"ListItem\",\"position\":3,\"name\":\"Unsere Marken\",\"item\":\"https:\\\/\\\/teiaeducation.ch\\\/de\\\/produkt-kategorie\\\/unsere-marken\\\/\"},{\"@type\":\"ListItem\",\"position\":4,\"name\":\"Grimm's\",\"item\":\"https:\\\/\\\/teiaeducation.ch\\\/de\\\/produkt-kategorie\\\/unsere-marken\\\/grimms-holzspielzeug\\\/\"},{\"@type\":\"ListItem\",\"position\":5,\"name\":\"Sieben Freunde in Holzsch\u00e4lchen &#8211; Grimm&#8217;s\"}]},{\"@type\":\"WebSite\",\"@id\":\"https:\\\/\\\/teiaeducation.ch\\\/de\\\/#website\",\"url\":\"https:\\\/\\\/teiaeducation.ch\\\/de\\\/\",\"name\":\"Sustainable Educational Products &amp; Ecological Toys\u00a0\",\"description\":\"Specialised Swiss shop selling sustainable educational toys and games, AMI certified Montessori materials, handmade ecological wooden Waldorf toys and arts &amp; crafts supplies, school supplies, children&#039;s furniture and Montessori reference and parenting books.\",\"publisher\":{\"@id\":\"https:\\\/\\\/teiaeducation.ch\\\/de\\\/#organization\"},\"alternateName\":\"Teia Education & Play\",\"potentialAction\":[{\"@type\":\"SearchAction\",\"target\":{\"@type\":\"EntryPoint\",\"urlTemplate\":\"https:\\\/\\\/teiaeducation.ch\\\/de\\\/?s={search_term_string}\"},\"query-input\":{\"@type\":\"PropertyValueSpecification\",\"valueRequired\":true,\"valueName\":\"search_term_string\"}}],\"inLanguage\":\"de-CH\"},{\"@type\":\"Organization\",\"@id\":\"https:\\\/\\\/teiaeducation.ch\\\/de\\\/#organization\",\"name\":\"Teia Education & Play\",\"url\":\"https:\\\/\\\/teiaeducation.ch\\\/de\\\/\",\"logo\":{\"@type\":\"ImageObject\",\"inLanguage\":\"de-CH\",\"@id\":\"https:\\\/\\\/teiaeducation.ch\\\/de\\\/#\\\/schema\\\/logo\\\/image\\\/\",\"url\":\"https:\\\/\\\/teiaeducation.ch\\\/wp-content\\\/uploads\\\/2020\\\/11\\\/Teia-Education-Switzerland-e1620156442216.jpg\",\"contentUrl\":\"https:\\\/\\\/teiaeducation.ch\\\/wp-content\\\/uploads\\\/2020\\\/11\\\/Teia-Education-Switzerland-e1620156442216.jpg\",\"width\":166,\"height\":145,\"caption\":\"Teia Education & Play\"},\"image\":{\"@id\":\"https:\\\/\\\/teiaeducation.ch\\\/de\\\/#\\\/schema\\\/logo\\\/image\\\/\"},\"sameAs\":[\"https:\\\/\\\/www.facebook.com\\\/teiaeducation\\\/\",\"https:\\\/\\\/x.com\\\/EducationTeia\",\"https:\\\/\\\/www.instagram.com\\\/teia.education\\\/\",\"https:\\\/\\\/www.linkedin.com\\\/company\\\/35501660\",\"https:\\\/\\\/www.pinterest.ch\\\/TeiaEducation\\\/\"]}]}<\/script>\n<!-- \/ Yoast SEO plugin. -->","yoast_head_json":{"title":"Sieben Freunde in Holzsch\u00e4lchen - Grimm's - Teia Education & Play","description":"Die sieben Freunde in Holzsch\u00e4lchen Spielset der Grimm's spiegeln unsere wunderbare, vielf\u00e4ltige Welt wider und feiern die Einzigartigkeit eines jeden!","robots":{"index":"index","follow":"follow","max-snippet":"max-snippet:-1","max-image-preview":"max-image-preview:large","max-video-preview":"max-video-preview:-1"},"canonical":"https:\/\/teiaeducation.ch\/de\/produkt\/sieben-freunde-in-holzschalchen-grimms\/","og_locale":"de_DE","og_type":"article","og_title":"Sieben Freunde in Holzsch\u00e4lchen - Grimm's - Teia Education & Play","og_description":"Die sieben Freunde in Holzsch\u00e4lchen Spielset der Grimm's spiegeln unsere wunderbare, vielf\u00e4ltige Welt wider und feiern die Einzigartigkeit eines jeden!","og_url":"https:\/\/teiaeducation.ch\/de\/produkt\/sieben-freunde-in-holzschalchen-grimms\/","og_site_name":"Sustainable Educational Products &amp; Ecological Toys\u00a0","article_publisher":"https:\/\/www.facebook.com\/teiaeducation\/","article_modified_time":"2024-09-03T08:47:37+00:00","og_image":[{"width":1280,"height":1280,"url":"https:\/\/teiaeducation.ch\/wp-content\/uploads\/2023\/03\/Seven-friends-in-bowls-handmade-wooden-toys-set-Grimms.jpg","type":"image\/jpeg"}],"schema":{"@context":"https:\/\/schema.org","@graph":[{"@type":"WebPage","@id":"https:\/\/teiaeducation.ch\/de\/produkt\/sieben-freunde-in-holzschalchen-grimms\/","url":"https:\/\/teiaeducation.ch\/de\/produkt\/sieben-freunde-in-holzschalchen-grimms\/","name":"Sieben Freunde in Holzsch\u00e4lchen - Grimm's - Teia Education & Play","isPartOf":{"@id":"https:\/\/teiaeducation.ch\/de\/#website"},"primaryImageOfPage":{"@id":"https:\/\/teiaeducation.ch\/de\/produkt\/sieben-freunde-in-holzschalchen-grimms\/#primaryimage"},"image":{"@id":"https:\/\/teiaeducation.ch\/de\/produkt\/sieben-freunde-in-holzschalchen-grimms\/#primaryimage"},"thumbnailUrl":"https:\/\/teiaeducation.ch\/wp-content\/uploads\/2023\/03\/Seven-friends-in-bowls-handmade-wooden-toys-set-Grimms.jpg","datePublished":"2023-03-31T06:55:55+00:00","dateModified":"2024-09-03T08:47:37+00:00","description":"Die sieben Freunde in Holzsch\u00e4lchen Spielset der Grimm's spiegeln unsere wunderbare, vielf\u00e4ltige Welt wider und feiern die Einzigartigkeit eines jeden!","breadcrumb":{"@id":"https:\/\/teiaeducation.ch\/de\/produkt\/sieben-freunde-in-holzschalchen-grimms\/#breadcrumb"},"inLanguage":"de-CH","potentialAction":[{"@type":"ReadAction","target":["https:\/\/teiaeducation.ch\/de\/produkt\/sieben-freunde-in-holzschalchen-grimms\/"]}]},{"@type":"ImageObject","inLanguage":"de-CH","@id":"https:\/\/teiaeducation.ch\/de\/produkt\/sieben-freunde-in-holzschalchen-grimms\/#primaryimage","url":"https:\/\/teiaeducation.ch\/wp-content\/uploads\/2023\/03\/Seven-friends-in-bowls-handmade-wooden-toys-set-Grimms.jpg","contentUrl":"https:\/\/teiaeducation.ch\/wp-content\/uploads\/2023\/03\/Seven-friends-in-bowls-handmade-wooden-toys-set-Grimms.jpg","width":1280,"height":1280,"caption":"Sieben Freunde in Schalen handgefertigtes Holzspielzeug Set Grimm's"},{"@type":"BreadcrumbList","@id":"https:\/\/teiaeducation.ch\/de\/produkt\/sieben-freunde-in-holzschalchen-grimms\/#breadcrumb","itemListElement":[{"@type":"ListItem","position":1,"name":"Home","item":"https:\/\/teiaeducation.ch\/de\/"},{"@type":"ListItem","position":2,"name":"Laden","item":"https:\/\/teiaeducation.ch\/de\/shop\/"},{"@type":"ListItem","position":3,"name":"Unsere Marken","item":"https:\/\/teiaeducation.ch\/de\/produkt-kategorie\/unsere-marken\/"},{"@type":"ListItem","position":4,"name":"Grimm's","item":"https:\/\/teiaeducation.ch\/de\/produkt-kategorie\/unsere-marken\/grimms-holzspielzeug\/"},{"@type":"ListItem","position":5,"name":"Sieben Freunde in Holzsch\u00e4lchen &#8211; Grimm&#8217;s"}]},{"@type":"WebSite","@id":"https:\/\/teiaeducation.ch\/de\/#website","url":"https:\/\/teiaeducation.ch\/de\/","name":"Sustainable Educational Products &amp; Ecological Toys\u00a0","description":"Specialised Swiss shop selling sustainable educational toys and games, AMI certified Montessori materials, handmade ecological wooden Waldorf toys and arts &amp; crafts supplies, school supplies, children&#039;s furniture and Montessori reference and parenting books.","publisher":{"@id":"https:\/\/teiaeducation.ch\/de\/#organization"},"alternateName":"Teia Education & Play","potentialAction":[{"@type":"SearchAction","target":{"@type":"EntryPoint","urlTemplate":"https:\/\/teiaeducation.ch\/de\/?s={search_term_string}"},"query-input":{"@type":"PropertyValueSpecification","valueRequired":true,"valueName":"search_term_string"}}],"inLanguage":"de-CH"},{"@type":"Organization","@id":"https:\/\/teiaeducation.ch\/de\/#organization","name":"Teia Education & Play","url":"https:\/\/teiaeducation.ch\/de\/","logo":{"@type":"ImageObject","inLanguage":"de-CH","@id":"https:\/\/teiaeducation.ch\/de\/#\/schema\/logo\/image\/","url":"https:\/\/teiaeducation.ch\/wp-content\/uploads\/2020\/11\/Teia-Education-Switzerland-e1620156442216.jpg","contentUrl":"https:\/\/teiaeducation.ch\/wp-content\/uploads\/2020\/11\/Teia-Education-Switzerland-e1620156442216.jpg","width":166,"height":145,"caption":"Teia Education & Play"},"image":{"@id":"https:\/\/teiaeducation.ch\/de\/#\/schema\/logo\/image\/"},"sameAs":["https:\/\/www.facebook.com\/teiaeducation\/","https:\/\/x.com\/EducationTeia","https:\/\/www.instagram.com\/teia.education\/","https:\/\/www.linkedin.com\/company\/35501660","https:\/\/www.pinterest.ch\/TeiaEducation\/"]}]}},"_links":{"self":[{"href":"https:\/\/teiaeducation.ch\/de\/wp-json\/wp\/v2\/product\/54512","targetHints":{"allow":["GET"]}}],"collection":[{"href":"https:\/\/teiaeducation.ch\/de\/wp-json\/wp\/v2\/product"}],"about":[{"href":"https:\/\/teiaeducation.ch\/de\/wp-json\/wp\/v2\/types\/product"}],"replies":[{"embeddable":true,"href":"https:\/\/teiaeducation.ch\/de\/wp-json\/wp\/v2\/comments?post=54512"}],"wp:featuredmedia":[{"embeddable":true,"href":"https:\/\/teiaeducation.ch\/de\/wp-json\/wp\/v2\/media\/52755"}],"wp:attachment":[{"href":"https:\/\/teiaeducation.ch\/de\/wp-json\/wp\/v2\/media?parent=54512"}],"wp:term":[{"taxonomy":"product_brand","embeddable":true,"href":"https:\/\/teiaeducation.ch\/de\/wp-json\/wp\/v2\/product_brand?post=54512"},{"taxonomy":"product_cat","embeddable":true,"href":"https:\/\/teiaeducation.ch\/de\/wp-json\/wp\/v2\/product_cat?post=54512"},{"taxonomy":"product_tag","embeddable":true,"href":"https:\/\/teiaeducation.ch\/de\/wp-json\/wp\/v2\/product_tag?post=54512"}],"curies":[{"name":"wp","href":"https:\/\/api.w.org\/{rel}","templated":true}]}}