{"id":54514,"date":"2022-09-23T13:17:50","date_gmt":"2022-09-23T11:17:50","guid":{"rendered":"https:\/\/teiaeducation.ch\/product\/grosser-kistensatz-regenbogen-grimms\/"},"modified":"2023-12-05T13:17:19","modified_gmt":"2023-12-05T12:17:19","slug":"groser-kistensatz-regenbogen-grimms","status":"publish","type":"product","link":"https:\/\/teiaeducation.ch\/de\/produkt\/groser-kistensatz-regenbogen-grimms\/","title":{"rendered":"Gro\u00dfer Kistensatz Regenbogen &#8211; Grimm&#8217;s"},"content":{"rendered":"<p>Grimm&#8217;s wundersch\u00f6nes Gro\u00dfer\u00a0Kistensatz Regenbogen\u00a0Set aus 6 handgefertigten, nachhaltigen, gro\u00dfen Holzkisten eignet sich perfekt zum Nesten, <a href=\"https:\/\/teiaeducation.ch\/product-category\/play\/stacking-toys\/\">Stapeln<\/a>, <a href=\"https:\/\/teiaeducation.ch\/product-category\/play\/sorting\/\">Sortieren von<\/a> Spielen und zum Aufbewahren und Organisieren von Kleinigkeiten! Dieses sch\u00f6ne und vielseitige Spielzeug ist f\u00fcr S\u00e4uglinge und Kleinkinder ab 12 Monaten sowie f\u00fcr etwas \u00e4ltere Kinder geeignet.<\/p>\n<p>Benutze die Holzkisten, um Objekte nach <a href=\"https:\/\/teiaeducation.ch\/product-category\/learning-themes\/sensory-motor-skills\/learning-about-colour\/\">Farben<\/a> zu sortieren, sie ineinander zu schachteln oder zu einem Turm zu stapeln. Die Holzkisten k\u00f6nnen zu Bauk\u00e4sten und offenen oder kleinen Weltspielen hinzugef\u00fcgt werden, aber auch zu sch\u00f6nen Kocht\u00f6pfen, Sch\u00fcsseln und Tassen f\u00fcr fantasievolles Vorstellungsspiel. Ein inspirierendes Spielzeug f\u00fcr das <a href=\"https:\/\/teiaeducation.ch\/product-category\/hgh-quality-toys-play\/montessori-toys\/\">Montessori-<\/a> und <a href=\"https:\/\/teiaeducation.ch\/product-category\/hgh-quality-toys-play\/waldorf-toys\/\">Waldorfspiel<\/a>.<\/p>\n<p>Das Gro\u00dfer\u00a0Grimm&#8217;s Kistensatz Regenbogen\u00a0ist aus Erlenholz gefertigt und mit ungiftiger Beize auf Wasserbasis in sch\u00f6nen, leuchtenden Regenbogent\u00f6nen lackiert, so dass es f\u00fcr kleine Kinder sicher ist. Das Set besteht aus 6 Holzkisten, jede in einer anderen leuchtenden Regenbogenfarbe. Die gr\u00f6\u00dfte Schachtel hat einen Durchmesser von etwa 15 cm.<\/p>\n<p>Das Grimm&#8217;s Kistensatz Regenbogen\u00a0ist f\u00fcr Kinder ab 12 Monaten geeignet.<\/p>\n<p>Inhalt:<\/p>\n<p>6 gro\u00dfe Holzkisten<\/p>\n<h2>\u00dcber Grimm&#8217;s<\/h2>\n<p>Ideal zum Spielen zu Hause, im Kindergarten, in der <a href=\"https:\/\/teiaeducation.ch\/waldorf-steiner-schools-supplies\/\">Waldorf- oder Steiner-Schule<\/a>. Die sch\u00f6nen <a href=\"https:\/\/teiaeducation.ch\/product-category\/brands\/grimms\/\">Grimm&#8217;s Naturholzspielzeuge<\/a> werden nach der <a href=\"https:\/\/teiaeducation.ch\/product-category\/education-method\/waldorf-steiner-toys-craft-materials\/\">Waldorf-Philosophie<\/a> hergestellt, die daf\u00fcr bekannt ist, dass sie Kinder dazu ermutigt, das kreative Spiel selbstst\u00e4ndig, ohne Einschr\u00e4nkungen und in einem gem\u00fctlichen Tempo zu entdecken. Die Grimm&#8217;s Holzspielzeuge werden von Hand mit ungiftigen Farben auf Wasserbasis gef\u00e4rbt und nicht lackiert, damit die urspr\u00fcnglichen Eigenschaften des Holzes und die Maserung erhalten bleiben. Die Oberfl\u00e4che der FSC-zertifizierten europ\u00e4ischen Holz ist leicht rau, wodurch sie vollst\u00e4ndig stapelbar und weniger rutschig sind.<\/p>\n<p>Grimm&#8217;s <a href=\"https:\/\/teiaeducation.ch\/product-category\/hgh-quality-toys-play\/handmade-wooden-toys\/\">handgefertigtes Holzspielzeug<\/a> wird in den Grimm&#8217;s Werken in Deutschland sowie in mehreren Werkst\u00e4tten in ganz Europa aus verschiedenen Holzarten wie Erle, Linde, Buche und Ahorn hergestellt. Alle H\u00f6lzer, die f\u00fcr die Herstellung der Grimm&#8217;s-Spielzeuge verwendet werden, stammen aus nachhaltig bewirtschafteten europ\u00e4ischen W\u00e4ldern.<\/p>\n<p>Bitte beachten Sie, dass Grimm&#8217;s Spielzeuge immer Unikate sind, die einzigartige, von der Natur geschaffene Zeichen tragen. Die Maserung des Holzes weist wechselnde Strukturen und Farben auf, die von seiner nat\u00fcrlichen Herkunft zeugen. Die einzigartigen Variationen, Markierungen, \u00c4ste, Muster, schwarzen Streifen oder dunklen Flecken, die im Holz eines Grimm&#8217;s Spielzeugs sichtbar sein k\u00f6nnen, sind ein Beweis f\u00fcr Qualit\u00e4t, keine M\u00e4ngel.<\/p>\n","protected":false},"excerpt":{"rendered":"<p>Artikelnummer: <span data-sheets-value=\"{\" data-sheets-userformat=\"{\">gri10370<\/span><\/p>\n<p>Grimm&#8217;s wundersch\u00f6nes Gro\u00dfer\u00a0Kistensatz Regenbogen\u00a0Set aus 6 handgefertigten, nachhaltigen, gro\u00dfen Holzkisten perfekt zum Nesten, Stapeln und Sortieren!<\/p>\n","protected":false},"featured_media":50006,"comment_status":"open","ping_status":"closed","template":"","meta":[],"product_brand":[],"product_cat":[21444,21445,21446,21479,21558,21690,21485,21484,21640,23075,21509,21559,21443,21563,24869,21557,21678,21699,21564,21483,22919],"product_tag":[25312,25317,25314,21715,21751,21752,25316,25315,21713,25313,21714],"class_list":{"0":"post-54514","1":"product","2":"type-product","3":"status-publish","4":"has-post-thumbnail","6":"product_cat-1-3-jahre-kleinkind","7":"product_cat-3-6-jahre-vorschule","8":"product_cat-6-12-jahre-grundschule","9":"product_cat-lernmaterialien-spielzeug-montessori-waldorf-steiner-froebel","10":"product_cat-farbe-lernen","11":"product_cat-spiele-mit-offenem-ende","12":"product_cat-geschenk-guide-0-12-monate-baby","13":"product_cat-geschenk-guides","14":"product_cat-grimms-holzspielzeug","15":"product_cat-handgefertigtes-holzspielzeug","16":"product_cat-lernthemen","17":"product_cat-motorische-fertigkeiten","18":"product_cat-nach-alter","19":"product_cat-neuheiten","20":"product_cat-schalchen-kistensets","21":"product_cat-sensorische-motorische-fertigkeiten","22":"product_cat-kinder-spielzeug","23":"product_cat-stapelspielzeug","24":"product_cat-unsere-marken","25":"product_cat-waldorf-steiner-paedagogik","26":"product_cat-waldorfspielzeug","27":"product_tag-grimms-regenbogen","28":"product_tag-grimms-regenbogen-stapelschachteln","29":"product_tag-grimms-regenbogenspielzeug-waldgrun","30":"product_tag-grimms-switzerland-de","31":"product_tag-grimms-holzspielzeugladen-de","32":"product_tag-grimms-regenbogenspielzeug","33":"product_tag-groser-kistensatz-regenbogen-grimms","34":"product_tag-holzspielzeug-grimms","35":"product_tag-holzspielzeug-mit-offenem-ende","36":"product_tag-holzspielzeug-waldorf-regenbogen","37":"product_tag-waldorfspielzeug-aus-holz","39":"first","40":"instock","41":"taxable","42":"shipping-taxable","43":"purchasable","44":"product-type-simple"},"yoast_head":"<!-- This site is optimized with the Yoast SEO plugin v27.1.1 - https:\/\/yoast.com\/product\/yoast-seo-wordpress\/ -->\n<title>Gro\u00dfes Set von Regenbogenboxen - Grimm&#039;s<\/title>\n<meta name=\"description\" content=\"Grimm&#039;s wundersch\u00f6nes Gro\u00dfer Kistensatz Regenbogen\u00a0Set aus 6 handgefertigten, nachhaltigen, gro\u00dfen Holzkisten perfekt zum Nesten, Stapeln und Sortieren.\" \/>\n<meta name=\"robots\" content=\"index, follow, max-snippet:-1, max-image-preview:large, max-video-preview:-1\" \/>\n<link rel=\"canonical\" href=\"https:\/\/teiaeducation.ch\/de\/produkt\/groser-kistensatz-regenbogen-grimms\/\" \/>\n<meta property=\"og:locale\" content=\"de_DE\" \/>\n<meta property=\"og:type\" content=\"article\" \/>\n<meta property=\"og:title\" content=\"Gro\u00dfes Set von Regenbogenboxen - Grimm&#039;s\" \/>\n<meta property=\"og:description\" content=\"Grimm&#039;s wundersch\u00f6nes Gro\u00dfer Kistensatz Regenbogen\u00a0Set aus 6 handgefertigten, nachhaltigen, gro\u00dfen Holzkisten perfekt zum Nesten, Stapeln und Sortieren.\" \/>\n<meta property=\"og:url\" content=\"https:\/\/teiaeducation.ch\/de\/produkt\/groser-kistensatz-regenbogen-grimms\/\" \/>\n<meta property=\"og:site_name\" content=\"Sustainable Educational Products &amp; Ecological Toys\u00a0\" \/>\n<meta property=\"article:publisher\" content=\"https:\/\/www.facebook.com\/teiaeducation\/\" \/>\n<meta property=\"article:modified_time\" content=\"2023-12-05T12:17:19+00:00\" \/>\n<meta property=\"og:image\" content=\"https:\/\/teiaeducation.ch\/wp-content\/uploads\/2022\/09\/Large-set-handmade-sustainable-rainbow-boxes-toys-Grimms--e1663932497858.jpg\" \/>\n\t<meta property=\"og:image:width\" content=\"800\" \/>\n\t<meta property=\"og:image:height\" content=\"800\" \/>\n\t<meta property=\"og:image:type\" content=\"image\/jpeg\" \/>\n<script type=\"application\/ld+json\" class=\"yoast-schema-graph\">{\"@context\":\"https:\/\/schema.org\",\"@graph\":[{\"@type\":\"WebPage\",\"@id\":\"https:\/\/teiaeducation.ch\/de\/produkt\/groser-kistensatz-regenbogen-grimms\/\",\"url\":\"https:\/\/teiaeducation.ch\/de\/produkt\/groser-kistensatz-regenbogen-grimms\/\",\"name\":\"Gro\u00dfes Set von Regenbogenboxen - Grimm's\",\"isPartOf\":{\"@id\":\"https:\/\/teiaeducation.ch\/de\/#website\"},\"primaryImageOfPage\":{\"@id\":\"https:\/\/teiaeducation.ch\/de\/produkt\/groser-kistensatz-regenbogen-grimms\/#primaryimage\"},\"image\":{\"@id\":\"https:\/\/teiaeducation.ch\/de\/produkt\/groser-kistensatz-regenbogen-grimms\/#primaryimage\"},\"thumbnailUrl\":\"https:\/\/teiaeducation.ch\/wp-content\/uploads\/2022\/09\/Large-set-handmade-sustainable-rainbow-boxes-toys-Grimms--e1663932497858.jpg\",\"datePublished\":\"2022-09-23T11:17:50+00:00\",\"dateModified\":\"2023-12-05T12:17:19+00:00\",\"description\":\"Grimm's wundersch\u00f6nes Gro\u00dfer Kistensatz Regenbogen\u00a0Set aus 6 handgefertigten, nachhaltigen, gro\u00dfen Holzkisten perfekt zum Nesten, Stapeln und Sortieren.\",\"breadcrumb\":{\"@id\":\"https:\/\/teiaeducation.ch\/de\/produkt\/groser-kistensatz-regenbogen-grimms\/#breadcrumb\"},\"inLanguage\":\"de-CH\",\"potentialAction\":[{\"@type\":\"ReadAction\",\"target\":[\"https:\/\/teiaeducation.ch\/de\/produkt\/groser-kistensatz-regenbogen-grimms\/\"]}]},{\"@type\":\"ImageObject\",\"inLanguage\":\"de-CH\",\"@id\":\"https:\/\/teiaeducation.ch\/de\/produkt\/groser-kistensatz-regenbogen-grimms\/#primaryimage\",\"url\":\"https:\/\/teiaeducation.ch\/wp-content\/uploads\/2022\/09\/Large-set-handmade-sustainable-rainbow-boxes-toys-Grimms--e1663932497858.jpg\",\"contentUrl\":\"https:\/\/teiaeducation.ch\/wp-content\/uploads\/2022\/09\/Large-set-handmade-sustainable-rainbow-boxes-toys-Grimms--e1663932497858.jpg\",\"width\":800,\"height\":800,\"caption\":\"Gro\u00dfes Set handgefertigter nachhaltiger Kistensatz Regenbogen - Grimm's\"},{\"@type\":\"BreadcrumbList\",\"@id\":\"https:\/\/teiaeducation.ch\/de\/produkt\/groser-kistensatz-regenbogen-grimms\/#breadcrumb\",\"itemListElement\":[{\"@type\":\"ListItem\",\"position\":1,\"name\":\"Home\",\"item\":\"https:\/\/teiaeducation.ch\/de\/\"},{\"@type\":\"ListItem\",\"position\":2,\"name\":\"Laden\",\"item\":\"https:\/\/teiaeducation.ch\/de\/shop\/\"},{\"@type\":\"ListItem\",\"position\":3,\"name\":\"Unsere Marken\",\"item\":\"https:\/\/teiaeducation.ch\/de\/produkt-kategorie\/unsere-marken\/\"},{\"@type\":\"ListItem\",\"position\":4,\"name\":\"Grimm's\",\"item\":\"https:\/\/teiaeducation.ch\/de\/produkt-kategorie\/unsere-marken\/grimms-holzspielzeug\/\"},{\"@type\":\"ListItem\",\"position\":5,\"name\":\"Gro\u00dfer Kistensatz Regenbogen &#8211; Grimm&#8217;s\"}]},{\"@type\":\"WebSite\",\"@id\":\"https:\/\/teiaeducation.ch\/de\/#website\",\"url\":\"https:\/\/teiaeducation.ch\/de\/\",\"name\":\"Sustainable Educational Products &amp; Ecological Toys\u00a0\",\"description\":\"Specialised Swiss shop selling sustainable educational toys and games, AMI certified Montessori materials, handmade ecological wooden Waldorf toys and arts &amp; crafts supplies, school supplies, children&#039;s furniture and Montessori reference and parenting books.\",\"publisher\":{\"@id\":\"https:\/\/teiaeducation.ch\/de\/#organization\"},\"alternateName\":\"Teia Education & Play\",\"potentialAction\":[{\"@type\":\"SearchAction\",\"target\":{\"@type\":\"EntryPoint\",\"urlTemplate\":\"https:\/\/teiaeducation.ch\/de\/?s={search_term_string}\"},\"query-input\":{\"@type\":\"PropertyValueSpecification\",\"valueRequired\":true,\"valueName\":\"search_term_string\"}}],\"inLanguage\":\"de-CH\"},{\"@type\":\"Organization\",\"@id\":\"https:\/\/teiaeducation.ch\/de\/#organization\",\"name\":\"Teia Education & Play\",\"url\":\"https:\/\/teiaeducation.ch\/de\/\",\"logo\":{\"@type\":\"ImageObject\",\"inLanguage\":\"de-CH\",\"@id\":\"https:\/\/teiaeducation.ch\/de\/#\/schema\/logo\/image\/\",\"url\":\"https:\/\/teiaeducation.ch\/wp-content\/uploads\/2020\/11\/Teia-Education-Switzerland-e1620156442216.jpg\",\"contentUrl\":\"https:\/\/teiaeducation.ch\/wp-content\/uploads\/2020\/11\/Teia-Education-Switzerland-e1620156442216.jpg\",\"width\":166,\"height\":145,\"caption\":\"Teia Education & Play\"},\"image\":{\"@id\":\"https:\/\/teiaeducation.ch\/de\/#\/schema\/logo\/image\/\"},\"sameAs\":[\"https:\/\/www.facebook.com\/teiaeducation\/\",\"https:\/\/x.com\/EducationTeia\",\"https:\/\/www.instagram.com\/teia.education\/\",\"https:\/\/www.linkedin.com\/company\/35501660\",\"https:\/\/www.pinterest.ch\/TeiaEducation\/\"]}]}<\/script>\n<!-- \/ Yoast SEO plugin. -->","yoast_head_json":{"title":"Gro\u00dfes Set von Regenbogenboxen - Grimm's","description":"Grimm's wundersch\u00f6nes Gro\u00dfer Kistensatz Regenbogen\u00a0Set aus 6 handgefertigten, nachhaltigen, gro\u00dfen Holzkisten perfekt zum Nesten, Stapeln und Sortieren.","robots":{"index":"index","follow":"follow","max-snippet":"max-snippet:-1","max-image-preview":"max-image-preview:large","max-video-preview":"max-video-preview:-1"},"canonical":"https:\/\/teiaeducation.ch\/de\/produkt\/groser-kistensatz-regenbogen-grimms\/","og_locale":"de_DE","og_type":"article","og_title":"Gro\u00dfes Set von Regenbogenboxen - Grimm's","og_description":"Grimm's wundersch\u00f6nes Gro\u00dfer Kistensatz Regenbogen\u00a0Set aus 6 handgefertigten, nachhaltigen, gro\u00dfen Holzkisten perfekt zum Nesten, Stapeln und Sortieren.","og_url":"https:\/\/teiaeducation.ch\/de\/produkt\/groser-kistensatz-regenbogen-grimms\/","og_site_name":"Sustainable Educational Products &amp; Ecological Toys\u00a0","article_publisher":"https:\/\/www.facebook.com\/teiaeducation\/","article_modified_time":"2023-12-05T12:17:19+00:00","og_image":[{"width":800,"height":800,"url":"https:\/\/teiaeducation.ch\/wp-content\/uploads\/2022\/09\/Large-set-handmade-sustainable-rainbow-boxes-toys-Grimms--e1663932497858.jpg","type":"image\/jpeg"}],"schema":{"@context":"https:\/\/schema.org","@graph":[{"@type":"WebPage","@id":"https:\/\/teiaeducation.ch\/de\/produkt\/groser-kistensatz-regenbogen-grimms\/","url":"https:\/\/teiaeducation.ch\/de\/produkt\/groser-kistensatz-regenbogen-grimms\/","name":"Gro\u00dfes Set von Regenbogenboxen - Grimm's","isPartOf":{"@id":"https:\/\/teiaeducation.ch\/de\/#website"},"primaryImageOfPage":{"@id":"https:\/\/teiaeducation.ch\/de\/produkt\/groser-kistensatz-regenbogen-grimms\/#primaryimage"},"image":{"@id":"https:\/\/teiaeducation.ch\/de\/produkt\/groser-kistensatz-regenbogen-grimms\/#primaryimage"},"thumbnailUrl":"https:\/\/teiaeducation.ch\/wp-content\/uploads\/2022\/09\/Large-set-handmade-sustainable-rainbow-boxes-toys-Grimms--e1663932497858.jpg","datePublished":"2022-09-23T11:17:50+00:00","dateModified":"2023-12-05T12:17:19+00:00","description":"Grimm's wundersch\u00f6nes Gro\u00dfer Kistensatz Regenbogen\u00a0Set aus 6 handgefertigten, nachhaltigen, gro\u00dfen Holzkisten perfekt zum Nesten, Stapeln und Sortieren.","breadcrumb":{"@id":"https:\/\/teiaeducation.ch\/de\/produkt\/groser-kistensatz-regenbogen-grimms\/#breadcrumb"},"inLanguage":"de-CH","potentialAction":[{"@type":"ReadAction","target":["https:\/\/teiaeducation.ch\/de\/produkt\/groser-kistensatz-regenbogen-grimms\/"]}]},{"@type":"ImageObject","inLanguage":"de-CH","@id":"https:\/\/teiaeducation.ch\/de\/produkt\/groser-kistensatz-regenbogen-grimms\/#primaryimage","url":"https:\/\/teiaeducation.ch\/wp-content\/uploads\/2022\/09\/Large-set-handmade-sustainable-rainbow-boxes-toys-Grimms--e1663932497858.jpg","contentUrl":"https:\/\/teiaeducation.ch\/wp-content\/uploads\/2022\/09\/Large-set-handmade-sustainable-rainbow-boxes-toys-Grimms--e1663932497858.jpg","width":800,"height":800,"caption":"Gro\u00dfes Set handgefertigter nachhaltiger Kistensatz Regenbogen - Grimm's"},{"@type":"BreadcrumbList","@id":"https:\/\/teiaeducation.ch\/de\/produkt\/groser-kistensatz-regenbogen-grimms\/#breadcrumb","itemListElement":[{"@type":"ListItem","position":1,"name":"Home","item":"https:\/\/teiaeducation.ch\/de\/"},{"@type":"ListItem","position":2,"name":"Laden","item":"https:\/\/teiaeducation.ch\/de\/shop\/"},{"@type":"ListItem","position":3,"name":"Unsere Marken","item":"https:\/\/teiaeducation.ch\/de\/produkt-kategorie\/unsere-marken\/"},{"@type":"ListItem","position":4,"name":"Grimm's","item":"https:\/\/teiaeducation.ch\/de\/produkt-kategorie\/unsere-marken\/grimms-holzspielzeug\/"},{"@type":"ListItem","position":5,"name":"Gro\u00dfer Kistensatz Regenbogen &#8211; Grimm&#8217;s"}]},{"@type":"WebSite","@id":"https:\/\/teiaeducation.ch\/de\/#website","url":"https:\/\/teiaeducation.ch\/de\/","name":"Sustainable Educational Products &amp; Ecological Toys\u00a0","description":"Specialised Swiss shop selling sustainable educational toys and games, AMI certified Montessori materials, handmade ecological wooden Waldorf toys and arts &amp; crafts supplies, school supplies, children&#039;s furniture and Montessori reference and parenting books.","publisher":{"@id":"https:\/\/teiaeducation.ch\/de\/#organization"},"alternateName":"Teia Education & Play","potentialAction":[{"@type":"SearchAction","target":{"@type":"EntryPoint","urlTemplate":"https:\/\/teiaeducation.ch\/de\/?s={search_term_string}"},"query-input":{"@type":"PropertyValueSpecification","valueRequired":true,"valueName":"search_term_string"}}],"inLanguage":"de-CH"},{"@type":"Organization","@id":"https:\/\/teiaeducation.ch\/de\/#organization","name":"Teia Education & Play","url":"https:\/\/teiaeducation.ch\/de\/","logo":{"@type":"ImageObject","inLanguage":"de-CH","@id":"https:\/\/teiaeducation.ch\/de\/#\/schema\/logo\/image\/","url":"https:\/\/teiaeducation.ch\/wp-content\/uploads\/2020\/11\/Teia-Education-Switzerland-e1620156442216.jpg","contentUrl":"https:\/\/teiaeducation.ch\/wp-content\/uploads\/2020\/11\/Teia-Education-Switzerland-e1620156442216.jpg","width":166,"height":145,"caption":"Teia Education & Play"},"image":{"@id":"https:\/\/teiaeducation.ch\/de\/#\/schema\/logo\/image\/"},"sameAs":["https:\/\/www.facebook.com\/teiaeducation\/","https:\/\/x.com\/EducationTeia","https:\/\/www.instagram.com\/teia.education\/","https:\/\/www.linkedin.com\/company\/35501660","https:\/\/www.pinterest.ch\/TeiaEducation\/"]}]}},"_links":{"self":[{"href":"https:\/\/teiaeducation.ch\/de\/wp-json\/wp\/v2\/product\/54514","targetHints":{"allow":["GET"]}}],"collection":[{"href":"https:\/\/teiaeducation.ch\/de\/wp-json\/wp\/v2\/product"}],"about":[{"href":"https:\/\/teiaeducation.ch\/de\/wp-json\/wp\/v2\/types\/product"}],"replies":[{"embeddable":true,"href":"https:\/\/teiaeducation.ch\/de\/wp-json\/wp\/v2\/comments?post=54514"}],"wp:featuredmedia":[{"embeddable":true,"href":"https:\/\/teiaeducation.ch\/de\/wp-json\/wp\/v2\/media\/50006"}],"wp:attachment":[{"href":"https:\/\/teiaeducation.ch\/de\/wp-json\/wp\/v2\/media?parent=54514"}],"wp:term":[{"taxonomy":"product_brand","embeddable":true,"href":"https:\/\/teiaeducation.ch\/de\/wp-json\/wp\/v2\/product_brand?post=54514"},{"taxonomy":"product_cat","embeddable":true,"href":"https:\/\/teiaeducation.ch\/de\/wp-json\/wp\/v2\/product_cat?post=54514"},{"taxonomy":"product_tag","embeddable":true,"href":"https:\/\/teiaeducation.ch\/de\/wp-json\/wp\/v2\/product_tag?post=54514"}],"curies":[{"name":"wp","href":"https:\/\/api.w.org\/{rel}","templated":true}]}}