{"id":54517,"date":"2022-09-23T12:05:38","date_gmt":"2022-09-23T10:05:38","guid":{"rendered":"https:\/\/teiaeducation.ch\/product\/grosser-regenbogen-waldgruen-grimms\/"},"modified":"2023-08-02T15:25:12","modified_gmt":"2023-08-02T13:25:12","slug":"groser-regenbogen-waldgrun-grimms","status":"publish","type":"product","link":"https:\/\/teiaeducation.ch\/de\/produkt\/groser-regenbogen-waldgrun-grimms\/","title":{"rendered":"Gro\u00dfer Regenbogen Waldgr\u00fcn &#8211; Grimm&#8217;s"},"content":{"rendered":"<p>Inspiriert von der <a href=\"https:\/\/teiaeducation.ch\/product-category\/hgh-quality-toys-play\/waldorf-toys\/\">Waldorf<\/a> Steiner P\u00e4dagogik, ist der ikonische handgefertigtes gro\u00dfe 12-teilige Grimm&#8217;s Regenbogen in der Variation Waldgr\u00fcn. Dieser Regenbogen ist aus der Grimm&#8217;s 2022 Greenopia Kollektion und ein nachhaltiges <a href=\"https:\/\/teiaeducation.ch\/product-category\/play\/stacking-toys\/\">Holzstapelspielzeug<\/a> mit zeitlosem Reiz.<\/p>\n<p>Sie besteht aus 12 B\u00f6gen, die von Hand aus einem einzigen Holzblock geschnitten wurden. Der Regenbogen ist aus Lindenholz gefertigt und in sch\u00f6nen Gr\u00fcnt\u00f6nen mit ungiftiger Beize auf Wasserbasis bemalt, so dass er auch f\u00fcr (kleine) Kinder geeignet ist. Der Regenbogen ist aus Lindenholz gefertigt und in sch\u00f6nen Gr\u00fcnt\u00f6nen mit ungiftiger Beize auf Wasserbasis bemalt, so dass er auch f\u00fcr (kleine) Kinder geeignet ist.<\/p>\n<p>Die \u00fcberwiegend dunkleren <a href=\"https:\/\/teiaeducation.ch\/product-category\/learning-themes\/sensory-motor-skills\/learning-about-colour\/\">Farbharmonien<\/a> dieses Regenbogens entf\u00fchren Sie in W\u00e4lder voller Laub und Tannengr\u00fcn. Zartes Moos mischt sich mit saftigem Wiesengr\u00fcn und die Tiere des Waldes versammeln sich auf hellen Lichtungen. Es entstehen kleine Erlebniswelten, in denen kleine Waldgeister leben, die immer irgendeinen Unfug anstellen.<\/p>\n<p>In der Weihnachtszeit l\u00e4sst sich ein wunderbar nachhaltiger Weihnachtsbaum gestalten, der in seinem dunklen Tannenkleid auch sch\u00f6n mit Bastelarbeiten, Weihnachtsfiguren oder kleinen elektrischen Lichtern geschm\u00fcckt werden kann.<\/p>\n<p>Der Grimm&#8217;s 12-teilige Gro\u00dfer Regenbogen Waldgr\u00fcn ist f\u00fcr Kinder ab 2 Jahren geeignet.<\/p>\n<p>Inhalt:<\/p>\n<p>1 gro\u00dfer 12-teiliger Regenbogen aus Holz in waldgr\u00fcnen Farben<\/p>\n<h2>\u00dcber Grimm&#8217;s<\/h2>\n<p>Ideal zum Spielen zu Hause, im Kindergarten, in der <a href=\"https:\/\/teiaeducation.ch\/waldorf-steiner-schools-supplies\/\">Waldorf- oder Steiner-Schule<\/a>. Die sch\u00f6nen <a href=\"https:\/\/teiaeducation.ch\/product-category\/brands\/grimms\/\">Grimm&#8217;s Naturholzspielzeuge<\/a> werden nach der <a href=\"https:\/\/teiaeducation.ch\/product-category\/education-method\/waldorf-steiner-toys-craft-materials\/\">Waldorf-Philosophie<\/a> hergestellt, die daf\u00fcr bekannt ist, dass sie Kinder dazu ermutigt, das kreative Spiel selbstst\u00e4ndig, ohne Einschr\u00e4nkungen und in einem gem\u00fctlichen Tempo zu entdecken. Die Grimm&#8217;s Holzspielzeuge werden von Hand mit ungiftigen Farben auf Wasserbasis gef\u00e4rbt und nicht lackiert, damit die urspr\u00fcnglichen Eigenschaften des Holzes und die Maserung erhalten bleiben. Die Oberfl\u00e4che der FSC-zertifizierten europ\u00e4ischen Holz ist leicht rau, wodurch sie vollst\u00e4ndig stapelbar und weniger rutschig sind.<\/p>\n<p>Grimm&#8217;s <a href=\"https:\/\/teiaeducation.ch\/product-category\/hgh-quality-toys-play\/handmade-wooden-toys\/\">handgefertigtes Holzspielzeug<\/a> wird in den Grimm&#8217;s Werken in Deutschland sowie in mehreren Werkst\u00e4tten in ganz Europa aus verschiedenen Holzarten wie Erle, Linde, Buche und Ahorn hergestellt. Alle H\u00f6lzer, die f\u00fcr die Herstellung der Grimm&#8217;s-Spielzeuge verwendet werden, stammen aus nachhaltig bewirtschafteten europ\u00e4ischen W\u00e4ldern.<\/p>\n<p>Bitte beachten Sie, dass Grimm&#8217;s Spielzeuge immer Unikate sind, die einzigartige, von der Natur geschaffene Zeichen tragen. Die Maserung des Holzes weist wechselnde Strukturen und Farben auf, die von seiner nat\u00fcrlichen Herkunft zeugen. Die einzigartigen Variationen, Markierungen, \u00c4ste, Muster, schwarzen Streifen oder dunklen Flecken, die im Holz eines Grimm&#8217;s Spielzeugs sichtbar sein k\u00f6nnen, sind ein Beweis f\u00fcr Qualit\u00e4t, keine M\u00e4ngel.<\/p>\n","protected":false},"excerpt":{"rendered":"<p>Artikelnummer: <span data-sheets-value=\"{\" data-sheets-userformat=\"{\">gri10672<\/span><\/p>\n<p>Der gro\u00dfe Grimm&#8217;s 2022 Greenopia Kollektion Regenbogen in Waldgr\u00fcn ist ein handgefertigtes, nachhaltiges Holzstapelspielzeug mit zeitlosem Reiz!<\/p>\n","protected":false},"featured_media":49969,"comment_status":"open","ping_status":"closed","template":"","meta":[],"product_brand":[],"product_cat":[21444,21445,21446,24871,21479,21465,21690,21487,21484,21640,23075,21443,22349,21563,24860,22362,21678,21699,21564,21483,22919,22363],"product_tag":[25321,25319,25318,25312,25314,21715,21751,21752,25320,25315,21713,25313,21714],"class_list":{"0":"post-54517","1":"product","2":"type-product","3":"status-publish","4":"has-post-thumbnail","6":"product_cat-1-3-jahre-kleinkind","7":"product_cat-3-6-jahre-vorschule","8":"product_cat-6-12-jahre-grundschule","9":"product_cat-bau-regenbogenwelten","10":"product_cat-lernmaterialien-spielzeug-montessori-waldorf-steiner-froebel","11":"product_cat-feier-festlichkeiten","12":"product_cat-spiele-mit-offenem-ende","13":"product_cat-geschenk-guide-3-6-jahre-vorschule","14":"product_cat-geschenk-guides","15":"product_cat-grimms-holzspielzeug","16":"product_cat-handgefertigtes-holzspielzeug","17":"product_cat-nach-alter","18":"product_cat-natur-saisonale-tische-de","19":"product_cat-neuheiten","20":"product_cat-neuheiten-2022","21":"product_cat-saisonale-kollektionen","22":"product_cat-kinder-spielzeug","23":"product_cat-stapelspielzeug","24":"product_cat-unsere-marken","25":"product_cat-waldorf-steiner-paedagogik","26":"product_cat-waldorfspielzeug","27":"product_cat-winter-kollektion","28":"product_tag-grimms-groser-regenbogen-greenopia","29":"product_tag-grimms-groser-waldgruner-farbiger-regenbogen","30":"product_tag-grimms-kollektion-2022-greenopia","31":"product_tag-grimms-regenbogen","32":"product_tag-grimms-regenbogenspielzeug-waldgrun","33":"product_tag-grimms-switzerland-de","34":"product_tag-grimms-holzspielzeugladen-de","35":"product_tag-grimms-regenbogenspielzeug","36":"product_tag-groser-regenbogen-12-stuck","37":"product_tag-holzspielzeug-grimms","38":"product_tag-holzspielzeug-mit-offenem-ende","39":"product_tag-holzspielzeug-waldorf-regenbogen","40":"product_tag-waldorfspielzeug-aus-holz","42":"first","43":"instock","44":"taxable","45":"shipping-taxable","46":"purchasable","47":"product-type-simple"},"yoast_head":"<!-- This site is optimized with the Yoast SEO plugin v27.1.1 - https:\/\/yoast.com\/product\/yoast-seo-wordpress\/ -->\n<title>Gro\u00dfer Regenbogen Waldgr\u00fcn Greenopia Kollektion - Grimm&#039;s<\/title>\n<meta name=\"description\" content=\"Der gro\u00dfe Grimm&#039;s 2022 Greenopia Kollektion Regenbogen in Waldgr\u00fcn ist ein handgefertigtes, nachhaltiges Holzstapelspielzeug mit zeitlosem Reiz.\" \/>\n<meta name=\"robots\" content=\"index, follow, max-snippet:-1, max-image-preview:large, max-video-preview:-1\" \/>\n<link rel=\"canonical\" href=\"https:\/\/teiaeducation.ch\/de\/produkt\/groser-regenbogen-waldgrun-grimms\/\" \/>\n<meta property=\"og:locale\" content=\"de_DE\" \/>\n<meta property=\"og:type\" content=\"article\" \/>\n<meta property=\"og:title\" content=\"Gro\u00dfer Regenbogen Waldgr\u00fcn Greenopia Kollektion - Grimm&#039;s\" \/>\n<meta property=\"og:description\" content=\"Der gro\u00dfe Grimm&#039;s 2022 Greenopia Kollektion Regenbogen in Waldgr\u00fcn ist ein handgefertigtes, nachhaltiges Holzstapelspielzeug mit zeitlosem Reiz.\" \/>\n<meta property=\"og:url\" content=\"https:\/\/teiaeducation.ch\/de\/produkt\/groser-regenbogen-waldgrun-grimms\/\" \/>\n<meta property=\"og:site_name\" content=\"Sustainable Educational Products &amp; Ecological Toys\u00a0\" \/>\n<meta property=\"article:publisher\" content=\"https:\/\/www.facebook.com\/teiaeducation\/\" \/>\n<meta property=\"article:modified_time\" content=\"2023-08-02T13:25:12+00:00\" \/>\n<meta property=\"og:image\" content=\"https:\/\/teiaeducation.ch\/wp-content\/uploads\/2022\/09\/Large-rainbow-forest-green-Grimms-2022-Greenopia-collection-e1663927389619.jpg\" \/>\n\t<meta property=\"og:image:width\" content=\"800\" \/>\n\t<meta property=\"og:image:height\" content=\"800\" \/>\n\t<meta property=\"og:image:type\" content=\"image\/jpeg\" \/>\n<script type=\"application\/ld+json\" class=\"yoast-schema-graph\">{\"@context\":\"https:\/\/schema.org\",\"@graph\":[{\"@type\":\"WebPage\",\"@id\":\"https:\/\/teiaeducation.ch\/de\/produkt\/groser-regenbogen-waldgrun-grimms\/\",\"url\":\"https:\/\/teiaeducation.ch\/de\/produkt\/groser-regenbogen-waldgrun-grimms\/\",\"name\":\"Gro\u00dfer Regenbogen Waldgr\u00fcn Greenopia Kollektion - Grimm's\",\"isPartOf\":{\"@id\":\"https:\/\/teiaeducation.ch\/de\/#website\"},\"primaryImageOfPage\":{\"@id\":\"https:\/\/teiaeducation.ch\/de\/produkt\/groser-regenbogen-waldgrun-grimms\/#primaryimage\"},\"image\":{\"@id\":\"https:\/\/teiaeducation.ch\/de\/produkt\/groser-regenbogen-waldgrun-grimms\/#primaryimage\"},\"thumbnailUrl\":\"https:\/\/teiaeducation.ch\/wp-content\/uploads\/2022\/09\/Large-rainbow-forest-green-Grimms-2022-Greenopia-collection-e1663927389619.jpg\",\"datePublished\":\"2022-09-23T10:05:38+00:00\",\"dateModified\":\"2023-08-02T13:25:12+00:00\",\"description\":\"Der gro\u00dfe Grimm's 2022 Greenopia Kollektion Regenbogen in Waldgr\u00fcn ist ein handgefertigtes, nachhaltiges Holzstapelspielzeug mit zeitlosem Reiz.\",\"breadcrumb\":{\"@id\":\"https:\/\/teiaeducation.ch\/de\/produkt\/groser-regenbogen-waldgrun-grimms\/#breadcrumb\"},\"inLanguage\":\"de-CH\",\"potentialAction\":[{\"@type\":\"ReadAction\",\"target\":[\"https:\/\/teiaeducation.ch\/de\/produkt\/groser-regenbogen-waldgrun-grimms\/\"]}]},{\"@type\":\"ImageObject\",\"inLanguage\":\"de-CH\",\"@id\":\"https:\/\/teiaeducation.ch\/de\/produkt\/groser-regenbogen-waldgrun-grimms\/#primaryimage\",\"url\":\"https:\/\/teiaeducation.ch\/wp-content\/uploads\/2022\/09\/Large-rainbow-forest-green-Grimms-2022-Greenopia-collection-e1663927389619.jpg\",\"contentUrl\":\"https:\/\/teiaeducation.ch\/wp-content\/uploads\/2022\/09\/Large-rainbow-forest-green-Grimms-2022-Greenopia-collection-e1663927389619.jpg\",\"width\":800,\"height\":800,\"caption\":\"Grimm's 2022 Greenopia Kollektion Gro\u00dfer Regenbogen waldgr\u00fcn\"},{\"@type\":\"BreadcrumbList\",\"@id\":\"https:\/\/teiaeducation.ch\/de\/produkt\/groser-regenbogen-waldgrun-grimms\/#breadcrumb\",\"itemListElement\":[{\"@type\":\"ListItem\",\"position\":1,\"name\":\"Home\",\"item\":\"https:\/\/teiaeducation.ch\/de\/\"},{\"@type\":\"ListItem\",\"position\":2,\"name\":\"Laden\",\"item\":\"https:\/\/teiaeducation.ch\/de\/shop\/\"},{\"@type\":\"ListItem\",\"position\":3,\"name\":\"Unsere Marken\",\"item\":\"https:\/\/teiaeducation.ch\/de\/produkt-kategorie\/unsere-marken\/\"},{\"@type\":\"ListItem\",\"position\":4,\"name\":\"Grimm's\",\"item\":\"https:\/\/teiaeducation.ch\/de\/produkt-kategorie\/unsere-marken\/grimms-holzspielzeug\/\"},{\"@type\":\"ListItem\",\"position\":5,\"name\":\"Gro\u00dfer Regenbogen Waldgr\u00fcn &#8211; Grimm&#8217;s\"}]},{\"@type\":\"WebSite\",\"@id\":\"https:\/\/teiaeducation.ch\/de\/#website\",\"url\":\"https:\/\/teiaeducation.ch\/de\/\",\"name\":\"Sustainable Educational Products &amp; Ecological Toys\u00a0\",\"description\":\"Specialised Swiss shop selling sustainable educational toys and games, AMI certified Montessori materials, handmade ecological wooden Waldorf toys and arts &amp; crafts supplies, school supplies, children&#039;s furniture and Montessori reference and parenting books.\",\"publisher\":{\"@id\":\"https:\/\/teiaeducation.ch\/de\/#organization\"},\"alternateName\":\"Teia Education & Play\",\"potentialAction\":[{\"@type\":\"SearchAction\",\"target\":{\"@type\":\"EntryPoint\",\"urlTemplate\":\"https:\/\/teiaeducation.ch\/de\/?s={search_term_string}\"},\"query-input\":{\"@type\":\"PropertyValueSpecification\",\"valueRequired\":true,\"valueName\":\"search_term_string\"}}],\"inLanguage\":\"de-CH\"},{\"@type\":\"Organization\",\"@id\":\"https:\/\/teiaeducation.ch\/de\/#organization\",\"name\":\"Teia Education & Play\",\"url\":\"https:\/\/teiaeducation.ch\/de\/\",\"logo\":{\"@type\":\"ImageObject\",\"inLanguage\":\"de-CH\",\"@id\":\"https:\/\/teiaeducation.ch\/de\/#\/schema\/logo\/image\/\",\"url\":\"https:\/\/teiaeducation.ch\/wp-content\/uploads\/2020\/11\/Teia-Education-Switzerland-e1620156442216.jpg\",\"contentUrl\":\"https:\/\/teiaeducation.ch\/wp-content\/uploads\/2020\/11\/Teia-Education-Switzerland-e1620156442216.jpg\",\"width\":166,\"height\":145,\"caption\":\"Teia Education & Play\"},\"image\":{\"@id\":\"https:\/\/teiaeducation.ch\/de\/#\/schema\/logo\/image\/\"},\"sameAs\":[\"https:\/\/www.facebook.com\/teiaeducation\/\",\"https:\/\/x.com\/EducationTeia\",\"https:\/\/www.instagram.com\/teia.education\/\",\"https:\/\/www.linkedin.com\/company\/35501660\",\"https:\/\/www.pinterest.ch\/TeiaEducation\/\"]}]}<\/script>\n<!-- \/ Yoast SEO plugin. -->","yoast_head_json":{"title":"Gro\u00dfer Regenbogen Waldgr\u00fcn Greenopia Kollektion - Grimm's","description":"Der gro\u00dfe Grimm's 2022 Greenopia Kollektion Regenbogen in Waldgr\u00fcn ist ein handgefertigtes, nachhaltiges Holzstapelspielzeug mit zeitlosem Reiz.","robots":{"index":"index","follow":"follow","max-snippet":"max-snippet:-1","max-image-preview":"max-image-preview:large","max-video-preview":"max-video-preview:-1"},"canonical":"https:\/\/teiaeducation.ch\/de\/produkt\/groser-regenbogen-waldgrun-grimms\/","og_locale":"de_DE","og_type":"article","og_title":"Gro\u00dfer Regenbogen Waldgr\u00fcn Greenopia Kollektion - Grimm's","og_description":"Der gro\u00dfe Grimm's 2022 Greenopia Kollektion Regenbogen in Waldgr\u00fcn ist ein handgefertigtes, nachhaltiges Holzstapelspielzeug mit zeitlosem Reiz.","og_url":"https:\/\/teiaeducation.ch\/de\/produkt\/groser-regenbogen-waldgrun-grimms\/","og_site_name":"Sustainable Educational Products &amp; Ecological Toys\u00a0","article_publisher":"https:\/\/www.facebook.com\/teiaeducation\/","article_modified_time":"2023-08-02T13:25:12+00:00","og_image":[{"width":800,"height":800,"url":"https:\/\/teiaeducation.ch\/wp-content\/uploads\/2022\/09\/Large-rainbow-forest-green-Grimms-2022-Greenopia-collection-e1663927389619.jpg","type":"image\/jpeg"}],"schema":{"@context":"https:\/\/schema.org","@graph":[{"@type":"WebPage","@id":"https:\/\/teiaeducation.ch\/de\/produkt\/groser-regenbogen-waldgrun-grimms\/","url":"https:\/\/teiaeducation.ch\/de\/produkt\/groser-regenbogen-waldgrun-grimms\/","name":"Gro\u00dfer Regenbogen Waldgr\u00fcn Greenopia Kollektion - Grimm's","isPartOf":{"@id":"https:\/\/teiaeducation.ch\/de\/#website"},"primaryImageOfPage":{"@id":"https:\/\/teiaeducation.ch\/de\/produkt\/groser-regenbogen-waldgrun-grimms\/#primaryimage"},"image":{"@id":"https:\/\/teiaeducation.ch\/de\/produkt\/groser-regenbogen-waldgrun-grimms\/#primaryimage"},"thumbnailUrl":"https:\/\/teiaeducation.ch\/wp-content\/uploads\/2022\/09\/Large-rainbow-forest-green-Grimms-2022-Greenopia-collection-e1663927389619.jpg","datePublished":"2022-09-23T10:05:38+00:00","dateModified":"2023-08-02T13:25:12+00:00","description":"Der gro\u00dfe Grimm's 2022 Greenopia Kollektion Regenbogen in Waldgr\u00fcn ist ein handgefertigtes, nachhaltiges Holzstapelspielzeug mit zeitlosem Reiz.","breadcrumb":{"@id":"https:\/\/teiaeducation.ch\/de\/produkt\/groser-regenbogen-waldgrun-grimms\/#breadcrumb"},"inLanguage":"de-CH","potentialAction":[{"@type":"ReadAction","target":["https:\/\/teiaeducation.ch\/de\/produkt\/groser-regenbogen-waldgrun-grimms\/"]}]},{"@type":"ImageObject","inLanguage":"de-CH","@id":"https:\/\/teiaeducation.ch\/de\/produkt\/groser-regenbogen-waldgrun-grimms\/#primaryimage","url":"https:\/\/teiaeducation.ch\/wp-content\/uploads\/2022\/09\/Large-rainbow-forest-green-Grimms-2022-Greenopia-collection-e1663927389619.jpg","contentUrl":"https:\/\/teiaeducation.ch\/wp-content\/uploads\/2022\/09\/Large-rainbow-forest-green-Grimms-2022-Greenopia-collection-e1663927389619.jpg","width":800,"height":800,"caption":"Grimm's 2022 Greenopia Kollektion Gro\u00dfer Regenbogen waldgr\u00fcn"},{"@type":"BreadcrumbList","@id":"https:\/\/teiaeducation.ch\/de\/produkt\/groser-regenbogen-waldgrun-grimms\/#breadcrumb","itemListElement":[{"@type":"ListItem","position":1,"name":"Home","item":"https:\/\/teiaeducation.ch\/de\/"},{"@type":"ListItem","position":2,"name":"Laden","item":"https:\/\/teiaeducation.ch\/de\/shop\/"},{"@type":"ListItem","position":3,"name":"Unsere Marken","item":"https:\/\/teiaeducation.ch\/de\/produkt-kategorie\/unsere-marken\/"},{"@type":"ListItem","position":4,"name":"Grimm's","item":"https:\/\/teiaeducation.ch\/de\/produkt-kategorie\/unsere-marken\/grimms-holzspielzeug\/"},{"@type":"ListItem","position":5,"name":"Gro\u00dfer Regenbogen Waldgr\u00fcn &#8211; Grimm&#8217;s"}]},{"@type":"WebSite","@id":"https:\/\/teiaeducation.ch\/de\/#website","url":"https:\/\/teiaeducation.ch\/de\/","name":"Sustainable Educational Products &amp; Ecological Toys\u00a0","description":"Specialised Swiss shop selling sustainable educational toys and games, AMI certified Montessori materials, handmade ecological wooden Waldorf toys and arts &amp; crafts supplies, school supplies, children&#039;s furniture and Montessori reference and parenting books.","publisher":{"@id":"https:\/\/teiaeducation.ch\/de\/#organization"},"alternateName":"Teia Education & Play","potentialAction":[{"@type":"SearchAction","target":{"@type":"EntryPoint","urlTemplate":"https:\/\/teiaeducation.ch\/de\/?s={search_term_string}"},"query-input":{"@type":"PropertyValueSpecification","valueRequired":true,"valueName":"search_term_string"}}],"inLanguage":"de-CH"},{"@type":"Organization","@id":"https:\/\/teiaeducation.ch\/de\/#organization","name":"Teia Education & Play","url":"https:\/\/teiaeducation.ch\/de\/","logo":{"@type":"ImageObject","inLanguage":"de-CH","@id":"https:\/\/teiaeducation.ch\/de\/#\/schema\/logo\/image\/","url":"https:\/\/teiaeducation.ch\/wp-content\/uploads\/2020\/11\/Teia-Education-Switzerland-e1620156442216.jpg","contentUrl":"https:\/\/teiaeducation.ch\/wp-content\/uploads\/2020\/11\/Teia-Education-Switzerland-e1620156442216.jpg","width":166,"height":145,"caption":"Teia Education & Play"},"image":{"@id":"https:\/\/teiaeducation.ch\/de\/#\/schema\/logo\/image\/"},"sameAs":["https:\/\/www.facebook.com\/teiaeducation\/","https:\/\/x.com\/EducationTeia","https:\/\/www.instagram.com\/teia.education\/","https:\/\/www.linkedin.com\/company\/35501660","https:\/\/www.pinterest.ch\/TeiaEducation\/"]}]}},"_links":{"self":[{"href":"https:\/\/teiaeducation.ch\/de\/wp-json\/wp\/v2\/product\/54517","targetHints":{"allow":["GET"]}}],"collection":[{"href":"https:\/\/teiaeducation.ch\/de\/wp-json\/wp\/v2\/product"}],"about":[{"href":"https:\/\/teiaeducation.ch\/de\/wp-json\/wp\/v2\/types\/product"}],"replies":[{"embeddable":true,"href":"https:\/\/teiaeducation.ch\/de\/wp-json\/wp\/v2\/comments?post=54517"}],"wp:featuredmedia":[{"embeddable":true,"href":"https:\/\/teiaeducation.ch\/de\/wp-json\/wp\/v2\/media\/49969"}],"wp:attachment":[{"href":"https:\/\/teiaeducation.ch\/de\/wp-json\/wp\/v2\/media?parent=54517"}],"wp:term":[{"taxonomy":"product_brand","embeddable":true,"href":"https:\/\/teiaeducation.ch\/de\/wp-json\/wp\/v2\/product_brand?post=54517"},{"taxonomy":"product_cat","embeddable":true,"href":"https:\/\/teiaeducation.ch\/de\/wp-json\/wp\/v2\/product_cat?post=54517"},{"taxonomy":"product_tag","embeddable":true,"href":"https:\/\/teiaeducation.ch\/de\/wp-json\/wp\/v2\/product_tag?post=54517"}],"curies":[{"name":"wp","href":"https:\/\/api.w.org\/{rel}","templated":true}]}}