{"id":54518,"date":"2022-09-23T11:41:25","date_gmt":"2022-09-23T09:41:25","guid":{"rendered":"https:\/\/teiaeducation.ch\/product\/sortier-brettchen-regenbogen-grimms\/"},"modified":"2026-01-12T21:06:19","modified_gmt":"2026-01-12T20:06:19","slug":"sortier-brettchen-regenbogen-grimms","status":"publish","type":"product","link":"https:\/\/teiaeducation.ch\/de\/produkt\/sortier-brettchen-regenbogen-grimms\/","title":{"rendered":"Sortier-Brettchen regenbogen &#8211; Grimm&#8217;s"},"content":{"rendered":"<p>Viel Spa\u00df beim Lernen des Sortierens von Gegenst\u00e4nden nach <a href=\"https:\/\/teiaeducation.ch\/product-category\/curriculum-areas\/sensory-motor-skills\/learning-about-colour\/\">Farben<\/a> mit diesem sch\u00f6nen handgefertigten, nachhaltigen Sortier-Brettchen Regenbogen aus Holz und cleverem Lernspielzeug in Regenbogenfarben von Grimm&#8217;s!<\/p>\n<p>Die perfekte Erg\u00e4nzung f\u00fcr Grimm&#8217;s kleine Holzkugeln oder Grimm&#8217;s <a href=\"https:\/\/teiaeducation.ch\/product\/rainbow-friends-grimms\/\">Regenbogenfreunde<\/a>. Mit dem Spielbrett kannst du die passenden Farben finden und alle Objekte in die 12 kreisf\u00f6rmigen Felder einsortieren. Eine spielerische Aktivit\u00e4t, die das Verst\u00e4ndnis f\u00fcr Farben, das Zuordnen und <a href=\"https:\/\/teiaeducation.ch\/product-category\/play\/sorting\/\">Sortieren<\/a> sowie die Entwicklung der <a href=\"https:\/\/teiaeducation.ch\/product-category\/learning-themes\/sensory-motor-skills\/motor-skills\/\">motorischen F\u00e4higkeiten<\/a>, der Hand-Augen-Koordination und der Probleml\u00f6sungsf\u00e4higkeiten f\u00f6rdert. Die Kinder k\u00f6nnen auch ihre eigenen Sortier- oder \u00dcbersprungsspiele erfinden.<\/p>\n<p>Das aus Erlenholz gefertigte und in h\u00fcbschen Regenbogent\u00f6nen mit ungiftiger Beize auf Wasserbasis bemalte Grimm&#8217;s Regenbogen Sortier-Brettchen ist mit einem ungiftigen \u00d6l auf Pflanzenbasis behandelt und misst 18 x 14 cm.<\/p>\n<p>Das Grimm&#8217;s Regenbogensortierbrett ist f\u00fcr Kinder ab 1 Jahr geeignet.<\/p>\n<p>Inhalt:<\/p>\n<p>1 Sortier-Brettchen aus Holz in Regenbogenfarben<\/p>\n<h2>\u00dcber Grimm&#8217;s<\/h2>\n<p>Ideal zum Spielen zu Hause, im Kindergarten, in der <a href=\"https:\/\/teiaeducation.ch\/waldorf-steiner-schools-supplies\/\">Waldorf- oder Steiner-Schule<\/a>. Die sch\u00f6nen <a href=\"https:\/\/teiaeducation.ch\/product-category\/brands\/grimms\/\">Grimm&#8217;s Naturholzspielzeuge<\/a> werden nach der <a href=\"https:\/\/teiaeducation.ch\/product-category\/education-method\/waldorf-steiner-toys-craft-materials\/\">Waldorf-Philosophie<\/a> hergestellt, die daf\u00fcr bekannt ist, dass sie Kinder dazu ermutigt, das kreative Spiel selbstst\u00e4ndig, ohne Einschr\u00e4nkungen und in einem gem\u00fctlichen Tempo zu entdecken. Die Grimm&#8217;s Holzspielzeuge werden von Hand mit ungiftigen Farben auf Wasserbasis gef\u00e4rbt und nicht lackiert, damit die urspr\u00fcnglichen Eigenschaften des Holzes und die Maserung erhalten bleiben. Die Oberfl\u00e4che der FSC-zertifizierten europ\u00e4ischen Holz ist leicht rau, wodurch sie vollst\u00e4ndig stapelbar und weniger rutschig sind.<\/p>\n<p>Grimm&#8217;s <a href=\"https:\/\/teiaeducation.ch\/product-category\/hgh-quality-toys-play\/handmade-wooden-toys\/\">handgefertigtes Holzspielzeug<\/a> wird in den Grimm&#8217;s Werken in Deutschland sowie in mehreren Werkst\u00e4tten in ganz Europa aus verschiedenen Holzarten wie Erle, Linde, Buche und Ahorn hergestellt. Alle H\u00f6lzer, die f\u00fcr die Herstellung der Grimm&#8217;s-Spielzeuge verwendet werden, stammen aus nachhaltig bewirtschafteten europ\u00e4ischen W\u00e4ldern.<\/p>\n<p>Bitte beachten Sie, dass Grimm&#8217;s Spielzeuge immer Unikate sind, die einzigartige, von der Natur geschaffene Zeichen tragen. Die Maserung des Holzes weist wechselnde Strukturen und Farben auf, die von seiner nat\u00fcrlichen Herkunft zeugen. Die einzigartigen Variationen, Markierungen, \u00c4ste, Muster, schwarzen Streifen oder dunklen Flecken, die im Holz eines Grimm&#8217;s Spielzeugs sichtbar sein k\u00f6nnen, sind ein Beweis f\u00fcr Qualit\u00e4t, keine M\u00e4ngel.<\/p>\n","protected":false},"excerpt":{"rendered":"<p>Artikelnummer: <span data-sheets-value=\"{\" data-sheets-userformat=\"{\">gri10576<\/span><\/p>\n<p>Grimm&#8217;s Regenbogen Sortier-Brettchen ist handgefertigtes Lernspielzeug aus Holz, in das Regenbogenfreunde oder kleine Holzkugeln f\u00fcr Sortierspiele passen.<\/p>\n","protected":false},"featured_media":49959,"comment_status":"open","ping_status":"closed","template":"","meta":[],"product_brand":[],"product_cat":[21444,21445,21479,21558,21486,21484,21640,23075,21509,21559,21443,21563,21494,21557,21697,21678,21497,24866,21564,21483,22919],"product_tag":[25328,25275,25329,25326,25324,21720,25327,25325,25299,21719,21715,21721,25330,21712,25331,21713,25313,25333,25332,21714],"class_list":{"0":"post-54518","1":"product","2":"type-product","3":"status-publish","4":"has-post-thumbnail","6":"product_cat-1-3-jahre-kleinkind","7":"product_cat-3-6-jahre-vorschule","8":"product_cat-lernmaterialien-spielzeug-montessori-waldorf-steiner-froebel","9":"product_cat-farbe-lernen","10":"product_cat-geschenk-guide-1-3-jahre-kleinkind","11":"product_cat-geschenk-guides","12":"product_cat-grimms-holzspielzeug","13":"product_cat-handgefertigtes-holzspielzeug","14":"product_cat-lernthemen","15":"product_cat-motorische-fertigkeiten","16":"product_cat-nach-alter","17":"product_cat-neuheiten","18":"product_cat-schulbedarf-fuer-zuhause","19":"product_cat-sensorische-motorische-fertigkeiten","20":"product_cat-sortieren","21":"product_cat-kinder-spielzeug","22":"product_cat-spielen-und-lernen-fuer-babys-kleinkinder","23":"product_cat-stecken-sortieren","24":"product_cat-unsere-marken","25":"product_cat-waldorf-steiner-paedagogik","26":"product_cat-waldorfspielzeug","27":"product_tag-grimms-holzspielzeug-de","28":"product_tag-grimms-holzspielzeug","29":"product_tag-grimms-lernspielzeug-aus-holz","30":"product_tag-grimms-regenbogensortierung","31":"product_tag-grimms-regenbogenspielzeug-de","32":"product_tag-grimms-schweiz-de","33":"product_tag-grimms-sortierbrett","34":"product_tag-grimms-sortierspielzeug","35":"product_tag-grimms-spielzeuge","36":"product_tag-grimms-suisse-de","37":"product_tag-grimms-switzerland-de","38":"product_tag-grimms-holzspielzeugladen","39":"product_tag-handgefertigtes-holzspielzeug-in-regenbogenfarben","40":"product_tag-hergestellt-in-deutschland","41":"product_tag-holz-regenbogen-spielzeug","42":"product_tag-holzspielzeug-mit-offenem-ende","43":"product_tag-holzspielzeug-waldorf-regenbogen","44":"product_tag-lernspielzeug-aus-holz-grimms","45":"product_tag-sortieren-von-spielzeug-grimms","46":"product_tag-waldorfspielzeug-aus-holz","48":"first","49":"outofstock","50":"taxable","51":"shipping-taxable","52":"purchasable","53":"product-type-simple"},"yoast_head":"<!-- This site is optimized with the Yoast SEO plugin v27.1.1 - https:\/\/yoast.com\/product\/yoast-seo-wordpress\/ -->\n<title>Sortier-Brettchen regenbogen - Grimm&#039;s - Teia Education &amp; Play<\/title>\n<meta name=\"description\" content=\"Grimm&#039;s Regenbogen Sortier-Brettchen ist handgefertigtes Lernspielzeug aus Holz, in das Regenbogenfreunde oder kleine Holzkugeln f\u00fcr Sortierspiele passen.\" \/>\n<meta name=\"robots\" content=\"index, follow, max-snippet:-1, max-image-preview:large, max-video-preview:-1\" \/>\n<link rel=\"canonical\" href=\"https:\/\/teiaeducation.ch\/de\/produkt\/sortier-brettchen-regenbogen-grimms\/\" \/>\n<meta property=\"og:locale\" content=\"de_DE\" \/>\n<meta property=\"og:type\" content=\"article\" \/>\n<meta property=\"og:title\" content=\"Sortier-Brettchen regenbogen - Grimm&#039;s - Teia Education &amp; Play\" \/>\n<meta property=\"og:description\" content=\"Grimm&#039;s Regenbogen Sortier-Brettchen ist handgefertigtes Lernspielzeug aus Holz, in das Regenbogenfreunde oder kleine Holzkugeln f\u00fcr Sortierspiele passen.\" \/>\n<meta property=\"og:url\" content=\"https:\/\/teiaeducation.ch\/de\/produkt\/sortier-brettchen-regenbogen-grimms\/\" \/>\n<meta property=\"og:site_name\" content=\"Sustainable Educational Products &amp; Ecological Toys\u00a0\" \/>\n<meta property=\"article:publisher\" content=\"https:\/\/www.facebook.com\/teiaeducation\/\" \/>\n<meta property=\"article:modified_time\" content=\"2026-01-12T20:06:19+00:00\" \/>\n<meta property=\"og:image\" content=\"https:\/\/teiaeducation.ch\/wp-content\/uploads\/2022\/09\/Handmade-sustainable-wooden-toy-Rainbow-sorting-board-Grimms-1-e1663926060326.jpg\" \/>\n\t<meta property=\"og:image:width\" content=\"800\" \/>\n\t<meta property=\"og:image:height\" content=\"800\" \/>\n\t<meta property=\"og:image:type\" content=\"image\/jpeg\" \/>\n<script type=\"application\/ld+json\" class=\"yoast-schema-graph\">{\"@context\":\"https:\/\/schema.org\",\"@graph\":[{\"@type\":\"WebPage\",\"@id\":\"https:\/\/teiaeducation.ch\/de\/produkt\/sortier-brettchen-regenbogen-grimms\/\",\"url\":\"https:\/\/teiaeducation.ch\/de\/produkt\/sortier-brettchen-regenbogen-grimms\/\",\"name\":\"Sortier-Brettchen regenbogen - Grimm's - Teia Education & Play\",\"isPartOf\":{\"@id\":\"https:\/\/teiaeducation.ch\/de\/#website\"},\"primaryImageOfPage\":{\"@id\":\"https:\/\/teiaeducation.ch\/de\/produkt\/sortier-brettchen-regenbogen-grimms\/#primaryimage\"},\"image\":{\"@id\":\"https:\/\/teiaeducation.ch\/de\/produkt\/sortier-brettchen-regenbogen-grimms\/#primaryimage\"},\"thumbnailUrl\":\"https:\/\/teiaeducation.ch\/wp-content\/uploads\/2022\/09\/Handmade-sustainable-wooden-toy-Rainbow-sorting-board-Grimms-1-e1663926060326.jpg\",\"datePublished\":\"2022-09-23T09:41:25+00:00\",\"dateModified\":\"2026-01-12T20:06:19+00:00\",\"description\":\"Grimm's Regenbogen Sortier-Brettchen ist handgefertigtes Lernspielzeug aus Holz, in das Regenbogenfreunde oder kleine Holzkugeln f\u00fcr Sortierspiele passen.\",\"breadcrumb\":{\"@id\":\"https:\/\/teiaeducation.ch\/de\/produkt\/sortier-brettchen-regenbogen-grimms\/#breadcrumb\"},\"inLanguage\":\"de-CH\",\"potentialAction\":[{\"@type\":\"ReadAction\",\"target\":[\"https:\/\/teiaeducation.ch\/de\/produkt\/sortier-brettchen-regenbogen-grimms\/\"]}]},{\"@type\":\"ImageObject\",\"inLanguage\":\"de-CH\",\"@id\":\"https:\/\/teiaeducation.ch\/de\/produkt\/sortier-brettchen-regenbogen-grimms\/#primaryimage\",\"url\":\"https:\/\/teiaeducation.ch\/wp-content\/uploads\/2022\/09\/Handmade-sustainable-wooden-toy-Rainbow-sorting-board-Grimms-1-e1663926060326.jpg\",\"contentUrl\":\"https:\/\/teiaeducation.ch\/wp-content\/uploads\/2022\/09\/Handmade-sustainable-wooden-toy-Rainbow-sorting-board-Grimms-1-e1663926060326.jpg\",\"width\":800,\"height\":800,\"caption\":\"Grimm's Regenbogen Sortier-Brettchen handgefertigtes Holzspielzeug\"},{\"@type\":\"BreadcrumbList\",\"@id\":\"https:\/\/teiaeducation.ch\/de\/produkt\/sortier-brettchen-regenbogen-grimms\/#breadcrumb\",\"itemListElement\":[{\"@type\":\"ListItem\",\"position\":1,\"name\":\"Home\",\"item\":\"https:\/\/teiaeducation.ch\/de\/\"},{\"@type\":\"ListItem\",\"position\":2,\"name\":\"Laden\",\"item\":\"https:\/\/teiaeducation.ch\/de\/shop\/\"},{\"@type\":\"ListItem\",\"position\":3,\"name\":\"Lernthemen\",\"item\":\"https:\/\/teiaeducation.ch\/de\/produkt-kategorie\/lernthemen\/\"},{\"@type\":\"ListItem\",\"position\":4,\"name\":\"Sensorische &amp; Motorische Fertigkeiten\",\"item\":\"https:\/\/teiaeducation.ch\/de\/produkt-kategorie\/lernthemen\/sensorische-motorische-fertigkeiten\/\"},{\"@type\":\"ListItem\",\"position\":5,\"name\":\"Farbe lernen\",\"item\":\"https:\/\/teiaeducation.ch\/de\/produkt-kategorie\/lernthemen\/sensorische-motorische-fertigkeiten\/farbe-lernen\/\"},{\"@type\":\"ListItem\",\"position\":6,\"name\":\"Sortier-Brettchen regenbogen &#8211; Grimm&#8217;s\"}]},{\"@type\":\"WebSite\",\"@id\":\"https:\/\/teiaeducation.ch\/de\/#website\",\"url\":\"https:\/\/teiaeducation.ch\/de\/\",\"name\":\"Sustainable Educational Products &amp; Ecological Toys\u00a0\",\"description\":\"Specialised Swiss shop selling sustainable educational toys and games, AMI certified Montessori materials, handmade ecological wooden Waldorf toys and arts &amp; crafts supplies, school supplies, children&#039;s furniture and Montessori reference and parenting books.\",\"publisher\":{\"@id\":\"https:\/\/teiaeducation.ch\/de\/#organization\"},\"alternateName\":\"Teia Education & Play\",\"potentialAction\":[{\"@type\":\"SearchAction\",\"target\":{\"@type\":\"EntryPoint\",\"urlTemplate\":\"https:\/\/teiaeducation.ch\/de\/?s={search_term_string}\"},\"query-input\":{\"@type\":\"PropertyValueSpecification\",\"valueRequired\":true,\"valueName\":\"search_term_string\"}}],\"inLanguage\":\"de-CH\"},{\"@type\":\"Organization\",\"@id\":\"https:\/\/teiaeducation.ch\/de\/#organization\",\"name\":\"Teia Education & Play\",\"url\":\"https:\/\/teiaeducation.ch\/de\/\",\"logo\":{\"@type\":\"ImageObject\",\"inLanguage\":\"de-CH\",\"@id\":\"https:\/\/teiaeducation.ch\/de\/#\/schema\/logo\/image\/\",\"url\":\"https:\/\/teiaeducation.ch\/wp-content\/uploads\/2020\/11\/Teia-Education-Switzerland-e1620156442216.jpg\",\"contentUrl\":\"https:\/\/teiaeducation.ch\/wp-content\/uploads\/2020\/11\/Teia-Education-Switzerland-e1620156442216.jpg\",\"width\":166,\"height\":145,\"caption\":\"Teia Education & Play\"},\"image\":{\"@id\":\"https:\/\/teiaeducation.ch\/de\/#\/schema\/logo\/image\/\"},\"sameAs\":[\"https:\/\/www.facebook.com\/teiaeducation\/\",\"https:\/\/x.com\/EducationTeia\",\"https:\/\/www.instagram.com\/teia.education\/\",\"https:\/\/www.linkedin.com\/company\/35501660\",\"https:\/\/www.pinterest.ch\/TeiaEducation\/\"]}]}<\/script>\n<!-- \/ Yoast SEO plugin. -->","yoast_head_json":{"title":"Sortier-Brettchen regenbogen - Grimm's - Teia Education & Play","description":"Grimm's Regenbogen Sortier-Brettchen ist handgefertigtes Lernspielzeug aus Holz, in das Regenbogenfreunde oder kleine Holzkugeln f\u00fcr Sortierspiele passen.","robots":{"index":"index","follow":"follow","max-snippet":"max-snippet:-1","max-image-preview":"max-image-preview:large","max-video-preview":"max-video-preview:-1"},"canonical":"https:\/\/teiaeducation.ch\/de\/produkt\/sortier-brettchen-regenbogen-grimms\/","og_locale":"de_DE","og_type":"article","og_title":"Sortier-Brettchen regenbogen - Grimm's - Teia Education & Play","og_description":"Grimm's Regenbogen Sortier-Brettchen ist handgefertigtes Lernspielzeug aus Holz, in das Regenbogenfreunde oder kleine Holzkugeln f\u00fcr Sortierspiele passen.","og_url":"https:\/\/teiaeducation.ch\/de\/produkt\/sortier-brettchen-regenbogen-grimms\/","og_site_name":"Sustainable Educational Products &amp; Ecological Toys\u00a0","article_publisher":"https:\/\/www.facebook.com\/teiaeducation\/","article_modified_time":"2026-01-12T20:06:19+00:00","og_image":[{"width":800,"height":800,"url":"https:\/\/teiaeducation.ch\/wp-content\/uploads\/2022\/09\/Handmade-sustainable-wooden-toy-Rainbow-sorting-board-Grimms-1-e1663926060326.jpg","type":"image\/jpeg"}],"schema":{"@context":"https:\/\/schema.org","@graph":[{"@type":"WebPage","@id":"https:\/\/teiaeducation.ch\/de\/produkt\/sortier-brettchen-regenbogen-grimms\/","url":"https:\/\/teiaeducation.ch\/de\/produkt\/sortier-brettchen-regenbogen-grimms\/","name":"Sortier-Brettchen regenbogen - Grimm's - Teia Education & Play","isPartOf":{"@id":"https:\/\/teiaeducation.ch\/de\/#website"},"primaryImageOfPage":{"@id":"https:\/\/teiaeducation.ch\/de\/produkt\/sortier-brettchen-regenbogen-grimms\/#primaryimage"},"image":{"@id":"https:\/\/teiaeducation.ch\/de\/produkt\/sortier-brettchen-regenbogen-grimms\/#primaryimage"},"thumbnailUrl":"https:\/\/teiaeducation.ch\/wp-content\/uploads\/2022\/09\/Handmade-sustainable-wooden-toy-Rainbow-sorting-board-Grimms-1-e1663926060326.jpg","datePublished":"2022-09-23T09:41:25+00:00","dateModified":"2026-01-12T20:06:19+00:00","description":"Grimm's Regenbogen Sortier-Brettchen ist handgefertigtes Lernspielzeug aus Holz, in das Regenbogenfreunde oder kleine Holzkugeln f\u00fcr Sortierspiele passen.","breadcrumb":{"@id":"https:\/\/teiaeducation.ch\/de\/produkt\/sortier-brettchen-regenbogen-grimms\/#breadcrumb"},"inLanguage":"de-CH","potentialAction":[{"@type":"ReadAction","target":["https:\/\/teiaeducation.ch\/de\/produkt\/sortier-brettchen-regenbogen-grimms\/"]}]},{"@type":"ImageObject","inLanguage":"de-CH","@id":"https:\/\/teiaeducation.ch\/de\/produkt\/sortier-brettchen-regenbogen-grimms\/#primaryimage","url":"https:\/\/teiaeducation.ch\/wp-content\/uploads\/2022\/09\/Handmade-sustainable-wooden-toy-Rainbow-sorting-board-Grimms-1-e1663926060326.jpg","contentUrl":"https:\/\/teiaeducation.ch\/wp-content\/uploads\/2022\/09\/Handmade-sustainable-wooden-toy-Rainbow-sorting-board-Grimms-1-e1663926060326.jpg","width":800,"height":800,"caption":"Grimm's Regenbogen Sortier-Brettchen handgefertigtes Holzspielzeug"},{"@type":"BreadcrumbList","@id":"https:\/\/teiaeducation.ch\/de\/produkt\/sortier-brettchen-regenbogen-grimms\/#breadcrumb","itemListElement":[{"@type":"ListItem","position":1,"name":"Home","item":"https:\/\/teiaeducation.ch\/de\/"},{"@type":"ListItem","position":2,"name":"Laden","item":"https:\/\/teiaeducation.ch\/de\/shop\/"},{"@type":"ListItem","position":3,"name":"Lernthemen","item":"https:\/\/teiaeducation.ch\/de\/produkt-kategorie\/lernthemen\/"},{"@type":"ListItem","position":4,"name":"Sensorische &amp; Motorische Fertigkeiten","item":"https:\/\/teiaeducation.ch\/de\/produkt-kategorie\/lernthemen\/sensorische-motorische-fertigkeiten\/"},{"@type":"ListItem","position":5,"name":"Farbe lernen","item":"https:\/\/teiaeducation.ch\/de\/produkt-kategorie\/lernthemen\/sensorische-motorische-fertigkeiten\/farbe-lernen\/"},{"@type":"ListItem","position":6,"name":"Sortier-Brettchen regenbogen &#8211; Grimm&#8217;s"}]},{"@type":"WebSite","@id":"https:\/\/teiaeducation.ch\/de\/#website","url":"https:\/\/teiaeducation.ch\/de\/","name":"Sustainable Educational Products &amp; Ecological Toys\u00a0","description":"Specialised Swiss shop selling sustainable educational toys and games, AMI certified Montessori materials, handmade ecological wooden Waldorf toys and arts &amp; crafts supplies, school supplies, children&#039;s furniture and Montessori reference and parenting books.","publisher":{"@id":"https:\/\/teiaeducation.ch\/de\/#organization"},"alternateName":"Teia Education & Play","potentialAction":[{"@type":"SearchAction","target":{"@type":"EntryPoint","urlTemplate":"https:\/\/teiaeducation.ch\/de\/?s={search_term_string}"},"query-input":{"@type":"PropertyValueSpecification","valueRequired":true,"valueName":"search_term_string"}}],"inLanguage":"de-CH"},{"@type":"Organization","@id":"https:\/\/teiaeducation.ch\/de\/#organization","name":"Teia Education & Play","url":"https:\/\/teiaeducation.ch\/de\/","logo":{"@type":"ImageObject","inLanguage":"de-CH","@id":"https:\/\/teiaeducation.ch\/de\/#\/schema\/logo\/image\/","url":"https:\/\/teiaeducation.ch\/wp-content\/uploads\/2020\/11\/Teia-Education-Switzerland-e1620156442216.jpg","contentUrl":"https:\/\/teiaeducation.ch\/wp-content\/uploads\/2020\/11\/Teia-Education-Switzerland-e1620156442216.jpg","width":166,"height":145,"caption":"Teia Education & Play"},"image":{"@id":"https:\/\/teiaeducation.ch\/de\/#\/schema\/logo\/image\/"},"sameAs":["https:\/\/www.facebook.com\/teiaeducation\/","https:\/\/x.com\/EducationTeia","https:\/\/www.instagram.com\/teia.education\/","https:\/\/www.linkedin.com\/company\/35501660","https:\/\/www.pinterest.ch\/TeiaEducation\/"]}]}},"_links":{"self":[{"href":"https:\/\/teiaeducation.ch\/de\/wp-json\/wp\/v2\/product\/54518","targetHints":{"allow":["GET"]}}],"collection":[{"href":"https:\/\/teiaeducation.ch\/de\/wp-json\/wp\/v2\/product"}],"about":[{"href":"https:\/\/teiaeducation.ch\/de\/wp-json\/wp\/v2\/types\/product"}],"replies":[{"embeddable":true,"href":"https:\/\/teiaeducation.ch\/de\/wp-json\/wp\/v2\/comments?post=54518"}],"wp:featuredmedia":[{"embeddable":true,"href":"https:\/\/teiaeducation.ch\/de\/wp-json\/wp\/v2\/media\/49959"}],"wp:attachment":[{"href":"https:\/\/teiaeducation.ch\/de\/wp-json\/wp\/v2\/media?parent=54518"}],"wp:term":[{"taxonomy":"product_brand","embeddable":true,"href":"https:\/\/teiaeducation.ch\/de\/wp-json\/wp\/v2\/product_brand?post=54518"},{"taxonomy":"product_cat","embeddable":true,"href":"https:\/\/teiaeducation.ch\/de\/wp-json\/wp\/v2\/product_cat?post=54518"},{"taxonomy":"product_tag","embeddable":true,"href":"https:\/\/teiaeducation.ch\/de\/wp-json\/wp\/v2\/product_tag?post=54518"}],"curies":[{"name":"wp","href":"https:\/\/api.w.org\/{rel}","templated":true}]}}