{"id":54525,"date":"2021-12-09T14:44:32","date_gmt":"2021-12-09T13:44:32","guid":{"rendered":"https:\/\/teiaeducation.ch\/product\/haus-natur-grimms\/"},"modified":"2025-12-11T17:00:54","modified_gmt":"2025-12-11T16:00:54","slug":"haus-natur-grimms","status":"publish","type":"product","link":"https:\/\/teiaeducation.ch\/de\/produkt\/haus-natur-grimms\/","title":{"rendered":"Haus aus Naturholz &#8211; Grimm&#8217;s"},"content":{"rendered":"<p>Dieses h\u00fcbsche, <a href=\"https:\/\/teiaeducation.ch\/de\/produkt-kategorie\/kinder-spielzeug\/waldorfspielzeug\/\">von Waldorf inspirierte<\/a>, handgefertigte 5-teilige Haus aus Naturholz der deutschen Marke Grimm&#8217;s ist ein vielseitiges <a href=\"https:\/\/teiaeducation.ch\/de\/produkt-kategorie\/kinder-spielzeug\/stapelspielzeug\/\">Stapelspielzeug<\/a>, das mit Ihrem Kind mitw\u00e4chst! Ab dem 1. Lebensjahr l\u00e4dt das Haus Kleinkinder zum Stapeln, Sortieren und Bauen ein, und wenn das Kind \u00e4lter wird, wird es das Haus zum Spielen in der kleinen Welt verwenden.<\/p>\n<p>Das sanft gerundete Haus ist 13 cm gro\u00df und bietet eine unendliche Vielfalt an <a href=\"https:\/\/teiaeducation.ch\/de\/produkt-kategorie\/kinder-spielzeug\/spiele-mit-offenem-ende\/\">offenen Spielm\u00f6glichkeiten<\/a> und eine <a href=\"https:\/\/teiaeducation.ch\/de\/produkt-kategorie\/kinder-spielzeug\/sinnliches-spiel\/\">sinnliche<\/a> Erfahrung f\u00fcr das Kind. Die Teile k\u00f6nnen gestapelt oder ineinander geschachtelt werden, die einzelnen Teile k\u00f6nnen als Tunnel f\u00fcr Zuggarnituren oder <a href=\"https:\/\/teiaeducation.ch\/product\/ringroad-waytoplay\/\">Stra\u00dfenteile<\/a> verwendet werden, es k\u00f6nnen H\u00e4user f\u00fcr Figuren, kleine Puppen, Elfen, Feen, Zwerge, Kobolde oder andere Fabelwesen entstehen.<\/p>\n<p>Die Hausformen k\u00f6nnen auch als H\u00fchnerst\u00e4lle oder St\u00e4lle f\u00fcr Spielzeugbauernh\u00f6fe dienen und eignen sich f\u00fcr einen Waldorf-Natur- oder <a href=\"https:\/\/teiaeducation.ch\/de\/produkt-kategorie\/feier-festlichkeiten\/natur-saisonale-tische-de\/\">Jahreszeitentisch<\/a> oder als Erg\u00e4nzung zu Krippenfiguren f\u00fcr eine Weihnachtsszene.<\/p>\n<p>Das Grimm&#8217;s Haus aus Naturholz wird aus Erlenholz handgefertigt und von Hand mit ungiftigem Pflanzen\u00f6l behandelt.<\/p>\n<p>Inhalt:<\/p>\n<p>5 Holzteile<\/p>\n<h2>\u00dcber Grimm&#8217;s<\/h2>\n<p>Ideal zum Spielen zu Hause, im Kindergarten, in der <a href=\"https:\/\/teiaeducation.ch\/de\/spielzeug-und-natuerlichen-kreatives-materialien-fuer-waldorf-steiner-schulen\/\">Waldorf- oder Steiner-Schule<\/a>. Die sch\u00f6nen <a href=\"https:\/\/teiaeducation.ch\/de\/produkt-kategorie\/unsere-marken\/grimms-holzspielzeug\/\">Grimm&#8217;s Naturholzspielzeuge<\/a> werden nach der <a href=\"https:\/\/teiaeducation.ch\/de\/produkt-kategorie\/lernmaterialien-spielzeug-montessori-waldorf-steiner-froebel\/waldorf-steiner-paedagogik\/\">Waldorf-Philosophie<\/a> hergestellt, die daf\u00fcr bekannt ist, dass sie Kinder dazu ermutigt, das kreative Spiel selbstst\u00e4ndig, ohne Einschr\u00e4nkungen und in einem gem\u00fctlichen Tempo zu entdecken. Die Grimm&#8217;s Holzspielzeuge werden von Hand mit ungiftigen Farben auf Wasserbasis gef\u00e4rbt und nicht lackiert, damit die urspr\u00fcnglichen Eigenschaften des Holzes und die Maserung erhalten bleiben. Die Oberfl\u00e4che der FSC-zertifizierten europ\u00e4ischen Holz ist leicht rau, wodurch sie vollst\u00e4ndig stapelbar und weniger rutschig sind.<\/p>\n<p>Grimm&#8217;s <a href=\"https:\/\/teiaeducation.ch\/de\/produkt-kategorie\/kinder-spielzeug\/handgefertigtes-holzspielzeug\/\">handgefertigtes Holzspielzeug<\/a> wird in den Grimm&#8217;s Werken in Deutschland sowie in mehreren Werkst\u00e4tten in ganz Europa aus verschiedenen Holzarten wie Erle, Linde, Buche und Ahorn hergestellt. Alle H\u00f6lzer, die f\u00fcr die Herstellung der Grimm&#8217;s-Spielzeuge verwendet werden, stammen aus nachhaltig bewirtschafteten europ\u00e4ischen W\u00e4ldern.<\/p>\n<p>Bitte beachten Sie, dass Grimm&#8217;s Spielzeuge immer Unikate sind, die einzigartige, von der Natur geschaffene Zeichen tragen. Die Maserung des Holzes weist wechselnde Strukturen und Farben auf, die von seiner nat\u00fcrlichen Herkunft zeugen. Die einzigartigen Variationen, Markierungen, \u00c4ste, Muster, schwarzen Streifen oder dunklen Flecken, die im Holz eines Grimm&#8217;s Spielzeugs sichtbar sein k\u00f6nnen, sind ein Beweis f\u00fcr Qualit\u00e4t, keine M\u00e4ngel.<\/p>\n","protected":false},"excerpt":{"rendered":"<p>Artikelnummer: gri10850<\/p>\n<p>Das 5-teilige Grimm&#8217;s Haus aus Naturholz ist ein vielseitiges Stapelspielzeug und bietet eine unendliche Vielfalt an offenen Spielm\u00f6glichkeiten!<\/p>\n","protected":false},"featured_media":42796,"comment_status":"open","ping_status":"closed","template":"","meta":[],"product_brand":[],"product_cat":[21444,21445,24871,21479,21465,21690,21670,21486,21487,21488,21484,22422,21640,23075,21464,21443,22349,21563,21684,22362,21678,21699,21564,21483,22919,22363],"product_tag":[25346,25356,25344,25352,25350,25347,25349,25345,25348,21720,21719,21715,21721,25355,21712,25351,25354,25353],"class_list":{"0":"post-54525","1":"product","2":"type-product","3":"status-publish","4":"has-post-thumbnail","6":"product_cat-1-3-jahre-kleinkind","7":"product_cat-3-6-jahre-vorschule","8":"product_cat-bau-regenbogenwelten","9":"product_cat-lernmaterialien-spielzeug-montessori-waldorf-steiner-froebel","10":"product_cat-feier-festlichkeiten","11":"product_cat-spiele-mit-offenem-ende","12":"product_cat-fruehjahrskollektion","13":"product_cat-geschenk-guide-1-3-jahre-kleinkind","14":"product_cat-geschenk-guide-3-6-jahre-vorschule","15":"product_cat-geschenk-guide-6-12-jahre-grundschule","16":"product_cat-geschenk-guides","17":"product_cat-geschenke-fuer-das-osterkoerbchen","18":"product_cat-grimms-holzspielzeug","19":"product_cat-handgefertigtes-holzspielzeug","20":"product_cat-herbstkollektion","21":"product_cat-nach-alter","22":"product_cat-natur-saisonale-tische-de","23":"product_cat-neuheiten","24":"product_cat-puppenhaeuser-gebaeude","25":"product_cat-saisonale-kollektionen","26":"product_cat-kinder-spielzeug","27":"product_cat-stapelspielzeug","28":"product_cat-unsere-marken","29":"product_cat-waldorf-steiner-paedagogik","30":"product_cat-waldorfspielzeug","31":"product_cat-winter-kollektion","32":"product_tag-festringe","33":"product_tag-geburtstags-und-adventsspirale-aus-naturholz-grimms","34":"product_tag-geburtstagsdekorationen-aus-holz","35":"product_tag-geburtstagskerzenhalter-aus-holz","36":"product_tag-geburtstagsring","37":"product_tag-grimms-dekorative-figuren","38":"product_tag-grimms-geburtstagsring","39":"product_tag-grimms-geburtstagsringe","40":"product_tag-grimms-holzerne-geburtstagsdekorationen","41":"product_tag-grimms-schweiz-de","42":"product_tag-grimms-suisse-de","43":"product_tag-grimms-switzerland-de","44":"product_tag-grimms-holzspielzeugladen","45":"product_tag-groser-geburtstagsring-aus-naturholz-grimms","46":"product_tag-hergestellt-in-deutschland","47":"product_tag-kerzenhalter-dekorationen","48":"product_tag-waldorf-feier-ring","49":"product_tag-waldorf-geburtstagsring","51":"first","52":"outofstock","53":"taxable","54":"shipping-taxable","55":"purchasable","56":"product-type-simple"},"yoast_head":"<!-- This site is optimized with the Yoast SEO plugin v27.1.1 - https:\/\/yoast.com\/product\/yoast-seo-wordpress\/ -->\n<title>Haus aus Naturholz - Grimm&#039;s - Teia Education &amp; Play<\/title>\n<meta name=\"description\" content=\"Das 5-teilige Grimm&#039;s Haus aus Naturholz ist ein vielseitiges Stapelspielzeug und bietet eine unendliche Vielfalt an offenen Spielm\u00f6glichkeiten.\" \/>\n<meta name=\"robots\" content=\"index, follow, max-snippet:-1, max-image-preview:large, max-video-preview:-1\" \/>\n<link rel=\"canonical\" href=\"https:\/\/teiaeducation.ch\/de\/produkt\/haus-natur-grimms\/\" \/>\n<meta property=\"og:locale\" content=\"de_DE\" \/>\n<meta property=\"og:type\" content=\"article\" \/>\n<meta property=\"og:title\" content=\"Haus aus Naturholz - Grimm&#039;s - Teia Education &amp; Play\" \/>\n<meta property=\"og:description\" content=\"Das 5-teilige Grimm&#039;s Haus aus Naturholz ist ein vielseitiges Stapelspielzeug und bietet eine unendliche Vielfalt an offenen Spielm\u00f6glichkeiten.\" \/>\n<meta property=\"og:url\" content=\"https:\/\/teiaeducation.ch\/de\/produkt\/haus-natur-grimms\/\" \/>\n<meta property=\"og:site_name\" content=\"Sustainable Educational Products &amp; Ecological Toys\u00a0\" \/>\n<meta property=\"article:publisher\" content=\"https:\/\/www.facebook.com\/teiaeducation\/\" \/>\n<meta property=\"article:modified_time\" content=\"2025-12-11T16:00:54+00:00\" \/>\n<meta property=\"og:image\" content=\"https:\/\/teiaeducation.ch\/wp-content\/uploads\/2021\/12\/Natural-wood-stacking-toy-house-Grimms.jpg\" \/>\n\t<meta property=\"og:image:width\" content=\"900\" \/>\n\t<meta property=\"og:image:height\" content=\"900\" \/>\n\t<meta property=\"og:image:type\" content=\"image\/jpeg\" \/>\n<script type=\"application\/ld+json\" class=\"yoast-schema-graph\">{\"@context\":\"https:\/\/schema.org\",\"@graph\":[{\"@type\":\"WebPage\",\"@id\":\"https:\/\/teiaeducation.ch\/de\/produkt\/haus-natur-grimms\/\",\"url\":\"https:\/\/teiaeducation.ch\/de\/produkt\/haus-natur-grimms\/\",\"name\":\"Haus aus Naturholz - Grimm's - Teia Education & Play\",\"isPartOf\":{\"@id\":\"https:\/\/teiaeducation.ch\/de\/#website\"},\"primaryImageOfPage\":{\"@id\":\"https:\/\/teiaeducation.ch\/de\/produkt\/haus-natur-grimms\/#primaryimage\"},\"image\":{\"@id\":\"https:\/\/teiaeducation.ch\/de\/produkt\/haus-natur-grimms\/#primaryimage\"},\"thumbnailUrl\":\"https:\/\/teiaeducation.ch\/wp-content\/uploads\/2021\/12\/Natural-wood-stacking-toy-house-Grimms.jpg\",\"datePublished\":\"2021-12-09T13:44:32+00:00\",\"dateModified\":\"2025-12-11T16:00:54+00:00\",\"description\":\"Das 5-teilige Grimm's Haus aus Naturholz ist ein vielseitiges Stapelspielzeug und bietet eine unendliche Vielfalt an offenen Spielm\u00f6glichkeiten.\",\"breadcrumb\":{\"@id\":\"https:\/\/teiaeducation.ch\/de\/produkt\/haus-natur-grimms\/#breadcrumb\"},\"inLanguage\":\"de-CH\",\"potentialAction\":[{\"@type\":\"ReadAction\",\"target\":[\"https:\/\/teiaeducation.ch\/de\/produkt\/haus-natur-grimms\/\"]}]},{\"@type\":\"ImageObject\",\"inLanguage\":\"de-CH\",\"@id\":\"https:\/\/teiaeducation.ch\/de\/produkt\/haus-natur-grimms\/#primaryimage\",\"url\":\"https:\/\/teiaeducation.ch\/wp-content\/uploads\/2021\/12\/Natural-wood-stacking-toy-house-Grimms.jpg\",\"contentUrl\":\"https:\/\/teiaeducation.ch\/wp-content\/uploads\/2021\/12\/Natural-wood-stacking-toy-house-Grimms.jpg\",\"width\":900,\"height\":900,\"caption\":\"Stapelspielzeughaus aus Naturholz - Grimm's\"},{\"@type\":\"BreadcrumbList\",\"@id\":\"https:\/\/teiaeducation.ch\/de\/produkt\/haus-natur-grimms\/#breadcrumb\",\"itemListElement\":[{\"@type\":\"ListItem\",\"position\":1,\"name\":\"Home\",\"item\":\"https:\/\/teiaeducation.ch\/de\/\"},{\"@type\":\"ListItem\",\"position\":2,\"name\":\"Laden\",\"item\":\"https:\/\/teiaeducation.ch\/de\/shop\/\"},{\"@type\":\"ListItem\",\"position\":3,\"name\":\"Unsere Marken\",\"item\":\"https:\/\/teiaeducation.ch\/de\/produkt-kategorie\/unsere-marken\/\"},{\"@type\":\"ListItem\",\"position\":4,\"name\":\"Grimm's\",\"item\":\"https:\/\/teiaeducation.ch\/de\/produkt-kategorie\/unsere-marken\/grimms-holzspielzeug\/\"},{\"@type\":\"ListItem\",\"position\":5,\"name\":\"Haus aus Naturholz &#8211; Grimm&#8217;s\"}]},{\"@type\":\"WebSite\",\"@id\":\"https:\/\/teiaeducation.ch\/de\/#website\",\"url\":\"https:\/\/teiaeducation.ch\/de\/\",\"name\":\"Sustainable Educational Products &amp; Ecological Toys\u00a0\",\"description\":\"Specialised Swiss shop selling sustainable educational toys and games, AMI certified Montessori materials, handmade ecological wooden Waldorf toys and arts &amp; crafts supplies, school supplies, children&#039;s furniture and Montessori reference and parenting books.\",\"publisher\":{\"@id\":\"https:\/\/teiaeducation.ch\/de\/#organization\"},\"alternateName\":\"Teia Education & Play\",\"potentialAction\":[{\"@type\":\"SearchAction\",\"target\":{\"@type\":\"EntryPoint\",\"urlTemplate\":\"https:\/\/teiaeducation.ch\/de\/?s={search_term_string}\"},\"query-input\":{\"@type\":\"PropertyValueSpecification\",\"valueRequired\":true,\"valueName\":\"search_term_string\"}}],\"inLanguage\":\"de-CH\"},{\"@type\":\"Organization\",\"@id\":\"https:\/\/teiaeducation.ch\/de\/#organization\",\"name\":\"Teia Education & Play\",\"url\":\"https:\/\/teiaeducation.ch\/de\/\",\"logo\":{\"@type\":\"ImageObject\",\"inLanguage\":\"de-CH\",\"@id\":\"https:\/\/teiaeducation.ch\/de\/#\/schema\/logo\/image\/\",\"url\":\"https:\/\/teiaeducation.ch\/wp-content\/uploads\/2020\/11\/Teia-Education-Switzerland-e1620156442216.jpg\",\"contentUrl\":\"https:\/\/teiaeducation.ch\/wp-content\/uploads\/2020\/11\/Teia-Education-Switzerland-e1620156442216.jpg\",\"width\":166,\"height\":145,\"caption\":\"Teia Education & Play\"},\"image\":{\"@id\":\"https:\/\/teiaeducation.ch\/de\/#\/schema\/logo\/image\/\"},\"sameAs\":[\"https:\/\/www.facebook.com\/teiaeducation\/\",\"https:\/\/x.com\/EducationTeia\",\"https:\/\/www.instagram.com\/teia.education\/\",\"https:\/\/www.linkedin.com\/company\/35501660\",\"https:\/\/www.pinterest.ch\/TeiaEducation\/\"]}]}<\/script>\n<!-- \/ Yoast SEO plugin. -->","yoast_head_json":{"title":"Haus aus Naturholz - Grimm's - Teia Education & Play","description":"Das 5-teilige Grimm's Haus aus Naturholz ist ein vielseitiges Stapelspielzeug und bietet eine unendliche Vielfalt an offenen Spielm\u00f6glichkeiten.","robots":{"index":"index","follow":"follow","max-snippet":"max-snippet:-1","max-image-preview":"max-image-preview:large","max-video-preview":"max-video-preview:-1"},"canonical":"https:\/\/teiaeducation.ch\/de\/produkt\/haus-natur-grimms\/","og_locale":"de_DE","og_type":"article","og_title":"Haus aus Naturholz - Grimm's - Teia Education & Play","og_description":"Das 5-teilige Grimm's Haus aus Naturholz ist ein vielseitiges Stapelspielzeug und bietet eine unendliche Vielfalt an offenen Spielm\u00f6glichkeiten.","og_url":"https:\/\/teiaeducation.ch\/de\/produkt\/haus-natur-grimms\/","og_site_name":"Sustainable Educational Products &amp; Ecological Toys\u00a0","article_publisher":"https:\/\/www.facebook.com\/teiaeducation\/","article_modified_time":"2025-12-11T16:00:54+00:00","og_image":[{"width":900,"height":900,"url":"https:\/\/teiaeducation.ch\/wp-content\/uploads\/2021\/12\/Natural-wood-stacking-toy-house-Grimms.jpg","type":"image\/jpeg"}],"schema":{"@context":"https:\/\/schema.org","@graph":[{"@type":"WebPage","@id":"https:\/\/teiaeducation.ch\/de\/produkt\/haus-natur-grimms\/","url":"https:\/\/teiaeducation.ch\/de\/produkt\/haus-natur-grimms\/","name":"Haus aus Naturholz - Grimm's - Teia Education & Play","isPartOf":{"@id":"https:\/\/teiaeducation.ch\/de\/#website"},"primaryImageOfPage":{"@id":"https:\/\/teiaeducation.ch\/de\/produkt\/haus-natur-grimms\/#primaryimage"},"image":{"@id":"https:\/\/teiaeducation.ch\/de\/produkt\/haus-natur-grimms\/#primaryimage"},"thumbnailUrl":"https:\/\/teiaeducation.ch\/wp-content\/uploads\/2021\/12\/Natural-wood-stacking-toy-house-Grimms.jpg","datePublished":"2021-12-09T13:44:32+00:00","dateModified":"2025-12-11T16:00:54+00:00","description":"Das 5-teilige Grimm's Haus aus Naturholz ist ein vielseitiges Stapelspielzeug und bietet eine unendliche Vielfalt an offenen Spielm\u00f6glichkeiten.","breadcrumb":{"@id":"https:\/\/teiaeducation.ch\/de\/produkt\/haus-natur-grimms\/#breadcrumb"},"inLanguage":"de-CH","potentialAction":[{"@type":"ReadAction","target":["https:\/\/teiaeducation.ch\/de\/produkt\/haus-natur-grimms\/"]}]},{"@type":"ImageObject","inLanguage":"de-CH","@id":"https:\/\/teiaeducation.ch\/de\/produkt\/haus-natur-grimms\/#primaryimage","url":"https:\/\/teiaeducation.ch\/wp-content\/uploads\/2021\/12\/Natural-wood-stacking-toy-house-Grimms.jpg","contentUrl":"https:\/\/teiaeducation.ch\/wp-content\/uploads\/2021\/12\/Natural-wood-stacking-toy-house-Grimms.jpg","width":900,"height":900,"caption":"Stapelspielzeughaus aus Naturholz - Grimm's"},{"@type":"BreadcrumbList","@id":"https:\/\/teiaeducation.ch\/de\/produkt\/haus-natur-grimms\/#breadcrumb","itemListElement":[{"@type":"ListItem","position":1,"name":"Home","item":"https:\/\/teiaeducation.ch\/de\/"},{"@type":"ListItem","position":2,"name":"Laden","item":"https:\/\/teiaeducation.ch\/de\/shop\/"},{"@type":"ListItem","position":3,"name":"Unsere Marken","item":"https:\/\/teiaeducation.ch\/de\/produkt-kategorie\/unsere-marken\/"},{"@type":"ListItem","position":4,"name":"Grimm's","item":"https:\/\/teiaeducation.ch\/de\/produkt-kategorie\/unsere-marken\/grimms-holzspielzeug\/"},{"@type":"ListItem","position":5,"name":"Haus aus Naturholz &#8211; Grimm&#8217;s"}]},{"@type":"WebSite","@id":"https:\/\/teiaeducation.ch\/de\/#website","url":"https:\/\/teiaeducation.ch\/de\/","name":"Sustainable Educational Products &amp; Ecological Toys\u00a0","description":"Specialised Swiss shop selling sustainable educational toys and games, AMI certified Montessori materials, handmade ecological wooden Waldorf toys and arts &amp; crafts supplies, school supplies, children&#039;s furniture and Montessori reference and parenting books.","publisher":{"@id":"https:\/\/teiaeducation.ch\/de\/#organization"},"alternateName":"Teia Education & Play","potentialAction":[{"@type":"SearchAction","target":{"@type":"EntryPoint","urlTemplate":"https:\/\/teiaeducation.ch\/de\/?s={search_term_string}"},"query-input":{"@type":"PropertyValueSpecification","valueRequired":true,"valueName":"search_term_string"}}],"inLanguage":"de-CH"},{"@type":"Organization","@id":"https:\/\/teiaeducation.ch\/de\/#organization","name":"Teia Education & Play","url":"https:\/\/teiaeducation.ch\/de\/","logo":{"@type":"ImageObject","inLanguage":"de-CH","@id":"https:\/\/teiaeducation.ch\/de\/#\/schema\/logo\/image\/","url":"https:\/\/teiaeducation.ch\/wp-content\/uploads\/2020\/11\/Teia-Education-Switzerland-e1620156442216.jpg","contentUrl":"https:\/\/teiaeducation.ch\/wp-content\/uploads\/2020\/11\/Teia-Education-Switzerland-e1620156442216.jpg","width":166,"height":145,"caption":"Teia Education & Play"},"image":{"@id":"https:\/\/teiaeducation.ch\/de\/#\/schema\/logo\/image\/"},"sameAs":["https:\/\/www.facebook.com\/teiaeducation\/","https:\/\/x.com\/EducationTeia","https:\/\/www.instagram.com\/teia.education\/","https:\/\/www.linkedin.com\/company\/35501660","https:\/\/www.pinterest.ch\/TeiaEducation\/"]}]}},"_links":{"self":[{"href":"https:\/\/teiaeducation.ch\/de\/wp-json\/wp\/v2\/product\/54525","targetHints":{"allow":["GET"]}}],"collection":[{"href":"https:\/\/teiaeducation.ch\/de\/wp-json\/wp\/v2\/product"}],"about":[{"href":"https:\/\/teiaeducation.ch\/de\/wp-json\/wp\/v2\/types\/product"}],"replies":[{"embeddable":true,"href":"https:\/\/teiaeducation.ch\/de\/wp-json\/wp\/v2\/comments?post=54525"}],"wp:featuredmedia":[{"embeddable":true,"href":"https:\/\/teiaeducation.ch\/de\/wp-json\/wp\/v2\/media\/42796"}],"wp:attachment":[{"href":"https:\/\/teiaeducation.ch\/de\/wp-json\/wp\/v2\/media?parent=54525"}],"wp:term":[{"taxonomy":"product_brand","embeddable":true,"href":"https:\/\/teiaeducation.ch\/de\/wp-json\/wp\/v2\/product_brand?post=54525"},{"taxonomy":"product_cat","embeddable":true,"href":"https:\/\/teiaeducation.ch\/de\/wp-json\/wp\/v2\/product_cat?post=54525"},{"taxonomy":"product_tag","embeddable":true,"href":"https:\/\/teiaeducation.ch\/de\/wp-json\/wp\/v2\/product_tag?post=54525"}],"curies":[{"name":"wp","href":"https:\/\/api.w.org\/{rel}","templated":true}]}}