{"id":54526,"date":"2021-12-09T14:32:41","date_gmt":"2021-12-09T13:32:41","guid":{"rendered":"https:\/\/teiaeducation.ch\/product\/grosser-farbkreis-goethe-grimms\/"},"modified":"2025-12-11T17:02:55","modified_gmt":"2025-12-11T16:02:55","slug":"groser-farbkreis-goethe-grimms","status":"publish","type":"product","link":"https:\/\/teiaeducation.ch\/de\/produkt\/groser-farbkreis-goethe-grimms\/","title":{"rendered":"Gro\u00dfe Farbkreis Goethe &#8211; Grimm&#8217;s"},"content":{"rendered":"<p>Der gro\u00dfe Farbkreis Goethe von Grimm&#8217;s, der auf dem Buch Farbenlehre von Johann Wolfgang von Goethe basiert, spiegelt die Ansicht des Dichters \u00fcber die Natur der <a href=\"https:\/\/teiaeducation.ch\/de\/produkt-kategorie\/lernthemen\/sensorische-motorische-fertigkeiten\/farbe-lernen\/\">Farben<\/a> und deren Wahrnehmung durch den Menschen wider. Als Tischspiel f\u00fcr \u00e4ltere Kinder und Erwachsene gedacht, beginnt der gro\u00dfe Goethe-Farbkreis mit Rot, Gelb und Blau als reine, also als Grundfarben. Nach dem aufmerksamen Betrachten einer dieser reinen Farben nimmt das Auge die Komplement\u00e4rfarben wahr, die den Prim\u00e4rfarben im Goetheschen Farbkreis gegen\u00fcberliegen.<\/p>\n<p>Aufgrund der acht Bruchteilelemente im Farbkreispuzzle sind zwei Rot- und zwei Gr\u00fcnt\u00f6ne zusammen zu sehen. Mit diesem kreativen <a href=\"https:\/\/teiaeducation.ch\/de\/produkt-kategorie\/kinder-spielzeug\/holzpuzzles\/\">Puzzle<\/a> kann das Kind die Beziehung zwischen Farben, sowohl Prim\u00e4r- als auch Sekund\u00e4rfarben, lernen. Die farbigen Teile k\u00f6nnen gemischt und dann in einer Reihe von Prim\u00e4r- und Komplement\u00e4rfarben gegen\u00fcberliegend in einem Kreis angeordnet werden.<\/p>\n<p>Dieses wunderbare Set besteht aus 24 Holzpuzzle-Bl\u00f6cken und einem Tablett zur Aufbewahrung. Es f\u00f6rdert das Gesp\u00fcr f\u00fcr Farben und Formen und regt gleichzeitig die r\u00e4umliche Wahrnehmung und das logische Denken an. Jeder Block hat eine ungef\u00e4hre Dicke von 2 cm und das Tablett hat einen Durchmesser von 28 cm. Die Grimm&#8217;s <a href=\"https:\/\/teiaeducation.ch\/de\/produkt-kategorie\/kinder-spielzeug\/baukloetze-aus-holz\/\">Farbkreis-Goethe-Bl\u00f6cke<\/a> sind aus Birkenholz gefertigt und mit ungiftiger, wasserbasierter Farbbeize in sch\u00f6nen hellen T\u00f6nen bemalt, so dass sie auch f\u00fcr (kleine) Kinder sicher sind.<\/p>\n<p>Der gro\u00dfe Grimm&#8217;s Farbkreis Goethe ist f\u00fcr Kinder ab 5 Jahren geeignet.<\/p>\n<p>Inhalt:<\/p>\n<p>1 Satz mit 24 Holzkl\u00f6tzen<br \/>\n1 Holztablett zur Aufbewahrung<\/p>\n<h2>\u00dcber Grimm&#8217;s<\/h2>\n<p>Ideal zum Spielen zu Hause, im Kindergarten, in der <a href=\"https:\/\/teiaeducation.ch\/de\/spielzeug-und-natuerlichen-kreatives-materialien-fuer-waldorf-steiner-schulen\/\">Waldorf- oder Steiner-Schule<\/a>. Die sch\u00f6nen <a href=\"https:\/\/teiaeducation.ch\/de\/produkt-kategorie\/unsere-marken\/grimms-holzspielzeug\/\">Grimm&#8217;s Naturholzspielzeuge<\/a> werden nach der <a href=\"https:\/\/teiaeducation.ch\/de\/produkt-kategorie\/lernmaterialien-spielzeug-montessori-waldorf-steiner-froebel\/waldorf-steiner-paedagogik\/\">Waldorf-Philosophie<\/a> hergestellt, die daf\u00fcr bekannt ist, dass sie Kinder dazu ermutigt, das kreative Spiel selbstst\u00e4ndig, ohne Einschr\u00e4nkungen und in einem gem\u00fctlichen Tempo zu entdecken. Die Grimm&#8217;s Holzspielzeuge werden von Hand mit ungiftigen Farben auf Wasserbasis gef\u00e4rbt und nicht lackiert, damit die urspr\u00fcnglichen Eigenschaften des Holzes und die Maserung erhalten bleiben. Die Oberfl\u00e4che der FSC-zertifizierten europ\u00e4ischen Holz ist leicht rau, wodurch sie vollst\u00e4ndig stapelbar und weniger rutschig sind.<\/p>\n<p>Grimm&#8217;s <a href=\"https:\/\/teiaeducation.ch\/de\/produkt-kategorie\/kinder-spielzeug\/handgefertigtes-holzspielzeug\/\">handgefertigtes Holzspielzeug<\/a> wird in den Grimm&#8217;s Werken in Deutschland sowie in mehreren Werkst\u00e4tten in ganz Europa aus verschiedenen Holzarten wie Erle, Linde, Buche und Ahorn hergestellt. Alle H\u00f6lzer, die f\u00fcr die Herstellung der Grimm&#8217;s-Spielzeuge verwendet werden, stammen aus nachhaltig bewirtschafteten europ\u00e4ischen W\u00e4ldern.<\/p>\n<p>Bitte beachten Sie, dass Grimm&#8217;s Spielzeuge immer Unikate sind, die einzigartige, von der Natur geschaffene Zeichen tragen. Die Maserung des Holzes weist wechselnde Strukturen und Farben auf, die von seiner nat\u00fcrlichen Herkunft zeugen. Die einzigartigen Variationen, Markierungen, \u00c4ste, Muster, schwarzen Streifen oder dunklen Flecken, die im Holz eines Grimm&#8217;s Spielzeugs sichtbar sein k\u00f6nnen, sind ein Beweis f\u00fcr Qualit\u00e4t, keine M\u00e4ngel.<\/p>\n","protected":false},"excerpt":{"rendered":"<p>Artikelnummer: gri43260<\/p>\n<p>Der gro\u00dfe Grimm&#8217;s Farbenkreis, der auf der Farbenlehre von Johann Wolfgang von Goethe basiert, spiegelt die Auffassung \u00fcber die Natur der Farben wider!<\/p>\n","protected":false},"featured_media":42776,"comment_status":"open","ping_status":"closed","template":"","meta":[],"product_brand":[],"product_cat":[21445,21446,23651,24871,21704,21479,21558,21690,21488,21484,21640,23075,21509,22182,21443,21563,22362,21557,21678,21564,21483,22919],"product_tag":[21715,21716,21751,25202,25359,25309,21712,21713,25358,21717,25357,21714],"class_list":{"0":"post-54526","1":"product","2":"type-product","3":"status-publish","4":"has-post-thumbnail","6":"product_cat-3-6-jahre-vorschule","7":"product_cat-6-12-jahre-grundschule","8":"product_cat-back-to-school-de","9":"product_cat-bau-regenbogenwelten","10":"product_cat-baukloetze-aus-holz","11":"product_cat-lernmaterialien-spielzeug-montessori-waldorf-steiner-froebel","12":"product_cat-farbe-lernen","13":"product_cat-spiele-mit-offenem-ende","14":"product_cat-geschenk-guide-6-12-jahre-grundschule","15":"product_cat-geschenk-guides","16":"product_cat-grimms-holzspielzeug","17":"product_cat-handgefertigtes-holzspielzeug","18":"product_cat-lernthemen","19":"product_cat-montessori-spielzeug","20":"product_cat-nach-alter","21":"product_cat-neuheiten","22":"product_cat-saisonale-kollektionen","23":"product_cat-sensorische-motorische-fertigkeiten","24":"product_cat-kinder-spielzeug","25":"product_cat-unsere-marken","26":"product_cat-waldorf-steiner-paedagogik","27":"product_cat-waldorfspielzeug","28":"product_tag-grimms-switzerland-de","29":"product_tag-grimms-holzbausteine-set","30":"product_tag-grimms-holzspielzeugladen-de","31":"product_tag-grimms-regenbogenfarbene-holzklotze","32":"product_tag-groser-farbkreis-goethe-grimms","33":"product_tag-handgemachtes-holzspielzeug-in-regenbogenfarben","34":"product_tag-hergestellt-in-deutschland","35":"product_tag-holzspielzeug-mit-offenem-ende","36":"product_tag-kleiner-farbkreis-goethe-grimms","37":"product_tag-waldorf-die-vier-elemente","38":"product_tag-waldorf-holzbausteine-set","39":"product_tag-waldorfspielzeug-aus-holz","41":"first","42":"outofstock","43":"taxable","44":"shipping-taxable","45":"purchasable","46":"product-type-simple"},"yoast_head":"<!-- This site is optimized with the Yoast SEO Premium plugin v25.8 (Yoast SEO v27.4) - https:\/\/yoast.com\/product\/yoast-seo-premium-wordpress\/ -->\n<title>Gro\u00dfe Farbkreis Goethe - Grimm&#039;s - Teia Education &amp; Play<\/title>\n<meta name=\"description\" content=\"Der gro\u00dfe Grimm&#039;s Farbenkreis, der auf der Farbenlehre von Johann Wolfgang von Goethe basiert, spiegelt die Auffassung \u00fcber die Natur der Farben wider.\" \/>\n<meta name=\"robots\" content=\"index, follow, max-snippet:-1, max-image-preview:large, max-video-preview:-1\" \/>\n<link rel=\"canonical\" href=\"https:\/\/teiaeducation.ch\/de\/produkt\/groser-farbkreis-goethe-grimms\/\" \/>\n<meta property=\"og:locale\" content=\"de_DE\" \/>\n<meta property=\"og:type\" content=\"article\" \/>\n<meta property=\"og:title\" content=\"Gro\u00dfe Farbkreis Goethe - Grimm&#039;s\" \/>\n<meta property=\"og:description\" content=\"Der gro\u00dfe Grimm&#039;s Farbenkreis, der auf der Farbenlehre von Johann Wolfgang von Goethe basiert, spiegelt die Auffassung \u00fcber die Natur der Farben wider.\" \/>\n<meta property=\"og:url\" content=\"https:\/\/teiaeducation.ch\/de\/produkt\/groser-farbkreis-goethe-grimms\/\" \/>\n<meta property=\"og:site_name\" content=\"Sustainable Educational Products &amp; Ecological Toys\u00a0\" \/>\n<meta property=\"article:publisher\" content=\"https:\/\/www.facebook.com\/teiaeducation\/\" \/>\n<meta property=\"article:modified_time\" content=\"2025-12-11T16:02:55+00:00\" \/>\n<meta property=\"og:image\" content=\"https:\/\/teiaeducation.ch\/wp-content\/uploads\/2021\/12\/Large-colour-circle-Goethe-Grimms.jpg\" \/>\n\t<meta property=\"og:image:width\" content=\"900\" \/>\n\t<meta property=\"og:image:height\" content=\"900\" \/>\n\t<meta property=\"og:image:type\" content=\"image\/jpeg\" \/>\n<script type=\"application\/ld+json\" class=\"yoast-schema-graph\">{\"@context\":\"https:\\\/\\\/schema.org\",\"@graph\":[{\"@type\":\"WebPage\",\"@id\":\"https:\\\/\\\/teiaeducation.ch\\\/de\\\/produkt\\\/groser-farbkreis-goethe-grimms\\\/\",\"url\":\"https:\\\/\\\/teiaeducation.ch\\\/de\\\/produkt\\\/groser-farbkreis-goethe-grimms\\\/\",\"name\":\"Gro\u00dfe Farbkreis Goethe - Grimm's - Teia Education & Play\",\"isPartOf\":{\"@id\":\"https:\\\/\\\/teiaeducation.ch\\\/de\\\/#website\"},\"primaryImageOfPage\":{\"@id\":\"https:\\\/\\\/teiaeducation.ch\\\/de\\\/produkt\\\/groser-farbkreis-goethe-grimms\\\/#primaryimage\"},\"image\":{\"@id\":\"https:\\\/\\\/teiaeducation.ch\\\/de\\\/produkt\\\/groser-farbkreis-goethe-grimms\\\/#primaryimage\"},\"thumbnailUrl\":\"https:\\\/\\\/teiaeducation.ch\\\/wp-content\\\/uploads\\\/2021\\\/12\\\/Large-colour-circle-Goethe-Grimms.jpg\",\"datePublished\":\"2021-12-09T13:32:41+00:00\",\"dateModified\":\"2025-12-11T16:02:55+00:00\",\"description\":\"Der gro\u00dfe Grimm's Farbenkreis, der auf der Farbenlehre von Johann Wolfgang von Goethe basiert, spiegelt die Auffassung \u00fcber die Natur der Farben wider.\",\"breadcrumb\":{\"@id\":\"https:\\\/\\\/teiaeducation.ch\\\/de\\\/produkt\\\/groser-farbkreis-goethe-grimms\\\/#breadcrumb\"},\"inLanguage\":\"de-CH\",\"potentialAction\":[{\"@type\":\"ReadAction\",\"target\":[\"https:\\\/\\\/teiaeducation.ch\\\/de\\\/produkt\\\/groser-farbkreis-goethe-grimms\\\/\"]}]},{\"@type\":\"ImageObject\",\"inLanguage\":\"de-CH\",\"@id\":\"https:\\\/\\\/teiaeducation.ch\\\/de\\\/produkt\\\/groser-farbkreis-goethe-grimms\\\/#primaryimage\",\"url\":\"https:\\\/\\\/teiaeducation.ch\\\/wp-content\\\/uploads\\\/2021\\\/12\\\/Large-colour-circle-Goethe-Grimms.jpg\",\"contentUrl\":\"https:\\\/\\\/teiaeducation.ch\\\/wp-content\\\/uploads\\\/2021\\\/12\\\/Large-colour-circle-Goethe-Grimms.jpg\",\"width\":900,\"height\":900,\"caption\":\"Gro\u00dfer Farbkreis Johann Wolfgang von Goethe - Grimm's\"},{\"@type\":\"BreadcrumbList\",\"@id\":\"https:\\\/\\\/teiaeducation.ch\\\/de\\\/produkt\\\/groser-farbkreis-goethe-grimms\\\/#breadcrumb\",\"itemListElement\":[{\"@type\":\"ListItem\",\"position\":1,\"name\":\"Home\",\"item\":\"https:\\\/\\\/teiaeducation.ch\\\/de\\\/\"},{\"@type\":\"ListItem\",\"position\":2,\"name\":\"Laden\",\"item\":\"https:\\\/\\\/teiaeducation.ch\\\/de\\\/shop\\\/\"},{\"@type\":\"ListItem\",\"position\":3,\"name\":\"Unsere Marken\",\"item\":\"https:\\\/\\\/teiaeducation.ch\\\/de\\\/produkt-kategorie\\\/unsere-marken\\\/\"},{\"@type\":\"ListItem\",\"position\":4,\"name\":\"Grimm's\",\"item\":\"https:\\\/\\\/teiaeducation.ch\\\/de\\\/produkt-kategorie\\\/unsere-marken\\\/grimms-holzspielzeug\\\/\"},{\"@type\":\"ListItem\",\"position\":5,\"name\":\"Gro\u00dfe Farbkreis Goethe &#8211; Grimm&#8217;s\"}]},{\"@type\":\"WebSite\",\"@id\":\"https:\\\/\\\/teiaeducation.ch\\\/de\\\/#website\",\"url\":\"https:\\\/\\\/teiaeducation.ch\\\/de\\\/\",\"name\":\"Sustainable Educational Products &amp; Ecological Toys\u00a0\",\"description\":\"Specialised Swiss shop selling sustainable educational toys and games, AMI certified Montessori materials, handmade ecological wooden Waldorf toys and arts &amp; crafts supplies, school supplies, children&#039;s furniture and Montessori reference and parenting books.\",\"publisher\":{\"@id\":\"https:\\\/\\\/teiaeducation.ch\\\/de\\\/#organization\"},\"alternateName\":\"Teia Education & Play\",\"potentialAction\":[{\"@type\":\"SearchAction\",\"target\":{\"@type\":\"EntryPoint\",\"urlTemplate\":\"https:\\\/\\\/teiaeducation.ch\\\/de\\\/?s={search_term_string}\"},\"query-input\":{\"@type\":\"PropertyValueSpecification\",\"valueRequired\":true,\"valueName\":\"search_term_string\"}}],\"inLanguage\":\"de-CH\"},{\"@type\":\"Organization\",\"@id\":\"https:\\\/\\\/teiaeducation.ch\\\/de\\\/#organization\",\"name\":\"Teia Education & Play\",\"url\":\"https:\\\/\\\/teiaeducation.ch\\\/de\\\/\",\"logo\":{\"@type\":\"ImageObject\",\"inLanguage\":\"de-CH\",\"@id\":\"https:\\\/\\\/teiaeducation.ch\\\/de\\\/#\\\/schema\\\/logo\\\/image\\\/\",\"url\":\"https:\\\/\\\/teiaeducation.ch\\\/wp-content\\\/uploads\\\/2020\\\/11\\\/Teia-Education-Switzerland-e1620156442216.jpg\",\"contentUrl\":\"https:\\\/\\\/teiaeducation.ch\\\/wp-content\\\/uploads\\\/2020\\\/11\\\/Teia-Education-Switzerland-e1620156442216.jpg\",\"width\":166,\"height\":145,\"caption\":\"Teia Education & Play\"},\"image\":{\"@id\":\"https:\\\/\\\/teiaeducation.ch\\\/de\\\/#\\\/schema\\\/logo\\\/image\\\/\"},\"sameAs\":[\"https:\\\/\\\/www.facebook.com\\\/teiaeducation\\\/\",\"https:\\\/\\\/x.com\\\/EducationTeia\",\"https:\\\/\\\/www.instagram.com\\\/teia.education\\\/\",\"https:\\\/\\\/www.linkedin.com\\\/company\\\/35501660\",\"https:\\\/\\\/www.pinterest.ch\\\/TeiaEducation\\\/\"]}]}<\/script>\n<meta property=\"product:price:amount\" content=\"79.90\" \/>\n<meta property=\"product:price:currency\" content=\"CHF\" \/>\n<meta property=\"og:availability\" content=\"out of stock\" \/>\n<meta property=\"product:availability\" content=\"out of stock\" \/>\n<meta property=\"product:retailer_item_id\" content=\"00000000000000000000000000000000000000000000035712\" \/>\n<meta property=\"product:condition\" content=\"new\" \/>\n<!-- \/ Yoast SEO Premium plugin. -->","yoast_head_json":{"title":"Gro\u00dfe Farbkreis Goethe - Grimm's - Teia Education & Play","description":"Der gro\u00dfe Grimm's Farbenkreis, der auf der Farbenlehre von Johann Wolfgang von Goethe basiert, spiegelt die Auffassung \u00fcber die Natur der Farben wider.","robots":{"index":"index","follow":"follow","max-snippet":"max-snippet:-1","max-image-preview":"max-image-preview:large","max-video-preview":"max-video-preview:-1"},"canonical":"https:\/\/teiaeducation.ch\/de\/produkt\/groser-farbkreis-goethe-grimms\/","og_locale":"de_DE","og_type":"article","og_title":"Gro\u00dfe Farbkreis Goethe - Grimm's","og_description":"Der gro\u00dfe Grimm's Farbenkreis, der auf der Farbenlehre von Johann Wolfgang von Goethe basiert, spiegelt die Auffassung \u00fcber die Natur der Farben wider.","og_url":"https:\/\/teiaeducation.ch\/de\/produkt\/groser-farbkreis-goethe-grimms\/","og_site_name":"Sustainable Educational Products &amp; Ecological Toys\u00a0","article_publisher":"https:\/\/www.facebook.com\/teiaeducation\/","article_modified_time":"2025-12-11T16:02:55+00:00","og_image":[{"width":900,"height":900,"url":"https:\/\/teiaeducation.ch\/wp-content\/uploads\/2021\/12\/Large-colour-circle-Goethe-Grimms.jpg","type":"image\/jpeg"}],"schema":{"@context":"https:\/\/schema.org","@graph":[{"@type":"WebPage","@id":"https:\/\/teiaeducation.ch\/de\/produkt\/groser-farbkreis-goethe-grimms\/","url":"https:\/\/teiaeducation.ch\/de\/produkt\/groser-farbkreis-goethe-grimms\/","name":"Gro\u00dfe Farbkreis Goethe - Grimm's - Teia Education & Play","isPartOf":{"@id":"https:\/\/teiaeducation.ch\/de\/#website"},"primaryImageOfPage":{"@id":"https:\/\/teiaeducation.ch\/de\/produkt\/groser-farbkreis-goethe-grimms\/#primaryimage"},"image":{"@id":"https:\/\/teiaeducation.ch\/de\/produkt\/groser-farbkreis-goethe-grimms\/#primaryimage"},"thumbnailUrl":"https:\/\/teiaeducation.ch\/wp-content\/uploads\/2021\/12\/Large-colour-circle-Goethe-Grimms.jpg","datePublished":"2021-12-09T13:32:41+00:00","dateModified":"2025-12-11T16:02:55+00:00","description":"Der gro\u00dfe Grimm's Farbenkreis, der auf der Farbenlehre von Johann Wolfgang von Goethe basiert, spiegelt die Auffassung \u00fcber die Natur der Farben wider.","breadcrumb":{"@id":"https:\/\/teiaeducation.ch\/de\/produkt\/groser-farbkreis-goethe-grimms\/#breadcrumb"},"inLanguage":"de-CH","potentialAction":[{"@type":"ReadAction","target":["https:\/\/teiaeducation.ch\/de\/produkt\/groser-farbkreis-goethe-grimms\/"]}]},{"@type":"ImageObject","inLanguage":"de-CH","@id":"https:\/\/teiaeducation.ch\/de\/produkt\/groser-farbkreis-goethe-grimms\/#primaryimage","url":"https:\/\/teiaeducation.ch\/wp-content\/uploads\/2021\/12\/Large-colour-circle-Goethe-Grimms.jpg","contentUrl":"https:\/\/teiaeducation.ch\/wp-content\/uploads\/2021\/12\/Large-colour-circle-Goethe-Grimms.jpg","width":900,"height":900,"caption":"Gro\u00dfer Farbkreis Johann Wolfgang von Goethe - Grimm's"},{"@type":"BreadcrumbList","@id":"https:\/\/teiaeducation.ch\/de\/produkt\/groser-farbkreis-goethe-grimms\/#breadcrumb","itemListElement":[{"@type":"ListItem","position":1,"name":"Home","item":"https:\/\/teiaeducation.ch\/de\/"},{"@type":"ListItem","position":2,"name":"Laden","item":"https:\/\/teiaeducation.ch\/de\/shop\/"},{"@type":"ListItem","position":3,"name":"Unsere Marken","item":"https:\/\/teiaeducation.ch\/de\/produkt-kategorie\/unsere-marken\/"},{"@type":"ListItem","position":4,"name":"Grimm's","item":"https:\/\/teiaeducation.ch\/de\/produkt-kategorie\/unsere-marken\/grimms-holzspielzeug\/"},{"@type":"ListItem","position":5,"name":"Gro\u00dfe Farbkreis Goethe &#8211; Grimm&#8217;s"}]},{"@type":"WebSite","@id":"https:\/\/teiaeducation.ch\/de\/#website","url":"https:\/\/teiaeducation.ch\/de\/","name":"Sustainable Educational Products &amp; Ecological Toys\u00a0","description":"Specialised Swiss shop selling sustainable educational toys and games, AMI certified Montessori materials, handmade ecological wooden Waldorf toys and arts &amp; crafts supplies, school supplies, children&#039;s furniture and Montessori reference and parenting books.","publisher":{"@id":"https:\/\/teiaeducation.ch\/de\/#organization"},"alternateName":"Teia Education & Play","potentialAction":[{"@type":"SearchAction","target":{"@type":"EntryPoint","urlTemplate":"https:\/\/teiaeducation.ch\/de\/?s={search_term_string}"},"query-input":{"@type":"PropertyValueSpecification","valueRequired":true,"valueName":"search_term_string"}}],"inLanguage":"de-CH"},{"@type":"Organization","@id":"https:\/\/teiaeducation.ch\/de\/#organization","name":"Teia Education & Play","url":"https:\/\/teiaeducation.ch\/de\/","logo":{"@type":"ImageObject","inLanguage":"de-CH","@id":"https:\/\/teiaeducation.ch\/de\/#\/schema\/logo\/image\/","url":"https:\/\/teiaeducation.ch\/wp-content\/uploads\/2020\/11\/Teia-Education-Switzerland-e1620156442216.jpg","contentUrl":"https:\/\/teiaeducation.ch\/wp-content\/uploads\/2020\/11\/Teia-Education-Switzerland-e1620156442216.jpg","width":166,"height":145,"caption":"Teia Education & Play"},"image":{"@id":"https:\/\/teiaeducation.ch\/de\/#\/schema\/logo\/image\/"},"sameAs":["https:\/\/www.facebook.com\/teiaeducation\/","https:\/\/x.com\/EducationTeia","https:\/\/www.instagram.com\/teia.education\/","https:\/\/www.linkedin.com\/company\/35501660","https:\/\/www.pinterest.ch\/TeiaEducation\/"]}]},"product_price_amount":"79.90","product_price_currency":"CHF","og_availability":"out of stock","product_availability":"out of stock","product_retailer_item_id":"00000000000000000000000000000000000000000000035712","product_condition":"new"},"_links":{"self":[{"href":"https:\/\/teiaeducation.ch\/de\/wp-json\/wp\/v2\/product\/54526","targetHints":{"allow":["GET"]}}],"collection":[{"href":"https:\/\/teiaeducation.ch\/de\/wp-json\/wp\/v2\/product"}],"about":[{"href":"https:\/\/teiaeducation.ch\/de\/wp-json\/wp\/v2\/types\/product"}],"replies":[{"embeddable":true,"href":"https:\/\/teiaeducation.ch\/de\/wp-json\/wp\/v2\/comments?post=54526"}],"wp:featuredmedia":[{"embeddable":true,"href":"https:\/\/teiaeducation.ch\/de\/wp-json\/wp\/v2\/media\/42776"}],"wp:attachment":[{"href":"https:\/\/teiaeducation.ch\/de\/wp-json\/wp\/v2\/media?parent=54526"}],"wp:term":[{"taxonomy":"product_brand","embeddable":true,"href":"https:\/\/teiaeducation.ch\/de\/wp-json\/wp\/v2\/product_brand?post=54526"},{"taxonomy":"product_cat","embeddable":true,"href":"https:\/\/teiaeducation.ch\/de\/wp-json\/wp\/v2\/product_cat?post=54526"},{"taxonomy":"product_tag","embeddable":true,"href":"https:\/\/teiaeducation.ch\/de\/wp-json\/wp\/v2\/product_tag?post=54526"}],"curies":[{"name":"wp","href":"https:\/\/api.w.org\/{rel}","templated":true}]}}