{"id":54527,"date":"2021-12-09T14:06:24","date_gmt":"2021-12-09T13:06:24","guid":{"rendered":"https:\/\/teiaeducation.ch\/product\/jahreszeitenstaender-grimms\/"},"modified":"2023-08-02T17:02:07","modified_gmt":"2023-08-02T15:02:07","slug":"jahreszeitenstander-grimms","status":"publish","type":"product","link":"https:\/\/teiaeducation.ch\/de\/produkt\/jahreszeitenstander-grimms\/","title":{"rendered":"Jahreszeitenst\u00e4nder &#8211; Grimm&#8217;s"},"content":{"rendered":"<p>Dieser sch\u00f6ne, <a href=\"https:\/\/teiaeducation.ch\/product-category\/hgh-quality-toys-play\/waldorf-toys\/\">von Waldorf inspirierte<\/a>, handgefertigte, dekorative Jahreszeitenst\u00e4nder aus Naturholz von Grimm&#8217;s ist ein wunderbarer Mittelpunkt f\u00fcr <a href=\"https:\/\/teiaeducation.ch\/product-category\/celebrations\/\">Feiern<\/a>! Der nat\u00fcrliche Holzst\u00e4nder ist eine Alternative zu einem Waldorf-Feierring, einer Spirale, einem <a href=\"https:\/\/teiaeducation.ch\/product-category\/celebrations\/nature-seasonal-tables\/\">Naturtisch oder einem Jahreszeitentisch<\/a> und verleiht jeder Feier eine besondere Atmosph\u00e4re und ein Gef\u00fchl des Anlasses!<\/p>\n<p>Der vierstufige, h\u00f6henverstellbare Jahreszeitenst\u00e4nder eignet sich perfekt f\u00fcr die Pr\u00e4sentation von Fotos, Karten, Dekofiguren, Holzspielzeug und -figuren, gefilzten Sch\u00e4tzen und nat\u00fcrlichen Dekorationen wie Blumen, Fr\u00fcchten, Bl\u00e4ttern, Eicheln, N\u00fcssen usw.<\/p>\n<p>Die gr\u00f6\u00dfte Ebene des Festtagsst\u00e4nders hat 7 Schlitze f\u00fcr Kerzenhalter und enth\u00e4lt sieben Kerzenhalter aus Messing, die f\u00fcr <a href=\"https:\/\/teiaeducation.ch\/product\/100-beeswax-candles-amber-20-grimms\/\">Kerzen<\/a> mit einem Durchmesser von 1,4 cm geeignet sind. Die kleineren L\u00f6cher in der mittleren Ebene dienen zum Aufh\u00e4ngen verschiedener Dekorationen wie <a href=\"https:\/\/teiaeducation.ch\/?s=eggs&amp;post_type=product&amp;lang=en\">Ostereier<\/a>, Strohsterne oder Adventsgeschenke. Der Sockel ist mit Rillen versehen, in denen eine Postkarte oder ein Bild aufgeh\u00e4ngt werden kann. Der obere Teil und die 3 Ebenen sind abnehmbar und k\u00f6nnen als Adventskranzhalter verwendet werden.<\/p>\n<p>Der St\u00e4nder ist 60 cm hoch und hat einen Durchmesser von 43 cm. Es wird unter ethischen Gesichtspunkten aus Erlenholz hergestellt und mit ungiftigem \u00d6l auf Pflanzenbasis behandelt.<\/p>\n<p>Mit dieser fr\u00f6hlichen Dekoration k\u00f6nnen Sie Ihren Kindern helfen, besondere Anl\u00e4sse zu feiern und zu markieren &#8211; eine Familientradition f\u00fcr die n\u00e4chsten Jahre und Generationen!<\/p>\n<p>Warnung! Der Grimm&#8217;s Jahreszeitenst\u00e4nder ist ein Dekorationsartikel und nicht zum Spielen geeignet. Aus Sicherheitsgr\u00fcnden sollten Sie bei der Verwendung von Kerzen Kerzenhalter verwenden und darauf achten, dass keine Zugluft entsteht und sich keine dekorativen Figuren oder andere Gegenst\u00e4nde in der N\u00e4he der Flammen befinden. Dieses Produkt ist f\u00fcr Kinder ab 14 Jahren geeignet.<\/p>\n<p>Inhalt:<\/p>\n<p>9 Holzteile<br \/>\n7 Kerzenhalter aus Messing<\/p>\n<h2>\u00dcber Grimm&#8217;s<\/h2>\n<p>Ideal zum Spielen zu Hause, im Kindergarten, in der <a href=\"https:\/\/teiaeducation.ch\/waldorf-steiner-schools-supplies\/\">Waldorf- oder Steiner-Schule<\/a>. Die sch\u00f6nen <a href=\"https:\/\/teiaeducation.ch\/product-category\/brands\/grimms\/\">Grimm&#8217;s Naturholzspielzeuge<\/a> werden nach der <a href=\"https:\/\/teiaeducation.ch\/product-category\/education-method\/waldorf-steiner-toys-craft-materials\/\">Waldorf-Philosophie<\/a> hergestellt, die daf\u00fcr bekannt ist, dass sie Kinder dazu ermutigt, das kreative Spiel selbstst\u00e4ndig, ohne Einschr\u00e4nkungen und in einem gem\u00fctlichen Tempo zu entdecken. Die Grimm&#8217;s Holzspielzeuge werden von Hand mit ungiftigen Farben auf Wasserbasis gef\u00e4rbt und nicht lackiert, damit die urspr\u00fcnglichen Eigenschaften des Holzes und die Maserung erhalten bleiben. Die Oberfl\u00e4che der FSC-zertifizierten europ\u00e4ischen Holz ist leicht rau, wodurch sie vollst\u00e4ndig stapelbar und weniger rutschig sind.<\/p>\n<p>Grimm&#8217;s <a href=\"https:\/\/teiaeducation.ch\/product-category\/hgh-quality-toys-play\/handmade-wooden-toys\/\">handgefertigtes Holzspielzeug<\/a> wird in den Grimm&#8217;s Werken in Deutschland sowie in mehreren Werkst\u00e4tten in ganz Europa aus verschiedenen Holzarten wie Erle, Linde, Buche und Ahorn hergestellt. Alle H\u00f6lzer, die f\u00fcr die Herstellung der Grimm&#8217;s-Spielzeuge verwendet werden, stammen aus nachhaltig bewirtschafteten europ\u00e4ischen W\u00e4ldern.<\/p>\n<p>Bitte beachten Sie, dass Grimm&#8217;s Spielzeuge immer Unikate sind, die einzigartige, von der Natur geschaffene Zeichen tragen. Die Maserung des Holzes weist wechselnde Strukturen und Farben auf, die von seiner nat\u00fcrlichen Herkunft zeugen. Die einzigartigen Variationen, Markierungen, \u00c4ste, Muster, schwarzen Streifen oder dunklen Flecken, die im Holz eines Grimm&#8217;s Spielzeugs sichtbar sein k\u00f6nnen, sind ein Beweis f\u00fcr Qualit\u00e4t, keine M\u00e4ngel.<\/p>\n","protected":false},"excerpt":{"rendered":"<p>Artikelnummer: gri08900<\/p>\n<p>Der von Waldorf inspirierte dekorative Grimm&#8217;s Jahreszeitenst\u00e4nder aus Naturholz ist ein wunderbarer Mittelpunkt f\u00fcr Feste und saisonale Veranstaltungen!<\/p>\n","protected":false},"featured_media":42764,"comment_status":"open","ping_status":"closed","template":"","meta":[],"product_brand":[],"product_cat":[21479,24873,21465,21670,21484,22422,21640,21464,21517,21521,21510,21509,21443,22349,21563,22351,22362,23636,21564,24314,21483,22919,22363],"product_tag":[25346,25356,25344,25352,25350,25347,25349,25345,25348,21720,21719,21715,21721,25355,21712,25351,25354,25353],"class_list":{"0":"post-54527","1":"product","2":"type-product","3":"status-publish","4":"has-post-thumbnail","6":"product_cat-lernmaterialien-spielzeug-montessori-waldorf-steiner-froebel","7":"product_cat-familie-feste-rituale","8":"product_cat-feier-festlichkeiten","9":"product_cat-fruehjahrskollektion","10":"product_cat-geschenk-guides","11":"product_cat-geschenke-fuer-das-osterkoerbchen","12":"product_cat-grimms-holzspielzeug","13":"product_cat-herbstkollektion","14":"product_cat-humangeographie-kultur","15":"product_cat-jahreszeiten-wetter","16":"product_cat-kultur-wissenschaft","17":"product_cat-lernthemen","18":"product_cat-nach-alter","19":"product_cat-natur-saisonale-tische-de","20":"product_cat-neuheiten","21":"product_cat-rituale-adventszeit","22":"product_cat-saisonale-kollektionen","23":"product_cat-sommer-kollektion","24":"product_cat-unsere-marken","25":"product_cat-valentinstag","26":"product_cat-waldorf-steiner-paedagogik","27":"product_cat-waldorfspielzeug","28":"product_cat-winter-kollektion","29":"product_tag-festringe","30":"product_tag-geburtstags-und-adventsspirale-aus-naturholz-grimms","31":"product_tag-geburtstagsdekorationen-aus-holz","32":"product_tag-geburtstagskerzenhalter-aus-holz","33":"product_tag-geburtstagsring","34":"product_tag-grimms-dekorative-figuren","35":"product_tag-grimms-geburtstagsring","36":"product_tag-grimms-geburtstagsringe","37":"product_tag-grimms-holzerne-geburtstagsdekorationen","38":"product_tag-grimms-schweiz-de","39":"product_tag-grimms-suisse-de","40":"product_tag-grimms-switzerland-de","41":"product_tag-grimms-holzspielzeugladen","42":"product_tag-groser-geburtstagsring-aus-naturholz-grimms","43":"product_tag-hergestellt-in-deutschland","44":"product_tag-kerzenhalter-dekorationen","45":"product_tag-waldorf-feier-ring","46":"product_tag-waldorf-geburtstagsring","48":"first","49":"outofstock","50":"taxable","51":"shipping-taxable","52":"purchasable","53":"product-type-simple"},"yoast_head":"<!-- This site is optimized with the Yoast SEO Premium plugin v25.8 (Yoast SEO v27.4) - https:\/\/yoast.com\/product\/yoast-seo-premium-wordpress\/ -->\n<title>Jahreszeitenst\u00e4nder - Grimm&#039;s - Teia Education &amp; Play<\/title>\n<meta name=\"description\" content=\"Der von Waldorf inspirierte dekorative Grimm&#039;s Jahreszeitenst\u00e4nder aus Naturholz ist ein wunderbarer Mittelpunkt f\u00fcr Feste und saisonale Veranstaltungen!\" \/>\n<meta name=\"robots\" content=\"index, follow, max-snippet:-1, max-image-preview:large, max-video-preview:-1\" \/>\n<link rel=\"canonical\" href=\"https:\/\/teiaeducation.ch\/de\/produkt\/jahreszeitenstander-grimms\/\" \/>\n<meta property=\"og:locale\" content=\"de_DE\" \/>\n<meta property=\"og:type\" content=\"article\" \/>\n<meta property=\"og:title\" content=\"Jahreszeitenst\u00e4nder - Grimm&#039;s\" \/>\n<meta property=\"og:description\" content=\"Der von Waldorf inspirierte dekorative Grimm&#039;s Jahreszeitenst\u00e4nder aus Naturholz ist ein wunderbarer Mittelpunkt f\u00fcr Feste und saisonale Veranstaltungen!\" \/>\n<meta property=\"og:url\" content=\"https:\/\/teiaeducation.ch\/de\/produkt\/jahreszeitenstander-grimms\/\" \/>\n<meta property=\"og:site_name\" content=\"Sustainable Educational Products &amp; Ecological Toys\u00a0\" \/>\n<meta property=\"article:publisher\" content=\"https:\/\/www.facebook.com\/teiaeducation\/\" \/>\n<meta property=\"article:modified_time\" content=\"2023-08-02T15:02:07+00:00\" \/>\n<meta property=\"og:image\" content=\"https:\/\/teiaeducation.ch\/wp-content\/uploads\/2021\/12\/Seasonal-festivity-stand-Handmade-wooden-Waldorf-celebrations-support-Grimms1.jpg\" \/>\n\t<meta property=\"og:image:width\" content=\"900\" \/>\n\t<meta property=\"og:image:height\" content=\"900\" \/>\n\t<meta property=\"og:image:type\" content=\"image\/jpeg\" \/>\n<script type=\"application\/ld+json\" class=\"yoast-schema-graph\">{\"@context\":\"https:\\\/\\\/schema.org\",\"@graph\":[{\"@type\":\"WebPage\",\"@id\":\"https:\\\/\\\/teiaeducation.ch\\\/de\\\/produkt\\\/jahreszeitenstander-grimms\\\/\",\"url\":\"https:\\\/\\\/teiaeducation.ch\\\/de\\\/produkt\\\/jahreszeitenstander-grimms\\\/\",\"name\":\"Jahreszeitenst\u00e4nder - Grimm's - Teia Education & Play\",\"isPartOf\":{\"@id\":\"https:\\\/\\\/teiaeducation.ch\\\/de\\\/#website\"},\"primaryImageOfPage\":{\"@id\":\"https:\\\/\\\/teiaeducation.ch\\\/de\\\/produkt\\\/jahreszeitenstander-grimms\\\/#primaryimage\"},\"image\":{\"@id\":\"https:\\\/\\\/teiaeducation.ch\\\/de\\\/produkt\\\/jahreszeitenstander-grimms\\\/#primaryimage\"},\"thumbnailUrl\":\"https:\\\/\\\/teiaeducation.ch\\\/wp-content\\\/uploads\\\/2021\\\/12\\\/Seasonal-festivity-stand-Handmade-wooden-Waldorf-celebrations-support-Grimms1.jpg\",\"datePublished\":\"2021-12-09T13:06:24+00:00\",\"dateModified\":\"2023-08-02T15:02:07+00:00\",\"description\":\"Der von Waldorf inspirierte dekorative Grimm's Jahreszeitenst\u00e4nder aus Naturholz ist ein wunderbarer Mittelpunkt f\u00fcr Feste und saisonale Veranstaltungen!\",\"breadcrumb\":{\"@id\":\"https:\\\/\\\/teiaeducation.ch\\\/de\\\/produkt\\\/jahreszeitenstander-grimms\\\/#breadcrumb\"},\"inLanguage\":\"de-CH\",\"potentialAction\":[{\"@type\":\"ReadAction\",\"target\":[\"https:\\\/\\\/teiaeducation.ch\\\/de\\\/produkt\\\/jahreszeitenstander-grimms\\\/\"]}]},{\"@type\":\"ImageObject\",\"inLanguage\":\"de-CH\",\"@id\":\"https:\\\/\\\/teiaeducation.ch\\\/de\\\/produkt\\\/jahreszeitenstander-grimms\\\/#primaryimage\",\"url\":\"https:\\\/\\\/teiaeducation.ch\\\/wp-content\\\/uploads\\\/2021\\\/12\\\/Seasonal-festivity-stand-Handmade-wooden-Waldorf-celebrations-support-Grimms1.jpg\",\"contentUrl\":\"https:\\\/\\\/teiaeducation.ch\\\/wp-content\\\/uploads\\\/2021\\\/12\\\/Seasonal-festivity-stand-Handmade-wooden-Waldorf-celebrations-support-Grimms1.jpg\",\"width\":900,\"height\":900,\"caption\":\"Grimm's Jahreszeitenst\u00e4nder aus Naturholz\"},{\"@type\":\"BreadcrumbList\",\"@id\":\"https:\\\/\\\/teiaeducation.ch\\\/de\\\/produkt\\\/jahreszeitenstander-grimms\\\/#breadcrumb\",\"itemListElement\":[{\"@type\":\"ListItem\",\"position\":1,\"name\":\"Home\",\"item\":\"https:\\\/\\\/teiaeducation.ch\\\/de\\\/\"},{\"@type\":\"ListItem\",\"position\":2,\"name\":\"Laden\",\"item\":\"https:\\\/\\\/teiaeducation.ch\\\/de\\\/shop\\\/\"},{\"@type\":\"ListItem\",\"position\":3,\"name\":\"Unsere Marken\",\"item\":\"https:\\\/\\\/teiaeducation.ch\\\/de\\\/produkt-kategorie\\\/unsere-marken\\\/\"},{\"@type\":\"ListItem\",\"position\":4,\"name\":\"Grimm's\",\"item\":\"https:\\\/\\\/teiaeducation.ch\\\/de\\\/produkt-kategorie\\\/unsere-marken\\\/grimms-holzspielzeug\\\/\"},{\"@type\":\"ListItem\",\"position\":5,\"name\":\"Jahreszeitenst\u00e4nder &#8211; Grimm&#8217;s\"}]},{\"@type\":\"WebSite\",\"@id\":\"https:\\\/\\\/teiaeducation.ch\\\/de\\\/#website\",\"url\":\"https:\\\/\\\/teiaeducation.ch\\\/de\\\/\",\"name\":\"Sustainable Educational Products &amp; Ecological Toys\u00a0\",\"description\":\"Specialised Swiss shop selling sustainable educational toys and games, AMI certified Montessori materials, handmade ecological wooden Waldorf toys and arts &amp; crafts supplies, school supplies, children&#039;s furniture and Montessori reference and parenting books.\",\"publisher\":{\"@id\":\"https:\\\/\\\/teiaeducation.ch\\\/de\\\/#organization\"},\"alternateName\":\"Teia Education & Play\",\"potentialAction\":[{\"@type\":\"SearchAction\",\"target\":{\"@type\":\"EntryPoint\",\"urlTemplate\":\"https:\\\/\\\/teiaeducation.ch\\\/de\\\/?s={search_term_string}\"},\"query-input\":{\"@type\":\"PropertyValueSpecification\",\"valueRequired\":true,\"valueName\":\"search_term_string\"}}],\"inLanguage\":\"de-CH\"},{\"@type\":\"Organization\",\"@id\":\"https:\\\/\\\/teiaeducation.ch\\\/de\\\/#organization\",\"name\":\"Teia Education & Play\",\"url\":\"https:\\\/\\\/teiaeducation.ch\\\/de\\\/\",\"logo\":{\"@type\":\"ImageObject\",\"inLanguage\":\"de-CH\",\"@id\":\"https:\\\/\\\/teiaeducation.ch\\\/de\\\/#\\\/schema\\\/logo\\\/image\\\/\",\"url\":\"https:\\\/\\\/teiaeducation.ch\\\/wp-content\\\/uploads\\\/2020\\\/11\\\/Teia-Education-Switzerland-e1620156442216.jpg\",\"contentUrl\":\"https:\\\/\\\/teiaeducation.ch\\\/wp-content\\\/uploads\\\/2020\\\/11\\\/Teia-Education-Switzerland-e1620156442216.jpg\",\"width\":166,\"height\":145,\"caption\":\"Teia Education & Play\"},\"image\":{\"@id\":\"https:\\\/\\\/teiaeducation.ch\\\/de\\\/#\\\/schema\\\/logo\\\/image\\\/\"},\"sameAs\":[\"https:\\\/\\\/www.facebook.com\\\/teiaeducation\\\/\",\"https:\\\/\\\/x.com\\\/EducationTeia\",\"https:\\\/\\\/www.instagram.com\\\/teia.education\\\/\",\"https:\\\/\\\/www.linkedin.com\\\/company\\\/35501660\",\"https:\\\/\\\/www.pinterest.ch\\\/TeiaEducation\\\/\"]}]}<\/script>\n<meta property=\"product:price:amount\" content=\"135.90\" \/>\n<meta property=\"product:price:currency\" content=\"CHF\" \/>\n<meta property=\"og:availability\" content=\"out of stock\" \/>\n<meta property=\"product:availability\" content=\"out of stock\" \/>\n<meta property=\"product:retailer_item_id\" content=\"00000000000000000000000000000000000000000000030710\" \/>\n<meta property=\"product:condition\" content=\"new\" \/>\n<!-- \/ Yoast SEO Premium plugin. -->","yoast_head_json":{"title":"Jahreszeitenst\u00e4nder - Grimm's - Teia Education & Play","description":"Der von Waldorf inspirierte dekorative Grimm's Jahreszeitenst\u00e4nder aus Naturholz ist ein wunderbarer Mittelpunkt f\u00fcr Feste und saisonale Veranstaltungen!","robots":{"index":"index","follow":"follow","max-snippet":"max-snippet:-1","max-image-preview":"max-image-preview:large","max-video-preview":"max-video-preview:-1"},"canonical":"https:\/\/teiaeducation.ch\/de\/produkt\/jahreszeitenstander-grimms\/","og_locale":"de_DE","og_type":"article","og_title":"Jahreszeitenst\u00e4nder - Grimm's","og_description":"Der von Waldorf inspirierte dekorative Grimm's Jahreszeitenst\u00e4nder aus Naturholz ist ein wunderbarer Mittelpunkt f\u00fcr Feste und saisonale Veranstaltungen!","og_url":"https:\/\/teiaeducation.ch\/de\/produkt\/jahreszeitenstander-grimms\/","og_site_name":"Sustainable Educational Products &amp; Ecological Toys\u00a0","article_publisher":"https:\/\/www.facebook.com\/teiaeducation\/","article_modified_time":"2023-08-02T15:02:07+00:00","og_image":[{"width":900,"height":900,"url":"https:\/\/teiaeducation.ch\/wp-content\/uploads\/2021\/12\/Seasonal-festivity-stand-Handmade-wooden-Waldorf-celebrations-support-Grimms1.jpg","type":"image\/jpeg"}],"schema":{"@context":"https:\/\/schema.org","@graph":[{"@type":"WebPage","@id":"https:\/\/teiaeducation.ch\/de\/produkt\/jahreszeitenstander-grimms\/","url":"https:\/\/teiaeducation.ch\/de\/produkt\/jahreszeitenstander-grimms\/","name":"Jahreszeitenst\u00e4nder - Grimm's - Teia Education & Play","isPartOf":{"@id":"https:\/\/teiaeducation.ch\/de\/#website"},"primaryImageOfPage":{"@id":"https:\/\/teiaeducation.ch\/de\/produkt\/jahreszeitenstander-grimms\/#primaryimage"},"image":{"@id":"https:\/\/teiaeducation.ch\/de\/produkt\/jahreszeitenstander-grimms\/#primaryimage"},"thumbnailUrl":"https:\/\/teiaeducation.ch\/wp-content\/uploads\/2021\/12\/Seasonal-festivity-stand-Handmade-wooden-Waldorf-celebrations-support-Grimms1.jpg","datePublished":"2021-12-09T13:06:24+00:00","dateModified":"2023-08-02T15:02:07+00:00","description":"Der von Waldorf inspirierte dekorative Grimm's Jahreszeitenst\u00e4nder aus Naturholz ist ein wunderbarer Mittelpunkt f\u00fcr Feste und saisonale Veranstaltungen!","breadcrumb":{"@id":"https:\/\/teiaeducation.ch\/de\/produkt\/jahreszeitenstander-grimms\/#breadcrumb"},"inLanguage":"de-CH","potentialAction":[{"@type":"ReadAction","target":["https:\/\/teiaeducation.ch\/de\/produkt\/jahreszeitenstander-grimms\/"]}]},{"@type":"ImageObject","inLanguage":"de-CH","@id":"https:\/\/teiaeducation.ch\/de\/produkt\/jahreszeitenstander-grimms\/#primaryimage","url":"https:\/\/teiaeducation.ch\/wp-content\/uploads\/2021\/12\/Seasonal-festivity-stand-Handmade-wooden-Waldorf-celebrations-support-Grimms1.jpg","contentUrl":"https:\/\/teiaeducation.ch\/wp-content\/uploads\/2021\/12\/Seasonal-festivity-stand-Handmade-wooden-Waldorf-celebrations-support-Grimms1.jpg","width":900,"height":900,"caption":"Grimm's Jahreszeitenst\u00e4nder aus Naturholz"},{"@type":"BreadcrumbList","@id":"https:\/\/teiaeducation.ch\/de\/produkt\/jahreszeitenstander-grimms\/#breadcrumb","itemListElement":[{"@type":"ListItem","position":1,"name":"Home","item":"https:\/\/teiaeducation.ch\/de\/"},{"@type":"ListItem","position":2,"name":"Laden","item":"https:\/\/teiaeducation.ch\/de\/shop\/"},{"@type":"ListItem","position":3,"name":"Unsere Marken","item":"https:\/\/teiaeducation.ch\/de\/produkt-kategorie\/unsere-marken\/"},{"@type":"ListItem","position":4,"name":"Grimm's","item":"https:\/\/teiaeducation.ch\/de\/produkt-kategorie\/unsere-marken\/grimms-holzspielzeug\/"},{"@type":"ListItem","position":5,"name":"Jahreszeitenst\u00e4nder &#8211; Grimm&#8217;s"}]},{"@type":"WebSite","@id":"https:\/\/teiaeducation.ch\/de\/#website","url":"https:\/\/teiaeducation.ch\/de\/","name":"Sustainable Educational Products &amp; Ecological Toys\u00a0","description":"Specialised Swiss shop selling sustainable educational toys and games, AMI certified Montessori materials, handmade ecological wooden Waldorf toys and arts &amp; crafts supplies, school supplies, children&#039;s furniture and Montessori reference and parenting books.","publisher":{"@id":"https:\/\/teiaeducation.ch\/de\/#organization"},"alternateName":"Teia Education & Play","potentialAction":[{"@type":"SearchAction","target":{"@type":"EntryPoint","urlTemplate":"https:\/\/teiaeducation.ch\/de\/?s={search_term_string}"},"query-input":{"@type":"PropertyValueSpecification","valueRequired":true,"valueName":"search_term_string"}}],"inLanguage":"de-CH"},{"@type":"Organization","@id":"https:\/\/teiaeducation.ch\/de\/#organization","name":"Teia Education & Play","url":"https:\/\/teiaeducation.ch\/de\/","logo":{"@type":"ImageObject","inLanguage":"de-CH","@id":"https:\/\/teiaeducation.ch\/de\/#\/schema\/logo\/image\/","url":"https:\/\/teiaeducation.ch\/wp-content\/uploads\/2020\/11\/Teia-Education-Switzerland-e1620156442216.jpg","contentUrl":"https:\/\/teiaeducation.ch\/wp-content\/uploads\/2020\/11\/Teia-Education-Switzerland-e1620156442216.jpg","width":166,"height":145,"caption":"Teia Education & Play"},"image":{"@id":"https:\/\/teiaeducation.ch\/de\/#\/schema\/logo\/image\/"},"sameAs":["https:\/\/www.facebook.com\/teiaeducation\/","https:\/\/x.com\/EducationTeia","https:\/\/www.instagram.com\/teia.education\/","https:\/\/www.linkedin.com\/company\/35501660","https:\/\/www.pinterest.ch\/TeiaEducation\/"]}]},"product_price_amount":"135.90","product_price_currency":"CHF","og_availability":"out of stock","product_availability":"out of stock","product_retailer_item_id":"00000000000000000000000000000000000000000000030710","product_condition":"new"},"_links":{"self":[{"href":"https:\/\/teiaeducation.ch\/de\/wp-json\/wp\/v2\/product\/54527","targetHints":{"allow":["GET"]}}],"collection":[{"href":"https:\/\/teiaeducation.ch\/de\/wp-json\/wp\/v2\/product"}],"about":[{"href":"https:\/\/teiaeducation.ch\/de\/wp-json\/wp\/v2\/types\/product"}],"replies":[{"embeddable":true,"href":"https:\/\/teiaeducation.ch\/de\/wp-json\/wp\/v2\/comments?post=54527"}],"wp:featuredmedia":[{"embeddable":true,"href":"https:\/\/teiaeducation.ch\/de\/wp-json\/wp\/v2\/media\/42764"}],"wp:attachment":[{"href":"https:\/\/teiaeducation.ch\/de\/wp-json\/wp\/v2\/media?parent=54527"}],"wp:term":[{"taxonomy":"product_brand","embeddable":true,"href":"https:\/\/teiaeducation.ch\/de\/wp-json\/wp\/v2\/product_brand?post=54527"},{"taxonomy":"product_cat","embeddable":true,"href":"https:\/\/teiaeducation.ch\/de\/wp-json\/wp\/v2\/product_cat?post=54527"},{"taxonomy":"product_tag","embeddable":true,"href":"https:\/\/teiaeducation.ch\/de\/wp-json\/wp\/v2\/product_tag?post=54527"}],"curies":[{"name":"wp","href":"https:\/\/api.w.org\/{rel}","templated":true}]}}