{"id":54528,"date":"2021-12-09T13:38:57","date_gmt":"2021-12-09T12:38:57","guid":{"rendered":"https:\/\/teiaeducation.ch\/product\/bildhalter-1-grimms\/"},"modified":"2025-11-27T22:15:37","modified_gmt":"2025-11-27T21:15:37","slug":"bildhalter-1-grimms","status":"publish","type":"product","link":"https:\/\/teiaeducation.ch\/de\/produkt\/bildhalter-1-grimms\/","title":{"rendered":"Bildhalter (1) &#8211; Grimm&#8217;s"},"content":{"rendered":"<p>Dieser hochwertige Buchenholz Bildhalter aus unserer Grimm&#8217;s <a href=\"https:\/\/teiaeducation.ch\/product-category\/celebrations\/\">Feste-Kollektion<\/a> ist perfekt geeignet, um Ihren Geburtstagsring, Ihre <a href=\"https:\/\/teiaeducation.ch\/product\/natural-wood-birthday-spiral-grimms\/\">Weihnachts-Adventsspirale<\/a> oder Ihren <a href=\"https:\/\/teiaeducation.ch\/product-category\/hgh-quality-toys-play\/waldorf-toys\/\">Waldorf-Ferienring<\/a> in einen Bilder- oder Kartenhalter zu verwandeln! Der Halter wird in Deutschland handgefertigt und ist 2 cm hoch. Sie kann auch f\u00fcr ein Foto, den Namen einer Person f\u00fcr einen gedeckten Tisch, ein Gedicht oder eine Notiz verwendet werden.<\/p>\n<p>Der Bildhalter passt in jeden Grimm&#8217;s Spiel und Holz <a href=\"https:\/\/teiaeducation.ch\/product\/small-colourful-birthday-ring-grimms\/\">Festring<\/a>, in jede <a href=\"https:\/\/teiaeducation.ch\/product-category\/celebrations\/birthdays\/\">Geburtstags-<\/a> und Adventsspirale &#8211; und wird garantiert ein Teil des j\u00e4hrlichen Rituals f\u00fcr Ihr Kind!<\/p>\n<p>Warnung! Dies ist ein Dekorationsartikel und nicht zum Spielen geeignet. Der Grimm&#8217;s Bildhalter ist f\u00fcr Kinder ab 14 Jahren geeignet.<\/p>\n<p>Inhalt:<\/p>\n<p>1 Bildhalter<\/p>\n<h2>\u00dcber Grimm&#8217;s<\/h2>\n<p>Ideal zum Spielen zu Hause, im Kindergarten, in der <a href=\"https:\/\/teiaeducation.ch\/waldorf-steiner-schools-supplies\/\">Waldorf- oder Steiner-Schule<\/a>. Die sch\u00f6nen <a href=\"https:\/\/teiaeducation.ch\/product-category\/brands\/grimms\/\">Grimm&#8217;s Naturholzspielzeuge<\/a> werden nach der <a href=\"https:\/\/teiaeducation.ch\/product-category\/education-method\/waldorf-steiner-toys-craft-materials\/\">Waldorf-Philosophie<\/a> hergestellt, die daf\u00fcr bekannt ist, dass sie Kinder dazu ermutigt, das kreative Spiel selbstst\u00e4ndig, ohne Einschr\u00e4nkungen und in einem gem\u00fctlichen Tempo zu entdecken. Die Grimm&#8217;s Holzspielzeuge werden von Hand mit ungiftigen Farben auf Wasserbasis gef\u00e4rbt und nicht lackiert, damit die urspr\u00fcnglichen Eigenschaften des Holzes und die Maserung erhalten bleiben. Die Oberfl\u00e4che der FSC-zertifizierten europ\u00e4ischen Holz ist leicht rau, wodurch sie vollst\u00e4ndig stapelbar und weniger rutschig sind.<\/p>\n<p>Grimm&#8217;s <a href=\"https:\/\/teiaeducation.ch\/product-category\/hgh-quality-toys-play\/handmade-wooden-toys\/\">handgefertigtes Holzspielzeug<\/a> wird in den Grimm&#8217;s Werken in Deutschland sowie in mehreren Werkst\u00e4tten in ganz Europa aus verschiedenen Holzarten wie Erle, Linde, Buche und Ahorn hergestellt. Alle H\u00f6lzer, die f\u00fcr die Herstellung der Grimm&#8217;s-Spielzeuge verwendet werden, stammen aus nachhaltig bewirtschafteten europ\u00e4ischen W\u00e4ldern.<\/p>\n<p>Bitte beachten Sie, dass Grimm&#8217;s Spielzeuge immer Unikate sind, die einzigartige, von der Natur geschaffene Zeichen tragen. Die Maserung des Holzes weist wechselnde Strukturen und Farben auf, die von seiner nat\u00fcrlichen Herkunft zeugen. Die einzigartigen Variationen, Markierungen, \u00c4ste, Muster, schwarzen Streifen oder dunklen Flecken, die im Holz eines Grimm&#8217;s Spielzeugs sichtbar sein k\u00f6nnen, sind ein Beweis f\u00fcr Qualit\u00e4t, keine M\u00e4ngel.<\/p>\n","protected":false},"excerpt":{"rendered":"<p>Artikelnummer: gri04000<\/p>\n<p>Der Grimm&#8217;s Bildhalter aus Holz eignet sich perfekt, um Geburtstags-, Advents- oder Waldorf-Festringe in einen Bilder- oder Kartenhalter zu verwandeln!<\/p>\n","protected":false},"featured_media":42744,"comment_status":"open","ping_status":"closed","template":"","meta":[],"product_brand":[],"product_cat":[21479,24873,21465,21670,22347,21484,22422,21640,21464,21443,22349,21563,22351,22362,21564,24314,21483,22919,22363],"product_tag":[25360,25346,25356,25344,25352,25350,25361,25363,25347,25349,25348,25362,21720,21719,21715,21721,25355,21712,25351,25354,25353],"class_list":{"0":"post-54528","1":"product","2":"type-product","3":"status-publish","4":"has-post-thumbnail","6":"product_cat-lernmaterialien-spielzeug-montessori-waldorf-steiner-froebel","7":"product_cat-familie-feste-rituale","8":"product_cat-feier-festlichkeiten","9":"product_cat-fruehjahrskollektion","10":"product_cat-geburtstage","11":"product_cat-geschenk-guides","12":"product_cat-geschenke-fuer-das-osterkoerbchen","13":"product_cat-grimms-holzspielzeug","14":"product_cat-herbstkollektion","15":"product_cat-nach-alter","16":"product_cat-natur-saisonale-tische-de","17":"product_cat-neuheiten","18":"product_cat-rituale-adventszeit","19":"product_cat-saisonale-kollektionen","20":"product_cat-unsere-marken","21":"product_cat-valentinstag","22":"product_cat-waldorf-steiner-paedagogik","23":"product_cat-waldorfspielzeug","24":"product_cat-winter-kollektion","25":"product_tag-bunte-geburtstags-adventsspirale-von-grimms","26":"product_tag-festringe","27":"product_tag-geburtstags-und-adventsspirale-aus-naturholz-grimms","28":"product_tag-geburtstagsdekorationen-aus-holz","29":"product_tag-geburtstagskerzenhalter-aus-holz","30":"product_tag-geburtstagsring","31":"product_tag-grimms-bernsteinfarbene-kerzen-aus-100-bienenwachs","32":"product_tag-grimms-bilderhalter-aus-holz","33":"product_tag-grimms-dekorative-figuren","34":"product_tag-grimms-geburtstagsring","35":"product_tag-grimms-holzerne-geburtstagsdekorationen","36":"product_tag-grimms-kerzen-aus-bienenwachs","37":"product_tag-grimms-schweiz-de","38":"product_tag-grimms-suisse-de","39":"product_tag-grimms-switzerland-de","40":"product_tag-grimms-holzspielzeugladen","41":"product_tag-groser-geburtstagsring-aus-naturholz-grimms","42":"product_tag-hergestellt-in-deutschland","43":"product_tag-kerzenhalter-dekorationen","44":"product_tag-waldorf-feier-ring","45":"product_tag-waldorf-geburtstagsring","47":"first","48":"instock","49":"taxable","50":"shipping-taxable","51":"purchasable","52":"product-type-simple"},"yoast_head":"<!-- This site is optimized with the Yoast SEO plugin v27.1.1 - https:\/\/yoast.com\/product\/yoast-seo-wordpress\/ -->\n<title>Bildhalter (1) aus Holz - Grimm&#039;s - Teia Education &amp; Play<\/title>\n<meta name=\"description\" content=\"Der Grimm&#039;s Bildhalter aus Holz eignet sich perfekt, um Geburtstags-, Advents- oder Waldorf-Festringe in einen Bilder- oder Kartenhalter zu verwandeln.\" \/>\n<meta name=\"robots\" content=\"index, follow, max-snippet:-1, max-image-preview:large, max-video-preview:-1\" \/>\n<link rel=\"canonical\" href=\"https:\/\/teiaeducation.ch\/de\/produkt\/bildhalter-1-grimms\/\" \/>\n<meta property=\"og:locale\" content=\"de_DE\" \/>\n<meta property=\"og:type\" content=\"article\" \/>\n<meta property=\"og:title\" content=\"Bildhalter (1) aus Holz - Grimm&#039;s - Teia Education &amp; Play\" \/>\n<meta property=\"og:description\" content=\"Der Grimm&#039;s Bildhalter aus Holz eignet sich perfekt, um Geburtstags-, Advents- oder Waldorf-Festringe in einen Bilder- oder Kartenhalter zu verwandeln.\" \/>\n<meta property=\"og:url\" content=\"https:\/\/teiaeducation.ch\/de\/produkt\/bildhalter-1-grimms\/\" \/>\n<meta property=\"og:site_name\" content=\"Sustainable Educational Products &amp; Ecological Toys\u00a0\" \/>\n<meta property=\"article:publisher\" content=\"https:\/\/www.facebook.com\/teiaeducation\/\" \/>\n<meta property=\"article:modified_time\" content=\"2025-11-27T21:15:37+00:00\" \/>\n<meta property=\"og:image\" content=\"https:\/\/teiaeducation.ch\/wp-content\/uploads\/2021\/12\/Wooden-picture-holders-10-Waldorf-celebrations-birthday-ring-accessory-\u2013-Grimms2.jpg\" \/>\n\t<meta property=\"og:image:width\" content=\"900\" \/>\n\t<meta property=\"og:image:height\" content=\"900\" \/>\n\t<meta property=\"og:image:type\" content=\"image\/jpeg\" \/>\n<script type=\"application\/ld+json\" class=\"yoast-schema-graph\">{\"@context\":\"https:\/\/schema.org\",\"@graph\":[{\"@type\":\"WebPage\",\"@id\":\"https:\/\/teiaeducation.ch\/de\/produkt\/bildhalter-1-grimms\/\",\"url\":\"https:\/\/teiaeducation.ch\/de\/produkt\/bildhalter-1-grimms\/\",\"name\":\"Bildhalter (1) aus Holz - Grimm's - Teia Education & Play\",\"isPartOf\":{\"@id\":\"https:\/\/teiaeducation.ch\/de\/#website\"},\"primaryImageOfPage\":{\"@id\":\"https:\/\/teiaeducation.ch\/de\/produkt\/bildhalter-1-grimms\/#primaryimage\"},\"image\":{\"@id\":\"https:\/\/teiaeducation.ch\/de\/produkt\/bildhalter-1-grimms\/#primaryimage\"},\"thumbnailUrl\":\"https:\/\/teiaeducation.ch\/wp-content\/uploads\/2021\/12\/Wooden-picture-holders-10-Waldorf-celebrations-birthday-ring-accessory-\u2013-Grimms2.jpg\",\"datePublished\":\"2021-12-09T12:38:57+00:00\",\"dateModified\":\"2025-11-27T21:15:37+00:00\",\"description\":\"Der Grimm's Bildhalter aus Holz eignet sich perfekt, um Geburtstags-, Advents- oder Waldorf-Festringe in einen Bilder- oder Kartenhalter zu verwandeln.\",\"breadcrumb\":{\"@id\":\"https:\/\/teiaeducation.ch\/de\/produkt\/bildhalter-1-grimms\/#breadcrumb\"},\"inLanguage\":\"de-CH\",\"potentialAction\":[{\"@type\":\"ReadAction\",\"target\":[\"https:\/\/teiaeducation.ch\/de\/produkt\/bildhalter-1-grimms\/\"]}]},{\"@type\":\"ImageObject\",\"inLanguage\":\"de-CH\",\"@id\":\"https:\/\/teiaeducation.ch\/de\/produkt\/bildhalter-1-grimms\/#primaryimage\",\"url\":\"https:\/\/teiaeducation.ch\/wp-content\/uploads\/2021\/12\/Wooden-picture-holders-10-Waldorf-celebrations-birthday-ring-accessory-\u2013-Grimms2.jpg\",\"contentUrl\":\"https:\/\/teiaeducation.ch\/wp-content\/uploads\/2021\/12\/Wooden-picture-holders-10-Waldorf-celebrations-birthday-ring-accessory-\u2013-Grimms2.jpg\",\"width\":900,\"height\":900,\"caption\":\"Bilderhalter aus Holz (1) : Waldorf Feste &amp; Geburtstag Ring Zubeh\u00f6r - Grimm's\"},{\"@type\":\"BreadcrumbList\",\"@id\":\"https:\/\/teiaeducation.ch\/de\/produkt\/bildhalter-1-grimms\/#breadcrumb\",\"itemListElement\":[{\"@type\":\"ListItem\",\"position\":1,\"name\":\"Home\",\"item\":\"https:\/\/teiaeducation.ch\/de\/\"},{\"@type\":\"ListItem\",\"position\":2,\"name\":\"Laden\",\"item\":\"https:\/\/teiaeducation.ch\/de\/shop\/\"},{\"@type\":\"ListItem\",\"position\":3,\"name\":\"Unsere Marken\",\"item\":\"https:\/\/teiaeducation.ch\/de\/produkt-kategorie\/unsere-marken\/\"},{\"@type\":\"ListItem\",\"position\":4,\"name\":\"Grimm's\",\"item\":\"https:\/\/teiaeducation.ch\/de\/produkt-kategorie\/unsere-marken\/grimms-holzspielzeug\/\"},{\"@type\":\"ListItem\",\"position\":5,\"name\":\"Familie Feste &amp; Rituale\",\"item\":\"https:\/\/teiaeducation.ch\/de\/produkt-kategorie\/unsere-marken\/grimms-holzspielzeug\/familie-feste-rituale\/\"},{\"@type\":\"ListItem\",\"position\":6,\"name\":\"Bildhalter (1) &#8211; Grimm&#8217;s\"}]},{\"@type\":\"WebSite\",\"@id\":\"https:\/\/teiaeducation.ch\/de\/#website\",\"url\":\"https:\/\/teiaeducation.ch\/de\/\",\"name\":\"Sustainable Educational Products &amp; Ecological Toys\u00a0\",\"description\":\"Specialised Swiss shop selling sustainable educational toys and games, AMI certified Montessori materials, handmade ecological wooden Waldorf toys and arts &amp; crafts supplies, school supplies, children&#039;s furniture and Montessori reference and parenting books.\",\"publisher\":{\"@id\":\"https:\/\/teiaeducation.ch\/de\/#organization\"},\"alternateName\":\"Teia Education & Play\",\"potentialAction\":[{\"@type\":\"SearchAction\",\"target\":{\"@type\":\"EntryPoint\",\"urlTemplate\":\"https:\/\/teiaeducation.ch\/de\/?s={search_term_string}\"},\"query-input\":{\"@type\":\"PropertyValueSpecification\",\"valueRequired\":true,\"valueName\":\"search_term_string\"}}],\"inLanguage\":\"de-CH\"},{\"@type\":\"Organization\",\"@id\":\"https:\/\/teiaeducation.ch\/de\/#organization\",\"name\":\"Teia Education & Play\",\"url\":\"https:\/\/teiaeducation.ch\/de\/\",\"logo\":{\"@type\":\"ImageObject\",\"inLanguage\":\"de-CH\",\"@id\":\"https:\/\/teiaeducation.ch\/de\/#\/schema\/logo\/image\/\",\"url\":\"https:\/\/teiaeducation.ch\/wp-content\/uploads\/2020\/11\/Teia-Education-Switzerland-e1620156442216.jpg\",\"contentUrl\":\"https:\/\/teiaeducation.ch\/wp-content\/uploads\/2020\/11\/Teia-Education-Switzerland-e1620156442216.jpg\",\"width\":166,\"height\":145,\"caption\":\"Teia Education & Play\"},\"image\":{\"@id\":\"https:\/\/teiaeducation.ch\/de\/#\/schema\/logo\/image\/\"},\"sameAs\":[\"https:\/\/www.facebook.com\/teiaeducation\/\",\"https:\/\/x.com\/EducationTeia\",\"https:\/\/www.instagram.com\/teia.education\/\",\"https:\/\/www.linkedin.com\/company\/35501660\",\"https:\/\/www.pinterest.ch\/TeiaEducation\/\"]}]}<\/script>\n<!-- \/ Yoast SEO plugin. -->","yoast_head_json":{"title":"Bildhalter (1) aus Holz - Grimm's - Teia Education & Play","description":"Der Grimm's Bildhalter aus Holz eignet sich perfekt, um Geburtstags-, Advents- oder Waldorf-Festringe in einen Bilder- oder Kartenhalter zu verwandeln.","robots":{"index":"index","follow":"follow","max-snippet":"max-snippet:-1","max-image-preview":"max-image-preview:large","max-video-preview":"max-video-preview:-1"},"canonical":"https:\/\/teiaeducation.ch\/de\/produkt\/bildhalter-1-grimms\/","og_locale":"de_DE","og_type":"article","og_title":"Bildhalter (1) aus Holz - Grimm's - Teia Education & Play","og_description":"Der Grimm's Bildhalter aus Holz eignet sich perfekt, um Geburtstags-, Advents- oder Waldorf-Festringe in einen Bilder- oder Kartenhalter zu verwandeln.","og_url":"https:\/\/teiaeducation.ch\/de\/produkt\/bildhalter-1-grimms\/","og_site_name":"Sustainable Educational Products &amp; Ecological Toys\u00a0","article_publisher":"https:\/\/www.facebook.com\/teiaeducation\/","article_modified_time":"2025-11-27T21:15:37+00:00","og_image":[{"width":900,"height":900,"url":"https:\/\/teiaeducation.ch\/wp-content\/uploads\/2021\/12\/Wooden-picture-holders-10-Waldorf-celebrations-birthday-ring-accessory-\u2013-Grimms2.jpg","type":"image\/jpeg"}],"schema":{"@context":"https:\/\/schema.org","@graph":[{"@type":"WebPage","@id":"https:\/\/teiaeducation.ch\/de\/produkt\/bildhalter-1-grimms\/","url":"https:\/\/teiaeducation.ch\/de\/produkt\/bildhalter-1-grimms\/","name":"Bildhalter (1) aus Holz - Grimm's - Teia Education & Play","isPartOf":{"@id":"https:\/\/teiaeducation.ch\/de\/#website"},"primaryImageOfPage":{"@id":"https:\/\/teiaeducation.ch\/de\/produkt\/bildhalter-1-grimms\/#primaryimage"},"image":{"@id":"https:\/\/teiaeducation.ch\/de\/produkt\/bildhalter-1-grimms\/#primaryimage"},"thumbnailUrl":"https:\/\/teiaeducation.ch\/wp-content\/uploads\/2021\/12\/Wooden-picture-holders-10-Waldorf-celebrations-birthday-ring-accessory-\u2013-Grimms2.jpg","datePublished":"2021-12-09T12:38:57+00:00","dateModified":"2025-11-27T21:15:37+00:00","description":"Der Grimm's Bildhalter aus Holz eignet sich perfekt, um Geburtstags-, Advents- oder Waldorf-Festringe in einen Bilder- oder Kartenhalter zu verwandeln.","breadcrumb":{"@id":"https:\/\/teiaeducation.ch\/de\/produkt\/bildhalter-1-grimms\/#breadcrumb"},"inLanguage":"de-CH","potentialAction":[{"@type":"ReadAction","target":["https:\/\/teiaeducation.ch\/de\/produkt\/bildhalter-1-grimms\/"]}]},{"@type":"ImageObject","inLanguage":"de-CH","@id":"https:\/\/teiaeducation.ch\/de\/produkt\/bildhalter-1-grimms\/#primaryimage","url":"https:\/\/teiaeducation.ch\/wp-content\/uploads\/2021\/12\/Wooden-picture-holders-10-Waldorf-celebrations-birthday-ring-accessory-\u2013-Grimms2.jpg","contentUrl":"https:\/\/teiaeducation.ch\/wp-content\/uploads\/2021\/12\/Wooden-picture-holders-10-Waldorf-celebrations-birthday-ring-accessory-\u2013-Grimms2.jpg","width":900,"height":900,"caption":"Bilderhalter aus Holz (1) : Waldorf Feste &amp; Geburtstag Ring Zubeh\u00f6r - Grimm's"},{"@type":"BreadcrumbList","@id":"https:\/\/teiaeducation.ch\/de\/produkt\/bildhalter-1-grimms\/#breadcrumb","itemListElement":[{"@type":"ListItem","position":1,"name":"Home","item":"https:\/\/teiaeducation.ch\/de\/"},{"@type":"ListItem","position":2,"name":"Laden","item":"https:\/\/teiaeducation.ch\/de\/shop\/"},{"@type":"ListItem","position":3,"name":"Unsere Marken","item":"https:\/\/teiaeducation.ch\/de\/produkt-kategorie\/unsere-marken\/"},{"@type":"ListItem","position":4,"name":"Grimm's","item":"https:\/\/teiaeducation.ch\/de\/produkt-kategorie\/unsere-marken\/grimms-holzspielzeug\/"},{"@type":"ListItem","position":5,"name":"Familie Feste &amp; Rituale","item":"https:\/\/teiaeducation.ch\/de\/produkt-kategorie\/unsere-marken\/grimms-holzspielzeug\/familie-feste-rituale\/"},{"@type":"ListItem","position":6,"name":"Bildhalter (1) &#8211; Grimm&#8217;s"}]},{"@type":"WebSite","@id":"https:\/\/teiaeducation.ch\/de\/#website","url":"https:\/\/teiaeducation.ch\/de\/","name":"Sustainable Educational Products &amp; Ecological Toys\u00a0","description":"Specialised Swiss shop selling sustainable educational toys and games, AMI certified Montessori materials, handmade ecological wooden Waldorf toys and arts &amp; crafts supplies, school supplies, children&#039;s furniture and Montessori reference and parenting books.","publisher":{"@id":"https:\/\/teiaeducation.ch\/de\/#organization"},"alternateName":"Teia Education & Play","potentialAction":[{"@type":"SearchAction","target":{"@type":"EntryPoint","urlTemplate":"https:\/\/teiaeducation.ch\/de\/?s={search_term_string}"},"query-input":{"@type":"PropertyValueSpecification","valueRequired":true,"valueName":"search_term_string"}}],"inLanguage":"de-CH"},{"@type":"Organization","@id":"https:\/\/teiaeducation.ch\/de\/#organization","name":"Teia Education & Play","url":"https:\/\/teiaeducation.ch\/de\/","logo":{"@type":"ImageObject","inLanguage":"de-CH","@id":"https:\/\/teiaeducation.ch\/de\/#\/schema\/logo\/image\/","url":"https:\/\/teiaeducation.ch\/wp-content\/uploads\/2020\/11\/Teia-Education-Switzerland-e1620156442216.jpg","contentUrl":"https:\/\/teiaeducation.ch\/wp-content\/uploads\/2020\/11\/Teia-Education-Switzerland-e1620156442216.jpg","width":166,"height":145,"caption":"Teia Education & Play"},"image":{"@id":"https:\/\/teiaeducation.ch\/de\/#\/schema\/logo\/image\/"},"sameAs":["https:\/\/www.facebook.com\/teiaeducation\/","https:\/\/x.com\/EducationTeia","https:\/\/www.instagram.com\/teia.education\/","https:\/\/www.linkedin.com\/company\/35501660","https:\/\/www.pinterest.ch\/TeiaEducation\/"]}]}},"_links":{"self":[{"href":"https:\/\/teiaeducation.ch\/de\/wp-json\/wp\/v2\/product\/54528","targetHints":{"allow":["GET"]}}],"collection":[{"href":"https:\/\/teiaeducation.ch\/de\/wp-json\/wp\/v2\/product"}],"about":[{"href":"https:\/\/teiaeducation.ch\/de\/wp-json\/wp\/v2\/types\/product"}],"replies":[{"embeddable":true,"href":"https:\/\/teiaeducation.ch\/de\/wp-json\/wp\/v2\/comments?post=54528"}],"wp:featuredmedia":[{"embeddable":true,"href":"https:\/\/teiaeducation.ch\/de\/wp-json\/wp\/v2\/media\/42744"}],"wp:attachment":[{"href":"https:\/\/teiaeducation.ch\/de\/wp-json\/wp\/v2\/media?parent=54528"}],"wp:term":[{"taxonomy":"product_brand","embeddable":true,"href":"https:\/\/teiaeducation.ch\/de\/wp-json\/wp\/v2\/product_brand?post=54528"},{"taxonomy":"product_cat","embeddable":true,"href":"https:\/\/teiaeducation.ch\/de\/wp-json\/wp\/v2\/product_cat?post=54528"},{"taxonomy":"product_tag","embeddable":true,"href":"https:\/\/teiaeducation.ch\/de\/wp-json\/wp\/v2\/product_tag?post=54528"}],"curies":[{"name":"wp","href":"https:\/\/api.w.org\/{rel}","templated":true}]}}