{"id":54529,"date":"2021-12-09T13:15:45","date_gmt":"2021-12-09T12:15:45","guid":{"rendered":"https:\/\/teiaeducation.ch\/product\/festtagsspirale-bunt-grimms\/"},"modified":"2025-06-17T17:18:43","modified_gmt":"2025-06-17T15:18:43","slug":"festtagsspirale-bunt-grimms","status":"publish","type":"product","link":"https:\/\/teiaeducation.ch\/de\/produkt\/festtagsspirale-bunt-grimms\/","title":{"rendered":"Geburtstagsspirale Bunt &#8211; Grimm&#8217;s"},"content":{"rendered":"<p>Diese h\u00fcbsche <a href=\"https:\/\/teiaeducation.ch\/product-category\/hgh-quality-toys-play\/waldorf-toys\/\">von Waldorf inspirierte<\/a>, handgefertigte Grimm&#8217;s\u00a0Geburtstagsspirale\u00a0Bunt und der Kerzenhalter aus Holz sind ein wunderbarer Mittelpunkt f\u00fcr <a href=\"https:\/\/teiaeducation.ch\/product-category\/celebrations\/\">Feiern<\/a> oder eine Zierde f\u00fcr Ihren <a href=\"https:\/\/teiaeducation.ch\/product-category\/celebrations\/nature-seasonal-tables\/\">Naturtisch<\/a> oder Ihre Fensterbank. Die farbenfrohe Geburtstags- und Adventsspirale von Grimm&#8217;s verleiht jeder Feier eine besondere Atmosph\u00e4re und ein Gef\u00fchl f\u00fcr den Anlass! Durch die 24 L\u00f6cher kann die Spirale auch als Adventskalender verwendet werden. Z\u00fcnden Sie jeden Tag eine Kerze an, oder lassen Sie eine <a href=\"https:\/\/teiaeducation.ch\/product\/100-beeswax-candles-amber-20-grimms\/\">Kerze<\/a> von Loch zu Loch wandern.<\/p>\n<p>Die farbenfrohe Geburtstagsspirale\u00a0von Grimm&#8217;s ist aus Lindenholz handgefertigt und mit ungiftiger Beize auf Wasserbasis in bunten Regenbogent\u00f6nen handbemalt. Er hat einen Durchmesser von 40 cm.<\/p>\n<p>Verzieren Sie die Spirale mit den h\u00fcbschen Grimm&#8217;s <a href=\"https:\/\/teiaeducation.ch\/?s=decorative+figure&amp;post_type=product&amp;lang=en\">Deko-Figuren und Zahlen<\/a>, die das Alter des Geburtstagskindes und seine Lieblingstiere, -spielzeuge oder andere besondere Interessen darstellen. Sie k\u00f6nnen auch Blumen, nat\u00fcrliche Gegenst\u00e4nde und Lichter oder Kerzen hinzuf\u00fcgen, um Ihre Feier perfekt zu dekorieren.<\/p>\n<p>Mit dieser fr\u00f6hlichen Dekoration k\u00f6nnen Sie Ihren Kindern helfen, besondere Anl\u00e4sse zu feiern und zu markieren &#8211; eine Familientradition f\u00fcr die n\u00e4chsten Jahre und Generationen!<\/p>\n<p>Warnung! Die Grimm&#8217;s bunte Geburtstagsspirale\u00a0ist ein Dekorationsartikel und nicht zum Spielen geeignet. Aus Sicherheitsgr\u00fcnden sollten Sie bei der Verwendung von Kerzen <a href=\"https:\/\/teiaeducation.ch\/product\/aluminium-candle-holder-gluckskafer\/\">Kerzenhalter<\/a> verwenden und darauf achten, dass keine Zugluft entsteht und sich keine dekorative Figur in der N\u00e4he der Flammen befindet. Dieses Produkt ist f\u00fcr Kinder ab 14 Jahren geeignet.<\/p>\n<p>Inhalt:<\/p>\n<p>8 St\u00fcck aus Holz, jedes mit 3 L\u00f6chern<\/p>\n<h2>\u00dcber Grimm&#8217;s<\/h2>\n<p>Ideal zum Spielen zu Hause, im Kindergarten, in der <a href=\"https:\/\/teiaeducation.ch\/waldorf-steiner-schools-supplies\/\">Waldorf- oder Steiner-Schule<\/a>. Die sch\u00f6nen <a href=\"https:\/\/teiaeducation.ch\/product-category\/brands\/grimms\/\">Grimm&#8217;s Naturholzspielzeuge<\/a> werden nach der <a href=\"https:\/\/teiaeducation.ch\/product-category\/education-method\/waldorf-steiner-toys-craft-materials\/\">Waldorf-Philosophie<\/a> hergestellt, die daf\u00fcr bekannt ist, dass sie Kinder dazu ermutigt, das kreative Spiel selbstst\u00e4ndig, ohne Einschr\u00e4nkungen und in einem gem\u00fctlichen Tempo zu entdecken. Die Grimm&#8217;s Holzspielzeuge werden von Hand mit ungiftigen Farben auf Wasserbasis gef\u00e4rbt und nicht lackiert, damit die urspr\u00fcnglichen Eigenschaften des Holzes und die Maserung erhalten bleiben. Die Oberfl\u00e4che der FSC-zertifizierten europ\u00e4ischen Holz ist leicht rau, wodurch sie vollst\u00e4ndig stapelbar und weniger rutschig sind.<\/p>\n<p>Grimm&#8217;s <a href=\"https:\/\/teiaeducation.ch\/product-category\/hgh-quality-toys-play\/handmade-wooden-toys\/\">handgefertigtes Holzspielzeug<\/a> wird in den Grimm&#8217;s Werken in Deutschland sowie in mehreren Werkst\u00e4tten in ganz Europa aus verschiedenen Holzarten wie Erle, Linde, Buche und Ahorn hergestellt. Alle H\u00f6lzer, die f\u00fcr die Herstellung der Grimm&#8217;s-Spielzeuge verwendet werden, stammen aus nachhaltig bewirtschafteten europ\u00e4ischen W\u00e4ldern.<\/p>\n<p>Bitte beachten Sie, dass Grimm&#8217;s Spielzeuge immer Unikate sind, die einzigartige, von der Natur geschaffene Zeichen tragen. Die Maserung des Holzes weist wechselnde Strukturen und Farben auf, die von seiner nat\u00fcrlichen Herkunft zeugen. Die einzigartigen Variationen, Markierungen, \u00c4ste, Muster, schwarzen Streifen oder dunklen Flecken, die im Holz eines Grimm&#8217;s Spielzeugs sichtbar sein k\u00f6nnen, sind ein Beweis f\u00fcr Qualit\u00e4t, keine M\u00e4ngel.<\/p>\n","protected":false},"excerpt":{"rendered":"<p>Artikelnummer: gri03210<\/p>\n<p>Grimm&#8217;s farbenfrohe Geburtstagsspirale Bunt aus Holz eignet sich f\u00fcr Dekofiguren und Kerzen zu besonderen Anl\u00e4ssen, Advents- &amp; Waldorffeiern!<\/p>\n","protected":false},"featured_media":42727,"comment_status":"open","ping_status":"closed","template":"","meta":[],"product_brand":[],"product_cat":[21444,21445,21446,22033,21479,24873,21465,21670,22347,21485,21486,21487,21488,21484,21640,21443,22349,21563,22351,22362,23636,21564,21483,22919,22363],"product_tag":[25360,25346,25356,25344,25352,25350,25347,25349,25345,25348,21720,21719,21715,21721,25355,21712,25351,25354,25353],"class_list":{"0":"post-54529","1":"product","2":"type-product","3":"status-publish","4":"has-post-thumbnail","6":"product_cat-1-3-jahre-kleinkind","7":"product_cat-3-6-jahre-vorschule","8":"product_cat-6-12-jahre-grundschule","9":"product_cat-adventskalender-geschenke-strumpffueller","10":"product_cat-lernmaterialien-spielzeug-montessori-waldorf-steiner-froebel","11":"product_cat-familie-feste-rituale","12":"product_cat-feier-festlichkeiten","13":"product_cat-fruehjahrskollektion","14":"product_cat-geburtstage","15":"product_cat-geschenk-guide-0-12-monate-baby","16":"product_cat-geschenk-guide-1-3-jahre-kleinkind","17":"product_cat-geschenk-guide-3-6-jahre-vorschule","18":"product_cat-geschenk-guide-6-12-jahre-grundschule","19":"product_cat-geschenk-guides","20":"product_cat-grimms-holzspielzeug","21":"product_cat-nach-alter","22":"product_cat-natur-saisonale-tische-de","23":"product_cat-neuheiten","24":"product_cat-rituale-adventszeit","25":"product_cat-saisonale-kollektionen","26":"product_cat-sommer-kollektion","27":"product_cat-unsere-marken","28":"product_cat-waldorf-steiner-paedagogik","29":"product_cat-waldorfspielzeug","30":"product_cat-winter-kollektion","31":"product_tag-bunte-geburtstags-adventsspirale-von-grimms","32":"product_tag-festringe","33":"product_tag-geburtstags-und-adventsspirale-aus-naturholz-grimms","34":"product_tag-geburtstagsdekorationen-aus-holz","35":"product_tag-geburtstagskerzenhalter-aus-holz","36":"product_tag-geburtstagsring","37":"product_tag-grimms-dekorative-figuren","38":"product_tag-grimms-geburtstagsring","39":"product_tag-grimms-geburtstagsringe","40":"product_tag-grimms-holzerne-geburtstagsdekorationen","41":"product_tag-grimms-schweiz-de","42":"product_tag-grimms-suisse-de","43":"product_tag-grimms-switzerland-de","44":"product_tag-grimms-holzspielzeugladen","45":"product_tag-groser-geburtstagsring-aus-naturholz-grimms","46":"product_tag-hergestellt-in-deutschland","47":"product_tag-kerzenhalter-dekorationen","48":"product_tag-waldorf-feier-ring","49":"product_tag-waldorf-geburtstagsring","51":"first","52":"outofstock","53":"taxable","54":"shipping-taxable","55":"purchasable","56":"product-type-simple"},"yoast_head":"<!-- This site is optimized with the Yoast SEO plugin v27.1.1 - https:\/\/yoast.com\/product\/yoast-seo-wordpress\/ -->\n<title>Geburtstagsspirale Bunt - Grimm&#039;s Teia Education &amp; Play<\/title>\n<meta name=\"description\" content=\"Grimm&#039;s farbenfrohe Geburtstagsspirale Bunt aus Holz eignet sich f\u00fcr Dekofiguren und Kerzen zu besonderen Anl\u00e4ssen, Advents- &amp; Waldorffeiern.\" \/>\n<meta name=\"robots\" content=\"index, follow, max-snippet:-1, max-image-preview:large, max-video-preview:-1\" \/>\n<link rel=\"canonical\" href=\"https:\/\/teiaeducation.ch\/de\/produkt\/festtagsspirale-bunt-grimms\/\" \/>\n<meta property=\"og:locale\" content=\"de_DE\" \/>\n<meta property=\"og:type\" content=\"article\" \/>\n<meta property=\"og:title\" content=\"Geburtstagsspirale Bunt - Grimm&#039;s Teia Education &amp; Play\" \/>\n<meta property=\"og:description\" content=\"Grimm&#039;s farbenfrohe Geburtstagsspirale Bunt aus Holz eignet sich f\u00fcr Dekofiguren und Kerzen zu besonderen Anl\u00e4ssen, Advents- &amp; Waldorffeiern.\" \/>\n<meta property=\"og:url\" content=\"https:\/\/teiaeducation.ch\/de\/produkt\/festtagsspirale-bunt-grimms\/\" \/>\n<meta property=\"og:site_name\" content=\"Sustainable Educational Products &amp; Ecological Toys\u00a0\" \/>\n<meta property=\"article:publisher\" content=\"https:\/\/www.facebook.com\/teiaeducation\/\" \/>\n<meta property=\"article:modified_time\" content=\"2025-06-17T15:18:43+00:00\" \/>\n<meta property=\"og:image\" content=\"https:\/\/teiaeducation.ch\/wp-content\/uploads\/2021\/12\/Colourful-birthday-advent-spiral-Handmade-wooden-Waldorf-celebrations-spiral-Grimms.jpg\" \/>\n\t<meta property=\"og:image:width\" content=\"900\" \/>\n\t<meta property=\"og:image:height\" content=\"900\" \/>\n\t<meta property=\"og:image:type\" content=\"image\/jpeg\" \/>\n<script type=\"application\/ld+json\" class=\"yoast-schema-graph\">{\"@context\":\"https:\/\/schema.org\",\"@graph\":[{\"@type\":\"WebPage\",\"@id\":\"https:\/\/teiaeducation.ch\/de\/produkt\/festtagsspirale-bunt-grimms\/\",\"url\":\"https:\/\/teiaeducation.ch\/de\/produkt\/festtagsspirale-bunt-grimms\/\",\"name\":\"Geburtstagsspirale Bunt - Grimm's Teia Education & Play\",\"isPartOf\":{\"@id\":\"https:\/\/teiaeducation.ch\/de\/#website\"},\"primaryImageOfPage\":{\"@id\":\"https:\/\/teiaeducation.ch\/de\/produkt\/festtagsspirale-bunt-grimms\/#primaryimage\"},\"image\":{\"@id\":\"https:\/\/teiaeducation.ch\/de\/produkt\/festtagsspirale-bunt-grimms\/#primaryimage\"},\"thumbnailUrl\":\"https:\/\/teiaeducation.ch\/wp-content\/uploads\/2021\/12\/Colourful-birthday-advent-spiral-Handmade-wooden-Waldorf-celebrations-spiral-Grimms.jpg\",\"datePublished\":\"2021-12-09T12:15:45+00:00\",\"dateModified\":\"2025-06-17T15:18:43+00:00\",\"description\":\"Grimm's farbenfrohe Geburtstagsspirale Bunt aus Holz eignet sich f\u00fcr Dekofiguren und Kerzen zu besonderen Anl\u00e4ssen, Advents- & Waldorffeiern.\",\"breadcrumb\":{\"@id\":\"https:\/\/teiaeducation.ch\/de\/produkt\/festtagsspirale-bunt-grimms\/#breadcrumb\"},\"inLanguage\":\"de-CH\",\"potentialAction\":[{\"@type\":\"ReadAction\",\"target\":[\"https:\/\/teiaeducation.ch\/de\/produkt\/festtagsspirale-bunt-grimms\/\"]}]},{\"@type\":\"ImageObject\",\"inLanguage\":\"de-CH\",\"@id\":\"https:\/\/teiaeducation.ch\/de\/produkt\/festtagsspirale-bunt-grimms\/#primaryimage\",\"url\":\"https:\/\/teiaeducation.ch\/wp-content\/uploads\/2021\/12\/Colourful-birthday-advent-spiral-Handmade-wooden-Waldorf-celebrations-spiral-Grimms.jpg\",\"contentUrl\":\"https:\/\/teiaeducation.ch\/wp-content\/uploads\/2021\/12\/Colourful-birthday-advent-spiral-Handmade-wooden-Waldorf-celebrations-spiral-Grimms.jpg\",\"width\":900,\"height\":900,\"caption\":\"Bunte Geburtstags- und Adventsspirale : Handgefertigte Waldorfspirale aus Holz - Grimm's\"},{\"@type\":\"BreadcrumbList\",\"@id\":\"https:\/\/teiaeducation.ch\/de\/produkt\/festtagsspirale-bunt-grimms\/#breadcrumb\",\"itemListElement\":[{\"@type\":\"ListItem\",\"position\":1,\"name\":\"Home\",\"item\":\"https:\/\/teiaeducation.ch\/de\/\"},{\"@type\":\"ListItem\",\"position\":2,\"name\":\"Laden\",\"item\":\"https:\/\/teiaeducation.ch\/de\/shop\/\"},{\"@type\":\"ListItem\",\"position\":3,\"name\":\"Unsere Marken\",\"item\":\"https:\/\/teiaeducation.ch\/de\/produkt-kategorie\/unsere-marken\/\"},{\"@type\":\"ListItem\",\"position\":4,\"name\":\"Grimm's\",\"item\":\"https:\/\/teiaeducation.ch\/de\/produkt-kategorie\/unsere-marken\/grimms-holzspielzeug\/\"},{\"@type\":\"ListItem\",\"position\":5,\"name\":\"Geburtstagsspirale Bunt &#8211; Grimm&#8217;s\"}]},{\"@type\":\"WebSite\",\"@id\":\"https:\/\/teiaeducation.ch\/de\/#website\",\"url\":\"https:\/\/teiaeducation.ch\/de\/\",\"name\":\"Sustainable Educational Products &amp; Ecological Toys\u00a0\",\"description\":\"Specialised Swiss shop selling sustainable educational toys and games, AMI certified Montessori materials, handmade ecological wooden Waldorf toys and arts &amp; crafts supplies, school supplies, children&#039;s furniture and Montessori reference and parenting books.\",\"publisher\":{\"@id\":\"https:\/\/teiaeducation.ch\/de\/#organization\"},\"alternateName\":\"Teia Education & Play\",\"potentialAction\":[{\"@type\":\"SearchAction\",\"target\":{\"@type\":\"EntryPoint\",\"urlTemplate\":\"https:\/\/teiaeducation.ch\/de\/?s={search_term_string}\"},\"query-input\":{\"@type\":\"PropertyValueSpecification\",\"valueRequired\":true,\"valueName\":\"search_term_string\"}}],\"inLanguage\":\"de-CH\"},{\"@type\":\"Organization\",\"@id\":\"https:\/\/teiaeducation.ch\/de\/#organization\",\"name\":\"Teia Education & Play\",\"url\":\"https:\/\/teiaeducation.ch\/de\/\",\"logo\":{\"@type\":\"ImageObject\",\"inLanguage\":\"de-CH\",\"@id\":\"https:\/\/teiaeducation.ch\/de\/#\/schema\/logo\/image\/\",\"url\":\"https:\/\/teiaeducation.ch\/wp-content\/uploads\/2020\/11\/Teia-Education-Switzerland-e1620156442216.jpg\",\"contentUrl\":\"https:\/\/teiaeducation.ch\/wp-content\/uploads\/2020\/11\/Teia-Education-Switzerland-e1620156442216.jpg\",\"width\":166,\"height\":145,\"caption\":\"Teia Education & Play\"},\"image\":{\"@id\":\"https:\/\/teiaeducation.ch\/de\/#\/schema\/logo\/image\/\"},\"sameAs\":[\"https:\/\/www.facebook.com\/teiaeducation\/\",\"https:\/\/x.com\/EducationTeia\",\"https:\/\/www.instagram.com\/teia.education\/\",\"https:\/\/www.linkedin.com\/company\/35501660\",\"https:\/\/www.pinterest.ch\/TeiaEducation\/\"]}]}<\/script>\n<!-- \/ Yoast SEO plugin. -->","yoast_head_json":{"title":"Geburtstagsspirale Bunt - Grimm's Teia Education & Play","description":"Grimm's farbenfrohe Geburtstagsspirale Bunt aus Holz eignet sich f\u00fcr Dekofiguren und Kerzen zu besonderen Anl\u00e4ssen, Advents- & Waldorffeiern.","robots":{"index":"index","follow":"follow","max-snippet":"max-snippet:-1","max-image-preview":"max-image-preview:large","max-video-preview":"max-video-preview:-1"},"canonical":"https:\/\/teiaeducation.ch\/de\/produkt\/festtagsspirale-bunt-grimms\/","og_locale":"de_DE","og_type":"article","og_title":"Geburtstagsspirale Bunt - Grimm's Teia Education & Play","og_description":"Grimm's farbenfrohe Geburtstagsspirale Bunt aus Holz eignet sich f\u00fcr Dekofiguren und Kerzen zu besonderen Anl\u00e4ssen, Advents- & Waldorffeiern.","og_url":"https:\/\/teiaeducation.ch\/de\/produkt\/festtagsspirale-bunt-grimms\/","og_site_name":"Sustainable Educational Products &amp; Ecological Toys\u00a0","article_publisher":"https:\/\/www.facebook.com\/teiaeducation\/","article_modified_time":"2025-06-17T15:18:43+00:00","og_image":[{"width":900,"height":900,"url":"https:\/\/teiaeducation.ch\/wp-content\/uploads\/2021\/12\/Colourful-birthday-advent-spiral-Handmade-wooden-Waldorf-celebrations-spiral-Grimms.jpg","type":"image\/jpeg"}],"schema":{"@context":"https:\/\/schema.org","@graph":[{"@type":"WebPage","@id":"https:\/\/teiaeducation.ch\/de\/produkt\/festtagsspirale-bunt-grimms\/","url":"https:\/\/teiaeducation.ch\/de\/produkt\/festtagsspirale-bunt-grimms\/","name":"Geburtstagsspirale Bunt - Grimm's Teia Education & Play","isPartOf":{"@id":"https:\/\/teiaeducation.ch\/de\/#website"},"primaryImageOfPage":{"@id":"https:\/\/teiaeducation.ch\/de\/produkt\/festtagsspirale-bunt-grimms\/#primaryimage"},"image":{"@id":"https:\/\/teiaeducation.ch\/de\/produkt\/festtagsspirale-bunt-grimms\/#primaryimage"},"thumbnailUrl":"https:\/\/teiaeducation.ch\/wp-content\/uploads\/2021\/12\/Colourful-birthday-advent-spiral-Handmade-wooden-Waldorf-celebrations-spiral-Grimms.jpg","datePublished":"2021-12-09T12:15:45+00:00","dateModified":"2025-06-17T15:18:43+00:00","description":"Grimm's farbenfrohe Geburtstagsspirale Bunt aus Holz eignet sich f\u00fcr Dekofiguren und Kerzen zu besonderen Anl\u00e4ssen, Advents- & Waldorffeiern.","breadcrumb":{"@id":"https:\/\/teiaeducation.ch\/de\/produkt\/festtagsspirale-bunt-grimms\/#breadcrumb"},"inLanguage":"de-CH","potentialAction":[{"@type":"ReadAction","target":["https:\/\/teiaeducation.ch\/de\/produkt\/festtagsspirale-bunt-grimms\/"]}]},{"@type":"ImageObject","inLanguage":"de-CH","@id":"https:\/\/teiaeducation.ch\/de\/produkt\/festtagsspirale-bunt-grimms\/#primaryimage","url":"https:\/\/teiaeducation.ch\/wp-content\/uploads\/2021\/12\/Colourful-birthday-advent-spiral-Handmade-wooden-Waldorf-celebrations-spiral-Grimms.jpg","contentUrl":"https:\/\/teiaeducation.ch\/wp-content\/uploads\/2021\/12\/Colourful-birthday-advent-spiral-Handmade-wooden-Waldorf-celebrations-spiral-Grimms.jpg","width":900,"height":900,"caption":"Bunte Geburtstags- und Adventsspirale : Handgefertigte Waldorfspirale aus Holz - Grimm's"},{"@type":"BreadcrumbList","@id":"https:\/\/teiaeducation.ch\/de\/produkt\/festtagsspirale-bunt-grimms\/#breadcrumb","itemListElement":[{"@type":"ListItem","position":1,"name":"Home","item":"https:\/\/teiaeducation.ch\/de\/"},{"@type":"ListItem","position":2,"name":"Laden","item":"https:\/\/teiaeducation.ch\/de\/shop\/"},{"@type":"ListItem","position":3,"name":"Unsere Marken","item":"https:\/\/teiaeducation.ch\/de\/produkt-kategorie\/unsere-marken\/"},{"@type":"ListItem","position":4,"name":"Grimm's","item":"https:\/\/teiaeducation.ch\/de\/produkt-kategorie\/unsere-marken\/grimms-holzspielzeug\/"},{"@type":"ListItem","position":5,"name":"Geburtstagsspirale Bunt &#8211; Grimm&#8217;s"}]},{"@type":"WebSite","@id":"https:\/\/teiaeducation.ch\/de\/#website","url":"https:\/\/teiaeducation.ch\/de\/","name":"Sustainable Educational Products &amp; Ecological Toys\u00a0","description":"Specialised Swiss shop selling sustainable educational toys and games, AMI certified Montessori materials, handmade ecological wooden Waldorf toys and arts &amp; crafts supplies, school supplies, children&#039;s furniture and Montessori reference and parenting books.","publisher":{"@id":"https:\/\/teiaeducation.ch\/de\/#organization"},"alternateName":"Teia Education & Play","potentialAction":[{"@type":"SearchAction","target":{"@type":"EntryPoint","urlTemplate":"https:\/\/teiaeducation.ch\/de\/?s={search_term_string}"},"query-input":{"@type":"PropertyValueSpecification","valueRequired":true,"valueName":"search_term_string"}}],"inLanguage":"de-CH"},{"@type":"Organization","@id":"https:\/\/teiaeducation.ch\/de\/#organization","name":"Teia Education & Play","url":"https:\/\/teiaeducation.ch\/de\/","logo":{"@type":"ImageObject","inLanguage":"de-CH","@id":"https:\/\/teiaeducation.ch\/de\/#\/schema\/logo\/image\/","url":"https:\/\/teiaeducation.ch\/wp-content\/uploads\/2020\/11\/Teia-Education-Switzerland-e1620156442216.jpg","contentUrl":"https:\/\/teiaeducation.ch\/wp-content\/uploads\/2020\/11\/Teia-Education-Switzerland-e1620156442216.jpg","width":166,"height":145,"caption":"Teia Education & Play"},"image":{"@id":"https:\/\/teiaeducation.ch\/de\/#\/schema\/logo\/image\/"},"sameAs":["https:\/\/www.facebook.com\/teiaeducation\/","https:\/\/x.com\/EducationTeia","https:\/\/www.instagram.com\/teia.education\/","https:\/\/www.linkedin.com\/company\/35501660","https:\/\/www.pinterest.ch\/TeiaEducation\/"]}]}},"_links":{"self":[{"href":"https:\/\/teiaeducation.ch\/de\/wp-json\/wp\/v2\/product\/54529","targetHints":{"allow":["GET"]}}],"collection":[{"href":"https:\/\/teiaeducation.ch\/de\/wp-json\/wp\/v2\/product"}],"about":[{"href":"https:\/\/teiaeducation.ch\/de\/wp-json\/wp\/v2\/types\/product"}],"replies":[{"embeddable":true,"href":"https:\/\/teiaeducation.ch\/de\/wp-json\/wp\/v2\/comments?post=54529"}],"wp:featuredmedia":[{"embeddable":true,"href":"https:\/\/teiaeducation.ch\/de\/wp-json\/wp\/v2\/media\/42727"}],"wp:attachment":[{"href":"https:\/\/teiaeducation.ch\/de\/wp-json\/wp\/v2\/media?parent=54529"}],"wp:term":[{"taxonomy":"product_brand","embeddable":true,"href":"https:\/\/teiaeducation.ch\/de\/wp-json\/wp\/v2\/product_brand?post=54529"},{"taxonomy":"product_cat","embeddable":true,"href":"https:\/\/teiaeducation.ch\/de\/wp-json\/wp\/v2\/product_cat?post=54529"},{"taxonomy":"product_tag","embeddable":true,"href":"https:\/\/teiaeducation.ch\/de\/wp-json\/wp\/v2\/product_tag?post=54529"}],"curies":[{"name":"wp","href":"https:\/\/api.w.org\/{rel}","templated":true}]}}