{"id":54543,"date":"2021-09-27T14:52:10","date_gmt":"2021-09-27T12:52:10","guid":{"rendered":"https:\/\/teiaeducation.ch\/product\/regenbogenfreunde-pastell-grimms\/"},"modified":"2025-06-18T22:36:03","modified_gmt":"2025-06-18T20:36:03","slug":"regenbogenfreunde-pastell-grimms","status":"publish","type":"product","link":"https:\/\/teiaeducation.ch\/de\/produkt\/regenbogenfreunde-pastell-grimms\/","title":{"rendered":"Regenbogenfreunde Pastell &#8211; Grimm&#8217;s 2021 Version"},"content":{"rendered":"<p>Ein Set der ber\u00fchmten Grimm&#8217;s Regenbogenfreunde Pastell, neu aufgelegt in der Version 2021, mit 12 handgefertigten, nachhaltigen Holzpuppen in Pastellfarben. Das Pastellfreunde-Set ist in sch\u00f6nen, sanften Pastellfarben mit ungiftiger Farbe auf Wasserbasis bemalt und daher f\u00fcr (kleine) Kinder sicher. Die pastellfarbenen Grimm&#8217;s Freunde sind jeweils ca. 6,5 cm gro\u00df und haben einen Durchmesser von 3 cm. Sie bieten unendlich viele M\u00f6glichkeiten f\u00fcr kreatives Spielen!<\/p>\n<p>Durch ihre unterschiedlichen Farben und Holzarten spiegeln der\u00a0Regenbogenfreunde Pastell unsere wunderbare, vielf\u00e4ltige Welt wider und feiern die Einzigartigkeit eines jeden. Jede dieser kleinen handbemalten Holzfiguren hat ein anderes Aussehen und eine individuelle Holzmaserung.<\/p>\n<p>Diese fr\u00f6hlichen kleinen <a href=\"https:\/\/teiaeducation.ch\/de\/produkt-kategorie\/kinder-spielzeug\/holzfiguren\/\">Holzfiguren<\/a>, die aus verschiedenen Holzarten von in Mitteleuropa heimischen B\u00e4umen hergestellt werden, sind geschlechtsneutral. Sie haben keinen spezifischen Gesichtsausdruck, sondern k\u00f6nnen entweder traurig oder gl\u00fccklich sein. Mit ihrem schlichten Erscheinungsbild regen sie die Phantasie der Kinder an, anstatt sie durch zu viele Details einzuschr\u00e4nken.<\/p>\n<p>De Regenbogenfreunde Pastell\u00a0puppen erg\u00e4nzen das gesamte Grimm&#8217;s Spielzeugsortiment und k\u00f6nnen auch einen immerw\u00e4hrenden Kalender der 12 Monate im Grimm&#8217;s Jahresring oder den Regenbogenring darstellen. Die pastellfarbenen Freunde eignen sich auch zur Verwendung auf einem <a href=\"https:\/\/teiaeducation.ch\/product-category\/hgh-quality-toys-play\/waldorf-toys\/\">Waldorf-Natur-<\/a> oder Jahreszeitentisch.<\/p>\n<p>Die Grimm&#8217;s 12 Holzpuppen in Pastellfarben sind f\u00fcr Kinder ab 1 Jahr geeignet.<\/p>\n<p>Inhalt:<\/p>\n<p>12 Regenbogenfreunde in Pastell (version 2021)<\/p>\n<h2>\u00dcber Grimm&#8217;s<\/h2>\n<p>Ideal zum Spielen zu Hause, im Kindergarten, in der <a href=\"https:\/\/teiaeducation.ch\/waldorf-steiner-schools-supplies\/\">Waldorf- oder Steiner-Schule<\/a>. Die sch\u00f6nen <a href=\"https:\/\/teiaeducation.ch\/product-category\/brands\/grimms\/\">Grimm&#8217;s<\/a> Naturholzspielzeuge werden nach der <a href=\"https:\/\/teiaeducation.ch\/product-category\/education-method\/waldorf-steiner-toys-craft-materials\/\">Waldorf-Philosophie<\/a> hergestellt, die daf\u00fcr bekannt ist, dass sie Kinder dazu ermutigt, das kreative Spiel selbstst\u00e4ndig, ohne Einschr\u00e4nkungen und in einem gem\u00fctlichen Tempo zu entdecken. Die Grimm&#8217;s Holzspielzeuge werden von Hand mit ungiftigen Farben auf Wasserbasis gef\u00e4rbt und nicht lackiert, damit die urspr\u00fcnglichen Eigenschaften des Holzes und die Maserung erhalten bleiben. Die Oberfl\u00e4che der FSC-zertifizierten europ\u00e4ischen Holz ist leicht rau, wodurch sie vollst\u00e4ndig stapelbar und weniger rutschig sind.<\/p>\n<p>Grimm&#8217;s <a href=\"https:\/\/teiaeducation.ch\/product-category\/hgh-quality-toys-play\/handmade-wooden-toys\/\">handgefertigtes Holzspielzeug<\/a> wird in den Grimm&#8217;s Werken in Deutschland sowie in mehreren Werkst\u00e4tten in ganz Europa aus verschiedenen Holzarten wie Erle, Linde, Buche und Ahorn hergestellt. Alle H\u00f6lzer, die f\u00fcr die Herstellung der Grimm&#8217;s-Spielzeuge verwendet werden, stammen aus nachhaltig bewirtschafteten europ\u00e4ischen W\u00e4ldern.<\/p>\n<p>Bitte beachten Sie, dass Grimm&#8217;s Spielzeuge immer Unikate sind, die einzigartige, von der Natur geschaffene Zeichen tragen. Die Maserung des Holzes weist wechselnde Strukturen und Farben auf, die von seiner nat\u00fcrlichen Herkunft zeugen. Die einzigartigen Variationen, Markierungen, \u00c4ste, Muster, schwarzen Streifen oder dunklen Flecken, die im Holz eines Grimm&#8217;s Spielzeugs sichtbar sein k\u00f6nnen, sind ein Beweis f\u00fcr Qualit\u00e4t, keine M\u00e4ngel.<\/p>\n","protected":false},"excerpt":{"rendered":"<p>Artikelnummer: gri10579<\/p>\n<p>Ein Set der ber\u00fchmten Grimm&#8217;s Regenbogenfreunde Pastell, neu aufgelegt in der Version 2021, mit 12 handgefertigten, nachhaltigen Holzpuppen in Pastellfarbe!<\/p>\n","protected":false},"featured_media":54544,"comment_status":"open","ping_status":"closed","template":"","meta":[],"product_brand":[],"product_cat":[21444,21445,21446,24871,21479,21690,21486,21487,21484,21640,23075,21705,21443,21563,21678,24866,21564,24314,21483,22919],"product_tag":[25368,25367,21715,21751,25370,25369,21713,25371,21714],"class_list":{"0":"post-54543","1":"product","2":"type-product","3":"status-publish","4":"has-post-thumbnail","6":"product_cat-1-3-jahre-kleinkind","7":"product_cat-3-6-jahre-vorschule","8":"product_cat-6-12-jahre-grundschule","9":"product_cat-bau-regenbogenwelten","10":"product_cat-lernmaterialien-spielzeug-montessori-waldorf-steiner-froebel","11":"product_cat-spiele-mit-offenem-ende","12":"product_cat-geschenk-guide-1-3-jahre-kleinkind","13":"product_cat-geschenk-guide-3-6-jahre-vorschule","14":"product_cat-geschenk-guides","15":"product_cat-grimms-holzspielzeug","16":"product_cat-handgefertigtes-holzspielzeug","17":"product_cat-holzfiguren","18":"product_cat-nach-alter","19":"product_cat-neuheiten","20":"product_cat-kinder-spielzeug","21":"product_cat-stecken-sortieren","22":"product_cat-unsere-marken","23":"product_cat-valentinstag","24":"product_cat-waldorf-steiner-paedagogik","25":"product_cat-waldorfspielzeug","26":"product_tag-grimms-holzpuppen-in-regenbogenfarben","27":"product_tag-grimms-regenbogenfreunde","28":"product_tag-grimms-switzerland-de","29":"product_tag-grimms-holzspielzeugladen-de","30":"product_tag-handgefertigte-nachhaltige-holzpuppen","31":"product_tag-handgefertigte-peg-puppen-in-regenbogenfarben","32":"product_tag-holzspielzeug-mit-offenem-ende","33":"product_tag-pastell-freunde-neue-2021-version-grimms","34":"product_tag-waldorfspielzeug-aus-holz","36":"first","37":"outofstock","38":"taxable","39":"shipping-taxable","40":"purchasable","41":"product-type-simple"},"yoast_head":"<!-- This site is optimized with the Yoast SEO Premium plugin v25.8 (Yoast SEO v27.4) - https:\/\/yoast.com\/product\/yoast-seo-premium-wordpress\/ -->\n<title>Regenbogenfreunde Pastell - Grimm&#039;s 2021 Version<\/title>\n<meta name=\"description\" content=\"Ein Set der ber\u00fchmten Grimm&#039;s Regenbogenfreunde Pastell, neu aufgelegt in der Version 2021, mit 12 handgefertigten, nachhaltigen Holzpuppen in Pastellfarben\" \/>\n<meta name=\"robots\" content=\"index, follow, max-snippet:-1, max-image-preview:large, max-video-preview:-1\" \/>\n<link rel=\"canonical\" href=\"https:\/\/teiaeducation.ch\/de\/produkt\/regenbogenfreunde-pastell-grimms\/\" \/>\n<meta property=\"og:locale\" content=\"de_DE\" \/>\n<meta property=\"og:type\" content=\"article\" \/>\n<meta property=\"og:title\" content=\"Regenbogenfreunde Pastell - Grimm&#039;s 2021 Version\" \/>\n<meta property=\"og:description\" content=\"Ein Set der ber\u00fchmten Grimm&#039;s Regenbogenfreunde Pastell, neu aufgelegt in der Version 2021, mit 12 handgefertigten, nachhaltigen Holzpuppen in Pastellfarben\" \/>\n<meta property=\"og:url\" content=\"https:\/\/teiaeducation.ch\/de\/produkt\/regenbogenfreunde-pastell-grimms\/\" \/>\n<meta property=\"og:site_name\" content=\"Sustainable Educational Products &amp; Ecological Toys\u00a0\" \/>\n<meta property=\"article:publisher\" content=\"https:\/\/www.facebook.com\/teiaeducation\/\" \/>\n<meta property=\"article:modified_time\" content=\"2025-06-18T20:36:03+00:00\" \/>\n<meta property=\"og:image\" content=\"https:\/\/teiaeducation.ch\/wp-content\/uploads\/2021\/09\/pastel-Friends-new-2021-version-Handmade-sustainable-wooden-peg-dolls-Grimms.jpg\" \/>\n\t<meta property=\"og:image:width\" content=\"1200\" \/>\n\t<meta property=\"og:image:height\" content=\"1200\" \/>\n\t<meta property=\"og:image:type\" content=\"image\/jpeg\" \/>\n<script type=\"application\/ld+json\" class=\"yoast-schema-graph\">{\"@context\":\"https:\\\/\\\/schema.org\",\"@graph\":[{\"@type\":\"WebPage\",\"@id\":\"https:\\\/\\\/teiaeducation.ch\\\/de\\\/produkt\\\/regenbogenfreunde-pastell-grimms\\\/\",\"url\":\"https:\\\/\\\/teiaeducation.ch\\\/de\\\/produkt\\\/regenbogenfreunde-pastell-grimms\\\/\",\"name\":\"Regenbogenfreunde Pastell - Grimm's 2021 Version\",\"isPartOf\":{\"@id\":\"https:\\\/\\\/teiaeducation.ch\\\/de\\\/#website\"},\"primaryImageOfPage\":{\"@id\":\"https:\\\/\\\/teiaeducation.ch\\\/de\\\/produkt\\\/regenbogenfreunde-pastell-grimms\\\/#primaryimage\"},\"image\":{\"@id\":\"https:\\\/\\\/teiaeducation.ch\\\/de\\\/produkt\\\/regenbogenfreunde-pastell-grimms\\\/#primaryimage\"},\"thumbnailUrl\":\"https:\\\/\\\/teiaeducation.ch\\\/wp-content\\\/uploads\\\/2021\\\/09\\\/pastel-Friends-new-2021-version-Handmade-sustainable-wooden-peg-dolls-Grimms.jpg\",\"datePublished\":\"2021-09-27T12:52:10+00:00\",\"dateModified\":\"2025-06-18T20:36:03+00:00\",\"description\":\"Ein Set der ber\u00fchmten Grimm's Regenbogenfreunde Pastell, neu aufgelegt in der Version 2021, mit 12 handgefertigten, nachhaltigen Holzpuppen in Pastellfarben\",\"breadcrumb\":{\"@id\":\"https:\\\/\\\/teiaeducation.ch\\\/de\\\/produkt\\\/regenbogenfreunde-pastell-grimms\\\/#breadcrumb\"},\"inLanguage\":\"de-CH\",\"potentialAction\":[{\"@type\":\"ReadAction\",\"target\":[\"https:\\\/\\\/teiaeducation.ch\\\/de\\\/produkt\\\/regenbogenfreunde-pastell-grimms\\\/\"]}]},{\"@type\":\"ImageObject\",\"inLanguage\":\"de-CH\",\"@id\":\"https:\\\/\\\/teiaeducation.ch\\\/de\\\/produkt\\\/regenbogenfreunde-pastell-grimms\\\/#primaryimage\",\"url\":\"https:\\\/\\\/teiaeducation.ch\\\/wp-content\\\/uploads\\\/2021\\\/09\\\/pastel-Friends-new-2021-version-Handmade-sustainable-wooden-peg-dolls-Grimms.jpg\",\"contentUrl\":\"https:\\\/\\\/teiaeducation.ch\\\/wp-content\\\/uploads\\\/2021\\\/09\\\/pastel-Friends-new-2021-version-Handmade-sustainable-wooden-peg-dolls-Grimms.jpg\",\"width\":1200,\"height\":1200,\"caption\":\"pastellfarben Freunde neue 2021 Version Handgefertigte nachhaltige Peg Holzpuppen Grimm's\"},{\"@type\":\"BreadcrumbList\",\"@id\":\"https:\\\/\\\/teiaeducation.ch\\\/de\\\/produkt\\\/regenbogenfreunde-pastell-grimms\\\/#breadcrumb\",\"itemListElement\":[{\"@type\":\"ListItem\",\"position\":1,\"name\":\"Home\",\"item\":\"https:\\\/\\\/teiaeducation.ch\\\/de\\\/\"},{\"@type\":\"ListItem\",\"position\":2,\"name\":\"Laden\",\"item\":\"https:\\\/\\\/teiaeducation.ch\\\/de\\\/shop\\\/\"},{\"@type\":\"ListItem\",\"position\":3,\"name\":\"Unsere Marken\",\"item\":\"https:\\\/\\\/teiaeducation.ch\\\/de\\\/produkt-kategorie\\\/unsere-marken\\\/\"},{\"@type\":\"ListItem\",\"position\":4,\"name\":\"Grimm's\",\"item\":\"https:\\\/\\\/teiaeducation.ch\\\/de\\\/produkt-kategorie\\\/unsere-marken\\\/grimms-holzspielzeug\\\/\"},{\"@type\":\"ListItem\",\"position\":5,\"name\":\"Regenbogenfreunde Pastell &#8211; Grimm&#8217;s 2021 Version\"}]},{\"@type\":\"WebSite\",\"@id\":\"https:\\\/\\\/teiaeducation.ch\\\/de\\\/#website\",\"url\":\"https:\\\/\\\/teiaeducation.ch\\\/de\\\/\",\"name\":\"Sustainable Educational Products &amp; Ecological Toys\u00a0\",\"description\":\"Specialised Swiss shop selling sustainable educational toys and games, AMI certified Montessori materials, handmade ecological wooden Waldorf toys and arts &amp; crafts supplies, school supplies, children&#039;s furniture and Montessori reference and parenting books.\",\"publisher\":{\"@id\":\"https:\\\/\\\/teiaeducation.ch\\\/de\\\/#organization\"},\"alternateName\":\"Teia Education & Play\",\"potentialAction\":[{\"@type\":\"SearchAction\",\"target\":{\"@type\":\"EntryPoint\",\"urlTemplate\":\"https:\\\/\\\/teiaeducation.ch\\\/de\\\/?s={search_term_string}\"},\"query-input\":{\"@type\":\"PropertyValueSpecification\",\"valueRequired\":true,\"valueName\":\"search_term_string\"}}],\"inLanguage\":\"de-CH\"},{\"@type\":\"Organization\",\"@id\":\"https:\\\/\\\/teiaeducation.ch\\\/de\\\/#organization\",\"name\":\"Teia Education & Play\",\"url\":\"https:\\\/\\\/teiaeducation.ch\\\/de\\\/\",\"logo\":{\"@type\":\"ImageObject\",\"inLanguage\":\"de-CH\",\"@id\":\"https:\\\/\\\/teiaeducation.ch\\\/de\\\/#\\\/schema\\\/logo\\\/image\\\/\",\"url\":\"https:\\\/\\\/teiaeducation.ch\\\/wp-content\\\/uploads\\\/2020\\\/11\\\/Teia-Education-Switzerland-e1620156442216.jpg\",\"contentUrl\":\"https:\\\/\\\/teiaeducation.ch\\\/wp-content\\\/uploads\\\/2020\\\/11\\\/Teia-Education-Switzerland-e1620156442216.jpg\",\"width\":166,\"height\":145,\"caption\":\"Teia Education & Play\"},\"image\":{\"@id\":\"https:\\\/\\\/teiaeducation.ch\\\/de\\\/#\\\/schema\\\/logo\\\/image\\\/\"},\"sameAs\":[\"https:\\\/\\\/www.facebook.com\\\/teiaeducation\\\/\",\"https:\\\/\\\/x.com\\\/EducationTeia\",\"https:\\\/\\\/www.instagram.com\\\/teia.education\\\/\",\"https:\\\/\\\/www.linkedin.com\\\/company\\\/35501660\",\"https:\\\/\\\/www.pinterest.ch\\\/TeiaEducation\\\/\"]}]}<\/script>\n<meta property=\"product:price:amount\" content=\"52.90\" \/>\n<meta property=\"product:price:currency\" content=\"CHF\" \/>\n<meta property=\"og:availability\" content=\"out of stock\" \/>\n<meta property=\"product:availability\" content=\"out of stock\" \/>\n<meta property=\"product:retailer_item_id\" content=\"000000000000000000000000000000000000000000000355909\" \/>\n<meta property=\"product:condition\" content=\"new\" \/>\n<!-- \/ Yoast SEO Premium plugin. -->","yoast_head_json":{"title":"Regenbogenfreunde Pastell - Grimm's 2021 Version","description":"Ein Set der ber\u00fchmten Grimm's Regenbogenfreunde Pastell, neu aufgelegt in der Version 2021, mit 12 handgefertigten, nachhaltigen Holzpuppen in Pastellfarben","robots":{"index":"index","follow":"follow","max-snippet":"max-snippet:-1","max-image-preview":"max-image-preview:large","max-video-preview":"max-video-preview:-1"},"canonical":"https:\/\/teiaeducation.ch\/de\/produkt\/regenbogenfreunde-pastell-grimms\/","og_locale":"de_DE","og_type":"article","og_title":"Regenbogenfreunde Pastell - Grimm's 2021 Version","og_description":"Ein Set der ber\u00fchmten Grimm's Regenbogenfreunde Pastell, neu aufgelegt in der Version 2021, mit 12 handgefertigten, nachhaltigen Holzpuppen in Pastellfarben","og_url":"https:\/\/teiaeducation.ch\/de\/produkt\/regenbogenfreunde-pastell-grimms\/","og_site_name":"Sustainable Educational Products &amp; Ecological Toys\u00a0","article_publisher":"https:\/\/www.facebook.com\/teiaeducation\/","article_modified_time":"2025-06-18T20:36:03+00:00","og_image":[{"width":1200,"height":1200,"url":"https:\/\/teiaeducation.ch\/wp-content\/uploads\/2021\/09\/pastel-Friends-new-2021-version-Handmade-sustainable-wooden-peg-dolls-Grimms.jpg","type":"image\/jpeg"}],"schema":{"@context":"https:\/\/schema.org","@graph":[{"@type":"WebPage","@id":"https:\/\/teiaeducation.ch\/de\/produkt\/regenbogenfreunde-pastell-grimms\/","url":"https:\/\/teiaeducation.ch\/de\/produkt\/regenbogenfreunde-pastell-grimms\/","name":"Regenbogenfreunde Pastell - Grimm's 2021 Version","isPartOf":{"@id":"https:\/\/teiaeducation.ch\/de\/#website"},"primaryImageOfPage":{"@id":"https:\/\/teiaeducation.ch\/de\/produkt\/regenbogenfreunde-pastell-grimms\/#primaryimage"},"image":{"@id":"https:\/\/teiaeducation.ch\/de\/produkt\/regenbogenfreunde-pastell-grimms\/#primaryimage"},"thumbnailUrl":"https:\/\/teiaeducation.ch\/wp-content\/uploads\/2021\/09\/pastel-Friends-new-2021-version-Handmade-sustainable-wooden-peg-dolls-Grimms.jpg","datePublished":"2021-09-27T12:52:10+00:00","dateModified":"2025-06-18T20:36:03+00:00","description":"Ein Set der ber\u00fchmten Grimm's Regenbogenfreunde Pastell, neu aufgelegt in der Version 2021, mit 12 handgefertigten, nachhaltigen Holzpuppen in Pastellfarben","breadcrumb":{"@id":"https:\/\/teiaeducation.ch\/de\/produkt\/regenbogenfreunde-pastell-grimms\/#breadcrumb"},"inLanguage":"de-CH","potentialAction":[{"@type":"ReadAction","target":["https:\/\/teiaeducation.ch\/de\/produkt\/regenbogenfreunde-pastell-grimms\/"]}]},{"@type":"ImageObject","inLanguage":"de-CH","@id":"https:\/\/teiaeducation.ch\/de\/produkt\/regenbogenfreunde-pastell-grimms\/#primaryimage","url":"https:\/\/teiaeducation.ch\/wp-content\/uploads\/2021\/09\/pastel-Friends-new-2021-version-Handmade-sustainable-wooden-peg-dolls-Grimms.jpg","contentUrl":"https:\/\/teiaeducation.ch\/wp-content\/uploads\/2021\/09\/pastel-Friends-new-2021-version-Handmade-sustainable-wooden-peg-dolls-Grimms.jpg","width":1200,"height":1200,"caption":"pastellfarben Freunde neue 2021 Version Handgefertigte nachhaltige Peg Holzpuppen Grimm's"},{"@type":"BreadcrumbList","@id":"https:\/\/teiaeducation.ch\/de\/produkt\/regenbogenfreunde-pastell-grimms\/#breadcrumb","itemListElement":[{"@type":"ListItem","position":1,"name":"Home","item":"https:\/\/teiaeducation.ch\/de\/"},{"@type":"ListItem","position":2,"name":"Laden","item":"https:\/\/teiaeducation.ch\/de\/shop\/"},{"@type":"ListItem","position":3,"name":"Unsere Marken","item":"https:\/\/teiaeducation.ch\/de\/produkt-kategorie\/unsere-marken\/"},{"@type":"ListItem","position":4,"name":"Grimm's","item":"https:\/\/teiaeducation.ch\/de\/produkt-kategorie\/unsere-marken\/grimms-holzspielzeug\/"},{"@type":"ListItem","position":5,"name":"Regenbogenfreunde Pastell &#8211; Grimm&#8217;s 2021 Version"}]},{"@type":"WebSite","@id":"https:\/\/teiaeducation.ch\/de\/#website","url":"https:\/\/teiaeducation.ch\/de\/","name":"Sustainable Educational Products &amp; Ecological Toys\u00a0","description":"Specialised Swiss shop selling sustainable educational toys and games, AMI certified Montessori materials, handmade ecological wooden Waldorf toys and arts &amp; crafts supplies, school supplies, children&#039;s furniture and Montessori reference and parenting books.","publisher":{"@id":"https:\/\/teiaeducation.ch\/de\/#organization"},"alternateName":"Teia Education & Play","potentialAction":[{"@type":"SearchAction","target":{"@type":"EntryPoint","urlTemplate":"https:\/\/teiaeducation.ch\/de\/?s={search_term_string}"},"query-input":{"@type":"PropertyValueSpecification","valueRequired":true,"valueName":"search_term_string"}}],"inLanguage":"de-CH"},{"@type":"Organization","@id":"https:\/\/teiaeducation.ch\/de\/#organization","name":"Teia Education & Play","url":"https:\/\/teiaeducation.ch\/de\/","logo":{"@type":"ImageObject","inLanguage":"de-CH","@id":"https:\/\/teiaeducation.ch\/de\/#\/schema\/logo\/image\/","url":"https:\/\/teiaeducation.ch\/wp-content\/uploads\/2020\/11\/Teia-Education-Switzerland-e1620156442216.jpg","contentUrl":"https:\/\/teiaeducation.ch\/wp-content\/uploads\/2020\/11\/Teia-Education-Switzerland-e1620156442216.jpg","width":166,"height":145,"caption":"Teia Education & Play"},"image":{"@id":"https:\/\/teiaeducation.ch\/de\/#\/schema\/logo\/image\/"},"sameAs":["https:\/\/www.facebook.com\/teiaeducation\/","https:\/\/x.com\/EducationTeia","https:\/\/www.instagram.com\/teia.education\/","https:\/\/www.linkedin.com\/company\/35501660","https:\/\/www.pinterest.ch\/TeiaEducation\/"]}]},"product_price_amount":"52.90","product_price_currency":"CHF","og_availability":"out of stock","product_availability":"out of stock","product_retailer_item_id":"000000000000000000000000000000000000000000000355909","product_condition":"new"},"_links":{"self":[{"href":"https:\/\/teiaeducation.ch\/de\/wp-json\/wp\/v2\/product\/54543","targetHints":{"allow":["GET"]}}],"collection":[{"href":"https:\/\/teiaeducation.ch\/de\/wp-json\/wp\/v2\/product"}],"about":[{"href":"https:\/\/teiaeducation.ch\/de\/wp-json\/wp\/v2\/types\/product"}],"replies":[{"embeddable":true,"href":"https:\/\/teiaeducation.ch\/de\/wp-json\/wp\/v2\/comments?post=54543"}],"wp:featuredmedia":[{"embeddable":true,"href":"https:\/\/teiaeducation.ch\/de\/wp-json\/wp\/v2\/media\/54544"}],"wp:attachment":[{"href":"https:\/\/teiaeducation.ch\/de\/wp-json\/wp\/v2\/media?parent=54543"}],"wp:term":[{"taxonomy":"product_brand","embeddable":true,"href":"https:\/\/teiaeducation.ch\/de\/wp-json\/wp\/v2\/product_brand?post=54543"},{"taxonomy":"product_cat","embeddable":true,"href":"https:\/\/teiaeducation.ch\/de\/wp-json\/wp\/v2\/product_cat?post=54543"},{"taxonomy":"product_tag","embeddable":true,"href":"https:\/\/teiaeducation.ch\/de\/wp-json\/wp\/v2\/product_tag?post=54543"}],"curies":[{"name":"wp","href":"https:\/\/api.w.org\/{rel}","templated":true}]}}