{"id":54814,"date":"2021-06-02T14:11:10","date_gmt":"2021-06-02T12:11:10","guid":{"rendered":"https:\/\/teiaeducation.ch\/product\/regenbogen-pastell-grimms\/"},"modified":"2024-12-01T19:30:41","modified_gmt":"2024-12-01T18:30:41","slug":"regenbogen-pastell-grimms","status":"publish","type":"product","link":"https:\/\/teiaeducation.ch\/de\/produkt\/regenbogen-pastell-grimms\/","title":{"rendered":"Regenbogen Pastell &#8211; Grimm&#8217;s"},"content":{"rendered":"<p>Inspiriert von der <a href=\"https:\/\/teiaeducation.ch\/product-category\/hgh-quality-toys-play\/waldorf-toys\/\">Waldorf<\/a> Steiner P\u00e4dagogik ist der Grimm&#8217;s 6-teilige kleine Regenbogen Pastell ein handgefertigtes, nachhaltiges <a href=\"https:\/\/teiaeducation.ch\/product-category\/play\/stacking-toys\/\">Holzstapelspielzeug<\/a> mit zeitlosem Reiz! Es besteht aus 6 Teilen, die von Hand aus einem einzigen Holzblock geschnitten wurden. Der Regenbogen ist aus Lindenholz gefertigt und mit ungiftiger Pastellfarbe auf Wasserbasis gestrichen, so dass er auch f\u00fcr (kleine) Kinder geeignet ist.<\/p>\n<p>Dieser kleine Regenbogen ist ca. 17 cm lang und bietet endlose M\u00f6glichkeiten f\u00fcr kreatives Spielen. Der farbenfrohe Grimm&#8217;s Regenbogen Pastell\u00a0ist auch eine sch\u00f6ne Erg\u00e4nzung f\u00fcr jedes Spielzimmer, Klassenzimmer oder Kinderzimmer.<\/p>\n<p>Der kleine Grimm&#8217;s Regenbogen kann von kleinen Kindern zum Stapeln verwendet werden, <a href=\"https:\/\/teiaeducation.ch\/product-category\/play\/sorting\/\">sortieren<\/a> und bauen und wenn die Kinder \u00e4lter werden, werden sie es als Wiege f\u00fcr ihre geliebten Puppen, als Zaun f\u00fcr <a href=\"https:\/\/teiaeducation.ch\/product-category\/play\/animals-farms\/\">Tiere<\/a>, als Tunnel oder Br\u00fccke f\u00fcr <a href=\"https:\/\/teiaeducation.ch\/product-category\/play\/toy-cars-vehicles\/\">Fahrzeuge<\/a>, als Haus f\u00fcr Zwerge und Puppenstubenpuppen oder zum Bau erstaunlicher Skulpturen. Der kleine Regenbogen eignet sich auch zur Verwendung auf einem Waldorf-Natur- oder Jahreszeitentisch oder als Erg\u00e4nzung zu Krippenfiguren f\u00fcr eine Weihnachtsszene.<\/p>\n<p>Der 6-teilige kleine Grimm&#8217;s Regenbogen Pastell ist f\u00fcr Kinder ab 1 Jahr geeignet.<\/p>\n<p>Inhalt:<\/p>\n<p>1 kleiner 6-teiliger Holz-Regenbogen<\/p>\n<p><a href=\"https:\/\/teiaeducation.ch\/wp-content\/uploads\/2019\/04\/Spielgut.jpg\"><img loading=\"lazy\" decoding=\"async\" class=\"alignleft wp-image-4863\" src=\"https:\/\/teiaeducation.ch\/wp-content\/uploads\/2019\/04\/Spielgut.jpg\" sizes=\"auto, (max-width: 100px) 100vw, 100px\" srcset=\"https:\/\/teiaeducation.ch\/wp-content\/uploads\/2019\/04\/Spielgut.jpg 235w, https:\/\/teiaeducation.ch\/wp-content\/uploads\/2019\/04\/Spielgut-100x100.jpg 100w\" alt=\"\" width=\"100\" height=\"100\" \/><\/a><\/p>\n<p>&nbsp;<\/p>\n<p>Der kleine Grimm&#8217;s Regenbogen Pastell\u00a0ist mit dem Spielgut\u00ae-Siegel ausgezeichnet worden.<\/p>\n<p>&nbsp;<\/p>\n<p>&nbsp;<\/p>\n<h2>\u00dcber Grimm&#8217;s<\/h2>\n<p>Ideal zum Spielen zu Hause, im Kindergarten, in der <a href=\"https:\/\/teiaeducation.ch\/waldorf-steiner-schools-supplies\/\">Waldorf- oder Steiner-Schule<\/a>. Die sch\u00f6nen <a href=\"https:\/\/teiaeducation.ch\/product-category\/brands\/grimms\/\">Grimm&#8217;s Naturholzspielzeuge<\/a> werden nach der <a href=\"https:\/\/teiaeducation.ch\/product-category\/education-method\/waldorf-steiner-toys-craft-materials\/\">Waldorf-Philosophie<\/a> hergestellt, die daf\u00fcr bekannt ist, dass sie Kinder dazu ermutigt, das kreative Spiel selbstst\u00e4ndig, ohne Einschr\u00e4nkungen und in einem gem\u00fctlichen Tempo zu entdecken. Die Grimm&#8217;s Holzspielzeuge werden von Hand mit ungiftigen Farben auf Wasserbasis gef\u00e4rbt und nicht lackiert, damit die urspr\u00fcnglichen Eigenschaften des Holzes und die Maserung erhalten bleiben. Die Oberfl\u00e4che der FSC-zertifizierten europ\u00e4ischen Holz ist leicht rau, wodurch sie vollst\u00e4ndig stapelbar und weniger rutschig sind.<\/p>\n<p>Grimm&#8217;s <a href=\"https:\/\/teiaeducation.ch\/product-category\/hgh-quality-toys-play\/handmade-wooden-toys\/\">handgefertigtes Holzspielzeug<\/a> wird in den Grimm&#8217;s Werken in Deutschland sowie in mehreren Werkst\u00e4tten in ganz Europa aus verschiedenen Holzarten wie Erle, Linde, Buche und Ahorn hergestellt. Alle H\u00f6lzer, die f\u00fcr die Herstellung der Grimm&#8217;s-Spielzeuge verwendet werden, stammen aus nachhaltig bewirtschafteten europ\u00e4ischen W\u00e4ldern.<\/p>\n<p>Bitte beachten Sie, dass Grimm&#8217;s Spielzeuge immer Unikate sind, die einzigartige, von der Natur geschaffene Zeichen tragen. Die Maserung des Holzes weist wechselnde Strukturen und Farben auf, die von seiner nat\u00fcrlichen Herkunft zeugen. Die einzigartigen Variationen, Markierungen, \u00c4ste, Muster, schwarzen Streifen oder dunklen Flecken, die im Holz eines Grimm&#8217;s Spielzeugs sichtbar sein k\u00f6nnen, sind ein Beweis f\u00fcr Qualit\u00e4t, keine M\u00e4ngel.<\/p>\n","protected":false},"excerpt":{"rendered":"<p>Artikelnummer: gri10701<\/p>\n<p>Der Grimm&#8217;s 6-teilige kleine Regenbogen Pastell ist ein mit ungiftiger Farbe auf Wasserbasis gestrichen Holzstapelspielzeug mit zeitlosem Reiz!<\/p>\n","protected":false},"featured_media":54815,"comment_status":"open","ping_status":"closed","template":"","meta":[],"product_brand":[],"product_cat":[21445,21446,24871,21479,21465,21690,21640,23075,21443,22349,21563,22362,23636,21678,21699,21564,21483,22919],"product_tag":[25372,25421,21715,21751,21752,21750,21713,21714],"class_list":{"0":"post-54814","1":"product","2":"type-product","3":"status-publish","4":"has-post-thumbnail","6":"product_cat-3-6-jahre-vorschule","7":"product_cat-6-12-jahre-grundschule","8":"product_cat-bau-regenbogenwelten","9":"product_cat-lernmaterialien-spielzeug-montessori-waldorf-steiner-froebel","10":"product_cat-feier-festlichkeiten","11":"product_cat-spiele-mit-offenem-ende","12":"product_cat-grimms-holzspielzeug","13":"product_cat-handgefertigtes-holzspielzeug","14":"product_cat-nach-alter","15":"product_cat-natur-saisonale-tische-de","16":"product_cat-neuheiten","17":"product_cat-saisonale-kollektionen","18":"product_cat-sommer-kollektion","19":"product_cat-kinder-spielzeug","20":"product_cat-stapelspielzeug","21":"product_cat-unsere-marken","22":"product_cat-waldorf-steiner-paedagogik","23":"product_cat-waldorfspielzeug","24":"product_tag-grimms-groser-pastellfarbener-regenbogen","25":"product_tag-grimms-mittlerer-pastellfarbener-regenbogen","26":"product_tag-grimms-switzerland-de","27":"product_tag-grimms-holzspielzeugladen-de","28":"product_tag-grimms-regenbogenspielzeug","29":"product_tag-groser-regenbogen-12-stuck-grimms","30":"product_tag-holzspielzeug-mit-offenem-ende","31":"product_tag-waldorfspielzeug-aus-holz","33":"first","34":"instock","35":"taxable","36":"shipping-taxable","37":"purchasable","38":"product-type-simple"},"yoast_head":"<!-- This site is optimized with the Yoast SEO plugin v27.1.1 - https:\/\/yoast.com\/product\/yoast-seo-wordpress\/ -->\n<title>Regenbogen Pastell - Grimm&#039;s<\/title>\n<meta name=\"description\" content=\"Der Grimm&#039;s 6-teilige kleine Regenbogen Pastell ist ein mit ungiftiger Farbe auf Wasserbasis gestrichen Holzstapelspielzeug mit zeitlosem Reiz!\" \/>\n<meta name=\"robots\" content=\"index, follow, max-snippet:-1, max-image-preview:large, max-video-preview:-1\" \/>\n<link rel=\"canonical\" href=\"https:\/\/teiaeducation.ch\/de\/produkt\/regenbogen-pastell-grimms\/\" \/>\n<meta property=\"og:locale\" content=\"de_DE\" \/>\n<meta property=\"og:type\" content=\"article\" \/>\n<meta property=\"og:title\" content=\"Regenbogen Pastell - Grimm&#039;s\" \/>\n<meta property=\"og:description\" content=\"Der Grimm&#039;s 6-teilige kleine Regenbogen Pastell ist ein mit ungiftiger Farbe auf Wasserbasis gestrichen Holzstapelspielzeug mit zeitlosem Reiz!\" \/>\n<meta property=\"og:url\" content=\"https:\/\/teiaeducation.ch\/de\/produkt\/regenbogen-pastell-grimms\/\" \/>\n<meta property=\"og:site_name\" content=\"Sustainable Educational Products &amp; Ecological Toys\u00a0\" \/>\n<meta property=\"article:publisher\" content=\"https:\/\/www.facebook.com\/teiaeducation\/\" \/>\n<meta property=\"article:modified_time\" content=\"2024-12-01T18:30:41+00:00\" \/>\n<meta property=\"og:image\" content=\"https:\/\/teiaeducation.ch\/wp-content\/uploads\/2020\/11\/Medium-pastel-rainbow-6-Pieces-Handmade-sustainable-wooden-stacking-toy-Grimms.jpg\" \/>\n\t<meta property=\"og:image:width\" content=\"800\" \/>\n\t<meta property=\"og:image:height\" content=\"800\" \/>\n\t<meta property=\"og:image:type\" content=\"image\/jpeg\" \/>\n<script type=\"application\/ld+json\" class=\"yoast-schema-graph\">{\"@context\":\"https:\/\/schema.org\",\"@graph\":[{\"@type\":\"WebPage\",\"@id\":\"https:\/\/teiaeducation.ch\/de\/produkt\/regenbogen-pastell-grimms\/\",\"url\":\"https:\/\/teiaeducation.ch\/de\/produkt\/regenbogen-pastell-grimms\/\",\"name\":\"Regenbogen Pastell - Grimm's\",\"isPartOf\":{\"@id\":\"https:\/\/teiaeducation.ch\/de\/#website\"},\"primaryImageOfPage\":{\"@id\":\"https:\/\/teiaeducation.ch\/de\/produkt\/regenbogen-pastell-grimms\/#primaryimage\"},\"image\":{\"@id\":\"https:\/\/teiaeducation.ch\/de\/produkt\/regenbogen-pastell-grimms\/#primaryimage\"},\"thumbnailUrl\":\"https:\/\/teiaeducation.ch\/wp-content\/uploads\/2020\/11\/Medium-pastel-rainbow-6-Pieces-Handmade-sustainable-wooden-stacking-toy-Grimms.jpg\",\"datePublished\":\"2021-06-02T12:11:10+00:00\",\"dateModified\":\"2024-12-01T18:30:41+00:00\",\"description\":\"Der Grimm's 6-teilige kleine Regenbogen Pastell ist ein mit ungiftiger Farbe auf Wasserbasis gestrichen Holzstapelspielzeug mit zeitlosem Reiz!\",\"breadcrumb\":{\"@id\":\"https:\/\/teiaeducation.ch\/de\/produkt\/regenbogen-pastell-grimms\/#breadcrumb\"},\"inLanguage\":\"de-CH\",\"potentialAction\":[{\"@type\":\"ReadAction\",\"target\":[\"https:\/\/teiaeducation.ch\/de\/produkt\/regenbogen-pastell-grimms\/\"]}]},{\"@type\":\"ImageObject\",\"inLanguage\":\"de-CH\",\"@id\":\"https:\/\/teiaeducation.ch\/de\/produkt\/regenbogen-pastell-grimms\/#primaryimage\",\"url\":\"https:\/\/teiaeducation.ch\/wp-content\/uploads\/2020\/11\/Medium-pastel-rainbow-6-Pieces-Handmade-sustainable-wooden-stacking-toy-Grimms.jpg\",\"contentUrl\":\"https:\/\/teiaeducation.ch\/wp-content\/uploads\/2020\/11\/Medium-pastel-rainbow-6-Pieces-Handmade-sustainable-wooden-stacking-toy-Grimms.jpg\",\"width\":800,\"height\":800,\"caption\":\"Mittlerer pastellfarbener Regenbogen (6 St\u00fcck) : Handgefertigtes nachhaltiges Stapelspielzeug aus Holz - Grimm's\"},{\"@type\":\"BreadcrumbList\",\"@id\":\"https:\/\/teiaeducation.ch\/de\/produkt\/regenbogen-pastell-grimms\/#breadcrumb\",\"itemListElement\":[{\"@type\":\"ListItem\",\"position\":1,\"name\":\"Home\",\"item\":\"https:\/\/teiaeducation.ch\/de\/\"},{\"@type\":\"ListItem\",\"position\":2,\"name\":\"Laden\",\"item\":\"https:\/\/teiaeducation.ch\/de\/shop\/\"},{\"@type\":\"ListItem\",\"position\":3,\"name\":\"Unsere Marken\",\"item\":\"https:\/\/teiaeducation.ch\/de\/produkt-kategorie\/unsere-marken\/\"},{\"@type\":\"ListItem\",\"position\":4,\"name\":\"Grimm's\",\"item\":\"https:\/\/teiaeducation.ch\/de\/produkt-kategorie\/unsere-marken\/grimms-holzspielzeug\/\"},{\"@type\":\"ListItem\",\"position\":5,\"name\":\"Regenbogen Pastell &#8211; Grimm&#8217;s\"}]},{\"@type\":\"WebSite\",\"@id\":\"https:\/\/teiaeducation.ch\/de\/#website\",\"url\":\"https:\/\/teiaeducation.ch\/de\/\",\"name\":\"Sustainable Educational Products &amp; Ecological Toys\u00a0\",\"description\":\"Specialised Swiss shop selling sustainable educational toys and games, AMI certified Montessori materials, handmade ecological wooden Waldorf toys and arts &amp; crafts supplies, school supplies, children&#039;s furniture and Montessori reference and parenting books.\",\"publisher\":{\"@id\":\"https:\/\/teiaeducation.ch\/de\/#organization\"},\"alternateName\":\"Teia Education & Play\",\"potentialAction\":[{\"@type\":\"SearchAction\",\"target\":{\"@type\":\"EntryPoint\",\"urlTemplate\":\"https:\/\/teiaeducation.ch\/de\/?s={search_term_string}\"},\"query-input\":{\"@type\":\"PropertyValueSpecification\",\"valueRequired\":true,\"valueName\":\"search_term_string\"}}],\"inLanguage\":\"de-CH\"},{\"@type\":\"Organization\",\"@id\":\"https:\/\/teiaeducation.ch\/de\/#organization\",\"name\":\"Teia Education & Play\",\"url\":\"https:\/\/teiaeducation.ch\/de\/\",\"logo\":{\"@type\":\"ImageObject\",\"inLanguage\":\"de-CH\",\"@id\":\"https:\/\/teiaeducation.ch\/de\/#\/schema\/logo\/image\/\",\"url\":\"https:\/\/teiaeducation.ch\/wp-content\/uploads\/2020\/11\/Teia-Education-Switzerland-e1620156442216.jpg\",\"contentUrl\":\"https:\/\/teiaeducation.ch\/wp-content\/uploads\/2020\/11\/Teia-Education-Switzerland-e1620156442216.jpg\",\"width\":166,\"height\":145,\"caption\":\"Teia Education & Play\"},\"image\":{\"@id\":\"https:\/\/teiaeducation.ch\/de\/#\/schema\/logo\/image\/\"},\"sameAs\":[\"https:\/\/www.facebook.com\/teiaeducation\/\",\"https:\/\/x.com\/EducationTeia\",\"https:\/\/www.instagram.com\/teia.education\/\",\"https:\/\/www.linkedin.com\/company\/35501660\",\"https:\/\/www.pinterest.ch\/TeiaEducation\/\"]}]}<\/script>\n<!-- \/ Yoast SEO plugin. -->","yoast_head_json":{"title":"Regenbogen Pastell - Grimm's","description":"Der Grimm's 6-teilige kleine Regenbogen Pastell ist ein mit ungiftiger Farbe auf Wasserbasis gestrichen Holzstapelspielzeug mit zeitlosem Reiz!","robots":{"index":"index","follow":"follow","max-snippet":"max-snippet:-1","max-image-preview":"max-image-preview:large","max-video-preview":"max-video-preview:-1"},"canonical":"https:\/\/teiaeducation.ch\/de\/produkt\/regenbogen-pastell-grimms\/","og_locale":"de_DE","og_type":"article","og_title":"Regenbogen Pastell - Grimm's","og_description":"Der Grimm's 6-teilige kleine Regenbogen Pastell ist ein mit ungiftiger Farbe auf Wasserbasis gestrichen Holzstapelspielzeug mit zeitlosem Reiz!","og_url":"https:\/\/teiaeducation.ch\/de\/produkt\/regenbogen-pastell-grimms\/","og_site_name":"Sustainable Educational Products &amp; Ecological Toys\u00a0","article_publisher":"https:\/\/www.facebook.com\/teiaeducation\/","article_modified_time":"2024-12-01T18:30:41+00:00","og_image":[{"width":800,"height":800,"url":"https:\/\/teiaeducation.ch\/wp-content\/uploads\/2020\/11\/Medium-pastel-rainbow-6-Pieces-Handmade-sustainable-wooden-stacking-toy-Grimms.jpg","type":"image\/jpeg"}],"schema":{"@context":"https:\/\/schema.org","@graph":[{"@type":"WebPage","@id":"https:\/\/teiaeducation.ch\/de\/produkt\/regenbogen-pastell-grimms\/","url":"https:\/\/teiaeducation.ch\/de\/produkt\/regenbogen-pastell-grimms\/","name":"Regenbogen Pastell - Grimm's","isPartOf":{"@id":"https:\/\/teiaeducation.ch\/de\/#website"},"primaryImageOfPage":{"@id":"https:\/\/teiaeducation.ch\/de\/produkt\/regenbogen-pastell-grimms\/#primaryimage"},"image":{"@id":"https:\/\/teiaeducation.ch\/de\/produkt\/regenbogen-pastell-grimms\/#primaryimage"},"thumbnailUrl":"https:\/\/teiaeducation.ch\/wp-content\/uploads\/2020\/11\/Medium-pastel-rainbow-6-Pieces-Handmade-sustainable-wooden-stacking-toy-Grimms.jpg","datePublished":"2021-06-02T12:11:10+00:00","dateModified":"2024-12-01T18:30:41+00:00","description":"Der Grimm's 6-teilige kleine Regenbogen Pastell ist ein mit ungiftiger Farbe auf Wasserbasis gestrichen Holzstapelspielzeug mit zeitlosem Reiz!","breadcrumb":{"@id":"https:\/\/teiaeducation.ch\/de\/produkt\/regenbogen-pastell-grimms\/#breadcrumb"},"inLanguage":"de-CH","potentialAction":[{"@type":"ReadAction","target":["https:\/\/teiaeducation.ch\/de\/produkt\/regenbogen-pastell-grimms\/"]}]},{"@type":"ImageObject","inLanguage":"de-CH","@id":"https:\/\/teiaeducation.ch\/de\/produkt\/regenbogen-pastell-grimms\/#primaryimage","url":"https:\/\/teiaeducation.ch\/wp-content\/uploads\/2020\/11\/Medium-pastel-rainbow-6-Pieces-Handmade-sustainable-wooden-stacking-toy-Grimms.jpg","contentUrl":"https:\/\/teiaeducation.ch\/wp-content\/uploads\/2020\/11\/Medium-pastel-rainbow-6-Pieces-Handmade-sustainable-wooden-stacking-toy-Grimms.jpg","width":800,"height":800,"caption":"Mittlerer pastellfarbener Regenbogen (6 St\u00fcck) : Handgefertigtes nachhaltiges Stapelspielzeug aus Holz - Grimm's"},{"@type":"BreadcrumbList","@id":"https:\/\/teiaeducation.ch\/de\/produkt\/regenbogen-pastell-grimms\/#breadcrumb","itemListElement":[{"@type":"ListItem","position":1,"name":"Home","item":"https:\/\/teiaeducation.ch\/de\/"},{"@type":"ListItem","position":2,"name":"Laden","item":"https:\/\/teiaeducation.ch\/de\/shop\/"},{"@type":"ListItem","position":3,"name":"Unsere Marken","item":"https:\/\/teiaeducation.ch\/de\/produkt-kategorie\/unsere-marken\/"},{"@type":"ListItem","position":4,"name":"Grimm's","item":"https:\/\/teiaeducation.ch\/de\/produkt-kategorie\/unsere-marken\/grimms-holzspielzeug\/"},{"@type":"ListItem","position":5,"name":"Regenbogen Pastell &#8211; Grimm&#8217;s"}]},{"@type":"WebSite","@id":"https:\/\/teiaeducation.ch\/de\/#website","url":"https:\/\/teiaeducation.ch\/de\/","name":"Sustainable Educational Products &amp; Ecological Toys\u00a0","description":"Specialised Swiss shop selling sustainable educational toys and games, AMI certified Montessori materials, handmade ecological wooden Waldorf toys and arts &amp; crafts supplies, school supplies, children&#039;s furniture and Montessori reference and parenting books.","publisher":{"@id":"https:\/\/teiaeducation.ch\/de\/#organization"},"alternateName":"Teia Education & Play","potentialAction":[{"@type":"SearchAction","target":{"@type":"EntryPoint","urlTemplate":"https:\/\/teiaeducation.ch\/de\/?s={search_term_string}"},"query-input":{"@type":"PropertyValueSpecification","valueRequired":true,"valueName":"search_term_string"}}],"inLanguage":"de-CH"},{"@type":"Organization","@id":"https:\/\/teiaeducation.ch\/de\/#organization","name":"Teia Education & Play","url":"https:\/\/teiaeducation.ch\/de\/","logo":{"@type":"ImageObject","inLanguage":"de-CH","@id":"https:\/\/teiaeducation.ch\/de\/#\/schema\/logo\/image\/","url":"https:\/\/teiaeducation.ch\/wp-content\/uploads\/2020\/11\/Teia-Education-Switzerland-e1620156442216.jpg","contentUrl":"https:\/\/teiaeducation.ch\/wp-content\/uploads\/2020\/11\/Teia-Education-Switzerland-e1620156442216.jpg","width":166,"height":145,"caption":"Teia Education & Play"},"image":{"@id":"https:\/\/teiaeducation.ch\/de\/#\/schema\/logo\/image\/"},"sameAs":["https:\/\/www.facebook.com\/teiaeducation\/","https:\/\/x.com\/EducationTeia","https:\/\/www.instagram.com\/teia.education\/","https:\/\/www.linkedin.com\/company\/35501660","https:\/\/www.pinterest.ch\/TeiaEducation\/"]}]}},"_links":{"self":[{"href":"https:\/\/teiaeducation.ch\/de\/wp-json\/wp\/v2\/product\/54814","targetHints":{"allow":["GET"]}}],"collection":[{"href":"https:\/\/teiaeducation.ch\/de\/wp-json\/wp\/v2\/product"}],"about":[{"href":"https:\/\/teiaeducation.ch\/de\/wp-json\/wp\/v2\/types\/product"}],"replies":[{"embeddable":true,"href":"https:\/\/teiaeducation.ch\/de\/wp-json\/wp\/v2\/comments?post=54814"}],"wp:featuredmedia":[{"embeddable":true,"href":"https:\/\/teiaeducation.ch\/de\/wp-json\/wp\/v2\/media\/54815"}],"wp:attachment":[{"href":"https:\/\/teiaeducation.ch\/de\/wp-json\/wp\/v2\/media?parent=54814"}],"wp:term":[{"taxonomy":"product_brand","embeddable":true,"href":"https:\/\/teiaeducation.ch\/de\/wp-json\/wp\/v2\/product_brand?post=54814"},{"taxonomy":"product_cat","embeddable":true,"href":"https:\/\/teiaeducation.ch\/de\/wp-json\/wp\/v2\/product_cat?post=54814"},{"taxonomy":"product_tag","embeddable":true,"href":"https:\/\/teiaeducation.ch\/de\/wp-json\/wp\/v2\/product_tag?post=54814"}],"curies":[{"name":"wp","href":"https:\/\/api.w.org\/{rel}","templated":true}]}}