{"id":54841,"date":"2024-08-19T14:00:31","date_gmt":"2024-08-19T12:00:31","guid":{"rendered":"https:\/\/teiaeducation.ch\/product\/kindermesser-aus-holz-skagfae\/"},"modified":"2025-08-30T08:11:59","modified_gmt":"2025-08-30T06:11:59","slug":"kindermesser-aus-holz-montessori-skagfa","status":"publish","type":"product","link":"https:\/\/teiaeducation.ch\/de\/produkt\/kindermesser-aus-holz-montessori-skagfa\/","title":{"rendered":"Montessori Kindermesser aus Holz &#8211; SK\u00c5GF\u00c4"},"content":{"rendered":"<p>Das sch\u00f6n gestaltete Kindermesser aus Holz von SK\u00c5GF\u00c4 ist ein sehr handliches und hochwertiges Messer im Montessori-Stil!<\/p>\n<p>Das Tr\u00e4kniv Kindermesser aus Holz ist ein ideales Werkzeug f\u00fcr <a href=\"https:\/\/teiaeducation.ch\/product-category\/education-method\/the-montessori-pedagogy-materials-toys\/\">Montessori<\/a>-Aktivit\u00e4ten und l\u00e4sst Kinder sicher in der K\u00fcche helfen. Das clevere ergonomische Design macht es zu einem einfachen Kindermesser f\u00fcr Einsteiger. Es ist der perfekte Gem\u00fcse- und Obstschneider. Dieses kindersichere Messer gibt Eltern Ruhe und erm\u00f6glicht es Kindern, sicher zu lernen, an der Zubereitung von Mahlzeiten teilzunehmen und Obst und Gem\u00fcse zu schneiden. Es hilft auch, Unabh\u00e4ngigkeit zu entwickeln und <a href=\"https:\/\/teiaeducation.ch\/product-category\/learning-themes\/sensory-motor-skills\/motor-skills\/\">Feinmotorik<\/a> zu verbessern.<\/p>\n<p>Die hervorragende Qualit\u00e4t und die Verarbeitung mit reinen Natur\u00f6len zeichnen dieses Montessori Kindermesser aus. Es ist entworfen und handgefertigt in Spanien in kleinen Mengen.<\/p>\n<p>Das SK\u00c5GF\u00c4 Kindermesser aus Holz misst ca. 10 x 9,4 cm. Die umweltfreundliche, moderne Verpackung macht das Tr\u00e4kniv Kindermesser aus Holz zu einem idealen <a href=\"https:\/\/teiaeducation.ch\/product-category\/gifts-guides\/gift-guide-educational-toys\/\">Geschenk<\/a> f\u00fcr Montessori-Kinder.<\/p>\n<p>PFLEGE:<br \/>\n&#8211; Waschen Sie das Holzmesser nach Gebrauch mit warmem Wasser und milder Seife, sp\u00fclen Sie es aus und trocknen Sie es sofort ab<br \/>\n&#8211; Lassen Sie es vollst\u00e4ndig trocknen, bevor Sie es erneut verwenden.<br \/>\n&#8211; An einem trockenen Ort lagern<br \/>\n&#8211; Wenn das Holz trocken wird, tragen Sie eine Schicht Pflanzen\u00f6l auf.<br \/>\n&#8211; Sie k\u00f6nnen es immer schleifen, wenn Sie es brauchen.<\/p>\n<p>SICHERHEIT:<br \/>\n&#8211; Nicht in die Mikrowelle oder in die Sp\u00fclmaschine stellen.<br \/>\n&#8211; Von W\u00e4rmequellen fern halten.<br \/>\n&#8211; Nicht empfohlen zum Schneiden von Fleisch, Fisch usw.<br \/>\n&#8211; Nach jedem Gebrauch gr\u00fcndlich waschen und dabei Produkte oder Materialien vermeiden, die das Holz zerkratzen k\u00f6nnen, um das Eindringen von Bakterien zu verhindern.<\/p>\n<p>Das SK\u00c5GF\u00c4 Kindermesser aus Holz ist f\u00fcr Kinder ab 3 Jahren oder ab 2 Jahren unter Aufsicht von Erwachsenen geeignet.<\/p>\n<p>Inhalt:<\/p>\n<p>1 Kindermesser aus Holz<\/p>\n<h2>\u00dcber SK\u00c5GF\u00c4<\/h2>\n<p><a href=\"https:\/\/teiaeducation.ch\/product-category\/brands\/skagfa\/\">SK\u00c5GF\u00c4<\/a> ist ein skandinavisches und mediterranes Designhaus, das sich auf minimalistische, schlichte Linien und die Verschmelzung von Farben spezialisiert hat, kombiniert mit gro\u00dfer Funktionalit\u00e4t und hoher Qualit\u00e4t. Die sch\u00f6nen Kinderprodukte von SK\u00c5GF\u00c4 umfassen von <a href=\"https:\/\/teiaeducation.ch\/product-category\/hgh-quality-toys-play\/montessori-toys\/\">Montessori<\/a> inspirierte Werkzeuge, die es Kindern erm\u00f6glichen, mitzumachen und sich selbst zu versorgen. Nur hochwertige, ungiftige Materialien werden verwendet und alle Produkte werden in kleinen Mengen in Spanien handgefertigt.<\/p>\n","protected":false},"excerpt":{"rendered":"<p>Artikelnummer: SK002K<\/p>\n<p>Das SK\u00c5GF\u00c4 Kindermesser aus Holz im Montessori-Stil ist ein praktisches Werkzeug, um sicheres und selbst\u00e4ndiges Schneiden zu lernen !<\/p>\n<p>&nbsp;<\/p>\n","protected":false},"featured_media":43083,"comment_status":"open","ping_status":"closed","template":"","meta":[],"product_brand":[],"product_cat":[21445,21446,22033,23651,21479,21491,21484,22422,21464,21509,21498,21481,22182,21559,21443,21563,21687,21693,22362,21494,21495,21557,21695,22357,21678,21482,21556,21564,24314,21483],"product_tag":[25426,25422,25430,25424,25431,25429,25425,25427,25428,25423],"class_list":{"0":"post-54841","1":"product","2":"type-product","3":"status-publish","4":"has-post-thumbnail","6":"product_cat-3-6-jahre-vorschule","7":"product_cat-6-12-jahre-grundschule","8":"product_cat-adventskalender-geschenke-strumpffueller","9":"product_cat-back-to-school-de","10":"product_cat-lernmaterialien-spielzeug-montessori-waldorf-steiner-froebel","11":"product_cat-geschenk-guide-lerngeschenke","12":"product_cat-geschenk-guides","13":"product_cat-geschenke-fuer-das-osterkoerbchen","14":"product_cat-herbstkollektion","15":"product_cat-lernthemen","16":"product_cat-montessori-materialien-fuer-zuhause-schulbedarf-fuer-zuhause","17":"product_cat-montessori-paedagogik-material-spielzeug","18":"product_cat-montessori-spielzeug","19":"product_cat-motorische-fertigkeiten","20":"product_cat-nach-alter","21":"product_cat-neuheiten","22":"product_cat-phantasievoll-rollenspiel","23":"product_cat-realistisches-lebensmittel-aus-holz","24":"product_cat-saisonale-kollektionen","25":"product_cat-schulbedarf-fuer-zuhause","26":"product_cat-schulbedarf-fuer-zuhause-3-6-jahre","27":"product_cat-sensorische-motorische-fertigkeiten","28":"product_cat-sinnliches-spiel","29":"product_cat-skagfae","30":"product_cat-kinder-spielzeug","31":"product_cat-traditionelle-bildung","32":"product_cat-uebungen-des-praktischen-lebens","33":"product_cat-unsere-marken","34":"product_cat-valentinstag","35":"product_cat-waldorf-steiner-paedagogik","36":"product_tag-kindermesser","37":"product_tag-kindermesser-aus-holz","38":"product_tag-montessori-kuchengerate","39":"product_tag-montessori-messer","40":"product_tag-montessori-utensilien","41":"product_tag-montessori-werkzeuge","42":"product_tag-montessorimesser-aus-holz","43":"product_tag-obstschneider-fur-kinder","44":"product_tag-sicherheitsmesser-aus-holz","45":"product_tag-skagfa-de","47":"first","48":"outofstock","49":"taxable","50":"shipping-taxable","51":"purchasable","52":"product-type-simple"},"yoast_head":"<!-- This site is optimized with the Yoast SEO Premium plugin v25.8 (Yoast SEO v27.4) - https:\/\/yoast.com\/product\/yoast-seo-premium-wordpress\/ -->\n<title>Montessori Kindermesser aus Holz - SK\u00c5GF\u00c4<\/title>\n<meta name=\"description\" content=\"Das SK\u00c5GF\u00c4 Kindermesser aus Holz im Montessori-Stil ist ein praktisches Werkzeug, um sicheres und selbst\u00e4ndiges Schneiden zu lernen !\" \/>\n<meta name=\"robots\" content=\"index, follow, max-snippet:-1, max-image-preview:large, max-video-preview:-1\" \/>\n<link rel=\"canonical\" href=\"https:\/\/teiaeducation.ch\/de\/produkt\/kindermesser-aus-holz-montessori-skagfa\/\" \/>\n<meta property=\"og:locale\" content=\"de_DE\" \/>\n<meta property=\"og:type\" content=\"article\" \/>\n<meta property=\"og:title\" content=\"Montessori Kindermesser aus Holz - SK\u00c5GF\u00c4\" \/>\n<meta property=\"og:description\" content=\"Das SK\u00c5GF\u00c4 Kindermesser aus Holz im Montessori-Stil ist ein praktisches Werkzeug, um sicheres und selbst\u00e4ndiges Schneiden zu lernen !\" \/>\n<meta property=\"og:url\" content=\"https:\/\/teiaeducation.ch\/de\/produkt\/kindermesser-aus-holz-montessori-skagfa\/\" \/>\n<meta property=\"og:site_name\" content=\"Sustainable Educational Products &amp; Ecological Toys\u00a0\" \/>\n<meta property=\"article:publisher\" content=\"https:\/\/www.facebook.com\/teiaeducation\/\" \/>\n<meta property=\"article:modified_time\" content=\"2025-08-30T06:11:59+00:00\" \/>\n<meta property=\"og:image\" content=\"https:\/\/teiaeducation.ch\/wp-content\/uploads\/2021\/12\/Childrens-wooden-knife-SKAGFA.jpg\" \/>\n\t<meta property=\"og:image:width\" content=\"675\" \/>\n\t<meta property=\"og:image:height\" content=\"900\" \/>\n\t<meta property=\"og:image:type\" content=\"image\/jpeg\" \/>\n<script type=\"application\/ld+json\" class=\"yoast-schema-graph\">{\"@context\":\"https:\\\/\\\/schema.org\",\"@graph\":[{\"@type\":\"WebPage\",\"@id\":\"https:\\\/\\\/teiaeducation.ch\\\/de\\\/produkt\\\/kindermesser-aus-holz-montessori-skagfa\\\/\",\"url\":\"https:\\\/\\\/teiaeducation.ch\\\/de\\\/produkt\\\/kindermesser-aus-holz-montessori-skagfa\\\/\",\"name\":\"Montessori Kindermesser aus Holz - SK\u00c5GF\u00c4\",\"isPartOf\":{\"@id\":\"https:\\\/\\\/teiaeducation.ch\\\/de\\\/#website\"},\"primaryImageOfPage\":{\"@id\":\"https:\\\/\\\/teiaeducation.ch\\\/de\\\/produkt\\\/kindermesser-aus-holz-montessori-skagfa\\\/#primaryimage\"},\"image\":{\"@id\":\"https:\\\/\\\/teiaeducation.ch\\\/de\\\/produkt\\\/kindermesser-aus-holz-montessori-skagfa\\\/#primaryimage\"},\"thumbnailUrl\":\"https:\\\/\\\/teiaeducation.ch\\\/wp-content\\\/uploads\\\/2021\\\/12\\\/Childrens-wooden-knife-SKAGFA.jpg\",\"datePublished\":\"2024-08-19T12:00:31+00:00\",\"dateModified\":\"2025-08-30T06:11:59+00:00\",\"description\":\"Das SK\u00c5GF\u00c4 Kindermesser aus Holz im Montessori-Stil ist ein praktisches Werkzeug, um sicheres und selbst\u00e4ndiges Schneiden zu lernen !\",\"breadcrumb\":{\"@id\":\"https:\\\/\\\/teiaeducation.ch\\\/de\\\/produkt\\\/kindermesser-aus-holz-montessori-skagfa\\\/#breadcrumb\"},\"inLanguage\":\"de-CH\",\"potentialAction\":[{\"@type\":\"ReadAction\",\"target\":[\"https:\\\/\\\/teiaeducation.ch\\\/de\\\/produkt\\\/kindermesser-aus-holz-montessori-skagfa\\\/\"]}]},{\"@type\":\"ImageObject\",\"inLanguage\":\"de-CH\",\"@id\":\"https:\\\/\\\/teiaeducation.ch\\\/de\\\/produkt\\\/kindermesser-aus-holz-montessori-skagfa\\\/#primaryimage\",\"url\":\"https:\\\/\\\/teiaeducation.ch\\\/wp-content\\\/uploads\\\/2021\\\/12\\\/Childrens-wooden-knife-SKAGFA.jpg\",\"contentUrl\":\"https:\\\/\\\/teiaeducation.ch\\\/wp-content\\\/uploads\\\/2021\\\/12\\\/Childrens-wooden-knife-SKAGFA.jpg\",\"width\":675,\"height\":900,\"caption\":\"Kindermesser aus Holz im Montessori-Stil - SK\u00c5GF\u00c4\"},{\"@type\":\"BreadcrumbList\",\"@id\":\"https:\\\/\\\/teiaeducation.ch\\\/de\\\/produkt\\\/kindermesser-aus-holz-montessori-skagfa\\\/#breadcrumb\",\"itemListElement\":[{\"@type\":\"ListItem\",\"position\":1,\"name\":\"Home\",\"item\":\"https:\\\/\\\/teiaeducation.ch\\\/de\\\/\"},{\"@type\":\"ListItem\",\"position\":2,\"name\":\"Laden\",\"item\":\"https:\\\/\\\/teiaeducation.ch\\\/de\\\/shop\\\/\"},{\"@type\":\"ListItem\",\"position\":3,\"name\":\"Unsere Marken\",\"item\":\"https:\\\/\\\/teiaeducation.ch\\\/de\\\/produkt-kategorie\\\/unsere-marken\\\/\"},{\"@type\":\"ListItem\",\"position\":4,\"name\":\"SK\u00c5GF\u00c4\",\"item\":\"https:\\\/\\\/teiaeducation.ch\\\/de\\\/produkt-kategorie\\\/unsere-marken\\\/skagfae\\\/\"},{\"@type\":\"ListItem\",\"position\":5,\"name\":\"Montessori Kindermesser aus Holz &#8211; SK\u00c5GF\u00c4\"}]},{\"@type\":\"WebSite\",\"@id\":\"https:\\\/\\\/teiaeducation.ch\\\/de\\\/#website\",\"url\":\"https:\\\/\\\/teiaeducation.ch\\\/de\\\/\",\"name\":\"Sustainable Educational Products &amp; Ecological Toys\u00a0\",\"description\":\"Specialised Swiss shop selling sustainable educational toys and games, AMI certified Montessori materials, handmade ecological wooden Waldorf toys and arts &amp; crafts supplies, school supplies, children&#039;s furniture and Montessori reference and parenting books.\",\"publisher\":{\"@id\":\"https:\\\/\\\/teiaeducation.ch\\\/de\\\/#organization\"},\"alternateName\":\"Teia Education & Play\",\"potentialAction\":[{\"@type\":\"SearchAction\",\"target\":{\"@type\":\"EntryPoint\",\"urlTemplate\":\"https:\\\/\\\/teiaeducation.ch\\\/de\\\/?s={search_term_string}\"},\"query-input\":{\"@type\":\"PropertyValueSpecification\",\"valueRequired\":true,\"valueName\":\"search_term_string\"}}],\"inLanguage\":\"de-CH\"},{\"@type\":\"Organization\",\"@id\":\"https:\\\/\\\/teiaeducation.ch\\\/de\\\/#organization\",\"name\":\"Teia Education & Play\",\"url\":\"https:\\\/\\\/teiaeducation.ch\\\/de\\\/\",\"logo\":{\"@type\":\"ImageObject\",\"inLanguage\":\"de-CH\",\"@id\":\"https:\\\/\\\/teiaeducation.ch\\\/de\\\/#\\\/schema\\\/logo\\\/image\\\/\",\"url\":\"https:\\\/\\\/teiaeducation.ch\\\/wp-content\\\/uploads\\\/2020\\\/11\\\/Teia-Education-Switzerland-e1620156442216.jpg\",\"contentUrl\":\"https:\\\/\\\/teiaeducation.ch\\\/wp-content\\\/uploads\\\/2020\\\/11\\\/Teia-Education-Switzerland-e1620156442216.jpg\",\"width\":166,\"height\":145,\"caption\":\"Teia Education & Play\"},\"image\":{\"@id\":\"https:\\\/\\\/teiaeducation.ch\\\/de\\\/#\\\/schema\\\/logo\\\/image\\\/\"},\"sameAs\":[\"https:\\\/\\\/www.facebook.com\\\/teiaeducation\\\/\",\"https:\\\/\\\/x.com\\\/EducationTeia\",\"https:\\\/\\\/www.instagram.com\\\/teia.education\\\/\",\"https:\\\/\\\/www.linkedin.com\\\/company\\\/35501660\",\"https:\\\/\\\/www.pinterest.ch\\\/TeiaEducation\\\/\"]}]}<\/script>\n<meta property=\"product:price:amount\" content=\"23.90\" \/>\n<meta property=\"product:price:currency\" content=\"CHF\" \/>\n<meta property=\"og:availability\" content=\"out of stock\" \/>\n<meta property=\"product:availability\" content=\"out of stock\" \/>\n<meta property=\"product:retailer_item_id\" content=\"00000000000000000000000000000000000000000000043071\" \/>\n<meta property=\"product:condition\" content=\"new\" \/>\n<!-- \/ Yoast SEO Premium plugin. -->","yoast_head_json":{"title":"Montessori Kindermesser aus Holz - SK\u00c5GF\u00c4","description":"Das SK\u00c5GF\u00c4 Kindermesser aus Holz im Montessori-Stil ist ein praktisches Werkzeug, um sicheres und selbst\u00e4ndiges Schneiden zu lernen !","robots":{"index":"index","follow":"follow","max-snippet":"max-snippet:-1","max-image-preview":"max-image-preview:large","max-video-preview":"max-video-preview:-1"},"canonical":"https:\/\/teiaeducation.ch\/de\/produkt\/kindermesser-aus-holz-montessori-skagfa\/","og_locale":"de_DE","og_type":"article","og_title":"Montessori Kindermesser aus Holz - SK\u00c5GF\u00c4","og_description":"Das SK\u00c5GF\u00c4 Kindermesser aus Holz im Montessori-Stil ist ein praktisches Werkzeug, um sicheres und selbst\u00e4ndiges Schneiden zu lernen !","og_url":"https:\/\/teiaeducation.ch\/de\/produkt\/kindermesser-aus-holz-montessori-skagfa\/","og_site_name":"Sustainable Educational Products &amp; Ecological Toys\u00a0","article_publisher":"https:\/\/www.facebook.com\/teiaeducation\/","article_modified_time":"2025-08-30T06:11:59+00:00","og_image":[{"width":675,"height":900,"url":"https:\/\/teiaeducation.ch\/wp-content\/uploads\/2021\/12\/Childrens-wooden-knife-SKAGFA.jpg","type":"image\/jpeg"}],"schema":{"@context":"https:\/\/schema.org","@graph":[{"@type":"WebPage","@id":"https:\/\/teiaeducation.ch\/de\/produkt\/kindermesser-aus-holz-montessori-skagfa\/","url":"https:\/\/teiaeducation.ch\/de\/produkt\/kindermesser-aus-holz-montessori-skagfa\/","name":"Montessori Kindermesser aus Holz - SK\u00c5GF\u00c4","isPartOf":{"@id":"https:\/\/teiaeducation.ch\/de\/#website"},"primaryImageOfPage":{"@id":"https:\/\/teiaeducation.ch\/de\/produkt\/kindermesser-aus-holz-montessori-skagfa\/#primaryimage"},"image":{"@id":"https:\/\/teiaeducation.ch\/de\/produkt\/kindermesser-aus-holz-montessori-skagfa\/#primaryimage"},"thumbnailUrl":"https:\/\/teiaeducation.ch\/wp-content\/uploads\/2021\/12\/Childrens-wooden-knife-SKAGFA.jpg","datePublished":"2024-08-19T12:00:31+00:00","dateModified":"2025-08-30T06:11:59+00:00","description":"Das SK\u00c5GF\u00c4 Kindermesser aus Holz im Montessori-Stil ist ein praktisches Werkzeug, um sicheres und selbst\u00e4ndiges Schneiden zu lernen !","breadcrumb":{"@id":"https:\/\/teiaeducation.ch\/de\/produkt\/kindermesser-aus-holz-montessori-skagfa\/#breadcrumb"},"inLanguage":"de-CH","potentialAction":[{"@type":"ReadAction","target":["https:\/\/teiaeducation.ch\/de\/produkt\/kindermesser-aus-holz-montessori-skagfa\/"]}]},{"@type":"ImageObject","inLanguage":"de-CH","@id":"https:\/\/teiaeducation.ch\/de\/produkt\/kindermesser-aus-holz-montessori-skagfa\/#primaryimage","url":"https:\/\/teiaeducation.ch\/wp-content\/uploads\/2021\/12\/Childrens-wooden-knife-SKAGFA.jpg","contentUrl":"https:\/\/teiaeducation.ch\/wp-content\/uploads\/2021\/12\/Childrens-wooden-knife-SKAGFA.jpg","width":675,"height":900,"caption":"Kindermesser aus Holz im Montessori-Stil - SK\u00c5GF\u00c4"},{"@type":"BreadcrumbList","@id":"https:\/\/teiaeducation.ch\/de\/produkt\/kindermesser-aus-holz-montessori-skagfa\/#breadcrumb","itemListElement":[{"@type":"ListItem","position":1,"name":"Home","item":"https:\/\/teiaeducation.ch\/de\/"},{"@type":"ListItem","position":2,"name":"Laden","item":"https:\/\/teiaeducation.ch\/de\/shop\/"},{"@type":"ListItem","position":3,"name":"Unsere Marken","item":"https:\/\/teiaeducation.ch\/de\/produkt-kategorie\/unsere-marken\/"},{"@type":"ListItem","position":4,"name":"SK\u00c5GF\u00c4","item":"https:\/\/teiaeducation.ch\/de\/produkt-kategorie\/unsere-marken\/skagfae\/"},{"@type":"ListItem","position":5,"name":"Montessori Kindermesser aus Holz &#8211; SK\u00c5GF\u00c4"}]},{"@type":"WebSite","@id":"https:\/\/teiaeducation.ch\/de\/#website","url":"https:\/\/teiaeducation.ch\/de\/","name":"Sustainable Educational Products &amp; Ecological Toys\u00a0","description":"Specialised Swiss shop selling sustainable educational toys and games, AMI certified Montessori materials, handmade ecological wooden Waldorf toys and arts &amp; crafts supplies, school supplies, children&#039;s furniture and Montessori reference and parenting books.","publisher":{"@id":"https:\/\/teiaeducation.ch\/de\/#organization"},"alternateName":"Teia Education & Play","potentialAction":[{"@type":"SearchAction","target":{"@type":"EntryPoint","urlTemplate":"https:\/\/teiaeducation.ch\/de\/?s={search_term_string}"},"query-input":{"@type":"PropertyValueSpecification","valueRequired":true,"valueName":"search_term_string"}}],"inLanguage":"de-CH"},{"@type":"Organization","@id":"https:\/\/teiaeducation.ch\/de\/#organization","name":"Teia Education & Play","url":"https:\/\/teiaeducation.ch\/de\/","logo":{"@type":"ImageObject","inLanguage":"de-CH","@id":"https:\/\/teiaeducation.ch\/de\/#\/schema\/logo\/image\/","url":"https:\/\/teiaeducation.ch\/wp-content\/uploads\/2020\/11\/Teia-Education-Switzerland-e1620156442216.jpg","contentUrl":"https:\/\/teiaeducation.ch\/wp-content\/uploads\/2020\/11\/Teia-Education-Switzerland-e1620156442216.jpg","width":166,"height":145,"caption":"Teia Education & Play"},"image":{"@id":"https:\/\/teiaeducation.ch\/de\/#\/schema\/logo\/image\/"},"sameAs":["https:\/\/www.facebook.com\/teiaeducation\/","https:\/\/x.com\/EducationTeia","https:\/\/www.instagram.com\/teia.education\/","https:\/\/www.linkedin.com\/company\/35501660","https:\/\/www.pinterest.ch\/TeiaEducation\/"]}]},"product_price_amount":"23.90","product_price_currency":"CHF","og_availability":"out of stock","product_availability":"out of stock","product_retailer_item_id":"00000000000000000000000000000000000000000000043071","product_condition":"new"},"_links":{"self":[{"href":"https:\/\/teiaeducation.ch\/de\/wp-json\/wp\/v2\/product\/54841","targetHints":{"allow":["GET"]}}],"collection":[{"href":"https:\/\/teiaeducation.ch\/de\/wp-json\/wp\/v2\/product"}],"about":[{"href":"https:\/\/teiaeducation.ch\/de\/wp-json\/wp\/v2\/types\/product"}],"replies":[{"embeddable":true,"href":"https:\/\/teiaeducation.ch\/de\/wp-json\/wp\/v2\/comments?post=54841"}],"wp:featuredmedia":[{"embeddable":true,"href":"https:\/\/teiaeducation.ch\/de\/wp-json\/wp\/v2\/media\/43083"}],"wp:attachment":[{"href":"https:\/\/teiaeducation.ch\/de\/wp-json\/wp\/v2\/media?parent=54841"}],"wp:term":[{"taxonomy":"product_brand","embeddable":true,"href":"https:\/\/teiaeducation.ch\/de\/wp-json\/wp\/v2\/product_brand?post=54841"},{"taxonomy":"product_cat","embeddable":true,"href":"https:\/\/teiaeducation.ch\/de\/wp-json\/wp\/v2\/product_cat?post=54841"},{"taxonomy":"product_tag","embeddable":true,"href":"https:\/\/teiaeducation.ch\/de\/wp-json\/wp\/v2\/product_tag?post=54841"}],"curies":[{"name":"wp","href":"https:\/\/api.w.org\/{rel}","templated":true}]}}