{"id":54847,"date":"2023-07-19T13:49:46","date_gmt":"2023-07-19T11:49:46","guid":{"rendered":"https:\/\/teiaeducation.ch\/product\/spielseidentuch-suchen-finden-mandala-swells-sarahs-silks\/"},"modified":"2025-01-27T13:47:15","modified_gmt":"2025-01-27T12:47:15","slug":"spielseidentuch-suchen-finden-mandala-swells-sarahs-silks","status":"publish","type":"product","link":"https:\/\/teiaeducation.ch\/de\/produkt\/spielseidentuch-suchen-finden-mandala-swells-sarahs-silks\/","title":{"rendered":"Seidenspieltuch suchen &amp; finden Mandala swells &#8211; Sarah&#8217;s Silks"},"content":{"rendered":"<p>Ein sch\u00f6ne, von der Waldorfp\u00e4dagogik inspirierte Naturseiden Seidenspieltuch in der Variante suchen &amp; finden mandala swells aus der Sarah&#8217;s Silks 2022 Kollektion. Die 53 x 66 Zentimeter gro\u00dfe limitierte Auflage Seidenspieltuch ist aus 100% reiner Maulbeerseide aus fairem Handel hergestellt, von Hand ges\u00e4umt und mit ungiftigem, umweltfreundlichem Farbstoff gef\u00e4rbt. Es wurde in Zusammenarbeit mit dem K\u00fcnstler Hillery Sproatt hergestellt.<\/p>\n<p>Jeder Seidenspieltuch liegt eine einzigartige Karte mit Vorschl\u00e4gen bei, wie die Kinder den Such- und Findespa\u00df leicht beginnen k\u00f6nnen! Such und finde Tiere, Pflanzen und Menschen! Kinder werden es lieben, die Magie zu erforschen, die diese Seidenspieltuch zu bieten hat.<\/p>\n<p>Diese sch\u00f6ne Sarah&#8217;s Silks suchen &amp; finden Mandala swells Seidenspieltuch ist perfekt f\u00fcr ruhige Zeit, und ist ein wunderbares <a href=\"https:\/\/teiaeducation.ch\/product-category\/hgh-quality-toys-play\/\">Spielzeug<\/a> auf Reisen zu bringen. Es l\u00e4sst sich klein und leicht verpacken und wird viele Stunden lang Spa\u00df machen, da es immer etwas Neues zu finden gibt!<\/p>\n<p>Sarah&#8217;s Silks Seidenspielt\u00fccher\u00a0sind inspirierende, magische Spielzeuge, mit denen Kinder immer wieder gerne spielen! Die Einfachheit und <a href=\"https:\/\/teiaeducation.ch\/product-category\/play\/open-ended-play\/\">freie<\/a> Gestaltung der Seidenspielt\u00fccher zapfen direkt das <a href=\"https:\/\/teiaeducation.ch\/product-category\/creative-art-craft\/\">kreative<\/a> Potenzial des Kindes an und erm\u00f6glichen es ihm, seine Fantasie auszudr\u00fccken und seine Unabh\u00e4ngigkeit zu f\u00f6rdern.<\/p>\n<p>Inhalt:<\/p>\n<p>1 suchen &amp; finden Seidenspieltuch in Mandala Swells aus 100% Seide (53 x 66cm)<br \/>\n1 Vorschlagskarte<\/p>\n<h2>Pflegehinweise<\/h2>\n<p>Waschen mit der Hand, trocknen es auf der Leine und b\u00fcgeln es auf mittlerer Stufe, um den nat\u00fcrlichen Glanz der Seide wiederherzustellen \u2013 bitte beachten Sie die Schritt-f\u00fcr-Schritt-<a href=\"https:\/\/www.sarahssilks.com\/blogs\/journal\/how-to-wash-playsilks\">Anleitung<\/a> von Sarah\u2019s Silks um Ihre Seidenartikel zu waschen.<\/p>\n<h2>R\u00fcckgaberecht<\/h2>\n<p>Alle zur\u00fcckgesandten Artikel m\u00fcssen sich in ihrem Originalzustand befinden und die Originalverpackung sowie die Etiketten m\u00fcssen angebracht und intakt sein. Gebrauchte oder gewaschene Artikel k\u00f6nnen nicht zur\u00fcckgegeben werden.<\/p>\n<h2>\u00dcber Sarah&#8217;s Silks<\/h2>\n<p><a href=\"https:\/\/teiaeducation.ch\/product-category\/brands\/sarahs-silks\/\">Sarah&#8217;s Silks<\/a> ist ein Familienunternehmen mit Sitz in den USA, das sich auf <a href=\"https:\/\/teiaeducation.ch\/product-category\/education-method\/waldorf-steiner-toys-craft-materials\/\">Waldorf<\/a> inspiriertes, <a href=\"https:\/\/teiaeducation.ch\/product-category\/play\/nature-play\/\">nat\u00fcrliches<\/a> und nachhaltiges Spielzeug spezialisiert hat, das die <a href=\"https:\/\/teiaeducation.ch\/product-category\/play\/imaginative-role-play\/\">Fantasie<\/a> der Kinder anregt. Die Mission von Sarah&#8217;s Silks ist es, nachhaltiges, offenes und freies Spielzeug herzustellen, das unsere Kinder lehrt Mutter Erde zu lieben und zu pflegen. Die wundersch\u00f6nen Sarah&#8217;s Silks Seidenspielt\u00fccher, Baumwollspielt\u00fccher, Umh\u00e4nge, Feenkleider und Luftschlangen sind perfekt f\u00fcr das freie Spiel, das Verkleiden und das dramatische Spiel in Waldorfh\u00e4usern, Kinderg\u00e4rten und <a href=\"https:\/\/teiaeducation.ch\/waldorf-steiner-schools-supplies\/\">Steiner Schulen<\/a>.<\/p>\n<p>Alle Sarah&#8217;s Silks Seidenkost\u00fcme, Spielzeuge und Seidenspielt\u00fccher werden aus hochwertiger, nachhaltiger chinesischer Seide hergestellt. Jedes Seidenprodukt wird von N\u00e4herinnen gewebt, gef\u00e4rbt und von Hand ges\u00e4umt, die in einem kleinen Dorf in der N\u00e4he von Suzhou, China, arbeiten. Sie werden anschlie\u00dfend in Sonoma County, Kalifornien, USA, handbemalt und handgefertigt.<\/p>\n<p>Kinder lieben die leuchtenden, sch\u00f6n gemischten Farben und die weiche, f\u00fchlbare Haptik der Seidenspielt\u00fccher, Baumwollspielt\u00fccher und Umh\u00e4nge. Sie werden mit ungiftigen, umweltfreundlichen Farbstoffen und nat\u00fcrlichen Fasern aus 100% echter Seide und 100% Baumwolle hergestellt und haben strenge amerikanische und europ\u00e4ische Sicherheitstests bestanden und sind f\u00fcr Kinder jeden Alters geeignet.<\/p>\n","protected":false},"excerpt":{"rendered":"<p>Artikelnummer: SS502249<\/p>\n<p>Ein sch\u00f6ne Sarah&#8217;s Silks suchen &amp; finden Mandala swells limitierte Auflage Seidenspieltuch perfekt f\u00fcr ruhige Zeit, und ein wunderbares Spielzeug, um auf Reisen zu bringen!<\/p>\n","protected":false},"featured_media":50123,"comment_status":"open","ping_status":"closed","template":"","meta":[],"product_brand":[32610],"product_cat":[21444,21445,21446,21479,21690,21487,21492,21484,22422,21443,21563,21687,21666,29595,21695,21678,21685,21564,21483,22919],"product_tag":[22941,25435,25433,25434,24017,22942,22940],"class_list":{"0":"post-54847","1":"product","2":"type-product","3":"status-publish","4":"has-post-thumbnail","6":"product_brand-sarahs-silks","7":"product_cat-1-3-jahre-kleinkind","8":"product_cat-3-6-jahre-vorschule","9":"product_cat-6-12-jahre-grundschule","10":"product_cat-lernmaterialien-spielzeug-montessori-waldorf-steiner-froebel","11":"product_cat-spiele-mit-offenem-ende","12":"product_cat-geschenk-guide-3-6-jahre-vorschule","13":"product_cat-geschenk-guide-stoffspielzeug","14":"product_cat-geschenk-guides","15":"product_cat-geschenke-fuer-das-osterkoerbchen","16":"product_cat-nach-alter","17":"product_cat-neuheiten","18":"product_cat-phantasievoll-rollenspiel","19":"product_cat-sarahs-silks-de","20":"product_cat-seidenspieltuecher-bedruckt","21":"product_cat-sinnliches-spiel","22":"product_cat-kinder-spielzeug","23":"product_cat-stoffspielzeug","24":"product_cat-unsere-marken","25":"product_cat-waldorf-steiner-paedagogik","26":"product_cat-waldorfspielzeug","27":"product_tag-sarahs-silks-mini-spielseidentucher","28":"product_tag-spielseidentuch-mandala-swells-sarahs-silks","29":"product_tag-spielseidentuch-suchen-finden-mandala-swells-sarahs-silks","30":"product_tag-spielseidentuch-suchen-finden-sarahs-silks","31":"product_tag-stoffspielzeug-waldorf","32":"product_tag-waldorf-spielseidentuch","33":"product_tag-waldorf-spielstoffe","35":"first","36":"outofstock","37":"taxable","38":"shipping-taxable","39":"purchasable","40":"product-type-simple"},"yoast_head":"<!-- This site is optimized with the Yoast SEO plugin v27.1.1 - https:\/\/yoast.com\/product\/yoast-seo-wordpress\/ -->\n<title>Seidenspieltuch suchen &amp; finden Mandala swells - Sarah&#039;s Silks<\/title>\n<meta name=\"description\" content=\"Ein sch\u00f6ne Sarah&#039;s Silks suchen &amp; finden Mandala swells limitierte Auflage Seidenspieltuch perfekt f\u00fcr ruhige Zeit um auf Reisen zu bringen.\" \/>\n<meta name=\"robots\" content=\"index, follow, max-snippet:-1, max-image-preview:large, max-video-preview:-1\" \/>\n<link rel=\"canonical\" href=\"https:\/\/teiaeducation.ch\/de\/produkt\/spielseidentuch-suchen-finden-mandala-swells-sarahs-silks\/\" \/>\n<meta property=\"og:locale\" content=\"de_DE\" \/>\n<meta property=\"og:type\" content=\"article\" \/>\n<meta property=\"og:title\" content=\"Seidenspieltuch suchen &amp; finden Mandala swells - Sarah&#039;s Silks\" \/>\n<meta property=\"og:description\" content=\"Ein sch\u00f6ne Sarah&#039;s Silks suchen &amp; finden Mandala swells limitierte Auflage Seidenspieltuch perfekt f\u00fcr ruhige Zeit um auf Reisen zu bringen.\" \/>\n<meta property=\"og:url\" content=\"https:\/\/teiaeducation.ch\/de\/produkt\/spielseidentuch-suchen-finden-mandala-swells-sarahs-silks\/\" \/>\n<meta property=\"og:site_name\" content=\"Sustainable Educational Products &amp; Ecological Toys\u00a0\" \/>\n<meta property=\"article:publisher\" content=\"https:\/\/www.facebook.com\/teiaeducation\/\" \/>\n<meta property=\"article:modified_time\" content=\"2025-01-27T12:47:15+00:00\" \/>\n<meta property=\"og:image\" content=\"https:\/\/teiaeducation.ch\/wp-content\/uploads\/2022\/09\/Playsilk-seek-find-mandala-swells-Sarahs-Silks.jpg\" \/>\n\t<meta property=\"og:image:width\" content=\"1080\" \/>\n\t<meta property=\"og:image:height\" content=\"1350\" \/>\n\t<meta property=\"og:image:type\" content=\"image\/jpeg\" \/>\n<script type=\"application\/ld+json\" class=\"yoast-schema-graph\">{\"@context\":\"https:\/\/schema.org\",\"@graph\":[{\"@type\":\"WebPage\",\"@id\":\"https:\/\/teiaeducation.ch\/de\/produkt\/spielseidentuch-suchen-finden-mandala-swells-sarahs-silks\/\",\"url\":\"https:\/\/teiaeducation.ch\/de\/produkt\/spielseidentuch-suchen-finden-mandala-swells-sarahs-silks\/\",\"name\":\"Seidenspieltuch suchen & finden Mandala swells - Sarah's Silks\",\"isPartOf\":{\"@id\":\"https:\/\/teiaeducation.ch\/de\/#website\"},\"primaryImageOfPage\":{\"@id\":\"https:\/\/teiaeducation.ch\/de\/produkt\/spielseidentuch-suchen-finden-mandala-swells-sarahs-silks\/#primaryimage\"},\"image\":{\"@id\":\"https:\/\/teiaeducation.ch\/de\/produkt\/spielseidentuch-suchen-finden-mandala-swells-sarahs-silks\/#primaryimage\"},\"thumbnailUrl\":\"https:\/\/teiaeducation.ch\/wp-content\/uploads\/2022\/09\/Playsilk-seek-find-mandala-swells-Sarahs-Silks.jpg\",\"datePublished\":\"2023-07-19T11:49:46+00:00\",\"dateModified\":\"2025-01-27T12:47:15+00:00\",\"description\":\"Ein sch\u00f6ne Sarah's Silks suchen & finden Mandala swells limitierte Auflage Seidenspieltuch perfekt f\u00fcr ruhige Zeit um auf Reisen zu bringen.\",\"breadcrumb\":{\"@id\":\"https:\/\/teiaeducation.ch\/de\/produkt\/spielseidentuch-suchen-finden-mandala-swells-sarahs-silks\/#breadcrumb\"},\"inLanguage\":\"de-CH\",\"potentialAction\":[{\"@type\":\"ReadAction\",\"target\":[\"https:\/\/teiaeducation.ch\/de\/produkt\/spielseidentuch-suchen-finden-mandala-swells-sarahs-silks\/\"]}]},{\"@type\":\"ImageObject\",\"inLanguage\":\"de-CH\",\"@id\":\"https:\/\/teiaeducation.ch\/de\/produkt\/spielseidentuch-suchen-finden-mandala-swells-sarahs-silks\/#primaryimage\",\"url\":\"https:\/\/teiaeducation.ch\/wp-content\/uploads\/2022\/09\/Playsilk-seek-find-mandala-swells-Sarahs-Silks.jpg\",\"contentUrl\":\"https:\/\/teiaeducation.ch\/wp-content\/uploads\/2022\/09\/Playsilk-seek-find-mandala-swells-Sarahs-Silks.jpg\",\"width\":1080,\"height\":1350,\"caption\":\"Seidenspieltuch suchen &amp; finden Mandala swells Sarah's Silks\"},{\"@type\":\"BreadcrumbList\",\"@id\":\"https:\/\/teiaeducation.ch\/de\/produkt\/spielseidentuch-suchen-finden-mandala-swells-sarahs-silks\/#breadcrumb\",\"itemListElement\":[{\"@type\":\"ListItem\",\"position\":1,\"name\":\"Home\",\"item\":\"https:\/\/teiaeducation.ch\/de\/\"},{\"@type\":\"ListItem\",\"position\":2,\"name\":\"Laden\",\"item\":\"https:\/\/teiaeducation.ch\/de\/shop\/\"},{\"@type\":\"ListItem\",\"position\":3,\"name\":\"Unsere Marken\",\"item\":\"https:\/\/teiaeducation.ch\/de\/produkt-kategorie\/unsere-marken\/\"},{\"@type\":\"ListItem\",\"position\":4,\"name\":\"Sarah's Silks\",\"item\":\"https:\/\/teiaeducation.ch\/de\/produkt-kategorie\/unsere-marken\/sarahs-silks-de\/\"},{\"@type\":\"ListItem\",\"position\":5,\"name\":\"Seidenspielt\u00fccher bedruckt\",\"item\":\"https:\/\/teiaeducation.ch\/de\/produkt-kategorie\/unsere-marken\/sarahs-silks-de\/seidenspieltuecher-bedruckt\/\"},{\"@type\":\"ListItem\",\"position\":6,\"name\":\"Seidenspieltuch suchen &amp; finden Mandala swells &#8211; Sarah&#8217;s Silks\"}]},{\"@type\":\"WebSite\",\"@id\":\"https:\/\/teiaeducation.ch\/de\/#website\",\"url\":\"https:\/\/teiaeducation.ch\/de\/\",\"name\":\"Sustainable Educational Products &amp; Ecological Toys\u00a0\",\"description\":\"Specialised Swiss shop selling sustainable educational toys and games, AMI certified Montessori materials, handmade ecological wooden Waldorf toys and arts &amp; crafts supplies, school supplies, children&#039;s furniture and Montessori reference and parenting books.\",\"publisher\":{\"@id\":\"https:\/\/teiaeducation.ch\/de\/#organization\"},\"alternateName\":\"Teia Education & Play\",\"potentialAction\":[{\"@type\":\"SearchAction\",\"target\":{\"@type\":\"EntryPoint\",\"urlTemplate\":\"https:\/\/teiaeducation.ch\/de\/?s={search_term_string}\"},\"query-input\":{\"@type\":\"PropertyValueSpecification\",\"valueRequired\":true,\"valueName\":\"search_term_string\"}}],\"inLanguage\":\"de-CH\"},{\"@type\":\"Organization\",\"@id\":\"https:\/\/teiaeducation.ch\/de\/#organization\",\"name\":\"Teia Education & Play\",\"url\":\"https:\/\/teiaeducation.ch\/de\/\",\"logo\":{\"@type\":\"ImageObject\",\"inLanguage\":\"de-CH\",\"@id\":\"https:\/\/teiaeducation.ch\/de\/#\/schema\/logo\/image\/\",\"url\":\"https:\/\/teiaeducation.ch\/wp-content\/uploads\/2020\/11\/Teia-Education-Switzerland-e1620156442216.jpg\",\"contentUrl\":\"https:\/\/teiaeducation.ch\/wp-content\/uploads\/2020\/11\/Teia-Education-Switzerland-e1620156442216.jpg\",\"width\":166,\"height\":145,\"caption\":\"Teia Education & Play\"},\"image\":{\"@id\":\"https:\/\/teiaeducation.ch\/de\/#\/schema\/logo\/image\/\"},\"sameAs\":[\"https:\/\/www.facebook.com\/teiaeducation\/\",\"https:\/\/x.com\/EducationTeia\",\"https:\/\/www.instagram.com\/teia.education\/\",\"https:\/\/www.linkedin.com\/company\/35501660\",\"https:\/\/www.pinterest.ch\/TeiaEducation\/\"]}]}<\/script>\n<!-- \/ Yoast SEO plugin. -->","yoast_head_json":{"title":"Seidenspieltuch suchen & finden Mandala swells - Sarah's Silks","description":"Ein sch\u00f6ne Sarah's Silks suchen & finden Mandala swells limitierte Auflage Seidenspieltuch perfekt f\u00fcr ruhige Zeit um auf Reisen zu bringen.","robots":{"index":"index","follow":"follow","max-snippet":"max-snippet:-1","max-image-preview":"max-image-preview:large","max-video-preview":"max-video-preview:-1"},"canonical":"https:\/\/teiaeducation.ch\/de\/produkt\/spielseidentuch-suchen-finden-mandala-swells-sarahs-silks\/","og_locale":"de_DE","og_type":"article","og_title":"Seidenspieltuch suchen & finden Mandala swells - Sarah's Silks","og_description":"Ein sch\u00f6ne Sarah's Silks suchen & finden Mandala swells limitierte Auflage Seidenspieltuch perfekt f\u00fcr ruhige Zeit um auf Reisen zu bringen.","og_url":"https:\/\/teiaeducation.ch\/de\/produkt\/spielseidentuch-suchen-finden-mandala-swells-sarahs-silks\/","og_site_name":"Sustainable Educational Products &amp; Ecological Toys\u00a0","article_publisher":"https:\/\/www.facebook.com\/teiaeducation\/","article_modified_time":"2025-01-27T12:47:15+00:00","og_image":[{"width":1080,"height":1350,"url":"https:\/\/teiaeducation.ch\/wp-content\/uploads\/2022\/09\/Playsilk-seek-find-mandala-swells-Sarahs-Silks.jpg","type":"image\/jpeg"}],"schema":{"@context":"https:\/\/schema.org","@graph":[{"@type":"WebPage","@id":"https:\/\/teiaeducation.ch\/de\/produkt\/spielseidentuch-suchen-finden-mandala-swells-sarahs-silks\/","url":"https:\/\/teiaeducation.ch\/de\/produkt\/spielseidentuch-suchen-finden-mandala-swells-sarahs-silks\/","name":"Seidenspieltuch suchen & finden Mandala swells - Sarah's Silks","isPartOf":{"@id":"https:\/\/teiaeducation.ch\/de\/#website"},"primaryImageOfPage":{"@id":"https:\/\/teiaeducation.ch\/de\/produkt\/spielseidentuch-suchen-finden-mandala-swells-sarahs-silks\/#primaryimage"},"image":{"@id":"https:\/\/teiaeducation.ch\/de\/produkt\/spielseidentuch-suchen-finden-mandala-swells-sarahs-silks\/#primaryimage"},"thumbnailUrl":"https:\/\/teiaeducation.ch\/wp-content\/uploads\/2022\/09\/Playsilk-seek-find-mandala-swells-Sarahs-Silks.jpg","datePublished":"2023-07-19T11:49:46+00:00","dateModified":"2025-01-27T12:47:15+00:00","description":"Ein sch\u00f6ne Sarah's Silks suchen & finden Mandala swells limitierte Auflage Seidenspieltuch perfekt f\u00fcr ruhige Zeit um auf Reisen zu bringen.","breadcrumb":{"@id":"https:\/\/teiaeducation.ch\/de\/produkt\/spielseidentuch-suchen-finden-mandala-swells-sarahs-silks\/#breadcrumb"},"inLanguage":"de-CH","potentialAction":[{"@type":"ReadAction","target":["https:\/\/teiaeducation.ch\/de\/produkt\/spielseidentuch-suchen-finden-mandala-swells-sarahs-silks\/"]}]},{"@type":"ImageObject","inLanguage":"de-CH","@id":"https:\/\/teiaeducation.ch\/de\/produkt\/spielseidentuch-suchen-finden-mandala-swells-sarahs-silks\/#primaryimage","url":"https:\/\/teiaeducation.ch\/wp-content\/uploads\/2022\/09\/Playsilk-seek-find-mandala-swells-Sarahs-Silks.jpg","contentUrl":"https:\/\/teiaeducation.ch\/wp-content\/uploads\/2022\/09\/Playsilk-seek-find-mandala-swells-Sarahs-Silks.jpg","width":1080,"height":1350,"caption":"Seidenspieltuch suchen &amp; finden Mandala swells Sarah's Silks"},{"@type":"BreadcrumbList","@id":"https:\/\/teiaeducation.ch\/de\/produkt\/spielseidentuch-suchen-finden-mandala-swells-sarahs-silks\/#breadcrumb","itemListElement":[{"@type":"ListItem","position":1,"name":"Home","item":"https:\/\/teiaeducation.ch\/de\/"},{"@type":"ListItem","position":2,"name":"Laden","item":"https:\/\/teiaeducation.ch\/de\/shop\/"},{"@type":"ListItem","position":3,"name":"Unsere Marken","item":"https:\/\/teiaeducation.ch\/de\/produkt-kategorie\/unsere-marken\/"},{"@type":"ListItem","position":4,"name":"Sarah's Silks","item":"https:\/\/teiaeducation.ch\/de\/produkt-kategorie\/unsere-marken\/sarahs-silks-de\/"},{"@type":"ListItem","position":5,"name":"Seidenspielt\u00fccher bedruckt","item":"https:\/\/teiaeducation.ch\/de\/produkt-kategorie\/unsere-marken\/sarahs-silks-de\/seidenspieltuecher-bedruckt\/"},{"@type":"ListItem","position":6,"name":"Seidenspieltuch suchen &amp; finden Mandala swells &#8211; Sarah&#8217;s Silks"}]},{"@type":"WebSite","@id":"https:\/\/teiaeducation.ch\/de\/#website","url":"https:\/\/teiaeducation.ch\/de\/","name":"Sustainable Educational Products &amp; Ecological Toys\u00a0","description":"Specialised Swiss shop selling sustainable educational toys and games, AMI certified Montessori materials, handmade ecological wooden Waldorf toys and arts &amp; crafts supplies, school supplies, children&#039;s furniture and Montessori reference and parenting books.","publisher":{"@id":"https:\/\/teiaeducation.ch\/de\/#organization"},"alternateName":"Teia Education & Play","potentialAction":[{"@type":"SearchAction","target":{"@type":"EntryPoint","urlTemplate":"https:\/\/teiaeducation.ch\/de\/?s={search_term_string}"},"query-input":{"@type":"PropertyValueSpecification","valueRequired":true,"valueName":"search_term_string"}}],"inLanguage":"de-CH"},{"@type":"Organization","@id":"https:\/\/teiaeducation.ch\/de\/#organization","name":"Teia Education & Play","url":"https:\/\/teiaeducation.ch\/de\/","logo":{"@type":"ImageObject","inLanguage":"de-CH","@id":"https:\/\/teiaeducation.ch\/de\/#\/schema\/logo\/image\/","url":"https:\/\/teiaeducation.ch\/wp-content\/uploads\/2020\/11\/Teia-Education-Switzerland-e1620156442216.jpg","contentUrl":"https:\/\/teiaeducation.ch\/wp-content\/uploads\/2020\/11\/Teia-Education-Switzerland-e1620156442216.jpg","width":166,"height":145,"caption":"Teia Education & Play"},"image":{"@id":"https:\/\/teiaeducation.ch\/de\/#\/schema\/logo\/image\/"},"sameAs":["https:\/\/www.facebook.com\/teiaeducation\/","https:\/\/x.com\/EducationTeia","https:\/\/www.instagram.com\/teia.education\/","https:\/\/www.linkedin.com\/company\/35501660","https:\/\/www.pinterest.ch\/TeiaEducation\/"]}]}},"_links":{"self":[{"href":"https:\/\/teiaeducation.ch\/de\/wp-json\/wp\/v2\/product\/54847","targetHints":{"allow":["GET"]}}],"collection":[{"href":"https:\/\/teiaeducation.ch\/de\/wp-json\/wp\/v2\/product"}],"about":[{"href":"https:\/\/teiaeducation.ch\/de\/wp-json\/wp\/v2\/types\/product"}],"replies":[{"embeddable":true,"href":"https:\/\/teiaeducation.ch\/de\/wp-json\/wp\/v2\/comments?post=54847"}],"wp:featuredmedia":[{"embeddable":true,"href":"https:\/\/teiaeducation.ch\/de\/wp-json\/wp\/v2\/media\/50123"}],"wp:attachment":[{"href":"https:\/\/teiaeducation.ch\/de\/wp-json\/wp\/v2\/media?parent=54847"}],"wp:term":[{"taxonomy":"product_brand","embeddable":true,"href":"https:\/\/teiaeducation.ch\/de\/wp-json\/wp\/v2\/product_brand?post=54847"},{"taxonomy":"product_cat","embeddable":true,"href":"https:\/\/teiaeducation.ch\/de\/wp-json\/wp\/v2\/product_cat?post=54847"},{"taxonomy":"product_tag","embeddable":true,"href":"https:\/\/teiaeducation.ch\/de\/wp-json\/wp\/v2\/product_tag?post=54847"}],"curies":[{"name":"wp","href":"https:\/\/api.w.org\/{rel}","templated":true}]}}