{"id":54848,"date":"2026-01-09T14:30:24","date_gmt":"2026-01-09T13:30:24","guid":{"rendered":"https:\/\/teiaeducation.ch\/product\/spielseidentuch-display-regenbogen-aus-holz-sarahs-silks\/"},"modified":"2026-02-12T15:03:15","modified_gmt":"2026-02-12T14:03:15","slug":"spielseidentuch-display-regenbogen-aus-holz-sarahs-silks","status":"publish","type":"product","link":"https:\/\/teiaeducation.ch\/de\/produkt\/spielseidentuch-display-regenbogen-aus-holz-sarahs-silks\/","title":{"rendered":"Seidenspielt\u00fccher Display Regenbogen aus Holz &#8211; Sarah&#8217;s Silks"},"content":{"rendered":"<p>Mit dem Regenbogen Seidenspielt\u00fccher\u00a0Display aus Holz von Sarah&#8217;s Silks lernen Kinder auf einfache und unterhaltsame Weise, ihr Spielzeug zu pflegen! Er ermutigt die Kleinen, in jedem Raum, z. B. im Schlafzimmer, Klassenzimmer oder Spielzimmer, Ordnung zu halten.<\/p>\n<p>Das Display ist eine sch\u00f6ne <a href=\"https:\/\/teiaeducation.ch\/product-category\/classroom-essentials\/furniture-storage\/\">Aufbewahrungsl\u00f6sung<\/a> f\u00fcr Seidenspielt\u00fccher\u00a0f\u00fcr zu Hause, in Kinderbetreuungseinrichtungen oder in der Schule. Er ist mit einem Regenbogenmuster versehen und hat 6 L\u00f6cher mit einem Durchmesser von etwa 1,3 cm. H\u00e4ngen Sie das Display einfach an die Wand und stecken Sie die Spielseident\u00fccher hindurch!<\/p>\n<p>Er misst 30,5 x 15,3 x 0,6 cm und wurde in Kalifornien, USA, aus kindersicherem MDF aus roter Eiche hergestellt.<\/p>\n<p>Montagematerial nicht enthalten &#8211; es wird empfohlen, das Display mit einer Schraube an der Wand zu befestigen.<\/p>\n<p>Inhalt:<\/p>\n<p>1 Regenbogen Seidenspielt\u00fccher\u00a0Display aus Holz<\/p>\n<h2>\u00dcber Sarah&#8217;s Silks<\/h2>\n<p><a href=\"https:\/\/teiaeducation.ch\/product-category\/brands\/sarahs-silks\/\">Sarah&#8217;s Silks<\/a> ist ein Familienunternehmen mit Sitz in den USA, das sich auf <a href=\"https:\/\/teiaeducation.ch\/product-category\/education-method\/waldorf-steiner-toys-craft-materials\/\">Waldorf<\/a> inspiriertes, <a href=\"https:\/\/teiaeducation.ch\/product-category\/play\/nature-play\/\">nat\u00fcrliches<\/a> und nachhaltiges Spielzeug spezialisiert hat, das die <a href=\"https:\/\/teiaeducation.ch\/product-category\/play\/imaginative-role-play\/\">Fantasie<\/a> der Kinder anregt. Die Mission von Sarah&#8217;s Silks ist es, nachhaltiges, offenes und freies Spielzeug herzustellen, das unsere Kinder lehrt Mutter Erde zu lieben und zu pflegen. Die wundersch\u00f6nen Sarah&#8217;s Silks Seidenspielt\u00fccher, Baumwollspielt\u00fccher, Umh\u00e4nge, Feenkleider und Luftschlangen sind perfekt f\u00fcr das freie Spiel, das Verkleiden und das dramatische Spiel in Waldorfh\u00e4usern, Kinderg\u00e4rten und <a href=\"https:\/\/teiaeducation.ch\/waldorf-steiner-schools-supplies\/\">Steiner Schulen<\/a>.<\/p>\n<p>Alle Sarah&#8217;s Silks Seidenkost\u00fcme, Spielzeuge und Seidenspielt\u00fccher werden aus hochwertiger, nachhaltiger chinesischer Seide hergestellt. Jedes Seidenprodukt wird von N\u00e4herinnen gewebt, gef\u00e4rbt und von Hand ges\u00e4umt, die in einem kleinen Dorf in der N\u00e4he von Suzhou, China, arbeiten. Sie werden anschlie\u00dfend in Sonoma County, Kalifornien, USA, handbemalt und handgefertigt.<\/p>\n<p>Kinder lieben die leuchtenden, sch\u00f6n gemischten Farben und die weiche, f\u00fchlbare Haptik der Seidenspielt\u00fccher, Baumwollspielt\u00fccher und Umh\u00e4nge. Sie werden mit ungiftigen, umweltfreundlichen Farbstoffen und nat\u00fcrlichen Fasern aus 100% echter Seide und 100% Baumwolle hergestellt und haben strenge amerikanische und europ\u00e4ische Sicherheitstests bestanden und sind f\u00fcr Kinder jeden Alters geeignet.<\/p>\n","protected":false},"excerpt":{"rendered":"<p>Artikelnummer: 220004<\/p>\n<p>Mit dem Regenbogen Seidenspielt\u00fccher Display aus Holz von Sarah&#8217;s Silks lernen Kinder auf einfache und unterhaltsame Weise, ihr Spielzeug zu pflegen! Hergestellt in den USA.<\/p>\n","protected":false},"featured_media":72518,"comment_status":"open","ping_status":"closed","template":"","meta":[],"product_brand":[32610],"product_cat":[21444,21445,21446,21479,21474,21443,21563,21687,21666,29595,29596,29597,29598,21678,21703,25828,21477,21685,21564,21483,22919],"product_tag":[22145,25440,23734,22938,22920,22937,25439,25437,25438,22939,22940,25436,21741,21714],"class_list":{"0":"post-54848","1":"product","2":"type-product","3":"status-publish","4":"has-post-thumbnail","6":"product_brand-sarahs-silks","7":"product_cat-1-3-jahre-kleinkind","8":"product_cat-3-6-jahre-vorschule","9":"product_cat-6-12-jahre-grundschule","10":"product_cat-lernmaterialien-spielzeug-montessori-waldorf-steiner-froebel","11":"product_cat-klassenzimmer-essenzien","12":"product_cat-nach-alter","13":"product_cat-neuheiten","14":"product_cat-phantasievoll-rollenspiel","15":"product_cat-sarahs-silks-de","16":"product_cat-seidenspieltuecher-bedruckt","17":"product_cat-seidenspieltuecher-einfarbig","18":"product_cat-seidenspieltuecher-erde","19":"product_cat-seidenspieltuecher-verzaubert","20":"product_cat-kinder-spielzeug","21":"product_cat-spielzeug-aufbewahrung","22":"product_cat-spielzeuge-aus-holz","23":"product_cat-spielzimmer-mobel-schulmobel-aufbewahrungsmobel","24":"product_cat-stoffspielzeug","25":"product_cat-unsere-marken","26":"product_cat-waldorf-steiner-paedagogik","27":"product_cat-waldorfspielzeug","28":"product_tag-heuristisches-spiel-waldorf","29":"product_tag-regenbogen-spielseidentuch-display-sarahs-silks","30":"product_tag-sarahs-silks-playsilks-de","31":"product_tag-sarahs-silks-schweiz-de-2","32":"product_tag-sarahs-silks-schweiz-de","33":"product_tag-sarahs-silks-suisse-de","34":"product_tag-spielseidentuch-display-aus-holz-sarahs-silks","35":"product_tag-spielseidentuch-display-regenbogen-aus-holz-sarahs-silks","36":"product_tag-spielseidentuch-display-sarahs-silks","37":"product_tag-waldorf-seidentuch","38":"product_tag-waldorf-spielstoffe","39":"product_tag-waldorf-vorgetauschtes-spiel","40":"product_tag-waldorfspielzeug","41":"product_tag-waldorfspielzeug-aus-holz","43":"first","44":"instock","45":"taxable","46":"shipping-taxable","47":"purchasable","48":"product-type-variable"},"yoast_head":"<!-- This site is optimized with the Yoast SEO plugin v27.1.1 - https:\/\/yoast.com\/product\/yoast-seo-wordpress\/ -->\n<title>Seidenspielt\u00fccher Display Regenbogen aus Holz - Sarah&#039;s Silks<\/title>\n<meta name=\"description\" content=\"Mit dem Regenbogen Seidenspielt\u00fccher Display aus Holz von Sarah&#039;s Silks lernen Kinder auf einfache und unterhaltsame Weise, ihr Spielzeug zu pflegen!\" \/>\n<meta name=\"robots\" content=\"index, follow, max-snippet:-1, max-image-preview:large, max-video-preview:-1\" \/>\n<link rel=\"canonical\" href=\"https:\/\/teiaeducation.ch\/de\/produkt\/spielseidentuch-display-regenbogen-aus-holz-sarahs-silks\/\" \/>\n<meta property=\"og:locale\" content=\"de_DE\" \/>\n<meta property=\"og:type\" content=\"article\" \/>\n<meta property=\"og:title\" content=\"Seidenspielt\u00fccher Display Regenbogen aus Holz - Sarah&#039;s Silks\" \/>\n<meta property=\"og:description\" content=\"Mit dem Regenbogen Seidenspielt\u00fccher Display aus Holz von Sarah&#039;s Silks lernen Kinder auf einfache und unterhaltsame Weise, ihr Spielzeug zu pflegen!\" \/>\n<meta property=\"og:url\" content=\"https:\/\/teiaeducation.ch\/de\/produkt\/spielseidentuch-display-regenbogen-aus-holz-sarahs-silks\/\" \/>\n<meta property=\"og:site_name\" content=\"Sustainable Educational Products &amp; Ecological Toys\u00a0\" \/>\n<meta property=\"article:publisher\" content=\"https:\/\/www.facebook.com\/teiaeducation\/\" \/>\n<meta property=\"article:modified_time\" content=\"2026-02-12T14:03:15+00:00\" \/>\n<meta property=\"og:image\" content=\"https:\/\/teiaeducation.ch\/wp-content\/uploads\/2024\/08\/Wooden-rainbow-playsilk-display-Sarahs-Silks-3.webp\" \/>\n\t<meta property=\"og:image:width\" content=\"1080\" \/>\n\t<meta property=\"og:image:height\" content=\"1080\" \/>\n\t<meta property=\"og:image:type\" content=\"image\/webp\" \/>\n<script type=\"application\/ld+json\" class=\"yoast-schema-graph\">{\"@context\":\"https:\/\/schema.org\",\"@graph\":[{\"@type\":\"WebPage\",\"@id\":\"https:\/\/teiaeducation.ch\/de\/produkt\/spielseidentuch-display-regenbogen-aus-holz-sarahs-silks\/\",\"url\":\"https:\/\/teiaeducation.ch\/de\/produkt\/spielseidentuch-display-regenbogen-aus-holz-sarahs-silks\/\",\"name\":\"Seidenspielt\u00fccher Display Regenbogen aus Holz - Sarah's Silks\",\"isPartOf\":{\"@id\":\"https:\/\/teiaeducation.ch\/de\/#website\"},\"primaryImageOfPage\":{\"@id\":\"https:\/\/teiaeducation.ch\/de\/produkt\/spielseidentuch-display-regenbogen-aus-holz-sarahs-silks\/#primaryimage\"},\"image\":{\"@id\":\"https:\/\/teiaeducation.ch\/de\/produkt\/spielseidentuch-display-regenbogen-aus-holz-sarahs-silks\/#primaryimage\"},\"thumbnailUrl\":\"https:\/\/teiaeducation.ch\/wp-content\/uploads\/2026\/01\/Wooden-playsilk-display-stars-Sarahs-Silks-3.webp\",\"datePublished\":\"2026-01-09T13:30:24+00:00\",\"dateModified\":\"2026-02-12T14:03:15+00:00\",\"description\":\"Mit dem Regenbogen Seidenspielt\u00fccher Display aus Holz von Sarah's Silks lernen Kinder auf einfache und unterhaltsame Weise, ihr Spielzeug zu pflegen!\",\"breadcrumb\":{\"@id\":\"https:\/\/teiaeducation.ch\/de\/produkt\/spielseidentuch-display-regenbogen-aus-holz-sarahs-silks\/#breadcrumb\"},\"inLanguage\":\"de-CH\",\"potentialAction\":[{\"@type\":\"ReadAction\",\"target\":[\"https:\/\/teiaeducation.ch\/de\/produkt\/spielseidentuch-display-regenbogen-aus-holz-sarahs-silks\/\"]}]},{\"@type\":\"ImageObject\",\"inLanguage\":\"de-CH\",\"@id\":\"https:\/\/teiaeducation.ch\/de\/produkt\/spielseidentuch-display-regenbogen-aus-holz-sarahs-silks\/#primaryimage\",\"url\":\"https:\/\/teiaeducation.ch\/wp-content\/uploads\/2026\/01\/Wooden-playsilk-display-stars-Sarahs-Silks-3.webp\",\"contentUrl\":\"https:\/\/teiaeducation.ch\/wp-content\/uploads\/2026\/01\/Wooden-playsilk-display-stars-Sarahs-Silks-3.webp\",\"width\":1080,\"height\":1350,\"caption\":\"Wooden playsilk display stars Sarah's Silks 3\"},{\"@type\":\"BreadcrumbList\",\"@id\":\"https:\/\/teiaeducation.ch\/de\/produkt\/spielseidentuch-display-regenbogen-aus-holz-sarahs-silks\/#breadcrumb\",\"itemListElement\":[{\"@type\":\"ListItem\",\"position\":1,\"name\":\"Home\",\"item\":\"https:\/\/teiaeducation.ch\/de\/\"},{\"@type\":\"ListItem\",\"position\":2,\"name\":\"Laden\",\"item\":\"https:\/\/teiaeducation.ch\/de\/shop\/\"},{\"@type\":\"ListItem\",\"position\":3,\"name\":\"Unsere Marken\",\"item\":\"https:\/\/teiaeducation.ch\/de\/produkt-kategorie\/unsere-marken\/\"},{\"@type\":\"ListItem\",\"position\":4,\"name\":\"Sarah's Silks\",\"item\":\"https:\/\/teiaeducation.ch\/de\/produkt-kategorie\/unsere-marken\/sarahs-silks-de\/\"},{\"@type\":\"ListItem\",\"position\":5,\"name\":\"Seidenspielt\u00fccher bedruckt\",\"item\":\"https:\/\/teiaeducation.ch\/de\/produkt-kategorie\/unsere-marken\/sarahs-silks-de\/seidenspieltuecher-bedruckt\/\"},{\"@type\":\"ListItem\",\"position\":6,\"name\":\"Seidenspielt\u00fccher Display Regenbogen aus Holz &#8211; Sarah&#8217;s Silks\"}]},{\"@type\":\"WebSite\",\"@id\":\"https:\/\/teiaeducation.ch\/de\/#website\",\"url\":\"https:\/\/teiaeducation.ch\/de\/\",\"name\":\"Sustainable Educational Products &amp; Ecological Toys\u00a0\",\"description\":\"Specialised Swiss shop selling sustainable educational toys and games, AMI certified Montessori materials, handmade ecological wooden Waldorf toys and arts &amp; crafts supplies, school supplies, children&#039;s furniture and Montessori reference and parenting books.\",\"publisher\":{\"@id\":\"https:\/\/teiaeducation.ch\/de\/#organization\"},\"alternateName\":\"Teia Education & Play\",\"potentialAction\":[{\"@type\":\"SearchAction\",\"target\":{\"@type\":\"EntryPoint\",\"urlTemplate\":\"https:\/\/teiaeducation.ch\/de\/?s={search_term_string}\"},\"query-input\":{\"@type\":\"PropertyValueSpecification\",\"valueRequired\":true,\"valueName\":\"search_term_string\"}}],\"inLanguage\":\"de-CH\"},{\"@type\":\"Organization\",\"@id\":\"https:\/\/teiaeducation.ch\/de\/#organization\",\"name\":\"Teia Education & Play\",\"url\":\"https:\/\/teiaeducation.ch\/de\/\",\"logo\":{\"@type\":\"ImageObject\",\"inLanguage\":\"de-CH\",\"@id\":\"https:\/\/teiaeducation.ch\/de\/#\/schema\/logo\/image\/\",\"url\":\"https:\/\/teiaeducation.ch\/wp-content\/uploads\/2020\/11\/Teia-Education-Switzerland-e1620156442216.jpg\",\"contentUrl\":\"https:\/\/teiaeducation.ch\/wp-content\/uploads\/2020\/11\/Teia-Education-Switzerland-e1620156442216.jpg\",\"width\":166,\"height\":145,\"caption\":\"Teia Education & Play\"},\"image\":{\"@id\":\"https:\/\/teiaeducation.ch\/de\/#\/schema\/logo\/image\/\"},\"sameAs\":[\"https:\/\/www.facebook.com\/teiaeducation\/\",\"https:\/\/x.com\/EducationTeia\",\"https:\/\/www.instagram.com\/teia.education\/\",\"https:\/\/www.linkedin.com\/company\/35501660\",\"https:\/\/www.pinterest.ch\/TeiaEducation\/\"]}]}<\/script>\n<!-- \/ Yoast SEO plugin. -->","yoast_head_json":{"title":"Seidenspielt\u00fccher Display Regenbogen aus Holz - Sarah's Silks","description":"Mit dem Regenbogen Seidenspielt\u00fccher Display aus Holz von Sarah's Silks lernen Kinder auf einfache und unterhaltsame Weise, ihr Spielzeug zu pflegen!","robots":{"index":"index","follow":"follow","max-snippet":"max-snippet:-1","max-image-preview":"max-image-preview:large","max-video-preview":"max-video-preview:-1"},"canonical":"https:\/\/teiaeducation.ch\/de\/produkt\/spielseidentuch-display-regenbogen-aus-holz-sarahs-silks\/","og_locale":"de_DE","og_type":"article","og_title":"Seidenspielt\u00fccher Display Regenbogen aus Holz - Sarah's Silks","og_description":"Mit dem Regenbogen Seidenspielt\u00fccher Display aus Holz von Sarah's Silks lernen Kinder auf einfache und unterhaltsame Weise, ihr Spielzeug zu pflegen!","og_url":"https:\/\/teiaeducation.ch\/de\/produkt\/spielseidentuch-display-regenbogen-aus-holz-sarahs-silks\/","og_site_name":"Sustainable Educational Products &amp; Ecological Toys\u00a0","article_publisher":"https:\/\/www.facebook.com\/teiaeducation\/","article_modified_time":"2026-02-12T14:03:15+00:00","og_image":[{"width":1080,"height":1080,"url":"https:\/\/teiaeducation.ch\/wp-content\/uploads\/2024\/08\/Wooden-rainbow-playsilk-display-Sarahs-Silks-3.webp","type":"image\/webp"}],"schema":{"@context":"https:\/\/schema.org","@graph":[{"@type":"WebPage","@id":"https:\/\/teiaeducation.ch\/de\/produkt\/spielseidentuch-display-regenbogen-aus-holz-sarahs-silks\/","url":"https:\/\/teiaeducation.ch\/de\/produkt\/spielseidentuch-display-regenbogen-aus-holz-sarahs-silks\/","name":"Seidenspielt\u00fccher Display Regenbogen aus Holz - Sarah's Silks","isPartOf":{"@id":"https:\/\/teiaeducation.ch\/de\/#website"},"primaryImageOfPage":{"@id":"https:\/\/teiaeducation.ch\/de\/produkt\/spielseidentuch-display-regenbogen-aus-holz-sarahs-silks\/#primaryimage"},"image":{"@id":"https:\/\/teiaeducation.ch\/de\/produkt\/spielseidentuch-display-regenbogen-aus-holz-sarahs-silks\/#primaryimage"},"thumbnailUrl":"https:\/\/teiaeducation.ch\/wp-content\/uploads\/2026\/01\/Wooden-playsilk-display-stars-Sarahs-Silks-3.webp","datePublished":"2026-01-09T13:30:24+00:00","dateModified":"2026-02-12T14:03:15+00:00","description":"Mit dem Regenbogen Seidenspielt\u00fccher Display aus Holz von Sarah's Silks lernen Kinder auf einfache und unterhaltsame Weise, ihr Spielzeug zu pflegen!","breadcrumb":{"@id":"https:\/\/teiaeducation.ch\/de\/produkt\/spielseidentuch-display-regenbogen-aus-holz-sarahs-silks\/#breadcrumb"},"inLanguage":"de-CH","potentialAction":[{"@type":"ReadAction","target":["https:\/\/teiaeducation.ch\/de\/produkt\/spielseidentuch-display-regenbogen-aus-holz-sarahs-silks\/"]}]},{"@type":"ImageObject","inLanguage":"de-CH","@id":"https:\/\/teiaeducation.ch\/de\/produkt\/spielseidentuch-display-regenbogen-aus-holz-sarahs-silks\/#primaryimage","url":"https:\/\/teiaeducation.ch\/wp-content\/uploads\/2026\/01\/Wooden-playsilk-display-stars-Sarahs-Silks-3.webp","contentUrl":"https:\/\/teiaeducation.ch\/wp-content\/uploads\/2026\/01\/Wooden-playsilk-display-stars-Sarahs-Silks-3.webp","width":1080,"height":1350,"caption":"Wooden playsilk display stars Sarah's Silks 3"},{"@type":"BreadcrumbList","@id":"https:\/\/teiaeducation.ch\/de\/produkt\/spielseidentuch-display-regenbogen-aus-holz-sarahs-silks\/#breadcrumb","itemListElement":[{"@type":"ListItem","position":1,"name":"Home","item":"https:\/\/teiaeducation.ch\/de\/"},{"@type":"ListItem","position":2,"name":"Laden","item":"https:\/\/teiaeducation.ch\/de\/shop\/"},{"@type":"ListItem","position":3,"name":"Unsere Marken","item":"https:\/\/teiaeducation.ch\/de\/produkt-kategorie\/unsere-marken\/"},{"@type":"ListItem","position":4,"name":"Sarah's Silks","item":"https:\/\/teiaeducation.ch\/de\/produkt-kategorie\/unsere-marken\/sarahs-silks-de\/"},{"@type":"ListItem","position":5,"name":"Seidenspielt\u00fccher bedruckt","item":"https:\/\/teiaeducation.ch\/de\/produkt-kategorie\/unsere-marken\/sarahs-silks-de\/seidenspieltuecher-bedruckt\/"},{"@type":"ListItem","position":6,"name":"Seidenspielt\u00fccher Display Regenbogen aus Holz &#8211; Sarah&#8217;s Silks"}]},{"@type":"WebSite","@id":"https:\/\/teiaeducation.ch\/de\/#website","url":"https:\/\/teiaeducation.ch\/de\/","name":"Sustainable Educational Products &amp; Ecological Toys\u00a0","description":"Specialised Swiss shop selling sustainable educational toys and games, AMI certified Montessori materials, handmade ecological wooden Waldorf toys and arts &amp; crafts supplies, school supplies, children&#039;s furniture and Montessori reference and parenting books.","publisher":{"@id":"https:\/\/teiaeducation.ch\/de\/#organization"},"alternateName":"Teia Education & Play","potentialAction":[{"@type":"SearchAction","target":{"@type":"EntryPoint","urlTemplate":"https:\/\/teiaeducation.ch\/de\/?s={search_term_string}"},"query-input":{"@type":"PropertyValueSpecification","valueRequired":true,"valueName":"search_term_string"}}],"inLanguage":"de-CH"},{"@type":"Organization","@id":"https:\/\/teiaeducation.ch\/de\/#organization","name":"Teia Education & Play","url":"https:\/\/teiaeducation.ch\/de\/","logo":{"@type":"ImageObject","inLanguage":"de-CH","@id":"https:\/\/teiaeducation.ch\/de\/#\/schema\/logo\/image\/","url":"https:\/\/teiaeducation.ch\/wp-content\/uploads\/2020\/11\/Teia-Education-Switzerland-e1620156442216.jpg","contentUrl":"https:\/\/teiaeducation.ch\/wp-content\/uploads\/2020\/11\/Teia-Education-Switzerland-e1620156442216.jpg","width":166,"height":145,"caption":"Teia Education & Play"},"image":{"@id":"https:\/\/teiaeducation.ch\/de\/#\/schema\/logo\/image\/"},"sameAs":["https:\/\/www.facebook.com\/teiaeducation\/","https:\/\/x.com\/EducationTeia","https:\/\/www.instagram.com\/teia.education\/","https:\/\/www.linkedin.com\/company\/35501660","https:\/\/www.pinterest.ch\/TeiaEducation\/"]}]}},"_links":{"self":[{"href":"https:\/\/teiaeducation.ch\/de\/wp-json\/wp\/v2\/product\/54848","targetHints":{"allow":["GET"]}}],"collection":[{"href":"https:\/\/teiaeducation.ch\/de\/wp-json\/wp\/v2\/product"}],"about":[{"href":"https:\/\/teiaeducation.ch\/de\/wp-json\/wp\/v2\/types\/product"}],"replies":[{"embeddable":true,"href":"https:\/\/teiaeducation.ch\/de\/wp-json\/wp\/v2\/comments?post=54848"}],"wp:featuredmedia":[{"embeddable":true,"href":"https:\/\/teiaeducation.ch\/de\/wp-json\/wp\/v2\/media\/72518"}],"wp:attachment":[{"href":"https:\/\/teiaeducation.ch\/de\/wp-json\/wp\/v2\/media?parent=54848"}],"wp:term":[{"taxonomy":"product_brand","embeddable":true,"href":"https:\/\/teiaeducation.ch\/de\/wp-json\/wp\/v2\/product_brand?post=54848"},{"taxonomy":"product_cat","embeddable":true,"href":"https:\/\/teiaeducation.ch\/de\/wp-json\/wp\/v2\/product_cat?post=54848"},{"taxonomy":"product_tag","embeddable":true,"href":"https:\/\/teiaeducation.ch\/de\/wp-json\/wp\/v2\/product_tag?post=54848"}],"curies":[{"name":"wp","href":"https:\/\/api.w.org\/{rel}","templated":true}]}}