{"id":54869,"date":"2020-12-22T15:12:34","date_gmt":"2020-12-22T14:12:34","guid":{"rendered":"https:\/\/teiaeducation.ch\/product\/rosa-zahlenstekerset-1-5-grimms\/"},"modified":"2025-02-03T22:38:16","modified_gmt":"2025-02-03T21:38:16","slug":"rosa-zahlenstekerset-1-5-grimms","status":"publish","type":"product","link":"https:\/\/teiaeducation.ch\/de\/produkt\/rosa-zahlenstekerset-1-5-grimms\/","title":{"rendered":"Rosa Zahlenstekerset 1-5 &#8211; Grimm&#8217;s"},"content":{"rendered":"<p>Die rosa Grimm&#8217;s Zahlenstekerset 1-5 aus unserer <a href=\"https:\/\/teiaeducation.ch\/de\/produkt-kategorie\/feier-festlichkeiten\/\">Feier &amp; Festlichkeiten<\/a>\u00a0Kollektion sind sch\u00f6ne handgefertigte <a href=\"https:\/\/teiaeducation.ch\/product-category\/hgh-quality-toys-play\/waldorf-toys\/\">Waldorf<\/a>\u00a0Geburtstag und Feiertagsringe aus Holz, die das Alter des Geburtstagskindes darstellen!<\/p>\n<p>Die m\u00e4rchenhaften Dekofiguren von Grimm&#8217;s eignen sich hervorragend zum Verzieren von Festtagsringen, Geburtstagsringen oder Kerzenst\u00e4ndern im Waldorf-Stil. F\u00fcgen Sie das neue Alter Ihres Kindes vom 1. bis zum 5. <a href=\"https:\/\/teiaeducation.ch\/de\/produkt-kategorie\/feier-festlichkeiten\/geburtstage\/\">Geburtstag<\/a> mit diesen sch\u00f6nen dekorativen geschnitzten Holzzahlen hinzu oder verwenden Sie sie als Countdown f\u00fcr ein besonderes Ereignis &#8211; f\u00fcgen Sie die Zahlen 1-5 f\u00fcr Geburtstage in der gesamten Kindheit hinzu.<\/p>\n<p>W\u00e4hlen Sie die Lieblingstiere, -spielzeuge oder -interessen Ihres Kindes aus dem bezaubernden Sortiment der Grimm&#8217;s Dekofiguren und f\u00fcgen Sie Kerzen oder Lichter hinzu, um eine wirklich pers\u00f6nliche Dekoration zu schaffen. Eine wunderbare Tradition!<\/p>\n<p>Die rosa Grimm&#8217;s Zahlenstekerset 1-5 sind aus Lindenholz handgefertigt und mit ungiftiger Beize auf Wasserbasis handbemalt. Jede Zahl misst etwa 9 cm in der H\u00f6he.<\/p>\n<p>Warnung! Die rosa Zahlenstekerset\u00a0von Grimm sind ein Dekorationsartikel und nicht zum Spielen geeignet.<\/p>\n<p>Inhalt:<\/p>\n<p>5 Zahlenstekerset, 1-5<\/p>\n<h2>\u00dcber Grimm&#8217;s<\/h2>\n<p>Ideal zum Spielen zu Hause, im Kindergarten, in der <a href=\"https:\/\/teiaeducation.ch\/waldorf-steiner-schools-supplies\/\">Waldorf- oder Steiner-Schule<\/a>. Die sch\u00f6nen <a href=\"https:\/\/teiaeducation.ch\/product-category\/brands\/grimms\/\">Grimm&#8217;s<\/a> Naturholzspielzeuge werden nach der <a href=\"https:\/\/teiaeducation.ch\/product-category\/education-method\/waldorf-steiner-toys-craft-materials\/\">Waldorf-Philosophie<\/a> hergestellt, die daf\u00fcr bekannt ist, dass sie Kinder dazu ermutigt, das kreative Spiel selbstst\u00e4ndig, ohne Einschr\u00e4nkungen und in einem gem\u00fctlichen Tempo zu entdecken. Die Grimm&#8217;s Holzspielzeuge werden von Hand mit ungiftigen Farben auf Wasserbasis gef\u00e4rbt und nicht lackiert, damit die urspr\u00fcnglichen Eigenschaften des Holzes und die Maserung erhalten bleiben. Die Oberfl\u00e4che der FSC-zertifizierten europ\u00e4ischen Holz ist leicht rau, wodurch sie vollst\u00e4ndig stapelbar und weniger rutschig sind.<\/p>\n<p>Grimm&#8217;s <a href=\"https:\/\/teiaeducation.ch\/product-category\/hgh-quality-toys-play\/handmade-wooden-toys\/\">handgefertigtes Holzspielzeug<\/a> wird in den Grimm&#8217;s Werken in Deutschland sowie in mehreren Werkst\u00e4tten in ganz Europa aus verschiedenen Holzarten wie Erle, Linde, Buche und Ahorn hergestellt. Alle H\u00f6lzer, die f\u00fcr die Herstellung der Grimm&#8217;s-Spielzeuge verwendet werden, stammen aus nachhaltig bewirtschafteten europ\u00e4ischen W\u00e4ldern.<\/p>\n<p>Bitte beachten Sie, dass Grimm&#8217;s Spielzeuge immer Unikate sind, die einzigartige, von der Natur geschaffene Zeichen tragen. Die Maserung des Holzes weist wechselnde Strukturen und Farben auf, die von seiner nat\u00fcrlichen Herkunft zeugen. Die einzigartigen Variationen, Markierungen, \u00c4ste, Muster, schwarzen Streifen oder dunklen Flecken, die im Holz eines Grimm&#8217;s Spielzeugs sichtbar sein k\u00f6nnen, sind ein Beweis f\u00fcr Qualit\u00e4t, keine M\u00e4ngel.<\/p>\n","protected":false},"excerpt":{"rendered":"<p>Artikelnummer: gri04401<\/p>\n<p>Die rosa Grimm&#8217;s Zahlenstekerset 1-5 in sch\u00f6ne handgefertigte Waldorf\u00a0Geburtstag und Feiertagsringe, die das Alter des Geburtstagskindes darstellen!<\/p>\n","protected":false},"featured_media":54870,"comment_status":"open","ping_status":"closed","template":"","meta":[],"product_brand":[],"product_cat":[24873,21465,22347,21640,21563,22351,21564,22919],"product_tag":[25346,25344,25352,25350,25347,25479,25349,25345,25348,25477,25476,21720,21719,21715,25478,25471,21721,21712,25351,25470,25469],"class_list":{"0":"post-54869","1":"product","2":"type-product","3":"status-publish","4":"has-post-thumbnail","6":"product_cat-familie-feste-rituale","7":"product_cat-feier-festlichkeiten","8":"product_cat-geburtstage","9":"product_cat-grimms-holzspielzeug","10":"product_cat-neuheiten","11":"product_cat-rituale-adventszeit","12":"product_cat-unsere-marken","13":"product_cat-waldorfspielzeug","14":"product_tag-festringe","15":"product_tag-geburtstagsdekorationen-aus-holz","16":"product_tag-geburtstagskerzenhalter-aus-holz","17":"product_tag-geburtstagsring","18":"product_tag-grimms-dekorative-figuren","19":"product_tag-grimms-feiertagsring-nummern","20":"product_tag-grimms-geburtstagsring","21":"product_tag-grimms-geburtstagsringe","22":"product_tag-grimms-holzerne-geburtstagsdekorationen","23":"product_tag-grimms-rosa-zahlen","24":"product_tag-grimms-rosa-zierzahlen-1-bis-5","25":"product_tag-grimms-schweiz-de","26":"product_tag-grimms-suisse-de","27":"product_tag-grimms-switzerland-de","28":"product_tag-grimms-zahlen-dekorative-figuren","29":"product_tag-grimms-zahlendekorationen","30":"product_tag-grimms-holzspielzeugladen","31":"product_tag-hergestellt-in-deutschland","32":"product_tag-kerzenhalter-dekorationen","33":"product_tag-waldorf-feier-ring-dekorationen","34":"product_tag-waldorf-geburtstag-ring-dekorationen","36":"first","37":"outofstock","38":"taxable","39":"shipping-taxable","40":"purchasable","41":"product-type-simple"},"yoast_head":"<!-- This site is optimized with the Yoast SEO plugin v27.1.1 - https:\/\/yoast.com\/product\/yoast-seo-wordpress\/ -->\n<title>Rosa Zahlenstekerset 1-5 - Grimm&#039;s<\/title>\n<meta name=\"description\" content=\"Die rosa Grimm&#039;s Zahlenstekerset 1-5 in sch\u00f6ne handgefertigte Waldorf\u00a0Geburtstag und Feiertagsringe, die das Alter des Geburtstagskindes darstellen.\" \/>\n<meta name=\"robots\" content=\"index, follow, max-snippet:-1, max-image-preview:large, max-video-preview:-1\" \/>\n<link rel=\"canonical\" href=\"https:\/\/teiaeducation.ch\/de\/produkt\/rosa-zahlenstekerset-1-5-grimms\/\" \/>\n<meta property=\"og:locale\" content=\"de_DE\" \/>\n<meta property=\"og:type\" content=\"article\" \/>\n<meta property=\"og:title\" content=\"Rosa Zahlenstekerset 1-5 - Grimm&#039;s\" \/>\n<meta property=\"og:description\" content=\"Die rosa Grimm&#039;s Zahlenstekerset 1-5 in sch\u00f6ne handgefertigte Waldorf\u00a0Geburtstag und Feiertagsringe, die das Alter des Geburtstagskindes darstellen.\" \/>\n<meta property=\"og:url\" content=\"https:\/\/teiaeducation.ch\/de\/produkt\/rosa-zahlenstekerset-1-5-grimms\/\" \/>\n<meta property=\"og:site_name\" content=\"Sustainable Educational Products &amp; Ecological Toys\u00a0\" \/>\n<meta property=\"article:publisher\" content=\"https:\/\/www.facebook.com\/teiaeducation\/\" \/>\n<meta property=\"article:modified_time\" content=\"2025-02-03T21:38:16+00:00\" \/>\n<meta property=\"og:image\" content=\"https:\/\/teiaeducation.ch\/wp-content\/uploads\/2020\/11\/Pink-decorative-numbers-1-5-Grimms.jpg\" \/>\n\t<meta property=\"og:image:width\" content=\"900\" \/>\n\t<meta property=\"og:image:height\" content=\"900\" \/>\n\t<meta property=\"og:image:type\" content=\"image\/jpeg\" \/>\n<script type=\"application\/ld+json\" class=\"yoast-schema-graph\">{\"@context\":\"https:\/\/schema.org\",\"@graph\":[{\"@type\":\"WebPage\",\"@id\":\"https:\/\/teiaeducation.ch\/de\/produkt\/rosa-zahlenstekerset-1-5-grimms\/\",\"url\":\"https:\/\/teiaeducation.ch\/de\/produkt\/rosa-zahlenstekerset-1-5-grimms\/\",\"name\":\"Rosa Zahlenstekerset 1-5 - Grimm's\",\"isPartOf\":{\"@id\":\"https:\/\/teiaeducation.ch\/de\/#website\"},\"primaryImageOfPage\":{\"@id\":\"https:\/\/teiaeducation.ch\/de\/produkt\/rosa-zahlenstekerset-1-5-grimms\/#primaryimage\"},\"image\":{\"@id\":\"https:\/\/teiaeducation.ch\/de\/produkt\/rosa-zahlenstekerset-1-5-grimms\/#primaryimage\"},\"thumbnailUrl\":\"https:\/\/teiaeducation.ch\/wp-content\/uploads\/2020\/11\/Pink-decorative-numbers-1-5-Grimms.jpg\",\"datePublished\":\"2020-12-22T14:12:34+00:00\",\"dateModified\":\"2025-02-03T21:38:16+00:00\",\"description\":\"Die rosa Grimm's Zahlenstekerset 1-5 in sch\u00f6ne handgefertigte Waldorf\u00a0Geburtstag und Feiertagsringe, die das Alter des Geburtstagskindes darstellen.\",\"breadcrumb\":{\"@id\":\"https:\/\/teiaeducation.ch\/de\/produkt\/rosa-zahlenstekerset-1-5-grimms\/#breadcrumb\"},\"inLanguage\":\"de-CH\",\"potentialAction\":[{\"@type\":\"ReadAction\",\"target\":[\"https:\/\/teiaeducation.ch\/de\/produkt\/rosa-zahlenstekerset-1-5-grimms\/\"]}]},{\"@type\":\"ImageObject\",\"inLanguage\":\"de-CH\",\"@id\":\"https:\/\/teiaeducation.ch\/de\/produkt\/rosa-zahlenstekerset-1-5-grimms\/#primaryimage\",\"url\":\"https:\/\/teiaeducation.ch\/wp-content\/uploads\/2020\/11\/Pink-decorative-numbers-1-5-Grimms.jpg\",\"contentUrl\":\"https:\/\/teiaeducation.ch\/wp-content\/uploads\/2020\/11\/Pink-decorative-numbers-1-5-Grimms.jpg\",\"width\":900,\"height\":900,\"caption\":\"H\u00f6lzerne Waldorf-Feiertagsringe Rosa Deko-Zahlen 1-5 - Grimm's\"},{\"@type\":\"BreadcrumbList\",\"@id\":\"https:\/\/teiaeducation.ch\/de\/produkt\/rosa-zahlenstekerset-1-5-grimms\/#breadcrumb\",\"itemListElement\":[{\"@type\":\"ListItem\",\"position\":1,\"name\":\"Home\",\"item\":\"https:\/\/teiaeducation.ch\/de\/\"},{\"@type\":\"ListItem\",\"position\":2,\"name\":\"Laden\",\"item\":\"https:\/\/teiaeducation.ch\/de\/shop\/\"},{\"@type\":\"ListItem\",\"position\":3,\"name\":\"Unsere Marken\",\"item\":\"https:\/\/teiaeducation.ch\/de\/produkt-kategorie\/unsere-marken\/\"},{\"@type\":\"ListItem\",\"position\":4,\"name\":\"Grimm's\",\"item\":\"https:\/\/teiaeducation.ch\/de\/produkt-kategorie\/unsere-marken\/grimms-holzspielzeug\/\"},{\"@type\":\"ListItem\",\"position\":5,\"name\":\"Rosa Zahlenstekerset 1-5 &#8211; Grimm&#8217;s\"}]},{\"@type\":\"WebSite\",\"@id\":\"https:\/\/teiaeducation.ch\/de\/#website\",\"url\":\"https:\/\/teiaeducation.ch\/de\/\",\"name\":\"Sustainable Educational Products &amp; Ecological Toys\u00a0\",\"description\":\"Specialised Swiss shop selling sustainable educational toys and games, AMI certified Montessori materials, handmade ecological wooden Waldorf toys and arts &amp; crafts supplies, school supplies, children&#039;s furniture and Montessori reference and parenting books.\",\"publisher\":{\"@id\":\"https:\/\/teiaeducation.ch\/de\/#organization\"},\"alternateName\":\"Teia Education & Play\",\"potentialAction\":[{\"@type\":\"SearchAction\",\"target\":{\"@type\":\"EntryPoint\",\"urlTemplate\":\"https:\/\/teiaeducation.ch\/de\/?s={search_term_string}\"},\"query-input\":{\"@type\":\"PropertyValueSpecification\",\"valueRequired\":true,\"valueName\":\"search_term_string\"}}],\"inLanguage\":\"de-CH\"},{\"@type\":\"Organization\",\"@id\":\"https:\/\/teiaeducation.ch\/de\/#organization\",\"name\":\"Teia Education & Play\",\"url\":\"https:\/\/teiaeducation.ch\/de\/\",\"logo\":{\"@type\":\"ImageObject\",\"inLanguage\":\"de-CH\",\"@id\":\"https:\/\/teiaeducation.ch\/de\/#\/schema\/logo\/image\/\",\"url\":\"https:\/\/teiaeducation.ch\/wp-content\/uploads\/2020\/11\/Teia-Education-Switzerland-e1620156442216.jpg\",\"contentUrl\":\"https:\/\/teiaeducation.ch\/wp-content\/uploads\/2020\/11\/Teia-Education-Switzerland-e1620156442216.jpg\",\"width\":166,\"height\":145,\"caption\":\"Teia Education & Play\"},\"image\":{\"@id\":\"https:\/\/teiaeducation.ch\/de\/#\/schema\/logo\/image\/\"},\"sameAs\":[\"https:\/\/www.facebook.com\/teiaeducation\/\",\"https:\/\/x.com\/EducationTeia\",\"https:\/\/www.instagram.com\/teia.education\/\",\"https:\/\/www.linkedin.com\/company\/35501660\",\"https:\/\/www.pinterest.ch\/TeiaEducation\/\"]}]}<\/script>\n<!-- \/ Yoast SEO plugin. -->","yoast_head_json":{"title":"Rosa Zahlenstekerset 1-5 - Grimm's","description":"Die rosa Grimm's Zahlenstekerset 1-5 in sch\u00f6ne handgefertigte Waldorf\u00a0Geburtstag und Feiertagsringe, die das Alter des Geburtstagskindes darstellen.","robots":{"index":"index","follow":"follow","max-snippet":"max-snippet:-1","max-image-preview":"max-image-preview:large","max-video-preview":"max-video-preview:-1"},"canonical":"https:\/\/teiaeducation.ch\/de\/produkt\/rosa-zahlenstekerset-1-5-grimms\/","og_locale":"de_DE","og_type":"article","og_title":"Rosa Zahlenstekerset 1-5 - Grimm's","og_description":"Die rosa Grimm's Zahlenstekerset 1-5 in sch\u00f6ne handgefertigte Waldorf\u00a0Geburtstag und Feiertagsringe, die das Alter des Geburtstagskindes darstellen.","og_url":"https:\/\/teiaeducation.ch\/de\/produkt\/rosa-zahlenstekerset-1-5-grimms\/","og_site_name":"Sustainable Educational Products &amp; Ecological Toys\u00a0","article_publisher":"https:\/\/www.facebook.com\/teiaeducation\/","article_modified_time":"2025-02-03T21:38:16+00:00","og_image":[{"width":900,"height":900,"url":"https:\/\/teiaeducation.ch\/wp-content\/uploads\/2020\/11\/Pink-decorative-numbers-1-5-Grimms.jpg","type":"image\/jpeg"}],"schema":{"@context":"https:\/\/schema.org","@graph":[{"@type":"WebPage","@id":"https:\/\/teiaeducation.ch\/de\/produkt\/rosa-zahlenstekerset-1-5-grimms\/","url":"https:\/\/teiaeducation.ch\/de\/produkt\/rosa-zahlenstekerset-1-5-grimms\/","name":"Rosa Zahlenstekerset 1-5 - Grimm's","isPartOf":{"@id":"https:\/\/teiaeducation.ch\/de\/#website"},"primaryImageOfPage":{"@id":"https:\/\/teiaeducation.ch\/de\/produkt\/rosa-zahlenstekerset-1-5-grimms\/#primaryimage"},"image":{"@id":"https:\/\/teiaeducation.ch\/de\/produkt\/rosa-zahlenstekerset-1-5-grimms\/#primaryimage"},"thumbnailUrl":"https:\/\/teiaeducation.ch\/wp-content\/uploads\/2020\/11\/Pink-decorative-numbers-1-5-Grimms.jpg","datePublished":"2020-12-22T14:12:34+00:00","dateModified":"2025-02-03T21:38:16+00:00","description":"Die rosa Grimm's Zahlenstekerset 1-5 in sch\u00f6ne handgefertigte Waldorf\u00a0Geburtstag und Feiertagsringe, die das Alter des Geburtstagskindes darstellen.","breadcrumb":{"@id":"https:\/\/teiaeducation.ch\/de\/produkt\/rosa-zahlenstekerset-1-5-grimms\/#breadcrumb"},"inLanguage":"de-CH","potentialAction":[{"@type":"ReadAction","target":["https:\/\/teiaeducation.ch\/de\/produkt\/rosa-zahlenstekerset-1-5-grimms\/"]}]},{"@type":"ImageObject","inLanguage":"de-CH","@id":"https:\/\/teiaeducation.ch\/de\/produkt\/rosa-zahlenstekerset-1-5-grimms\/#primaryimage","url":"https:\/\/teiaeducation.ch\/wp-content\/uploads\/2020\/11\/Pink-decorative-numbers-1-5-Grimms.jpg","contentUrl":"https:\/\/teiaeducation.ch\/wp-content\/uploads\/2020\/11\/Pink-decorative-numbers-1-5-Grimms.jpg","width":900,"height":900,"caption":"H\u00f6lzerne Waldorf-Feiertagsringe Rosa Deko-Zahlen 1-5 - Grimm's"},{"@type":"BreadcrumbList","@id":"https:\/\/teiaeducation.ch\/de\/produkt\/rosa-zahlenstekerset-1-5-grimms\/#breadcrumb","itemListElement":[{"@type":"ListItem","position":1,"name":"Home","item":"https:\/\/teiaeducation.ch\/de\/"},{"@type":"ListItem","position":2,"name":"Laden","item":"https:\/\/teiaeducation.ch\/de\/shop\/"},{"@type":"ListItem","position":3,"name":"Unsere Marken","item":"https:\/\/teiaeducation.ch\/de\/produkt-kategorie\/unsere-marken\/"},{"@type":"ListItem","position":4,"name":"Grimm's","item":"https:\/\/teiaeducation.ch\/de\/produkt-kategorie\/unsere-marken\/grimms-holzspielzeug\/"},{"@type":"ListItem","position":5,"name":"Rosa Zahlenstekerset 1-5 &#8211; Grimm&#8217;s"}]},{"@type":"WebSite","@id":"https:\/\/teiaeducation.ch\/de\/#website","url":"https:\/\/teiaeducation.ch\/de\/","name":"Sustainable Educational Products &amp; Ecological Toys\u00a0","description":"Specialised Swiss shop selling sustainable educational toys and games, AMI certified Montessori materials, handmade ecological wooden Waldorf toys and arts &amp; crafts supplies, school supplies, children&#039;s furniture and Montessori reference and parenting books.","publisher":{"@id":"https:\/\/teiaeducation.ch\/de\/#organization"},"alternateName":"Teia Education & Play","potentialAction":[{"@type":"SearchAction","target":{"@type":"EntryPoint","urlTemplate":"https:\/\/teiaeducation.ch\/de\/?s={search_term_string}"},"query-input":{"@type":"PropertyValueSpecification","valueRequired":true,"valueName":"search_term_string"}}],"inLanguage":"de-CH"},{"@type":"Organization","@id":"https:\/\/teiaeducation.ch\/de\/#organization","name":"Teia Education & Play","url":"https:\/\/teiaeducation.ch\/de\/","logo":{"@type":"ImageObject","inLanguage":"de-CH","@id":"https:\/\/teiaeducation.ch\/de\/#\/schema\/logo\/image\/","url":"https:\/\/teiaeducation.ch\/wp-content\/uploads\/2020\/11\/Teia-Education-Switzerland-e1620156442216.jpg","contentUrl":"https:\/\/teiaeducation.ch\/wp-content\/uploads\/2020\/11\/Teia-Education-Switzerland-e1620156442216.jpg","width":166,"height":145,"caption":"Teia Education & Play"},"image":{"@id":"https:\/\/teiaeducation.ch\/de\/#\/schema\/logo\/image\/"},"sameAs":["https:\/\/www.facebook.com\/teiaeducation\/","https:\/\/x.com\/EducationTeia","https:\/\/www.instagram.com\/teia.education\/","https:\/\/www.linkedin.com\/company\/35501660","https:\/\/www.pinterest.ch\/TeiaEducation\/"]}]}},"_links":{"self":[{"href":"https:\/\/teiaeducation.ch\/de\/wp-json\/wp\/v2\/product\/54869","targetHints":{"allow":["GET"]}}],"collection":[{"href":"https:\/\/teiaeducation.ch\/de\/wp-json\/wp\/v2\/product"}],"about":[{"href":"https:\/\/teiaeducation.ch\/de\/wp-json\/wp\/v2\/types\/product"}],"replies":[{"embeddable":true,"href":"https:\/\/teiaeducation.ch\/de\/wp-json\/wp\/v2\/comments?post=54869"}],"wp:featuredmedia":[{"embeddable":true,"href":"https:\/\/teiaeducation.ch\/de\/wp-json\/wp\/v2\/media\/54870"}],"wp:attachment":[{"href":"https:\/\/teiaeducation.ch\/de\/wp-json\/wp\/v2\/media?parent=54869"}],"wp:term":[{"taxonomy":"product_brand","embeddable":true,"href":"https:\/\/teiaeducation.ch\/de\/wp-json\/wp\/v2\/product_brand?post=54869"},{"taxonomy":"product_cat","embeddable":true,"href":"https:\/\/teiaeducation.ch\/de\/wp-json\/wp\/v2\/product_cat?post=54869"},{"taxonomy":"product_tag","embeddable":true,"href":"https:\/\/teiaeducation.ch\/de\/wp-json\/wp\/v2\/product_tag?post=54869"}],"curies":[{"name":"wp","href":"https:\/\/api.w.org\/{rel}","templated":true}]}}