{"id":54871,"date":"2020-12-22T15:04:46","date_gmt":"2020-12-22T14:04:46","guid":{"rendered":"https:\/\/teiaeducation.ch\/product\/jahreszeiten-steckersortiment-grimms\/"},"modified":"2025-06-27T09:16:20","modified_gmt":"2025-06-27T07:16:20","slug":"jahreszeiten-steckersortiment-grimms","status":"publish","type":"product","link":"https:\/\/teiaeducation.ch\/de\/produkt\/jahreszeiten-steckersortiment-grimms\/","title":{"rendered":"Jahreszeiten Steckersortiment &#8211; Grimm&#8217;s"},"content":{"rendered":"<p>Dieses h\u00fcbsche Steckersortiment von Grimm&#8217;s mit den von Waldorf inspirierten Dekofiguren aus Holz f\u00fcr die vier Jahreszeiten aus unserer <a href=\"https:\/\/teiaeducation.ch\/celebrations\/\">Feiertagskollektion<\/a> eignet sich perfekt, um mit Kindern den Wechsel der Jahreszeiten, der Monate und das Vergehen der Zeit zu feiern!<\/p>\n<p>Jede handgefertigte, handbemalte Dekofigur\u00a0steht f\u00fcr einen anderen Monat und veranschaulicht die Jahreszeit f\u00fcr Kinder:<\/p>\n<p>Januar &#8211; Schneemann<br \/>\nFebruar &#8211; Clown<br \/>\nM\u00e4rz &#8211; Tulpe<br \/>\nApril &#8211; Kaninchen<br \/>\nMai &#8211; Birke<br \/>\nJuni &#8211; Schmetterling<br \/>\nJuli &#8211; Kirsche<br \/>\nAugust &#8211; Segelboot<br \/>\nSeptember &#8211; Windm\u00fchle<br \/>\nOktober &#8211; Fliegenpilz<br \/>\nNovember &#8211; Zwerg<br \/>\nDezember &#8211; Stern<\/p>\n<p>Die Grimm&#8217;s vier Jahreszeiten Steckersortiment\u00a0Figuren sind aus Lindenholz handgefertigt und mit ungiftiger Beize auf Wasserbasis handbemalt. Die Figuren sind zwischen 3-8 cm hoch und 1 cm dick.<\/p>\n<p>Die Figuren sind die perfekte Erg\u00e4nzung zu Grimm&#8217;s <a href=\"https:\/\/teiaeducation.ch\/de\/produkt\/tageskreis-grimms\/\">Tageskreis<\/a>,\u00a0Waldorf-Kalendern und Dekorationen f\u00fcr besondere Anl\u00e4sse und Feste, insbesondere zu den von Grimm&#8217;s <a href=\"https:\/\/teiaeducation.ch\/product-category\/hgh-quality-toys-play\/waldorf-toys\/\">Waldorf<\/a> inspirierten Jahresringen und Feiertagsringen.<\/p>\n<p>Warnung! Dieser Dekoartikel ist nicht zum Spielen geeignet.<\/p>\n<p>Inhalt:<br \/>\n12 dekorative Figuren<br \/>\n1 Kerzenhalter aus Messing (12mm)<\/p>\n<h2>\u00dcber Grimm&#8217;s<\/h2>\n<p>Ideal zum Spielen zu Hause, im Kindergarten, in der <a href=\"https:\/\/teiaeducation.ch\/waldorf-steiner-schools-supplies\/\">Waldorf- oder Steiner-Schule<\/a>. Die sch\u00f6nen <a href=\"https:\/\/teiaeducation.ch\/product-category\/brands\/grimms\/\">Grimm&#8217;s<\/a> Naturholzspielzeuge werden nach der <a href=\"https:\/\/teiaeducation.ch\/product-category\/education-method\/waldorf-steiner-toys-craft-materials\/\">Waldorf-Philosophie<\/a> hergestellt, die daf\u00fcr bekannt ist, dass sie Kinder dazu ermutigt, das kreative Spiel selbstst\u00e4ndig, ohne Einschr\u00e4nkungen und in einem gem\u00fctlichen Tempo zu entdecken. Die Grimm&#8217;s Holzspielzeuge werden von Hand mit ungiftigen Farben auf Wasserbasis gef\u00e4rbt und nicht lackiert, damit die urspr\u00fcnglichen Eigenschaften des Holzes und die Maserung erhalten bleiben. Die Oberfl\u00e4che der FSC-zertifizierten europ\u00e4ischen Holz ist leicht rau, wodurch sie vollst\u00e4ndig stapelbar und weniger rutschig sind.<\/p>\n<p>Grimm&#8217;s <a href=\"https:\/\/teiaeducation.ch\/product-category\/hgh-quality-toys-play\/handmade-wooden-toys\/\">handgefertigtes Holzspielzeug<\/a> wird in den Grimm&#8217;s Werken in Deutschland sowie in mehreren Werkst\u00e4tten in ganz Europa aus verschiedenen Holzarten wie Erle, Linde, Buche und Ahorn hergestellt. Alle H\u00f6lzer, die f\u00fcr die Herstellung der Grimm&#8217;s-Spielzeuge verwendet werden, stammen aus nachhaltig bewirtschafteten europ\u00e4ischen W\u00e4ldern.<\/p>\n<p>Bitte beachten Sie, dass Grimm&#8217;s Spielzeuge immer Unikate sind, die einzigartige, von der Natur geschaffene Zeichen tragen. Die Maserung des Holzes weist wechselnde Strukturen und Farben auf, die von seiner nat\u00fcrlichen Herkunft zeugen. Die einzigartigen Variationen, Markierungen, \u00c4ste, Muster, schwarzen Streifen oder dunklen Flecken, die im Holz eines Grimm&#8217;s Spielzeugs sichtbar sein k\u00f6nnen, sind ein Beweis f\u00fcr Qualit\u00e4t, keine M\u00e4ngel.<\/p>\n","protected":false},"excerpt":{"rendered":"<p>Artikelnummer: gri03050<\/p>\n<p>Grimm&#8217;s dekorative Steckersortiment f\u00fcr die vier Jahreszeiten sind Waldorf Dekofiguren aus Holz, die den Wechsel der Monate und Jahreszeiten markieren!<\/p>\n","protected":false},"featured_media":54872,"comment_status":"open","ping_status":"closed","template":"","meta":[],"product_brand":[],"product_cat":[21445,21446,21479,24873,21465,21670,21640,21464,21521,21510,24875,21509,21443,22349,21563,22362,23636,21564,21483,22919],"product_tag":[25346,25344,25352,25350,25347,25349,25345,25348,25484,21720,21719,21715,25483,21721,21712,25351,25354,25353],"class_list":{"0":"post-54871","1":"product","2":"type-product","3":"status-publish","4":"has-post-thumbnail","6":"product_cat-3-6-jahre-vorschule","7":"product_cat-6-12-jahre-grundschule","8":"product_cat-lernmaterialien-spielzeug-montessori-waldorf-steiner-froebel","9":"product_cat-familie-feste-rituale","10":"product_cat-feier-festlichkeiten","11":"product_cat-fruehjahrskollektion","12":"product_cat-grimms-holzspielzeug","13":"product_cat-herbstkollektion","14":"product_cat-jahreszeiten-wetter","15":"product_cat-kultur-wissenschaft","16":"product_cat-lernen-erfahren","17":"product_cat-lernthemen","18":"product_cat-nach-alter","19":"product_cat-natur-saisonale-tische-de","20":"product_cat-neuheiten","21":"product_cat-saisonale-kollektionen","22":"product_cat-sommer-kollektion","23":"product_cat-unsere-marken","24":"product_cat-waldorf-steiner-paedagogik","25":"product_cat-waldorfspielzeug","26":"product_tag-festringe","27":"product_tag-geburtstagsdekorationen-aus-holz","28":"product_tag-geburtstagskerzenhalter-aus-holz","29":"product_tag-geburtstagsring","30":"product_tag-grimms-dekorative-figuren","31":"product_tag-grimms-geburtstagsring","32":"product_tag-grimms-geburtstagsringe","33":"product_tag-grimms-holzerne-geburtstagsdekorationen","34":"product_tag-grimms-jaherszeiten-figuren","35":"product_tag-grimms-schweiz-de","36":"product_tag-grimms-suisse-de","37":"product_tag-grimms-switzerland-de","38":"product_tag-grimms-zahlen-fur-vier-jaherszeiten","39":"product_tag-grimms-holzspielzeugladen","40":"product_tag-hergestellt-in-deutschland","41":"product_tag-kerzenhalter-dekorationen","42":"product_tag-waldorf-feier-ring","43":"product_tag-waldorf-geburtstagsring","45":"first","46":"outofstock","47":"taxable","48":"shipping-taxable","49":"purchasable","50":"product-type-simple"},"yoast_head":"<!-- This site is optimized with the Yoast SEO plugin v27.1.1 - https:\/\/yoast.com\/product\/yoast-seo-wordpress\/ -->\n<title>Jahreszeiten Steckersortiment - Grimm&#039;s<\/title>\n<meta name=\"description\" content=\"Grimm&#039;s dekorative Steckersortiment f\u00fcr die vier Jahreszeiten sind Waldorf Dekofiguren aus Holz, die den Wechsel der Monate und Jahreszeiten markieren.\" \/>\n<meta name=\"robots\" content=\"index, follow, max-snippet:-1, max-image-preview:large, max-video-preview:-1\" \/>\n<link rel=\"canonical\" href=\"https:\/\/teiaeducation.ch\/de\/produkt\/jahreszeiten-steckersortiment-grimms\/\" \/>\n<meta property=\"og:locale\" content=\"de_DE\" \/>\n<meta property=\"og:type\" content=\"article\" \/>\n<meta property=\"og:title\" content=\"Jahreszeiten Steckersortiment - Grimm&#039;s\" \/>\n<meta property=\"og:description\" content=\"Grimm&#039;s dekorative Steckersortiment f\u00fcr die vier Jahreszeiten sind Waldorf Dekofiguren aus Holz, die den Wechsel der Monate und Jahreszeiten markieren.\" \/>\n<meta property=\"og:url\" content=\"https:\/\/teiaeducation.ch\/de\/produkt\/jahreszeiten-steckersortiment-grimms\/\" \/>\n<meta property=\"og:site_name\" content=\"Sustainable Educational Products &amp; Ecological Toys\u00a0\" \/>\n<meta property=\"article:publisher\" content=\"https:\/\/www.facebook.com\/teiaeducation\/\" \/>\n<meta property=\"article:modified_time\" content=\"2025-06-27T07:16:20+00:00\" \/>\n<meta property=\"og:image\" content=\"https:\/\/teiaeducation.ch\/wp-content\/uploads\/2020\/10\/Four-seasons-assorted-figures-Grimms2.jpg\" \/>\n\t<meta property=\"og:image:width\" content=\"900\" \/>\n\t<meta property=\"og:image:height\" content=\"900\" \/>\n\t<meta property=\"og:image:type\" content=\"image\/jpeg\" \/>\n<script type=\"application\/ld+json\" class=\"yoast-schema-graph\">{\"@context\":\"https:\/\/schema.org\",\"@graph\":[{\"@type\":\"WebPage\",\"@id\":\"https:\/\/teiaeducation.ch\/de\/produkt\/jahreszeiten-steckersortiment-grimms\/\",\"url\":\"https:\/\/teiaeducation.ch\/de\/produkt\/jahreszeiten-steckersortiment-grimms\/\",\"name\":\"Jahreszeiten Steckersortiment - Grimm's\",\"isPartOf\":{\"@id\":\"https:\/\/teiaeducation.ch\/de\/#website\"},\"primaryImageOfPage\":{\"@id\":\"https:\/\/teiaeducation.ch\/de\/produkt\/jahreszeiten-steckersortiment-grimms\/#primaryimage\"},\"image\":{\"@id\":\"https:\/\/teiaeducation.ch\/de\/produkt\/jahreszeiten-steckersortiment-grimms\/#primaryimage\"},\"thumbnailUrl\":\"https:\/\/teiaeducation.ch\/wp-content\/uploads\/2020\/10\/Four-seasons-assorted-figures-Grimms2.jpg\",\"datePublished\":\"2020-12-22T14:04:46+00:00\",\"dateModified\":\"2025-06-27T07:16:20+00:00\",\"description\":\"Grimm's dekorative Steckersortiment f\u00fcr die vier Jahreszeiten sind Waldorf Dekofiguren aus Holz, die den Wechsel der Monate und Jahreszeiten markieren.\",\"breadcrumb\":{\"@id\":\"https:\/\/teiaeducation.ch\/de\/produkt\/jahreszeiten-steckersortiment-grimms\/#breadcrumb\"},\"inLanguage\":\"de-CH\",\"potentialAction\":[{\"@type\":\"ReadAction\",\"target\":[\"https:\/\/teiaeducation.ch\/de\/produkt\/jahreszeiten-steckersortiment-grimms\/\"]}]},{\"@type\":\"ImageObject\",\"inLanguage\":\"de-CH\",\"@id\":\"https:\/\/teiaeducation.ch\/de\/produkt\/jahreszeiten-steckersortiment-grimms\/#primaryimage\",\"url\":\"https:\/\/teiaeducation.ch\/wp-content\/uploads\/2020\/10\/Four-seasons-assorted-figures-Grimms2.jpg\",\"contentUrl\":\"https:\/\/teiaeducation.ch\/wp-content\/uploads\/2020\/10\/Four-seasons-assorted-figures-Grimms2.jpg\",\"width\":900,\"height\":900,\"caption\":\"Jahreszeiten Steckersortiment Waldorf Grimm's\"},{\"@type\":\"BreadcrumbList\",\"@id\":\"https:\/\/teiaeducation.ch\/de\/produkt\/jahreszeiten-steckersortiment-grimms\/#breadcrumb\",\"itemListElement\":[{\"@type\":\"ListItem\",\"position\":1,\"name\":\"Home\",\"item\":\"https:\/\/teiaeducation.ch\/de\/\"},{\"@type\":\"ListItem\",\"position\":2,\"name\":\"Laden\",\"item\":\"https:\/\/teiaeducation.ch\/de\/shop\/\"},{\"@type\":\"ListItem\",\"position\":3,\"name\":\"Unsere Marken\",\"item\":\"https:\/\/teiaeducation.ch\/de\/produkt-kategorie\/unsere-marken\/\"},{\"@type\":\"ListItem\",\"position\":4,\"name\":\"Grimm's\",\"item\":\"https:\/\/teiaeducation.ch\/de\/produkt-kategorie\/unsere-marken\/grimms-holzspielzeug\/\"},{\"@type\":\"ListItem\",\"position\":5,\"name\":\"Jahreszeiten Steckersortiment &#8211; Grimm&#8217;s\"}]},{\"@type\":\"WebSite\",\"@id\":\"https:\/\/teiaeducation.ch\/de\/#website\",\"url\":\"https:\/\/teiaeducation.ch\/de\/\",\"name\":\"Sustainable Educational Products &amp; Ecological Toys\u00a0\",\"description\":\"Specialised Swiss shop selling sustainable educational toys and games, AMI certified Montessori materials, handmade ecological wooden Waldorf toys and arts &amp; crafts supplies, school supplies, children&#039;s furniture and Montessori reference and parenting books.\",\"publisher\":{\"@id\":\"https:\/\/teiaeducation.ch\/de\/#organization\"},\"alternateName\":\"Teia Education & Play\",\"potentialAction\":[{\"@type\":\"SearchAction\",\"target\":{\"@type\":\"EntryPoint\",\"urlTemplate\":\"https:\/\/teiaeducation.ch\/de\/?s={search_term_string}\"},\"query-input\":{\"@type\":\"PropertyValueSpecification\",\"valueRequired\":true,\"valueName\":\"search_term_string\"}}],\"inLanguage\":\"de-CH\"},{\"@type\":\"Organization\",\"@id\":\"https:\/\/teiaeducation.ch\/de\/#organization\",\"name\":\"Teia Education & Play\",\"url\":\"https:\/\/teiaeducation.ch\/de\/\",\"logo\":{\"@type\":\"ImageObject\",\"inLanguage\":\"de-CH\",\"@id\":\"https:\/\/teiaeducation.ch\/de\/#\/schema\/logo\/image\/\",\"url\":\"https:\/\/teiaeducation.ch\/wp-content\/uploads\/2020\/11\/Teia-Education-Switzerland-e1620156442216.jpg\",\"contentUrl\":\"https:\/\/teiaeducation.ch\/wp-content\/uploads\/2020\/11\/Teia-Education-Switzerland-e1620156442216.jpg\",\"width\":166,\"height\":145,\"caption\":\"Teia Education & Play\"},\"image\":{\"@id\":\"https:\/\/teiaeducation.ch\/de\/#\/schema\/logo\/image\/\"},\"sameAs\":[\"https:\/\/www.facebook.com\/teiaeducation\/\",\"https:\/\/x.com\/EducationTeia\",\"https:\/\/www.instagram.com\/teia.education\/\",\"https:\/\/www.linkedin.com\/company\/35501660\",\"https:\/\/www.pinterest.ch\/TeiaEducation\/\"]}]}<\/script>\n<!-- \/ Yoast SEO plugin. -->","yoast_head_json":{"title":"Jahreszeiten Steckersortiment - Grimm's","description":"Grimm's dekorative Steckersortiment f\u00fcr die vier Jahreszeiten sind Waldorf Dekofiguren aus Holz, die den Wechsel der Monate und Jahreszeiten markieren.","robots":{"index":"index","follow":"follow","max-snippet":"max-snippet:-1","max-image-preview":"max-image-preview:large","max-video-preview":"max-video-preview:-1"},"canonical":"https:\/\/teiaeducation.ch\/de\/produkt\/jahreszeiten-steckersortiment-grimms\/","og_locale":"de_DE","og_type":"article","og_title":"Jahreszeiten Steckersortiment - Grimm's","og_description":"Grimm's dekorative Steckersortiment f\u00fcr die vier Jahreszeiten sind Waldorf Dekofiguren aus Holz, die den Wechsel der Monate und Jahreszeiten markieren.","og_url":"https:\/\/teiaeducation.ch\/de\/produkt\/jahreszeiten-steckersortiment-grimms\/","og_site_name":"Sustainable Educational Products &amp; Ecological Toys\u00a0","article_publisher":"https:\/\/www.facebook.com\/teiaeducation\/","article_modified_time":"2025-06-27T07:16:20+00:00","og_image":[{"width":900,"height":900,"url":"https:\/\/teiaeducation.ch\/wp-content\/uploads\/2020\/10\/Four-seasons-assorted-figures-Grimms2.jpg","type":"image\/jpeg"}],"schema":{"@context":"https:\/\/schema.org","@graph":[{"@type":"WebPage","@id":"https:\/\/teiaeducation.ch\/de\/produkt\/jahreszeiten-steckersortiment-grimms\/","url":"https:\/\/teiaeducation.ch\/de\/produkt\/jahreszeiten-steckersortiment-grimms\/","name":"Jahreszeiten Steckersortiment - Grimm's","isPartOf":{"@id":"https:\/\/teiaeducation.ch\/de\/#website"},"primaryImageOfPage":{"@id":"https:\/\/teiaeducation.ch\/de\/produkt\/jahreszeiten-steckersortiment-grimms\/#primaryimage"},"image":{"@id":"https:\/\/teiaeducation.ch\/de\/produkt\/jahreszeiten-steckersortiment-grimms\/#primaryimage"},"thumbnailUrl":"https:\/\/teiaeducation.ch\/wp-content\/uploads\/2020\/10\/Four-seasons-assorted-figures-Grimms2.jpg","datePublished":"2020-12-22T14:04:46+00:00","dateModified":"2025-06-27T07:16:20+00:00","description":"Grimm's dekorative Steckersortiment f\u00fcr die vier Jahreszeiten sind Waldorf Dekofiguren aus Holz, die den Wechsel der Monate und Jahreszeiten markieren.","breadcrumb":{"@id":"https:\/\/teiaeducation.ch\/de\/produkt\/jahreszeiten-steckersortiment-grimms\/#breadcrumb"},"inLanguage":"de-CH","potentialAction":[{"@type":"ReadAction","target":["https:\/\/teiaeducation.ch\/de\/produkt\/jahreszeiten-steckersortiment-grimms\/"]}]},{"@type":"ImageObject","inLanguage":"de-CH","@id":"https:\/\/teiaeducation.ch\/de\/produkt\/jahreszeiten-steckersortiment-grimms\/#primaryimage","url":"https:\/\/teiaeducation.ch\/wp-content\/uploads\/2020\/10\/Four-seasons-assorted-figures-Grimms2.jpg","contentUrl":"https:\/\/teiaeducation.ch\/wp-content\/uploads\/2020\/10\/Four-seasons-assorted-figures-Grimms2.jpg","width":900,"height":900,"caption":"Jahreszeiten Steckersortiment Waldorf Grimm's"},{"@type":"BreadcrumbList","@id":"https:\/\/teiaeducation.ch\/de\/produkt\/jahreszeiten-steckersortiment-grimms\/#breadcrumb","itemListElement":[{"@type":"ListItem","position":1,"name":"Home","item":"https:\/\/teiaeducation.ch\/de\/"},{"@type":"ListItem","position":2,"name":"Laden","item":"https:\/\/teiaeducation.ch\/de\/shop\/"},{"@type":"ListItem","position":3,"name":"Unsere Marken","item":"https:\/\/teiaeducation.ch\/de\/produkt-kategorie\/unsere-marken\/"},{"@type":"ListItem","position":4,"name":"Grimm's","item":"https:\/\/teiaeducation.ch\/de\/produkt-kategorie\/unsere-marken\/grimms-holzspielzeug\/"},{"@type":"ListItem","position":5,"name":"Jahreszeiten Steckersortiment &#8211; Grimm&#8217;s"}]},{"@type":"WebSite","@id":"https:\/\/teiaeducation.ch\/de\/#website","url":"https:\/\/teiaeducation.ch\/de\/","name":"Sustainable Educational Products &amp; Ecological Toys\u00a0","description":"Specialised Swiss shop selling sustainable educational toys and games, AMI certified Montessori materials, handmade ecological wooden Waldorf toys and arts &amp; crafts supplies, school supplies, children&#039;s furniture and Montessori reference and parenting books.","publisher":{"@id":"https:\/\/teiaeducation.ch\/de\/#organization"},"alternateName":"Teia Education & Play","potentialAction":[{"@type":"SearchAction","target":{"@type":"EntryPoint","urlTemplate":"https:\/\/teiaeducation.ch\/de\/?s={search_term_string}"},"query-input":{"@type":"PropertyValueSpecification","valueRequired":true,"valueName":"search_term_string"}}],"inLanguage":"de-CH"},{"@type":"Organization","@id":"https:\/\/teiaeducation.ch\/de\/#organization","name":"Teia Education & Play","url":"https:\/\/teiaeducation.ch\/de\/","logo":{"@type":"ImageObject","inLanguage":"de-CH","@id":"https:\/\/teiaeducation.ch\/de\/#\/schema\/logo\/image\/","url":"https:\/\/teiaeducation.ch\/wp-content\/uploads\/2020\/11\/Teia-Education-Switzerland-e1620156442216.jpg","contentUrl":"https:\/\/teiaeducation.ch\/wp-content\/uploads\/2020\/11\/Teia-Education-Switzerland-e1620156442216.jpg","width":166,"height":145,"caption":"Teia Education & Play"},"image":{"@id":"https:\/\/teiaeducation.ch\/de\/#\/schema\/logo\/image\/"},"sameAs":["https:\/\/www.facebook.com\/teiaeducation\/","https:\/\/x.com\/EducationTeia","https:\/\/www.instagram.com\/teia.education\/","https:\/\/www.linkedin.com\/company\/35501660","https:\/\/www.pinterest.ch\/TeiaEducation\/"]}]}},"_links":{"self":[{"href":"https:\/\/teiaeducation.ch\/de\/wp-json\/wp\/v2\/product\/54871","targetHints":{"allow":["GET"]}}],"collection":[{"href":"https:\/\/teiaeducation.ch\/de\/wp-json\/wp\/v2\/product"}],"about":[{"href":"https:\/\/teiaeducation.ch\/de\/wp-json\/wp\/v2\/types\/product"}],"replies":[{"embeddable":true,"href":"https:\/\/teiaeducation.ch\/de\/wp-json\/wp\/v2\/comments?post=54871"}],"wp:featuredmedia":[{"embeddable":true,"href":"https:\/\/teiaeducation.ch\/de\/wp-json\/wp\/v2\/media\/54872"}],"wp:attachment":[{"href":"https:\/\/teiaeducation.ch\/de\/wp-json\/wp\/v2\/media?parent=54871"}],"wp:term":[{"taxonomy":"product_brand","embeddable":true,"href":"https:\/\/teiaeducation.ch\/de\/wp-json\/wp\/v2\/product_brand?post=54871"},{"taxonomy":"product_cat","embeddable":true,"href":"https:\/\/teiaeducation.ch\/de\/wp-json\/wp\/v2\/product_cat?post=54871"},{"taxonomy":"product_tag","embeddable":true,"href":"https:\/\/teiaeducation.ch\/de\/wp-json\/wp\/v2\/product_tag?post=54871"}],"curies":[{"name":"wp","href":"https:\/\/api.w.org\/{rel}","templated":true}]}}