{"id":54902,"date":"2020-12-11T13:21:34","date_gmt":"2020-12-11T12:21:34","guid":{"rendered":"https:\/\/teiaeducation.ch\/product\/regenbogen-babyroller-grimms\/"},"modified":"2025-11-19T11:41:14","modified_gmt":"2025-11-19T10:41:14","slug":"regenbogen-babyroller-grimms","status":"publish","type":"product","link":"https:\/\/teiaeducation.ch\/de\/produkt\/regenbogen-babyroller-grimms\/","title":{"rendered":"Regenbogen Babyroller &#8211; Grimm&#8217;s"},"content":{"rendered":"<p>Das sch\u00f6ne Regenbogen Babyroller von Grimm&#8217;s ist das perfekte handgefertigte, nachhaltige\u00a0<a href=\"https:\/\/teiaeducation.ch\/product-category\/play\/sensory-play\/\">Sinnesspielzeug<\/a>\u00a0aus Holz f\u00fcr Babys und Kleinkinder. Dieses robuste, langlebige <a href=\"https:\/\/teiaeducation.ch\/product-category\/hgh-quality-toys-play\/handmade-wooden-toys\/\">Holzspielzeug<\/a> regt Kinder dazu an, ihm hinterher zu krabbeln oder zu laufen und dabei den Kl\u00e4ngen der bunten Holzperlen und der Glocke sowie dem faszinierenden Farbrad zu folgen, das beim Rollen entsteht. Ein sch\u00f6nes und lustiges Sinnesspielzeug!<\/p>\n<p>Das Grimm&#8217;s Regenbogen Babyroller ist aus Lindenholz gefertigt und mit ungiftigem \u00d6l auf Pflanzenbasis und ungiftiger Farbbeize auf Wasserbasis lackiert, so dass es von Babys und Kleinkindern von Geburt an sicher und nat\u00fcrlich zum Spielen und in den Mund genommen werden kann. Er hat einen Durchmesser von 15 cm.<\/p>\n<p>Das Grimm&#8217;s Regenbogen Babyroller ist f\u00fcr Kinder ab 0 Jahren geeignet.<\/p>\n<p>Inhalt:<\/p>\n<p>1 rollendes Babyroller mit Holzperlen und Glocke<\/p>\n<h2>\u00dcber Grimm&#8217;s<\/h2>\n<p>Ideal zum Spielen zu Hause, im Kindergarten, in der <a href=\"https:\/\/teiaeducation.ch\/waldorf-steiner-schools-supplies\/\">Waldorf- oder Steiner-Schule<\/a>. Die sch\u00f6nen <a href=\"https:\/\/teiaeducation.ch\/product-category\/brands\/grimms\/\">Grimm&#8217;s Naturholzspielzeuge<\/a> werden nach der <a href=\"https:\/\/teiaeducation.ch\/product-category\/education-method\/waldorf-steiner-toys-craft-materials\/\">Waldorf-Philosophie<\/a> hergestellt, die daf\u00fcr bekannt ist, dass sie Kinder dazu ermutigt, das kreative Spiel selbstst\u00e4ndig, ohne Einschr\u00e4nkungen und in einem gem\u00fctlichen Tempo zu entdecken. Die Grimm&#8217;s Holzspielzeuge werden von Hand mit ungiftigen Farben auf Wasserbasis gef\u00e4rbt und nicht lackiert, damit die urspr\u00fcnglichen Eigenschaften des Holzes und die Maserung erhalten bleiben. Die Oberfl\u00e4che der FSC-zertifizierten europ\u00e4ischen Holz ist leicht rau, wodurch sie vollst\u00e4ndig stapelbar und weniger rutschig sind.<\/p>\n<p>Grimm&#8217;s <a href=\"https:\/\/teiaeducation.ch\/product-category\/hgh-quality-toys-play\/handmade-wooden-toys\/\">handgefertigtes Holzspielzeug<\/a> wird in den Grimm&#8217;s Werken in Deutschland sowie in mehreren Werkst\u00e4tten in ganz Europa aus verschiedenen Holzarten wie Erle, Linde, Buche und Ahorn hergestellt. Alle H\u00f6lzer, die f\u00fcr die Herstellung der Grimm&#8217;s-Spielzeuge verwendet werden, stammen aus nachhaltig bewirtschafteten europ\u00e4ischen W\u00e4ldern.<\/p>\n<p>Bitte beachten Sie, dass Grimm&#8217;s Spielzeuge immer Unikate sind, die einzigartige, von der Natur geschaffene Zeichen tragen. Die Maserung des Holzes weist wechselnde Strukturen und Farben auf, die von seiner nat\u00fcrlichen Herkunft zeugen. Die einzigartigen Variationen, Markierungen, \u00c4ste, Muster, schwarzen Streifen oder dunklen Flecken, die im Holz eines Grimm&#8217;s Spielzeugs sichtbar sein k\u00f6nnen, sind ein Beweis f\u00fcr Qualit\u00e4t, keine M\u00e4ngel.<\/p>\n","protected":false},"excerpt":{"rendered":"<p>Artikelnummer: gri08503<\/p>\n<p>Grimm&#8217;s Regenbogen Babyroller ist das perfekte Sinnesspielzeug aus Holz f\u00fcr S\u00e4uglinge und Kleinkinder, um danach zu krabbeln oder zu laufen!<\/p>\n","protected":false},"featured_media":54903,"comment_status":"open","ping_status":"closed","template":"","meta":[],"product_brand":[],"product_cat":[25967,21444,21681,21485,21640,23075,21509,21559,21443,21563,24863,21692,21494,21557,21562,21695,21678,21497,21564,22919],"product_tag":[25219,25517,25518,21720,21719,21715,21721,25204,21712,25223,25224,25519,25516],"class_list":{"0":"post-54902","1":"product","2":"type-product","3":"status-publish","4":"has-post-thumbnail","6":"product_cat-0-12-monate-baby","7":"product_cat-1-3-jahre-kleinkind","8":"product_cat-baby-rasseln","9":"product_cat-geschenk-guide-0-12-monate-baby","10":"product_cat-grimms-holzspielzeug","11":"product_cat-handgefertigtes-holzspielzeug","12":"product_cat-lernthemen","13":"product_cat-motorische-fertigkeiten","14":"product_cat-nach-alter","15":"product_cat-neuheiten","16":"product_cat-rasseln-greifen","17":"product_cat-schiebespielzeug","18":"product_cat-schulbedarf-fuer-zuhause","19":"product_cat-sensorische-motorische-fertigkeiten","20":"product_cat-sinne","21":"product_cat-sinnliches-spiel","22":"product_cat-kinder-spielzeug","23":"product_cat-spielen-und-lernen-fuer-babys-kleinkinder","24":"product_cat-unsere-marken","25":"product_cat-waldorfspielzeug","26":"product_tag-babyspielzeug-aus-holz","27":"product_tag-grimms-babyspielzeug-de","28":"product_tag-grimms-regenbogen-babyroller","29":"product_tag-grimms-schweiz-de","30":"product_tag-grimms-suisse-de","31":"product_tag-grimms-switzerland-de","32":"product_tag-grimms-holzspielzeugladen","33":"product_tag-handgefertigte-holz-regenbogenfarben","34":"product_tag-hergestellt-in-deutschland","35":"product_tag-nachhaltiges-babyspielzeug","36":"product_tag-okologische-babyspielzeuge","37":"product_tag-sensorisches-babyspielzeug-aus-holz","38":"product_tag-spielzeug-fuer-kleinkinder-aus-holz","40":"first","41":"outofstock","42":"taxable","43":"shipping-taxable","44":"purchasable","45":"product-type-simple"},"yoast_head":"<!-- This site is optimized with the Yoast SEO Premium plugin v25.8 (Yoast SEO v27.4) - https:\/\/yoast.com\/product\/yoast-seo-premium-wordpress\/ -->\n<title>Regenbogen Babyroller - Grimm&#039;s<\/title>\n<meta name=\"description\" content=\"Grimm&#039;s Regenbogen Babyroller ist das perfekte Sinnesspielzeug aus Holz f\u00fcr S\u00e4uglinge und Kleinkinder, um danach zu krabbeln oder zu laufen.\" \/>\n<meta name=\"robots\" content=\"index, follow, max-snippet:-1, max-image-preview:large, max-video-preview:-1\" \/>\n<link rel=\"canonical\" href=\"https:\/\/teiaeducation.ch\/de\/produkt\/regenbogen-babyroller-grimms\/\" \/>\n<meta property=\"og:locale\" content=\"de_DE\" \/>\n<meta property=\"og:type\" content=\"article\" \/>\n<meta property=\"og:title\" content=\"Regenbogen Babyroller - Grimm&#039;s\" \/>\n<meta property=\"og:description\" content=\"Grimm&#039;s Regenbogen Babyroller ist das perfekte Sinnesspielzeug aus Holz f\u00fcr S\u00e4uglinge und Kleinkinder, um danach zu krabbeln oder zu laufen.\" \/>\n<meta property=\"og:url\" content=\"https:\/\/teiaeducation.ch\/de\/produkt\/regenbogen-babyroller-grimms\/\" \/>\n<meta property=\"og:site_name\" content=\"Sustainable Educational Products &amp; Ecological Toys\u00a0\" \/>\n<meta property=\"article:publisher\" content=\"https:\/\/www.facebook.com\/teiaeducation\/\" \/>\n<meta property=\"article:modified_time\" content=\"2025-11-19T10:41:14+00:00\" \/>\n<meta property=\"og:image\" content=\"https:\/\/teiaeducation.ch\/wp-content\/uploads\/2020\/10\/Rainbow-rolling-wheel-Grimms.jpg\" \/>\n\t<meta property=\"og:image:width\" content=\"900\" \/>\n\t<meta property=\"og:image:height\" content=\"900\" \/>\n\t<meta property=\"og:image:type\" content=\"image\/jpeg\" \/>\n<script type=\"application\/ld+json\" class=\"yoast-schema-graph\">{\"@context\":\"https:\\\/\\\/schema.org\",\"@graph\":[{\"@type\":\"WebPage\",\"@id\":\"https:\\\/\\\/teiaeducation.ch\\\/de\\\/produkt\\\/regenbogen-babyroller-grimms\\\/\",\"url\":\"https:\\\/\\\/teiaeducation.ch\\\/de\\\/produkt\\\/regenbogen-babyroller-grimms\\\/\",\"name\":\"Regenbogen Babyroller - Grimm's\",\"isPartOf\":{\"@id\":\"https:\\\/\\\/teiaeducation.ch\\\/de\\\/#website\"},\"primaryImageOfPage\":{\"@id\":\"https:\\\/\\\/teiaeducation.ch\\\/de\\\/produkt\\\/regenbogen-babyroller-grimms\\\/#primaryimage\"},\"image\":{\"@id\":\"https:\\\/\\\/teiaeducation.ch\\\/de\\\/produkt\\\/regenbogen-babyroller-grimms\\\/#primaryimage\"},\"thumbnailUrl\":\"https:\\\/\\\/teiaeducation.ch\\\/wp-content\\\/uploads\\\/2020\\\/10\\\/Rainbow-rolling-wheel-Grimms.jpg\",\"datePublished\":\"2020-12-11T12:21:34+00:00\",\"dateModified\":\"2025-11-19T10:41:14+00:00\",\"description\":\"Grimm's Regenbogen Babyroller ist das perfekte Sinnesspielzeug aus Holz f\u00fcr S\u00e4uglinge und Kleinkinder, um danach zu krabbeln oder zu laufen.\",\"breadcrumb\":{\"@id\":\"https:\\\/\\\/teiaeducation.ch\\\/de\\\/produkt\\\/regenbogen-babyroller-grimms\\\/#breadcrumb\"},\"inLanguage\":\"de-CH\",\"potentialAction\":[{\"@type\":\"ReadAction\",\"target\":[\"https:\\\/\\\/teiaeducation.ch\\\/de\\\/produkt\\\/regenbogen-babyroller-grimms\\\/\"]}]},{\"@type\":\"ImageObject\",\"inLanguage\":\"de-CH\",\"@id\":\"https:\\\/\\\/teiaeducation.ch\\\/de\\\/produkt\\\/regenbogen-babyroller-grimms\\\/#primaryimage\",\"url\":\"https:\\\/\\\/teiaeducation.ch\\\/wp-content\\\/uploads\\\/2020\\\/10\\\/Rainbow-rolling-wheel-Grimms.jpg\",\"contentUrl\":\"https:\\\/\\\/teiaeducation.ch\\\/wp-content\\\/uploads\\\/2020\\\/10\\\/Rainbow-rolling-wheel-Grimms.jpg\",\"width\":900,\"height\":900,\"caption\":\"Handgefertigtes nachhaltiges h\u00f6lzernes Baby-Sinnesspielzeug Regenbogen-Rollrad - Grimm's\"},{\"@type\":\"BreadcrumbList\",\"@id\":\"https:\\\/\\\/teiaeducation.ch\\\/de\\\/produkt\\\/regenbogen-babyroller-grimms\\\/#breadcrumb\",\"itemListElement\":[{\"@type\":\"ListItem\",\"position\":1,\"name\":\"Home\",\"item\":\"https:\\\/\\\/teiaeducation.ch\\\/de\\\/\"},{\"@type\":\"ListItem\",\"position\":2,\"name\":\"Laden\",\"item\":\"https:\\\/\\\/teiaeducation.ch\\\/de\\\/shop\\\/\"},{\"@type\":\"ListItem\",\"position\":3,\"name\":\"Lernthemen\",\"item\":\"https:\\\/\\\/teiaeducation.ch\\\/de\\\/produkt-kategorie\\\/lernthemen\\\/\"},{\"@type\":\"ListItem\",\"position\":4,\"name\":\"Sensorische &amp; Motorische Fertigkeiten\",\"item\":\"https:\\\/\\\/teiaeducation.ch\\\/de\\\/produkt-kategorie\\\/lernthemen\\\/sensorische-motorische-fertigkeiten\\\/\"},{\"@type\":\"ListItem\",\"position\":5,\"name\":\"Motorische Fertigkeiten\",\"item\":\"https:\\\/\\\/teiaeducation.ch\\\/de\\\/produkt-kategorie\\\/lernthemen\\\/sensorische-motorische-fertigkeiten\\\/motorische-fertigkeiten\\\/\"},{\"@type\":\"ListItem\",\"position\":6,\"name\":\"Regenbogen Babyroller &#8211; Grimm&#8217;s\"}]},{\"@type\":\"WebSite\",\"@id\":\"https:\\\/\\\/teiaeducation.ch\\\/de\\\/#website\",\"url\":\"https:\\\/\\\/teiaeducation.ch\\\/de\\\/\",\"name\":\"Sustainable Educational Products &amp; Ecological Toys\u00a0\",\"description\":\"Specialised Swiss shop selling sustainable educational toys and games, AMI certified Montessori materials, handmade ecological wooden Waldorf toys and arts &amp; crafts supplies, school supplies, children&#039;s furniture and Montessori reference and parenting books.\",\"publisher\":{\"@id\":\"https:\\\/\\\/teiaeducation.ch\\\/de\\\/#organization\"},\"alternateName\":\"Teia Education & Play\",\"potentialAction\":[{\"@type\":\"SearchAction\",\"target\":{\"@type\":\"EntryPoint\",\"urlTemplate\":\"https:\\\/\\\/teiaeducation.ch\\\/de\\\/?s={search_term_string}\"},\"query-input\":{\"@type\":\"PropertyValueSpecification\",\"valueRequired\":true,\"valueName\":\"search_term_string\"}}],\"inLanguage\":\"de-CH\"},{\"@type\":\"Organization\",\"@id\":\"https:\\\/\\\/teiaeducation.ch\\\/de\\\/#organization\",\"name\":\"Teia Education & Play\",\"url\":\"https:\\\/\\\/teiaeducation.ch\\\/de\\\/\",\"logo\":{\"@type\":\"ImageObject\",\"inLanguage\":\"de-CH\",\"@id\":\"https:\\\/\\\/teiaeducation.ch\\\/de\\\/#\\\/schema\\\/logo\\\/image\\\/\",\"url\":\"https:\\\/\\\/teiaeducation.ch\\\/wp-content\\\/uploads\\\/2020\\\/11\\\/Teia-Education-Switzerland-e1620156442216.jpg\",\"contentUrl\":\"https:\\\/\\\/teiaeducation.ch\\\/wp-content\\\/uploads\\\/2020\\\/11\\\/Teia-Education-Switzerland-e1620156442216.jpg\",\"width\":166,\"height\":145,\"caption\":\"Teia Education & Play\"},\"image\":{\"@id\":\"https:\\\/\\\/teiaeducation.ch\\\/de\\\/#\\\/schema\\\/logo\\\/image\\\/\"},\"sameAs\":[\"https:\\\/\\\/www.facebook.com\\\/teiaeducation\\\/\",\"https:\\\/\\\/x.com\\\/EducationTeia\",\"https:\\\/\\\/www.instagram.com\\\/teia.education\\\/\",\"https:\\\/\\\/www.linkedin.com\\\/company\\\/35501660\",\"https:\\\/\\\/www.pinterest.ch\\\/TeiaEducation\\\/\"]}]}<\/script>\n<meta property=\"product:price:amount\" content=\"49.90\" \/>\n<meta property=\"product:price:currency\" content=\"CHF\" \/>\n<meta property=\"og:availability\" content=\"out of stock\" \/>\n<meta property=\"product:availability\" content=\"out of stock\" \/>\n<meta property=\"product:retailer_item_id\" content=\"00000000000000000000000000000000000000000000030972\" \/>\n<meta property=\"product:condition\" content=\"new\" \/>\n<!-- \/ Yoast SEO Premium plugin. -->","yoast_head_json":{"title":"Regenbogen Babyroller - Grimm's","description":"Grimm's Regenbogen Babyroller ist das perfekte Sinnesspielzeug aus Holz f\u00fcr S\u00e4uglinge und Kleinkinder, um danach zu krabbeln oder zu laufen.","robots":{"index":"index","follow":"follow","max-snippet":"max-snippet:-1","max-image-preview":"max-image-preview:large","max-video-preview":"max-video-preview:-1"},"canonical":"https:\/\/teiaeducation.ch\/de\/produkt\/regenbogen-babyroller-grimms\/","og_locale":"de_DE","og_type":"article","og_title":"Regenbogen Babyroller - Grimm's","og_description":"Grimm's Regenbogen Babyroller ist das perfekte Sinnesspielzeug aus Holz f\u00fcr S\u00e4uglinge und Kleinkinder, um danach zu krabbeln oder zu laufen.","og_url":"https:\/\/teiaeducation.ch\/de\/produkt\/regenbogen-babyroller-grimms\/","og_site_name":"Sustainable Educational Products &amp; Ecological Toys\u00a0","article_publisher":"https:\/\/www.facebook.com\/teiaeducation\/","article_modified_time":"2025-11-19T10:41:14+00:00","og_image":[{"width":900,"height":900,"url":"https:\/\/teiaeducation.ch\/wp-content\/uploads\/2020\/10\/Rainbow-rolling-wheel-Grimms.jpg","type":"image\/jpeg"}],"schema":{"@context":"https:\/\/schema.org","@graph":[{"@type":"WebPage","@id":"https:\/\/teiaeducation.ch\/de\/produkt\/regenbogen-babyroller-grimms\/","url":"https:\/\/teiaeducation.ch\/de\/produkt\/regenbogen-babyroller-grimms\/","name":"Regenbogen Babyroller - Grimm's","isPartOf":{"@id":"https:\/\/teiaeducation.ch\/de\/#website"},"primaryImageOfPage":{"@id":"https:\/\/teiaeducation.ch\/de\/produkt\/regenbogen-babyroller-grimms\/#primaryimage"},"image":{"@id":"https:\/\/teiaeducation.ch\/de\/produkt\/regenbogen-babyroller-grimms\/#primaryimage"},"thumbnailUrl":"https:\/\/teiaeducation.ch\/wp-content\/uploads\/2020\/10\/Rainbow-rolling-wheel-Grimms.jpg","datePublished":"2020-12-11T12:21:34+00:00","dateModified":"2025-11-19T10:41:14+00:00","description":"Grimm's Regenbogen Babyroller ist das perfekte Sinnesspielzeug aus Holz f\u00fcr S\u00e4uglinge und Kleinkinder, um danach zu krabbeln oder zu laufen.","breadcrumb":{"@id":"https:\/\/teiaeducation.ch\/de\/produkt\/regenbogen-babyroller-grimms\/#breadcrumb"},"inLanguage":"de-CH","potentialAction":[{"@type":"ReadAction","target":["https:\/\/teiaeducation.ch\/de\/produkt\/regenbogen-babyroller-grimms\/"]}]},{"@type":"ImageObject","inLanguage":"de-CH","@id":"https:\/\/teiaeducation.ch\/de\/produkt\/regenbogen-babyroller-grimms\/#primaryimage","url":"https:\/\/teiaeducation.ch\/wp-content\/uploads\/2020\/10\/Rainbow-rolling-wheel-Grimms.jpg","contentUrl":"https:\/\/teiaeducation.ch\/wp-content\/uploads\/2020\/10\/Rainbow-rolling-wheel-Grimms.jpg","width":900,"height":900,"caption":"Handgefertigtes nachhaltiges h\u00f6lzernes Baby-Sinnesspielzeug Regenbogen-Rollrad - Grimm's"},{"@type":"BreadcrumbList","@id":"https:\/\/teiaeducation.ch\/de\/produkt\/regenbogen-babyroller-grimms\/#breadcrumb","itemListElement":[{"@type":"ListItem","position":1,"name":"Home","item":"https:\/\/teiaeducation.ch\/de\/"},{"@type":"ListItem","position":2,"name":"Laden","item":"https:\/\/teiaeducation.ch\/de\/shop\/"},{"@type":"ListItem","position":3,"name":"Lernthemen","item":"https:\/\/teiaeducation.ch\/de\/produkt-kategorie\/lernthemen\/"},{"@type":"ListItem","position":4,"name":"Sensorische &amp; Motorische Fertigkeiten","item":"https:\/\/teiaeducation.ch\/de\/produkt-kategorie\/lernthemen\/sensorische-motorische-fertigkeiten\/"},{"@type":"ListItem","position":5,"name":"Motorische Fertigkeiten","item":"https:\/\/teiaeducation.ch\/de\/produkt-kategorie\/lernthemen\/sensorische-motorische-fertigkeiten\/motorische-fertigkeiten\/"},{"@type":"ListItem","position":6,"name":"Regenbogen Babyroller &#8211; Grimm&#8217;s"}]},{"@type":"WebSite","@id":"https:\/\/teiaeducation.ch\/de\/#website","url":"https:\/\/teiaeducation.ch\/de\/","name":"Sustainable Educational Products &amp; Ecological Toys\u00a0","description":"Specialised Swiss shop selling sustainable educational toys and games, AMI certified Montessori materials, handmade ecological wooden Waldorf toys and arts &amp; crafts supplies, school supplies, children&#039;s furniture and Montessori reference and parenting books.","publisher":{"@id":"https:\/\/teiaeducation.ch\/de\/#organization"},"alternateName":"Teia Education & Play","potentialAction":[{"@type":"SearchAction","target":{"@type":"EntryPoint","urlTemplate":"https:\/\/teiaeducation.ch\/de\/?s={search_term_string}"},"query-input":{"@type":"PropertyValueSpecification","valueRequired":true,"valueName":"search_term_string"}}],"inLanguage":"de-CH"},{"@type":"Organization","@id":"https:\/\/teiaeducation.ch\/de\/#organization","name":"Teia Education & Play","url":"https:\/\/teiaeducation.ch\/de\/","logo":{"@type":"ImageObject","inLanguage":"de-CH","@id":"https:\/\/teiaeducation.ch\/de\/#\/schema\/logo\/image\/","url":"https:\/\/teiaeducation.ch\/wp-content\/uploads\/2020\/11\/Teia-Education-Switzerland-e1620156442216.jpg","contentUrl":"https:\/\/teiaeducation.ch\/wp-content\/uploads\/2020\/11\/Teia-Education-Switzerland-e1620156442216.jpg","width":166,"height":145,"caption":"Teia Education & Play"},"image":{"@id":"https:\/\/teiaeducation.ch\/de\/#\/schema\/logo\/image\/"},"sameAs":["https:\/\/www.facebook.com\/teiaeducation\/","https:\/\/x.com\/EducationTeia","https:\/\/www.instagram.com\/teia.education\/","https:\/\/www.linkedin.com\/company\/35501660","https:\/\/www.pinterest.ch\/TeiaEducation\/"]}]},"product_price_amount":"49.90","product_price_currency":"CHF","og_availability":"out of stock","product_availability":"out of stock","product_retailer_item_id":"00000000000000000000000000000000000000000000030972","product_condition":"new"},"_links":{"self":[{"href":"https:\/\/teiaeducation.ch\/de\/wp-json\/wp\/v2\/product\/54902","targetHints":{"allow":["GET"]}}],"collection":[{"href":"https:\/\/teiaeducation.ch\/de\/wp-json\/wp\/v2\/product"}],"about":[{"href":"https:\/\/teiaeducation.ch\/de\/wp-json\/wp\/v2\/types\/product"}],"replies":[{"embeddable":true,"href":"https:\/\/teiaeducation.ch\/de\/wp-json\/wp\/v2\/comments?post=54902"}],"wp:featuredmedia":[{"embeddable":true,"href":"https:\/\/teiaeducation.ch\/de\/wp-json\/wp\/v2\/media\/54903"}],"wp:attachment":[{"href":"https:\/\/teiaeducation.ch\/de\/wp-json\/wp\/v2\/media?parent=54902"}],"wp:term":[{"taxonomy":"product_brand","embeddable":true,"href":"https:\/\/teiaeducation.ch\/de\/wp-json\/wp\/v2\/product_brand?post=54902"},{"taxonomy":"product_cat","embeddable":true,"href":"https:\/\/teiaeducation.ch\/de\/wp-json\/wp\/v2\/product_cat?post=54902"},{"taxonomy":"product_tag","embeddable":true,"href":"https:\/\/teiaeducation.ch\/de\/wp-json\/wp\/v2\/product_tag?post=54902"}],"curies":[{"name":"wp","href":"https:\/\/api.w.org\/{rel}","templated":true}]}}