{"id":54917,"date":"2020-12-11T12:32:38","date_gmt":"2020-12-11T11:32:38","guid":{"rendered":"https:\/\/teiaeducation.ch\/product\/mini-spirelli-grimms\/"},"modified":"2025-08-25T14:55:45","modified_gmt":"2025-08-25T12:55:45","slug":"mini-spirelli-grimms","status":"publish","type":"product","link":"https:\/\/teiaeducation.ch\/de\/produkt\/mini-spirelli-grimms\/","title":{"rendered":"Mini Spirelli &#8211; Grimm&#8217;s"},"content":{"rendered":"<p>Grimm&#8217;s Mini Spirelli ist ein fesselndes Regenbogen <a href=\"https:\/\/teiaeducation.ch\/product-category\/play\/sensory-play\/\">Sinnesspielzeug<\/a> aus Holz f\u00fcr Kinder &#8211; und Erwachsene &#8211; jeden Alters! Beobachten Sie, wie die sch\u00f6nen regenbogenfarbenen Holzscheiben jedes Mal, wenn Sie dieses faszinierende Spielzeug auf den Kopf stellen, die Spirale hinunterfallen.<\/p>\n<p>Diese kleine Version des Spirelli-Spielzeugs hat die perfekte Gr\u00f6\u00dfe f\u00fcr kleine H\u00e4nde und ist f\u00fcr Kinder ab 3 Jahren geeignet.<\/p>\n<p>Die sch\u00f6nen Regenbogen Scheiben des Mini Spirelli sind aus Buchenholz gefertigt und mit ungiftiger Beize auf Wasserbasis in wundersch\u00f6nen hellen Farbt\u00f6nen bemalt. Diese kleine Version des Spirelli-Spielzeugs hat mit einer L\u00e4nge von 23 cm die perfekte Gr\u00f6\u00dfe f\u00fcr kleine H\u00e4nde und ist f\u00fcr Kinder ab 3 Jahren geeignet.<\/p>\n<p>Der Grimm&#8217;s Mini Spirelli aus Holz ist f\u00fcr Kinder ab 3 Jahren geeignet.<\/p>\n<p>Warnung! ERSTICKUNGSGEFAHR &#8211; Kleine Teile. Nicht f\u00fcr Kinder unter 3 Jahren geeignet.<\/p>\n<p>Inhalt:<\/p>\n<p>1 Spielzeug aus Holz und Metall<\/p>\n<h2>\u00dcber Grimm&#8217;s<\/h2>\n<p>Ideal zum Spielen zu Hause, im Kindergarten, in der <a href=\"https:\/\/teiaeducation.ch\/waldorf-steiner-schools-supplies\/\">Waldorf- oder Steiner-Schule<\/a>. Die sch\u00f6nen <a href=\"https:\/\/teiaeducation.ch\/product-category\/brands\/grimms\/\">Grimm&#8217;s Naturholzspielzeuge<\/a> werden nach der <a href=\"https:\/\/teiaeducation.ch\/product-category\/education-method\/waldorf-steiner-toys-craft-materials\/\">Waldorf-Philosophie<\/a> hergestellt, die daf\u00fcr bekannt ist, dass sie Kinder dazu ermutigt, das kreative Spiel selbstst\u00e4ndig, ohne Einschr\u00e4nkungen und in einem gem\u00fctlichen Tempo zu entdecken. Die Grimm&#8217;s Holzspielzeuge werden von Hand mit ungiftigen Farben auf Wasserbasis gef\u00e4rbt und nicht lackiert, damit die urspr\u00fcnglichen Eigenschaften des Holzes und die Maserung erhalten bleiben. Die Oberfl\u00e4che der FSC-zertifizierten europ\u00e4ischen Holz ist leicht rau, wodurch sie vollst\u00e4ndig stapelbar und weniger rutschig sind.<\/p>\n<p>Grimm&#8217;s <a href=\"https:\/\/teiaeducation.ch\/product-category\/hgh-quality-toys-play\/handmade-wooden-toys\/\">handgefertigtes Holzspielzeug<\/a> wird in den Grimm&#8217;s Werken in Deutschland sowie in mehreren Werkst\u00e4tten in ganz Europa aus verschiedenen Holzarten wie Erle, Linde, Buche und Ahorn hergestellt. Alle H\u00f6lzer, die f\u00fcr die Herstellung der Grimm&#8217;s-Spielzeuge verwendet werden, stammen aus nachhaltig bewirtschafteten europ\u00e4ischen W\u00e4ldern.<\/p>\n<p>Bitte beachten Sie, dass Grimm&#8217;s Spielzeuge immer Unikate sind, die einzigartige, von der Natur geschaffene Zeichen tragen. Die Maserung des Holzes weist wechselnde Strukturen und Farben auf, die von seiner nat\u00fcrlichen Herkunft zeugen. Die einzigartigen Variationen, Markierungen, \u00c4ste, Muster, schwarzen Streifen oder dunklen Flecken, die im Holz eines Grimm&#8217;s Spielzeugs sichtbar sein k\u00f6nnen, sind ein Beweis f\u00fcr Qualit\u00e4t, keine M\u00e4ngel.<\/p>\n","protected":false},"excerpt":{"rendered":"<p>Artikelnummer: gri80051<\/p>\n<p>Grimm&#8217;s Mini Spirelli ist ein Regenbogen Sinnesspielzeug aus Holz mit kaskadenf\u00f6rmig herabfallenden Scheiben f\u00fcr Kinder &#8211; und Erwachsene &#8211; jeden Alters!<\/p>\n","protected":false},"featured_media":54918,"comment_status":"open","ping_status":"closed","template":"","meta":[],"product_brand":[],"product_cat":[21445,21446,22033,21487,21484,21640,23075,24875,21509,21559,21443,21563,21557,21562,21695,21678,21564,22919],"product_tag":[25553,25552,21720,25555,21719,21715,21721,25202,25204,21712,25231,25554,21714],"class_list":{"0":"post-54917","1":"product","2":"type-product","3":"status-publish","4":"has-post-thumbnail","6":"product_cat-3-6-jahre-vorschule","7":"product_cat-6-12-jahre-grundschule","8":"product_cat-adventskalender-geschenke-strumpffueller","9":"product_cat-geschenk-guide-3-6-jahre-vorschule","10":"product_cat-geschenk-guides","11":"product_cat-grimms-holzspielzeug","12":"product_cat-handgefertigtes-holzspielzeug","13":"product_cat-lernen-erfahren","14":"product_cat-lernthemen","15":"product_cat-motorische-fertigkeiten","16":"product_cat-nach-alter","17":"product_cat-neuheiten","18":"product_cat-sensorische-motorische-fertigkeiten","19":"product_cat-sinne","20":"product_cat-sinnliches-spiel","21":"product_cat-kinder-spielzeug","22":"product_cat-unsere-marken","23":"product_cat-waldorfspielzeug","24":"product_tag-grimms-drehende-spielzeugscheibe","25":"product_tag-grimms-mini-spirelli-de","26":"product_tag-grimms-schweiz-de","27":"product_tag-grimms-spirelli-de","28":"product_tag-grimms-suisse-de","29":"product_tag-grimms-switzerland-de","30":"product_tag-grimms-holzspielzeugladen","31":"product_tag-grimms-regenbogenfarbene-holzklotze","32":"product_tag-handgefertigte-holz-regenbogenfarben","33":"product_tag-hergestellt-in-deutschland","34":"product_tag-regenbogen-babyspielzeug-aus-holz","35":"product_tag-spielzeug-mit-drehender-scheibe","36":"product_tag-waldorfspielzeug-aus-holz","38":"first","39":"outofstock","40":"taxable","41":"shipping-taxable","42":"purchasable","43":"product-type-simple"},"yoast_head":"<!-- This site is optimized with the Yoast SEO plugin v27.1.1 - https:\/\/yoast.com\/product\/yoast-seo-wordpress\/ -->\n<title>Mini Spirelli - Grimm&#039;s - Teia Education &amp; Play<\/title>\n<meta name=\"description\" content=\"Grimm&#039;s Mini Spirelli ist ein Regenbogen Sinnesspielzeug aus Holz mit kaskadenf\u00f6rmig herabfallenden Scheiben f\u00fcr Kinder - und Erwachsene - jeden Alters!\" \/>\n<meta name=\"robots\" content=\"index, follow, max-snippet:-1, max-image-preview:large, max-video-preview:-1\" \/>\n<link rel=\"canonical\" href=\"https:\/\/teiaeducation.ch\/de\/produkt\/mini-spirelli-grimms\/\" \/>\n<meta property=\"og:locale\" content=\"de_DE\" \/>\n<meta property=\"og:type\" content=\"article\" \/>\n<meta property=\"og:title\" content=\"Mini Spirelli - Grimm&#039;s - Teia Education &amp; Play\" \/>\n<meta property=\"og:description\" content=\"Grimm&#039;s Mini Spirelli ist ein Regenbogen Sinnesspielzeug aus Holz mit kaskadenf\u00f6rmig herabfallenden Scheiben f\u00fcr Kinder - und Erwachsene - jeden Alters!\" \/>\n<meta property=\"og:url\" content=\"https:\/\/teiaeducation.ch\/de\/produkt\/mini-spirelli-grimms\/\" \/>\n<meta property=\"og:site_name\" content=\"Sustainable Educational Products &amp; Ecological Toys\u00a0\" \/>\n<meta property=\"article:publisher\" content=\"https:\/\/www.facebook.com\/teiaeducation\/\" \/>\n<meta property=\"article:modified_time\" content=\"2025-08-25T12:55:45+00:00\" \/>\n<meta property=\"og:image\" content=\"https:\/\/teiaeducation.ch\/wp-content\/uploads\/2020\/10\/Mini-spirelli-Grimms.jpg\" \/>\n\t<meta property=\"og:image:width\" content=\"800\" \/>\n\t<meta property=\"og:image:height\" content=\"427\" \/>\n\t<meta property=\"og:image:type\" content=\"image\/jpeg\" \/>\n<script type=\"application\/ld+json\" class=\"yoast-schema-graph\">{\"@context\":\"https:\/\/schema.org\",\"@graph\":[{\"@type\":\"WebPage\",\"@id\":\"https:\/\/teiaeducation.ch\/de\/produkt\/mini-spirelli-grimms\/\",\"url\":\"https:\/\/teiaeducation.ch\/de\/produkt\/mini-spirelli-grimms\/\",\"name\":\"Mini Spirelli - Grimm's - Teia Education & Play\",\"isPartOf\":{\"@id\":\"https:\/\/teiaeducation.ch\/de\/#website\"},\"primaryImageOfPage\":{\"@id\":\"https:\/\/teiaeducation.ch\/de\/produkt\/mini-spirelli-grimms\/#primaryimage\"},\"image\":{\"@id\":\"https:\/\/teiaeducation.ch\/de\/produkt\/mini-spirelli-grimms\/#primaryimage\"},\"thumbnailUrl\":\"https:\/\/teiaeducation.ch\/wp-content\/uploads\/2020\/10\/Mini-spirelli-Grimms.jpg\",\"datePublished\":\"2020-12-11T11:32:38+00:00\",\"dateModified\":\"2025-08-25T12:55:45+00:00\",\"description\":\"Grimm's Mini Spirelli ist ein Regenbogen Sinnesspielzeug aus Holz mit kaskadenf\u00f6rmig herabfallenden Scheiben f\u00fcr Kinder - und Erwachsene - jeden Alters!\",\"breadcrumb\":{\"@id\":\"https:\/\/teiaeducation.ch\/de\/produkt\/mini-spirelli-grimms\/#breadcrumb\"},\"inLanguage\":\"de-CH\",\"potentialAction\":[{\"@type\":\"ReadAction\",\"target\":[\"https:\/\/teiaeducation.ch\/de\/produkt\/mini-spirelli-grimms\/\"]}]},{\"@type\":\"ImageObject\",\"inLanguage\":\"de-CH\",\"@id\":\"https:\/\/teiaeducation.ch\/de\/produkt\/mini-spirelli-grimms\/#primaryimage\",\"url\":\"https:\/\/teiaeducation.ch\/wp-content\/uploads\/2020\/10\/Mini-spirelli-Grimms.jpg\",\"contentUrl\":\"https:\/\/teiaeducation.ch\/wp-content\/uploads\/2020\/10\/Mini-spirelli-Grimms.jpg\",\"width\":800,\"height\":427,\"caption\":\"H\u00f6lzernes Regenbogen-Sinnesspielzeug Mini spirelli - Grimm's\"},{\"@type\":\"BreadcrumbList\",\"@id\":\"https:\/\/teiaeducation.ch\/de\/produkt\/mini-spirelli-grimms\/#breadcrumb\",\"itemListElement\":[{\"@type\":\"ListItem\",\"position\":1,\"name\":\"Home\",\"item\":\"https:\/\/teiaeducation.ch\/de\/\"},{\"@type\":\"ListItem\",\"position\":2,\"name\":\"Laden\",\"item\":\"https:\/\/teiaeducation.ch\/de\/shop\/\"},{\"@type\":\"ListItem\",\"position\":3,\"name\":\"Unsere Marken\",\"item\":\"https:\/\/teiaeducation.ch\/de\/produkt-kategorie\/unsere-marken\/\"},{\"@type\":\"ListItem\",\"position\":4,\"name\":\"Grimm's\",\"item\":\"https:\/\/teiaeducation.ch\/de\/produkt-kategorie\/unsere-marken\/grimms-holzspielzeug\/\"},{\"@type\":\"ListItem\",\"position\":5,\"name\":\"Mini Spirelli &#8211; Grimm&#8217;s\"}]},{\"@type\":\"WebSite\",\"@id\":\"https:\/\/teiaeducation.ch\/de\/#website\",\"url\":\"https:\/\/teiaeducation.ch\/de\/\",\"name\":\"Sustainable Educational Products &amp; Ecological Toys\u00a0\",\"description\":\"Specialised Swiss shop selling sustainable educational toys and games, AMI certified Montessori materials, handmade ecological wooden Waldorf toys and arts &amp; crafts supplies, school supplies, children&#039;s furniture and Montessori reference and parenting books.\",\"publisher\":{\"@id\":\"https:\/\/teiaeducation.ch\/de\/#organization\"},\"alternateName\":\"Teia Education & Play\",\"potentialAction\":[{\"@type\":\"SearchAction\",\"target\":{\"@type\":\"EntryPoint\",\"urlTemplate\":\"https:\/\/teiaeducation.ch\/de\/?s={search_term_string}\"},\"query-input\":{\"@type\":\"PropertyValueSpecification\",\"valueRequired\":true,\"valueName\":\"search_term_string\"}}],\"inLanguage\":\"de-CH\"},{\"@type\":\"Organization\",\"@id\":\"https:\/\/teiaeducation.ch\/de\/#organization\",\"name\":\"Teia Education & Play\",\"url\":\"https:\/\/teiaeducation.ch\/de\/\",\"logo\":{\"@type\":\"ImageObject\",\"inLanguage\":\"de-CH\",\"@id\":\"https:\/\/teiaeducation.ch\/de\/#\/schema\/logo\/image\/\",\"url\":\"https:\/\/teiaeducation.ch\/wp-content\/uploads\/2020\/11\/Teia-Education-Switzerland-e1620156442216.jpg\",\"contentUrl\":\"https:\/\/teiaeducation.ch\/wp-content\/uploads\/2020\/11\/Teia-Education-Switzerland-e1620156442216.jpg\",\"width\":166,\"height\":145,\"caption\":\"Teia Education & Play\"},\"image\":{\"@id\":\"https:\/\/teiaeducation.ch\/de\/#\/schema\/logo\/image\/\"},\"sameAs\":[\"https:\/\/www.facebook.com\/teiaeducation\/\",\"https:\/\/x.com\/EducationTeia\",\"https:\/\/www.instagram.com\/teia.education\/\",\"https:\/\/www.linkedin.com\/company\/35501660\",\"https:\/\/www.pinterest.ch\/TeiaEducation\/\"]}]}<\/script>\n<!-- \/ Yoast SEO plugin. -->","yoast_head_json":{"title":"Mini Spirelli - Grimm's - Teia Education & Play","description":"Grimm's Mini Spirelli ist ein Regenbogen Sinnesspielzeug aus Holz mit kaskadenf\u00f6rmig herabfallenden Scheiben f\u00fcr Kinder - und Erwachsene - jeden Alters!","robots":{"index":"index","follow":"follow","max-snippet":"max-snippet:-1","max-image-preview":"max-image-preview:large","max-video-preview":"max-video-preview:-1"},"canonical":"https:\/\/teiaeducation.ch\/de\/produkt\/mini-spirelli-grimms\/","og_locale":"de_DE","og_type":"article","og_title":"Mini Spirelli - Grimm's - Teia Education & Play","og_description":"Grimm's Mini Spirelli ist ein Regenbogen Sinnesspielzeug aus Holz mit kaskadenf\u00f6rmig herabfallenden Scheiben f\u00fcr Kinder - und Erwachsene - jeden Alters!","og_url":"https:\/\/teiaeducation.ch\/de\/produkt\/mini-spirelli-grimms\/","og_site_name":"Sustainable Educational Products &amp; Ecological Toys\u00a0","article_publisher":"https:\/\/www.facebook.com\/teiaeducation\/","article_modified_time":"2025-08-25T12:55:45+00:00","og_image":[{"width":800,"height":427,"url":"https:\/\/teiaeducation.ch\/wp-content\/uploads\/2020\/10\/Mini-spirelli-Grimms.jpg","type":"image\/jpeg"}],"schema":{"@context":"https:\/\/schema.org","@graph":[{"@type":"WebPage","@id":"https:\/\/teiaeducation.ch\/de\/produkt\/mini-spirelli-grimms\/","url":"https:\/\/teiaeducation.ch\/de\/produkt\/mini-spirelli-grimms\/","name":"Mini Spirelli - Grimm's - Teia Education & Play","isPartOf":{"@id":"https:\/\/teiaeducation.ch\/de\/#website"},"primaryImageOfPage":{"@id":"https:\/\/teiaeducation.ch\/de\/produkt\/mini-spirelli-grimms\/#primaryimage"},"image":{"@id":"https:\/\/teiaeducation.ch\/de\/produkt\/mini-spirelli-grimms\/#primaryimage"},"thumbnailUrl":"https:\/\/teiaeducation.ch\/wp-content\/uploads\/2020\/10\/Mini-spirelli-Grimms.jpg","datePublished":"2020-12-11T11:32:38+00:00","dateModified":"2025-08-25T12:55:45+00:00","description":"Grimm's Mini Spirelli ist ein Regenbogen Sinnesspielzeug aus Holz mit kaskadenf\u00f6rmig herabfallenden Scheiben f\u00fcr Kinder - und Erwachsene - jeden Alters!","breadcrumb":{"@id":"https:\/\/teiaeducation.ch\/de\/produkt\/mini-spirelli-grimms\/#breadcrumb"},"inLanguage":"de-CH","potentialAction":[{"@type":"ReadAction","target":["https:\/\/teiaeducation.ch\/de\/produkt\/mini-spirelli-grimms\/"]}]},{"@type":"ImageObject","inLanguage":"de-CH","@id":"https:\/\/teiaeducation.ch\/de\/produkt\/mini-spirelli-grimms\/#primaryimage","url":"https:\/\/teiaeducation.ch\/wp-content\/uploads\/2020\/10\/Mini-spirelli-Grimms.jpg","contentUrl":"https:\/\/teiaeducation.ch\/wp-content\/uploads\/2020\/10\/Mini-spirelli-Grimms.jpg","width":800,"height":427,"caption":"H\u00f6lzernes Regenbogen-Sinnesspielzeug Mini spirelli - Grimm's"},{"@type":"BreadcrumbList","@id":"https:\/\/teiaeducation.ch\/de\/produkt\/mini-spirelli-grimms\/#breadcrumb","itemListElement":[{"@type":"ListItem","position":1,"name":"Home","item":"https:\/\/teiaeducation.ch\/de\/"},{"@type":"ListItem","position":2,"name":"Laden","item":"https:\/\/teiaeducation.ch\/de\/shop\/"},{"@type":"ListItem","position":3,"name":"Unsere Marken","item":"https:\/\/teiaeducation.ch\/de\/produkt-kategorie\/unsere-marken\/"},{"@type":"ListItem","position":4,"name":"Grimm's","item":"https:\/\/teiaeducation.ch\/de\/produkt-kategorie\/unsere-marken\/grimms-holzspielzeug\/"},{"@type":"ListItem","position":5,"name":"Mini Spirelli &#8211; Grimm&#8217;s"}]},{"@type":"WebSite","@id":"https:\/\/teiaeducation.ch\/de\/#website","url":"https:\/\/teiaeducation.ch\/de\/","name":"Sustainable Educational Products &amp; Ecological Toys\u00a0","description":"Specialised Swiss shop selling sustainable educational toys and games, AMI certified Montessori materials, handmade ecological wooden Waldorf toys and arts &amp; crafts supplies, school supplies, children&#039;s furniture and Montessori reference and parenting books.","publisher":{"@id":"https:\/\/teiaeducation.ch\/de\/#organization"},"alternateName":"Teia Education & Play","potentialAction":[{"@type":"SearchAction","target":{"@type":"EntryPoint","urlTemplate":"https:\/\/teiaeducation.ch\/de\/?s={search_term_string}"},"query-input":{"@type":"PropertyValueSpecification","valueRequired":true,"valueName":"search_term_string"}}],"inLanguage":"de-CH"},{"@type":"Organization","@id":"https:\/\/teiaeducation.ch\/de\/#organization","name":"Teia Education & Play","url":"https:\/\/teiaeducation.ch\/de\/","logo":{"@type":"ImageObject","inLanguage":"de-CH","@id":"https:\/\/teiaeducation.ch\/de\/#\/schema\/logo\/image\/","url":"https:\/\/teiaeducation.ch\/wp-content\/uploads\/2020\/11\/Teia-Education-Switzerland-e1620156442216.jpg","contentUrl":"https:\/\/teiaeducation.ch\/wp-content\/uploads\/2020\/11\/Teia-Education-Switzerland-e1620156442216.jpg","width":166,"height":145,"caption":"Teia Education & Play"},"image":{"@id":"https:\/\/teiaeducation.ch\/de\/#\/schema\/logo\/image\/"},"sameAs":["https:\/\/www.facebook.com\/teiaeducation\/","https:\/\/x.com\/EducationTeia","https:\/\/www.instagram.com\/teia.education\/","https:\/\/www.linkedin.com\/company\/35501660","https:\/\/www.pinterest.ch\/TeiaEducation\/"]}]}},"_links":{"self":[{"href":"https:\/\/teiaeducation.ch\/de\/wp-json\/wp\/v2\/product\/54917","targetHints":{"allow":["GET"]}}],"collection":[{"href":"https:\/\/teiaeducation.ch\/de\/wp-json\/wp\/v2\/product"}],"about":[{"href":"https:\/\/teiaeducation.ch\/de\/wp-json\/wp\/v2\/types\/product"}],"replies":[{"embeddable":true,"href":"https:\/\/teiaeducation.ch\/de\/wp-json\/wp\/v2\/comments?post=54917"}],"wp:featuredmedia":[{"embeddable":true,"href":"https:\/\/teiaeducation.ch\/de\/wp-json\/wp\/v2\/media\/54918"}],"wp:attachment":[{"href":"https:\/\/teiaeducation.ch\/de\/wp-json\/wp\/v2\/media?parent=54917"}],"wp:term":[{"taxonomy":"product_brand","embeddable":true,"href":"https:\/\/teiaeducation.ch\/de\/wp-json\/wp\/v2\/product_brand?post=54917"},{"taxonomy":"product_cat","embeddable":true,"href":"https:\/\/teiaeducation.ch\/de\/wp-json\/wp\/v2\/product_cat?post=54917"},{"taxonomy":"product_tag","embeddable":true,"href":"https:\/\/teiaeducation.ch\/de\/wp-json\/wp\/v2\/product_tag?post=54917"}],"curies":[{"name":"wp","href":"https:\/\/api.w.org\/{rel}","templated":true}]}}