{"id":54924,"date":"2020-12-11T12:00:55","date_gmt":"2020-12-11T11:00:55","guid":{"rendered":"https:\/\/teiaeducation.ch\/product\/scheibenturm-wankel-grimms\/"},"modified":"2023-09-01T08:35:32","modified_gmt":"2023-09-01T06:35:32","slug":"scheibenturm-wankel-grimms","status":"publish","type":"product","link":"https:\/\/teiaeducation.ch\/de\/produkt\/scheibenturm-wankel-grimms\/","title":{"rendered":"Scheibenturm Wankel &#8211; Grimm&#8217;s"},"content":{"rendered":"<p>Ein wundersch\u00f6nes, handgefertigtes, nachhaltiges, konisches Regenbogen\u00a0<a href=\"https:\/\/teiaeducation.ch\/product-category\/play\/stacking-toys\/\">Stapelspielzeug<\/a> Scheibenturm &#8220;Wankel&#8221; von Grimm&#8217;s. Der konische Scheibenturm besteht aus einem Sockel und 10 unterschiedlich gro\u00dfen dreieckigen Scheiben in h\u00fcbschen Regenbogenfarben und ist 22 cm hoch.<\/p>\n<p>Grimm&#8217;s Scheibenturm Wankel ist aus Lindenholz gefertigt und mit ungiftigen Farben auf Wasserbasis in den sch\u00f6nsten Regenbogent\u00f6nen gestrichen, so dass er auch f\u00fcr kleine Kinder geeignet ist.<\/p>\n<p>Perfekt f\u00fcr die Entwicklung der Hand-Augen-Koordination und der <a href=\"https:\/\/teiaeducation.ch\/product-category\/learning-themes\/sensory-motor-skills\/motor-skills\/\">Feinmotorik<\/a> durch das Stapeln und Entstapeln des Turms sowie der Probleml\u00f6sungsf\u00e4higkeiten und des r\u00e4umlichen Bewusstseins beim Ordnen der <a href=\"https:\/\/teiaeducation.ch\/product-category\/learning-themes\/mathematics-numeracy\/size\/\">Gr\u00f6\u00dfen<\/a>. Die Scheiben k\u00f6nnen auch zum Bauen und Balancieren im <a href=\"https:\/\/teiaeducation.ch\/product-category\/play\/open-ended-play\/\">offenen Spiel<\/a> verwendet werden.<\/p>\n<p>Der Grimm&#8217;s Scheibenturm Wankel ist f\u00fcr Kinder ab 1 Jahr geeignet.<\/p>\n<p>Warnung! Potenziell gef\u00e4hrliche Zugangsstelle. Setzen Sie immer die Schutzkappe auf, wenn Sie die farbigen Holzscheiben nicht montieren oder demontieren.<\/p>\n<p>Inhalt:<\/p>\n<p>11 Holzteile in Regenbogenfarben<\/p>\n<h2>\u00dcber Grimm&#8217;s<\/h2>\n<p>Ideal zum Spielen zu Hause, im Kindergarten, in der <a href=\"https:\/\/teiaeducation.ch\/waldorf-steiner-schools-supplies\/\">Waldorf- oder Steiner-Schule<\/a>. Die sch\u00f6nen <a href=\"https:\/\/teiaeducation.ch\/product-category\/brands\/grimms\/\">Grimm&#8217;s Naturholzspielzeuge<\/a> werden nach der <a href=\"https:\/\/teiaeducation.ch\/product-category\/education-method\/waldorf-steiner-toys-craft-materials\/\">Waldorf-Philosophie<\/a> hergestellt, die daf\u00fcr bekannt ist, dass sie Kinder dazu ermutigt, das kreative Spiel selbstst\u00e4ndig, ohne Einschr\u00e4nkungen und in einem gem\u00fctlichen Tempo zu entdecken. Die Grimm&#8217;s Holzspielzeuge werden von Hand mit ungiftigen Farben auf Wasserbasis gef\u00e4rbt und nicht lackiert, damit die urspr\u00fcnglichen Eigenschaften des Holzes und die Maserung erhalten bleiben. Die Oberfl\u00e4che der FSC-zertifizierten europ\u00e4ischen Holz ist leicht rau, wodurch sie vollst\u00e4ndig stapelbar und weniger rutschig sind.<\/p>\n<p>Grimm&#8217;s <a href=\"https:\/\/teiaeducation.ch\/product-category\/hgh-quality-toys-play\/handmade-wooden-toys\/\">handgefertigtes Holzspielzeug<\/a> wird in den Grimm&#8217;s Werken in Deutschland sowie in mehreren Werkst\u00e4tten in ganz Europa aus verschiedenen Holzarten wie Erle, Linde, Buche und Ahorn hergestellt. Alle H\u00f6lzer, die f\u00fcr die Herstellung der Grimm&#8217;s-Spielzeuge verwendet werden, stammen aus nachhaltig bewirtschafteten europ\u00e4ischen W\u00e4ldern.<\/p>\n<p>Bitte beachten Sie, dass Grimm&#8217;s Spielzeuge immer Unikate sind, die einzigartige, von der Natur geschaffene Zeichen tragen. Die Maserung des Holzes weist wechselnde Strukturen und Farben auf, die von seiner nat\u00fcrlichen Herkunft zeugen. Die einzigartigen Variationen, Markierungen, \u00c4ste, Muster, schwarzen Streifen oder dunklen Flecken, die im Holz eines Grimm&#8217;s Spielzeugs sichtbar sein k\u00f6nnen, sind ein Beweis f\u00fcr Qualit\u00e4t, keine M\u00e4ngel.<\/p>\n","protected":false},"excerpt":{"rendered":"<p>Artikelnummer: gri11030<\/p>\n<p>Grimm&#8217;s Scheibenturm Wankel ist ein handgefertigtes Regenbogen Stapelspielzeug aus Holz, das die Hand-Augen-Koordination und die Feinmotorik f\u00f6rdert!<\/p>\n","protected":false},"featured_media":54925,"comment_status":"open","ping_status":"closed","template":"","meta":[],"product_brand":[],"product_cat":[21444,21486,21640,23075,21509,21559,21443,21563,21494,21557,21678,21497,21699,24866,21564,22919],"product_tag":[25266,25566,25563,21720,25562,21719,21716,21721,25204,25565,21712,25561,25567,25564],"class_list":{"0":"post-54924","1":"product","2":"type-product","3":"status-publish","4":"has-post-thumbnail","6":"product_cat-1-3-jahre-kleinkind","7":"product_cat-geschenk-guide-1-3-jahre-kleinkind","8":"product_cat-grimms-holzspielzeug","9":"product_cat-handgefertigtes-holzspielzeug","10":"product_cat-lernthemen","11":"product_cat-motorische-fertigkeiten","12":"product_cat-nach-alter","13":"product_cat-neuheiten","14":"product_cat-schulbedarf-fuer-zuhause","15":"product_cat-sensorische-motorische-fertigkeiten","16":"product_cat-kinder-spielzeug","17":"product_cat-spielen-und-lernen-fuer-babys-kleinkinder","18":"product_cat-stapelspielzeug","19":"product_cat-stecken-sortieren","20":"product_cat-unsere-marken","21":"product_cat-waldorfspielzeug","22":"product_tag-grimms-de","23":"product_tag-grimms-regenbogen-holzspielzeug","24":"product_tag-grimms-scheibenturm","25":"product_tag-grimms-schweiz-de","26":"product_tag-grimms-stapelspielzeug-de","27":"product_tag-grimms-suisse-de","28":"product_tag-grimms-holzbausteine-set","29":"product_tag-grimms-holzspielzeugladen","30":"product_tag-handgefertigte-holz-regenbogenfarben","31":"product_tag-handgefertigtes-stapelspielzeug-aus-holz","32":"product_tag-hergestellt-in-deutschland","33":"product_tag-holzspielzeug-zum-stapeln","34":"product_tag-scheibenturm-wankel-grimms","35":"product_tag-stapelturm-aus-holz","37":"first","38":"instock","39":"taxable","40":"shipping-taxable","41":"purchasable","42":"product-type-simple"},"yoast_head":"<!-- This site is optimized with the Yoast SEO Premium plugin v25.8 (Yoast SEO v27.4) - https:\/\/yoast.com\/product\/yoast-seo-premium-wordpress\/ -->\n<title>Scheibenturm Wankel - Grimm&#039;s - Teia Education &amp; Play<\/title>\n<meta name=\"description\" content=\"Grimm&#039;s Scheibenturm Wankel ist ein handgefertigtes Regenbogen Stapelspielzeug aus Holz, das die Hand-Augen-Koordination und die Feinmotorik f\u00f6rdert.\" \/>\n<meta name=\"robots\" content=\"index, follow, max-snippet:-1, max-image-preview:large, max-video-preview:-1\" \/>\n<link rel=\"canonical\" href=\"https:\/\/teiaeducation.ch\/de\/produkt\/scheibenturm-wankel-grimms\/\" \/>\n<meta property=\"og:locale\" content=\"de_DE\" \/>\n<meta property=\"og:type\" content=\"article\" \/>\n<meta property=\"og:title\" content=\"Scheibenturm Wankel - Grimm&#039;s\" \/>\n<meta property=\"og:description\" content=\"Grimm&#039;s Scheibenturm Wankel ist ein handgefertigtes Regenbogen Stapelspielzeug aus Holz, das die Hand-Augen-Koordination und die Feinmotorik f\u00f6rdert.\" \/>\n<meta property=\"og:url\" content=\"https:\/\/teiaeducation.ch\/de\/produkt\/scheibenturm-wankel-grimms\/\" \/>\n<meta property=\"og:site_name\" content=\"Sustainable Educational Products &amp; Ecological Toys\u00a0\" \/>\n<meta property=\"article:publisher\" content=\"https:\/\/www.facebook.com\/teiaeducation\/\" \/>\n<meta property=\"article:modified_time\" content=\"2023-09-01T06:35:32+00:00\" \/>\n<meta property=\"og:image\" content=\"https:\/\/teiaeducation.ch\/wp-content\/uploads\/2020\/12\/Conical-rainbow-tower-wankel-Handmade-sustainable-wooden-stacking-toy-Grimms3.jpg\" \/>\n\t<meta property=\"og:image:width\" content=\"900\" \/>\n\t<meta property=\"og:image:height\" content=\"900\" \/>\n\t<meta property=\"og:image:type\" content=\"image\/jpeg\" \/>\n<script type=\"application\/ld+json\" class=\"yoast-schema-graph\">{\"@context\":\"https:\\\/\\\/schema.org\",\"@graph\":[{\"@type\":\"WebPage\",\"@id\":\"https:\\\/\\\/teiaeducation.ch\\\/de\\\/produkt\\\/scheibenturm-wankel-grimms\\\/\",\"url\":\"https:\\\/\\\/teiaeducation.ch\\\/de\\\/produkt\\\/scheibenturm-wankel-grimms\\\/\",\"name\":\"Scheibenturm Wankel - Grimm's - Teia Education & Play\",\"isPartOf\":{\"@id\":\"https:\\\/\\\/teiaeducation.ch\\\/de\\\/#website\"},\"primaryImageOfPage\":{\"@id\":\"https:\\\/\\\/teiaeducation.ch\\\/de\\\/produkt\\\/scheibenturm-wankel-grimms\\\/#primaryimage\"},\"image\":{\"@id\":\"https:\\\/\\\/teiaeducation.ch\\\/de\\\/produkt\\\/scheibenturm-wankel-grimms\\\/#primaryimage\"},\"thumbnailUrl\":\"https:\\\/\\\/teiaeducation.ch\\\/wp-content\\\/uploads\\\/2020\\\/12\\\/Conical-rainbow-tower-wankel-Handmade-sustainable-wooden-stacking-toy-Grimms3.jpg\",\"datePublished\":\"2020-12-11T11:00:55+00:00\",\"dateModified\":\"2023-09-01T06:35:32+00:00\",\"description\":\"Grimm's Scheibenturm Wankel ist ein handgefertigtes Regenbogen Stapelspielzeug aus Holz, das die Hand-Augen-Koordination und die Feinmotorik f\u00f6rdert.\",\"breadcrumb\":{\"@id\":\"https:\\\/\\\/teiaeducation.ch\\\/de\\\/produkt\\\/scheibenturm-wankel-grimms\\\/#breadcrumb\"},\"inLanguage\":\"de-CH\",\"potentialAction\":[{\"@type\":\"ReadAction\",\"target\":[\"https:\\\/\\\/teiaeducation.ch\\\/de\\\/produkt\\\/scheibenturm-wankel-grimms\\\/\"]}]},{\"@type\":\"ImageObject\",\"inLanguage\":\"de-CH\",\"@id\":\"https:\\\/\\\/teiaeducation.ch\\\/de\\\/produkt\\\/scheibenturm-wankel-grimms\\\/#primaryimage\",\"url\":\"https:\\\/\\\/teiaeducation.ch\\\/wp-content\\\/uploads\\\/2020\\\/12\\\/Conical-rainbow-tower-wankel-Handmade-sustainable-wooden-stacking-toy-Grimms3.jpg\",\"contentUrl\":\"https:\\\/\\\/teiaeducation.ch\\\/wp-content\\\/uploads\\\/2020\\\/12\\\/Conical-rainbow-tower-wankel-Handmade-sustainable-wooden-stacking-toy-Grimms3.jpg\",\"width\":900,\"height\":900,\"caption\":\"Scheibenturm Wankel : Handgefertigtes nachhaltiges Stapelspielzeug aus Holz - Grimm's\"},{\"@type\":\"BreadcrumbList\",\"@id\":\"https:\\\/\\\/teiaeducation.ch\\\/de\\\/produkt\\\/scheibenturm-wankel-grimms\\\/#breadcrumb\",\"itemListElement\":[{\"@type\":\"ListItem\",\"position\":1,\"name\":\"Home\",\"item\":\"https:\\\/\\\/teiaeducation.ch\\\/de\\\/\"},{\"@type\":\"ListItem\",\"position\":2,\"name\":\"Laden\",\"item\":\"https:\\\/\\\/teiaeducation.ch\\\/de\\\/shop\\\/\"},{\"@type\":\"ListItem\",\"position\":3,\"name\":\"Unsere Marken\",\"item\":\"https:\\\/\\\/teiaeducation.ch\\\/de\\\/produkt-kategorie\\\/unsere-marken\\\/\"},{\"@type\":\"ListItem\",\"position\":4,\"name\":\"Grimm's\",\"item\":\"https:\\\/\\\/teiaeducation.ch\\\/de\\\/produkt-kategorie\\\/unsere-marken\\\/grimms-holzspielzeug\\\/\"},{\"@type\":\"ListItem\",\"position\":5,\"name\":\"Scheibenturm Wankel &#8211; Grimm&#8217;s\"}]},{\"@type\":\"WebSite\",\"@id\":\"https:\\\/\\\/teiaeducation.ch\\\/de\\\/#website\",\"url\":\"https:\\\/\\\/teiaeducation.ch\\\/de\\\/\",\"name\":\"Sustainable Educational Products &amp; Ecological Toys\u00a0\",\"description\":\"Specialised Swiss shop selling sustainable educational toys and games, AMI certified Montessori materials, handmade ecological wooden Waldorf toys and arts &amp; crafts supplies, school supplies, children&#039;s furniture and Montessori reference and parenting books.\",\"publisher\":{\"@id\":\"https:\\\/\\\/teiaeducation.ch\\\/de\\\/#organization\"},\"alternateName\":\"Teia Education & Play\",\"potentialAction\":[{\"@type\":\"SearchAction\",\"target\":{\"@type\":\"EntryPoint\",\"urlTemplate\":\"https:\\\/\\\/teiaeducation.ch\\\/de\\\/?s={search_term_string}\"},\"query-input\":{\"@type\":\"PropertyValueSpecification\",\"valueRequired\":true,\"valueName\":\"search_term_string\"}}],\"inLanguage\":\"de-CH\"},{\"@type\":\"Organization\",\"@id\":\"https:\\\/\\\/teiaeducation.ch\\\/de\\\/#organization\",\"name\":\"Teia Education & Play\",\"url\":\"https:\\\/\\\/teiaeducation.ch\\\/de\\\/\",\"logo\":{\"@type\":\"ImageObject\",\"inLanguage\":\"de-CH\",\"@id\":\"https:\\\/\\\/teiaeducation.ch\\\/de\\\/#\\\/schema\\\/logo\\\/image\\\/\",\"url\":\"https:\\\/\\\/teiaeducation.ch\\\/wp-content\\\/uploads\\\/2020\\\/11\\\/Teia-Education-Switzerland-e1620156442216.jpg\",\"contentUrl\":\"https:\\\/\\\/teiaeducation.ch\\\/wp-content\\\/uploads\\\/2020\\\/11\\\/Teia-Education-Switzerland-e1620156442216.jpg\",\"width\":166,\"height\":145,\"caption\":\"Teia Education & Play\"},\"image\":{\"@id\":\"https:\\\/\\\/teiaeducation.ch\\\/de\\\/#\\\/schema\\\/logo\\\/image\\\/\"},\"sameAs\":[\"https:\\\/\\\/www.facebook.com\\\/teiaeducation\\\/\",\"https:\\\/\\\/x.com\\\/EducationTeia\",\"https:\\\/\\\/www.instagram.com\\\/teia.education\\\/\",\"https:\\\/\\\/www.linkedin.com\\\/company\\\/35501660\",\"https:\\\/\\\/www.pinterest.ch\\\/TeiaEducation\\\/\"]}]}<\/script>\n<meta property=\"product:price:amount\" content=\"41.90\" \/>\n<meta property=\"product:price:currency\" content=\"CHF\" \/>\n<meta property=\"og:availability\" content=\"instock\" \/>\n<meta property=\"product:availability\" content=\"instock\" \/>\n<meta property=\"product:retailer_item_id\" content=\"00000000000000000000000000000000000000000000030544\" \/>\n<meta property=\"product:condition\" content=\"new\" \/>\n<!-- \/ Yoast SEO Premium plugin. -->","yoast_head_json":{"title":"Scheibenturm Wankel - Grimm's - Teia Education & Play","description":"Grimm's Scheibenturm Wankel ist ein handgefertigtes Regenbogen Stapelspielzeug aus Holz, das die Hand-Augen-Koordination und die Feinmotorik f\u00f6rdert.","robots":{"index":"index","follow":"follow","max-snippet":"max-snippet:-1","max-image-preview":"max-image-preview:large","max-video-preview":"max-video-preview:-1"},"canonical":"https:\/\/teiaeducation.ch\/de\/produkt\/scheibenturm-wankel-grimms\/","og_locale":"de_DE","og_type":"article","og_title":"Scheibenturm Wankel - Grimm's","og_description":"Grimm's Scheibenturm Wankel ist ein handgefertigtes Regenbogen Stapelspielzeug aus Holz, das die Hand-Augen-Koordination und die Feinmotorik f\u00f6rdert.","og_url":"https:\/\/teiaeducation.ch\/de\/produkt\/scheibenturm-wankel-grimms\/","og_site_name":"Sustainable Educational Products &amp; Ecological Toys\u00a0","article_publisher":"https:\/\/www.facebook.com\/teiaeducation\/","article_modified_time":"2023-09-01T06:35:32+00:00","og_image":[{"width":900,"height":900,"url":"https:\/\/teiaeducation.ch\/wp-content\/uploads\/2020\/12\/Conical-rainbow-tower-wankel-Handmade-sustainable-wooden-stacking-toy-Grimms3.jpg","type":"image\/jpeg"}],"schema":{"@context":"https:\/\/schema.org","@graph":[{"@type":"WebPage","@id":"https:\/\/teiaeducation.ch\/de\/produkt\/scheibenturm-wankel-grimms\/","url":"https:\/\/teiaeducation.ch\/de\/produkt\/scheibenturm-wankel-grimms\/","name":"Scheibenturm Wankel - Grimm's - Teia Education & Play","isPartOf":{"@id":"https:\/\/teiaeducation.ch\/de\/#website"},"primaryImageOfPage":{"@id":"https:\/\/teiaeducation.ch\/de\/produkt\/scheibenturm-wankel-grimms\/#primaryimage"},"image":{"@id":"https:\/\/teiaeducation.ch\/de\/produkt\/scheibenturm-wankel-grimms\/#primaryimage"},"thumbnailUrl":"https:\/\/teiaeducation.ch\/wp-content\/uploads\/2020\/12\/Conical-rainbow-tower-wankel-Handmade-sustainable-wooden-stacking-toy-Grimms3.jpg","datePublished":"2020-12-11T11:00:55+00:00","dateModified":"2023-09-01T06:35:32+00:00","description":"Grimm's Scheibenturm Wankel ist ein handgefertigtes Regenbogen Stapelspielzeug aus Holz, das die Hand-Augen-Koordination und die Feinmotorik f\u00f6rdert.","breadcrumb":{"@id":"https:\/\/teiaeducation.ch\/de\/produkt\/scheibenturm-wankel-grimms\/#breadcrumb"},"inLanguage":"de-CH","potentialAction":[{"@type":"ReadAction","target":["https:\/\/teiaeducation.ch\/de\/produkt\/scheibenturm-wankel-grimms\/"]}]},{"@type":"ImageObject","inLanguage":"de-CH","@id":"https:\/\/teiaeducation.ch\/de\/produkt\/scheibenturm-wankel-grimms\/#primaryimage","url":"https:\/\/teiaeducation.ch\/wp-content\/uploads\/2020\/12\/Conical-rainbow-tower-wankel-Handmade-sustainable-wooden-stacking-toy-Grimms3.jpg","contentUrl":"https:\/\/teiaeducation.ch\/wp-content\/uploads\/2020\/12\/Conical-rainbow-tower-wankel-Handmade-sustainable-wooden-stacking-toy-Grimms3.jpg","width":900,"height":900,"caption":"Scheibenturm Wankel : Handgefertigtes nachhaltiges Stapelspielzeug aus Holz - Grimm's"},{"@type":"BreadcrumbList","@id":"https:\/\/teiaeducation.ch\/de\/produkt\/scheibenturm-wankel-grimms\/#breadcrumb","itemListElement":[{"@type":"ListItem","position":1,"name":"Home","item":"https:\/\/teiaeducation.ch\/de\/"},{"@type":"ListItem","position":2,"name":"Laden","item":"https:\/\/teiaeducation.ch\/de\/shop\/"},{"@type":"ListItem","position":3,"name":"Unsere Marken","item":"https:\/\/teiaeducation.ch\/de\/produkt-kategorie\/unsere-marken\/"},{"@type":"ListItem","position":4,"name":"Grimm's","item":"https:\/\/teiaeducation.ch\/de\/produkt-kategorie\/unsere-marken\/grimms-holzspielzeug\/"},{"@type":"ListItem","position":5,"name":"Scheibenturm Wankel &#8211; Grimm&#8217;s"}]},{"@type":"WebSite","@id":"https:\/\/teiaeducation.ch\/de\/#website","url":"https:\/\/teiaeducation.ch\/de\/","name":"Sustainable Educational Products &amp; Ecological Toys\u00a0","description":"Specialised Swiss shop selling sustainable educational toys and games, AMI certified Montessori materials, handmade ecological wooden Waldorf toys and arts &amp; crafts supplies, school supplies, children&#039;s furniture and Montessori reference and parenting books.","publisher":{"@id":"https:\/\/teiaeducation.ch\/de\/#organization"},"alternateName":"Teia Education & Play","potentialAction":[{"@type":"SearchAction","target":{"@type":"EntryPoint","urlTemplate":"https:\/\/teiaeducation.ch\/de\/?s={search_term_string}"},"query-input":{"@type":"PropertyValueSpecification","valueRequired":true,"valueName":"search_term_string"}}],"inLanguage":"de-CH"},{"@type":"Organization","@id":"https:\/\/teiaeducation.ch\/de\/#organization","name":"Teia Education & Play","url":"https:\/\/teiaeducation.ch\/de\/","logo":{"@type":"ImageObject","inLanguage":"de-CH","@id":"https:\/\/teiaeducation.ch\/de\/#\/schema\/logo\/image\/","url":"https:\/\/teiaeducation.ch\/wp-content\/uploads\/2020\/11\/Teia-Education-Switzerland-e1620156442216.jpg","contentUrl":"https:\/\/teiaeducation.ch\/wp-content\/uploads\/2020\/11\/Teia-Education-Switzerland-e1620156442216.jpg","width":166,"height":145,"caption":"Teia Education & Play"},"image":{"@id":"https:\/\/teiaeducation.ch\/de\/#\/schema\/logo\/image\/"},"sameAs":["https:\/\/www.facebook.com\/teiaeducation\/","https:\/\/x.com\/EducationTeia","https:\/\/www.instagram.com\/teia.education\/","https:\/\/www.linkedin.com\/company\/35501660","https:\/\/www.pinterest.ch\/TeiaEducation\/"]}]},"product_price_amount":"41.90","product_price_currency":"CHF","og_availability":"instock","product_availability":"instock","product_retailer_item_id":"00000000000000000000000000000000000000000000030544","product_condition":"new"},"_links":{"self":[{"href":"https:\/\/teiaeducation.ch\/de\/wp-json\/wp\/v2\/product\/54924","targetHints":{"allow":["GET"]}}],"collection":[{"href":"https:\/\/teiaeducation.ch\/de\/wp-json\/wp\/v2\/product"}],"about":[{"href":"https:\/\/teiaeducation.ch\/de\/wp-json\/wp\/v2\/types\/product"}],"replies":[{"embeddable":true,"href":"https:\/\/teiaeducation.ch\/de\/wp-json\/wp\/v2\/comments?post=54924"}],"wp:featuredmedia":[{"embeddable":true,"href":"https:\/\/teiaeducation.ch\/de\/wp-json\/wp\/v2\/media\/54925"}],"wp:attachment":[{"href":"https:\/\/teiaeducation.ch\/de\/wp-json\/wp\/v2\/media?parent=54924"}],"wp:term":[{"taxonomy":"product_brand","embeddable":true,"href":"https:\/\/teiaeducation.ch\/de\/wp-json\/wp\/v2\/product_brand?post=54924"},{"taxonomy":"product_cat","embeddable":true,"href":"https:\/\/teiaeducation.ch\/de\/wp-json\/wp\/v2\/product_cat?post=54924"},{"taxonomy":"product_tag","embeddable":true,"href":"https:\/\/teiaeducation.ch\/de\/wp-json\/wp\/v2\/product_tag?post=54924"}],"curies":[{"name":"wp","href":"https:\/\/api.w.org\/{rel}","templated":true}]}}