{"id":54937,"date":"2020-12-05T13:56:16","date_gmt":"2020-12-05T12:56:16","guid":{"rendered":"https:\/\/teiaeducation.ch\/product\/regenbogen-halbkreise-grimms\/"},"modified":"2025-08-11T11:34:07","modified_gmt":"2025-08-11T09:34:07","slug":"regenbogen-halbkreise-grimms","status":"publish","type":"product","link":"https:\/\/teiaeducation.ch\/de\/produkt\/regenbogen-halbkreise-grimms\/","title":{"rendered":"Regenbogen Halbkreise &#8211; Grimm&#8217;s"},"content":{"rendered":"<p>Das Grimm&#8217;s Regenbogen Halbkreise Set ist ein wundersch\u00f6nes und extra gro\u00dfes handgefertigtes <a href=\"https:\/\/teiaeducation.ch\/product-category\/play\/wooden-puzzles\/\">Kreativpuzzle<\/a> aus nachhaltigem Holz in wundersch\u00f6nen Regenbogenfarben. Dieses Stapelset mit 11 Halbkreisen aus Holz ist das perfekte Spielzeug f\u00fcr das <a href=\"https:\/\/teiaeducation.ch\/product-category\/play\/open-ended-play\/\">offene<\/a>, kreative Spiel, das sowohl in der <a href=\"https:\/\/teiaeducation.ch\/product-category\/hgh-quality-toys-play\/waldorf-toys\/\">Waldorf<\/a>&#8211; als auch in der <a href=\"https:\/\/teiaeducation.ch\/product-category\/education-method\/the-montessori-pedagogy-materials-toys\/\">Montessori<\/a> P\u00e4dagogik beliebt ist. Es bietet erstaunliche M\u00f6glichkeiten zum Bauen, <a href=\"https:\/\/teiaeducation.ch\/product-category\/play\/stacking-toys\/\">Stapeln<\/a> und vielem mehr!<\/p>\n<p>Empfohlen vom &#8220;Spiel Gut&#8221;, lassen die Halbkreise sich damit erstaunliche Muster und Strukturen von kleinen Architekten erfinden. Erg\u00e4nzen Sie Bauklotzsets, stapeln Sie Tunnel oder Regenb\u00f6gen als Plattformen, Sockel oder D\u00e4cher und bauen Sie Regenbogen Puppenh\u00e4user, D\u00f6rfer oder Wolkenkratzer. Das Set enthalt 11 h\u00f6lzernen Halbkreisen in abgestuften Gr\u00f6\u00dfen, jeder in einem anderen Regenbogenfarbton.<\/p>\n<p>Die Grimm&#8217;s Regenbogen Halbkreise sind aus Birkenholz gefertigt und in sch\u00f6nen frischen Regenbogent\u00f6nen mit ungiftiger Beize auf Wasserbasis lackiert, was sie f\u00fcr Kinder sicher macht. Sie sind alle 2 cm dick und der gr\u00f6\u00dfte Halbkreis misst 37 cm in der L\u00e4nge.<\/p>\n<p>Das Grimm&#8217;s\u00a0Regenbogenfarbene Halbkreise Set ist f\u00fcr Kinder ab 2 Jahren geeignet.<\/p>\n<p>Inhalt:<\/p>\n<p>11 Holzteile<\/p>\n<h2>\u00dcber Grimm&#8217;s<\/h2>\n<p>Ideal zum Spielen zu Hause, im Kindergarten, in der <a href=\"https:\/\/teiaeducation.ch\/waldorf-steiner-schools-supplies\/\">Waldorf- oder Steiner-Schule<\/a>. Die sch\u00f6nen <a href=\"https:\/\/teiaeducation.ch\/product-category\/brands\/grimms\/\">Grimm&#8217;s Naturholzspielzeuge<\/a> werden nach der <a href=\"https:\/\/teiaeducation.ch\/product-category\/education-method\/waldorf-steiner-toys-craft-materials\/\">Waldorf-Philosophie<\/a> hergestellt, die daf\u00fcr bekannt ist, dass sie Kinder dazu ermutigt, das kreative Spiel selbstst\u00e4ndig, ohne Einschr\u00e4nkungen und in einem gem\u00fctlichen Tempo zu entdecken. Die Grimm&#8217;s Holzspielzeuge werden von Hand mit ungiftigen Farben auf Wasserbasis gef\u00e4rbt und nicht lackiert, damit die urspr\u00fcnglichen Eigenschaften des Holzes und die Maserung erhalten bleiben. Die Oberfl\u00e4che der FSC-zertifizierten europ\u00e4ischen Holz ist leicht rau, wodurch sie vollst\u00e4ndig stapelbar und weniger rutschig sind.<\/p>\n<p>Grimm&#8217;s <a href=\"https:\/\/teiaeducation.ch\/product-category\/hgh-quality-toys-play\/handmade-wooden-toys\/\">handgefertigtes Holzspielzeug<\/a> wird in den Grimm&#8217;s Werken in Deutschland sowie in mehreren Werkst\u00e4tten in ganz Europa aus verschiedenen Holzarten wie Erle, Linde, Buche und Ahorn hergestellt. Alle H\u00f6lzer, die f\u00fcr die Herstellung der Grimm&#8217;s-Spielzeuge verwendet werden, stammen aus nachhaltig bewirtschafteten europ\u00e4ischen W\u00e4ldern.<\/p>\n<p>Bitte beachten Sie, dass Grimm&#8217;s Spielzeuge immer Unikate sind, die einzigartige, von der Natur geschaffene Zeichen tragen. Die Maserung des Holzes weist wechselnde Strukturen und Farben auf, die von seiner nat\u00fcrlichen Herkunft zeugen. Die einzigartigen Variationen, Markierungen, \u00c4ste, Muster, schwarzen Streifen oder dunklen Flecken, die im Holz eines Grimm&#8217;s Spielzeugs sichtbar sein k\u00f6nnen, sind ein Beweis f\u00fcr Qualit\u00e4t, keine M\u00e4ngel.<\/p>\n","protected":false},"excerpt":{"rendered":"<p>Artikelnummer: gri10675<\/p>\n<p>Das Grimm&#8217;s Halbkreise Set in Regenbogen ist ein handgefertigtes Kreativpuzzle aus nachhaltigem Holz und das perfekte Spielzeug f\u00fcr freies Spiel!<\/p>\n","protected":false},"featured_media":54938,"comment_status":"open","ping_status":"closed","template":"","meta":[],"product_brand":[],"product_cat":[21444,21445,24871,21704,21690,21486,21640,23075,21707,21443,21563,21678,21699,21564,22919],"product_tag":[25575,25578,25579,21720,21719,21715,21716,21721,25202,25204,21712,25574,21713,25504,25492],"class_list":{"0":"post-54937","1":"product","2":"type-product","3":"status-publish","4":"has-post-thumbnail","6":"product_cat-1-3-jahre-kleinkind","7":"product_cat-3-6-jahre-vorschule","8":"product_cat-bau-regenbogenwelten","9":"product_cat-baukloetze-aus-holz","10":"product_cat-spiele-mit-offenem-ende","11":"product_cat-geschenk-guide-1-3-jahre-kleinkind","12":"product_cat-grimms-holzspielzeug","13":"product_cat-handgefertigtes-holzspielzeug","14":"product_cat-holzpuzzles","15":"product_cat-nach-alter","16":"product_cat-neuheiten","17":"product_cat-kinder-spielzeug","18":"product_cat-stapelspielzeug","19":"product_cat-unsere-marken","20":"product_cat-waldorfspielzeug","21":"product_tag-grimms-halbkreisformige-basen","22":"product_tag-grimms-regenbogen-halbkreise","23":"product_tag-grimms-regenbogenstapler","24":"product_tag-grimms-schweiz-de","25":"product_tag-grimms-suisse-de","26":"product_tag-grimms-switzerland-de","27":"product_tag-grimms-holzbausteine-set","28":"product_tag-grimms-holzspielzeugladen","29":"product_tag-grimms-regenbogenfarbene-holzklotze","30":"product_tag-handgefertigte-holz-regenbogenfarben","31":"product_tag-hergestellt-in-deutschland","32":"product_tag-holzspielzeug-halbkreise-stapeln","33":"product_tag-holzspielzeug-mit-offenem-ende","34":"product_tag-spiel-gut-gewonnen-de","35":"product_tag-spiel-gut-spielzeug","37":"first","38":"outofstock","39":"taxable","40":"shipping-taxable","41":"purchasable","42":"product-type-simple"},"yoast_head":"<!-- This site is optimized with the Yoast SEO plugin v27.1.1 - https:\/\/yoast.com\/product\/yoast-seo-wordpress\/ -->\n<title>Regenbogen Halbkreise - Grimm&#039;s - Teia Education &amp; Play<\/title>\n<meta name=\"description\" content=\"Das Grimm&#039;s Halbkreise Set in Regenbogen ist ein handgefertigtes Kreativpuzzle aus nachhaltigem Holz und das perfekte Spielzeug f\u00fcr freies Spiel.\" \/>\n<meta name=\"robots\" content=\"index, follow, max-snippet:-1, max-image-preview:large, max-video-preview:-1\" \/>\n<link rel=\"canonical\" href=\"https:\/\/teiaeducation.ch\/de\/produkt\/regenbogen-halbkreise-grimms\/\" \/>\n<meta property=\"og:locale\" content=\"de_DE\" \/>\n<meta property=\"og:type\" content=\"article\" \/>\n<meta property=\"og:title\" content=\"Regenbogen Halbkreise - Grimm&#039;s - Teia Education &amp; Play\" \/>\n<meta property=\"og:description\" content=\"Das Grimm&#039;s Halbkreise Set in Regenbogen ist ein handgefertigtes Kreativpuzzle aus nachhaltigem Holz und das perfekte Spielzeug f\u00fcr freies Spiel.\" \/>\n<meta property=\"og:url\" content=\"https:\/\/teiaeducation.ch\/de\/produkt\/regenbogen-halbkreise-grimms\/\" \/>\n<meta property=\"og:site_name\" content=\"Sustainable Educational Products &amp; Ecological Toys\u00a0\" \/>\n<meta property=\"article:publisher\" content=\"https:\/\/www.facebook.com\/teiaeducation\/\" \/>\n<meta property=\"article:modified_time\" content=\"2025-08-11T09:34:07+00:00\" \/>\n<meta property=\"og:image\" content=\"https:\/\/teiaeducation.ch\/wp-content\/uploads\/2020\/11\/Rainbow-semi-circles-Grimms.jpg\" \/>\n\t<meta property=\"og:image:width\" content=\"900\" \/>\n\t<meta property=\"og:image:height\" content=\"900\" \/>\n\t<meta property=\"og:image:type\" content=\"image\/jpeg\" \/>\n<script type=\"application\/ld+json\" class=\"yoast-schema-graph\">{\"@context\":\"https:\/\/schema.org\",\"@graph\":[{\"@type\":\"WebPage\",\"@id\":\"https:\/\/teiaeducation.ch\/de\/produkt\/regenbogen-halbkreise-grimms\/\",\"url\":\"https:\/\/teiaeducation.ch\/de\/produkt\/regenbogen-halbkreise-grimms\/\",\"name\":\"Regenbogen Halbkreise - Grimm's - Teia Education & Play\",\"isPartOf\":{\"@id\":\"https:\/\/teiaeducation.ch\/de\/#website\"},\"primaryImageOfPage\":{\"@id\":\"https:\/\/teiaeducation.ch\/de\/produkt\/regenbogen-halbkreise-grimms\/#primaryimage\"},\"image\":{\"@id\":\"https:\/\/teiaeducation.ch\/de\/produkt\/regenbogen-halbkreise-grimms\/#primaryimage\"},\"thumbnailUrl\":\"https:\/\/teiaeducation.ch\/wp-content\/uploads\/2020\/11\/Rainbow-semi-circles-Grimms.jpg\",\"datePublished\":\"2020-12-05T12:56:16+00:00\",\"dateModified\":\"2025-08-11T09:34:07+00:00\",\"description\":\"Das Grimm's Halbkreise Set in Regenbogen ist ein handgefertigtes Kreativpuzzle aus nachhaltigem Holz und das perfekte Spielzeug f\u00fcr freies Spiel.\",\"breadcrumb\":{\"@id\":\"https:\/\/teiaeducation.ch\/de\/produkt\/regenbogen-halbkreise-grimms\/#breadcrumb\"},\"inLanguage\":\"de-CH\",\"potentialAction\":[{\"@type\":\"ReadAction\",\"target\":[\"https:\/\/teiaeducation.ch\/de\/produkt\/regenbogen-halbkreise-grimms\/\"]}]},{\"@type\":\"ImageObject\",\"inLanguage\":\"de-CH\",\"@id\":\"https:\/\/teiaeducation.ch\/de\/produkt\/regenbogen-halbkreise-grimms\/#primaryimage\",\"url\":\"https:\/\/teiaeducation.ch\/wp-content\/uploads\/2020\/11\/Rainbow-semi-circles-Grimms.jpg\",\"contentUrl\":\"https:\/\/teiaeducation.ch\/wp-content\/uploads\/2020\/11\/Rainbow-semi-circles-Grimms.jpg\",\"width\":900,\"height\":900,\"caption\":\"Handgefertigtes nachhaltiges kreatives Holzpuzzle Regenbogen Halbkreise - Grimm's\"},{\"@type\":\"BreadcrumbList\",\"@id\":\"https:\/\/teiaeducation.ch\/de\/produkt\/regenbogen-halbkreise-grimms\/#breadcrumb\",\"itemListElement\":[{\"@type\":\"ListItem\",\"position\":1,\"name\":\"Home\",\"item\":\"https:\/\/teiaeducation.ch\/de\/\"},{\"@type\":\"ListItem\",\"position\":2,\"name\":\"Laden\",\"item\":\"https:\/\/teiaeducation.ch\/de\/shop\/\"},{\"@type\":\"ListItem\",\"position\":3,\"name\":\"Unsere Marken\",\"item\":\"https:\/\/teiaeducation.ch\/de\/produkt-kategorie\/unsere-marken\/\"},{\"@type\":\"ListItem\",\"position\":4,\"name\":\"Grimm's\",\"item\":\"https:\/\/teiaeducation.ch\/de\/produkt-kategorie\/unsere-marken\/grimms-holzspielzeug\/\"},{\"@type\":\"ListItem\",\"position\":5,\"name\":\"Bau - &amp; Regenbogenwelten\",\"item\":\"https:\/\/teiaeducation.ch\/de\/produkt-kategorie\/unsere-marken\/grimms-holzspielzeug\/bau-regenbogenwelten\/\"},{\"@type\":\"ListItem\",\"position\":6,\"name\":\"Regenbogen Halbkreise &#8211; Grimm&#8217;s\"}]},{\"@type\":\"WebSite\",\"@id\":\"https:\/\/teiaeducation.ch\/de\/#website\",\"url\":\"https:\/\/teiaeducation.ch\/de\/\",\"name\":\"Sustainable Educational Products &amp; Ecological Toys\u00a0\",\"description\":\"Specialised Swiss shop selling sustainable educational toys and games, AMI certified Montessori materials, handmade ecological wooden Waldorf toys and arts &amp; crafts supplies, school supplies, children&#039;s furniture and Montessori reference and parenting books.\",\"publisher\":{\"@id\":\"https:\/\/teiaeducation.ch\/de\/#organization\"},\"alternateName\":\"Teia Education & Play\",\"potentialAction\":[{\"@type\":\"SearchAction\",\"target\":{\"@type\":\"EntryPoint\",\"urlTemplate\":\"https:\/\/teiaeducation.ch\/de\/?s={search_term_string}\"},\"query-input\":{\"@type\":\"PropertyValueSpecification\",\"valueRequired\":true,\"valueName\":\"search_term_string\"}}],\"inLanguage\":\"de-CH\"},{\"@type\":\"Organization\",\"@id\":\"https:\/\/teiaeducation.ch\/de\/#organization\",\"name\":\"Teia Education & Play\",\"url\":\"https:\/\/teiaeducation.ch\/de\/\",\"logo\":{\"@type\":\"ImageObject\",\"inLanguage\":\"de-CH\",\"@id\":\"https:\/\/teiaeducation.ch\/de\/#\/schema\/logo\/image\/\",\"url\":\"https:\/\/teiaeducation.ch\/wp-content\/uploads\/2020\/11\/Teia-Education-Switzerland-e1620156442216.jpg\",\"contentUrl\":\"https:\/\/teiaeducation.ch\/wp-content\/uploads\/2020\/11\/Teia-Education-Switzerland-e1620156442216.jpg\",\"width\":166,\"height\":145,\"caption\":\"Teia Education & Play\"},\"image\":{\"@id\":\"https:\/\/teiaeducation.ch\/de\/#\/schema\/logo\/image\/\"},\"sameAs\":[\"https:\/\/www.facebook.com\/teiaeducation\/\",\"https:\/\/x.com\/EducationTeia\",\"https:\/\/www.instagram.com\/teia.education\/\",\"https:\/\/www.linkedin.com\/company\/35501660\",\"https:\/\/www.pinterest.ch\/TeiaEducation\/\"]}]}<\/script>\n<!-- \/ Yoast SEO plugin. -->","yoast_head_json":{"title":"Regenbogen Halbkreise - Grimm's - Teia Education & Play","description":"Das Grimm's Halbkreise Set in Regenbogen ist ein handgefertigtes Kreativpuzzle aus nachhaltigem Holz und das perfekte Spielzeug f\u00fcr freies Spiel.","robots":{"index":"index","follow":"follow","max-snippet":"max-snippet:-1","max-image-preview":"max-image-preview:large","max-video-preview":"max-video-preview:-1"},"canonical":"https:\/\/teiaeducation.ch\/de\/produkt\/regenbogen-halbkreise-grimms\/","og_locale":"de_DE","og_type":"article","og_title":"Regenbogen Halbkreise - Grimm's - Teia Education & Play","og_description":"Das Grimm's Halbkreise Set in Regenbogen ist ein handgefertigtes Kreativpuzzle aus nachhaltigem Holz und das perfekte Spielzeug f\u00fcr freies Spiel.","og_url":"https:\/\/teiaeducation.ch\/de\/produkt\/regenbogen-halbkreise-grimms\/","og_site_name":"Sustainable Educational Products &amp; Ecological Toys\u00a0","article_publisher":"https:\/\/www.facebook.com\/teiaeducation\/","article_modified_time":"2025-08-11T09:34:07+00:00","og_image":[{"width":900,"height":900,"url":"https:\/\/teiaeducation.ch\/wp-content\/uploads\/2020\/11\/Rainbow-semi-circles-Grimms.jpg","type":"image\/jpeg"}],"schema":{"@context":"https:\/\/schema.org","@graph":[{"@type":"WebPage","@id":"https:\/\/teiaeducation.ch\/de\/produkt\/regenbogen-halbkreise-grimms\/","url":"https:\/\/teiaeducation.ch\/de\/produkt\/regenbogen-halbkreise-grimms\/","name":"Regenbogen Halbkreise - Grimm's - Teia Education & Play","isPartOf":{"@id":"https:\/\/teiaeducation.ch\/de\/#website"},"primaryImageOfPage":{"@id":"https:\/\/teiaeducation.ch\/de\/produkt\/regenbogen-halbkreise-grimms\/#primaryimage"},"image":{"@id":"https:\/\/teiaeducation.ch\/de\/produkt\/regenbogen-halbkreise-grimms\/#primaryimage"},"thumbnailUrl":"https:\/\/teiaeducation.ch\/wp-content\/uploads\/2020\/11\/Rainbow-semi-circles-Grimms.jpg","datePublished":"2020-12-05T12:56:16+00:00","dateModified":"2025-08-11T09:34:07+00:00","description":"Das Grimm's Halbkreise Set in Regenbogen ist ein handgefertigtes Kreativpuzzle aus nachhaltigem Holz und das perfekte Spielzeug f\u00fcr freies Spiel.","breadcrumb":{"@id":"https:\/\/teiaeducation.ch\/de\/produkt\/regenbogen-halbkreise-grimms\/#breadcrumb"},"inLanguage":"de-CH","potentialAction":[{"@type":"ReadAction","target":["https:\/\/teiaeducation.ch\/de\/produkt\/regenbogen-halbkreise-grimms\/"]}]},{"@type":"ImageObject","inLanguage":"de-CH","@id":"https:\/\/teiaeducation.ch\/de\/produkt\/regenbogen-halbkreise-grimms\/#primaryimage","url":"https:\/\/teiaeducation.ch\/wp-content\/uploads\/2020\/11\/Rainbow-semi-circles-Grimms.jpg","contentUrl":"https:\/\/teiaeducation.ch\/wp-content\/uploads\/2020\/11\/Rainbow-semi-circles-Grimms.jpg","width":900,"height":900,"caption":"Handgefertigtes nachhaltiges kreatives Holzpuzzle Regenbogen Halbkreise - Grimm's"},{"@type":"BreadcrumbList","@id":"https:\/\/teiaeducation.ch\/de\/produkt\/regenbogen-halbkreise-grimms\/#breadcrumb","itemListElement":[{"@type":"ListItem","position":1,"name":"Home","item":"https:\/\/teiaeducation.ch\/de\/"},{"@type":"ListItem","position":2,"name":"Laden","item":"https:\/\/teiaeducation.ch\/de\/shop\/"},{"@type":"ListItem","position":3,"name":"Unsere Marken","item":"https:\/\/teiaeducation.ch\/de\/produkt-kategorie\/unsere-marken\/"},{"@type":"ListItem","position":4,"name":"Grimm's","item":"https:\/\/teiaeducation.ch\/de\/produkt-kategorie\/unsere-marken\/grimms-holzspielzeug\/"},{"@type":"ListItem","position":5,"name":"Bau - &amp; Regenbogenwelten","item":"https:\/\/teiaeducation.ch\/de\/produkt-kategorie\/unsere-marken\/grimms-holzspielzeug\/bau-regenbogenwelten\/"},{"@type":"ListItem","position":6,"name":"Regenbogen Halbkreise &#8211; Grimm&#8217;s"}]},{"@type":"WebSite","@id":"https:\/\/teiaeducation.ch\/de\/#website","url":"https:\/\/teiaeducation.ch\/de\/","name":"Sustainable Educational Products &amp; Ecological Toys\u00a0","description":"Specialised Swiss shop selling sustainable educational toys and games, AMI certified Montessori materials, handmade ecological wooden Waldorf toys and arts &amp; crafts supplies, school supplies, children&#039;s furniture and Montessori reference and parenting books.","publisher":{"@id":"https:\/\/teiaeducation.ch\/de\/#organization"},"alternateName":"Teia Education & Play","potentialAction":[{"@type":"SearchAction","target":{"@type":"EntryPoint","urlTemplate":"https:\/\/teiaeducation.ch\/de\/?s={search_term_string}"},"query-input":{"@type":"PropertyValueSpecification","valueRequired":true,"valueName":"search_term_string"}}],"inLanguage":"de-CH"},{"@type":"Organization","@id":"https:\/\/teiaeducation.ch\/de\/#organization","name":"Teia Education & Play","url":"https:\/\/teiaeducation.ch\/de\/","logo":{"@type":"ImageObject","inLanguage":"de-CH","@id":"https:\/\/teiaeducation.ch\/de\/#\/schema\/logo\/image\/","url":"https:\/\/teiaeducation.ch\/wp-content\/uploads\/2020\/11\/Teia-Education-Switzerland-e1620156442216.jpg","contentUrl":"https:\/\/teiaeducation.ch\/wp-content\/uploads\/2020\/11\/Teia-Education-Switzerland-e1620156442216.jpg","width":166,"height":145,"caption":"Teia Education & Play"},"image":{"@id":"https:\/\/teiaeducation.ch\/de\/#\/schema\/logo\/image\/"},"sameAs":["https:\/\/www.facebook.com\/teiaeducation\/","https:\/\/x.com\/EducationTeia","https:\/\/www.instagram.com\/teia.education\/","https:\/\/www.linkedin.com\/company\/35501660","https:\/\/www.pinterest.ch\/TeiaEducation\/"]}]}},"_links":{"self":[{"href":"https:\/\/teiaeducation.ch\/de\/wp-json\/wp\/v2\/product\/54937","targetHints":{"allow":["GET"]}}],"collection":[{"href":"https:\/\/teiaeducation.ch\/de\/wp-json\/wp\/v2\/product"}],"about":[{"href":"https:\/\/teiaeducation.ch\/de\/wp-json\/wp\/v2\/types\/product"}],"replies":[{"embeddable":true,"href":"https:\/\/teiaeducation.ch\/de\/wp-json\/wp\/v2\/comments?post=54937"}],"wp:featuredmedia":[{"embeddable":true,"href":"https:\/\/teiaeducation.ch\/de\/wp-json\/wp\/v2\/media\/54938"}],"wp:attachment":[{"href":"https:\/\/teiaeducation.ch\/de\/wp-json\/wp\/v2\/media?parent=54937"}],"wp:term":[{"taxonomy":"product_brand","embeddable":true,"href":"https:\/\/teiaeducation.ch\/de\/wp-json\/wp\/v2\/product_brand?post=54937"},{"taxonomy":"product_cat","embeddable":true,"href":"https:\/\/teiaeducation.ch\/de\/wp-json\/wp\/v2\/product_cat?post=54937"},{"taxonomy":"product_tag","embeddable":true,"href":"https:\/\/teiaeducation.ch\/de\/wp-json\/wp\/v2\/product_tag?post=54937"}],"curies":[{"name":"wp","href":"https:\/\/api.w.org\/{rel}","templated":true}]}}