{"id":54949,"date":"2020-12-05T13:44:39","date_gmt":"2020-12-05T12:44:39","guid":{"rendered":"https:\/\/teiaeducation.ch\/product\/kleiner-vier-elemente-baukasten-grimms\/"},"modified":"2023-09-01T09:17:29","modified_gmt":"2023-09-01T07:17:29","slug":"kleiner-vier-elemente-baukasten-grimms","status":"publish","type":"product","link":"https:\/\/teiaeducation.ch\/de\/produkt\/kleiner-vier-elemente-baukasten-grimms\/","title":{"rendered":"Kleiner Vier Elemente Baukasten &#8211; Grimm&#8217;s"},"content":{"rendered":"<p>Ein von der <a href=\"https:\/\/teiaeducation.ch\/product-category\/hgh-quality-toys-play\/waldorf-toys\/\">Waldorf<\/a> p\u00e4dagogik inspirierter, handgefertigter Kleiner Vier Elemente Baukasten aus Holz von Grimm&#8217;s. Das Set enth\u00e4lt ein Holztablett und 23 Holzkl\u00f6tze in verschiedenen leuchtenden Farben, die die vier Elemente <a href=\"https:\/\/teiaeducation.ch\/product\/earth-grimms\/\">Erde<\/a>, Luft, <a href=\"https:\/\/teiaeducation.ch\/product\/fire-grimms\/\">Feuer<\/a> und <a href=\"https:\/\/teiaeducation.ch\/product\/waterwaves-grimms\/\">Wasser<\/a> darstellen. Das Tablett misst 22,5 x 22,5 cm und die Bl\u00f6cke sind jeweils etwa 2 cm dick.<\/p>\n<p>Der kleine Grimm&#8217;s Vier Elemente Baukasten ist aus Lindenholz gefertigt und die Baukl\u00f6tze sind in sch\u00f6nen hellen Farbt\u00f6nen mit ungiftiger Farbe auf Wasserbasis bemalt, so dass sie auch f\u00fcr (kleine) Kinder sicher sind. Diese markanten Geb\u00e4udeformen bilden Gebirgsz\u00fcge, wirbelnde Ozeane, fremde Landschaften, kurvenreiche Autobahnen, futuristische Skylines und eine Galerie von Skulpturen. Im Gegensatz zu den traditionellen geometrischen Bl\u00f6cken \u00e4hneln die vier Elementebl\u00f6cke eher Wellen oder organischen Formen.<\/p>\n<p>Dieses Set bietet unendlich viele M\u00f6glichkeiten zum kreativen Spielen, zum Herstellen von Skulpturen und zur F\u00f6rderung der <a href=\"https:\/\/teiaeducation.ch\/product-category\/learning-themes\/sensory-motor-skills\/motor-skills\/\">Feinmotorik<\/a> und ist auch eine sch\u00f6ne dekorative Erg\u00e4nzung f\u00fcr jedes Spielzimmer, Klassenzimmer oder Kinderzimmer. Der kleine Vier Elemente Baukasten eignet sich auch f\u00fcr den Einsatz auf einem <a href=\"https:\/\/teiaeducation.ch\/product-category\/celebrations\/nature-seasonal-tables\/\">Waldorf-Natur- oder Jahreszeiten-Tisch<\/a>.<\/p>\n<p>Der Kleiner Vier Elemente Baukasten ist f\u00fcr Kinder ab 3 Jahren geeignet.<\/p>\n<p>Inhalt:<\/p>\n<p>1 Holztablett<br \/>\n23 Holzkl\u00f6tze<\/p>\n<h2>\u00dcber Grimm&#8217;s<\/h2>\n<p>Ideal zum Spielen zu Hause, im Kindergarten, in der <a href=\"https:\/\/teiaeducation.ch\/waldorf-steiner-schools-supplies\/\">Waldorf- oder Steiner-Schule<\/a>. Die sch\u00f6nen <a href=\"https:\/\/teiaeducation.ch\/product-category\/brands\/grimms\/\">Grimm&#8217;s Naturholzspielzeuge<\/a> werden nach der <a href=\"https:\/\/teiaeducation.ch\/product-category\/education-method\/waldorf-steiner-toys-craft-materials\/\">Waldorf-Philosophie<\/a> hergestellt, die daf\u00fcr bekannt ist, dass sie Kinder dazu ermutigt, das kreative Spiel selbstst\u00e4ndig, ohne Einschr\u00e4nkungen und in einem gem\u00fctlichen Tempo zu entdecken. Die Grimm&#8217;s Holzspielzeuge werden von Hand mit ungiftigen Farben auf Wasserbasis gef\u00e4rbt und nicht lackiert, damit die urspr\u00fcnglichen Eigenschaften des Holzes und die Maserung erhalten bleiben. Die Oberfl\u00e4che der FSC-zertifizierten europ\u00e4ischen Holz ist leicht rau, wodurch sie vollst\u00e4ndig stapelbar und weniger rutschig sind.<\/p>\n<p>Grimm&#8217;s <a href=\"https:\/\/teiaeducation.ch\/product-category\/hgh-quality-toys-play\/handmade-wooden-toys\/\">handgefertigtes Holzspielzeug<\/a> wird in den Grimm&#8217;s Werken in Deutschland sowie in mehreren Werkst\u00e4tten in ganz Europa aus verschiedenen Holzarten wie Erle, Linde, Buche und Ahorn hergestellt. Alle H\u00f6lzer, die f\u00fcr die Herstellung der Grimm&#8217;s-Spielzeuge verwendet werden, stammen aus nachhaltig bewirtschafteten europ\u00e4ischen W\u00e4ldern.<\/p>\n<p>Bitte beachten Sie, dass Grimm&#8217;s Spielzeuge immer Unikate sind, die einzigartige, von der Natur geschaffene Zeichen tragen. Die Maserung des Holzes weist wechselnde Strukturen und Farben auf, die von seiner nat\u00fcrlichen Herkunft zeugen. Die einzigartigen Variationen, Markierungen, \u00c4ste, Muster, schwarzen Streifen oder dunklen Flecken, die im Holz eines Grimm&#8217;s Spielzeugs sichtbar sein k\u00f6nnen, sind ein Beweis f\u00fcr Qualit\u00e4t, keine M\u00e4ngel.<\/p>\n","protected":false},"excerpt":{"rendered":"<p>Artikelnummer: gri10217<\/p>\n<p>Der kleiner Vier Elemente Baukasten von Grimm&#8217;s aus Lindenholz, ist in sch\u00f6nen hellen Farbt\u00f6nen mit ungiftiger Beize auf Wasserbasis lackiert!<\/p>\n","protected":false},"featured_media":54950,"comment_status":"open","ping_status":"closed","template":"","meta":[],"product_brand":[],"product_cat":[21445,21446,24871,21704,21479,21515,21690,21670,21487,21493,21484,22422,21640,23075,21464,21707,21521,21510,24875,21509,21443,21563,22362,23636,21678,21564,21483,22919,22363],"product_tag":[25592,25308,25593,21715,21716,21751,25202,25309,21712,21713,21717,21714],"class_list":{"0":"post-54949","1":"product","2":"type-product","3":"status-publish","4":"has-post-thumbnail","6":"product_cat-3-6-jahre-vorschule","7":"product_cat-6-12-jahre-grundschule","8":"product_cat-bau-regenbogenwelten","9":"product_cat-baukloetze-aus-holz","10":"product_cat-lernmaterialien-spielzeug-montessori-waldorf-steiner-froebel","11":"product_cat-erde-universum","12":"product_cat-spiele-mit-offenem-ende","13":"product_cat-fruehjahrskollektion","14":"product_cat-geschenk-guide-3-6-jahre-vorschule","15":"product_cat-geschenk-guide-holzpuzzles","16":"product_cat-geschenk-guides","17":"product_cat-geschenke-fuer-das-osterkoerbchen","18":"product_cat-grimms-holzspielzeug","19":"product_cat-handgefertigtes-holzspielzeug","20":"product_cat-herbstkollektion","21":"product_cat-holzpuzzles","22":"product_cat-jahreszeiten-wetter","23":"product_cat-kultur-wissenschaft","24":"product_cat-lernen-erfahren","25":"product_cat-lernthemen","26":"product_cat-nach-alter","27":"product_cat-neuheiten","28":"product_cat-saisonale-kollektionen","29":"product_cat-sommer-kollektion","30":"product_cat-kinder-spielzeug","31":"product_cat-unsere-marken","32":"product_cat-waldorf-steiner-paedagogik","33":"product_cat-waldorfspielzeug","34":"product_cat-winter-kollektion","35":"product_tag-baumspielzeug-aus-holz","36":"product_tag-grimms-die-4-elemente","37":"product_tag-grimms-kleiner-vier-elemente-baukasten","38":"product_tag-grimms-switzerland-de","39":"product_tag-grimms-holzbausteine-set","40":"product_tag-grimms-holzspielzeugladen-de","41":"product_tag-grimms-regenbogenfarbene-holzklotze","42":"product_tag-handgemachtes-holzspielzeug-in-regenbogenfarben","43":"product_tag-hergestellt-in-deutschland","44":"product_tag-holzspielzeug-mit-offenem-ende","45":"product_tag-waldorf-die-vier-elemente","46":"product_tag-waldorfspielzeug-aus-holz","48":"first","49":"instock","50":"taxable","51":"shipping-taxable","52":"purchasable","53":"product-type-simple"},"yoast_head":"<!-- This site is optimized with the Yoast SEO Premium plugin v25.8 (Yoast SEO v27.4) - https:\/\/yoast.com\/product\/yoast-seo-premium-wordpress\/ -->\n<title>Kleiner Vier Elemente Baukasten - Grimm&#039;s<\/title>\n<meta name=\"description\" content=\"Der kleiner Vier Elemente Baukasten von Grimm&#039;s aus Lindenholz, ist in sch\u00f6nen hellen Farbt\u00f6nen mit ungiftiger Beize auf Wasserbasis lackiert.\" \/>\n<meta name=\"robots\" content=\"index, follow, max-snippet:-1, max-image-preview:large, max-video-preview:-1\" \/>\n<link rel=\"canonical\" href=\"https:\/\/teiaeducation.ch\/de\/produkt\/kleiner-vier-elemente-baukasten-grimms\/\" \/>\n<meta property=\"og:locale\" content=\"de_DE\" \/>\n<meta property=\"og:type\" content=\"article\" \/>\n<meta property=\"og:title\" content=\"Kleiner Vier Elemente Baukasten - Grimm&#039;s\" \/>\n<meta property=\"og:description\" content=\"Der kleiner Vier Elemente Baukasten von Grimm&#039;s aus Lindenholz, ist in sch\u00f6nen hellen Farbt\u00f6nen mit ungiftiger Beize auf Wasserbasis lackiert.\" \/>\n<meta property=\"og:url\" content=\"https:\/\/teiaeducation.ch\/de\/produkt\/kleiner-vier-elemente-baukasten-grimms\/\" \/>\n<meta property=\"og:site_name\" content=\"Sustainable Educational Products &amp; Ecological Toys\u00a0\" \/>\n<meta property=\"article:publisher\" content=\"https:\/\/www.facebook.com\/teiaeducation\/\" \/>\n<meta property=\"article:modified_time\" content=\"2023-09-01T07:17:29+00:00\" \/>\n<meta property=\"og:image\" content=\"https:\/\/teiaeducation.ch\/wp-content\/uploads\/2020\/08\/Small-Four-Elements-Building-Set-Grimms.jpg\" \/>\n\t<meta property=\"og:image:width\" content=\"800\" \/>\n\t<meta property=\"og:image:height\" content=\"790\" \/>\n\t<meta property=\"og:image:type\" content=\"image\/jpeg\" \/>\n<script type=\"application\/ld+json\" class=\"yoast-schema-graph\">{\"@context\":\"https:\\\/\\\/schema.org\",\"@graph\":[{\"@type\":\"WebPage\",\"@id\":\"https:\\\/\\\/teiaeducation.ch\\\/de\\\/produkt\\\/kleiner-vier-elemente-baukasten-grimms\\\/\",\"url\":\"https:\\\/\\\/teiaeducation.ch\\\/de\\\/produkt\\\/kleiner-vier-elemente-baukasten-grimms\\\/\",\"name\":\"Kleiner Vier Elemente Baukasten - Grimm's\",\"isPartOf\":{\"@id\":\"https:\\\/\\\/teiaeducation.ch\\\/de\\\/#website\"},\"primaryImageOfPage\":{\"@id\":\"https:\\\/\\\/teiaeducation.ch\\\/de\\\/produkt\\\/kleiner-vier-elemente-baukasten-grimms\\\/#primaryimage\"},\"image\":{\"@id\":\"https:\\\/\\\/teiaeducation.ch\\\/de\\\/produkt\\\/kleiner-vier-elemente-baukasten-grimms\\\/#primaryimage\"},\"thumbnailUrl\":\"https:\\\/\\\/teiaeducation.ch\\\/wp-content\\\/uploads\\\/2020\\\/08\\\/Small-Four-Elements-Building-Set-Grimms.jpg\",\"datePublished\":\"2020-12-05T12:44:39+00:00\",\"dateModified\":\"2023-09-01T07:17:29+00:00\",\"description\":\"Der kleiner Vier Elemente Baukasten von Grimm's aus Lindenholz, ist in sch\u00f6nen hellen Farbt\u00f6nen mit ungiftiger Beize auf Wasserbasis lackiert.\",\"breadcrumb\":{\"@id\":\"https:\\\/\\\/teiaeducation.ch\\\/de\\\/produkt\\\/kleiner-vier-elemente-baukasten-grimms\\\/#breadcrumb\"},\"inLanguage\":\"de-CH\",\"potentialAction\":[{\"@type\":\"ReadAction\",\"target\":[\"https:\\\/\\\/teiaeducation.ch\\\/de\\\/produkt\\\/kleiner-vier-elemente-baukasten-grimms\\\/\"]}]},{\"@type\":\"ImageObject\",\"inLanguage\":\"de-CH\",\"@id\":\"https:\\\/\\\/teiaeducation.ch\\\/de\\\/produkt\\\/kleiner-vier-elemente-baukasten-grimms\\\/#primaryimage\",\"url\":\"https:\\\/\\\/teiaeducation.ch\\\/wp-content\\\/uploads\\\/2020\\\/08\\\/Small-Four-Elements-Building-Set-Grimms.jpg\",\"contentUrl\":\"https:\\\/\\\/teiaeducation.ch\\\/wp-content\\\/uploads\\\/2020\\\/08\\\/Small-Four-Elements-Building-Set-Grimms.jpg\",\"width\":800,\"height\":790,\"caption\":\"Kleiner Vier Elemente Baukasten - Grimm's\"},{\"@type\":\"BreadcrumbList\",\"@id\":\"https:\\\/\\\/teiaeducation.ch\\\/de\\\/produkt\\\/kleiner-vier-elemente-baukasten-grimms\\\/#breadcrumb\",\"itemListElement\":[{\"@type\":\"ListItem\",\"position\":1,\"name\":\"Home\",\"item\":\"https:\\\/\\\/teiaeducation.ch\\\/de\\\/\"},{\"@type\":\"ListItem\",\"position\":2,\"name\":\"Laden\",\"item\":\"https:\\\/\\\/teiaeducation.ch\\\/de\\\/shop\\\/\"},{\"@type\":\"ListItem\",\"position\":3,\"name\":\"Unsere Marken\",\"item\":\"https:\\\/\\\/teiaeducation.ch\\\/de\\\/produkt-kategorie\\\/unsere-marken\\\/\"},{\"@type\":\"ListItem\",\"position\":4,\"name\":\"Grimm's\",\"item\":\"https:\\\/\\\/teiaeducation.ch\\\/de\\\/produkt-kategorie\\\/unsere-marken\\\/grimms-holzspielzeug\\\/\"},{\"@type\":\"ListItem\",\"position\":5,\"name\":\"Kleiner Vier Elemente Baukasten &#8211; Grimm&#8217;s\"}]},{\"@type\":\"WebSite\",\"@id\":\"https:\\\/\\\/teiaeducation.ch\\\/de\\\/#website\",\"url\":\"https:\\\/\\\/teiaeducation.ch\\\/de\\\/\",\"name\":\"Sustainable Educational Products &amp; Ecological Toys\u00a0\",\"description\":\"Specialised Swiss shop selling sustainable educational toys and games, AMI certified Montessori materials, handmade ecological wooden Waldorf toys and arts &amp; crafts supplies, school supplies, children&#039;s furniture and Montessori reference and parenting books.\",\"publisher\":{\"@id\":\"https:\\\/\\\/teiaeducation.ch\\\/de\\\/#organization\"},\"alternateName\":\"Teia Education & Play\",\"potentialAction\":[{\"@type\":\"SearchAction\",\"target\":{\"@type\":\"EntryPoint\",\"urlTemplate\":\"https:\\\/\\\/teiaeducation.ch\\\/de\\\/?s={search_term_string}\"},\"query-input\":{\"@type\":\"PropertyValueSpecification\",\"valueRequired\":true,\"valueName\":\"search_term_string\"}}],\"inLanguage\":\"de-CH\"},{\"@type\":\"Organization\",\"@id\":\"https:\\\/\\\/teiaeducation.ch\\\/de\\\/#organization\",\"name\":\"Teia Education & Play\",\"url\":\"https:\\\/\\\/teiaeducation.ch\\\/de\\\/\",\"logo\":{\"@type\":\"ImageObject\",\"inLanguage\":\"de-CH\",\"@id\":\"https:\\\/\\\/teiaeducation.ch\\\/de\\\/#\\\/schema\\\/logo\\\/image\\\/\",\"url\":\"https:\\\/\\\/teiaeducation.ch\\\/wp-content\\\/uploads\\\/2020\\\/11\\\/Teia-Education-Switzerland-e1620156442216.jpg\",\"contentUrl\":\"https:\\\/\\\/teiaeducation.ch\\\/wp-content\\\/uploads\\\/2020\\\/11\\\/Teia-Education-Switzerland-e1620156442216.jpg\",\"width\":166,\"height\":145,\"caption\":\"Teia Education & Play\"},\"image\":{\"@id\":\"https:\\\/\\\/teiaeducation.ch\\\/de\\\/#\\\/schema\\\/logo\\\/image\\\/\"},\"sameAs\":[\"https:\\\/\\\/www.facebook.com\\\/teiaeducation\\\/\",\"https:\\\/\\\/x.com\\\/EducationTeia\",\"https:\\\/\\\/www.instagram.com\\\/teia.education\\\/\",\"https:\\\/\\\/www.linkedin.com\\\/company\\\/35501660\",\"https:\\\/\\\/www.pinterest.ch\\\/TeiaEducation\\\/\"]}]}<\/script>\n<meta property=\"product:price:amount\" content=\"109.00\" \/>\n<meta property=\"product:price:currency\" content=\"CHF\" \/>\n<meta property=\"og:availability\" content=\"instock\" \/>\n<meta property=\"product:availability\" content=\"instock\" \/>\n<meta property=\"product:retailer_item_id\" content=\"00000000000000000000000000000000000000000000028762\" \/>\n<meta property=\"product:condition\" content=\"new\" \/>\n<!-- \/ Yoast SEO Premium plugin. -->","yoast_head_json":{"title":"Kleiner Vier Elemente Baukasten - Grimm's","description":"Der kleiner Vier Elemente Baukasten von Grimm's aus Lindenholz, ist in sch\u00f6nen hellen Farbt\u00f6nen mit ungiftiger Beize auf Wasserbasis lackiert.","robots":{"index":"index","follow":"follow","max-snippet":"max-snippet:-1","max-image-preview":"max-image-preview:large","max-video-preview":"max-video-preview:-1"},"canonical":"https:\/\/teiaeducation.ch\/de\/produkt\/kleiner-vier-elemente-baukasten-grimms\/","og_locale":"de_DE","og_type":"article","og_title":"Kleiner Vier Elemente Baukasten - Grimm's","og_description":"Der kleiner Vier Elemente Baukasten von Grimm's aus Lindenholz, ist in sch\u00f6nen hellen Farbt\u00f6nen mit ungiftiger Beize auf Wasserbasis lackiert.","og_url":"https:\/\/teiaeducation.ch\/de\/produkt\/kleiner-vier-elemente-baukasten-grimms\/","og_site_name":"Sustainable Educational Products &amp; Ecological Toys\u00a0","article_publisher":"https:\/\/www.facebook.com\/teiaeducation\/","article_modified_time":"2023-09-01T07:17:29+00:00","og_image":[{"width":800,"height":790,"url":"https:\/\/teiaeducation.ch\/wp-content\/uploads\/2020\/08\/Small-Four-Elements-Building-Set-Grimms.jpg","type":"image\/jpeg"}],"schema":{"@context":"https:\/\/schema.org","@graph":[{"@type":"WebPage","@id":"https:\/\/teiaeducation.ch\/de\/produkt\/kleiner-vier-elemente-baukasten-grimms\/","url":"https:\/\/teiaeducation.ch\/de\/produkt\/kleiner-vier-elemente-baukasten-grimms\/","name":"Kleiner Vier Elemente Baukasten - Grimm's","isPartOf":{"@id":"https:\/\/teiaeducation.ch\/de\/#website"},"primaryImageOfPage":{"@id":"https:\/\/teiaeducation.ch\/de\/produkt\/kleiner-vier-elemente-baukasten-grimms\/#primaryimage"},"image":{"@id":"https:\/\/teiaeducation.ch\/de\/produkt\/kleiner-vier-elemente-baukasten-grimms\/#primaryimage"},"thumbnailUrl":"https:\/\/teiaeducation.ch\/wp-content\/uploads\/2020\/08\/Small-Four-Elements-Building-Set-Grimms.jpg","datePublished":"2020-12-05T12:44:39+00:00","dateModified":"2023-09-01T07:17:29+00:00","description":"Der kleiner Vier Elemente Baukasten von Grimm's aus Lindenholz, ist in sch\u00f6nen hellen Farbt\u00f6nen mit ungiftiger Beize auf Wasserbasis lackiert.","breadcrumb":{"@id":"https:\/\/teiaeducation.ch\/de\/produkt\/kleiner-vier-elemente-baukasten-grimms\/#breadcrumb"},"inLanguage":"de-CH","potentialAction":[{"@type":"ReadAction","target":["https:\/\/teiaeducation.ch\/de\/produkt\/kleiner-vier-elemente-baukasten-grimms\/"]}]},{"@type":"ImageObject","inLanguage":"de-CH","@id":"https:\/\/teiaeducation.ch\/de\/produkt\/kleiner-vier-elemente-baukasten-grimms\/#primaryimage","url":"https:\/\/teiaeducation.ch\/wp-content\/uploads\/2020\/08\/Small-Four-Elements-Building-Set-Grimms.jpg","contentUrl":"https:\/\/teiaeducation.ch\/wp-content\/uploads\/2020\/08\/Small-Four-Elements-Building-Set-Grimms.jpg","width":800,"height":790,"caption":"Kleiner Vier Elemente Baukasten - Grimm's"},{"@type":"BreadcrumbList","@id":"https:\/\/teiaeducation.ch\/de\/produkt\/kleiner-vier-elemente-baukasten-grimms\/#breadcrumb","itemListElement":[{"@type":"ListItem","position":1,"name":"Home","item":"https:\/\/teiaeducation.ch\/de\/"},{"@type":"ListItem","position":2,"name":"Laden","item":"https:\/\/teiaeducation.ch\/de\/shop\/"},{"@type":"ListItem","position":3,"name":"Unsere Marken","item":"https:\/\/teiaeducation.ch\/de\/produkt-kategorie\/unsere-marken\/"},{"@type":"ListItem","position":4,"name":"Grimm's","item":"https:\/\/teiaeducation.ch\/de\/produkt-kategorie\/unsere-marken\/grimms-holzspielzeug\/"},{"@type":"ListItem","position":5,"name":"Kleiner Vier Elemente Baukasten &#8211; Grimm&#8217;s"}]},{"@type":"WebSite","@id":"https:\/\/teiaeducation.ch\/de\/#website","url":"https:\/\/teiaeducation.ch\/de\/","name":"Sustainable Educational Products &amp; Ecological Toys\u00a0","description":"Specialised Swiss shop selling sustainable educational toys and games, AMI certified Montessori materials, handmade ecological wooden Waldorf toys and arts &amp; crafts supplies, school supplies, children&#039;s furniture and Montessori reference and parenting books.","publisher":{"@id":"https:\/\/teiaeducation.ch\/de\/#organization"},"alternateName":"Teia Education & Play","potentialAction":[{"@type":"SearchAction","target":{"@type":"EntryPoint","urlTemplate":"https:\/\/teiaeducation.ch\/de\/?s={search_term_string}"},"query-input":{"@type":"PropertyValueSpecification","valueRequired":true,"valueName":"search_term_string"}}],"inLanguage":"de-CH"},{"@type":"Organization","@id":"https:\/\/teiaeducation.ch\/de\/#organization","name":"Teia Education & Play","url":"https:\/\/teiaeducation.ch\/de\/","logo":{"@type":"ImageObject","inLanguage":"de-CH","@id":"https:\/\/teiaeducation.ch\/de\/#\/schema\/logo\/image\/","url":"https:\/\/teiaeducation.ch\/wp-content\/uploads\/2020\/11\/Teia-Education-Switzerland-e1620156442216.jpg","contentUrl":"https:\/\/teiaeducation.ch\/wp-content\/uploads\/2020\/11\/Teia-Education-Switzerland-e1620156442216.jpg","width":166,"height":145,"caption":"Teia Education & Play"},"image":{"@id":"https:\/\/teiaeducation.ch\/de\/#\/schema\/logo\/image\/"},"sameAs":["https:\/\/www.facebook.com\/teiaeducation\/","https:\/\/x.com\/EducationTeia","https:\/\/www.instagram.com\/teia.education\/","https:\/\/www.linkedin.com\/company\/35501660","https:\/\/www.pinterest.ch\/TeiaEducation\/"]}]},"product_price_amount":"109.00","product_price_currency":"CHF","og_availability":"instock","product_availability":"instock","product_retailer_item_id":"00000000000000000000000000000000000000000000028762","product_condition":"new"},"_links":{"self":[{"href":"https:\/\/teiaeducation.ch\/de\/wp-json\/wp\/v2\/product\/54949","targetHints":{"allow":["GET"]}}],"collection":[{"href":"https:\/\/teiaeducation.ch\/de\/wp-json\/wp\/v2\/product"}],"about":[{"href":"https:\/\/teiaeducation.ch\/de\/wp-json\/wp\/v2\/types\/product"}],"replies":[{"embeddable":true,"href":"https:\/\/teiaeducation.ch\/de\/wp-json\/wp\/v2\/comments?post=54949"}],"wp:featuredmedia":[{"embeddable":true,"href":"https:\/\/teiaeducation.ch\/de\/wp-json\/wp\/v2\/media\/54950"}],"wp:attachment":[{"href":"https:\/\/teiaeducation.ch\/de\/wp-json\/wp\/v2\/media?parent=54949"}],"wp:term":[{"taxonomy":"product_brand","embeddable":true,"href":"https:\/\/teiaeducation.ch\/de\/wp-json\/wp\/v2\/product_brand?post=54949"},{"taxonomy":"product_cat","embeddable":true,"href":"https:\/\/teiaeducation.ch\/de\/wp-json\/wp\/v2\/product_cat?post=54949"},{"taxonomy":"product_tag","embeddable":true,"href":"https:\/\/teiaeducation.ch\/de\/wp-json\/wp\/v2\/product_tag?post=54949"}],"curies":[{"name":"wp","href":"https:\/\/api.w.org\/{rel}","templated":true}]}}